{"id":36597,"date":"2022-11-08T06:59:13","date_gmt":"2022-11-08T06:59:13","guid":{"rendered":"https:\/\/jackpotlotteryonline.com\/?page_id=36597"},"modified":"2023-01-03T20:33:08","modified_gmt":"2023-01-03T20:33:08","slug":"superenalotto","status":"publish","type":"page","link":"https:\/\/jackpotlotteryonline.com\/sv\/kopa-biljetter\/superenalotto\/","title":{"rendered":"K\u00f6p Superenalotto biljetter"},"content":{"rendered":"<h2>Varf\u00f6r Superenalotto?<\/h2>\n<p>Har du undrat hur du kan k\u00f6pa Superenalotto-biljetter utanf\u00f6r Italien? Superenalotto \u00e4r ett av de mer popul\u00e4ra lotterierna p\u00e5 den europeiska kontinenten. Det \u00e4r inte f\u00f6rv\u00e5nande att spelare runt om i v\u00e4rlden regelbundet satsar p\u00e5 lotteriet.<\/p>\n<p>P\u00e5 jackpotlotteryonline.com ger vi spelarna tillg\u00e5ng till internationella topplotterier som Superenalotto. Vi g\u00f6r det m\u00f6jligt f\u00f6r dig att k\u00f6pa lotter, kontrollera dragningsresultat och f\u00e5 tillg\u00e5ng till dina vinster.<\/p>\n<p>Med spridningen av globala lotterier, varf\u00f6r skulle en spelare v\u00e4lja att satsa p\u00e5 Superenalotto? Vi kommer att ber\u00f6ra n\u00e5gra av anledningarna till att Superenalotto snabbt h\u00e5ller p\u00e5 att bli det popul\u00e4raste lotteriet bland spelarna. Om du har br\u00e5ttom att placera din insats kan du bes\u00f6ka oss nu f\u00f6r att f\u00e5 chansen att vinna stort p\u00e5 Superenalotto.<\/p>\n<h2>Superenalotto har fantastiska jackpottar<\/h2>\n<p>Den fr\u00e4msta anledningen till att spelarna \u00e4lskar Italiens Superenalotto \u00e4r f\u00f6rmodligen p\u00e5 grund av den fantastiska jackpotvinsten. Intressant nog b\u00f6rjar jackpotten vid ett minimibelopp p\u00e5 2 miljoner euro. Det verkar inte vara en imponerande siffra n\u00e4r man t\u00e4nker p\u00e5 att m\u00e5nga lotterier erbjuder det beloppet.<\/p>\n<p>F\u00f6rs\u00e4ljningsargumentet \u00e4r dock att det inte finns n\u00e5got tak f\u00f6r Superenalotto-jackpotten. Om det inte finns n\u00e5gon vinnare efter en dragning rullar den vidare och forts\u00e4tter att rulla vidare efter varje dragning tills en vinnare dyker upp. F\u00f6r att ytterligare understryka detta har Superenalotto <a href=\"https:\/\/jackpotlotteryonline.com\/sv\/vinnande-nummer\/superenalotto\">tre dragningar i veckan.<\/a> Det finns n\u00e4stan ingen gr\u00e4ns f\u00f6r hur m\u00e5nga g\u00e5nger jackpotten kan rullas \u00f6ver.<\/p>\n<p>Faktum \u00e4r att jackpotten rullade \u00f6ver s\u00e5 m\u00e5nga g\u00e5nger f\u00f6r n\u00e5gra \u00e5r sedan att rekordjackpotten var 209,1 miljoner euro 2019.<\/p>\n<h2>N\u00e4mnde vi tre dragningar i veckan?<\/h2>\n<p>N\u00e4r du spelar Superenalotto har du tre chanser att vinna stort varje vecka. Det beror p\u00e5 att Superenalotto-lotteriet h\u00e5ller sina dragningar tre g\u00e5nger i veckan p\u00e5 tisdagar, torsdagar och l\u00f6rdagar.<\/p>\n<p>Det betyder att om det inte finns n\u00e5gon vinnare v\u00e4xer jackpottsumman snabbare. Superenalotto-jackpotten kan ha tredubblats i storlek p\u00e5 bara en kort vecka. Det \u00e4r tillr\u00e4ckligt f\u00f6r att f\u00e5 spelarna att skynda sig att placera sina spel.<\/p>\n<p>Vill du inte f\u00f6rlora p\u00e5 n\u00e4sta dragning? Varf\u00f6r inte g\u00e5 \u00f6ver till jackpotlotteryonline.com och placera ditt spel p\u00e5 Superenalotto nu? Man vet aldrig n\u00e4r turen \u00e4r med dig.<\/p>\n<h2>Topp 5 Superenalotto vinnare<\/h2>\n<p><img loading=\"lazy\" decoding=\"async\" class=\"alignright size-full wp-image-31316\" src=\"https:\/\/jackpotlotteryonline.com\/wp-content\/uploads\/2022\/11\/logo_superenalotto.png\" alt=\"Superenalotto lotteriboll\" width=\"200\" height=\"212\" \/><\/p>\n<p>\u00c4r du fortfarande os\u00e4ker p\u00e5 om du vill satsa p\u00e5 lotteriet Superenalotto? Inga problem. Du kommer att bli sporrad n\u00e4r du l\u00e4ser om de muntrande belopp som tidigare vinnare har tagit hem.<\/p>\n<p>Den st\u00f6rsta jackpotten vanns 2019 av ett lottosyndikat och beloppet var 209,1 miljoner euro. Det har vi redan n\u00e4mnt kortfattat, men det finns n\u00e5got annat som vi inte n\u00e4mnde. Den jackpotten vanns av en enda lottinnehavare. Kan du t\u00e4nka dig att g\u00e5 hem med \u00f6ver tv\u00e5hundra miljoner euro?<\/p>\n<p>Den n\u00e4st st\u00f6rsta jackpotten vanns av ett lottosyndikat 2010 och beloppet var 177,7 miljoner euro. Detta f\u00f6ljs av en jackpot p\u00e5 163,5 miljoner euro som vanns av en enda lott 2016. Den n\u00e4st st\u00f6rsta jackpotten vanns av en annan singelbiljettinnehavare 2009 och beloppet var 147,8 miljoner euro. Slutligen delade tv\u00e5 biljetter p\u00e5 jackpotvinsten p\u00e5 139 miljoner euro 2010.<\/p>\n<h2>Hur man spelar Superenalotto<\/h2>\n<p><a href=\"https:\/\/jackpotlotteryonline.com\/sv\/hur-man-spelar\/superenalotto\">F\u00f6r att spela Superenalotto<\/a> v\u00e4ljer du sex huvudnummer mellan 1 och 90. Du kan v\u00e4lja flera nummerrader f\u00f6r att \u00f6ka dina chanser att vinna p\u00e5 lotteriet. D\u00e4refter v\u00e4ljer du antalet dragningar som du vill delta i. Du kan best\u00e4mma dig f\u00f6r att delta i varje dragning varje vecka under de kommande fem veckorna om du vill. Ju fler dragningar du deltar i, desto st\u00f6rre \u00e4r dina chanser att vinna ett pris.<\/p>\n<p>Dessutom finns det s\u00e5 kallade SuperStar, som \u00e4r ett alternativ som bidrar till att \u00f6ka dina vinstchanser. Du kan ocks\u00e5 k\u00f6pa &#8220;Jolly number&#8221; som v\u00e4ljs fr\u00e5n 1 till 90. Jolly-numret p\u00e5verkar inte jackpotten men anv\u00e4nds f\u00f6r att avg\u00f6ra vem som vinner den andra priskategorin.<\/p>\n<p>N\u00e4r du har valt dina nummer betalar du f\u00f6r din biljett och v\u00e4ntar p\u00e5 dragningarna. N\u00e4r du registrerar dig hos oss automatiserar vi processen f\u00f6r en smidigare upplevelse. Vi tar bort stressen fr\u00e5n operationen s\u00e5 att du kan njuta av det roliga utan problem.<\/p>\n<section class=\"layout\" style=\"border: solid 1px; width: 100%;\">\n<div class=\"img-div\" style=\"margin-top: 5px;\"><img decoding=\"async\" class=\"wp-image-17212 alignleft\" style=\"height: 45px; margin: 8px 8px 0px;\" src=\"https:\/\/jackpotlotteryonline.com\/wp-content\/uploads\/2022\/11\/read1.jpg\" alt=\"L\u00e4s\" width=\"\" height=\"\" \/><\/div>\n<div style=\"padding-left: 5px;\">\n<div style=\"font-size: 1.1em;\">\n<p><strong>V\u00e4lj vinnande lottonummer manuellt eller med hj\u00e4lp av en RNG.<\/strong><\/p>\n<p style=\"font-size: 0.85em; margin-top: -1.5em;\">Hur skapar man vinnande lottonummer?\u00a0<a href=\"https:\/\/jackpotlotteryonline.com\/sv\/hur-man-genererar-vinnande-lottonummer\"> L\u00e4s mer<\/a><\/p>\n<\/div>\n<\/div>\n<\/section>\n<h2>Vad \u00e4r oddsen f\u00f6r att vinna Superenalotto?<\/h2>\n<p>Generellt sett \u00e4r lotteriet inte k\u00e4nt f\u00f6r att ha stora odds f\u00f6r spelarna. Sanningen \u00e4r att oddsen f\u00f6r att vinna inte \u00e4r s\u00e4rskilt h\u00f6ga. Intressant nog g\u00f6r det det mycket mer sp\u00e4nnande att spela p\u00e5 lotteriet. Eftersom att vinna n\u00e4r det verkar som om oddsen inte \u00e4r till din f\u00f6rdel ger spelarna en h\u00f6g. Det \u00e4r ocks\u00e5 ett fantastiskt s\u00e4tt att veta att man har turen p\u00e5 sin sida.<\/p>\n<p>Oddsen f\u00f6r att vinna Superenalotto-jackpotten \u00e4r 1 p\u00e5 622 614 630. Men det finns 6 priskategorier och en Instant win-kategori p\u00e5 25 euro. N\u00e4r du tar h\u00e4nsyn till dessa \u00e4r oddsen f\u00f6r att vinna n\u00e5got pris 1 p\u00e5 16.<\/p>\n<p>Alla spelare skulle h\u00e5lla med om att det \u00e4r otroliga odds som gynnar spelaren.<\/p>\n<h2>Superenalottos priskategorier<\/h2>\n<p><img loading=\"lazy\" decoding=\"async\" class=\"size-medium wp-image-35376 alignright\" src=\"https:\/\/jackpotlotteryonline.com\/wp-content\/uploads\/2022\/11\/2_ticket_superenalotto4-1-211x300.jpg\" alt=\"Superenalotto vinstlott\" width=\"211\" height=\"300\" srcset=\"https:\/\/jackpotlotteryonline.com\/wp-content\/uploads\/2022\/11\/2_ticket_superenalotto4-1-211x300.jpg 211w, https:\/\/jackpotlotteryonline.com\/wp-content\/uploads\/2022\/11\/2_ticket_superenalotto4-1.jpg 300w\" sizes=\"auto, (max-width: 211px) 100vw, 211px\" \/><\/p>\n<p>Under dragningarna v\u00e4ljs sex nummer slumpm\u00e4ssigt fr\u00e5n en trumma med bollar med nummer 1 till 90. Alla biljetter som matchar de dragna numren vinner jackpotten.<\/p>\n<p>Superenalotto-jackpotten b\u00f6rjar p\u00e5 2 miljoner euro, men brukar hamna mycket h\u00f6gre \u00e4n s\u00e5 eftersom den rullar \u00f6ver. De andra priskategorierna best\u00e4ms enligt den procentuella andelen av de tillg\u00e4ngliga medlen. Det \u00e4r allts\u00e5 inte m\u00f6jligt att veta hur mycket som skulle delas ut vid varje dragning.<\/p>\n<p>6 nummer &#8211; jackpot (17,4 % av de totala medlen).<br \/>\n5 + Jolly Number &#8211; 13 %<br \/>\n5 nummer &#8211; 4,2 %.<br \/>\n4 nummer &#8211; 4,2 %.<br \/>\n3 nummer &#8211; 12,8 %.<br \/>\n2 nummer &#8211; 40 %<\/p>\n<p><strong>F\u00f6r att f\u00e5 ett b\u00e4ttre perspektiv, h\u00e4r \u00e4r det genomsnittliga beloppet per dragning.<\/strong><\/p>\n<p>6 nummer &#8211; 92 056 091,66 euro<br \/>\n5 + Jolly-nummer &#8211; 594 951,95 euro<br \/>\n5 nummer &#8211; 49 736,38 euro<br \/>\n4 nummer &#8211; 354,83 euro<br \/>\n3 nummer &#8211; 27,15 euro<br \/>\n2 nummer &#8211; 5,48 euro<\/p>\n<h2>Spela Superenalotto p\u00e5 internet<\/h2>\n<p>Superenalotto \u00e4r ett italienskt lotteri och lotterier s\u00e4ljs endast i Italien. Om du bor utanf\u00f6r Italien \u00e4r allts\u00e5 det enda s\u00e4ttet att f\u00e5 tillg\u00e5ng till Superenalotto att k\u00f6pa ett intr\u00e4de p\u00e5 n\u00e4tet. Du kan g\u00f6ra det fr\u00e5n en internetlottf\u00f6rs\u00e4ljare som jackpotlotteryonline.com.<\/p>\n<h2>F\u00f6rdelar med att k\u00f6pa Superenalotto online<\/h2>\n<ul>\n<li>Du f\u00e5r snabb och omedelbar tillg\u00e5ng till lotteriet.<\/li>\n<li>Det \u00e4r super bekv\u00e4mt eftersom du inte beh\u00f6ver l\u00e4mna ditt hem.<\/li>\n<li>Det \u00e4r ocks\u00e5 s\u00e4krare eftersom din lott lagras digitalt. Det \u00e4r viktigt eftersom det \u00e4r det enda s\u00e4ttet att g\u00f6ra anspr\u00e5k p\u00e5 din vinst.<\/li>\n<li>Du beh\u00f6ver inte missa din vinst eftersom vi varnar dig omedelbart om du vinner n\u00e5got pris.<\/li>\n<li>Du kan enkelt ta ut alla vinster online utan att g\u00e5 n\u00e5gonstans.<\/li>\n<\/ul>\n<h2>Registrera dig hos oss f\u00f6r att spela Superenalotto<\/h2>\n<p>Om du bor utanf\u00f6r Italien och vill k\u00f6pa tillg\u00e5ng till Superenalotto-lotteriet kan du g\u00f6ra det genom att registrera dig hos oss. Vi erbjuder en conciergetj\u00e4nst som ger dig omedelbar tillg\u00e5ng till de b\u00e4sta internationella lotterierna, inklusive Superenalotto.<\/p>\n<p>V\u00e5rt m\u00e5l \u00e4r att g\u00f6ra lotteriupplevelsen till en trevlig upplevelse f\u00f6r v\u00e5ra kunder. Vi tar bort stressen fr\u00e5n de enkla sakerna, s\u00e5 att du kan njuta av att placera dina spel. K\u00f6p dina lotter hos oss nu f\u00f6r en chans att vinna stort p\u00e5 Superenalotto.<\/p>\n","protected":false},"excerpt":{"rendered":"<p>Varf\u00f6r Superenalotto? Har du undrat hur du kan k\u00f6pa Superenalotto-biljetter utanf\u00f6r Italien? Superenalotto \u00e4r ett av de mer popul\u00e4ra lotterierna p\u00e5 den europeiska kontinenten. Det \u00e4r inte f\u00f6rv\u00e5nande att spelare runt om i v\u00e4rlden regelbundet satsar p\u00e5 lotteriet. P\u00e5 jackpotlotteryonline.com ger vi spelarna tillg\u00e5ng till internationella topplotterier som Superenalotto. Vi g\u00f6r det m\u00f6jligt f\u00f6r dig [&hellip;]<\/p>\n","protected":false},"author":1,"featured_media":0,"parent":35784,"menu_order":5,"comment_status":"closed","ping_status":"closed","template":"superenalotto.php","meta":{"_et_pb_use_builder":"","_et_pb_old_content":"","_et_gb_content_width":"","exclude_from_search":false,"footnotes":""},"class_list":["post-36597","page","type-page","status-publish","hentry"],"yoast_head":"<!-- This site is optimized with the Yoast SEO plugin v23.3 - https:\/\/yoast.com\/wordpress\/plugins\/seo\/ -->\n<title>K\u00f6p Superenalotto biljetter fr\u00e5n utanf\u00f6r Italien | K\u00f6p biljetter online<\/title>\n<meta name=\"description\" content=\"Bor du inte i Italien men vill delta i Superenalotto? Skaffa din online-biljett till Superenalotto genom oss.\" \/>\n<meta name=\"robots\" content=\"index, follow, max-snippet:-1, max-image-preview:large, max-video-preview:-1\" \/>\n<link rel=\"canonical\" href=\"https:\/\/jackpotlotteryonline.com\/buy-tickets\/superenalotto\/\" \/>\n<meta property=\"og:locale\" content=\"sv_SE\" \/>\n<meta property=\"og:type\" content=\"article\" \/>\n<meta property=\"og:title\" content=\"K\u00f6p Superenalotto biljetter fr\u00e5n utanf\u00f6r Italien | K\u00f6p biljetter online\" \/>\n<meta property=\"og:description\" content=\"Bor du inte i Italien men vill delta i Superenalotto? Skaffa din online-biljett till Superenalotto genom oss.\" \/>\n<meta property=\"og:url\" content=\"https:\/\/jackpotlotteryonline.com\/buy-tickets\/superenalotto\/\" \/>\n<meta property=\"og:site_name\" content=\"Lotto Online - Crack The International Lottery Jackpots\" \/>\n<meta property=\"article:modified_time\" content=\"2023-01-03T20:33:08+00:00\" \/>\n<meta property=\"og:image\" content=\"https:\/\/jackpotlotteryonline.com\/wp-content\/uploads\/2022\/11\/logo_superenalotto.png\" \/>\n<meta name=\"twitter:card\" content=\"summary_large_image\" \/>\n<meta name=\"twitter:label1\" content=\"Ber\u00e4knad l\u00e4stid\" \/>\n\t<meta name=\"twitter:data1\" content=\"6 minuter\" \/>\n<!-- \/ Yoast SEO plugin. -->","yoast_head_json":{"title":"K\u00f6p Superenalotto biljetter fr\u00e5n utanf\u00f6r Italien | K\u00f6p biljetter online","description":"Bor du inte i Italien men vill delta i Superenalotto? Skaffa din online-biljett till Superenalotto genom oss.","robots":{"index":"index","follow":"follow","max-snippet":"max-snippet:-1","max-image-preview":"max-image-preview:large","max-video-preview":"max-video-preview:-1"},"canonical":"https:\/\/jackpotlotteryonline.com\/buy-tickets\/superenalotto\/","og_locale":"sv_SE","og_type":"article","og_title":"K\u00f6p Superenalotto biljetter fr\u00e5n utanf\u00f6r Italien | K\u00f6p biljetter online","og_description":"Bor du inte i Italien men vill delta i Superenalotto? Skaffa din online-biljett till Superenalotto genom oss.","og_url":"https:\/\/jackpotlotteryonline.com\/buy-tickets\/superenalotto\/","og_site_name":"Lotto Online - Crack The International Lottery Jackpots","article_modified_time":"2023-01-03T20:33:08+00:00","og_image":[{"url":"https:\/\/jackpotlotteryonline.com\/wp-content\/uploads\/2022\/11\/logo_superenalotto.png"}],"twitter_card":"summary_large_image","twitter_misc":{"Ber\u00e4knad l\u00e4stid":"6 minuter"},"schema":{"@context":"https:\/\/schema.org","@graph":[{"@type":"WebPage","@id":"https:\/\/jackpotlotteryonline.com\/buy-tickets\/superenalotto\/","url":"https:\/\/jackpotlotteryonline.com\/buy-tickets\/superenalotto\/","name":"K\u00f6p Superenalotto biljetter fr\u00e5n utanf\u00f6r Italien | K\u00f6p biljetter online","isPartOf":{"@id":"https:\/\/jackpotlotteryonline.com\/#website"},"primaryImageOfPage":{"@id":"https:\/\/jackpotlotteryonline.com\/buy-tickets\/superenalotto\/#primaryimage"},"image":{"@id":"https:\/\/jackpotlotteryonline.com\/buy-tickets\/superenalotto\/#primaryimage"},"thumbnailUrl":"https:\/\/jackpotlotteryonline.com\/wp-content\/uploads\/2022\/11\/logo_superenalotto.png","datePublished":"2022-11-08T06:59:13+00:00","dateModified":"2023-01-03T20:33:08+00:00","description":"Bor du inte i Italien men vill delta i Superenalotto? Skaffa din online-biljett till Superenalotto genom oss.","breadcrumb":{"@id":"https:\/\/jackpotlotteryonline.com\/buy-tickets\/superenalotto\/#breadcrumb"},"inLanguage":"sv-SE","potentialAction":[{"@type":"ReadAction","target":["https:\/\/jackpotlotteryonline.com\/buy-tickets\/superenalotto\/"]}]},{"@type":"ImageObject","inLanguage":"sv-SE","@id":"https:\/\/jackpotlotteryonline.com\/buy-tickets\/superenalotto\/#primaryimage","url":"https:\/\/jackpotlotteryonline.com\/wp-content\/uploads\/2022\/11\/logo_superenalotto.png","contentUrl":"https:\/\/jackpotlotteryonline.com\/wp-content\/uploads\/2022\/11\/logo_superenalotto.png"},{"@type":"BreadcrumbList","@id":"https:\/\/jackpotlotteryonline.com\/buy-tickets\/superenalotto\/#breadcrumb","itemListElement":[{"@type":"ListItem","position":1,"name":"Home","item":"https:\/\/jackpotlotteryonline.com\/sv\/"},{"@type":"ListItem","position":2,"name":"Hur man k\u00f6per lotteri biljetter p\u00e5 n\u00e4tet","item":"https:\/\/jackpotlotteryonline.com\/buy-tickets\/"},{"@type":"ListItem","position":3,"name":"K\u00f6p Superenalotto biljetter"}]},{"@type":"WebSite","@id":"https:\/\/jackpotlotteryonline.com\/#website","url":"https:\/\/jackpotlotteryonline.com\/","name":"Lotto Online - Crack The International Lottery Jackpots","description":"","potentialAction":[{"@type":"SearchAction","target":{"@type":"EntryPoint","urlTemplate":"https:\/\/jackpotlotteryonline.com\/?s={search_term_string}"},"query-input":"required name=search_term_string"}],"inLanguage":"sv-SE"}]}},"_links":{"self":[{"href":"https:\/\/jackpotlotteryonline.com\/sv\/wp-json\/wp\/v2\/pages\/36597","targetHints":{"allow":["GET"]}}],"collection":[{"href":"https:\/\/jackpotlotteryonline.com\/sv\/wp-json\/wp\/v2\/pages"}],"about":[{"href":"https:\/\/jackpotlotteryonline.com\/sv\/wp-json\/wp\/v2\/types\/page"}],"author":[{"embeddable":true,"href":"https:\/\/jackpotlotteryonline.com\/sv\/wp-json\/wp\/v2\/users\/1"}],"replies":[{"embeddable":true,"href":"https:\/\/jackpotlotteryonline.com\/sv\/wp-json\/wp\/v2\/comments?post=36597"}],"version-history":[{"count":0,"href":"https:\/\/jackpotlotteryonline.com\/sv\/wp-json\/wp\/v2\/pages\/36597\/revisions"}],"up":[{"embeddable":true,"href":"https:\/\/jackpotlotteryonline.com\/sv\/wp-json\/wp\/v2\/pages\/35784"}],"wp:attachment":[{"href":"https:\/\/jackpotlotteryonline.com\/sv\/wp-json\/wp\/v2\/media?parent=36597"}],"curies":[{"name":"wp","href":"https:\/\/api.w.org\/{rel}","templated":true}]}}