{"id":36649,"date":"2022-11-08T08:39:09","date_gmt":"2022-11-08T08:39:09","guid":{"rendered":"https:\/\/jackpotlotteryonline.com\/?page_id=36649"},"modified":"2023-01-03T20:49:13","modified_gmt":"2023-01-03T20:49:13","slug":"el-gordo","status":"publish","type":"page","link":"https:\/\/jackpotlotteryonline.com\/sv\/kopa-biljetter\/el-gordo\/","title":{"rendered":"K\u00f6p El Gordo biljetter"},"content":{"rendered":"<h2>Det fantastiska spanska lotteriet<\/h2>\n<p>El Gordo st\u00e5r runt h\u00f6rnet och det \u00e4r inte alla som har turen att bo i eller resa till Spanien. \u00c4nd\u00e5 \u00e4r spelare \u00f6verallt glada vid tanken p\u00e5 att delta i det roliga och festliga som f\u00f6ljer med detta lotteri. Spelare som bor utanf\u00f6r landet kan ocks\u00e5 delta i detta lotteri och vi kommer att visa dig hur du g\u00f6r det.<\/p>\n<p>Om du \u00e4r nyb\u00f6rjare p\u00e5 att <a href=\"https:\/\/jackpotlotteryonline.com\/sv\/hur-man-spelar\/el-gordo\">spela p\u00e5 lotteri<\/a> kanske du \u00e4r intresserad av att veta att detta \u00e4r ett spanskt lotteri. Det kallas El Gordo vilket betyder &#8220;den feta&#8221; p\u00e5 grund av den stora jackpotten. Den s\u00e4gs vara den st\u00f6rsta jackpotten i v\u00e4rlden.<\/p>\n<p>S\u00e5 hur kan du f\u00e5 en del av kakan \u00e4ven om du inte bor i Spanien? Forts\u00e4tt l\u00e4sa s\u00e5 ska vi ber\u00e4tta allt om det.<\/p>\n<section class=\"layout\" style=\"border: solid 1px; width: 100%;\">\n<div class=\"img-div\" style=\"margin-top: 5px;\"><img decoding=\"async\" class=\"wp-image-17212 alignleft\" style=\"height: 45px; margin: 8px 8px 0px;\" src=\"http:\/\/jackpotlotteryonline.com\/wp-content\/uploads\/2022\/11\/read1.jpg\" alt=\"L\u00e4s\" width=\"\" height=\"\" \/><\/div>\n<div style=\"padding-left: 5px;\">\n<div style=\"font-size: 1.1em;\">\n<p><strong>Missa inte dragningstiderna f\u00f6r v\u00e4rldens st\u00f6rsta jackpottar p\u00e5 lotto.<\/strong><\/p>\n<p style=\"font-size: 0.85em; margin-top: -1.5em;\">En lista \u00f6ver dragningstiderna f\u00f6r de internationella lotterierna \u00a0<a href=\"https:\/\/jackpotlotteryonline.com\/sv\/nar-ar-dragningstiderna-for-de-internationella-lotterierna-2\">L\u00e4s mer<\/a><\/p>\n<\/div>\n<\/div>\n<\/section>\n<h2>Hur man k\u00f6per El Gordo-biljetter fr\u00e5n l\u00e4nder utanf\u00f6r Spanien<\/h2>\n<p><img loading=\"lazy\" decoding=\"async\" class=\"size-full wp-image-17870 alignright\" src=\"http:\/\/jackpotlotteryonline.com\/wp-content\/uploads\/2022\/10\/lotto_euros.jpg\" alt=\"K\u00f6p El Gordo-biljetter online\" width=\"225\" height=\"134\" \/><\/p>\n<p>Det enklaste s\u00e4ttet att k\u00f6pa biljetter till El Gordo-lotteriet \u00e4r via internet fr\u00e5n en online-f\u00f6rs\u00e4ljare av lotterier som jackpotlotteryonline.com. Vi erbjuder en s\u00f6ml\u00f6s tj\u00e4nst som g\u00f6r det till en enkel upplevelse att spela internationella topplotterier. N\u00e4r du registrerar dig hos oss f\u00e5r du en skr\u00e4ddarsydd plattform som \u00e4r anpassad till dina behov.<\/p>\n<p>Vi vill se till att v\u00e5ra kunder upplever det n\u00f6je som kommer med att spela p\u00e5 lotteri. N\u00e4r du deltar i El Gordo blir du en del av historien och traditionen. Detta spanska lotteri \u00e4r ocks\u00e5 k\u00e4nt som jullotteriet och s\u00e4songen \u00e4r inte densamma utan det.<\/p>\n<p>Att delta i det spanska jullotteriet kan vara lite f\u00f6rvirrande om det \u00e4r f\u00f6rsta g\u00e5ngen du deltar. Till skillnad fr\u00e5n andra lotterier f\u00e5r du inte v\u00e4lja dina nummer. P\u00e5 varje lottosedel finns nummer redan utskrivna. F\u00f6r att \u00f6ka f\u00f6rvirringen finns det 100 000 nummer i El Gordo-lotteriet. P\u00e5 jackpotlotteryonline.com guidar vi dig genom varje steg.<\/p>\n<h2>Varf\u00f6r du b\u00f6r delta i El Gordo<\/h2>\n<p>Det finns flera anledningar till varf\u00f6r spelare \u00f6ver hela v\u00e4rlden \u00e4lskar El Gordo. Vi n\u00e4mnde det faktum att det \u00e4r genomsyrat av historia och tradition. Lotteriet h\u00f6ll sin f\u00f6rsta dragning 1812; det betyder att det \u00e4r \u00f6ver 200 \u00e5r gammalt. El Gordo \u00e4r det n\u00e4st \u00e4ldsta p\u00e5g\u00e5ende lotteriet i v\u00e4rlden och det har blivit en del av kulturen i Spanien.<\/p>\n<p>Dragningen h\u00e5lls den 22 december varje \u00e5r, s\u00e5 det \u00e4r ett utm\u00e4rkt s\u00e4tt att s\u00e4tta f\u00e4rg p\u00e5 julhelgen. Sj\u00e4lva dragningen \u00e4r en annan storartad tillst\u00e4llning d\u00e5 resultaten sjungs av eleverna i San Ildefonso-skolan. N\u00e4mnde vi att El Gordo \u00e4r en tradition? Det \u00e4r verkligen n\u00e5got som gamla och nya spelare ser fram emot varje \u00e5r.<\/p>\n<p>El Gordo \u00e4r dessutom ett lotteri som fr\u00e4mjar och firar gemenskapen. Lotterna \u00e4r uppdelade i flera underavdelningar och det \u00e4r ganska vanligt att grannskap prenumererar p\u00e5 en underavdelning. S\u00e5 varf\u00f6r inte g\u00f6ra n\u00e5got speciellt f\u00f6r din familj och dina v\u00e4nner genom att delta i El Gordo tillsammans? Det \u00e4r ett underbart s\u00e4tt att fira julen.<\/p>\n<h2>Hur man spelar El Gordo<\/h2>\n<p><img loading=\"lazy\" decoding=\"async\" class=\"alignright size-full wp-image-32459\" src=\"http:\/\/jackpotlotteryonline.com\/wp-content\/uploads\/2022\/11\/2_ticket_el_gordo-1.jpg\" alt=\"El Gordo lott\" width=\"213\" height=\"300\" \/><\/p>\n<p>N\u00e4r du deltar i det spanska jullotteriet kan din kupong ha nummer som str\u00e4cker sig fr\u00e5n 00000 till 99999. Varje lott \u00e4r uppdelad i tio delar, som \u00e4r ytterligare uppdelade. S\u00e5 oavsett din budget har du r\u00e5d att k\u00f6pa en lott.<\/p>\n<p>Lika intressant \u00e4r att El Gordo-spelare har en mycket stor chans att vinna. Den totala jackpotten uppg\u00e5r till miljarder euro och oddsen \u00e4r otroliga. S\u00e5 spelarna kan g\u00e5 hem med tusentals euro \u00e4ven om de inte vinner f\u00f6rstapriset.<\/p>\n<p>N\u00e4r du har k\u00f6pt din lott \u00e4r allt du beh\u00f6ver g\u00f6ra att v\u00e4nta p\u00e5 dragningarna den 22 december. P\u00e5 v\u00e5r webbplats ber vi v\u00e5ra kunder att registrera sig s\u00e5 att vi kan meddela dem s\u00e5 snart de har vunnit ett pris. Det \u00e4r ocks\u00e5 enkelt att ta ut dina vinster eftersom du kan g\u00f6ra det fr\u00e5n v\u00e5r plattform.<\/p>\n<h2>Steg f\u00f6r att spela El Gordo online<\/h2>\n<ol>\n<li>Nu n\u00e4r du \u00e4r lika entusiastisk som vi \u00e4r \u00f6ver det spanska jullotteriet, l\u00e5t oss ta dig igenom stegen.<\/li>\n<li>K\u00f6p din El Gordo-biljett p\u00e5 v\u00e5r webbplats<\/li>\n<li>Registrera dig s\u00e5 att vi kan kontakta dig om du vinner.<\/li>\n<li>V\u00e4nta p\u00e5 dragningen<\/li>\n<\/ol>\n<h2>Ta ut din vinst om du vinner<\/h2>\n<p>S\u00e5 enkelt \u00e4r det n\u00e4r du registrerar dig hos oss. Vi tar bort komplikationerna s\u00e5 att du f\u00e5r vara kvar med det roliga i spelet. Om du letar efter ett lotteri med bra odds som du kan njuta av s\u00e5 beh\u00f6ver du inte leta l\u00e4ngre.<\/p>\n<p>Vi b\u00f6r n\u00e4mna att \u00e4ven om El Gordo har bra odds s\u00e5 \u00e4r det ett slumpspel. Det finns inget s\u00e4tt att garantera att du kommer att vinna och det finns inget som s\u00e4ger att du inte heller kommer att vinna. Det enda s\u00e4ttet du kan f\u00e5 en chans att vinna ett pris \u00e4r dock att du deltar i lotteriet \u00f6verhuvudtaget. S\u00e5 registrera dig hos oss nu f\u00f6r att k\u00f6pa de spanska jullotterna.<\/p>\n","protected":false},"excerpt":{"rendered":"<p>Det fantastiska spanska lotteriet El Gordo st\u00e5r runt h\u00f6rnet och det \u00e4r inte alla som har turen att bo i eller resa till Spanien. \u00c4nd\u00e5 \u00e4r spelare \u00f6verallt glada vid tanken p\u00e5 att delta i det roliga och festliga som f\u00f6ljer med detta lotteri. Spelare som bor utanf\u00f6r landet kan ocks\u00e5 delta i detta lotteri [&hellip;]<\/p>\n","protected":false},"author":1,"featured_media":0,"parent":35784,"menu_order":6,"comment_status":"closed","ping_status":"closed","template":"el-gordo-info.php","meta":{"_et_pb_use_builder":"","_et_pb_old_content":"","_et_gb_content_width":"","exclude_from_search":false,"footnotes":""},"class_list":["post-36649","page","type-page","status-publish","hentry"],"yoast_head":"<!-- This site is optimized with the Yoast SEO plugin v23.3 - https:\/\/yoast.com\/wordpress\/plugins\/seo\/ -->\n<title>K\u00f6p El Gordo biljetter fr\u00e5n utanf\u00f6r Spanien | El Gordo biljetter online<\/title>\n<meta name=\"description\" content=\"Du kan k\u00f6pa El Gordo-biljetter online, om du bor utanf\u00f6r Spanien - h\u00e4r via denna biljettj\u00e4nst online.\" \/>\n<meta name=\"robots\" content=\"index, follow, max-snippet:-1, max-image-preview:large, max-video-preview:-1\" \/>\n<link rel=\"canonical\" href=\"https:\/\/jackpotlotteryonline.com\/buy-tickets\/el-gordo\/\" \/>\n<meta property=\"og:locale\" content=\"sv_SE\" \/>\n<meta property=\"og:type\" content=\"article\" \/>\n<meta property=\"og:title\" content=\"K\u00f6p El Gordo biljetter fr\u00e5n utanf\u00f6r Spanien | El Gordo biljetter online\" \/>\n<meta property=\"og:description\" content=\"Du kan k\u00f6pa El Gordo-biljetter online, om du bor utanf\u00f6r Spanien - h\u00e4r via denna biljettj\u00e4nst online.\" \/>\n<meta property=\"og:url\" content=\"https:\/\/jackpotlotteryonline.com\/buy-tickets\/el-gordo\/\" \/>\n<meta property=\"og:site_name\" content=\"Lotto Online - Crack The International Lottery Jackpots\" \/>\n<meta property=\"article:modified_time\" content=\"2023-01-03T20:49:13+00:00\" \/>\n<meta property=\"og:image\" content=\"http:\/\/jackpotlotteryonline.com\/wp-content\/uploads\/2022\/11\/read1.jpg\" \/>\n<meta name=\"twitter:card\" content=\"summary_large_image\" \/>\n<meta name=\"twitter:label1\" content=\"Ber\u00e4knad l\u00e4stid\" \/>\n\t<meta name=\"twitter:data1\" content=\"5 minuter\" \/>\n<!-- \/ Yoast SEO plugin. -->","yoast_head_json":{"title":"K\u00f6p El Gordo biljetter fr\u00e5n utanf\u00f6r Spanien | El Gordo biljetter online","description":"Du kan k\u00f6pa El Gordo-biljetter online, om du bor utanf\u00f6r Spanien - h\u00e4r via denna biljettj\u00e4nst online.","robots":{"index":"index","follow":"follow","max-snippet":"max-snippet:-1","max-image-preview":"max-image-preview:large","max-video-preview":"max-video-preview:-1"},"canonical":"https:\/\/jackpotlotteryonline.com\/buy-tickets\/el-gordo\/","og_locale":"sv_SE","og_type":"article","og_title":"K\u00f6p El Gordo biljetter fr\u00e5n utanf\u00f6r Spanien | El Gordo biljetter online","og_description":"Du kan k\u00f6pa El Gordo-biljetter online, om du bor utanf\u00f6r Spanien - h\u00e4r via denna biljettj\u00e4nst online.","og_url":"https:\/\/jackpotlotteryonline.com\/buy-tickets\/el-gordo\/","og_site_name":"Lotto Online - Crack The International Lottery Jackpots","article_modified_time":"2023-01-03T20:49:13+00:00","og_image":[{"url":"http:\/\/jackpotlotteryonline.com\/wp-content\/uploads\/2022\/11\/read1.jpg"}],"twitter_card":"summary_large_image","twitter_misc":{"Ber\u00e4knad l\u00e4stid":"5 minuter"},"schema":{"@context":"https:\/\/schema.org","@graph":[{"@type":"WebPage","@id":"https:\/\/jackpotlotteryonline.com\/buy-tickets\/el-gordo\/","url":"https:\/\/jackpotlotteryonline.com\/buy-tickets\/el-gordo\/","name":"K\u00f6p El Gordo biljetter fr\u00e5n utanf\u00f6r Spanien | El Gordo biljetter online","isPartOf":{"@id":"https:\/\/jackpotlotteryonline.com\/#website"},"primaryImageOfPage":{"@id":"https:\/\/jackpotlotteryonline.com\/buy-tickets\/el-gordo\/#primaryimage"},"image":{"@id":"https:\/\/jackpotlotteryonline.com\/buy-tickets\/el-gordo\/#primaryimage"},"thumbnailUrl":"http:\/\/jackpotlotteryonline.com\/wp-content\/uploads\/2022\/11\/read1.jpg","datePublished":"2022-11-08T08:39:09+00:00","dateModified":"2023-01-03T20:49:13+00:00","description":"Du kan k\u00f6pa El Gordo-biljetter online, om du bor utanf\u00f6r Spanien - h\u00e4r via denna biljettj\u00e4nst online.","breadcrumb":{"@id":"https:\/\/jackpotlotteryonline.com\/buy-tickets\/el-gordo\/#breadcrumb"},"inLanguage":"sv-SE","potentialAction":[{"@type":"ReadAction","target":["https:\/\/jackpotlotteryonline.com\/buy-tickets\/el-gordo\/"]}]},{"@type":"ImageObject","inLanguage":"sv-SE","@id":"https:\/\/jackpotlotteryonline.com\/buy-tickets\/el-gordo\/#primaryimage","url":"http:\/\/jackpotlotteryonline.com\/wp-content\/uploads\/2022\/11\/read1.jpg","contentUrl":"http:\/\/jackpotlotteryonline.com\/wp-content\/uploads\/2022\/11\/read1.jpg"},{"@type":"BreadcrumbList","@id":"https:\/\/jackpotlotteryonline.com\/buy-tickets\/el-gordo\/#breadcrumb","itemListElement":[{"@type":"ListItem","position":1,"name":"Home","item":"https:\/\/jackpotlotteryonline.com\/sv\/"},{"@type":"ListItem","position":2,"name":"Hur man k\u00f6per lotteri biljetter p\u00e5 n\u00e4tet","item":"https:\/\/jackpotlotteryonline.com\/buy-tickets\/"},{"@type":"ListItem","position":3,"name":"K\u00f6p El Gordo biljetter"}]},{"@type":"WebSite","@id":"https:\/\/jackpotlotteryonline.com\/#website","url":"https:\/\/jackpotlotteryonline.com\/","name":"Lotto Online - Crack The International Lottery Jackpots","description":"","potentialAction":[{"@type":"SearchAction","target":{"@type":"EntryPoint","urlTemplate":"https:\/\/jackpotlotteryonline.com\/?s={search_term_string}"},"query-input":"required name=search_term_string"}],"inLanguage":"sv-SE"}]}},"_links":{"self":[{"href":"https:\/\/jackpotlotteryonline.com\/sv\/wp-json\/wp\/v2\/pages\/36649","targetHints":{"allow":["GET"]}}],"collection":[{"href":"https:\/\/jackpotlotteryonline.com\/sv\/wp-json\/wp\/v2\/pages"}],"about":[{"href":"https:\/\/jackpotlotteryonline.com\/sv\/wp-json\/wp\/v2\/types\/page"}],"author":[{"embeddable":true,"href":"https:\/\/jackpotlotteryonline.com\/sv\/wp-json\/wp\/v2\/users\/1"}],"replies":[{"embeddable":true,"href":"https:\/\/jackpotlotteryonline.com\/sv\/wp-json\/wp\/v2\/comments?post=36649"}],"version-history":[{"count":0,"href":"https:\/\/jackpotlotteryonline.com\/sv\/wp-json\/wp\/v2\/pages\/36649\/revisions"}],"up":[{"embeddable":true,"href":"https:\/\/jackpotlotteryonline.com\/sv\/wp-json\/wp\/v2\/pages\/35784"}],"wp:attachment":[{"href":"https:\/\/jackpotlotteryonline.com\/sv\/wp-json\/wp\/v2\/media?parent=36649"}],"curies":[{"name":"wp","href":"https:\/\/api.w.org\/{rel}","templated":true}]}}