{"id":36702,"date":"2022-11-08T10:46:09","date_gmt":"2022-11-08T10:46:09","guid":{"rendered":"https:\/\/jackpotlotteryonline.com\/?page_id=36702"},"modified":"2023-01-03T21:18:35","modified_gmt":"2023-01-03T21:18:35","slug":"lotto-germany","status":"publish","type":"page","link":"https:\/\/jackpotlotteryonline.com\/sv\/kopa-biljetter\/lotto-germany\/","title":{"rendered":"K\u00f6p biljetter till Lotto Tyskland"},"content":{"rendered":"<p>Spelare som bor utanf\u00f6r Tyskland kan tycka att det \u00e4r lite sv\u00e5rt att k\u00f6pa biljetter till det tyska lotteriet, men det beh\u00f6ver inte vara s\u00e5. Lotto Tyskland \u00e4r ocks\u00e5 k\u00e4nt som 6 aus 49 och \u00e4r ett av Europas l\u00e4ngsta p\u00e5g\u00e5ende lotterier. Det grundades 1955 och har snabbt blivit det ledande lottospelet i landet.<\/p>\n<p>Anm\u00e4lningar till detta lotteri finns tillg\u00e4ngliga hos ackrediterade f\u00f6rs\u00e4ljare i Tyskland. Men om du bor i en annan del av v\u00e4rlden m\u00e5ste du f\u00f6rlita dig p\u00e5 en p\u00e5litlig lotterisajt online som jackpotlotteryoneline.com.<\/p>\n<p><a href=\"https:\/\/jackpotlotteryonline.com\/sv\/hur-man-spelar\/german-lotto\">Att spela lotteriet online<\/a> \u00e4r enkelt och n\u00e4r du anv\u00e4nder v\u00e5r webbplats blir det en smidig och behaglig upplevelse.<\/p>\n<h2>Hur man spelar det tyska lotteriet p\u00e5 v\u00e5r webbplats<\/h2>\n<p><img loading=\"lazy\" decoding=\"async\" class=\"alignright size-medium wp-image-33350\" src=\"https:\/\/jackpotlotteryonline.com\/wp-content\/uploads\/2022\/11\/2_ticket_euromillions3-1-111x300.jpg\" alt=\"tysk lotto biljett\" width=\"111\" height=\"300\" srcset=\"https:\/\/jackpotlotteryonline.com\/wp-content\/uploads\/2022\/11\/2_ticket_euromillions3-1-111x300.jpg 111w, https:\/\/jackpotlotteryonline.com\/wp-content\/uploads\/2022\/11\/2_ticket_euromillions3-1.jpg 180w\" sizes=\"auto, (max-width: 111px) 100vw, 111px\" \/><\/p>\n<p>Den bokstavliga \u00f6vers\u00e4ttningen av 6 aus 49 \u00e4r sex av 49. F\u00f6r att spela det tyska lotteriet m\u00e5ste du v\u00e4lja sex nummer mellan 1 och 49 och ett bonusnummer mellan 0 och 9. Detta \u00e4r samma sak oavsett om du spelar offline eller via internet.<\/p>\n<p>N\u00e4r du k\u00f6per ett intr\u00e4de till det tyska lotteriet p\u00e5 v\u00e5r webbplats f\u00e5r du v\u00e4lja 6 nummer av 49. Du kan v\u00e4lja mer \u00e4n en rad nummer eftersom varje nummer r\u00e4knas f\u00f6r ett intr\u00e4de, vilket ger dig h\u00f6gre odds. D\u00e4refter kan du v\u00e4lja om du vill delta i en enda eller flera dragningar.<\/p>\n<p><a href=\"https:\/\/jackpotlotteryonline.com\/sv\/vinnande-nummer\/german-lotto\">Det tyska lotteriet har tv\u00e5 dragningar i veckan<\/a>, onsdag och l\u00f6rdag, och du kan v\u00e4lja om du vill delta i en enda eller flera dragningar. N\u00e4r du har gjort ditt val \u00e4r n\u00e4sta steg att betala f\u00f6r ditt k\u00f6p. Vi ber dig d\u00e5 att registrera dig hos oss. Detta \u00e4r n\u00f6dv\u00e4ndigt av flera sk\u00e4l:<\/p>\n<ul>\n<li>Genom att registrera dig kan du f\u00f6rvara dina anm\u00e4lningsblanketter s\u00e4kert, eftersom du beh\u00f6ver dem f\u00f6r att kunna g\u00f6ra anspr\u00e5k p\u00e5 eventuella vinster.<\/li>\n<li>Du kan enkelt kontrollera resultatet av dragningen \u00e4ven om du vinner n\u00e5got pris kommer vi att meddela dig detta via din instrumentpanel och via e-post.<\/li>\n<li>Du kan ocks\u00e5 ta ut eventuella vinster direkt p\u00e5 v\u00e5r plattform.<\/li>\n<\/ul>\n<h2>Hur man vinner p\u00e5 lotteriet<\/h2>\n<p>Under dragningarna dras sex nummer fr\u00e5n 1 &#8211; 49. Bonusnumret, som kallas Superzahl, dras fr\u00e5n en annan maskin. Om dina nummer matchar de dragna numren vinner du jackpotten.<\/p>\n<p>Det \u00e4r viktigt att konstatera att jackpotten inte \u00e4r den enda vinsten som spelarna kan vinna n\u00e4r de spelar p\u00e5 det tyska lotteriet. Detta europeiska lotteri har 10 olika priskategorier och det finns ett pris bara f\u00f6r att matcha tv\u00e5 nummer och bonusnumret.<\/p>\n<p>Som vi n\u00e4mnde tidigare \u00e4r oddsen f\u00f6r att vinna detta lotteri ganska goda. Oddsen f\u00f6r att vinna jackpotten \u00e4r 1 p\u00e5 139 838 160 och de totala oddsen f\u00f6r att vinna ett pris \u00e4r 1 p\u00e5 31. Om du aldrig har spelat det tyska 6 aus 49 \u00e4r detta ett bra tillf\u00e4lle att t\u00e4nka p\u00e5 att placera en insats. Det kan du g\u00f6ra genom att k\u00f6pa ett intr\u00e4de till lotteriet p\u00e5 jackpotlotteryoneline.com.<\/p>\n<section class=\"layout\" style=\"border: solid 1px; width: 100%;\">\n<div class=\"img-div\" style=\"margin-top: 5px;\"><img decoding=\"async\" class=\"wp-image-17212 alignleft\" style=\"height: 45px; margin: 8px 8px 0px;\" src=\"https:\/\/jackpotlotteryonline.com\/wp-content\/uploads\/2022\/11\/read1.jpg\" alt=\"L\u00e4s\" width=\"\" height=\"\" \/><\/div>\n<div style=\"padding-left: 5px;\">\n<div style=\"font-size: 1.1em;\">\n<p><strong>Vilken bil skulle du k\u00f6pa om du vann p\u00e5 lotto?<\/strong><\/p>\n<p style=\"font-size: 0.85em; margin-top: -1.5em;\">Vinn p\u00e5 lotto och f\u00e5 en ny bil\u00a0\u00a0<a href=\"https:\/\/jackpotlotteryonline.com\/sv\/vilken-bil-skulle-du-kopa-om-du-vann-pa-lotto\"> L\u00e4s mer<\/a><\/p>\n<\/div>\n<\/div>\n<\/section>\n<h2>Hur vet jag att jag har en riktig lott?<\/h2>\n<p>Detta \u00e4r en mycket viktig fr\u00e5ga, s\u00e4rskilt n\u00e4r du k\u00f6per tyska lotterisedlar online. Det \u00e4r m\u00f6jligt att k\u00f6pa vad du tror \u00e4r en lottoredel och \u00e4nd\u00e5 inte vara med i lotteriet.<\/p>\n<p>Lotto har serienummer utskrivna p\u00e5 varje lott och de \u00e4r viktiga f\u00f6r att avg\u00f6ra om en lott \u00e4r \u00e4kta. P\u00e5 jackpotlotteryonline.com driver vi en conciergetj\u00e4nst f\u00f6r v\u00e5ra kunder. Vad vi menar \u00e4r att n\u00e4r du k\u00f6per dina online-lotterisedlar fr\u00e5n oss kommer dina sedlar att ha de serienummer som kommer fr\u00e5n det tyska lotteriet.<\/p>\n<p>Med andra ord f\u00e5r du med v\u00e5r tj\u00e4nst tillg\u00e5ng till lotteriet. Om du matchar de dragna numren kommer du att vinna jackpotten.<\/p>\n<h2>Hur kan jag kr\u00e4va min vinst?<\/h2>\n<p><img loading=\"lazy\" decoding=\"async\" class=\"size-medium wp-image-27698 alignright\" src=\"https:\/\/jackpotlotteryonline.com\/wp-content\/uploads\/2022\/11\/1_lottery_results-300x150.jpg\" alt=\"tyska-lotterybollar\" width=\"300\" height=\"150\" srcset=\"https:\/\/jackpotlotteryonline.com\/wp-content\/uploads\/2022\/11\/1_lottery_results-300x150.jpg 300w, https:\/\/jackpotlotteryonline.com\/wp-content\/uploads\/2022\/11\/1_lottery_results.jpg 350w\" sizes=\"auto, (max-width: 300px) 100vw, 300px\" \/><\/p>\n<p>F\u00f6rdelen med att spela p\u00e5 lotteriet med oss \u00e4r att du inte beh\u00f6ver oroa dig f\u00f6r att kr\u00e4va ut dina vinster. F\u00f6r det f\u00f6rsta \u00e4r din kupong s\u00e4ker p\u00e5 ditt konto och du beh\u00f6ver inte vara r\u00e4dd f\u00f6r att f\u00f6rlora den. Eftersom du kommer att beh\u00f6va kupongen f\u00f6r att h\u00e4mta ut dina vinster \u00e4r detta en bra sak. \u00c5r 2021 gick en jackpotvinst p\u00e5 11,3 miljoner euro tillbaka till potten eftersom den f\u00f6rblev oanm\u00e4ld i tre \u00e5r. Vi vill inte att det ska h\u00e4nda dig.<\/p>\n<p>F\u00f6r det andra, om du vinner n\u00e5got kommer vi att l\u00e5ta dig veta omedelbart och n\u00e4sta g\u00e5ng du loggar in p\u00e5 ditt konto kommer dina pengar att finnas d\u00e4r och v\u00e4nta p\u00e5 dig. Det \u00e4r bara att ta ut pengarna till ditt bankkonto och du \u00e4r redo att njuta av dina vinster.<\/p>\n<p>Vi vet att n\u00e4r du spelar p\u00e5 lotto \u00e4r du angel\u00e4gen om att ha roligt. Det ska trots allt vara ett roligt spel. D\u00e4rf\u00f6r arbetar vi outtr\u00f6ttligt f\u00f6r att skala ner processen s\u00e5 att den \u00e4r s\u00f6ml\u00f6s och utan kr\u00e5ngel, s\u00e5 att du kan njuta av spelet.<\/p>\n<h2>6 aus 49 prisniv\u00e5er<\/h2>\n<p>Vill du veta vad du kan vinna n\u00e4r du spelar p\u00e5 det tyska lotteriet? H\u00e4r \u00e4r de olika vinstniv\u00e5erna och den procentuella andel av vinstfonden som tilldelas varje niv\u00e5.<\/p>\n<p>Match 6 + Superzahl &#8211; 12,80 % (jackpot)<br \/>\nEndast match 6 &#8211; 10 %.<br \/>\nMatch 5 + Superzahl &#8211; 5 %.<br \/>\nEndast match 5 &#8211; 15 %<br \/>\nMatch 4 + Superzahl &#8211; 5 %.<br \/>\nEndast match 4 &#8211; 10 %<br \/>\nMatch 3 + Superzahl &#8211; 10%<br \/>\nEndast match 3 &#8211; 45 %<br \/>\nMatch 2 + Superzahl &#8211; 6 euro<\/p>\n<p>Observera att de andra priserna best\u00e4ms efter att jackpotten har tagits ut ur prispotten.<\/p>\n<h2>Hur mycket \u00e4r jackpotten?<\/h2>\n<p>Jackpotpriset f\u00f6r det tyska lotteriet b\u00f6rjar p\u00e5 2 miljoner euro och rullar vidare efter varje dragning om det inte finns n\u00e5gon vinnare. Som ett resultat av detta blir jackpotten st\u00f6rre tills den n\u00e5r en munter summa.<\/p>\n<p>I oktober 2020 vann till exempel en enskild lottinnehavare en jackpotvinst p\u00e5 42 583 626 euro. Den vinsten var den st\u00f6rsta jackpotten i det tyska lotteriets historia. Strax efter var jackpotvinsten p\u00e5 33 832 008 euro, som ocks\u00e5 vanns av en lottospelare.<\/p>\n<p>Flera andra tyska lottinnehavare har vunnit jackpotpriser v\u00e4rda miljontals euro. Det \u00e4r d\u00e4rf\u00f6r inte f\u00f6rv\u00e5nande att spelare \u00f6ver hela v\u00e4rlden skyndar sig att delta i veckodragningarna.<\/p>\n<h2>Registrera dig hos oss f\u00f6r att spela p\u00e5 lotteriet online<\/h2>\n<p>Du beh\u00f6ver inte bo i Tyskland f\u00f6r att delta i det tyska lotteriet. N\u00e4r du registrerar dig hos oss f\u00e5r du tillg\u00e5ng till internationella topplotterier. Det \u00f6ppnar verkligen en v\u00e4rld av m\u00f6jligheter. Observera ocks\u00e5 att medel fr\u00e5n lotteriet inte \u00e4r skattepliktiga i Tyskland. Vi rekommenderar dock att du kontrollerar skattelagstiftningen d\u00e4r du bor.<\/p>\n<p>S\u00e5 vad v\u00e4ntar du p\u00e5? Registrera dig hos oss f\u00f6r att k\u00f6pa dina tyska lotter online och hoppa in i den sp\u00e4nnande v\u00e4rlden av internationella lotterispel.<\/p>\n","protected":false},"excerpt":{"rendered":"<p>Spelare som bor utanf\u00f6r Tyskland kan tycka att det \u00e4r lite sv\u00e5rt att k\u00f6pa biljetter till det tyska lotteriet, men det beh\u00f6ver inte vara s\u00e5. Lotto Tyskland \u00e4r ocks\u00e5 k\u00e4nt som 6 aus 49 och \u00e4r ett av Europas l\u00e4ngsta p\u00e5g\u00e5ende lotterier. Det grundades 1955 och har snabbt blivit det ledande lottospelet i landet. Anm\u00e4lningar [&hellip;]<\/p>\n","protected":false},"author":1,"featured_media":0,"parent":35784,"menu_order":8,"comment_status":"closed","ping_status":"closed","template":"lotto-german-info.php","meta":{"_et_pb_use_builder":"","_et_pb_old_content":"","_et_gb_content_width":"","exclude_from_search":false,"footnotes":""},"class_list":["post-36702","page","type-page","status-publish","hentry"],"yoast_head":"<!-- This site is optimized with the Yoast SEO plugin v23.3 - https:\/\/yoast.com\/wordpress\/plugins\/seo\/ -->\n<title>K\u00f6p biljetter till tyska Lotto utanf\u00f6r Tyskland | Tyskland Lotto online<\/title>\n<meta name=\"description\" content=\"Biljetter f\u00f6r tyska Lotto 6\/49 finns h\u00e4r, du kan s\u00e4kert k\u00f6pa dem online h\u00e4r, fr\u00e5n utanf\u00f6r Tyskland.\" \/>\n<meta name=\"robots\" content=\"index, follow, max-snippet:-1, max-image-preview:large, max-video-preview:-1\" \/>\n<link rel=\"canonical\" href=\"https:\/\/jackpotlotteryonline.com\/buy-tickets\/lotto-germany\/\" \/>\n<meta property=\"og:locale\" content=\"sv_SE\" \/>\n<meta property=\"og:type\" content=\"article\" \/>\n<meta property=\"og:title\" content=\"K\u00f6p biljetter till tyska Lotto utanf\u00f6r Tyskland | Tyskland Lotto online\" \/>\n<meta property=\"og:description\" content=\"Biljetter f\u00f6r tyska Lotto 6\/49 finns h\u00e4r, du kan s\u00e4kert k\u00f6pa dem online h\u00e4r, fr\u00e5n utanf\u00f6r Tyskland.\" \/>\n<meta property=\"og:url\" content=\"https:\/\/jackpotlotteryonline.com\/buy-tickets\/lotto-germany\/\" \/>\n<meta property=\"og:site_name\" content=\"Lotto Online - Crack The International Lottery Jackpots\" \/>\n<meta property=\"article:modified_time\" content=\"2023-01-03T21:18:35+00:00\" \/>\n<meta property=\"og:image\" content=\"https:\/\/jackpotlotteryonline.com\/wp-content\/uploads\/2022\/11\/2_ticket_euromillions3-1-111x300.jpg\" \/>\n<meta name=\"twitter:card\" content=\"summary_large_image\" \/>\n<meta name=\"twitter:label1\" content=\"Ber\u00e4knad l\u00e4stid\" \/>\n\t<meta name=\"twitter:data1\" content=\"6 minuter\" \/>\n<!-- \/ Yoast SEO plugin. -->","yoast_head_json":{"title":"K\u00f6p biljetter till tyska Lotto utanf\u00f6r Tyskland | Tyskland Lotto online","description":"Biljetter f\u00f6r tyska Lotto 6\/49 finns h\u00e4r, du kan s\u00e4kert k\u00f6pa dem online h\u00e4r, fr\u00e5n utanf\u00f6r Tyskland.","robots":{"index":"index","follow":"follow","max-snippet":"max-snippet:-1","max-image-preview":"max-image-preview:large","max-video-preview":"max-video-preview:-1"},"canonical":"https:\/\/jackpotlotteryonline.com\/buy-tickets\/lotto-germany\/","og_locale":"sv_SE","og_type":"article","og_title":"K\u00f6p biljetter till tyska Lotto utanf\u00f6r Tyskland | Tyskland Lotto online","og_description":"Biljetter f\u00f6r tyska Lotto 6\/49 finns h\u00e4r, du kan s\u00e4kert k\u00f6pa dem online h\u00e4r, fr\u00e5n utanf\u00f6r Tyskland.","og_url":"https:\/\/jackpotlotteryonline.com\/buy-tickets\/lotto-germany\/","og_site_name":"Lotto Online - Crack The International Lottery Jackpots","article_modified_time":"2023-01-03T21:18:35+00:00","og_image":[{"url":"https:\/\/jackpotlotteryonline.com\/wp-content\/uploads\/2022\/11\/2_ticket_euromillions3-1-111x300.jpg"}],"twitter_card":"summary_large_image","twitter_misc":{"Ber\u00e4knad l\u00e4stid":"6 minuter"},"schema":{"@context":"https:\/\/schema.org","@graph":[{"@type":"WebPage","@id":"https:\/\/jackpotlotteryonline.com\/buy-tickets\/lotto-germany\/","url":"https:\/\/jackpotlotteryonline.com\/buy-tickets\/lotto-germany\/","name":"K\u00f6p biljetter till tyska Lotto utanf\u00f6r Tyskland | Tyskland Lotto online","isPartOf":{"@id":"https:\/\/jackpotlotteryonline.com\/#website"},"primaryImageOfPage":{"@id":"https:\/\/jackpotlotteryonline.com\/buy-tickets\/lotto-germany\/#primaryimage"},"image":{"@id":"https:\/\/jackpotlotteryonline.com\/buy-tickets\/lotto-germany\/#primaryimage"},"thumbnailUrl":"https:\/\/jackpotlotteryonline.com\/wp-content\/uploads\/2022\/11\/2_ticket_euromillions3-1-111x300.jpg","datePublished":"2022-11-08T10:46:09+00:00","dateModified":"2023-01-03T21:18:35+00:00","description":"Biljetter f\u00f6r tyska Lotto 6\/49 finns h\u00e4r, du kan s\u00e4kert k\u00f6pa dem online h\u00e4r, fr\u00e5n utanf\u00f6r Tyskland.","breadcrumb":{"@id":"https:\/\/jackpotlotteryonline.com\/buy-tickets\/lotto-germany\/#breadcrumb"},"inLanguage":"sv-SE","potentialAction":[{"@type":"ReadAction","target":["https:\/\/jackpotlotteryonline.com\/buy-tickets\/lotto-germany\/"]}]},{"@type":"ImageObject","inLanguage":"sv-SE","@id":"https:\/\/jackpotlotteryonline.com\/buy-tickets\/lotto-germany\/#primaryimage","url":"https:\/\/jackpotlotteryonline.com\/wp-content\/uploads\/2022\/11\/2_ticket_euromillions3-1-111x300.jpg","contentUrl":"https:\/\/jackpotlotteryonline.com\/wp-content\/uploads\/2022\/11\/2_ticket_euromillions3-1-111x300.jpg"},{"@type":"BreadcrumbList","@id":"https:\/\/jackpotlotteryonline.com\/buy-tickets\/lotto-germany\/#breadcrumb","itemListElement":[{"@type":"ListItem","position":1,"name":"Home","item":"https:\/\/jackpotlotteryonline.com\/sv\/"},{"@type":"ListItem","position":2,"name":"Hur man k\u00f6per lotteri biljetter p\u00e5 n\u00e4tet","item":"https:\/\/jackpotlotteryonline.com\/buy-tickets\/"},{"@type":"ListItem","position":3,"name":"K\u00f6p biljetter till Lotto Tyskland"}]},{"@type":"WebSite","@id":"https:\/\/jackpotlotteryonline.com\/#website","url":"https:\/\/jackpotlotteryonline.com\/","name":"Lotto Online - Crack The International Lottery Jackpots","description":"","potentialAction":[{"@type":"SearchAction","target":{"@type":"EntryPoint","urlTemplate":"https:\/\/jackpotlotteryonline.com\/?s={search_term_string}"},"query-input":"required name=search_term_string"}],"inLanguage":"sv-SE"}]}},"_links":{"self":[{"href":"https:\/\/jackpotlotteryonline.com\/sv\/wp-json\/wp\/v2\/pages\/36702","targetHints":{"allow":["GET"]}}],"collection":[{"href":"https:\/\/jackpotlotteryonline.com\/sv\/wp-json\/wp\/v2\/pages"}],"about":[{"href":"https:\/\/jackpotlotteryonline.com\/sv\/wp-json\/wp\/v2\/types\/page"}],"author":[{"embeddable":true,"href":"https:\/\/jackpotlotteryonline.com\/sv\/wp-json\/wp\/v2\/users\/1"}],"replies":[{"embeddable":true,"href":"https:\/\/jackpotlotteryonline.com\/sv\/wp-json\/wp\/v2\/comments?post=36702"}],"version-history":[{"count":0,"href":"https:\/\/jackpotlotteryonline.com\/sv\/wp-json\/wp\/v2\/pages\/36702\/revisions"}],"up":[{"embeddable":true,"href":"https:\/\/jackpotlotteryonline.com\/sv\/wp-json\/wp\/v2\/pages\/35784"}],"wp:attachment":[{"href":"https:\/\/jackpotlotteryonline.com\/sv\/wp-json\/wp\/v2\/media?parent=36702"}],"curies":[{"name":"wp","href":"https:\/\/api.w.org\/{rel}","templated":true}]}}