{"id":36756,"date":"2022-11-08T13:04:47","date_gmt":"2022-11-08T13:04:47","guid":{"rendered":"https:\/\/jackpotlotteryonline.com\/?page_id=36756"},"modified":"2022-12-21T15:56:12","modified_gmt":"2022-12-21T15:56:12","slug":"la-primitiva","status":"publish","type":"page","link":"https:\/\/jackpotlotteryonline.com\/sv\/kopa-biljetter\/la-primitiva\/","title":{"rendered":"K\u00f6p La Primitiva-biljetter"},"content":{"rendered":"<h2>La Primitiva online<\/h2>\n<p>Spanska lotterier har alltid f\u00e5ngat m\u00e5ngas fantasi och La Primitiva \u00e4r inget undantag. Och nu kan du <strong>k\u00f6pa en biljett till La Primitiva online fr\u00e5n ett land utanf\u00f6r Spanien.<\/strong> Tidigare var La Primitiva endast begr\u00e4nsat till spanska medborgare, men med spridningen av kommunikation har det g\u00e5tt vidare till n\u00e4sta generation och erbjuds till alla \u00f6ver 18 \u00e5r.<\/p>\n<p>Genom v\u00e5r webbplats kan La Primitiva Lotto nu spelas online. Det \u00e4r ett av de stora europeiska lotterierna och kommer med enorma vinster.<\/p>\n<p>Om du vill k\u00f6pa en lott till La Primitiva lotto online och bor utanf\u00f6r Spanien \u00e4r det enda alternativet du har att k\u00f6pa den fr\u00e5n oss. Med m\u00e5nga kunder fr\u00e5n hela v\u00e4rlden levererar vi de b\u00e4sta tj\u00e4nsterna till dig, vilket inkluderar att k\u00f6pa biljetten till La Primitiva f\u00f6r din r\u00e4kning, hj\u00e4lpa dig att v\u00e4lja nummer och se till att prispengarna levereras s\u00e4kert till dig.<\/p>\n<section class=\"layout\" style=\"border: solid 1px; width: 100%;\">\n<div class=\"img-div\" style=\"margin-top: 5px;\"><img decoding=\"async\" class=\"wp-image-17212 alignleft\" style=\"height: 45px; margin: 8px 8px 0px;\" src=\"http:\/\/jackpotlotteryonline.com\/wp-content\/uploads\/2022\/11\/read1.jpg\" alt=\"L\u00e4s\" width=\"\" height=\"\" \/><\/div>\n<div style=\"padding-left: 5px;\">\n<div style=\"font-size: 1.1em;\">\n<p><strong>Vad \u00e4r hemligheten bakom lyckade lotterier?<\/strong><\/p>\n<p style=\"font-size: 0.85em; margin-top: -1.5em;\">Hur man framg\u00e5ngsrikt spelar p\u00e5 lotteri\u00a0\u00a0<a href=\"https:\/\/jackpotlotteryonline.com\/sv\/vad-ar-hemligheten-till-lotteriernas-succe\"> L\u00e4s mer<\/a><\/p>\n<\/div>\n<\/div>\n<\/section>\n<h2>Varf\u00f6r spela La Primitiva online?<\/h2>\n<p><a href=\"https:\/\/jackpotlotteryonline.com\/sv\/vinnande-nummer\/la-primitiva\">La Primitiva Online drar<\/a> tre dragningar tre g\u00e5nger i veckan. Detta ger tid f\u00f6r jackpottarna att stiga snabbt. Samtidigt \u00e4r vinstchanserna ganska goda, \u00e4ven f\u00f6r de h\u00f6gsta vinstniv\u00e5erna. Varje lottofan som deltar i La Primitiva Online har 1 till 6 odds p\u00e5 att vinna en kontantvinst.<\/p>\n<h2>La Primitiva vs El Gordo vs Det spanska jullotteriet<\/h2>\n<p>La Primitiva \u00e4r \u00f6verl\u00e4gset ett av de st\u00f6rsta lotterierna n\u00e4r det g\u00e4ller erbjudna bel\u00f6ningar och \u00e4r en av de mest eftertraktade bland de m\u00e5nga lottojackpottar du kan <a href=\"https:\/\/jackpotlotteryonline.com\/sv\/hur-man-spelar\/la-primitiva-2\">spela p\u00e5 v\u00e5r webbplats.<\/a> Det finns ingen anledning att f\u00f6rlora hoppet eller m\u00f6jligheten \u00e4ven om du inte bor i Spanien. Du kan spela fr\u00e5n var som helst i v\u00e4rlden om du \u00e4r \u00f6ver 18 \u00e5r.<\/p>\n<p>El Gordo \u00e4r ett helt annat lotteri, men du kan ocks\u00e5 spela det p\u00e5 v\u00e5r webbplats. El Gordo drar endast en g\u00e5ng i veckan, p\u00e5 s\u00f6ndagar.<\/p>\n<p>F\u00f6rutom de regelbundna veckodragningarna av La Primitiva och El Gordo finns det en julutg\u00e5va av El Gordo som dras endast en g\u00e5ng om \u00e5ret, den 22 december.<\/p>\n","protected":false},"excerpt":{"rendered":"<p>La Primitiva online Spanska lotterier har alltid f\u00e5ngat m\u00e5ngas fantasi och La Primitiva \u00e4r inget undantag. Och nu kan du k\u00f6pa en biljett till La Primitiva online fr\u00e5n ett land utanf\u00f6r Spanien. Tidigare var La Primitiva endast begr\u00e4nsat till spanska medborgare, men med spridningen av kommunikation har det g\u00e5tt vidare till n\u00e4sta generation och erbjuds [&hellip;]<\/p>\n","protected":false},"author":1,"featured_media":0,"parent":35784,"menu_order":7,"comment_status":"closed","ping_status":"closed","template":"la-primitiva-info.php","meta":{"_et_pb_use_builder":"","_et_pb_old_content":"","_et_gb_content_width":"","exclude_from_search":false,"footnotes":""},"class_list":["post-36756","page","type-page","status-publish","hentry"],"yoast_head":"<!-- This site is optimized with the Yoast SEO plugin v23.3 - https:\/\/yoast.com\/wordpress\/plugins\/seo\/ -->\n<title>K\u00f6p biljett till La Primitiva Lotto online och fr\u00e5n l\u00e4nder utanf\u00f6r Spanien<\/title>\n<meta name=\"description\" content=\"K\u00f6p biljetter till La Primitiva Lotto fr\u00e5n utanf\u00f6r Spanien, korsa fingrarna, v\u00e4nta och g\u00f6r det stort!\" \/>\n<meta name=\"robots\" content=\"index, follow, max-snippet:-1, max-image-preview:large, max-video-preview:-1\" \/>\n<link rel=\"canonical\" href=\"https:\/\/jackpotlotteryonline.com\/buy-tickets\/la-primitiva\/\" \/>\n<meta property=\"og:locale\" content=\"sv_SE\" \/>\n<meta property=\"og:type\" content=\"article\" \/>\n<meta property=\"og:title\" content=\"K\u00f6p biljett till La Primitiva Lotto online och fr\u00e5n l\u00e4nder utanf\u00f6r Spanien\" \/>\n<meta property=\"og:description\" content=\"K\u00f6p biljetter till La Primitiva Lotto fr\u00e5n utanf\u00f6r Spanien, korsa fingrarna, v\u00e4nta och g\u00f6r det stort!\" \/>\n<meta property=\"og:url\" content=\"https:\/\/jackpotlotteryonline.com\/buy-tickets\/la-primitiva\/\" \/>\n<meta property=\"og:site_name\" content=\"Lotto Online - Crack The International Lottery Jackpots\" \/>\n<meta property=\"article:modified_time\" content=\"2022-12-21T15:56:12+00:00\" \/>\n<meta property=\"og:image\" content=\"http:\/\/jackpotlotteryonline.com\/wp-content\/uploads\/2022\/11\/read1.jpg\" \/>\n<meta name=\"twitter:card\" content=\"summary_large_image\" \/>\n<meta name=\"twitter:label1\" content=\"Ber\u00e4knad l\u00e4stid\" \/>\n\t<meta name=\"twitter:data1\" content=\"2 minuter\" \/>\n<!-- \/ Yoast SEO plugin. -->","yoast_head_json":{"title":"K\u00f6p biljett till La Primitiva Lotto online och fr\u00e5n l\u00e4nder utanf\u00f6r Spanien","description":"K\u00f6p biljetter till La Primitiva Lotto fr\u00e5n utanf\u00f6r Spanien, korsa fingrarna, v\u00e4nta och g\u00f6r det stort!","robots":{"index":"index","follow":"follow","max-snippet":"max-snippet:-1","max-image-preview":"max-image-preview:large","max-video-preview":"max-video-preview:-1"},"canonical":"https:\/\/jackpotlotteryonline.com\/buy-tickets\/la-primitiva\/","og_locale":"sv_SE","og_type":"article","og_title":"K\u00f6p biljett till La Primitiva Lotto online och fr\u00e5n l\u00e4nder utanf\u00f6r Spanien","og_description":"K\u00f6p biljetter till La Primitiva Lotto fr\u00e5n utanf\u00f6r Spanien, korsa fingrarna, v\u00e4nta och g\u00f6r det stort!","og_url":"https:\/\/jackpotlotteryonline.com\/buy-tickets\/la-primitiva\/","og_site_name":"Lotto Online - Crack The International Lottery Jackpots","article_modified_time":"2022-12-21T15:56:12+00:00","og_image":[{"url":"http:\/\/jackpotlotteryonline.com\/wp-content\/uploads\/2022\/11\/read1.jpg"}],"twitter_card":"summary_large_image","twitter_misc":{"Ber\u00e4knad l\u00e4stid":"2 minuter"},"schema":{"@context":"https:\/\/schema.org","@graph":[{"@type":"WebPage","@id":"https:\/\/jackpotlotteryonline.com\/buy-tickets\/la-primitiva\/","url":"https:\/\/jackpotlotteryonline.com\/buy-tickets\/la-primitiva\/","name":"K\u00f6p biljett till La Primitiva Lotto online och fr\u00e5n l\u00e4nder utanf\u00f6r Spanien","isPartOf":{"@id":"https:\/\/jackpotlotteryonline.com\/#website"},"primaryImageOfPage":{"@id":"https:\/\/jackpotlotteryonline.com\/buy-tickets\/la-primitiva\/#primaryimage"},"image":{"@id":"https:\/\/jackpotlotteryonline.com\/buy-tickets\/la-primitiva\/#primaryimage"},"thumbnailUrl":"http:\/\/jackpotlotteryonline.com\/wp-content\/uploads\/2022\/11\/read1.jpg","datePublished":"2022-11-08T13:04:47+00:00","dateModified":"2022-12-21T15:56:12+00:00","description":"K\u00f6p biljetter till La Primitiva Lotto fr\u00e5n utanf\u00f6r Spanien, korsa fingrarna, v\u00e4nta och g\u00f6r det stort!","breadcrumb":{"@id":"https:\/\/jackpotlotteryonline.com\/buy-tickets\/la-primitiva\/#breadcrumb"},"inLanguage":"sv-SE","potentialAction":[{"@type":"ReadAction","target":["https:\/\/jackpotlotteryonline.com\/buy-tickets\/la-primitiva\/"]}]},{"@type":"ImageObject","inLanguage":"sv-SE","@id":"https:\/\/jackpotlotteryonline.com\/buy-tickets\/la-primitiva\/#primaryimage","url":"http:\/\/jackpotlotteryonline.com\/wp-content\/uploads\/2022\/11\/read1.jpg","contentUrl":"http:\/\/jackpotlotteryonline.com\/wp-content\/uploads\/2022\/11\/read1.jpg"},{"@type":"BreadcrumbList","@id":"https:\/\/jackpotlotteryonline.com\/buy-tickets\/la-primitiva\/#breadcrumb","itemListElement":[{"@type":"ListItem","position":1,"name":"Home","item":"https:\/\/jackpotlotteryonline.com\/sv\/"},{"@type":"ListItem","position":2,"name":"Hur man k\u00f6per lotteri biljetter p\u00e5 n\u00e4tet","item":"https:\/\/jackpotlotteryonline.com\/buy-tickets\/"},{"@type":"ListItem","position":3,"name":"K\u00f6p La Primitiva-biljetter"}]},{"@type":"WebSite","@id":"https:\/\/jackpotlotteryonline.com\/#website","url":"https:\/\/jackpotlotteryonline.com\/","name":"Lotto Online - Crack The International Lottery Jackpots","description":"","potentialAction":[{"@type":"SearchAction","target":{"@type":"EntryPoint","urlTemplate":"https:\/\/jackpotlotteryonline.com\/?s={search_term_string}"},"query-input":"required name=search_term_string"}],"inLanguage":"sv-SE"}]}},"_links":{"self":[{"href":"https:\/\/jackpotlotteryonline.com\/sv\/wp-json\/wp\/v2\/pages\/36756","targetHints":{"allow":["GET"]}}],"collection":[{"href":"https:\/\/jackpotlotteryonline.com\/sv\/wp-json\/wp\/v2\/pages"}],"about":[{"href":"https:\/\/jackpotlotteryonline.com\/sv\/wp-json\/wp\/v2\/types\/page"}],"author":[{"embeddable":true,"href":"https:\/\/jackpotlotteryonline.com\/sv\/wp-json\/wp\/v2\/users\/1"}],"replies":[{"embeddable":true,"href":"https:\/\/jackpotlotteryonline.com\/sv\/wp-json\/wp\/v2\/comments?post=36756"}],"version-history":[{"count":0,"href":"https:\/\/jackpotlotteryonline.com\/sv\/wp-json\/wp\/v2\/pages\/36756\/revisions"}],"up":[{"embeddable":true,"href":"https:\/\/jackpotlotteryonline.com\/sv\/wp-json\/wp\/v2\/pages\/35784"}],"wp:attachment":[{"href":"https:\/\/jackpotlotteryonline.com\/sv\/wp-json\/wp\/v2\/media?parent=36756"}],"curies":[{"name":"wp","href":"https:\/\/api.w.org\/{rel}","templated":true}]}}