{"id":36810,"date":"2022-11-09T07:31:25","date_gmt":"2022-11-09T07:31:25","guid":{"rendered":"https:\/\/jackpotlotteryonline.com\/?page_id=36810"},"modified":"2023-01-03T21:46:36","modified_gmt":"2023-01-03T21:46:36","slug":"lotto-france","status":"publish","type":"page","link":"https:\/\/jackpotlotteryonline.com\/sv\/kopa-biljetter\/lotto-france\/","title":{"rendered":"K\u00f6p biljetter till Lotto France"},"content":{"rendered":"<p>Kan man k\u00f6pa biljetter till franska Lotto fr\u00e5n ett annat land \u00e4n Europa? Kanske \u00e4r du en erfaren spelare eller en nyb\u00f6rjare och du undrar varf\u00f6r du skulle vara intresserad av just det lotteriet. Vi ska dela med oss av n\u00e5gra sk\u00e4l till varf\u00f6r vi tror att det franska nationella lotteriet \u00e4r ett bra spel att spela. Om du \u00e4r en spelare fr\u00e5n en annan del av v\u00e4rlden kommer du att uppt\u00e4cka hur du kan k\u00f6pa bidrag till detta lotteri ocks\u00e5.<\/p>\n<p>Lotteriet \u00e4r ett slumpspel och ibland kan du beh\u00f6va sprida ut ditt n\u00e4t f\u00f6r att f\u00e5nga st\u00f6rre fiskar. I grund och botten inneb\u00e4r detta att utforska andra lotterier s\u00e5 att du kan \u00f6ka dina chanser att vinna. Det franska lotteriet \u00e4r ett bra lotteri att prova av m\u00e5nga sk\u00e4l och vi kommer att ber\u00f6ra dem i den h\u00e4r artikeln.<\/p>\n<h2>Fantastiska jackpottbelopp<\/h2>\n<p>Det franska lotteriet, \u00e4ven kallat France Lotto eller bara Loto i korthet, har mycket attraktiva jackpottar som lockar spelare fr\u00e5n hela v\u00e4rlden. Med ett startbelopp p\u00e5 2 miljoner euro har jackpotten potential att v\u00e4xa mycket st\u00f6rre om den inte vinns efter varje dragning.<\/p>\n<p>Den franska lotterijackpotten rullar \u00f6ver n\u00e4r det inte finns n\u00e5gon vinnare och forts\u00e4tter att \u00f6ka tills den n\u00e5r ett betydande belopp. N\u00e4r du spelar detta europeiska lotteri kan du bli vinnare av en jackpot p\u00e5 11 miljoner euro eller mer.<\/p>\n<p>I sammanhanget kan n\u00e4mnas att jackpotten \u00f6kar med 1 miljon euro efter varje dragning och kan \u00f6ka 34 g\u00e5nger i rad innan den slutar rulla \u00f6ver. F\u00f6rs\u00f6k att f\u00f6rest\u00e4lla dig hur mycket det kan bli, och ganska snabbt dessutom.<\/p>\n<h2>Flera dragningar i veckan<\/h2>\n<p>Anledningen till att jackpottpriset v\u00e4xer s\u00e5 snabbt beror p\u00e5 antalet dragningar. <a href=\"https:\/\/jackpotlotteryonline.com\/sv\/vinnande-nummer\/france-lotto-2\">Det franska lotteriet har tre dragningar i veckan<\/a>, vilket ger spelarna flera chanser att vinna stort. Dragningarna \u00e4ger rum p\u00e5 m\u00e5ndag, onsdag och l\u00f6rdag.<\/p>\n<p>Om du best\u00e4mmer dig f\u00f6r att delta i detta lotteri rekommenderar vi att du deltar i flera dragningar eftersom det \u00e4r ett bra s\u00e4tt att \u00f6ka dina vinstchanser.<\/p>\n<h2>10 olika priskategorier<\/h2>\n<p><img loading=\"lazy\" decoding=\"async\" class=\"alignright size-full wp-image-30344\" src=\"https:\/\/jackpotlotteryonline.com\/wp-content\/uploads\/2022\/11\/1_winning_numbers_euromillions.jpg\" alt=\"Frankrike lotteri priskategori\" width=\"300\" height=\"300\" srcset=\"https:\/\/jackpotlotteryonline.com\/wp-content\/uploads\/2022\/11\/1_winning_numbers_euromillions.jpg 300w, https:\/\/jackpotlotteryonline.com\/wp-content\/uploads\/2022\/11\/1_winning_numbers_euromillions-100x100.jpg 100w, https:\/\/jackpotlotteryonline.com\/wp-content\/uploads\/2022\/11\/1_winning_numbers_euromillions-150x150.jpg 150w\" sizes=\"auto, (max-width: 300px) 100vw, 300px\" \/><\/p>\n<p>Jackpotpriset \u00e4r attraktivt, men det \u00e4r inte det enda du kan vinna n\u00e4r du<a href=\"https:\/\/jackpotlotteryonline.com\/sv\/hur-man-spelar\/france-lotto\"> spelar det franska lotteriet<\/a>. Detta lotteri, som grundades 1978, har tio olika priskategorier. Det finns till och med ett pris f\u00f6r att matcha chansnumret.<\/p>\n<p>Priskategorierna listas nedan.<\/p>\n<p>Matcha 5 nummer + chansnummer &#8211; Jackpot<br \/>\nMatcha endast 5 nummer &#8211; 8,44 % av prissumman.<br \/>\nMatcha 4 nummer + chansnummer &#8211; 2,06 % av prissumman.<br \/>\nMatcha endast 4 nummer &#8211; 7,43 % av prissumman.<br \/>\nMatch 3 nummer + chansnummer &#8211; 4,44 % av prissumman.<br \/>\nEndast match 3 nummer &#8211; 15,98 % av prissumman<br \/>\nMatch 2 nummer + chansnummer &#8211; 12,43 % av prissumman<br \/>\nEndast match 2 nummer &#8211; 49,22 % av prissumman<br \/>\nMatch 1 nummer + chansnummer &#8211; 2,20 euro<br \/>\nEndast chansnummer &#8211; 2,20 euro<\/p>\n<h2>L\u00e4tt att spela b\u00e5de offline och online<\/h2>\n<p>En annan anledning att \u00f6verv\u00e4ga att spela p\u00e5 det franska lotteriet \u00e4r att det \u00e4r ganska enkelt att delta i lotteriet. Om du bor i Frankrike \u00e4r det lika enkelt att delta i lotteriet som att g\u00e5 till en registrerad lotterif\u00f6r\u00e4ljare f\u00f6r att k\u00f6pa en lotterisedel. P\u00e5 kupongen f\u00e5r du v\u00e4lja 5 huvudnummer och ett chansnummer. Du kan v\u00e4lja mer \u00e4n en rad nummer f\u00f6r att \u00f6ka dina chanser att vinna p\u00e5 lotteriet.<\/p>\n<p>Om du bor utanf\u00f6r Frankrike \u00e4r det dock mindre enkelt att delta i lotteriet. Du kan inte g\u00e5 in i en butik f\u00f6r att k\u00f6pa lotter f\u00f6r detta lotteri s\u00e5 alternativet \u00e4r att k\u00f6pa lotter online. Om du deltar i lotteriet via internet g\u00e4ller samma princip. Det vill s\u00e4ga, v\u00e4lj 5 huvudnummer och ett chansnummer.<\/p>\n<p>Oavsett om du spelar lotteriet offline eller online m\u00e5ste du v\u00e4lja hur m\u00e5nga dragningar du vill delta i. I slutet av dragningarna vinner den lott som matchar de dragna numren lotteriet.<\/p>\n<section class=\"layout\" style=\"border: solid 1px; width: 100%;\">\n<div class=\"img-div\" style=\"margin-top: 5px;\"><img decoding=\"async\" class=\"wp-image-17212 alignleft\" style=\"height: 45px; margin: 8px 8px 0px;\" src=\"https:\/\/jackpotlotteryonline.com\/wp-content\/uploads\/2022\/11\/read1.jpg\" alt=\"L\u00e4s\" width=\"\" height=\"\" \/><\/div>\n<div style=\"padding-left: 5px;\">\n<div style=\"font-size: 1.1em;\">\n<p><strong>Se hur dina lottnummer dras live<\/strong><\/p>\n<p style=\"font-size: 0.85em; margin-top: -1.5em;\">Hur du kan titta p\u00e5 live-uttagningar av dina favoritlotterier\u00a0\u00a0 <a href=\"https:\/\/jackpotlotteryonline.com\/sv\/titta-pa-hur-dina-lottnummer-dras-live\"> L\u00e4s mer<\/a><\/p>\n<\/div>\n<\/div>\n<\/section>\n<h2>Spela det franska lotteriet med jackpotlotteryonline.com<\/h2>\n<p>Om du \u00e4r nyb\u00f6rjare n\u00e4r det g\u00e4ller att spela p\u00e5 lotto via internet kan det bli v\u00e4ldigt f\u00f6rvirrande v\u00e4ldigt snabbt. Hur sorterar du bland alla olika sajter som p\u00e5st\u00e5r sig s\u00e4lja lotter till \u00e4kta f\u00f6rs\u00e4ljare? Det \u00e4r enkelt. S\u00f6k efter en webbplats som erbjuder conciergetj\u00e4nster.<\/p>\n<p>P\u00e5 jackpotlotteryoneline.com erbjuder vi conciergetj\u00e4nster till v\u00e5ra kunder f\u00f6r att se till att de f\u00e5r tillg\u00e5ng till de lotterier de vill ha. N\u00e4r du k\u00f6per en post p\u00e5 v\u00e5r webbplats k\u00f6per v\u00e5ra agenter i Frankrike fysiska lotter med ditt valda nummer.<\/p>\n<p>Anledningen till detta \u00e4r f\u00f6r att s\u00e4kerst\u00e4lla att du inte bara satsar p\u00e5 resultatet av lotteriet, utan att du verkligen deltar i dragningarna f\u00f6r att ha en chans att vinna jackpotten.<\/p>\n<h2>Tips f\u00f6r att \u00f6ka dina chanser att vinna<\/h2>\n<p><img loading=\"lazy\" decoding=\"async\" class=\"alignright size-full wp-image-35051\" src=\"https:\/\/jackpotlotteryonline.com\/wp-content\/uploads\/2022\/11\/2_ticket_saturday_lotto_au-1-166x300-1.jpg\" alt=\"Frankrike lotteri biljett\" width=\"166\" height=\"300\" \/><\/p>\n<p>Lotteriet \u00e4r ett spel med siffror. Ju mer du spelar, desto st\u00f6rre \u00e4r dina chanser att vinna. En stor andel av lotterivinnarna avsl\u00f6jade att de hade spelat i flera \u00e5r innan de vann. S\u00e5 h\u00e4r \u00e4r n\u00e5gra s\u00e4tt som du kan \u00f6ka dina chanser att vinna p\u00e5 lotteriet.<\/p>\n<ul>\n<li>K\u00f6p flera lotterier till lotteriet. Detta verkar s\u00e5 sj\u00e4lvklart men det finns m\u00e4nniskor som k\u00f6per en enda post till en enda dragning och sedan k\u00e4nner sig besvikna f\u00f6r att de inte vann. Om du vill \u00f6ka dina chanser att vinna m\u00e5ste du k\u00f6pa flera lotterier.<\/li>\n<li>Delta i flera dragningar ocks\u00e5. Logiken \u00e4r densamma f\u00f6r dragningarna. Ju fler dragningar du deltar i, desto st\u00f6rre \u00e4r dina chanser att vinna stort.<\/li>\n<li>F\u00f6rs\u00f6k att g\u00e5 med i ett lotteri-syndikat. Detta \u00e4r en grupp m\u00e4nniskor som g\u00e5r samman f\u00f6r att samla sina resurser s\u00e5 att de kan spela p\u00e5 lotto. Med gemensamma resurser kan de k\u00f6pa fler lotterier och delta i flera dragningar. Intressant nog har m\u00e5nga lottosyndikat vunnit otroliga jackpottar genom \u00e5ren, s\u00e5 det \u00e4r ett bra alternativ att prova.<\/li>\n<li>Tro p\u00e5 att du kommer att vinna. Lagen om attraktion \u00e4r en sak och m\u00e5nga lottovinnare skulle ber\u00e4tta f\u00f6r dig att de trodde p\u00e5 att de skulle vinna p\u00e5 lotteriet. Om du ska \u00e4gna n\u00e5gon tid \u00e5t att spela p\u00e5 lotto \u00e4r det en bra id\u00e9 att ha en stark tro p\u00e5 att du kommer att vinna.<\/li>\n<li>Ge inte upp. Det \u00e4r frestande att ge upp n\u00e4r du spelar n\u00e5gra g\u00e5nger utan att vinna. Men om du verkligen vill vinna stort m\u00e5ste du vara konsekvent. Satsa bara vad du har r\u00e5d med.<\/li>\n<li>Kom ih\u00e5g att ha roligt n\u00e4r du spelar p\u00e5 lotto. I slut\u00e4ndan \u00e4r det fortfarande ett spel och s\u00e5 l\u00e4nge du njuter av upplevelsen s\u00e5 \u00e4r det v\u00e4rt det.<\/li>\n<\/ul>\n<h2>K\u00f6p dina franska Lottolotter nu<\/h2>\n<p>Om du \u00e4r lika entusiastisk \u00f6ver det franska lotteriet som vi \u00e4r s\u00e5 \u00e4r det dags att k\u00f6pa ditt intr\u00e4de till lotteriet. Tack och lov spelar det inte l\u00e4ngre n\u00e5gon roll var du bor eftersom du kan k\u00f6pa dina biljetter online.<\/p>\n<p>N\u00e4r du registrerar dig hos oss beh\u00f6ver du inte oroa dig f\u00f6r att f\u00f6rlora dina biljetter eller gl\u00f6mma att kolla resultaten. Vi sk\u00f6ter allt detta \u00e5t dig och meddelar dig om eventuella vinster som du kan ha. Du kan ocks\u00e5 enkelt ta ut dina vinster via v\u00e5r plattform.<\/p>\n<p>Att spela p\u00e5 lotteri \u00e4r en smidig och stressfri upplevelse n\u00e4r du spelar p\u00e5 v\u00e5r webbplats. Du vet aldrig om det \u00e4r den h\u00e4r dagen som turen st\u00e5r p\u00e5 din sida. S\u00e5 varf\u00f6r inte registrera dig hos oss idag f\u00f6r att k\u00f6pa lotter till det franska lotteriet?<\/p>\n","protected":false},"excerpt":{"rendered":"<p>Kan man k\u00f6pa biljetter till franska Lotto fr\u00e5n ett annat land \u00e4n Europa? Kanske \u00e4r du en erfaren spelare eller en nyb\u00f6rjare och du undrar varf\u00f6r du skulle vara intresserad av just det lotteriet. Vi ska dela med oss av n\u00e5gra sk\u00e4l till varf\u00f6r vi tror att det franska nationella lotteriet \u00e4r ett bra spel [&hellip;]<\/p>\n","protected":false},"author":1,"featured_media":0,"parent":35784,"menu_order":9,"comment_status":"closed","ping_status":"closed","template":"lotto-fr-info.php","meta":{"_et_pb_use_builder":"","_et_pb_old_content":"","_et_gb_content_width":"","exclude_from_search":false,"footnotes":""},"class_list":["post-36810","page","type-page","status-publish","hentry"],"yoast_head":"<!-- This site is optimized with the Yoast SEO plugin v23.3 - https:\/\/yoast.com\/wordpress\/plugins\/seo\/ -->\n<title>K\u00f6p biljetter till Franska Lotto utanf\u00f6r Frankrike | K\u00f6p biljetter till Franska Lotto online<\/title>\n<meta name=\"description\" content=\"F\u00f6r att k\u00f6pa biljetter till France Lotto beh\u00f6ver du inte befinna dig i Frankrike. Skaffa dina biljetter till det franska lotteriet online h\u00e4r!\" \/>\n<meta name=\"robots\" content=\"index, follow, max-snippet:-1, max-image-preview:large, max-video-preview:-1\" \/>\n<link rel=\"canonical\" href=\"https:\/\/jackpotlotteryonline.com\/buy-tickets\/lotto-france\/\" \/>\n<meta property=\"og:locale\" content=\"sv_SE\" \/>\n<meta property=\"og:type\" content=\"article\" \/>\n<meta property=\"og:title\" content=\"K\u00f6p biljetter till Franska Lotto utanf\u00f6r Frankrike | K\u00f6p biljetter till Franska Lotto online\" \/>\n<meta property=\"og:description\" content=\"F\u00f6r att k\u00f6pa biljetter till France Lotto beh\u00f6ver du inte befinna dig i Frankrike. Skaffa dina biljetter till det franska lotteriet online h\u00e4r!\" \/>\n<meta property=\"og:url\" content=\"https:\/\/jackpotlotteryonline.com\/buy-tickets\/lotto-france\/\" \/>\n<meta property=\"og:site_name\" content=\"Lotto Online - Crack The International Lottery Jackpots\" \/>\n<meta property=\"article:modified_time\" content=\"2023-01-03T21:46:36+00:00\" \/>\n<meta property=\"og:image\" content=\"https:\/\/jackpotlotteryonline.com\/wp-content\/uploads\/2022\/11\/1_winning_numbers_euromillions.jpg\" \/>\n<meta name=\"twitter:card\" content=\"summary_large_image\" \/>\n<meta name=\"twitter:label1\" content=\"Ber\u00e4knad l\u00e4stid\" \/>\n\t<meta name=\"twitter:data1\" content=\"6 minuter\" \/>\n<!-- \/ Yoast SEO plugin. -->","yoast_head_json":{"title":"K\u00f6p biljetter till Franska Lotto utanf\u00f6r Frankrike | K\u00f6p biljetter till Franska Lotto online","description":"F\u00f6r att k\u00f6pa biljetter till France Lotto beh\u00f6ver du inte befinna dig i Frankrike. Skaffa dina biljetter till det franska lotteriet online h\u00e4r!","robots":{"index":"index","follow":"follow","max-snippet":"max-snippet:-1","max-image-preview":"max-image-preview:large","max-video-preview":"max-video-preview:-1"},"canonical":"https:\/\/jackpotlotteryonline.com\/buy-tickets\/lotto-france\/","og_locale":"sv_SE","og_type":"article","og_title":"K\u00f6p biljetter till Franska Lotto utanf\u00f6r Frankrike | K\u00f6p biljetter till Franska Lotto online","og_description":"F\u00f6r att k\u00f6pa biljetter till France Lotto beh\u00f6ver du inte befinna dig i Frankrike. Skaffa dina biljetter till det franska lotteriet online h\u00e4r!","og_url":"https:\/\/jackpotlotteryonline.com\/buy-tickets\/lotto-france\/","og_site_name":"Lotto Online - Crack The International Lottery Jackpots","article_modified_time":"2023-01-03T21:46:36+00:00","og_image":[{"url":"https:\/\/jackpotlotteryonline.com\/wp-content\/uploads\/2022\/11\/1_winning_numbers_euromillions.jpg"}],"twitter_card":"summary_large_image","twitter_misc":{"Ber\u00e4knad l\u00e4stid":"6 minuter"},"schema":{"@context":"https:\/\/schema.org","@graph":[{"@type":"WebPage","@id":"https:\/\/jackpotlotteryonline.com\/buy-tickets\/lotto-france\/","url":"https:\/\/jackpotlotteryonline.com\/buy-tickets\/lotto-france\/","name":"K\u00f6p biljetter till Franska Lotto utanf\u00f6r Frankrike | K\u00f6p biljetter till Franska Lotto online","isPartOf":{"@id":"https:\/\/jackpotlotteryonline.com\/#website"},"primaryImageOfPage":{"@id":"https:\/\/jackpotlotteryonline.com\/buy-tickets\/lotto-france\/#primaryimage"},"image":{"@id":"https:\/\/jackpotlotteryonline.com\/buy-tickets\/lotto-france\/#primaryimage"},"thumbnailUrl":"https:\/\/jackpotlotteryonline.com\/wp-content\/uploads\/2022\/11\/1_winning_numbers_euromillions.jpg","datePublished":"2022-11-09T07:31:25+00:00","dateModified":"2023-01-03T21:46:36+00:00","description":"F\u00f6r att k\u00f6pa biljetter till France Lotto beh\u00f6ver du inte befinna dig i Frankrike. Skaffa dina biljetter till det franska lotteriet online h\u00e4r!","breadcrumb":{"@id":"https:\/\/jackpotlotteryonline.com\/buy-tickets\/lotto-france\/#breadcrumb"},"inLanguage":"sv-SE","potentialAction":[{"@type":"ReadAction","target":["https:\/\/jackpotlotteryonline.com\/buy-tickets\/lotto-france\/"]}]},{"@type":"ImageObject","inLanguage":"sv-SE","@id":"https:\/\/jackpotlotteryonline.com\/buy-tickets\/lotto-france\/#primaryimage","url":"https:\/\/jackpotlotteryonline.com\/wp-content\/uploads\/2022\/11\/1_winning_numbers_euromillions.jpg","contentUrl":"https:\/\/jackpotlotteryonline.com\/wp-content\/uploads\/2022\/11\/1_winning_numbers_euromillions.jpg"},{"@type":"BreadcrumbList","@id":"https:\/\/jackpotlotteryonline.com\/buy-tickets\/lotto-france\/#breadcrumb","itemListElement":[{"@type":"ListItem","position":1,"name":"Home","item":"https:\/\/jackpotlotteryonline.com\/sv\/"},{"@type":"ListItem","position":2,"name":"Hur man k\u00f6per lotteri biljetter p\u00e5 n\u00e4tet","item":"https:\/\/jackpotlotteryonline.com\/buy-tickets\/"},{"@type":"ListItem","position":3,"name":"K\u00f6p biljetter till Lotto France"}]},{"@type":"WebSite","@id":"https:\/\/jackpotlotteryonline.com\/#website","url":"https:\/\/jackpotlotteryonline.com\/","name":"Lotto Online - Crack The International Lottery Jackpots","description":"","potentialAction":[{"@type":"SearchAction","target":{"@type":"EntryPoint","urlTemplate":"https:\/\/jackpotlotteryonline.com\/?s={search_term_string}"},"query-input":"required name=search_term_string"}],"inLanguage":"sv-SE"}]}},"_links":{"self":[{"href":"https:\/\/jackpotlotteryonline.com\/sv\/wp-json\/wp\/v2\/pages\/36810","targetHints":{"allow":["GET"]}}],"collection":[{"href":"https:\/\/jackpotlotteryonline.com\/sv\/wp-json\/wp\/v2\/pages"}],"about":[{"href":"https:\/\/jackpotlotteryonline.com\/sv\/wp-json\/wp\/v2\/types\/page"}],"author":[{"embeddable":true,"href":"https:\/\/jackpotlotteryonline.com\/sv\/wp-json\/wp\/v2\/users\/1"}],"replies":[{"embeddable":true,"href":"https:\/\/jackpotlotteryonline.com\/sv\/wp-json\/wp\/v2\/comments?post=36810"}],"version-history":[{"count":0,"href":"https:\/\/jackpotlotteryonline.com\/sv\/wp-json\/wp\/v2\/pages\/36810\/revisions"}],"up":[{"embeddable":true,"href":"https:\/\/jackpotlotteryonline.com\/sv\/wp-json\/wp\/v2\/pages\/35784"}],"wp:attachment":[{"href":"https:\/\/jackpotlotteryonline.com\/sv\/wp-json\/wp\/v2\/media?parent=36810"}],"curies":[{"name":"wp","href":"https:\/\/api.w.org\/{rel}","templated":true}]}}