{"id":36863,"date":"2022-11-09T09:21:53","date_gmt":"2022-11-09T09:21:53","guid":{"rendered":"https:\/\/jackpotlotteryonline.com\/?page_id=36863"},"modified":"2023-01-04T09:23:43","modified_gmt":"2023-01-04T09:23:43","slug":"lotto-america","status":"publish","type":"page","link":"https:\/\/jackpotlotteryonline.com\/sv\/kopa-biljetter\/lotto-america\/","title":{"rendered":"Lotto America biljetter online"},"content":{"rendered":"<p>I mars 2018 vann en familj jackpotten p\u00e5 23 miljoner dollar i Lotto America. Det \u00e4r den h\u00f6gsta vinsten som n\u00e5gon spelare har vunnit hittills, men det har dock v\u00e4ckt uppm\u00e4rksamhet kring detta lotteri. Lottot grundades 1988 av sju amerikanska delstater, men flera andra delstater ansl\u00f6t sig till lotteriet. Under \u00e5rens lopp har det producerat flera miljon\u00e4rer.<\/p>\n<p>Du kan k\u00f6pa biljetter till detta lotteri i n\u00e5gon av de deltagande staterna. Intressant nog \u00e4r detta inte det enda lotteriet i USA, men det har konsekvent lockat spelare fr\u00e5n alla h\u00e5ll. Om du \u00e4r en spelare utanf\u00f6r Nordamerika kanske du undrar hur du ska k\u00f6pa biljetter till detta lotteri.<\/p>\n<p>Vi kommer att guida dig genom <a href=\"https:\/\/jackpotlotteryonline.com\/sv\/hur-man-spelar\/lotto-america\">att framg\u00e5ngsrikt spela detta lotteri fr\u00e5n l\u00e4nder utanf\u00f6r USA<\/a>. Vi kommer ocks\u00e5 att g\u00f6ra v\u00e5rt b\u00e4sta f\u00f6r att svara p\u00e5 alla fr\u00e5gor du kan ha om Lotto America och hur man deltar i lotteriet.<\/p>\n<h2>Hur fungerar lotteriet?<\/h2>\n<p>Precis som de flesta lotterispel \u00e4r detta ett spel med nummer p\u00e5 flera s\u00e4tt. Det \u00e4r ett spel med nummer p\u00e5 s\u00e5 s\u00e4tt att spelarna inte har h\u00f6ga vinstchanser. Men s\u00e5 \u00e4r lotteriet och det g\u00e5r inte att s\u00e4ga n\u00e4r turen kommer att gynna en spelare. Det \u00e4r ocks\u00e5 ett spel med siffror p\u00e5 det s\u00e4tt som spelet spelas p\u00e5.<\/p>\n<p>F\u00f6r detta amerikanska lotteri m\u00e5ste spelarna v\u00e4lja fem huvudnummer mellan 1 och 52. Du m\u00e5ste ocks\u00e5 v\u00e4lja ett Star Ball-nummer mellan 1 och 10. Det \u00e4r totalt 6 nummer. Om du \u00e4r os\u00e4ker p\u00e5 vilka nummer du ska v\u00e4lja kan du anv\u00e4nda en automatisk valberedare f\u00f6r att g\u00f6ra det snabbare. Du kan ocks\u00e5 v\u00e4lja flera nummerrader f\u00f6r att \u00f6ka dina vinstchanser.<\/p>\n<p>D\u00e4refter v\u00e4ljer du hur m\u00e5nga dragningar du vill delta i. Detta amerikanska lotteri har tre dragningar i veckan, m\u00e5ndag, onsdag och l\u00f6rdag. Du kan delta i flera dragningar.<\/p>\n<h2>Spela All Star Bonus<\/h2>\n<p><img loading=\"lazy\" decoding=\"async\" class=\"size-full wp-image-29993 alignright\" src=\"https:\/\/jackpotlotteryonline.com\/wp-content\/uploads\/2022\/11\/1_win_lottery_usa_online.jpg\" alt=\"Lotto America biljetter online\" width=\"300\" height=\"200\" \/><\/p>\n<p>All Star Bonus \u00e4r ett s\u00e4tt att multiplicera dina vinster. N\u00e4r du v\u00e4ljer dina nummer kan du inkludera All Star-bonusen mot en extra avgift. Detta \u00e4r s\u00e4rskilt anv\u00e4ndbart f\u00f6r dem som vinner priser i de andra kategorierna eftersom det kan \u00f6ka det de tar hem betydligt.<\/p>\n<p>All Star-bonusen v\u00e4ljs slumpm\u00e4ssigt och tillk\u00e4nnages <a href=\"https:\/\/jackpotlotteryonline.com\/sv\/vinnande-nummer\/lotto-america\">p\u00e5 dragningsdagen<\/a>. Observera att du inte kan inkludera detta efter att du redan har gjort ditt k\u00f6p. Den m\u00e5ste inkluderas i samband med biljettk\u00f6pet.<\/p>\n<h2>Att vinna jackpotten<\/h2>\n<p>Jackpotten b\u00f6rjar p\u00e5 2 miljoner dollar. Om det inte finns n\u00e5gon vinnare efter en dragning rullar den \u00f6ver till n\u00e4sta dragning. Den forts\u00e4tter att rullas \u00f6ver tills den n\u00e5r 10 miljoner dollar. Som vi n\u00e4mnde i b\u00f6rjan kan den komma l\u00e5ngt \u00f6ver 10 miljoner dollar.<\/p>\n<p>Det \u00e4r bra att notera att jackpotten inte \u00e4r den enda vinsten som en spelare kan vinna n\u00e4r han eller hon spelar detta amerikanska lotteri. Det har \u00e5tta andra vinstniv\u00e5er, inklusive ett pris enbart f\u00f6r att matcha Star Ball. I kombination med All Star Bonus kan en spelare som vinner ett subsidi\u00e4rt pris g\u00e5 hem mycket rikare.<\/p>\n<section class=\"layout\" style=\"border: solid 1px; width: 100%;\">\n<div class=\"img-div\" style=\"margin-top: 5px;\"><img decoding=\"async\" class=\"wp-image-17212 alignleft\" style=\"height: 45px; margin: 8px 8px 0px;\" src=\"https:\/\/jackpotlotteryonline.com\/wp-content\/uploads\/2022\/11\/read1.jpg\" alt=\"L\u00e4s\" width=\"\" height=\"\" \/><\/div>\n<div style=\"padding-left: 5px;\">\n<div style=\"font-size: 1.1em;\">\n<p><strong>N\u00e5gra lottovinnare gav tillbaka till samh\u00e4llet<\/strong><\/p>\n<p style=\"font-size: 0.85em; margin-top: -1.5em;\">N\u00e5gra intressanta och hj\u00e4rtev\u00e4rmande ber\u00e4ttelser om lotterivinnare som ger tillbaka\u00a0 <a href=\"https:\/\/jackpotlotteryonline.com\/sv\/berattelser-om-lotterivinnare-som-ger-tillbaka\">L\u00e4s mer<\/a><\/p>\n<\/div>\n<\/div>\n<\/section>\n<h2>N\u00e4r du vinner<\/h2>\n<p>Enligt Lotto Americas webbplats kan du bara h\u00e4mta ut ett pris i den delstat d\u00e4r du vann. S\u00e5 om du till exempel k\u00f6pte din lott i Maine m\u00e5ste du \u00e5ka till den staten f\u00f6r att h\u00e4mta ut din vinst. Om du d\u00e4remot bor utanf\u00f6r staterna \u00e4r saker och ting lite annorlunda.<\/p>\n<h2>Hur man k\u00f6per lotter till Lotto America utanf\u00f6r USA<\/h2>\n<p><img loading=\"lazy\" decoding=\"async\" class=\"alignright size-medium wp-image-34079\" src=\"https:\/\/jackpotlotteryonline.com\/wp-content\/uploads\/2022\/11\/2_ticket_mon_wed_lotto_au-176x300.jpg\" alt=\"Lotto America biljetter fr\u00e5n utanf\u00f6r USA\" width=\"176\" height=\"300\" srcset=\"https:\/\/jackpotlotteryonline.com\/wp-content\/uploads\/2022\/11\/2_ticket_mon_wed_lotto_au-176x300.jpg 176w, https:\/\/jackpotlotteryonline.com\/wp-content\/uploads\/2022\/11\/2_ticket_mon_wed_lotto_au.jpg 250w\" sizes=\"auto, (max-width: 176px) 100vw, 176px\" \/><\/p>\n<p>Det finns bara tv\u00e5 s\u00e4tt att delta i detta lotteri. Det f\u00f6rsta \u00e4r att k\u00f6pa en lott fr\u00e5n en f\u00f6rs\u00e4ljare i n\u00e5gon av de stater d\u00e4r lotter s\u00e4ljs. Medan det andra alternativet \u00e4r att f\u00e5 tillg\u00e5ng till lotteriet via internet. Fler spelare deltar i internationella lotterier online.<\/p>\n<p>Det finns lotterisajter som ger spelarna legitim tillg\u00e5ng till lotterier runt om i v\u00e4rlden. Innan du klickar p\u00e5 n\u00e5gon av dessa sajter \u00e4r det viktigt att f\u00f6rst och fr\u00e4mst ta reda p\u00e5 om det \u00e4r en conciergesajt. Detta f\u00f6r att du inte ska sluta satsa p\u00e5 resultatet av lotteriet i st\u00e4llet f\u00f6r att delta i lotteriet.<\/p>\n<p>N\u00e4r du k\u00f6per din lott hos oss f\u00e5r du tillg\u00e5ng till det lotteri du vill ha. Vi driver en conciergetj\u00e4nst med agenter \u00f6ver hela v\u00e4rlden. N\u00e4r du k\u00f6per din lott p\u00e5 n\u00e4tet f\u00e5r v\u00e5ra agenter i det landet ocks\u00e5 en fysisk kupong med motsvarande nummer. Oavsett var du befinner dig kan du vara s\u00e4ker p\u00e5 att du har en chans att vinna stort.<\/p>\n","protected":false},"excerpt":{"rendered":"<p>I mars 2018 vann en familj jackpotten p\u00e5 23 miljoner dollar i Lotto America. Det \u00e4r den h\u00f6gsta vinsten som n\u00e5gon spelare har vunnit hittills, men det har dock v\u00e4ckt uppm\u00e4rksamhet kring detta lotteri. Lottot grundades 1988 av sju amerikanska delstater, men flera andra delstater ansl\u00f6t sig till lotteriet. Under \u00e5rens lopp har det producerat [&hellip;]<\/p>\n","protected":false},"author":1,"featured_media":0,"parent":35784,"menu_order":13,"comment_status":"closed","ping_status":"closed","template":"lotto-america-info.php","meta":{"_et_pb_use_builder":"","_et_pb_old_content":"","_et_gb_content_width":"","exclude_from_search":false,"footnotes":""},"class_list":["post-36863","page","type-page","status-publish","hentry"],"yoast_head":"<!-- This site is optimized with the Yoast SEO plugin v23.3 - https:\/\/yoast.com\/wordpress\/plugins\/seo\/ -->\n<title>K\u00f6p Lotto America biljetter fr\u00e5n utanf\u00f6r USA | Lotto America online<\/title>\n<meta name=\"description\" content=\"Lotto America kan spelas utanf\u00f6r USA - k\u00f6p helt enkelt din Lotto America-biljett via v\u00e5r biljettj\u00e4nst online.\" \/>\n<meta name=\"robots\" content=\"index, follow, max-snippet:-1, max-image-preview:large, max-video-preview:-1\" \/>\n<link rel=\"canonical\" href=\"https:\/\/jackpotlotteryonline.com\/buy-tickets\/lotto-america\/\" \/>\n<meta property=\"og:locale\" content=\"sv_SE\" \/>\n<meta property=\"og:type\" content=\"article\" \/>\n<meta property=\"og:title\" content=\"K\u00f6p Lotto America biljetter fr\u00e5n utanf\u00f6r USA | Lotto America online\" \/>\n<meta property=\"og:description\" content=\"Lotto America kan spelas utanf\u00f6r USA - k\u00f6p helt enkelt din Lotto America-biljett via v\u00e5r biljettj\u00e4nst online.\" \/>\n<meta property=\"og:url\" content=\"https:\/\/jackpotlotteryonline.com\/buy-tickets\/lotto-america\/\" \/>\n<meta property=\"og:site_name\" content=\"Lotto Online - Crack The International Lottery Jackpots\" \/>\n<meta property=\"article:modified_time\" content=\"2023-01-04T09:23:43+00:00\" \/>\n<meta property=\"og:image\" content=\"https:\/\/jackpotlotteryonline.com\/wp-content\/uploads\/2022\/11\/1_win_lottery_usa_online.jpg\" \/>\n<meta name=\"twitter:card\" content=\"summary_large_image\" \/>\n<meta name=\"twitter:label1\" content=\"Ber\u00e4knad l\u00e4stid\" \/>\n\t<meta name=\"twitter:data1\" content=\"4 minuter\" \/>\n<!-- \/ Yoast SEO plugin. -->","yoast_head_json":{"title":"K\u00f6p Lotto America biljetter fr\u00e5n utanf\u00f6r USA | Lotto America online","description":"Lotto America kan spelas utanf\u00f6r USA - k\u00f6p helt enkelt din Lotto America-biljett via v\u00e5r biljettj\u00e4nst online.","robots":{"index":"index","follow":"follow","max-snippet":"max-snippet:-1","max-image-preview":"max-image-preview:large","max-video-preview":"max-video-preview:-1"},"canonical":"https:\/\/jackpotlotteryonline.com\/buy-tickets\/lotto-america\/","og_locale":"sv_SE","og_type":"article","og_title":"K\u00f6p Lotto America biljetter fr\u00e5n utanf\u00f6r USA | Lotto America online","og_description":"Lotto America kan spelas utanf\u00f6r USA - k\u00f6p helt enkelt din Lotto America-biljett via v\u00e5r biljettj\u00e4nst online.","og_url":"https:\/\/jackpotlotteryonline.com\/buy-tickets\/lotto-america\/","og_site_name":"Lotto Online - Crack The International Lottery Jackpots","article_modified_time":"2023-01-04T09:23:43+00:00","og_image":[{"url":"https:\/\/jackpotlotteryonline.com\/wp-content\/uploads\/2022\/11\/1_win_lottery_usa_online.jpg"}],"twitter_card":"summary_large_image","twitter_misc":{"Ber\u00e4knad l\u00e4stid":"4 minuter"},"schema":{"@context":"https:\/\/schema.org","@graph":[{"@type":"WebPage","@id":"https:\/\/jackpotlotteryonline.com\/buy-tickets\/lotto-america\/","url":"https:\/\/jackpotlotteryonline.com\/buy-tickets\/lotto-america\/","name":"K\u00f6p Lotto America biljetter fr\u00e5n utanf\u00f6r USA | Lotto America online","isPartOf":{"@id":"https:\/\/jackpotlotteryonline.com\/#website"},"primaryImageOfPage":{"@id":"https:\/\/jackpotlotteryonline.com\/buy-tickets\/lotto-america\/#primaryimage"},"image":{"@id":"https:\/\/jackpotlotteryonline.com\/buy-tickets\/lotto-america\/#primaryimage"},"thumbnailUrl":"https:\/\/jackpotlotteryonline.com\/wp-content\/uploads\/2022\/11\/1_win_lottery_usa_online.jpg","datePublished":"2022-11-09T09:21:53+00:00","dateModified":"2023-01-04T09:23:43+00:00","description":"Lotto America kan spelas utanf\u00f6r USA - k\u00f6p helt enkelt din Lotto America-biljett via v\u00e5r biljettj\u00e4nst online.","breadcrumb":{"@id":"https:\/\/jackpotlotteryonline.com\/buy-tickets\/lotto-america\/#breadcrumb"},"inLanguage":"sv-SE","potentialAction":[{"@type":"ReadAction","target":["https:\/\/jackpotlotteryonline.com\/buy-tickets\/lotto-america\/"]}]},{"@type":"ImageObject","inLanguage":"sv-SE","@id":"https:\/\/jackpotlotteryonline.com\/buy-tickets\/lotto-america\/#primaryimage","url":"https:\/\/jackpotlotteryonline.com\/wp-content\/uploads\/2022\/11\/1_win_lottery_usa_online.jpg","contentUrl":"https:\/\/jackpotlotteryonline.com\/wp-content\/uploads\/2022\/11\/1_win_lottery_usa_online.jpg"},{"@type":"BreadcrumbList","@id":"https:\/\/jackpotlotteryonline.com\/buy-tickets\/lotto-america\/#breadcrumb","itemListElement":[{"@type":"ListItem","position":1,"name":"Home","item":"https:\/\/jackpotlotteryonline.com\/sv\/"},{"@type":"ListItem","position":2,"name":"Hur man k\u00f6per lotteri biljetter p\u00e5 n\u00e4tet","item":"https:\/\/jackpotlotteryonline.com\/buy-tickets\/"},{"@type":"ListItem","position":3,"name":"Lotto America biljetter online"}]},{"@type":"WebSite","@id":"https:\/\/jackpotlotteryonline.com\/#website","url":"https:\/\/jackpotlotteryonline.com\/","name":"Lotto Online - Crack The International Lottery Jackpots","description":"","potentialAction":[{"@type":"SearchAction","target":{"@type":"EntryPoint","urlTemplate":"https:\/\/jackpotlotteryonline.com\/?s={search_term_string}"},"query-input":"required name=search_term_string"}],"inLanguage":"sv-SE"}]}},"_links":{"self":[{"href":"https:\/\/jackpotlotteryonline.com\/sv\/wp-json\/wp\/v2\/pages\/36863","targetHints":{"allow":["GET"]}}],"collection":[{"href":"https:\/\/jackpotlotteryonline.com\/sv\/wp-json\/wp\/v2\/pages"}],"about":[{"href":"https:\/\/jackpotlotteryonline.com\/sv\/wp-json\/wp\/v2\/types\/page"}],"author":[{"embeddable":true,"href":"https:\/\/jackpotlotteryonline.com\/sv\/wp-json\/wp\/v2\/users\/1"}],"replies":[{"embeddable":true,"href":"https:\/\/jackpotlotteryonline.com\/sv\/wp-json\/wp\/v2\/comments?post=36863"}],"version-history":[{"count":0,"href":"https:\/\/jackpotlotteryonline.com\/sv\/wp-json\/wp\/v2\/pages\/36863\/revisions"}],"up":[{"embeddable":true,"href":"https:\/\/jackpotlotteryonline.com\/sv\/wp-json\/wp\/v2\/pages\/35784"}],"wp:attachment":[{"href":"https:\/\/jackpotlotteryonline.com\/sv\/wp-json\/wp\/v2\/media?parent=36863"}],"curies":[{"name":"wp","href":"https:\/\/api.w.org\/{rel}","templated":true}]}}