{"id":36915,"date":"2022-11-09T10:23:44","date_gmt":"2022-11-09T10:23:44","guid":{"rendered":"https:\/\/jackpotlotteryonline.com\/?page_id=36915"},"modified":"2022-12-22T13:02:20","modified_gmt":"2022-12-22T13:02:20","slug":"uk-lottery","status":"publish","type":"page","link":"https:\/\/jackpotlotteryonline.com\/sv\/kopa-biljetter\/uk-lottery\/","title":{"rendered":"Lotteriet i Storbritannien"},"content":{"rendered":"<h2>\u00d6versikt \u00f6ver Lottery UK Online<\/h2>\n<p>UK Lottery \u00e4r ett popul\u00e4rt spel f\u00f6r sin f\u00f6rm\u00e5ga att g\u00f6ra miljon\u00e4rer. Det kan ocks\u00e5 spelas online. <a href=\"https:\/\/jackpotlotteryonline.com\/sv\/vinnande-nummer\/uk-lottery\">Spelet dras tv\u00e5 g\u00e5nger i veckan<\/a> p\u00e5 onsdagar och l\u00f6rdagar.<\/p>\n<h2>Hur det brittiska lotteriet fungerar<\/h2>\n<p>Varje spelare m\u00e5ste v\u00e4lja 6 nummer p\u00e5 sin lott fr\u00e5n ett urval av siffrorna 1-49. N\u00e4r dragningen \u00e4ger rum v\u00e4ljs sex nummer tillsammans med ett bonusnummer. P\u00e5 grund av den relativt l\u00e5ga utbetalningsprocenten rekommenderar vi inte detta lotteri. Det finns gott om andra internationella lotterispel tillg\u00e4ngliga online med b\u00e4ttre utbetalningar och h\u00f6gre jackpottar.<\/p>\n<section class=\"layout\" style=\"border: solid 1px; width: 100%;\">\n<div class=\"img-div\" style=\"margin-top: 5px;\"><img decoding=\"async\" class=\"wp-image-17212 alignleft\" style=\"height: 45px; margin: 8px 8px 0px;\" src=\"https:\/\/jackpotlotteryonline.com\/wp-content\/uploads\/2022\/11\/read1.jpg\" alt=\"L\u00e4s\" width=\"\" height=\"\" \/><\/div>\n<div style=\"padding-left: 5px;\">\n<div style=\"font-size: 1.1em;\">\n<p><strong>Europeiska lotterier<\/strong><\/p>\n<p style=\"font-size: 0.85em; margin-top: -1.5em;\">Vilka europeiska lotterier \u00e4r b\u00e4st? <a href=\"https:\/\/jackpotlotteryonline.com\/sv\/vilka-europeiska-lotterier-ar-bast\">L\u00e4s mer<\/a><\/p>\n<\/div>\n<\/div>\n<\/section>\n<h2>Att vinna p\u00e5 det brittiska lotteriet<\/h2>\n<p><img loading=\"lazy\" decoding=\"async\" class=\"alignright size-medium wp-image-19520\" src=\"https:\/\/jackpotlotteryonline.com\/wp-content\/uploads\/2022\/10\/2_ticket_uk_lottery-192x300.jpg\" alt=\"k\u00f6pa lottsedel till det brittiska lotteriet\" width=\"192\" height=\"300\" srcset=\"https:\/\/jackpotlotteryonline.com\/wp-content\/uploads\/2022\/10\/2_ticket_uk_lottery-192x300.jpg 192w, https:\/\/jackpotlotteryonline.com\/wp-content\/uploads\/2022\/10\/2_ticket_uk_lottery.jpg 250w\" sizes=\"auto, (max-width: 192px) 100vw, 192px\" \/><\/p>\n<p>Du m\u00e5ste matcha minst tre nummer med de huvudnummer som dras f\u00f6r att vinna en vinst. Bonusnumret \u00e4r endast relevant om du matchar minst fem av huvudnumren i dragningen.<\/p>\n<p>Det \u00e4r enkelt att h\u00e4mta ut din vinst. Om du vinner upp till 2 500 euro f\u00e5r du pengarna direkt till ditt spelarkonto f\u00f6r lotteriet h\u00e4r p\u00e5 v\u00e5r webbplats. F\u00f6r vinster \u00f6ver 2 500 euro kommer v\u00e5r kundtj\u00e4nst att kontakta dig och ordna en direkt utbetalning fr\u00e5n lotterif\u00f6retaget.<\/p>\n<p>Ungef\u00e4r 45 % av alla medel fr\u00e5n brittiska lotto g\u00e5r till prispengar. Om du matchar sex av huvudnumren f\u00e5r du 52 % av poolens fond, om du matchar fem huvudnummer plus bonusnumret f\u00e5r du 16 % av den \u00e5terst\u00e5ende poolens fond, om du matchar fem huvudnummer f\u00e5r du 10 % av den \u00e5terst\u00e5ende poolens fond, om du matchar fyra huvudnummer f\u00e5r du 22 % av den \u00e5terst\u00e5ende poolens fond och om du matchar tre huvudnummer f\u00e5r du i allm\u00e4nhet 10 pund. UK Lotto erbjuder \u00e4ven online-spel med omedelbar vinst.<\/p>\n<h2>Spela UK Lottery online<\/h2>\n<p>Du kan <a href=\"https:\/\/jackpotlotteryonline.com\/sv\/hur-man-spelar\/uk-lottery\">spela UK Lotto online<\/a> vilket g\u00f6r det mer tillg\u00e4ngligt och bekv\u00e4mt. Du beh\u00f6ver inte l\u00e4ngre g\u00e5 ut f\u00f6r att k\u00f6pa en lott i Storbritannien hos en \u00e5terf\u00f6rs\u00e4ljare, utan du kan nu k\u00f6pa biljetter hemifr\u00e5n, och det \u00e4r inte beroende av om du bor i Storbritannien eller inte.<\/p>\n<p>F\u00f6r att kunna spela UK lotto online och fr\u00e5n ett land utanf\u00f6r Storbritannien m\u00e5ste du klicka p\u00e5 ovanst\u00e5ende banner f\u00f6r det brittiska lotteriet. Du beh\u00f6ver helt enkelt registrera dig och sedan genomf\u00f6ra en onlinebetalning.<\/p>\n<h2>Varf\u00f6r de flesta internationella lotteriernas jackpottar \u00e4r mer attraktiva \u00e4n det brittiska lotteriet.<\/h2>\n<ul>\n<li>Jackpottarna \u00e4r mycket h\u00f6gre med de internationella lotterierna (kontrollera beloppen i bannern h\u00f6gst upp).<\/li>\n<li>UK Lotto delar endast ut 45 % av pengarna som vinster.<\/li>\n<li>P\u00e5 v\u00e5r webbplats har du en m\u00e4ngd olika megalotterier och enorma jackpottar att v\u00e4lja mellan!<\/li>\n<\/ul>\n","protected":false},"excerpt":{"rendered":"<p>\u00d6versikt \u00f6ver Lottery UK Online UK Lottery \u00e4r ett popul\u00e4rt spel f\u00f6r sin f\u00f6rm\u00e5ga att g\u00f6ra miljon\u00e4rer. Det kan ocks\u00e5 spelas online. Spelet dras tv\u00e5 g\u00e5nger i veckan p\u00e5 onsdagar och l\u00f6rdagar. Hur det brittiska lotteriet fungerar Varje spelare m\u00e5ste v\u00e4lja 6 nummer p\u00e5 sin lott fr\u00e5n ett urval av siffrorna 1-49. N\u00e4r dragningen \u00e4ger [&hellip;]<\/p>\n","protected":false},"author":1,"featured_media":0,"parent":35784,"menu_order":10,"comment_status":"closed","ping_status":"closed","template":"lotto-uk-info.php","meta":{"_et_pb_use_builder":"","_et_pb_old_content":"","_et_gb_content_width":"","exclude_from_search":false,"footnotes":""},"class_list":["post-36915","page","type-page","status-publish","hentry"],"yoast_head":"<!-- This site is optimized with the Yoast SEO plugin v23.3 - https:\/\/yoast.com\/wordpress\/plugins\/seo\/ -->\n<title>K\u00f6p biljetter online f\u00f6r det brittiska lotteriet fr\u00e5n utanf\u00f6r Storbritannien<\/title>\n<meta name=\"description\" content=\"Hur det brittiska lotteriet fungerar och hur man k\u00f6per en lott och vinner online fr\u00e5n ett annat land \u00e4n Storbritannien.\" \/>\n<meta name=\"robots\" content=\"index, follow, max-snippet:-1, max-image-preview:large, max-video-preview:-1\" \/>\n<link rel=\"canonical\" href=\"https:\/\/jackpotlotteryonline.com\/sv\/kopa-biljetter\/uk-lottery\/\" \/>\n<meta property=\"og:locale\" content=\"sv_SE\" \/>\n<meta property=\"og:type\" content=\"article\" \/>\n<meta property=\"og:title\" content=\"K\u00f6p biljetter online f\u00f6r det brittiska lotteriet fr\u00e5n utanf\u00f6r Storbritannien\" \/>\n<meta property=\"og:description\" content=\"Hur det brittiska lotteriet fungerar och hur man k\u00f6per en lott och vinner online fr\u00e5n ett annat land \u00e4n Storbritannien.\" \/>\n<meta property=\"og:url\" content=\"https:\/\/jackpotlotteryonline.com\/sv\/kopa-biljetter\/uk-lottery\/\" \/>\n<meta property=\"og:site_name\" content=\"Lotto Online - Crack The International Lottery Jackpots\" \/>\n<meta property=\"article:modified_time\" content=\"2022-12-22T13:02:20+00:00\" \/>\n<meta property=\"og:image\" content=\"https:\/\/jackpotlotteryonline.com\/wp-content\/uploads\/2022\/11\/read1.jpg\" \/>\n<meta name=\"twitter:card\" content=\"summary_large_image\" \/>\n<meta name=\"twitter:label1\" content=\"Ber\u00e4knad l\u00e4stid\" \/>\n\t<meta name=\"twitter:data1\" content=\"2 minuter\" \/>\n<!-- \/ Yoast SEO plugin. -->","yoast_head_json":{"title":"K\u00f6p biljetter online f\u00f6r det brittiska lotteriet fr\u00e5n utanf\u00f6r Storbritannien","description":"Hur det brittiska lotteriet fungerar och hur man k\u00f6per en lott och vinner online fr\u00e5n ett annat land \u00e4n Storbritannien.","robots":{"index":"index","follow":"follow","max-snippet":"max-snippet:-1","max-image-preview":"max-image-preview:large","max-video-preview":"max-video-preview:-1"},"canonical":"https:\/\/jackpotlotteryonline.com\/sv\/kopa-biljetter\/uk-lottery\/","og_locale":"sv_SE","og_type":"article","og_title":"K\u00f6p biljetter online f\u00f6r det brittiska lotteriet fr\u00e5n utanf\u00f6r Storbritannien","og_description":"Hur det brittiska lotteriet fungerar och hur man k\u00f6per en lott och vinner online fr\u00e5n ett annat land \u00e4n Storbritannien.","og_url":"https:\/\/jackpotlotteryonline.com\/sv\/kopa-biljetter\/uk-lottery\/","og_site_name":"Lotto Online - Crack The International Lottery Jackpots","article_modified_time":"2022-12-22T13:02:20+00:00","og_image":[{"url":"https:\/\/jackpotlotteryonline.com\/wp-content\/uploads\/2022\/11\/read1.jpg"}],"twitter_card":"summary_large_image","twitter_misc":{"Ber\u00e4knad l\u00e4stid":"2 minuter"},"schema":{"@context":"https:\/\/schema.org","@graph":[{"@type":"WebPage","@id":"https:\/\/jackpotlotteryonline.com\/sv\/kopa-biljetter\/uk-lottery\/","url":"https:\/\/jackpotlotteryonline.com\/sv\/kopa-biljetter\/uk-lottery\/","name":"K\u00f6p biljetter online f\u00f6r det brittiska lotteriet fr\u00e5n utanf\u00f6r Storbritannien","isPartOf":{"@id":"https:\/\/jackpotlotteryonline.com\/#website"},"primaryImageOfPage":{"@id":"https:\/\/jackpotlotteryonline.com\/sv\/kopa-biljetter\/uk-lottery\/#primaryimage"},"image":{"@id":"https:\/\/jackpotlotteryonline.com\/sv\/kopa-biljetter\/uk-lottery\/#primaryimage"},"thumbnailUrl":"https:\/\/jackpotlotteryonline.com\/wp-content\/uploads\/2022\/11\/read1.jpg","datePublished":"2022-11-09T10:23:44+00:00","dateModified":"2022-12-22T13:02:20+00:00","description":"Hur det brittiska lotteriet fungerar och hur man k\u00f6per en lott och vinner online fr\u00e5n ett annat land \u00e4n Storbritannien.","breadcrumb":{"@id":"https:\/\/jackpotlotteryonline.com\/sv\/kopa-biljetter\/uk-lottery\/#breadcrumb"},"inLanguage":"sv-SE","potentialAction":[{"@type":"ReadAction","target":["https:\/\/jackpotlotteryonline.com\/sv\/kopa-biljetter\/uk-lottery\/"]}]},{"@type":"ImageObject","inLanguage":"sv-SE","@id":"https:\/\/jackpotlotteryonline.com\/sv\/kopa-biljetter\/uk-lottery\/#primaryimage","url":"https:\/\/jackpotlotteryonline.com\/wp-content\/uploads\/2022\/11\/read1.jpg","contentUrl":"https:\/\/jackpotlotteryonline.com\/wp-content\/uploads\/2022\/11\/read1.jpg"},{"@type":"BreadcrumbList","@id":"https:\/\/jackpotlotteryonline.com\/sv\/kopa-biljetter\/uk-lottery\/#breadcrumb","itemListElement":[{"@type":"ListItem","position":1,"name":"Home","item":"https:\/\/jackpotlotteryonline.com\/sv\/"},{"@type":"ListItem","position":2,"name":"Hur man k\u00f6per lotteri biljetter p\u00e5 n\u00e4tet","item":"https:\/\/jackpotlotteryonline.com\/buy-tickets\/"},{"@type":"ListItem","position":3,"name":"Lotteriet i Storbritannien"}]},{"@type":"WebSite","@id":"https:\/\/jackpotlotteryonline.com\/#website","url":"https:\/\/jackpotlotteryonline.com\/","name":"Lotto Online - Crack The International Lottery Jackpots","description":"","potentialAction":[{"@type":"SearchAction","target":{"@type":"EntryPoint","urlTemplate":"https:\/\/jackpotlotteryonline.com\/?s={search_term_string}"},"query-input":"required name=search_term_string"}],"inLanguage":"sv-SE"}]}},"_links":{"self":[{"href":"https:\/\/jackpotlotteryonline.com\/sv\/wp-json\/wp\/v2\/pages\/36915","targetHints":{"allow":["GET"]}}],"collection":[{"href":"https:\/\/jackpotlotteryonline.com\/sv\/wp-json\/wp\/v2\/pages"}],"about":[{"href":"https:\/\/jackpotlotteryonline.com\/sv\/wp-json\/wp\/v2\/types\/page"}],"author":[{"embeddable":true,"href":"https:\/\/jackpotlotteryonline.com\/sv\/wp-json\/wp\/v2\/users\/1"}],"replies":[{"embeddable":true,"href":"https:\/\/jackpotlotteryonline.com\/sv\/wp-json\/wp\/v2\/comments?post=36915"}],"version-history":[{"count":0,"href":"https:\/\/jackpotlotteryonline.com\/sv\/wp-json\/wp\/v2\/pages\/36915\/revisions"}],"up":[{"embeddable":true,"href":"https:\/\/jackpotlotteryonline.com\/sv\/wp-json\/wp\/v2\/pages\/35784"}],"wp:attachment":[{"href":"https:\/\/jackpotlotteryonline.com\/sv\/wp-json\/wp\/v2\/media?parent=36915"}],"curies":[{"name":"wp","href":"https:\/\/api.w.org\/{rel}","templated":true}]}}