{"id":36969,"date":"2022-11-09T11:42:04","date_gmt":"2022-11-09T11:42:04","guid":{"rendered":"https:\/\/jackpotlotteryonline.com\/?page_id=36969"},"modified":"2023-01-04T08:25:10","modified_gmt":"2023-01-04T08:25:10","slug":"set-for-life","status":"publish","type":"page","link":"https:\/\/jackpotlotteryonline.com\/sv\/kopa-biljetter\/set-for-life\/","title":{"rendered":"K\u00f6p biljetter till Set for Life"},"content":{"rendered":"<p>\u00c4r du redo f\u00f6r en chans att bli set for life? Det finns inget b\u00e4ttre tillf\u00e4lle \u00e4n nu att ta chansen att vinna 10 000 pund varje m\u00e5nad under de kommande 30 \u00e5ren och allt b\u00f6rjar med att du <a href=\"https:\/\/jackpotlotteryonline.com\/sv\/hur-man-spelar\/saturday-lotto-2\">spelar p\u00e5 det brittiska lotteriet<\/a>.<img loading=\"lazy\" decoding=\"async\" class=\"alignright size-medium wp-image-35457\" src=\"https:\/\/jackpotlotteryonline.com\/wp-content\/uploads\/2022\/11\/2_ticket_uk_lottery-192x300.jpg\" alt=\"Set for Life biljetter\" width=\"192\" height=\"300\" srcset=\"https:\/\/jackpotlotteryonline.com\/wp-content\/uploads\/2022\/11\/2_ticket_uk_lottery-192x300.jpg 192w, https:\/\/jackpotlotteryonline.com\/wp-content\/uploads\/2022\/11\/2_ticket_uk_lottery.jpg 250w\" sizes=\"auto, (max-width: 192px) 100vw, 192px\" \/><\/p>\n<p>Detta lotteri drivs av UK National Lottery och hade sin f\u00f6rsta dragning 1999. Sedan dess har det varit en favorit bland brittiska lottospelare eftersom dragningskraften att vinna 10 000 pund i m\u00e5naden i 30 \u00e5r n\u00e4stan \u00e4r f\u00f6r sv\u00e5r f\u00f6r dem att motst\u00e5. Det borde inte heller du om du f\u00f6r den delen. Att vinna detta lotteri \u00e4r n\u00e4stan som att f\u00e5 jultomten hem till sig varje m\u00e5nad.<\/p>\n<p>Biljetter till detta brittiska lotteri s\u00e4ljs bland ett brett n\u00e4tverk av f\u00f6rs\u00e4ljare i landet. Men om du bor utanf\u00f6r Storbritannien finns det ingen anledning till att du inte ocks\u00e5 kan k\u00f6pa lotter till lotteriet. Jackpotlotteryonline.com ger lottoentusiaster tillg\u00e5ng till de b\u00e4sta internationella lotterierna fr\u00e5n sina datorer eller mobila enheter.<\/p>\n<p>Registrera dig hos oss f\u00f6r att b\u00f6rja spela lotterier i Storbritannien och resten av v\u00e4rlden.<\/p>\n<h2>Hur man spelar Set for Life online<\/h2>\n<p>Detta skiljer sig fr\u00e5n andra lotterier eftersom det \u00e4r ett annuitetslotteri s\u00e5 vinnarna kommer inte att g\u00e5 hem med miljontals euro eller pund. Den enda skillnaden ligger dock i hur vinsten delas ut. Precis som i andra lotterier m\u00e5ste spelaren v\u00e4lja huvudnummer ur ett visst intervall och ett specialnummer.<\/p>\n<p>F\u00f6r att f\u00e5 Set for Life-biljetter online g\u00e5r du till den webbplats du vill och v\u00e4ljer sedan fem huvudnummer mellan 1 och 47. V\u00e4lj ett extra bonusnummer som kallas &#8220;Life Ball-nummer&#8221; fr\u00e5n ett intervall mellan 1 och 10. Du kan antingen anv\u00e4nda dina lyckonummer eller anv\u00e4nda auto-pick-verktyget f\u00f6r att v\u00e4lja en slumpm\u00e4ssig rad av nummer. Du kan ocks\u00e5 v\u00e4lja flera nummerrader f\u00f6r att \u00f6ka dina vinstchanser.<\/p>\n<p>F\u00f6r att vinna lotteriet m\u00e5ste du matcha alla 6 dragna nummer. Om du registrerar dig hos oss kan du <a href=\"https:\/\/jackpotlotteryonline.com\/sv\/vinnande-nummer\/set-for-life\">delta i dragningar flera veckor i f\u00f6rv\u00e4g.<\/a><\/p>\n<h2>Priser<\/h2>\n<p><img loading=\"lazy\" decoding=\"async\" class=\"size-medium wp-image-30128 alignright\" src=\"https:\/\/jackpotlotteryonline.com\/wp-content\/uploads\/2022\/11\/1_win_online_lottery_jackpot-300x182.jpg\" alt=\"Brittisk lottovinst\" width=\"300\" height=\"182\" srcset=\"https:\/\/jackpotlotteryonline.com\/wp-content\/uploads\/2022\/11\/1_win_online_lottery_jackpot-300x182.jpg 300w, https:\/\/jackpotlotteryonline.com\/wp-content\/uploads\/2022\/11\/1_win_online_lottery_jackpot.jpg 320w\" sizes=\"auto, (max-width: 300px) 100vw, 300px\" \/><\/p>\n<p>Vi har allts\u00e5 pratat om jackpotten, som \u00e4r 10 000 pund varje m\u00e5nad i 30 \u00e5r. Men det \u00e4r inte den enda vinsten f\u00f6r spelarna i detta lotteri. Om du till exempel bara matchar de fem huvudnumren f\u00e5r du 10 000 pund varje m\u00e5nad i ett \u00e5r. Inte illa, eller hur?<\/p>\n<p>L\u00e5t oss ta en titt p\u00e5 vinstf\u00f6rdelningen och vad spelarna kan f\u00f6rv\u00e4nta sig att vinna n\u00e4r de k\u00f6per lotter till detta brittiska lotteri.<\/p>\n<p>Matcha 5 huvudnummer + Life Ball &#8211; 10 000 pund varje m\u00e5nad i 30 \u00e5r.<br \/>\nMatcha endast 5 huvudnummer &#8211; 10 000 pund varje m\u00e5nad i 1 \u00e5r.<br \/>\nMatch 4 huvudnummer + Life Ball &#8211; 250 pund<br \/>\nMatcha endast 4 huvudnummer &#8211; 50 pund<br \/>\nMatch 3 huvudnummer + Life Ball &#8211; 30 pund<br \/>\nEndast 3 huvudnummer &#8211; 20 pund<br \/>\nMatch 2 huvudnummer + Life Ball &#8211; 10 pund<br \/>\nEndast 2 huvudnummer &#8211; 5 pund<\/p>\n<h2>Ta ut ditt pris<\/h2>\n<p>Du har 180 dagar p\u00e5 dig att h\u00e4mta ut ditt pris, annars kan du inte h\u00e4mta ut det l\u00e4ngre. Lotterivinster i Storbritannien \u00e4r skattefria s\u00e5 du kan njuta av alla dina vinster som du vill. F\u00f6r dem som spelar fr\u00e5n ett annat land \u00e4r det dock en bra id\u00e9 att ta reda p\u00e5 hur skattelagstiftningen ser ut d\u00e4r du bor.<\/p>\n<section class=\"layout\" style=\"border: solid 1px; width: 100%;\">\n<div class=\"img-div\" style=\"margin-top: 5px;\"><img decoding=\"async\" class=\"wp-image-17212 alignleft\" style=\"height: 45px; margin: 8px 8px 0px;\" src=\"https:\/\/jackpotlotteryonline.com\/wp-content\/uploads\/2022\/11\/read1.jpg\" alt=\"L\u00e4s\" width=\"\" height=\"\" \/><\/div>\n<div style=\"padding-left: 5px;\">\n<div style=\"font-size: 1.1em;\">\n<p><strong>Skatter p\u00e5 lotterivinster<\/strong><\/p>\n<p style=\"font-size: 0.85em; margin-top: -1.5em;\">M\u00e5ste jag betala skatt p\u00e5 mina lotterivinster?\u00a0<a href=\"https:\/\/jackpotlotteryonline.com\/sv\/maste-jag-betala-skatt-pa-lotterivinster\"> L\u00e4s mer<\/a><\/p>\n<\/div>\n<\/div>\n<\/section>\n<h2>En fantastisk m\u00f6jlighet f\u00f6r hela livet<\/h2>\n<p>Chansen att vinna Set for Life \u00e4r en chans f\u00f6r livet. Det inneb\u00e4r att du aldrig mer beh\u00f6ver oroa dig f\u00f6r din ekonomi om du vinner. Det finns historier om lottovinnare som har spenderat hela sin f\u00f6rm\u00f6genhet och nu \u00e4r konkursm\u00e4ssiga. Med detta lotteri beh\u00f6ver det inte h\u00e4nda dig. \u00c4ven om du spenderar allt den f\u00f6rsta m\u00e5naden vet du att du kan anv\u00e4nda det b\u00e4ttre n\u00e4sta m\u00e5nad.<\/p>\n<p>T\u00e4nk p\u00e5 vad det skulle inneb\u00e4ra att f\u00e5 en s\u00e5dan summa varje m\u00e5nad i 30 \u00e5r.<\/p>\n<h2>Registrera dig hos oss f\u00f6r att spela Set for Life<\/h2>\n<p>Det har aldrig varit enklare att f\u00e5 en biljett till det brittiska annuitetslotteriet varifr\u00e5n som helst. N\u00e4r du registrerar dig hos oss g\u00f6r vi det enkelt f\u00f6r dig att spela topplotterier runt om i v\u00e4rlden p\u00e5 ett smidigt och bekymmersfritt s\u00e4tt. Vi handlar om att skapa minnesv\u00e4rda upplevelser f\u00f6r v\u00e5ra kunder. S\u00e5 registrera dig hos oss idag f\u00f6r att k\u00f6pa Set for Life-lotterier fr\u00e5n var som helst i v\u00e4rlden.<\/p>\n","protected":false},"excerpt":{"rendered":"<p>\u00c4r du redo f\u00f6r en chans att bli set for life? Det finns inget b\u00e4ttre tillf\u00e4lle \u00e4n nu att ta chansen att vinna 10 000 pund varje m\u00e5nad under de kommande 30 \u00e5ren och allt b\u00f6rjar med att du spelar p\u00e5 det brittiska lotteriet. Detta lotteri drivs av UK National Lottery och hade sin f\u00f6rsta [&hellip;]<\/p>\n","protected":false},"author":1,"featured_media":0,"parent":35784,"menu_order":11,"comment_status":"closed","ping_status":"closed","template":"set-for-life-info.php","meta":{"_et_pb_use_builder":"","_et_pb_old_content":"","_et_gb_content_width":"","exclude_from_search":false,"footnotes":""},"class_list":["post-36969","page","type-page","status-publish","hentry"],"yoast_head":"<!-- This site is optimized with the Yoast SEO plugin v23.3 - https:\/\/yoast.com\/wordpress\/plugins\/seo\/ -->\n<title>K\u00f6p Set for life biljetter utanf\u00f6r Storbritannien | F\u00e5 Set for life biljetter online<\/title>\n<meta name=\"description\" content=\"Set for Life \u00e4r ett mycket speciellt lotteri, men f\u00f6r att delta fr\u00e5n utanf\u00f6r Storbritannien m\u00e5ste du k\u00f6pa en biljett online h\u00e4r\" \/>\n<meta name=\"robots\" content=\"index, follow, max-snippet:-1, max-image-preview:large, max-video-preview:-1\" \/>\n<link rel=\"canonical\" href=\"https:\/\/jackpotlotteryonline.com\/sv\/kopa-biljetter\/set-for-life\/\" \/>\n<meta property=\"og:locale\" content=\"sv_SE\" \/>\n<meta property=\"og:type\" content=\"article\" \/>\n<meta property=\"og:title\" content=\"K\u00f6p Set for life biljetter utanf\u00f6r Storbritannien | F\u00e5 Set for life biljetter online\" \/>\n<meta property=\"og:description\" content=\"Set for Life \u00e4r ett mycket speciellt lotteri, men f\u00f6r att delta fr\u00e5n utanf\u00f6r Storbritannien m\u00e5ste du k\u00f6pa en biljett online h\u00e4r\" \/>\n<meta property=\"og:url\" content=\"https:\/\/jackpotlotteryonline.com\/sv\/kopa-biljetter\/set-for-life\/\" \/>\n<meta property=\"og:site_name\" content=\"Lotto Online - Crack The International Lottery Jackpots\" \/>\n<meta property=\"article:modified_time\" content=\"2023-01-04T08:25:10+00:00\" \/>\n<meta property=\"og:image\" content=\"https:\/\/jackpotlotteryonline.com\/wp-content\/uploads\/2022\/11\/2_ticket_uk_lottery-192x300.jpg\" \/>\n<meta name=\"twitter:card\" content=\"summary_large_image\" \/>\n<meta name=\"twitter:label1\" content=\"Ber\u00e4knad l\u00e4stid\" \/>\n\t<meta name=\"twitter:data1\" content=\"4 minuter\" \/>\n<!-- \/ Yoast SEO plugin. -->","yoast_head_json":{"title":"K\u00f6p Set for life biljetter utanf\u00f6r Storbritannien | F\u00e5 Set for life biljetter online","description":"Set for Life \u00e4r ett mycket speciellt lotteri, men f\u00f6r att delta fr\u00e5n utanf\u00f6r Storbritannien m\u00e5ste du k\u00f6pa en biljett online h\u00e4r","robots":{"index":"index","follow":"follow","max-snippet":"max-snippet:-1","max-image-preview":"max-image-preview:large","max-video-preview":"max-video-preview:-1"},"canonical":"https:\/\/jackpotlotteryonline.com\/sv\/kopa-biljetter\/set-for-life\/","og_locale":"sv_SE","og_type":"article","og_title":"K\u00f6p Set for life biljetter utanf\u00f6r Storbritannien | F\u00e5 Set for life biljetter online","og_description":"Set for Life \u00e4r ett mycket speciellt lotteri, men f\u00f6r att delta fr\u00e5n utanf\u00f6r Storbritannien m\u00e5ste du k\u00f6pa en biljett online h\u00e4r","og_url":"https:\/\/jackpotlotteryonline.com\/sv\/kopa-biljetter\/set-for-life\/","og_site_name":"Lotto Online - Crack The International Lottery Jackpots","article_modified_time":"2023-01-04T08:25:10+00:00","og_image":[{"url":"https:\/\/jackpotlotteryonline.com\/wp-content\/uploads\/2022\/11\/2_ticket_uk_lottery-192x300.jpg"}],"twitter_card":"summary_large_image","twitter_misc":{"Ber\u00e4knad l\u00e4stid":"4 minuter"},"schema":{"@context":"https:\/\/schema.org","@graph":[{"@type":"WebPage","@id":"https:\/\/jackpotlotteryonline.com\/sv\/kopa-biljetter\/set-for-life\/","url":"https:\/\/jackpotlotteryonline.com\/sv\/kopa-biljetter\/set-for-life\/","name":"K\u00f6p Set for life biljetter utanf\u00f6r Storbritannien | F\u00e5 Set for life biljetter online","isPartOf":{"@id":"https:\/\/jackpotlotteryonline.com\/#website"},"primaryImageOfPage":{"@id":"https:\/\/jackpotlotteryonline.com\/sv\/kopa-biljetter\/set-for-life\/#primaryimage"},"image":{"@id":"https:\/\/jackpotlotteryonline.com\/sv\/kopa-biljetter\/set-for-life\/#primaryimage"},"thumbnailUrl":"https:\/\/jackpotlotteryonline.com\/wp-content\/uploads\/2022\/11\/2_ticket_uk_lottery-192x300.jpg","datePublished":"2022-11-09T11:42:04+00:00","dateModified":"2023-01-04T08:25:10+00:00","description":"Set for Life \u00e4r ett mycket speciellt lotteri, men f\u00f6r att delta fr\u00e5n utanf\u00f6r Storbritannien m\u00e5ste du k\u00f6pa en biljett online h\u00e4r","breadcrumb":{"@id":"https:\/\/jackpotlotteryonline.com\/sv\/kopa-biljetter\/set-for-life\/#breadcrumb"},"inLanguage":"sv-SE","potentialAction":[{"@type":"ReadAction","target":["https:\/\/jackpotlotteryonline.com\/sv\/kopa-biljetter\/set-for-life\/"]}]},{"@type":"ImageObject","inLanguage":"sv-SE","@id":"https:\/\/jackpotlotteryonline.com\/sv\/kopa-biljetter\/set-for-life\/#primaryimage","url":"https:\/\/jackpotlotteryonline.com\/wp-content\/uploads\/2022\/11\/2_ticket_uk_lottery-192x300.jpg","contentUrl":"https:\/\/jackpotlotteryonline.com\/wp-content\/uploads\/2022\/11\/2_ticket_uk_lottery-192x300.jpg"},{"@type":"BreadcrumbList","@id":"https:\/\/jackpotlotteryonline.com\/sv\/kopa-biljetter\/set-for-life\/#breadcrumb","itemListElement":[{"@type":"ListItem","position":1,"name":"Home","item":"https:\/\/jackpotlotteryonline.com\/sv\/"},{"@type":"ListItem","position":2,"name":"Hur man k\u00f6per lotteri biljetter p\u00e5 n\u00e4tet","item":"https:\/\/jackpotlotteryonline.com\/buy-tickets\/"},{"@type":"ListItem","position":3,"name":"K\u00f6p biljetter till Set for Life"}]},{"@type":"WebSite","@id":"https:\/\/jackpotlotteryonline.com\/#website","url":"https:\/\/jackpotlotteryonline.com\/","name":"Lotto Online - Crack The International Lottery Jackpots","description":"","potentialAction":[{"@type":"SearchAction","target":{"@type":"EntryPoint","urlTemplate":"https:\/\/jackpotlotteryonline.com\/?s={search_term_string}"},"query-input":"required name=search_term_string"}],"inLanguage":"sv-SE"}]}},"_links":{"self":[{"href":"https:\/\/jackpotlotteryonline.com\/sv\/wp-json\/wp\/v2\/pages\/36969","targetHints":{"allow":["GET"]}}],"collection":[{"href":"https:\/\/jackpotlotteryonline.com\/sv\/wp-json\/wp\/v2\/pages"}],"about":[{"href":"https:\/\/jackpotlotteryonline.com\/sv\/wp-json\/wp\/v2\/types\/page"}],"author":[{"embeddable":true,"href":"https:\/\/jackpotlotteryonline.com\/sv\/wp-json\/wp\/v2\/users\/1"}],"replies":[{"embeddable":true,"href":"https:\/\/jackpotlotteryonline.com\/sv\/wp-json\/wp\/v2\/comments?post=36969"}],"version-history":[{"count":0,"href":"https:\/\/jackpotlotteryonline.com\/sv\/wp-json\/wp\/v2\/pages\/36969\/revisions"}],"up":[{"embeddable":true,"href":"https:\/\/jackpotlotteryonline.com\/sv\/wp-json\/wp\/v2\/pages\/35784"}],"wp:attachment":[{"href":"https:\/\/jackpotlotteryonline.com\/sv\/wp-json\/wp\/v2\/media?parent=36969"}],"curies":[{"name":"wp","href":"https:\/\/api.w.org\/{rel}","templated":true}]}}