{"id":37021,"date":"2022-11-09T13:42:47","date_gmt":"2022-11-09T13:42:47","guid":{"rendered":"https:\/\/jackpotlotteryonline.com\/?page_id=37021"},"modified":"2022-12-24T09:23:50","modified_gmt":"2022-12-24T09:23:50","slug":"mega-sena","status":"publish","type":"page","link":"https:\/\/jackpotlotteryonline.com\/sv\/kopa-biljetter\/mega-sena\/","title":{"rendered":"K\u00f6p biljetter till Mega Sena"},"content":{"rendered":"<p>Mega Sena \u00e4r det st\u00f6rsta lotteriet i Brasilien med en av de st\u00f6rsta jackpottarna i v\u00e4rlden. Det \u00e4r inte konstigt att spelare \u00f6verallt \u00e4r ivriga att f\u00e5 en chans att vinna jackpotten. Intressant nog \u00e4r Mega Sena ocks\u00e5 ett l\u00e4tt lotteri att spela, l\u00e4ttare \u00e4n m\u00e5nga andra internationella lotterier. L\u00e4ttheten att spela lotteriet, den stora jackpotten och de gynnsamma oddsen g\u00f6r detta lotteri enormt attraktivt f\u00f6r spelare \u00f6verallt.<\/p>\n<p>Att <a href=\"https:\/\/jackpotlotteryonline.com\/sv\/hur-man-spelar\/mega-sena-2\">spela Mega Sena-lotteriet<\/a> \u00e4r lika enkelt som att matcha de sex dragna numren. Det finns inga special- eller bonusnummer n\u00e4r du spelar detta lotteri. Det \u00e4r bara att v\u00e4lja 6 nummer fr\u00e5n 1 till 60 och <a href=\"https:\/\/jackpotlotteryonline.com\/sv\/vinnande-nummer\/mega-sena\">delta i dragningen<\/a>.<\/p>\n<p>\u00c4ven om du m\u00e5ste v\u00e4lja sex nummer f\u00f6r att delta i dragningen finns det ingen gr\u00e4ns f\u00f6r hur m\u00e5nga linjer du kan v\u00e4lja. Du kan allts\u00e5 v\u00e4lja tio rader med sex nummer f\u00f6r att \u00f6ka dina chanser att vinna p\u00e5 lotteriet.<\/p>\n<h2>Var du kan k\u00f6pa Mega Sena-biljetter<\/h2>\n<p><img loading=\"lazy\" decoding=\"async\" class=\"alignright size-full wp-image-28778\" src=\"http:\/\/jackpotlotteryonline.com\/wp-content\/uploads\/2022\/11\/1_online_ticket_eurojackpot2.jpg\" alt=\"k\u00f6pa Mega Sena biljetter\" width=\"300\" height=\"200\" \/><\/p>\n<p>Om du bor i Brasilien \u00e4r det lika enkelt att delta i detta lotteri som att g\u00e5 till en lotterif\u00f6rs\u00e4ljare f\u00f6r att k\u00f6pa dina lotter. Detta kan dock utg\u00f6ra en liten utmaning f\u00f6r spelare som bor utanf\u00f6r landet. Om du bor utanf\u00f6r denna jurisdiktion finns det ett alternativ f\u00f6r dig. Du skulle beh\u00f6va k\u00f6pa dina biljetter online.<\/p>\n<h2>K\u00f6pa Mega Sena-biljetter online<\/h2>\n<p>Det \u00e4r ganska enkelt att spela p\u00e5 n\u00e4tet och ger spelarna m\u00f6jlighet att delta i lotterier fr\u00e5n hela v\u00e4rlden. Vanligtvis kan spelare som inte bor i ett visst land inte spela p\u00e5 lotteriet fr\u00e5n det landet. Internet har demokratiserat deltagandet i lotterier genom att erbjuda en m\u00f6jlighet f\u00f6r spelare som tidigare inte har haft r\u00e4tt att delta p\u00e5 grund av geografiska gr\u00e4nser.<\/p>\n<p>Nu \u00e4r det lika enkelt att spela Mega Sena-lotteriet som att bes\u00f6ka en lotterisajt p\u00e5 n\u00e4tet som jackpotlotteryonline.com. D\u00e4r kan du k\u00f6pa din lott genom att v\u00e4lja dina nummer och sedan best\u00e4mma hur m\u00e5nga dragningar du vill delta i. N\u00e4r det \u00e4r gjort \u00e4r allt du beh\u00f6ver g\u00f6ra att v\u00e4nta p\u00e5 dragningsresultaten.<\/p>\n<h2>Vad \u00e4r jackpotten f\u00f6r detta lotteri?<\/h2>\n<p>N\u00e4mnde vi att Mega Sena \u00e4r ett av de st\u00f6rsta lotterierna i v\u00e4rlden? Det kan tyckas sv\u00e5rt att tro n\u00e4r man t\u00e4nker p\u00e5 startjackpotten p\u00e5 450 dollar, s\u00e4rskilt n\u00e4r den placeras bredvid n\u00e5gra andra lotterier med st\u00f6rre startjackpottar.<\/p>\n<p>Men det fina med Mega Sena \u00e4r att jackpottarna kan rulla \u00f6ver till otroligt stora belopp. N\u00e5gra av de st\u00f6rsta jackpottar som Mega Sena-spelare har vunnit har g\u00e5tt upp till miljontals US-dollar. Den st\u00f6rsta jackpotten l\u00e5g p\u00e5 lite mer \u00e4n 73 miljoner dollar.<\/p>\n<p>N\u00e4r man t\u00e4nker p\u00e5 detta s\u00e5 \u00e4r det klart att det kan vara ett mycket bra alternativ att spela Mega Sena-lotteriet n\u00e4r man s\u00f6ker efter lotterier att delta i.<\/p>\n<section class=\"layout\" style=\"border: solid 1px; width: 100%;\">\n<div class=\"img-div\" style=\"margin-top: 5px;\"><img decoding=\"async\" class=\"wp-image-17212 alignleft\" style=\"height: 45px; margin: 8px 8px 0px;\" src=\"http:\/\/jackpotlotteryonline.com\/wp-content\/uploads\/2022\/11\/read1.jpg\" alt=\"L\u00e4s\" width=\"\" height=\"\" \/><\/div>\n<div style=\"padding-left: 5px;\">\n<div style=\"font-size: 1.1em;\">\n<p><strong>N\u00e5gra knep och tips f\u00f6r att v\u00e4lja dina nummer<\/strong><\/p>\n<p style=\"font-size: 0.85em; margin-top: -1.5em;\">\u00d6ka dina vinstchanser &#8211; anv\u00e4nd en viss strategi f\u00f6r att v\u00e4lja dina nummer <a href=\"https:\/\/jackpotlotteryonline.com\/sv\/nagra-knep-och-tips-for-att-valja-dina-nummer\">L\u00e4s mer<\/a><\/p>\n<\/div>\n<\/div>\n<\/section>\n<h2>Vad h\u00e4nder om du vinner p\u00e5 lotteriet?<\/h2>\n<p>Detta \u00e4r en fr\u00e5ga som vi st\u00f6ter p\u00e5 ofta, s\u00e4rskilt fr\u00e5n dem som k\u00f6per Mega Sena-lotterier utanf\u00f6r det sydamerikanska landet. Du kanske undrar om du m\u00e5ste flyga hela v\u00e4gen till det sydamerikanska landet f\u00f6r att h\u00e4mta ut din vinst. Men det \u00e4r inte alls n\u00f6dv\u00e4ndigt, \u00e4ven om du \u00e4r sugen p\u00e5 ett bes\u00f6k f\u00f6r att njuta av sev\u00e4rdheterna, s\u00e5 boka f\u00f6r all del ett flyg.<\/p>\n<p>Men om du s\u00f6ker ett problemfritt s\u00e4tt att spela p\u00e5 lotto och h\u00e4mta ut din vinst utan stress \u00e4r det ett utm\u00e4rkt s\u00e4tt att spela p\u00e5 n\u00e4tet.<\/p>\n<p>N\u00e4r du registrerar dig hos oss tar vi det ett steg l\u00e4ngre genom att se till att du kan delta i internationella lotterier som du vill, inklusive Mega Sena-lotteriet. Inte bara det, utan du kan ocks\u00e5 enkelt ta ut dina vinster fr\u00e5n v\u00e5r sida till ditt konto. Det har aldrig varit enklare att spela p\u00e5 lotteri.<\/p>\n<h2>Hur \u00e4r det med Mega da Virada?<\/h2>\n<p><img loading=\"lazy\" decoding=\"async\" class=\"alignright size-full wp-image-35593\" src=\"http:\/\/jackpotlotteryonline.com\/wp-content\/uploads\/2022\/11\/2_ticket_uk_lottery2-1-190x300-1.jpg\" alt=\"Mega Sena lott\" width=\"190\" height=\"300\" \/><\/p>\n<p>Vi \u00e4r s\u00e4rskilt glada att du fr\u00e5gade om det eftersom det \u00e4r en av de st\u00f6rsta jackpottarna som finns. Egentligen \u00e4r det \u00e5rets st\u00f6rsta jackpot i Brasilien och beloppet kan komma att uppg\u00e5 till 60 miljoner dollar.<\/p>\n<p>Mega da Virada \u00e4r en s\u00e4rskild jackpot i lotteriet Mega Sena som \u00e4ger rum en g\u00e5ng om \u00e5ret. Dragningen av Mega Virada sker den 31 oktober varje \u00e5r och ger spelarna m\u00f6jlighet att vinna stort.<\/p>\n<p>Mega da Virada rullar inte heller \u00f6ver s\u00e5 den vinsten m\u00e5ste vinnas annars \u00e4r den borta f\u00f6r \u00e5ret.<\/p>\n<h2>Regelbundna Mega Sena-dragningsdagar<\/h2>\n<p>N\u00e4r du k\u00f6per Mega Sena-biljetter har du m\u00f6jlighet att delta i dragningen p\u00e5 onsdag eller l\u00f6rdag. Naturligtvis kan du delta i b\u00e5da, vilket vi rekommenderar eftersom det \u00f6kar dina chanser att vinna ett pris.<\/p>\n<p>Om du verkligen vill \u00f6ka dina chanser att vinna jackpotten b\u00f6r du \u00f6verv\u00e4ga att g\u00e5 med i ett lottosyndikat. F\u00f6rdelen \u00e4r att du skulle f\u00e5 tillg\u00e5ng till en pool, vilket g\u00f6r att du kan delta i flera dragningar utan att spendera alla dina pengar.<\/p>\n<h2>Prisniv\u00e5er<\/h2>\n<p>Mega Sena-lotteriet har tre vinstniv\u00e5er, som inkluderar jackpotten. Det inneb\u00e4r att spelarna f\u00f6rutom jackpotpriset ocks\u00e5 har chans att vinna priser i tv\u00e5 andra kategorier. Vi listar dem nedan och visar hur du kan vinna i dessa niv\u00e5er.<\/p>\n<p>Matcha 6 nummer &#8211; Jackpot &#8211; 35 % av prispotten.<br \/>\nMatcha 5 nummer &#8211; niv\u00e5 2 &#8211; 19 % av prispotten.<br \/>\nMatch 4 nummer &#8211; Tier 3 &#8211; 19 % av prispotten.<\/p>\n<p><strong>Intressant fakta: Oddsen att vinna ett pris n\u00e4r du spelar p\u00e5 en enkel biljett med 6 nummer \u00e4r 1 p\u00e5 2 298.<\/strong><\/p>\n<h2>Registrera dig hos oss f\u00f6r att delta i Mega Sena-lotteriet<\/h2>\n<p>L\u00e5t inte det faktum att du inte bor i Sydamerika hindra dig fr\u00e5n att njuta av Mega Sena-lotteriet. Oddsen att vinna \u00e4r stora och vinsterna \u00e4r lockande. S\u00e5 om du bor utanf\u00f6r Brasilien kan du k\u00f6pa Mega Sena-lotter p\u00e5 v\u00e5r webbplats genom att registrera dig hos oss.<\/p>\n<p>Vi erbjuder en one-stop-l\u00f6sning som f\u00f6renklar hela processen med att spela p\u00e5 lotteriet. Du kan nu slappna av och placera din insats med l\u00e4tthet eftersom vi tar hand om den stressiga biten \u00e5t dig. Varf\u00f6r inte k\u00f6pa dina Mega Sena-biljetter nu f\u00f6r en chans att vinna stort?<\/p>\n","protected":false},"excerpt":{"rendered":"<p>Mega Sena \u00e4r det st\u00f6rsta lotteriet i Brasilien med en av de st\u00f6rsta jackpottarna i v\u00e4rlden. Det \u00e4r inte konstigt att spelare \u00f6verallt \u00e4r ivriga att f\u00e5 en chans att vinna jackpotten. Intressant nog \u00e4r Mega Sena ocks\u00e5 ett l\u00e4tt lotteri att spela, l\u00e4ttare \u00e4n m\u00e5nga andra internationella lotterier. L\u00e4ttheten att spela lotteriet, den stora [&hellip;]<\/p>\n","protected":false},"author":1,"featured_media":0,"parent":35784,"menu_order":15,"comment_status":"closed","ping_status":"closed","template":"megasena-info.php","meta":{"_et_pb_use_builder":"","_et_pb_old_content":"","_et_gb_content_width":"","exclude_from_search":false,"footnotes":""},"class_list":["post-37021","page","type-page","status-publish","hentry"],"yoast_head":"<!-- This site is optimized with the Yoast SEO plugin v23.3 - https:\/\/yoast.com\/wordpress\/plugins\/seo\/ -->\n<title>K\u00f6p Mega Sena-biljetter fr\u00e5n utanf\u00f6r Brasilien | K\u00f6p Mega Sena-biljetter online<\/title>\n<meta name=\"description\" content=\"Du beh\u00f6ver inte vara i Brasilien f\u00f6r att delta i Mega Sena, k\u00f6p din Mega Sena-biljett online p\u00e5 v\u00e5r webbplats.\" \/>\n<meta name=\"robots\" content=\"index, follow, max-snippet:-1, max-image-preview:large, max-video-preview:-1\" \/>\n<link rel=\"canonical\" href=\"https:\/\/jackpotlotteryonline.com\/sv\/kopa-biljetter\/mega-sena\/\" \/>\n<meta property=\"og:locale\" content=\"sv_SE\" \/>\n<meta property=\"og:type\" content=\"article\" \/>\n<meta property=\"og:title\" content=\"K\u00f6p Mega Sena-biljetter fr\u00e5n utanf\u00f6r Brasilien | K\u00f6p Mega Sena-biljetter online\" \/>\n<meta property=\"og:description\" content=\"Du beh\u00f6ver inte vara i Brasilien f\u00f6r att delta i Mega Sena, k\u00f6p din Mega Sena-biljett online p\u00e5 v\u00e5r webbplats.\" \/>\n<meta property=\"og:url\" content=\"https:\/\/jackpotlotteryonline.com\/sv\/kopa-biljetter\/mega-sena\/\" \/>\n<meta property=\"og:site_name\" content=\"Lotto Online - Crack The International Lottery Jackpots\" \/>\n<meta property=\"article:modified_time\" content=\"2022-12-24T09:23:50+00:00\" \/>\n<meta property=\"og:image\" content=\"http:\/\/jackpotlotteryonline.com\/wp-content\/uploads\/2022\/11\/1_online_ticket_eurojackpot2.jpg\" \/>\n<meta name=\"twitter:card\" content=\"summary_large_image\" \/>\n<meta name=\"twitter:label1\" content=\"Ber\u00e4knad l\u00e4stid\" \/>\n\t<meta name=\"twitter:data1\" content=\"5 minuter\" \/>\n<!-- \/ Yoast SEO plugin. -->","yoast_head_json":{"title":"K\u00f6p Mega Sena-biljetter fr\u00e5n utanf\u00f6r Brasilien | K\u00f6p Mega Sena-biljetter online","description":"Du beh\u00f6ver inte vara i Brasilien f\u00f6r att delta i Mega Sena, k\u00f6p din Mega Sena-biljett online p\u00e5 v\u00e5r webbplats.","robots":{"index":"index","follow":"follow","max-snippet":"max-snippet:-1","max-image-preview":"max-image-preview:large","max-video-preview":"max-video-preview:-1"},"canonical":"https:\/\/jackpotlotteryonline.com\/sv\/kopa-biljetter\/mega-sena\/","og_locale":"sv_SE","og_type":"article","og_title":"K\u00f6p Mega Sena-biljetter fr\u00e5n utanf\u00f6r Brasilien | K\u00f6p Mega Sena-biljetter online","og_description":"Du beh\u00f6ver inte vara i Brasilien f\u00f6r att delta i Mega Sena, k\u00f6p din Mega Sena-biljett online p\u00e5 v\u00e5r webbplats.","og_url":"https:\/\/jackpotlotteryonline.com\/sv\/kopa-biljetter\/mega-sena\/","og_site_name":"Lotto Online - Crack The International Lottery Jackpots","article_modified_time":"2022-12-24T09:23:50+00:00","og_image":[{"url":"http:\/\/jackpotlotteryonline.com\/wp-content\/uploads\/2022\/11\/1_online_ticket_eurojackpot2.jpg"}],"twitter_card":"summary_large_image","twitter_misc":{"Ber\u00e4knad l\u00e4stid":"5 minuter"},"schema":{"@context":"https:\/\/schema.org","@graph":[{"@type":"WebPage","@id":"https:\/\/jackpotlotteryonline.com\/sv\/kopa-biljetter\/mega-sena\/","url":"https:\/\/jackpotlotteryonline.com\/sv\/kopa-biljetter\/mega-sena\/","name":"K\u00f6p Mega Sena-biljetter fr\u00e5n utanf\u00f6r Brasilien | K\u00f6p Mega Sena-biljetter online","isPartOf":{"@id":"https:\/\/jackpotlotteryonline.com\/#website"},"primaryImageOfPage":{"@id":"https:\/\/jackpotlotteryonline.com\/sv\/kopa-biljetter\/mega-sena\/#primaryimage"},"image":{"@id":"https:\/\/jackpotlotteryonline.com\/sv\/kopa-biljetter\/mega-sena\/#primaryimage"},"thumbnailUrl":"http:\/\/jackpotlotteryonline.com\/wp-content\/uploads\/2022\/11\/1_online_ticket_eurojackpot2.jpg","datePublished":"2022-11-09T13:42:47+00:00","dateModified":"2022-12-24T09:23:50+00:00","description":"Du beh\u00f6ver inte vara i Brasilien f\u00f6r att delta i Mega Sena, k\u00f6p din Mega Sena-biljett online p\u00e5 v\u00e5r webbplats.","breadcrumb":{"@id":"https:\/\/jackpotlotteryonline.com\/sv\/kopa-biljetter\/mega-sena\/#breadcrumb"},"inLanguage":"sv-SE","potentialAction":[{"@type":"ReadAction","target":["https:\/\/jackpotlotteryonline.com\/sv\/kopa-biljetter\/mega-sena\/"]}]},{"@type":"ImageObject","inLanguage":"sv-SE","@id":"https:\/\/jackpotlotteryonline.com\/sv\/kopa-biljetter\/mega-sena\/#primaryimage","url":"http:\/\/jackpotlotteryonline.com\/wp-content\/uploads\/2022\/11\/1_online_ticket_eurojackpot2.jpg","contentUrl":"http:\/\/jackpotlotteryonline.com\/wp-content\/uploads\/2022\/11\/1_online_ticket_eurojackpot2.jpg"},{"@type":"BreadcrumbList","@id":"https:\/\/jackpotlotteryonline.com\/sv\/kopa-biljetter\/mega-sena\/#breadcrumb","itemListElement":[{"@type":"ListItem","position":1,"name":"Home","item":"https:\/\/jackpotlotteryonline.com\/sv\/"},{"@type":"ListItem","position":2,"name":"Hur man k\u00f6per lotteri biljetter p\u00e5 n\u00e4tet","item":"https:\/\/jackpotlotteryonline.com\/buy-tickets\/"},{"@type":"ListItem","position":3,"name":"K\u00f6p biljetter till Mega Sena"}]},{"@type":"WebSite","@id":"https:\/\/jackpotlotteryonline.com\/#website","url":"https:\/\/jackpotlotteryonline.com\/","name":"Lotto Online - Crack The International Lottery Jackpots","description":"","potentialAction":[{"@type":"SearchAction","target":{"@type":"EntryPoint","urlTemplate":"https:\/\/jackpotlotteryonline.com\/?s={search_term_string}"},"query-input":"required name=search_term_string"}],"inLanguage":"sv-SE"}]}},"_links":{"self":[{"href":"https:\/\/jackpotlotteryonline.com\/sv\/wp-json\/wp\/v2\/pages\/37021","targetHints":{"allow":["GET"]}}],"collection":[{"href":"https:\/\/jackpotlotteryonline.com\/sv\/wp-json\/wp\/v2\/pages"}],"about":[{"href":"https:\/\/jackpotlotteryonline.com\/sv\/wp-json\/wp\/v2\/types\/page"}],"author":[{"embeddable":true,"href":"https:\/\/jackpotlotteryonline.com\/sv\/wp-json\/wp\/v2\/users\/1"}],"replies":[{"embeddable":true,"href":"https:\/\/jackpotlotteryonline.com\/sv\/wp-json\/wp\/v2\/comments?post=37021"}],"version-history":[{"count":0,"href":"https:\/\/jackpotlotteryonline.com\/sv\/wp-json\/wp\/v2\/pages\/37021\/revisions"}],"up":[{"embeddable":true,"href":"https:\/\/jackpotlotteryonline.com\/sv\/wp-json\/wp\/v2\/pages\/35784"}],"wp:attachment":[{"href":"https:\/\/jackpotlotteryonline.com\/sv\/wp-json\/wp\/v2\/media?parent=37021"}],"curies":[{"name":"wp","href":"https:\/\/api.w.org\/{rel}","templated":true}]}}