{"id":37075,"date":"2022-11-10T07:44:24","date_gmt":"2022-11-10T07:44:24","guid":{"rendered":"https:\/\/jackpotlotteryonline.com\/?page_id=37075"},"modified":"2023-01-06T10:13:42","modified_gmt":"2023-01-06T10:13:42","slug":"new-york-lottery","status":"publish","type":"page","link":"https:\/\/jackpotlotteryonline.com\/sv\/kopa-biljetter\/new-york-lottery\/","title":{"rendered":"Biljetter till New York Lottery"},"content":{"rendered":"<p>Om du letar efter ett lotteri som har en f\u00e4rgstark historia \u00e4r New York Lotto ditt b\u00e4sta val. Det h\u00e4r \u00e4r genomsyrad av historia och skandaler, men det \u00e4r ocks\u00e5 ett lotteri som grundades f\u00f6r en god sak. <a href=\"https:\/\/jackpotlotteryonline.com\/sv\/hur-man-spelar\/new-york-lottery-2\">Att spela p\u00e5 lotto<\/a> \u00e4r ett bra s\u00e4tt att ha roligt och det ger dig ocks\u00e5 n\u00e5got att se fram emot.<\/p>\n<p>F\u00f6r spelare utanf\u00f6r USA som vill k\u00f6pa lotter till detta lotteri kan du g\u00f6ra det genom att bes\u00f6ka jackpotlotteryonline.com. Vi ger spelarna tillg\u00e5ng till de b\u00e4sta internationella lotterierna oavsett var de befinner sig i v\u00e4rlden.<\/p>\n<h2>En kort historia om New York Lotto<\/h2>\n<p>Detta \u00e4r ett lotteri som drivs av delstatsregeringen i New York i USA. Det grundades 1967 som ett s\u00e4tt att hj\u00e4lpa till att finansiera utbildning i delstaten. Medborgarna i delstaten r\u00f6stade i en folkomr\u00f6stning f\u00f6r att konstitutionen skulle \u00e4ndras s\u00e5 att ett statligt lotteri skulle till\u00e5tas. Intressant nog var lotteriets f\u00f6rsta slogan &#8220;Your chance of a lifetime to help education&#8221;.<\/p>\n<p>S\u00e5 om du beh\u00f6ver k\u00e4nna dig n\u00f6jd med att spela p\u00e5 lotto \u00e4r detta lotteri ett bra tillf\u00e4lle f\u00f6r dig. Du f\u00e5r inte bara chansen att vinna stort, utan du vet ocks\u00e5 att du g\u00f6r gott i processen.<\/p>\n<p>Ett annat intressant faktum \u00e4r att detta lotteri tidigt drabbades av en skandal, inte en g\u00e5ng utan tv\u00e5 g\u00e5nger. \u00c5r 1975-6 avbr\u00f6ts f\u00f6rs\u00e4ljningen eftersom man uppt\u00e4ckte att os\u00e5lda lotter hade f\u00f6rklarats som vinnare. Sedan, p\u00e5 1980-talet, manipulerade statsanst\u00e4llda resultaten till f\u00f6rm\u00e5n f\u00f6r familj och v\u00e4nner. Dessa dagar ligger l\u00e5ngt bakom oss och det har blivit ett av de mer p\u00e5litliga lotterierna i landet.<\/p>\n<h2>Hur man k\u00f6per Lottolotter fr\u00e5n l\u00e4nder utanf\u00f6r USA<\/h2>\n<p><img loading=\"lazy\" decoding=\"async\" class=\"alignright size-full wp-image-26402\" src=\"https:\/\/jackpotlotteryonline.com\/wp-content\/uploads\/2022\/11\/1_buy_online_ticket_powerball.jpg\" alt=\"Pris fr\u00e5n New York Lottery\" width=\"300\" height=\"194\" \/><\/p>\n<p>Om du bor utanf\u00f6r USA finns det bara ett legitimt s\u00e4tt att k\u00f6pa lotter. Det \u00e4r genom att k\u00f6pa dem via internet fr\u00e5n en online-lotterif\u00f6rs\u00e4ljare som jackpotlotteryonline.com.<\/p>\n<p>F\u00f6r att k\u00f6pa biljetterna bes\u00f6ker du helt enkelt webbplatsen och klickar p\u00e5 det lotteri du vill ha. D\u00e4refter v\u00e4ljer du sex nummer mellan 1 och 59. K\u00f6p g\u00e4rna flera rader f\u00f6r att \u00f6ka dina vinstchanser. N\u00e4r du har valt dina nummer g\u00e5r du in i den dragning du vill och g\u00f6r din betalning.<\/p>\n<p>Det \u00e4r lagligt och legitimt att spela p\u00e5 lotteriet utanf\u00f6r USA via internet. Det \u00f6ppnar ocks\u00e5 en v\u00e4rld av m\u00f6jligheter f\u00f6r spelare runt om i v\u00e4rlden. Du beh\u00f6ver inte l\u00e4ngre begr\u00e4nsas av geografi eftersom du enkelt kan satsa utan gr\u00e4nser.<\/p>\n<h2>Bonusnumret<\/h2>\n<p>Ja, det finns ett bonusnummer och det \u00e4r det sjunde numret som dras. Bonusnumret anv\u00e4nds dock inte f\u00f6r att best\u00e4mma jackpotpriset utan anv\u00e4nds f\u00f6r andrapriset. F\u00f6r att vinna den andra priskategorin m\u00e5ste spelaren matcha de sex dragna numren och bonusnumret.<\/p>\n<section class=\"layout\" style=\"border: solid 1px; width: 100%;\">\n<div class=\"img-div\" style=\"margin-top: 5px;\"><img decoding=\"async\" class=\"wp-image-17212 alignleft\" style=\"height: 45px; margin: 8px 8px 0px;\" src=\"https:\/\/jackpotlotteryonline.com\/wp-content\/uploads\/2022\/11\/read1.jpg\" alt=\"L\u00e4s\" width=\"\" height=\"\" \/><\/div>\n<div style=\"padding-left: 5px;\">\n<div style=\"font-size: 1.1em;\">\n<p><strong>Tips om lotterier<\/strong><\/p>\n<p style=\"font-size: 0.85em; margin-top: -1.5em;\">Tips som hj\u00e4lper dig att vinna p\u00e5 lotto\u00a0 <a href=\"https:\/\/jackpotlotteryonline.com\/sv\/tips-som-hjalper-dig-att-vinna-pa-lotteriet\"> L\u00e4s mer<\/a><\/p>\n<\/div>\n<\/div>\n<\/section>\n<h2>Priskategorierna<\/h2>\n<p>Oddsen f\u00f6r att vinna ett pris totalt sett \u00e4r 1 p\u00e5 92,05. F\u00f6rdelningen av priserna beror p\u00e5 den totala f\u00f6rs\u00e4ljningen. F\u00f6r varje lotto f\u00f6rdelas s\u00e5ledes 40 % av f\u00f6rs\u00e4ljningen som prispengar. Jackpotten utg\u00f6r en procentandel av detta och \u00e4r inte ett l\u00e5st belopp. Priskategorierna beskrivs nedan:<\/p>\n<p>Kategori 1: 6 nummer &#8211; jackpot (30 %)<br \/>\nKategori 2: 5 + bonusnummer &#8211; 2,9 % av f\u00f6rs\u00e4ljningen.<br \/>\nKategori 3: 5 nummer &#8211; 2,2 % av f\u00f6rs\u00e4ljningen.<br \/>\nKategori 4: 4 nummer &#8211; 2,5 % av f\u00f6rs\u00e4ljningen<br \/>\nKategori 5: 3 nummer &#8211; 2,4 % av f\u00f6rs\u00e4ljningen.<\/p>\n<h2>Dragningsdagar f\u00f6r New York Lotto<\/h2>\n<p><a href=\"https:\/\/jackpotlotteryonline.com\/sv\/vinnande-nummer\/new-york-lottery\">New York lotteriet (som det ibland kallas) har tv\u00e5 dragningsdagar varje vecka<\/a>. Dessa \u00e4r p\u00e5 onsdagar och l\u00f6rdagar. Du kan allts\u00e5 anm\u00e4la dig till flera dragningsdagar flera veckor i f\u00f6rv\u00e4g.<\/p>\n<p>F\u00f6r att f\u00e5 reda p\u00e5 om du har vunnit ett pris kan du se dragningarna p\u00e5 TV eller kolla p\u00e5 nyheterna efter dragningsresultat. Detta kan dock l\u00e4tt bli tr\u00f6ttsamt, s\u00e4rskilt om du \u00e4r upptagen vid den tidpunkten. Ett enklare alternativ \u00e4r att registrera dig hos oss, s\u00e5 meddelar vi dig omedelbart om du vinner.<\/p>\n<h2>Varf\u00f6r ska du spela p\u00e5 New York-lotteriet?<\/h2>\n<p>N\u00e4r du t\u00e4nker p\u00e5 att prispengarna best\u00e4ms av f\u00f6rs\u00e4ljningen kan du bli avskr\u00e4ckt. Vad h\u00e4nder om f\u00f6rs\u00e4ljningen inte \u00e4r bra? Det inneb\u00e4r att jackpotpriset kan minskas avsev\u00e4rt. Det \u00e4r en verklig r\u00e4dsla som spelarna m\u00f6ter n\u00e4r de spelar detta lotteri.<\/p>\n<p>Men det finns flera saker som talar till f\u00f6rm\u00e5n f\u00f6r det lotteri som drivs av delstatsregeringen i New York. Den f\u00f6rsta \u00e4r att det finns ett stort intresse f\u00f6r detta lotteri s\u00e5 f\u00f6rs\u00e4ljningen \u00e4r fortfarande ganska bra. Jackpotten \u00e4r inte lika stor som i vissa andra internationella lotterier, men spelarna kan vinna upp till 10 miljoner dollar.<\/p>\n<p>Dessutom \u00e4r oddsen f\u00f6r att vinna en vinst mycket h\u00f6gre \u00e4n andra lotterier med st\u00f6rre jackpottar. \u00c4ven om vissa spelare kanske inte anser att detta \u00e4r en satsning med h\u00f6ga insatser, s\u00e5 f\u00f6rs\u00f6tar de gynnsamma oddsen verkligen aff\u00e4ren. Dessutom \u00e4r jackpotpriset inte alls d\u00e5ligt och kan fortfarande g\u00f6ra vinnarna till miljon\u00e4rer.<\/p>\n<h2>Registrera dig hos oss f\u00f6r en stressfri upplevelse<\/h2>\n<p><img loading=\"lazy\" decoding=\"async\" class=\"size-full wp-image-35321 alignright\" src=\"https:\/\/jackpotlotteryonline.com\/wp-content\/uploads\/2022\/11\/2_ticket_superenalotto-1.jpg\" alt=\"Lottolott i New York\" width=\"228\" height=\"300\" \/><\/p>\n<p>Det \u00e4r enkelt och problemfritt att spela New York Lotto n\u00e4r du registrerar dig hos oss. N\u00e4r du bes\u00f6ker v\u00e5r webbplats hittar du ett stort utbud av internationella lotterier som du kan delta i. Skaffa en biljett och satsa p\u00e5 det lotteri du vill och v\u00e4lj flera bidrag om du vill. Om du inte \u00e4r s\u00e4ker p\u00e5 vilka nummer du ska v\u00e4lja hj\u00e4lper v\u00e5rt verktyg f\u00f6r automatisk val av nummer dig med det.<\/p>\n<p>N\u00e4r du har valt dina nummer g\u00e5r du in i dragningarna och g\u00e5r till betalningsomr\u00e5det. D\u00e4r kommer vi att be dig att registrera dig. Det \u00e4r av f\u00f6ljande sk\u00e4l:<\/p>\n<ul>\n<li>N\u00e4r du registrerar dig kan du se till att dina biljetter f\u00f6rvaras s\u00e4kert s\u00e5 att du enkelt kan h\u00e4mta ut eventuella vinster som du vinner.<\/li>\n<li>Om du vinner n\u00e5got pris kommer du att f\u00e5 ett meddelande p\u00e5 din instrumentpanel och via e-post.<\/li>\n<li>Det har aldrig varit enklare att ta ut ditt pris eftersom du kan g\u00f6ra det direkt p\u00e5 v\u00e5r plattform.<\/li>\n<\/ul>\n<h2>Hur vet du att du deltar i lotteriet?<\/h2>\n<p>Detta \u00e4r en ber\u00e4ttigad fr\u00e5ga eftersom det finns flera tj\u00e4nster d\u00e4r ute som s\u00e4ljer lotter, men som inte ger dig tillg\u00e5ng till lotteriet. Vad de g\u00f6r \u00e4r att de ger dig chansen att satsa mot jackpotten. S\u00e5 \u00e4ven om du vinner kan du bara f\u00e5 en br\u00e5kdel av jackpottsumman. Det g\u00f6r inte vi.<\/p>\n<p>Vi driver en conciergetj\u00e4nst som ser till att v\u00e5ra kunder f\u00e5r tillg\u00e5ng i realtid till de lotterier de vill ha. N\u00e4r du k\u00f6per ett intr\u00e4de k\u00f6per v\u00e5ra agenter i New York ocks\u00e5 en fysisk lott med dina \u00f6nskade nummer. Vad detta inneb\u00e4r \u00e4r att om dina nummer matchar de dragna numren har du vunnit jackpotten.<\/p>\n<p>Detta verkar vara ett bra tillf\u00e4lle att n\u00e4mna att lotteriet \u00e4r ett hasardspel. D\u00e4rf\u00f6r finns det inget s\u00e4tt att avg\u00f6ra vem som kommer att vinna. Vad vi d\u00e4remot vet \u00e4r att det enda s\u00e4ttet att ha en chans att vinna \u00e4r att g\u00f6ra en insats. D\u00e4rf\u00f6r g\u00f6r vi allt f\u00f6r att se till att v\u00e5ra kunder har den m\u00f6jligheten.<\/p>\n<h2>Spela New York Lotto online idag<\/h2>\n<p>Det \u00e4r dags att sluta t\u00e4nka p\u00e5 att skaffa en lott och skaffa en. Detta kan vara b\u00f6rjan p\u00e5 ett \u00e4ventyr f\u00f6r hela livet. S\u00e5 varf\u00f6r inte bes\u00f6ka oss idag p\u00e5 jackpotlotteryonline.com f\u00f6r att g\u00f6ra en insats fr\u00e5n var som helst i v\u00e4rlden? Man vet aldrig n\u00e4r man vinner p\u00e5 lotteriet.<\/p>\n","protected":false},"excerpt":{"rendered":"<p>Om du letar efter ett lotteri som har en f\u00e4rgstark historia \u00e4r New York Lotto ditt b\u00e4sta val. Det h\u00e4r \u00e4r genomsyrad av historia och skandaler, men det \u00e4r ocks\u00e5 ett lotteri som grundades f\u00f6r en god sak. Att spela p\u00e5 lotto \u00e4r ett bra s\u00e4tt att ha roligt och det ger dig ocks\u00e5 n\u00e5got [&hellip;]<\/p>\n","protected":false},"author":1,"featured_media":0,"parent":35784,"menu_order":14,"comment_status":"closed","ping_status":"closed","template":"newyork-info.php","meta":{"_et_pb_use_builder":"","_et_pb_old_content":"","_et_gb_content_width":"","exclude_from_search":false,"footnotes":""},"class_list":["post-37075","page","type-page","status-publish","hentry"],"yoast_head":"<!-- This site is optimized with the Yoast SEO plugin v23.3 - https:\/\/yoast.com\/wordpress\/plugins\/seo\/ -->\n<title>K\u00f6p biljetter till New York Lottery utanf\u00f6r USA | K\u00f6p New York Lotery biljetter online<\/title>\n<meta name=\"description\" content=\"Vill du k\u00f6pa en biljett till New York Lottery, men bor utanf\u00f6r USA? K\u00f6p dina lotter p\u00e5 n\u00e4tet h\u00e4r\" \/>\n<meta name=\"robots\" content=\"index, follow, max-snippet:-1, max-image-preview:large, max-video-preview:-1\" \/>\n<link rel=\"canonical\" href=\"https:\/\/jackpotlotteryonline.com\/sv\/kopa-biljetter\/new-york-lottery\/\" \/>\n<meta property=\"og:locale\" content=\"sv_SE\" \/>\n<meta property=\"og:type\" content=\"article\" \/>\n<meta property=\"og:title\" content=\"K\u00f6p biljetter till New York Lottery utanf\u00f6r USA | K\u00f6p New York Lotery biljetter online\" \/>\n<meta property=\"og:description\" content=\"Vill du k\u00f6pa en biljett till New York Lottery, men bor utanf\u00f6r USA? K\u00f6p dina lotter p\u00e5 n\u00e4tet h\u00e4r\" \/>\n<meta property=\"og:url\" content=\"https:\/\/jackpotlotteryonline.com\/sv\/kopa-biljetter\/new-york-lottery\/\" \/>\n<meta property=\"og:site_name\" content=\"Lotto Online - Crack The International Lottery Jackpots\" \/>\n<meta property=\"article:modified_time\" content=\"2023-01-06T10:13:42+00:00\" \/>\n<meta property=\"og:image\" content=\"https:\/\/jackpotlotteryonline.com\/wp-content\/uploads\/2022\/11\/1_buy_online_ticket_powerball.jpg\" \/>\n<meta name=\"twitter:card\" content=\"summary_large_image\" \/>\n<meta name=\"twitter:label1\" content=\"Ber\u00e4knad l\u00e4stid\" \/>\n\t<meta name=\"twitter:data1\" content=\"6 minuter\" \/>\n<!-- \/ Yoast SEO plugin. -->","yoast_head_json":{"title":"K\u00f6p biljetter till New York Lottery utanf\u00f6r USA | K\u00f6p New York Lotery biljetter online","description":"Vill du k\u00f6pa en biljett till New York Lottery, men bor utanf\u00f6r USA? K\u00f6p dina lotter p\u00e5 n\u00e4tet h\u00e4r","robots":{"index":"index","follow":"follow","max-snippet":"max-snippet:-1","max-image-preview":"max-image-preview:large","max-video-preview":"max-video-preview:-1"},"canonical":"https:\/\/jackpotlotteryonline.com\/sv\/kopa-biljetter\/new-york-lottery\/","og_locale":"sv_SE","og_type":"article","og_title":"K\u00f6p biljetter till New York Lottery utanf\u00f6r USA | K\u00f6p New York Lotery biljetter online","og_description":"Vill du k\u00f6pa en biljett till New York Lottery, men bor utanf\u00f6r USA? K\u00f6p dina lotter p\u00e5 n\u00e4tet h\u00e4r","og_url":"https:\/\/jackpotlotteryonline.com\/sv\/kopa-biljetter\/new-york-lottery\/","og_site_name":"Lotto Online - Crack The International Lottery Jackpots","article_modified_time":"2023-01-06T10:13:42+00:00","og_image":[{"url":"https:\/\/jackpotlotteryonline.com\/wp-content\/uploads\/2022\/11\/1_buy_online_ticket_powerball.jpg"}],"twitter_card":"summary_large_image","twitter_misc":{"Ber\u00e4knad l\u00e4stid":"6 minuter"},"schema":{"@context":"https:\/\/schema.org","@graph":[{"@type":"WebPage","@id":"https:\/\/jackpotlotteryonline.com\/sv\/kopa-biljetter\/new-york-lottery\/","url":"https:\/\/jackpotlotteryonline.com\/sv\/kopa-biljetter\/new-york-lottery\/","name":"K\u00f6p biljetter till New York Lottery utanf\u00f6r USA | K\u00f6p New York Lotery biljetter online","isPartOf":{"@id":"https:\/\/jackpotlotteryonline.com\/#website"},"primaryImageOfPage":{"@id":"https:\/\/jackpotlotteryonline.com\/sv\/kopa-biljetter\/new-york-lottery\/#primaryimage"},"image":{"@id":"https:\/\/jackpotlotteryonline.com\/sv\/kopa-biljetter\/new-york-lottery\/#primaryimage"},"thumbnailUrl":"https:\/\/jackpotlotteryonline.com\/wp-content\/uploads\/2022\/11\/1_buy_online_ticket_powerball.jpg","datePublished":"2022-11-10T07:44:24+00:00","dateModified":"2023-01-06T10:13:42+00:00","description":"Vill du k\u00f6pa en biljett till New York Lottery, men bor utanf\u00f6r USA? K\u00f6p dina lotter p\u00e5 n\u00e4tet h\u00e4r","breadcrumb":{"@id":"https:\/\/jackpotlotteryonline.com\/sv\/kopa-biljetter\/new-york-lottery\/#breadcrumb"},"inLanguage":"sv-SE","potentialAction":[{"@type":"ReadAction","target":["https:\/\/jackpotlotteryonline.com\/sv\/kopa-biljetter\/new-york-lottery\/"]}]},{"@type":"ImageObject","inLanguage":"sv-SE","@id":"https:\/\/jackpotlotteryonline.com\/sv\/kopa-biljetter\/new-york-lottery\/#primaryimage","url":"https:\/\/jackpotlotteryonline.com\/wp-content\/uploads\/2022\/11\/1_buy_online_ticket_powerball.jpg","contentUrl":"https:\/\/jackpotlotteryonline.com\/wp-content\/uploads\/2022\/11\/1_buy_online_ticket_powerball.jpg"},{"@type":"BreadcrumbList","@id":"https:\/\/jackpotlotteryonline.com\/sv\/kopa-biljetter\/new-york-lottery\/#breadcrumb","itemListElement":[{"@type":"ListItem","position":1,"name":"Home","item":"https:\/\/jackpotlotteryonline.com\/sv\/"},{"@type":"ListItem","position":2,"name":"Hur man k\u00f6per lotteri biljetter p\u00e5 n\u00e4tet","item":"https:\/\/jackpotlotteryonline.com\/buy-tickets\/"},{"@type":"ListItem","position":3,"name":"Biljetter till New York Lottery"}]},{"@type":"WebSite","@id":"https:\/\/jackpotlotteryonline.com\/#website","url":"https:\/\/jackpotlotteryonline.com\/","name":"Lotto Online - Crack The International Lottery Jackpots","description":"","potentialAction":[{"@type":"SearchAction","target":{"@type":"EntryPoint","urlTemplate":"https:\/\/jackpotlotteryonline.com\/?s={search_term_string}"},"query-input":"required name=search_term_string"}],"inLanguage":"sv-SE"}]}},"_links":{"self":[{"href":"https:\/\/jackpotlotteryonline.com\/sv\/wp-json\/wp\/v2\/pages\/37075","targetHints":{"allow":["GET"]}}],"collection":[{"href":"https:\/\/jackpotlotteryonline.com\/sv\/wp-json\/wp\/v2\/pages"}],"about":[{"href":"https:\/\/jackpotlotteryonline.com\/sv\/wp-json\/wp\/v2\/types\/page"}],"author":[{"embeddable":true,"href":"https:\/\/jackpotlotteryonline.com\/sv\/wp-json\/wp\/v2\/users\/1"}],"replies":[{"embeddable":true,"href":"https:\/\/jackpotlotteryonline.com\/sv\/wp-json\/wp\/v2\/comments?post=37075"}],"version-history":[{"count":0,"href":"https:\/\/jackpotlotteryonline.com\/sv\/wp-json\/wp\/v2\/pages\/37075\/revisions"}],"up":[{"embeddable":true,"href":"https:\/\/jackpotlotteryonline.com\/sv\/wp-json\/wp\/v2\/pages\/35784"}],"wp:attachment":[{"href":"https:\/\/jackpotlotteryonline.com\/sv\/wp-json\/wp\/v2\/media?parent=37075"}],"curies":[{"name":"wp","href":"https:\/\/api.w.org\/{rel}","templated":true}]}}