{"id":37127,"date":"2022-11-10T09:48:19","date_gmt":"2022-11-10T09:48:19","guid":{"rendered":"https:\/\/jackpotlotteryonline.com\/?page_id=37127"},"modified":"2023-01-04T08:55:38","modified_gmt":"2023-01-04T08:55:38","slug":"thunderball","status":"publish","type":"page","link":"https:\/\/jackpotlotteryonline.com\/sv\/kopa-biljetter\/thunderball\/","title":{"rendered":"K\u00f6p biljetter till Thunderball"},"content":{"rendered":"<p>Det finns ingen brist p\u00e5 lotterier f\u00f6r spelare i Storbritannien att spela. Fr\u00e5n lotto spel till annuitets spel, det finns n\u00e5got f\u00f6r alla och n\u00e4stan varje dag ocks\u00e5. Men ett av favoritspelen f\u00f6r spelarna \u00e4r Thunderball. Det \u00e4r intressant eftersom detta \u00e4r ett lotteri som inte erbjuder en jackpot v\u00e4rd miljontals pund. Faktum \u00e4r att vi kan garantera att \u00e4ven om du vinner jackpotten kommer du inte att bli miljon\u00e4r. Varf\u00f6r verkar spelarna d\u00e5 \u00e4lska detta lotteri?<\/p>\n<p>Anledningen \u00e4r enkel; oddsen \u00e4r mycket b\u00e4ttre \u00e4n i andra spel med st\u00f6rre jackpottar. Med fyra veckodragningar och en ordentlig jackpottsumma \u00e4r det inte konstigt att lottoentusiaster flockas till detta lotteri varje vecka.<\/p>\n<p>Om du bor utanf\u00f6r Storbritannien kan du ocks\u00e5 delta i n\u00e5gon av dragningarna. Bes\u00f6k jackpotlotteryonline.com f\u00f6r ett effektivt och stressfritt s\u00e4tt att k\u00f6pa lotter oavsett var du befinner dig.<\/p>\n<h2>Hur fungerar Thunderball?<\/h2>\n<p><img loading=\"lazy\" decoding=\"async\" class=\"alignright size-medium wp-image-30425\" src=\"https:\/\/jackpotlotteryonline.com\/wp-content\/uploads\/2022\/11\/1_you_win_jackpot-300x300.jpg\" alt=\"Hur man spelar Thunderball\" width=\"300\" height=\"300\" srcset=\"https:\/\/jackpotlotteryonline.com\/wp-content\/uploads\/2022\/11\/1_you_win_jackpot-300x300.jpg 300w, https:\/\/jackpotlotteryonline.com\/wp-content\/uploads\/2022\/11\/1_you_win_jackpot-100x100.jpg 100w, https:\/\/jackpotlotteryonline.com\/wp-content\/uploads\/2022\/11\/1_you_win_jackpot-150x150.jpg 150w, https:\/\/jackpotlotteryonline.com\/wp-content\/uploads\/2022\/11\/1_you_win_jackpot.jpg 320w\" sizes=\"auto, (max-width: 300px) 100vw, 300px\" \/><\/p>\n<p>Detta brittiska lotteri \u00e4r okomplicerat och l\u00e4tt att spela och erfarna lottospelare b\u00f6r inte ha n\u00e5gra problem med detta brittiska lotteri.<\/p>\n<p>F\u00f6r att<a href=\"https:\/\/jackpotlotteryonline.com\/sv\/hur-man-spelar\/thunderball\"> spela detta brittiska lotteri<\/a> m\u00e5ste spelarna v\u00e4lja fem huvudnummer mellan 1 och 39 och ett specialnummer mellan 1 och 14. Specialnumret kallas Thunderball.<\/p>\n<p>Efter att ha valt dina nummer \u00e4r n\u00e4sta steg att <a href=\"https:\/\/jackpotlotteryonline.com\/sv\/vinnande-nummer\/thunderball\">delta i dragningarna<\/a> och v\u00e4nta p\u00e5 resultaten. Vi har redan n\u00e4mnt att det erbjuder fyra veckodragningar. Det \u00e4r fyra m\u00f6jligheter att vinna jackpotten! Dragningarna \u00e4ger rum p\u00e5 tisdag, onsdag, torsdag och l\u00f6rdag.<\/p>\n<h2>\u00c4r det lagligt att k\u00f6pa en brittisk lott p\u00e5 n\u00e4tet?<\/h2>\n<p>Fr\u00e5gan om huruvida du kan delta i lotteriet via internet eller inte \u00e4r en ber\u00e4ttigad fr\u00e5ga. Det \u00e4r sant att det finns bedr\u00e4gerier d\u00e4r ute och det vore dumt att ignorera det. Det finns dock legitima lotterisajter som s\u00e4ljer lotter till lotterier runt om i v\u00e4rlden och detta \u00e4r helt lagligt.<\/p>\n<p>F\u00f6r det f\u00f6rsta \u00e4r detta brittiska lotteri inte begr\u00e4nsat till medborgare i Storbritannien. Den enda begr\u00e4nsningen \u00e4r geografisk i den bem\u00e4rkelsen att fysiska sedlar s\u00e4ljs av f\u00f6rs\u00e4ljare i landet. Att k\u00f6pa sina lotter online \u00e4r det enda s\u00e4ttet att spela lotteriet fr\u00e5n ett land utanf\u00f6r landet.<\/p>\n<p>Innan du k\u00f6per en lottobokning ska du se till att du anv\u00e4nder dig av en laglig lotterif\u00f6rs\u00e4ljare, s\u00e4rskilt en som har ett gott rykte. Ett bra s\u00e4tt att kontrollera \u00e4r att se om de har en historia av att betala ut vinster s\u00e5 att du inte f\u00f6rlorar dina vinster.<\/p>\n<section class=\"layout\" style=\"border: solid 1px; width: 100%;\">\n<div class=\"img-div\" style=\"margin-top: 5px;\"><img decoding=\"async\" class=\"wp-image-17212 alignleft\" style=\"height: 45px; margin: 8px 8px 0px;\" src=\"https:\/\/jackpotlotteryonline.com\/wp-content\/uploads\/2022\/11\/read1.jpg\" alt=\"L\u00e4s\" width=\"\" height=\"\" \/><\/div>\n<div style=\"padding-left: 5px;\">\n<div style=\"font-size: 1.1em;\">\n<p><strong>Ditt nationella lotteri i internationell j\u00e4mf\u00f6relse<\/strong><\/p>\n<p style=\"font-size: 0.85em; margin-top: -1.5em;\">Ditt lokala lotteri kan vara ditt s\u00e4msta alternativ &#8211; varf\u00f6r det \u00e4r vettigare att betala mer men satsa p\u00e5 st\u00f6rre jackpottar\u00a0 <a href=\"https:\/\/jackpotlotteryonline.com\/sv\/your-national-lottery-in-international-comparison\"> L\u00e4s mer<\/a><\/p>\n<\/div>\n<\/div>\n<\/section>\n<h2>Jackpot och priser<\/h2>\n<p>S\u00e5 vad exakt \u00e4r jackpotpriset f\u00f6r detta brittiska lotteri? Jackpotpriset \u00e4r femhundratusen pund och det \u00e4r garanterat f\u00f6r varje dragning. Varje lott som matchar de fem dragna numren och det speciella numret vinner jackpotten.<\/p>\n<p>Jackpotten \u00e4r inte det enda priset som spelarna kan vinna med detta lotteri eftersom det finns andra vinstniv\u00e5er. Den andra prisniv\u00e5n \u00e4r ocks\u00e5 ett fast belopp p\u00e5 fem tusen pund, vilket \u00e4r riktigt bra. Det finns nio prisniv\u00e5er totalt och det finns ett pris bara f\u00f6r att matcha det speciella numret.<\/p>\n<p>\u00c4ven h\u00e4r \u00e4r oddsen f\u00f6r detta lotteri otroliga, vilket \u00e4r anledningen till att det har gett s\u00e5 m\u00e5nga vinnare sedan den f\u00f6rsta dragningen 1999. P\u00e5 grund av den stora efterfr\u00e5gan p\u00e5 lotteriet gick det fr\u00e5n att bara ha en veckodragning till fyra veckodragningar. S\u00e5 om du spelar detta brittiska lotteri \u00e4r oddsen f\u00f6r att vinna jackpotten 1 p\u00e5 8 060 598, medan oddsen f\u00f6r att vinna n\u00e5gon vinst \u00e4r 1 p\u00e5 13.<br \/>\n<img loading=\"lazy\" decoding=\"async\" class=\"alignright size-medium wp-image-35457\" src=\"https:\/\/jackpotlotteryonline.com\/wp-content\/uploads\/2022\/11\/2_ticket_uk_lottery-192x300.jpg\" alt=\"Thunderball-biljett\" width=\"192\" height=\"300\" srcset=\"https:\/\/jackpotlotteryonline.com\/wp-content\/uploads\/2022\/11\/2_ticket_uk_lottery-192x300.jpg 192w, https:\/\/jackpotlotteryonline.com\/wp-content\/uploads\/2022\/11\/2_ticket_uk_lottery.jpg 250w\" sizes=\"auto, (max-width: 192px) 100vw, 192px\" \/><\/p>\n<p><strong>N\u00e4r du spelar detta lotteri \u00e4r det h\u00e4r vad du kan f\u00f6rv\u00e4nta dig att vinna:<\/strong><\/p>\n<p>Matcha 5 nummer + specialnummer &#8211; 500 000 pund (jackpot).<br \/>\nMatcha endast 5 nummer &#8211; 5 000 pund<br \/>\nMatcha 4 nummer + specialnummer &#8211; 250 pund<br \/>\nMatcha endast 4 nummer &#8211; 100 pund<br \/>\n3 nummer + specialnummer &#8211; 20 pund<br \/>\nMatcha endast 3 nummer &#8211; 10 pund<br \/>\nMatcha 2 nummer + specialnummer &#8211; 10 pund<br \/>\nMatcha 1 nummer + specialnummer &#8211; 5 pund<br \/>\nMatcha 0 nummer + specialnummer &#8211; \u00a33<\/p>\n<h2>Hur du h\u00e4mtar ut ditt pris<\/h2>\n<p>Hur du beg\u00e4r ut din vinst beror p\u00e5 hur du k\u00f6pte din lott. Om du deltog i lotteriet via v\u00e5r webbplats kan du h\u00e4mta ut ditt pris genom att logga in p\u00e5 ditt konto och ta ut din vinst fr\u00e5n v\u00e5r plattform.<\/p>\n<p>Innan du h\u00e4mtar ut din vinst \u00e4r det viktigt att veta n\u00e5gra saker om hur man spelar p\u00e5 lotteriet i Storbritannien. Vi vet redan att lotteriet \u00e4r \u00f6ppet f\u00f6r alla oavsett nationalitet, men h\u00e4r \u00e4r n\u00e5gra saker att notera:<\/p>\n<ul>\n<li>Lotteriet \u00e4r \u00f6ppet f\u00f6r spelare som \u00e4r \u00e4ldre \u00e4n 16 \u00e5r.<\/li>\n<li>Priserna betalas ut i en klumpsumma.<\/li>\n<li>Lotterivinster \u00e4r inte skattepliktiga i landet. Om du spelar fr\u00e5n ett annat land b\u00f6r du dock kontrollera skattelagstiftningen i ditt land.<\/li>\n<li>Du har 180 dagar p\u00e5 dig att g\u00f6ra anspr\u00e5k p\u00e5 en vinst innan den g\u00e5r tillbaka till potten.<\/li>\n<li>Om du deltog i lotteriet via en fysisk f\u00f6rs\u00e4ljare kan du beh\u00f6va kontakta lotteriorganisat\u00f6rerna f\u00f6r att g\u00f6ra anspr\u00e5k p\u00e5 din vinst.<\/li>\n<\/ul>\n<h2>Varf\u00f6r du ska spela p\u00e5 lotteri med oss<\/h2>\n<p>Vi \u00e4r en skr\u00e4ddarsydd conciergetj\u00e4nst som ger spelare runt om i v\u00e4rlden tillg\u00e5ng till de b\u00e4sta internationella lotterierna. Vi har \u00e4gnat \u00e5ratal \u00e5t att f\u00f6rfina processen f\u00f6r att se till att v\u00e5ra kunder f\u00e5r en sp\u00e4nnande upplevelse som \u00e4r trevlig och stressfri.<\/p>\n<p>N\u00e4r du registrerar dig hos oss kan du delta i flera lotterier bekv\u00e4mt fr\u00e5n en enda onlineplattform. Vi ger dig den extra tryggheten att veta att din anm\u00e4lningssedel \u00e4r s\u00e4ker s\u00e5 att du inte beh\u00f6ver oroa dig f\u00f6r att f\u00f6rlora den. Du kan ocks\u00e5 slappna av med vetskapen om att du inte kommer att missa n\u00e5gon vinst eftersom vi meddelar dig s\u00e5 fort du vinner ett pris.<\/p>\n<p>I grund och botten tar vi bort alla bultar och kn\u00e4ck som f\u00f6ljer med att spela p\u00e5 lotteri, s\u00e5 att du kan g\u00f6ra det du tycker b\u00e4st om: ha roligt. Det spelar ingen roll var du befinner dig i v\u00e4rlden, s\u00e5 fort du har en internetuppkoppling kan du delta i internationella topplotterier.<\/p>\n<p>Med jackpotlotteryonline.com f\u00e5r du flera alternativ. Du kan spela ett eller flera lotterier, delta i en eller flera dragningar och till och med skapa en prenumeration s\u00e5 att dina bidrag k\u00f6rs p\u00e5 autopilot. Varf\u00f6r inte bes\u00f6ka oss idag f\u00f6r att k\u00f6pa Thunderball-lotter fr\u00e5n l\u00e4nder utanf\u00f6r Storbritannien?<\/p>\n","protected":false},"excerpt":{"rendered":"<p>Det finns ingen brist p\u00e5 lotterier f\u00f6r spelare i Storbritannien att spela. Fr\u00e5n lotto spel till annuitets spel, det finns n\u00e5got f\u00f6r alla och n\u00e4stan varje dag ocks\u00e5. Men ett av favoritspelen f\u00f6r spelarna \u00e4r Thunderball. Det \u00e4r intressant eftersom detta \u00e4r ett lotteri som inte erbjuder en jackpot v\u00e4rd miljontals pund. Faktum \u00e4r att [&hellip;]<\/p>\n","protected":false},"author":1,"featured_media":0,"parent":35784,"menu_order":12,"comment_status":"closed","ping_status":"closed","template":"thunderball-info.php","meta":{"_et_pb_use_builder":"","_et_pb_old_content":"","_et_gb_content_width":"","exclude_from_search":false,"footnotes":""},"class_list":["post-37127","page","type-page","status-publish","hentry"],"yoast_head":"<!-- This site is optimized with the Yoast SEO plugin v23.3 - https:\/\/yoast.com\/wordpress\/plugins\/seo\/ -->\n<title>K\u00f6p Thunderball-biljetter utanf\u00f6r Storbritannien | Thunderball Lottery online<\/title>\n<meta name=\"description\" content=\"Skaffa en Thunderball-biljett fr\u00e5n utanf\u00f6r Storbritannien genom att k\u00f6pa den online h\u00e4r! F\u00e5 din skannade Thunderball-biljett genom v\u00e5r juridiska tj\u00e4nst.\" \/>\n<meta name=\"robots\" content=\"index, follow, max-snippet:-1, max-image-preview:large, max-video-preview:-1\" \/>\n<link rel=\"canonical\" href=\"https:\/\/jackpotlotteryonline.com\/sv\/kopa-biljetter\/thunderball\/\" \/>\n<meta property=\"og:locale\" content=\"sv_SE\" \/>\n<meta property=\"og:type\" content=\"article\" \/>\n<meta property=\"og:title\" content=\"K\u00f6p Thunderball-biljetter utanf\u00f6r Storbritannien | Thunderball Lottery online\" \/>\n<meta property=\"og:description\" content=\"Skaffa en Thunderball-biljett fr\u00e5n utanf\u00f6r Storbritannien genom att k\u00f6pa den online h\u00e4r! F\u00e5 din skannade Thunderball-biljett genom v\u00e5r juridiska tj\u00e4nst.\" \/>\n<meta property=\"og:url\" content=\"https:\/\/jackpotlotteryonline.com\/sv\/kopa-biljetter\/thunderball\/\" \/>\n<meta property=\"og:site_name\" content=\"Lotto Online - Crack The International Lottery Jackpots\" \/>\n<meta property=\"article:modified_time\" content=\"2023-01-04T08:55:38+00:00\" \/>\n<meta property=\"og:image\" content=\"https:\/\/jackpotlotteryonline.com\/wp-content\/uploads\/2022\/11\/1_you_win_jackpot-300x300.jpg\" \/>\n<meta name=\"twitter:card\" content=\"summary_large_image\" \/>\n<meta name=\"twitter:label1\" content=\"Ber\u00e4knad l\u00e4stid\" \/>\n\t<meta name=\"twitter:data1\" content=\"6 minuter\" \/>\n<!-- \/ Yoast SEO plugin. -->","yoast_head_json":{"title":"K\u00f6p Thunderball-biljetter utanf\u00f6r Storbritannien | Thunderball Lottery online","description":"Skaffa en Thunderball-biljett fr\u00e5n utanf\u00f6r Storbritannien genom att k\u00f6pa den online h\u00e4r! F\u00e5 din skannade Thunderball-biljett genom v\u00e5r juridiska tj\u00e4nst.","robots":{"index":"index","follow":"follow","max-snippet":"max-snippet:-1","max-image-preview":"max-image-preview:large","max-video-preview":"max-video-preview:-1"},"canonical":"https:\/\/jackpotlotteryonline.com\/sv\/kopa-biljetter\/thunderball\/","og_locale":"sv_SE","og_type":"article","og_title":"K\u00f6p Thunderball-biljetter utanf\u00f6r Storbritannien | Thunderball Lottery online","og_description":"Skaffa en Thunderball-biljett fr\u00e5n utanf\u00f6r Storbritannien genom att k\u00f6pa den online h\u00e4r! F\u00e5 din skannade Thunderball-biljett genom v\u00e5r juridiska tj\u00e4nst.","og_url":"https:\/\/jackpotlotteryonline.com\/sv\/kopa-biljetter\/thunderball\/","og_site_name":"Lotto Online - Crack The International Lottery Jackpots","article_modified_time":"2023-01-04T08:55:38+00:00","og_image":[{"url":"https:\/\/jackpotlotteryonline.com\/wp-content\/uploads\/2022\/11\/1_you_win_jackpot-300x300.jpg"}],"twitter_card":"summary_large_image","twitter_misc":{"Ber\u00e4knad l\u00e4stid":"6 minuter"},"schema":{"@context":"https:\/\/schema.org","@graph":[{"@type":"WebPage","@id":"https:\/\/jackpotlotteryonline.com\/sv\/kopa-biljetter\/thunderball\/","url":"https:\/\/jackpotlotteryonline.com\/sv\/kopa-biljetter\/thunderball\/","name":"K\u00f6p Thunderball-biljetter utanf\u00f6r Storbritannien | Thunderball Lottery online","isPartOf":{"@id":"https:\/\/jackpotlotteryonline.com\/#website"},"primaryImageOfPage":{"@id":"https:\/\/jackpotlotteryonline.com\/sv\/kopa-biljetter\/thunderball\/#primaryimage"},"image":{"@id":"https:\/\/jackpotlotteryonline.com\/sv\/kopa-biljetter\/thunderball\/#primaryimage"},"thumbnailUrl":"https:\/\/jackpotlotteryonline.com\/wp-content\/uploads\/2022\/11\/1_you_win_jackpot-300x300.jpg","datePublished":"2022-11-10T09:48:19+00:00","dateModified":"2023-01-04T08:55:38+00:00","description":"Skaffa en Thunderball-biljett fr\u00e5n utanf\u00f6r Storbritannien genom att k\u00f6pa den online h\u00e4r! F\u00e5 din skannade Thunderball-biljett genom v\u00e5r juridiska tj\u00e4nst.","breadcrumb":{"@id":"https:\/\/jackpotlotteryonline.com\/sv\/kopa-biljetter\/thunderball\/#breadcrumb"},"inLanguage":"sv-SE","potentialAction":[{"@type":"ReadAction","target":["https:\/\/jackpotlotteryonline.com\/sv\/kopa-biljetter\/thunderball\/"]}]},{"@type":"ImageObject","inLanguage":"sv-SE","@id":"https:\/\/jackpotlotteryonline.com\/sv\/kopa-biljetter\/thunderball\/#primaryimage","url":"https:\/\/jackpotlotteryonline.com\/wp-content\/uploads\/2022\/11\/1_you_win_jackpot-300x300.jpg","contentUrl":"https:\/\/jackpotlotteryonline.com\/wp-content\/uploads\/2022\/11\/1_you_win_jackpot-300x300.jpg"},{"@type":"BreadcrumbList","@id":"https:\/\/jackpotlotteryonline.com\/sv\/kopa-biljetter\/thunderball\/#breadcrumb","itemListElement":[{"@type":"ListItem","position":1,"name":"Home","item":"https:\/\/jackpotlotteryonline.com\/sv\/"},{"@type":"ListItem","position":2,"name":"Hur man k\u00f6per lotteri biljetter p\u00e5 n\u00e4tet","item":"https:\/\/jackpotlotteryonline.com\/buy-tickets\/"},{"@type":"ListItem","position":3,"name":"K\u00f6p biljetter till Thunderball"}]},{"@type":"WebSite","@id":"https:\/\/jackpotlotteryonline.com\/#website","url":"https:\/\/jackpotlotteryonline.com\/","name":"Lotto Online - Crack The International Lottery Jackpots","description":"","potentialAction":[{"@type":"SearchAction","target":{"@type":"EntryPoint","urlTemplate":"https:\/\/jackpotlotteryonline.com\/?s={search_term_string}"},"query-input":"required name=search_term_string"}],"inLanguage":"sv-SE"}]}},"_links":{"self":[{"href":"https:\/\/jackpotlotteryonline.com\/sv\/wp-json\/wp\/v2\/pages\/37127","targetHints":{"allow":["GET"]}}],"collection":[{"href":"https:\/\/jackpotlotteryonline.com\/sv\/wp-json\/wp\/v2\/pages"}],"about":[{"href":"https:\/\/jackpotlotteryonline.com\/sv\/wp-json\/wp\/v2\/types\/page"}],"author":[{"embeddable":true,"href":"https:\/\/jackpotlotteryonline.com\/sv\/wp-json\/wp\/v2\/users\/1"}],"replies":[{"embeddable":true,"href":"https:\/\/jackpotlotteryonline.com\/sv\/wp-json\/wp\/v2\/comments?post=37127"}],"version-history":[{"count":0,"href":"https:\/\/jackpotlotteryonline.com\/sv\/wp-json\/wp\/v2\/pages\/37127\/revisions"}],"up":[{"embeddable":true,"href":"https:\/\/jackpotlotteryonline.com\/sv\/wp-json\/wp\/v2\/pages\/35784"}],"wp:attachment":[{"href":"https:\/\/jackpotlotteryonline.com\/sv\/wp-json\/wp\/v2\/media?parent=37127"}],"curies":[{"name":"wp","href":"https:\/\/api.w.org\/{rel}","templated":true}]}}