{"id":37182,"date":"2022-11-10T13:06:43","date_gmt":"2022-11-10T13:06:43","guid":{"rendered":"https:\/\/jackpotlotteryonline.com\/?page_id=37182"},"modified":"2022-12-24T16:26:44","modified_gmt":"2022-12-24T16:26:44","slug":"powerball-australia","status":"publish","type":"page","link":"https:\/\/jackpotlotteryonline.com\/sv\/kopa-biljetter\/powerball-australia\/","title":{"rendered":"K\u00f6p biljetter till Powerball Australia"},"content":{"rendered":"<p>N\u00e4r man t\u00e4nker p\u00e5 detta lotteri t\u00e4nker man f\u00f6rst och fr\u00e4mst p\u00e5 det amerikanska lotteriet och inte p\u00e5 den australiensiska versionen. Detta fantastiska lotteri \u00e4r \u00e4lskat av australiensiska lottoentusiaster. Powerball Australia \u00e4r snabbt p\u00e5 v\u00e4g att bli ett av de popul\u00e4ra internationella lotterierna eftersom spelare runt om i v\u00e4rlden inser dess potential.<\/p>\n<p>Med en garanterad minsta jackpot p\u00e5 3 miljoner dollar rullar summan \u00f6ver om det inte finns n\u00e5gon vinnare efter en dragning. Den kan rullas \u00f6ver flera g\u00e5nger tills den blir ganska stor. Rekordjackpottsumman p\u00e5 160 miljoner dollar vanns i oktober 2022 av en enda lott.<\/p>\n<p>Om du vill ut\u00f6ka din r\u00e4ckvidd som lottospelare b\u00f6r du \u00f6verv\u00e4ga Powerball Australia. Det \u00e4r roligt, full av anda och ger spelarna m\u00f6jlighet att vinna stort utan de galna oddsen fr\u00e5n den amerikanska versionen. Dessutom spelar det ingen roll var du bor eftersom du kan <a href=\"https:\/\/jackpotlotteryonline.com\/sv\/hur-man-spelar\/powerball-australia\">spela online p\u00e5 jackpotlotteryonline.com.<\/a><\/p>\n<h2>Hur fungerar Powerball Australia?<\/h2>\n<p><img loading=\"lazy\" decoding=\"async\" class=\"size-full wp-image-31181 alignright\" src=\"https:\/\/jackpotlotteryonline.com\/wp-content\/uploads\/2022\/11\/logo_powerball-300x50-1.jpg\" alt=\"Powerball Australien\" width=\"300\" height=\"50\" \/><\/p>\n<p>Detta lotteri har bollar med tv\u00e5 upps\u00e4ttningar nummer i tv\u00e5 olika tunnor. Kulorna dras slumpm\u00e4ssigt fr\u00e5n varje tunna och varje bidrag som matchar de dragna numren vinner. Den f\u00f6rsta tunnan har 35 bollar och spelarna m\u00e5ste v\u00e4lja 7 nummer inom det intervallet. Den andra tunnan har 20 nummer och spelarna m\u00e5ste v\u00e4lja ETT nummer i den serien.<\/p>\n<p>En rad av nummer har 8 nummer och en biljett kan ha mer \u00e4n en rad av nummer. Egentligen rekommenderas det att ange flera rader f\u00f6r att \u00f6ka vinstchanserna. Oddsen f\u00f6r att vinna jackpotten \u00e4r 1 p\u00e5 1:134 490 400.<\/p>\n<p>Ja, oddsen \u00e4r ganska h\u00f6ga men det \u00e4r s\u00e5 lotteriet fungerar. Det \u00e4r ett spel med siffror och mycket har med tur att g\u00f6ra. Det g\u00e5r inte att s\u00e4ga n\u00e4r turen best\u00e4mmer sig f\u00f6r att gynna en spelare. Dessutom \u00e4r det en rolig hobby s\u00e5 l\u00e4nge man h\u00e5ller sig till det man har r\u00e5d med.<\/p>\n<h2>Kan du \u00f6ka dina chanser att vinna?<\/h2>\n<p>Intressant nog kan du \u00f6ka dina chanser att vinna jackpotten. Det finns ingen garanterad metod, \u00e4ven om de flesta vinnare erk\u00e4nner att de spelade flera g\u00e5nger innan de vann n\u00e5got. D\u00e4r ligger hemligheten.<\/p>\n<p>S\u00e5vitt vi vet \u00e4r s\u00e4ttet att tippa vinstchanserna till din f\u00f6rdel genom att k\u00f6pa fler lotterier. Det inneb\u00e4r flera rader av intr\u00e4de och flera dragningar. Lotteriet h\u00e5ller sina dragningar en g\u00e5ng i veckan p\u00e5 torsdagar. Om du k\u00f6per dina lotter p\u00e5 v\u00e5r webbplats kan du delta i dragningarna flera veckor i f\u00f6rv\u00e4g.<\/p>\n<p>Ett annat alternativ \u00e4r att g\u00e5 med i ett lottosyndikat. F\u00f6rdelen med att g\u00e5 med i ett syndikat \u00e4r att dina pengar r\u00e4cker mycket l\u00e4ngre \u00e4n om du spelar ensam. Om en lott vinner delar naturligtvis alla medlemmar i syndikatet p\u00e5 vinsten.<\/p>\n<section class=\"layout\" style=\"border: solid 1px; width: 100%;\">\n<div class=\"img-div\" style=\"margin-top: 5px;\"><img decoding=\"async\" class=\"wp-image-17212 alignleft\" style=\"height: 45px; margin: 8px 8px 0px;\" src=\"https:\/\/jackpotlotteryonline.com\/wp-content\/uploads\/2022\/11\/read1.jpg\" alt=\"L\u00e4s\" width=\"\" height=\"\" \/><\/div>\n<div style=\"padding-left: 5px;\">\n<div style=\"font-size: 1.1em;\">\n<p><strong>V\u00e4lj vinnande lottonummer manuellt eller med hj\u00e4lp av en RNG.<\/strong><\/p>\n<p style=\"font-size: 0.85em; margin-top: -1.5em;\">Hur skapar man vinnande lottonummer?\u00a0 <a href=\"https:\/\/jackpotlotteryonline.com\/sv\/hur-man-genererar-vinnande-lottonummer\"> L\u00e4s mer<\/a><\/p>\n<\/div>\n<\/div>\n<\/section>\n<h2>Hur man spelar Aussie-lotteriet online<\/h2>\n<p><img loading=\"lazy\" decoding=\"async\" class=\"alignright size-medium wp-image-34538\" src=\"https:\/\/jackpotlotteryonline.com\/wp-content\/uploads\/2022\/11\/2_ticket_powerball_au-157x300.jpg\" alt=\"Australiensisk lott\" width=\"157\" height=\"300\" srcset=\"https:\/\/jackpotlotteryonline.com\/wp-content\/uploads\/2022\/11\/2_ticket_powerball_au-157x300.jpg 157w, https:\/\/jackpotlotteryonline.com\/wp-content\/uploads\/2022\/11\/2_ticket_powerball_au.jpg 250w\" sizes=\"auto, (max-width: 157px) 100vw, 157px\" \/><\/p>\n<p>Det \u00e4r enkelt att spela p\u00e5 lotteriet online och du kan g\u00f6ra det var du \u00e4n befinner dig. N\u00e4r du bes\u00f6ker oss p\u00e5 jackpotlotteryonline.com kan du enkelt k\u00f6pa intr\u00e4de till de b\u00e4sta internationella lotterierna, inklusive Aussie-lotterier. F\u00f6r att k\u00f6pa dina bidrag \u00e4r det bara att v\u00e4lja dina nummer och delta i dragningen. Om du inte \u00e4r s\u00e4ker p\u00e5 vilka nummer du ska anv\u00e4nda kan du anv\u00e4nda v\u00e5rt verktyg f\u00f6r snabbval f\u00f6r att generera slumpm\u00e4ssiga nummer.<\/p>\n<p>N\u00e4r du kommer till betalningssidan kommer vi att be dig att registrera dig. Detta \u00e4r f\u00f6r att din kupong ska f\u00f6rbli s\u00e4ker p\u00e5 ditt konto. Du kan ocks\u00e5 st\u00e4lla in dina lotterispel p\u00e5 autopilot s\u00e5 att du automatiskt deltar i de dragningar du v\u00e4ljer. Om du vinner ett pris kommer vi att informera dig omg\u00e5ende och d\u00e5 kan du ta ut vinsten fr\u00e5n v\u00e5r plattform.<\/p>\n<p>Vi arbetar h\u00e5rt f\u00f6r att f\u00f6renkla lotterieupplevelsen f\u00f6r dig s\u00e5 att du kan slappna av och fokusera p\u00e5 att ha roligt.<\/p>\n<h2>Prisuppdelningar<\/h2>\n<p>Det h\u00e4r Aussie-lotteriet har 9 vinstdivisioner och spelarna beh\u00f6ver inte matcha alla 8 dragna nummer f\u00f6r att vinna ett pris. \u00c4ven om jackpotpriset b\u00f6rjar p\u00e5 3 miljoner dollar kan det rullas \u00f6ver flera g\u00e5nger tills det \u00e4r ett mycket st\u00f6rre pris.<\/p>\n<p>Observera att det inte finns n\u00e5gon gr\u00e4ns f\u00f6r storleken p\u00e5 jackpotten men den kan bara rullas \u00f6ver 25 g\u00e5nger innan den \u00e5terg\u00e5r till 3 miljoner dollar.<\/p>\n<p>Priserna i de l\u00e4gre divisionerna \u00e4r en procentuell andel av prispotten. Vi kommer att dela med oss av den genomsnittliga utbetalningen f\u00f6r att ge dig en uppfattning. Detta \u00e4r inte den garanterade utbetalningen f\u00f6r varje dragning eftersom beloppen kan variera.<\/p>\n<p>Match 7 huvudnummer + specialnummer &#8211; 23 043 155,47 dollar (genomsnittlig utbetalning).<br \/>\nMatcha endast 7 nummer &#8211; 126 484,05 dollar<br \/>\nMatcha 6 nummer + specialnummer &#8211; 5 326,97 dollar.<br \/>\nMatcha endast 6 nummer &#8211; 454,35 dollar<br \/>\nMatcha 5 nummer + specialnummer &#8211; 158,34 dollar<br \/>\nMatch 4 nummer + specialnummer &#8211; 70,85 dollar<br \/>\nMatcha endast 5 nummer &#8211; 42,23 dollar<br \/>\nMatch 3 nummer + specialnummer &#8211; 17,57 dollar<br \/>\nMatch 2 nummer + specialnummer &#8211; 10,71 dollar<\/p>\n<h2>Hur du kontrollerar resultaten<\/h2>\n<p>Resultaten publiceras p\u00e5 v\u00e5r webbplats efter varje dragning. Dragningarna \u00e4ger rum varje torsdag kl. 19.25 AEST.<\/p>\n<p>Vi f\u00f6rst\u00e5r att livet ibland h\u00e4nder och att du kanske inte kan <a href=\"https:\/\/jackpotlotteryonline.com\/sv\/vinnande-nummer\/powerball-australia\">kontrollera dragningsresultaten omedelbart.<\/a> S\u00e5 om du vinner n\u00e5got pris kommer vi inte bara att varna dig via ditt konto, utan vi kommer ocks\u00e5 att skicka dig ett e-postmeddelande. P\u00e5 s\u00e5 s\u00e4tt beh\u00f6ver du inte g\u00e5 miste om att h\u00e4mta ut ditt pris.<\/p>\n<h2>Registrera dig hos oss f\u00f6r att k\u00f6pa Powerball Australia-biljetter online<\/h2>\n<p>\u00c4r du glad \u00f6ver att f\u00e5 spela detta lotteri? Det \u00e4r vi ocks\u00e5 och vi \u00e4r glada att kunna erbjuda det till en mobil enhet n\u00e4ra dig. N\u00e4r du har en internetuppkoppling kan du k\u00f6pa en biljett till det australiensiska lotteriet.<\/p>\n<p>Lotteriet \u00e4r ett roligt spel och det finns historier om lotterivinnare \u00f6verallt. Du kan vara n\u00e4sta vinnare, men du kommer inte att veta om du inte deltar i dragningarna. Vi har f\u00f6renklat processen f\u00f6r att g\u00f6ra det till en stressfri upplevelse f\u00f6r dig. Du beh\u00f6ver inte l\u00e4mna v\u00e5r sida f\u00f6r att utf\u00f6ra n\u00e5gon av dina lotterirelaterade uppgifter. S\u00e5 enkelt \u00e4r det.<\/p>\n<p>Oavsett var du befinner dig i v\u00e4rlden kan du k\u00f6pa ett intr\u00e4de till det st\u00f6rsta Aussie-lotteriet h\u00e4r p\u00e5 v\u00e5r sida. Registrera dig hos oss i dag.<\/p>\n","protected":false},"excerpt":{"rendered":"<p>N\u00e4r man t\u00e4nker p\u00e5 detta lotteri t\u00e4nker man f\u00f6rst och fr\u00e4mst p\u00e5 det amerikanska lotteriet och inte p\u00e5 den australiensiska versionen. Detta fantastiska lotteri \u00e4r \u00e4lskat av australiensiska lottoentusiaster. Powerball Australia \u00e4r snabbt p\u00e5 v\u00e4g att bli ett av de popul\u00e4ra internationella lotterierna eftersom spelare runt om i v\u00e4rlden inser dess potential. Med en garanterad [&hellip;]<\/p>\n","protected":false},"author":1,"featured_media":0,"parent":35784,"menu_order":17,"comment_status":"closed","ping_status":"closed","template":"powerball-au-info.php","meta":{"_et_pb_use_builder":"","_et_pb_old_content":"","_et_gb_content_width":"","exclude_from_search":false,"footnotes":""},"class_list":["post-37182","page","type-page","status-publish","hentry"],"yoast_head":"<!-- This site is optimized with the Yoast SEO plugin v23.3 - https:\/\/yoast.com\/wordpress\/plugins\/seo\/ -->\n<title>K\u00f6p Powerball Australia biljetter fr\u00e5n utanf\u00f6r Australien<\/title>\n<meta name=\"description\" content=\"Den australiensiska versionen av Powerball-lotteriet - du kan delta om du helt enkelt k\u00f6per en biljett online h\u00e4r p\u00e5 v\u00e5r webbplats.\" \/>\n<meta name=\"robots\" content=\"index, follow, max-snippet:-1, max-image-preview:large, max-video-preview:-1\" \/>\n<link rel=\"canonical\" href=\"https:\/\/jackpotlotteryonline.com\/sv\/kopa-biljetter\/powerball-australia\/\" \/>\n<meta property=\"og:locale\" content=\"sv_SE\" \/>\n<meta property=\"og:type\" content=\"article\" \/>\n<meta property=\"og:title\" content=\"K\u00f6p Powerball Australia biljetter fr\u00e5n utanf\u00f6r Australien\" \/>\n<meta property=\"og:description\" content=\"Den australiensiska versionen av Powerball-lotteriet - du kan delta om du helt enkelt k\u00f6per en biljett online h\u00e4r p\u00e5 v\u00e5r webbplats.\" \/>\n<meta property=\"og:url\" content=\"https:\/\/jackpotlotteryonline.com\/sv\/kopa-biljetter\/powerball-australia\/\" \/>\n<meta property=\"og:site_name\" content=\"Lotto Online - Crack The International Lottery Jackpots\" \/>\n<meta property=\"article:modified_time\" content=\"2022-12-24T16:26:44+00:00\" \/>\n<meta property=\"og:image\" content=\"https:\/\/jackpotlotteryonline.com\/wp-content\/uploads\/2022\/11\/logo_powerball-300x50-1.jpg\" \/>\n<meta name=\"twitter:card\" content=\"summary_large_image\" \/>\n<meta name=\"twitter:label1\" content=\"Ber\u00e4knad l\u00e4stid\" \/>\n\t<meta name=\"twitter:data1\" content=\"5 minuter\" \/>\n<!-- \/ Yoast SEO plugin. -->","yoast_head_json":{"title":"K\u00f6p Powerball Australia biljetter fr\u00e5n utanf\u00f6r Australien","description":"Den australiensiska versionen av Powerball-lotteriet - du kan delta om du helt enkelt k\u00f6per en biljett online h\u00e4r p\u00e5 v\u00e5r webbplats.","robots":{"index":"index","follow":"follow","max-snippet":"max-snippet:-1","max-image-preview":"max-image-preview:large","max-video-preview":"max-video-preview:-1"},"canonical":"https:\/\/jackpotlotteryonline.com\/sv\/kopa-biljetter\/powerball-australia\/","og_locale":"sv_SE","og_type":"article","og_title":"K\u00f6p Powerball Australia biljetter fr\u00e5n utanf\u00f6r Australien","og_description":"Den australiensiska versionen av Powerball-lotteriet - du kan delta om du helt enkelt k\u00f6per en biljett online h\u00e4r p\u00e5 v\u00e5r webbplats.","og_url":"https:\/\/jackpotlotteryonline.com\/sv\/kopa-biljetter\/powerball-australia\/","og_site_name":"Lotto Online - Crack The International Lottery Jackpots","article_modified_time":"2022-12-24T16:26:44+00:00","og_image":[{"url":"https:\/\/jackpotlotteryonline.com\/wp-content\/uploads\/2022\/11\/logo_powerball-300x50-1.jpg"}],"twitter_card":"summary_large_image","twitter_misc":{"Ber\u00e4knad l\u00e4stid":"5 minuter"},"schema":{"@context":"https:\/\/schema.org","@graph":[{"@type":"WebPage","@id":"https:\/\/jackpotlotteryonline.com\/sv\/kopa-biljetter\/powerball-australia\/","url":"https:\/\/jackpotlotteryonline.com\/sv\/kopa-biljetter\/powerball-australia\/","name":"K\u00f6p Powerball Australia biljetter fr\u00e5n utanf\u00f6r Australien","isPartOf":{"@id":"https:\/\/jackpotlotteryonline.com\/#website"},"primaryImageOfPage":{"@id":"https:\/\/jackpotlotteryonline.com\/sv\/kopa-biljetter\/powerball-australia\/#primaryimage"},"image":{"@id":"https:\/\/jackpotlotteryonline.com\/sv\/kopa-biljetter\/powerball-australia\/#primaryimage"},"thumbnailUrl":"https:\/\/jackpotlotteryonline.com\/wp-content\/uploads\/2022\/11\/logo_powerball-300x50-1.jpg","datePublished":"2022-11-10T13:06:43+00:00","dateModified":"2022-12-24T16:26:44+00:00","description":"Den australiensiska versionen av Powerball-lotteriet - du kan delta om du helt enkelt k\u00f6per en biljett online h\u00e4r p\u00e5 v\u00e5r webbplats.","breadcrumb":{"@id":"https:\/\/jackpotlotteryonline.com\/sv\/kopa-biljetter\/powerball-australia\/#breadcrumb"},"inLanguage":"sv-SE","potentialAction":[{"@type":"ReadAction","target":["https:\/\/jackpotlotteryonline.com\/sv\/kopa-biljetter\/powerball-australia\/"]}]},{"@type":"ImageObject","inLanguage":"sv-SE","@id":"https:\/\/jackpotlotteryonline.com\/sv\/kopa-biljetter\/powerball-australia\/#primaryimage","url":"https:\/\/jackpotlotteryonline.com\/wp-content\/uploads\/2022\/11\/logo_powerball-300x50-1.jpg","contentUrl":"https:\/\/jackpotlotteryonline.com\/wp-content\/uploads\/2022\/11\/logo_powerball-300x50-1.jpg"},{"@type":"BreadcrumbList","@id":"https:\/\/jackpotlotteryonline.com\/sv\/kopa-biljetter\/powerball-australia\/#breadcrumb","itemListElement":[{"@type":"ListItem","position":1,"name":"Home","item":"https:\/\/jackpotlotteryonline.com\/sv\/"},{"@type":"ListItem","position":2,"name":"Hur man k\u00f6per lotteri biljetter p\u00e5 n\u00e4tet","item":"https:\/\/jackpotlotteryonline.com\/buy-tickets\/"},{"@type":"ListItem","position":3,"name":"K\u00f6p biljetter till Powerball Australia"}]},{"@type":"WebSite","@id":"https:\/\/jackpotlotteryonline.com\/#website","url":"https:\/\/jackpotlotteryonline.com\/","name":"Lotto Online - Crack The International Lottery Jackpots","description":"","potentialAction":[{"@type":"SearchAction","target":{"@type":"EntryPoint","urlTemplate":"https:\/\/jackpotlotteryonline.com\/?s={search_term_string}"},"query-input":"required name=search_term_string"}],"inLanguage":"sv-SE"}]}},"_links":{"self":[{"href":"https:\/\/jackpotlotteryonline.com\/sv\/wp-json\/wp\/v2\/pages\/37182","targetHints":{"allow":["GET"]}}],"collection":[{"href":"https:\/\/jackpotlotteryonline.com\/sv\/wp-json\/wp\/v2\/pages"}],"about":[{"href":"https:\/\/jackpotlotteryonline.com\/sv\/wp-json\/wp\/v2\/types\/page"}],"author":[{"embeddable":true,"href":"https:\/\/jackpotlotteryonline.com\/sv\/wp-json\/wp\/v2\/users\/1"}],"replies":[{"embeddable":true,"href":"https:\/\/jackpotlotteryonline.com\/sv\/wp-json\/wp\/v2\/comments?post=37182"}],"version-history":[{"count":0,"href":"https:\/\/jackpotlotteryonline.com\/sv\/wp-json\/wp\/v2\/pages\/37182\/revisions"}],"up":[{"embeddable":true,"href":"https:\/\/jackpotlotteryonline.com\/sv\/wp-json\/wp\/v2\/pages\/35784"}],"wp:attachment":[{"href":"https:\/\/jackpotlotteryonline.com\/sv\/wp-json\/wp\/v2\/media?parent=37182"}],"curies":[{"name":"wp","href":"https:\/\/api.w.org\/{rel}","templated":true}]}}