{"id":37237,"date":"2022-11-11T07:03:29","date_gmt":"2022-11-11T07:03:29","guid":{"rendered":"https:\/\/jackpotlotteryonline.com\/?page_id=37237"},"modified":"2022-12-24T11:02:59","modified_gmt":"2022-12-24T11:02:59","slug":"oz-lotto","status":"publish","type":"page","link":"https:\/\/jackpotlotteryonline.com\/sv\/kopa-biljetter\/oz-lotto\/","title":{"rendered":"K\u00f6p Oz Lotto biljetter"},"content":{"rendered":"<p>Oz Lotto \u00e4r det f\u00f6rsta nationella lotteriet i Australien. Det startade 1994 och har blivit popul\u00e4rt bland spelare \u00f6verallt p\u00e5 grund av det gener\u00f6sa jackpotpriset. Det finns mer som tilltalar spelarna \u00e4n bara den stora jackpotten.<\/p>\n<p>Olika lotterier har sina regler och metoder, men en gemensam sak \u00e4r att oddsen inte alltid \u00e4r gynnsamma. Detta \u00e4r dock inte fallet med detta australiska lotteri. Om du letar efter ett lotteri som har otroliga odds, spela d\u00e5 detta Oz-lotteri.<\/p>\n<p>Generellt sett \u00e4r lotterier \u00f6ppna f\u00f6r inv\u00e5nare i de l\u00e4nder d\u00e4r lotteriet \u00e4r baserat. Detta lotto \u00e4r allts\u00e5 \u00f6ppet f\u00f6r dem som bor i Australien. Du beh\u00f6ver inte vara medborgare f\u00f6r att delta i lotteriet. Men om du bor utanf\u00f6r landet m\u00e5ste du k\u00f6pa dina lotter p\u00e5 n\u00e4tet.<\/p>\n<h2>Hur man k\u00f6per Oz Lotto biljetter runt om i v\u00e4rlden<\/h2>\n<p><img loading=\"lazy\" decoding=\"async\" class=\"alignright size-full wp-image-31532\" src=\"https:\/\/jackpotlotteryonline.com\/wp-content\/uploads\/2022\/11\/lottoballs.jpg\" alt=\"Oz Lotto\" width=\"245\" height=\"123\" \/><\/p>\n<p>Det mest bekv\u00e4ma och enklaste s\u00e4ttet att f\u00e5 tillg\u00e5ng till Oz Lottery fr\u00e5n l\u00e4nder utanf\u00f6r Australien \u00e4r via internet. Det finns lotterif\u00f6rs\u00e4ljare online som ger spelarna tillg\u00e5ng till de b\u00e4sta internationella lotterierna. Dessa webbplatser erbjuder ett legitimt s\u00e4tt f\u00f6r spelare runt om i v\u00e4rlden att f\u00f6rs\u00f6ka vinna miljoner.<\/p>\n<p>Internet erbjuder en v\u00e4rld av n\u00e4stan o\u00e4ndliga m\u00f6jligheter och alla \u00e4r inte positiva. Att s\u00f6ka efter n\u00e5gon slumpm\u00e4ssig lotterisajt kan leda till obehagliga upplevelser. D\u00e4rf\u00f6r \u00e4r det alltid en bra id\u00e9 att leta efter betrodda webbplatser som har ett gott rykte hos spelarna. Nedan delar vi med oss av tips som hj\u00e4lper dig att v\u00e4lja r\u00e4tt lotterif\u00f6rs\u00e4ljare p\u00e5 internet.<\/p>\n<h2>Tips f\u00f6r att anv\u00e4nda r\u00e4tt lotterisajt<\/h2>\n<p>Anv\u00e4nd endast f\u00f6rs\u00e4ljare som \u00e4r registrerade enligt lagen. En laglig lotterif\u00f6rs\u00e4ljare har en verksamhetslicens och ett registrerat kontor. Dessa uppgifter b\u00f6r visas p\u00e5 webbplatsen f\u00f6r att garantera \u00e4kthet.<\/p>\n<p>Se till att de har ett brett utbud av internationella lotterier. Det \u00e4r ingen id\u00e9 att registrera sig p\u00e5 en webbplats som bara visar en handfull lotterier. Det viktigaste med att <a href=\"https:\/\/jackpotlotteryonline.com\/sv\/hur-man-spelar\/oz-lotto\">spela lotterier p\u00e5 internet<\/a> \u00e4r tillg\u00e4nglighet och bekv\u00e4mlighet. Vad \u00e4r bekv\u00e4mare \u00e4n att kunna delta i flera internationella lotterier fr\u00e5n en enda plats p\u00e5 n\u00e4tet?<\/p>\n<p>Om du vill delta i ett lotteri anv\u00e4nder du en conciergesajt. Det h\u00e4r sista tipset \u00e4r mycket viktigt eftersom du kan dela med dig av dina pengar utan att faktiskt delta i lotteriet. Det beror p\u00e5 att vissa lotterisajter till\u00e5ter spelare att satsa p\u00e5 resultatet. S\u00e5 \u00e4ven om dina nummer st\u00e4mmer \u00f6verens har du bara r\u00e4tt till en br\u00e5kdel av jackpotten eftersom du inte deltog i lotteriet.<\/p>\n<section class=\"layout\" style=\"border: solid 1px; width: 100%;\">\n<div class=\"img-div\" style=\"margin-top: 5px;\"><img decoding=\"async\" class=\"wp-image-17212 alignleft\" style=\"height: 45px; margin: 8px 8px 0px;\" src=\"https:\/\/jackpotlotteryonline.com\/wp-content\/uploads\/2022\/11\/read1.jpg\" alt=\"L\u00e4s\" width=\"\" height=\"\" \/><\/div>\n<div style=\"padding-left: 5px;\">\n<div style=\"font-size: 1.1em;\">\n<p><strong>Lottobedr\u00e4gerier som du b\u00f6r vara medveten om<\/strong><\/p>\n<p style=\"font-size: 0.85em; margin-top: -1.5em;\">Fall inte i lotterif\u00e4llorna\u00a0 <a href=\"https:\/\/jackpotlotteryonline.com\/sv\/akta-dig-for-bedragerier-med-lotterier-pa-natet\">L\u00e4s mer<\/a><\/p>\n<\/div>\n<\/div>\n<\/section>\n<h2>Registrera dig hos oss f\u00f6r att delta i lotteriet online<\/h2>\n<p><img loading=\"lazy\" decoding=\"async\" class=\"size-medium wp-image-34403 alignright\" src=\"https:\/\/jackpotlotteryonline.com\/wp-content\/uploads\/2022\/11\/2_ticket_oz_lotto2-179x300.jpg\" alt=\"Oz Lotto biljetter\" width=\"179\" height=\"300\" srcset=\"https:\/\/jackpotlotteryonline.com\/wp-content\/uploads\/2022\/11\/2_ticket_oz_lotto2-179x300.jpg 179w, https:\/\/jackpotlotteryonline.com\/wp-content\/uploads\/2022\/11\/2_ticket_oz_lotto2.jpg 250w\" sizes=\"auto, (max-width: 179px) 100vw, 179px\" \/><\/p>\n<p>Att k\u00f6pa lotter p\u00e5 internet eller via en mobilapp \u00e4r enkelt och problemfritt. N\u00e4r du har identifierat den f\u00f6rs\u00e4ljare du vill anv\u00e4nda bes\u00f6ker du deras webbplats och v\u00e4ljer det \u00f6nskade lotteriet. N\u00e4sta steg \u00e4r att v\u00e4lja dina nummer. F\u00f6r Oz Lotto beh\u00f6ver du v\u00e4lja tio nummer fr\u00e5n 1 till 47.<\/p>\n<p><a href=\"https:\/\/jackpotlotteryonline.com\/sv\/vinnande-nummer\/oz-lotto\">G\u00e5 in i dragningen och g\u00f6r en betalning<\/a>. Dragningen \u00e4ger rum en g\u00e5ng i veckan p\u00e5 tisdag. Det intressanta med att spela online \u00e4r att du kan k\u00f6pa flera lotter och delta i flera dragningar i f\u00f6rv\u00e4g. Om du dessutom \u00e4r os\u00e4ker p\u00e5 vilket nummer du ska v\u00e4lja kan du enkelt anv\u00e4nda en automatisk nummerplockare.<\/p>\n<p>Som vi har sagt \u00e4r det ett bekv\u00e4mt och stressfritt s\u00e4tt att spela p\u00e5 lotteriet via internet f\u00f6r att f\u00e5 en h\u00e4rlig upplevelse. Oavsett om du \u00e4r en erfaren spelare eller nyb\u00f6rjare kan du f\u00e5 en underbar resa just h\u00e4r. V\u00e5ra conciergetj\u00e4nster ger spelarna ett legitimt s\u00e4tt att delta i lotteriet. N\u00e4r du k\u00f6per en Oz-lottolott fr\u00e5n oss f\u00e5r du den riktiga varan.<\/p>\n","protected":false},"excerpt":{"rendered":"<p>Oz Lotto \u00e4r det f\u00f6rsta nationella lotteriet i Australien. Det startade 1994 och har blivit popul\u00e4rt bland spelare \u00f6verallt p\u00e5 grund av det gener\u00f6sa jackpotpriset. Det finns mer som tilltalar spelarna \u00e4n bara den stora jackpotten. Olika lotterier har sina regler och metoder, men en gemensam sak \u00e4r att oddsen inte alltid \u00e4r gynnsamma. Detta [&hellip;]<\/p>\n","protected":false},"author":1,"featured_media":0,"parent":35784,"menu_order":16,"comment_status":"closed","ping_status":"closed","template":"","meta":{"_et_pb_use_builder":"","_et_pb_old_content":"","_et_gb_content_width":"","exclude_from_search":false,"footnotes":""},"class_list":["post-37237","page","type-page","status-publish","hentry"],"yoast_head":"<!-- This site is optimized with the Yoast SEO plugin v23.3 - https:\/\/yoast.com\/wordpress\/plugins\/seo\/ -->\n<title>K\u00f6p Oz Lotto biljetter fr\u00e5n utanf\u00f6r Australien | Oz Lotto biljetter online<\/title>\n<meta name=\"description\" content=\"OZ Lotto \u00e4r spelbart f\u00f6r dig, om du inte bor i Australien, kan vi ge dig en laglig biljett f\u00f6r detta Aussie lotteri online.\" \/>\n<meta name=\"robots\" content=\"index, follow, max-snippet:-1, max-image-preview:large, max-video-preview:-1\" \/>\n<link rel=\"canonical\" href=\"https:\/\/jackpotlotteryonline.com\/sv\/kopa-biljetter\/oz-lotto\/\" \/>\n<meta property=\"og:locale\" content=\"sv_SE\" \/>\n<meta property=\"og:type\" content=\"article\" \/>\n<meta property=\"og:title\" content=\"K\u00f6p Oz Lotto biljetter fr\u00e5n utanf\u00f6r Australien | Oz Lotto biljetter online\" \/>\n<meta property=\"og:description\" content=\"OZ Lotto \u00e4r spelbart f\u00f6r dig, om du inte bor i Australien, kan vi ge dig en laglig biljett f\u00f6r detta Aussie lotteri online.\" \/>\n<meta property=\"og:url\" content=\"https:\/\/jackpotlotteryonline.com\/sv\/kopa-biljetter\/oz-lotto\/\" \/>\n<meta property=\"og:site_name\" content=\"Lotto Online - Crack The International Lottery Jackpots\" \/>\n<meta property=\"article:modified_time\" content=\"2022-12-24T11:02:59+00:00\" \/>\n<meta property=\"og:image\" content=\"https:\/\/jackpotlotteryonline.com\/wp-content\/uploads\/2022\/11\/lottoballs.jpg\" \/>\n<meta name=\"twitter:card\" content=\"summary_large_image\" \/>\n<meta name=\"twitter:label1\" content=\"Ber\u00e4knad l\u00e4stid\" \/>\n\t<meta name=\"twitter:data1\" content=\"3 minuter\" \/>\n<!-- \/ Yoast SEO plugin. -->","yoast_head_json":{"title":"K\u00f6p Oz Lotto biljetter fr\u00e5n utanf\u00f6r Australien | Oz Lotto biljetter online","description":"OZ Lotto \u00e4r spelbart f\u00f6r dig, om du inte bor i Australien, kan vi ge dig en laglig biljett f\u00f6r detta Aussie lotteri online.","robots":{"index":"index","follow":"follow","max-snippet":"max-snippet:-1","max-image-preview":"max-image-preview:large","max-video-preview":"max-video-preview:-1"},"canonical":"https:\/\/jackpotlotteryonline.com\/sv\/kopa-biljetter\/oz-lotto\/","og_locale":"sv_SE","og_type":"article","og_title":"K\u00f6p Oz Lotto biljetter fr\u00e5n utanf\u00f6r Australien | Oz Lotto biljetter online","og_description":"OZ Lotto \u00e4r spelbart f\u00f6r dig, om du inte bor i Australien, kan vi ge dig en laglig biljett f\u00f6r detta Aussie lotteri online.","og_url":"https:\/\/jackpotlotteryonline.com\/sv\/kopa-biljetter\/oz-lotto\/","og_site_name":"Lotto Online - Crack The International Lottery Jackpots","article_modified_time":"2022-12-24T11:02:59+00:00","og_image":[{"url":"https:\/\/jackpotlotteryonline.com\/wp-content\/uploads\/2022\/11\/lottoballs.jpg"}],"twitter_card":"summary_large_image","twitter_misc":{"Ber\u00e4knad l\u00e4stid":"3 minuter"},"schema":{"@context":"https:\/\/schema.org","@graph":[{"@type":"WebPage","@id":"https:\/\/jackpotlotteryonline.com\/sv\/kopa-biljetter\/oz-lotto\/","url":"https:\/\/jackpotlotteryonline.com\/sv\/kopa-biljetter\/oz-lotto\/","name":"K\u00f6p Oz Lotto biljetter fr\u00e5n utanf\u00f6r Australien | Oz Lotto biljetter online","isPartOf":{"@id":"https:\/\/jackpotlotteryonline.com\/#website"},"primaryImageOfPage":{"@id":"https:\/\/jackpotlotteryonline.com\/sv\/kopa-biljetter\/oz-lotto\/#primaryimage"},"image":{"@id":"https:\/\/jackpotlotteryonline.com\/sv\/kopa-biljetter\/oz-lotto\/#primaryimage"},"thumbnailUrl":"https:\/\/jackpotlotteryonline.com\/wp-content\/uploads\/2022\/11\/lottoballs.jpg","datePublished":"2022-11-11T07:03:29+00:00","dateModified":"2022-12-24T11:02:59+00:00","description":"OZ Lotto \u00e4r spelbart f\u00f6r dig, om du inte bor i Australien, kan vi ge dig en laglig biljett f\u00f6r detta Aussie lotteri online.","breadcrumb":{"@id":"https:\/\/jackpotlotteryonline.com\/sv\/kopa-biljetter\/oz-lotto\/#breadcrumb"},"inLanguage":"sv-SE","potentialAction":[{"@type":"ReadAction","target":["https:\/\/jackpotlotteryonline.com\/sv\/kopa-biljetter\/oz-lotto\/"]}]},{"@type":"ImageObject","inLanguage":"sv-SE","@id":"https:\/\/jackpotlotteryonline.com\/sv\/kopa-biljetter\/oz-lotto\/#primaryimage","url":"https:\/\/jackpotlotteryonline.com\/wp-content\/uploads\/2022\/11\/lottoballs.jpg","contentUrl":"https:\/\/jackpotlotteryonline.com\/wp-content\/uploads\/2022\/11\/lottoballs.jpg"},{"@type":"BreadcrumbList","@id":"https:\/\/jackpotlotteryonline.com\/sv\/kopa-biljetter\/oz-lotto\/#breadcrumb","itemListElement":[{"@type":"ListItem","position":1,"name":"Home","item":"https:\/\/jackpotlotteryonline.com\/sv\/"},{"@type":"ListItem","position":2,"name":"Hur man k\u00f6per lotteri biljetter p\u00e5 n\u00e4tet","item":"https:\/\/jackpotlotteryonline.com\/buy-tickets\/"},{"@type":"ListItem","position":3,"name":"K\u00f6p Oz Lotto biljetter"}]},{"@type":"WebSite","@id":"https:\/\/jackpotlotteryonline.com\/#website","url":"https:\/\/jackpotlotteryonline.com\/","name":"Lotto Online - Crack The International Lottery Jackpots","description":"","potentialAction":[{"@type":"SearchAction","target":{"@type":"EntryPoint","urlTemplate":"https:\/\/jackpotlotteryonline.com\/?s={search_term_string}"},"query-input":"required name=search_term_string"}],"inLanguage":"sv-SE"}]}},"_links":{"self":[{"href":"https:\/\/jackpotlotteryonline.com\/sv\/wp-json\/wp\/v2\/pages\/37237","targetHints":{"allow":["GET"]}}],"collection":[{"href":"https:\/\/jackpotlotteryonline.com\/sv\/wp-json\/wp\/v2\/pages"}],"about":[{"href":"https:\/\/jackpotlotteryonline.com\/sv\/wp-json\/wp\/v2\/types\/page"}],"author":[{"embeddable":true,"href":"https:\/\/jackpotlotteryonline.com\/sv\/wp-json\/wp\/v2\/users\/1"}],"replies":[{"embeddable":true,"href":"https:\/\/jackpotlotteryonline.com\/sv\/wp-json\/wp\/v2\/comments?post=37237"}],"version-history":[{"count":0,"href":"https:\/\/jackpotlotteryonline.com\/sv\/wp-json\/wp\/v2\/pages\/37237\/revisions"}],"up":[{"embeddable":true,"href":"https:\/\/jackpotlotteryonline.com\/sv\/wp-json\/wp\/v2\/pages\/35784"}],"wp:attachment":[{"href":"https:\/\/jackpotlotteryonline.com\/sv\/wp-json\/wp\/v2\/media?parent=37237"}],"curies":[{"name":"wp","href":"https:\/\/api.w.org\/{rel}","templated":true}]}}