{"id":37294,"date":"2022-11-11T09:24:14","date_gmt":"2022-11-11T09:24:14","guid":{"rendered":"https:\/\/jackpotlotteryonline.com\/?page_id=37294"},"modified":"2022-12-24T21:39:56","modified_gmt":"2022-12-24T21:39:56","slug":"saturday-lotto","status":"publish","type":"page","link":"https:\/\/jackpotlotteryonline.com\/sv\/kopa-biljetter\/saturday-lotto\/","title":{"rendered":"K\u00f6p biljetter till l\u00f6rdagens Lotto Australia"},"content":{"rendered":"<p>Australien har m\u00e5nga lotterier som Wednesday Lotto, Powerball och Saturday Lotto Australia. L\u00f6rdagslotteriet \u00e4r popul\u00e4rt bland spelarna och ger m\u00e4nniskor n\u00e5got att se fram emot varje vecka. N\u00e4r detta lotteri f\u00f6rst startade kunde endast spelare i Oz delta i det. Tack och lov kan spelare runt om i v\u00e4rlden nu delta i l\u00f6rdagslotteriet.<\/p>\n<p>S\u00e5 hur k\u00f6per man biljetter till l\u00f6rdagslotto fr\u00e5n ett annat land? Varf\u00f6r inte forts\u00e4tta l\u00e4sa f\u00f6r att ta reda p\u00e5 det? Vi kommer att ta dig igenom processen och svara p\u00e5 alla fr\u00e5gor du har. F\u00f6r dem som inte \u00e4r bekanta med detta lotteri kommer vi ocks\u00e5 att ta oss tid att prata om det. F\u00f6rhoppningsvis kommer du n\u00e4r du l\u00e4st klart att vara ivrig att k\u00f6pa lotter till detta lotteri.<\/p>\n<h2>Vad \u00e4r Saturday Lotto Australia<\/h2>\n<p>Detta \u00e4r ett lotteri som introducerades i landet 1972 och har nu blivit ett av favoritlotterierna f\u00f6r spelarna. Det \u00e4r k\u00e4nt som Tatts lotto, X lotto och Gold lotto i vissa delar av landet och drivs av Tatts lotterigrupp.<\/p>\n<p>Detta lotteri har sex vinstdivisioner och vi kommer att prata om dessa om en liten stund. L\u00f6rdagslotteriet har en startjackpot p\u00e5 5 miljoner AUD. Det fantastiska \u00e4r att oddsen f\u00f6r att vinna jackpotten \u00e4r riktigt bra. Till skillnad fr\u00e5n andra lotterier beh\u00f6ver en spelare bara matcha huvudnumren f\u00f6r att vinna jackpotten.<\/p>\n<p>Det finns kompletterande nummer, men dessa anv\u00e4nds f\u00f6r att best\u00e4mma vinnarna i de andra vinstdelningarna. Det s\u00e4ger en hel del att \u00e4ven om det finns ett lotteri f\u00f6r n\u00e4stan varje dag i veckan s\u00e5 dras australiensarna till detta. Nedan kommer vi att prata om hur man spelar detta lotteri och de olika vinstdivisionerna.<\/p>\n<h2>Hur man spelar l\u00f6rdagslotteriet<\/h2>\n<p><img loading=\"lazy\" decoding=\"async\" class=\"alignright size-full wp-image-35132\" src=\"https:\/\/jackpotlotteryonline.com\/wp-content\/uploads\/2022\/11\/2_ticket_saturday_lotto_au2-1-180x300-1.jpg\" alt=\"L\u00f6rdagslotto biljett\" width=\"180\" height=\"300\" \/><\/p>\n<p>F\u00f6r att <a href=\"https:\/\/jackpotlotteryonline.com\/sv\/hur-man-spelar\/saturday-lotto\">spela detta lotteri<\/a> m\u00e5ste spelaren v\u00e4lja 6 huvudnummer mellan 1 och 45. D\u00e4refter 2 till\u00e4ggsnummer fr\u00e5n 1 till 6. Till\u00e4ggsnumren anv\u00e4nds inte f\u00f6r att best\u00e4mma jackpotten. Allt en spelare beh\u00f6ver g\u00f6ra \u00e4r att matcha de \u00e5tta dragna numren f\u00f6r att vinna jackpotten.<\/p>\n<p>Under dragningarna plockas sex bollar slumpm\u00e4ssigt ur en tunna som har 45 bollar. Numren p\u00e5 dessa bollar \u00e4r de vinnande numren, och varje lott som matchar dessa \u00e4r den vinnande lotten. Sedan plockas tv\u00e5 andra bollar fr\u00e5n en annan tunna som har sex bollar. Dessa \u00e4r de till\u00e4ggsnummer som anv\u00e4nds f\u00f6r att best\u00e4mma de andra vinstkategorierna.<\/p>\n<p>Som namnet antyder sker dragningarna p\u00e5 l\u00f6rdag varje vecka. Dragningarna avslutas p\u00e5 l\u00f6rdag klockan 19.25 p\u00e5 kv\u00e4llen i v\u00e4stkusten. Spelare som vill vara med i dragningen den veckan m\u00e5ste k\u00f6pa sina biljetter f\u00f6re st\u00e4ngningstiden.<\/p>\n<h2>Prisdivisioner<\/h2>\n<p>Tatts lotto har \u00e5tta vinstdivisioner. N\u00e4r du k\u00f6per en lott till detta lotteri har du chansen till n\u00e5gon av dessa priskategorier. Den vinnande kombinationen f\u00f6r varje division anges nedan.<\/p>\n<p>Division 1 (Jackpot) &#8211; Matcha 6 huvudnummer.<br \/>\nDivision 2 &#8211; Matcha 5 huvudnummer + 1 till\u00e4ggsnummer.<br \/>\nDivision 3 &#8211; Marschera 5 valfria huvudnummer<br \/>\nDivision 4 &#8211; Matcha 4 huvudnummer<br \/>\nHuvudgrupp 5 &#8211; matcha 3 huvudnummer + 1 till\u00e4ggsnummer<br \/>\nHuvudgrupp 6 &#8211; 3 valfria huvudnummer<\/p>\n<p>Arrang\u00f6rerna har gjort det m\u00f6jligt f\u00f6r spelarna att vinna detta lotteri. Oddsen \u00e4r stora och med en jackpot p\u00e5 5 miljoner AUD \u00e4r det inte konstigt att spelarna \u00e4lskar l\u00f6rdagslotteriet. Om du inte har gjort det \u00e4nnu \u00e4r det ett bra tillf\u00e4lle att t\u00e4nka p\u00e5 att k\u00f6pa en lott.<\/p>\n<h2>Tidigare vinnare<\/h2>\n<p>Innan vi delar med oss av hur man k\u00f6per biljetter till detta lotteri utanf\u00f6r Oz kan det vara en bra id\u00e9 att prata om tidigare vinnare. Under \u00e5rens lopp har det funnits m\u00e5nga vinnare, s\u00e5 vi kommer bara att v\u00e4lja ut n\u00e5gra nyare vinnare och hoppas att du blir inspirerad.<\/p>\n<p>Den f\u00f6rsta p\u00e5 v\u00e5r lista \u00e4r en australiensisk mamma som valde att vara anonym. Hon vann l\u00f6rdagsjackpotten tillsammans med en annan vinnare. Enligt uppgifter tog det henne tv\u00e5 veckor innan hon ins\u00e5g att hon hade vunnit jackpotten. Om hon hade v\u00e4ntat mycket l\u00e4ngre hade hon inte kunnat h\u00e4mta ut sin vinst. Tack och lov gick hon tillbaka f\u00f6r att kontrollera och uppt\u00e4ckte att hon hade vunnit.<\/p>\n<p>En annan vinnare \u00e4r en man som hade spelat p\u00e5 l\u00f6rdagslotteriet i flera \u00e5r med samma nummer. Hans ih\u00e4rdighet l\u00f6nade sig och han vann jackpotten. M\u00e5nga lottovinnare s\u00e4ger att de hade spelat i flera \u00e5r innan de vann p\u00e5 lotto. Ibland kr\u00e4vs det tro och uth\u00e5llighet f\u00f6r att f\u00e5 de resultat man vill ha.<\/p>\n<section class=\"layout\" style=\"border: solid 1px; width: 100%;\">\n<div class=\"img-div\" style=\"margin-top: 5px;\"><img decoding=\"async\" class=\"wp-image-17212 alignleft\" style=\"height: 45px; margin: 8px 8px 0px;\" src=\"https:\/\/jackpotlotteryonline.com\/wp-content\/uploads\/2022\/11\/read1.jpg\" alt=\"L\u00e4s\" width=\"\" height=\"\" \/><\/div>\n<div style=\"padding-left: 5px;\">\n<div style=\"font-size: 1.1em;\">\n<p><strong>N\u00e5gra lottovinnare gav tillbaka till samh\u00e4llet<\/strong><\/p>\n<p style=\"font-size: 0.85em; margin-top: -1.5em;\">N\u00e5gra intressanta och hj\u00e4rtev\u00e4rmande ber\u00e4ttelser om lotterivinnare som ger tillbaka\u00a0<a href=\"https:\/\/jackpotlotteryonline.com\/sv\/berattelser-om-lotterivinnare-som-ger-tillbaka\"> L\u00e4s mer<\/a><\/p>\n<\/div>\n<\/div>\n<\/section>\n<h2>K\u00f6p biljetter fr\u00e5n l\u00e4nder utanf\u00f6r Australien<\/h2>\n<p>S\u00e5 om du inte bor i det vackra landet Oz, hur kan du k\u00f6pa lotter till L\u00f6rdagslotto? F\u00f6re internet skulle det ha varit om\u00f6jligt eller \u00e5tminstone mycket sv\u00e5rt. Men tack vare internet kan du k\u00f6pa dina lotter f\u00f6r Tatts-lotteriet p\u00e5 n\u00e4tet.<\/p>\n<p>Det finns lotterif\u00f6rs\u00e4ljare p\u00e5 n\u00e4tet som l\u00e5ter spelarna k\u00f6pa biljetter till de b\u00e4sta internationella lotterierna. Dessa f\u00f6rs\u00e4ljare driver en s\u00e5 kallad conciergetj\u00e4nst som hj\u00e4lper spelarna att k\u00f6pa lotter i vilket land som helst. N\u00e4r du registrerar dig p\u00e5 dessa webbplatser kan du enkelt delta i l\u00f6rdagslotteriet och h\u00e4mta ut eventuella vinster.<\/p>\n<p>P\u00e5 jackpotlotteryonline.com driver vi en conciergetj\u00e4nst som ger v\u00e5ra anv\u00e4ndare en smidig upplevelse. N\u00e4r du registrerar dig hos oss kan du enkelt k\u00f6pa din biljett till l\u00f6rdagslotteriet och m\u00e5nga andra internationella lotterier. \u00c4r du orolig f\u00f6r hur du ska g\u00f6ra anspr\u00e5k p\u00e5 din vinst om du vinner? Du kan helt enkelt ta ut ditt pris fr\u00e5n v\u00e5r plattform utan problem.<\/p>\n<h2>Vanliga fr\u00e5gor<\/h2>\n<p><img loading=\"lazy\" decoding=\"async\" class=\"wp-image-29264 alignright\" src=\"https:\/\/jackpotlotteryonline.com\/wp-content\/uploads\/2022\/11\/1_play_online_lotto-300x300.jpg\" alt=\"L\u00f6rdagslotto p\u00e5 n\u00e4tet i Australien\" width=\"235\" height=\"235\" srcset=\"https:\/\/jackpotlotteryonline.com\/wp-content\/uploads\/2022\/11\/1_play_online_lotto-300x300.jpg 300w, https:\/\/jackpotlotteryonline.com\/wp-content\/uploads\/2022\/11\/1_play_online_lotto-100x100.jpg 100w, https:\/\/jackpotlotteryonline.com\/wp-content\/uploads\/2022\/11\/1_play_online_lotto-150x150.jpg 150w, https:\/\/jackpotlotteryonline.com\/wp-content\/uploads\/2022\/11\/1_play_online_lotto.jpg 480w\" sizes=\"auto, (max-width: 235px) 100vw, 235px\" \/><\/p>\n<p>Vi vet att det f\u00f6rmodligen finns flera fr\u00e5gor som g\u00e5r dig i huvudet. Det \u00e4r okej, vi \u00e4r h\u00e4r f\u00f6r att svara p\u00e5 dina fr\u00e5gor. Vi kommer att f\u00f6rs\u00f6ka t\u00e4cka allt h\u00e4r, men om du fortfarande har n\u00e5gra fr\u00e5gor \u00e4r du v\u00e4lkommen att kontakta oss. Vi \u00e4r alltid glada att h\u00f6ra fr\u00e5n dig. Vi kommer att g\u00f6ra allt vi rimligen kan f\u00f6r att hj\u00e4lpa dig p\u00e5 din resa mot att bli en lotterivinnare.<\/p>\n<h2>Kan jag k\u00f6pa lotter p\u00e5 n\u00e4tet?<\/h2>\n<p>Ja, du kan k\u00f6pa lotter p\u00e5 n\u00e4tet och det \u00e4r helt lagligt. Se till att du anv\u00e4nder en p\u00e5litlig lotterif\u00f6rs\u00e4ljare f\u00f6r att s\u00e4kerst\u00e4lla att du deltar i lotteriet. M\u00e5nga lotterigrupper har webbplatser. Men om du vill spela mer \u00e4n ett lotteri \u00e4r det b\u00e4ttre att registrera dig hos en lottf\u00f6rs\u00e4ljare. S\u00e4rskilt en som ger tillg\u00e5ng till flera andra lotterier.<\/p>\n<h2>Hur k\u00f6per jag en lott?<\/h2>\n<p>Det \u00e4r enkelt att k\u00f6pa en lott n\u00e4r du \u00e4r registrerad hos oss. Det \u00e4r bara att v\u00e4lja dina nummer och delta i dragningen. Du kan k\u00f6pa flera lotter f\u00f6r att \u00f6ka dina chanser att vinna ett pris. Allt \u00e4r upp till dig. Om du inte \u00e4r s\u00e4ker p\u00e5 vilket nummer du ska v\u00e4lja kan den automatiska valfriheten g\u00f6ra jobbet \u00e5t dig. Vi arbetar h\u00e5rt f\u00f6r att se till att processen \u00e4r enkel och intuitiv f\u00f6r spelarna.<\/p>\n<h2>Vad exakt \u00e4r en conciergetj\u00e4nst?<\/h2>\n<p>Vi \u00e4r glada att du fr\u00e5gar. N\u00e4r vi s\u00e4ger att vi driver en conciergetj\u00e4nst betyder det att vi har agenter i olika l\u00e4nder, inklusive Australien. N\u00e4r du k\u00f6per din lott fr\u00e5n oss g\u00e5r v\u00e5ra agenter ut och k\u00f6per en fysisk lott med motsvarande nummer. Det inneb\u00e4r att oavsett var du befinner dig \u00e4r du med i lotteriet.<\/p>\n<h2>Hur vinner jag?<\/h2>\n<p>F\u00f6r att vinna detta australiensiska lotteri beh\u00f6ver du bara matcha de sex dragna huvudnumren s\u00e5 blir du vinnare av jackpotten. Du beh\u00f6ver inte matcha de kompletterande numren eftersom de anv\u00e4nds f\u00f6r att best\u00e4mma vinsterna i divisionerna 2 och 5.<\/p>\n<h2>Hur kan jag kontrollera resultaten?<\/h2>\n<p>Efter varje dragning l\u00e4gger vi ut resultaten h\u00e4r p\u00e5 jackpotlotteryonline.com. F\u00f6r l\u00f6rdagslotteriet \u00e4r det bara att bes\u00f6ka <a href=\"https:\/\/jackpotlotteryonline.com\/sv\/vinnande-nummer\/saturday-lotto\">sidan f\u00f6r l\u00f6rdagslotteriets<\/a> dragning efter dragningarna p\u00e5 l\u00f6rdag f\u00f6r att hitta resultaten.<\/p>\n<h2>Vad h\u00e4nder om jag gl\u00f6mmer att kontrollera resultaten?<\/h2>\n<p>Det h\u00e4r \u00e4r den b\u00e4sta delen. N\u00e4r du k\u00f6per fr\u00e5n oss spelar det ingen roll om du gl\u00f6mmer att kontrollera lotto resultaten eftersom vi har din rygg. Om du vinner ett pris skickar vi ett meddelande p\u00e5 din instrumentpanel samt ett e-postmeddelande f\u00f6r att varna dig. N\u00e4r du k\u00f6per en lottosedel av oss vet du att du \u00e4r t\u00e4ckt.<\/p>\n<h2>Jag har vunnit, vad h\u00e4nder nu?<\/h2>\n<p>Tja, om du har vunnit p\u00e5 lotteriet \u00e4r det f\u00f6rst och fr\u00e4mst grattis! Vi \u00e4r glada f\u00f6r din skull. Om du har registrerat dig hos oss \u00e4r n\u00e4sta steg enkelt. G\u00e5 till din instrumentpanel och ta ut dina pengar via de tillg\u00e4ngliga metoderna. Det \u00e4r s\u00e5 enkelt som det \u00e4r.<\/p>\n<h2>Registrera dig hos oss idag!<\/h2>\n<p>Att spela p\u00e5 lotteri \u00e4r roligt och, det ger spelarna n\u00e5got att se fram emot varje vecka. L\u00f6rdagslotteriet har en fin jackpotvinst och gynnsamma odds, vilket g\u00f6r det idealiskt f\u00f6r b\u00e5de nya och gamla spelare. Nu \u00e4r det inte l\u00e4ngre begr\u00e4nsat till Aussies eftersom m\u00e4nniskor \u00f6verallt nu kan k\u00f6pa bidrag till lotteriet.<\/p>\n<p>Om du letar efter ett intressant spel att spela, varf\u00f6r inte prova Tatts lotteriet? Var du \u00e4n befinner dig kan du k\u00f6pa en kupong till detta lotteri genom att registrera dig hos oss. k\u00f6p flera kuponger och delta i flera dragningar i f\u00f6rv\u00e4g med l\u00e4tthet. V\u00e5rt jobb \u00e4r att g\u00f6ra det m\u00f6jligt f\u00f6r dig att spela de lotterier du vill med minimal stress.<\/p>\n<p>Slappna av och ha roligt n\u00e4r du spelar, du vet aldrig om det h\u00e4r skulle vara dagen d\u00e5 du vinner stort. Varf\u00f6r inte k\u00f6pa tillg\u00e5ng till lotteriet genom att registrera dig hos oss idag?<\/p>\n","protected":false},"excerpt":{"rendered":"<p>Australien har m\u00e5nga lotterier som Wednesday Lotto, Powerball och Saturday Lotto Australia. L\u00f6rdagslotteriet \u00e4r popul\u00e4rt bland spelarna och ger m\u00e4nniskor n\u00e5got att se fram emot varje vecka. N\u00e4r detta lotteri f\u00f6rst startade kunde endast spelare i Oz delta i det. Tack och lov kan spelare runt om i v\u00e4rlden nu delta i l\u00f6rdagslotteriet. S\u00e5 hur [&hellip;]<\/p>\n","protected":false},"author":1,"featured_media":0,"parent":35784,"menu_order":18,"comment_status":"closed","ping_status":"closed","template":"saturday-lotto-info.php","meta":{"_et_pb_use_builder":"","_et_pb_old_content":"","_et_gb_content_width":"","exclude_from_search":false,"footnotes":""},"class_list":["post-37294","page","type-page","status-publish","hentry"],"yoast_head":"<!-- This site is optimized with the Yoast SEO plugin v23.3 - https:\/\/yoast.com\/wordpress\/plugins\/seo\/ -->\n<title>K\u00f6p biljetter till Saturday Lotto Australia fr\u00e5n utanf\u00f6r Australien<\/title>\n<meta name=\"description\" content=\"Det popul\u00e4ra australiensiska l\u00f6rdagslotto har stora jackpottar. Spelare fr\u00e5n var som helst kan nu k\u00f6pa en lott f\u00f6r l\u00f6rdagslotto online.\" \/>\n<meta name=\"robots\" content=\"index, follow, max-snippet:-1, max-image-preview:large, max-video-preview:-1\" \/>\n<link rel=\"canonical\" href=\"https:\/\/jackpotlotteryonline.com\/sv\/kopa-biljetter\/saturday-lotto\/\" \/>\n<meta property=\"og:locale\" content=\"sv_SE\" \/>\n<meta property=\"og:type\" content=\"article\" \/>\n<meta property=\"og:title\" content=\"K\u00f6p biljetter till Saturday Lotto Australia fr\u00e5n utanf\u00f6r Australien\" \/>\n<meta property=\"og:description\" content=\"Det popul\u00e4ra australiensiska l\u00f6rdagslotto har stora jackpottar. Spelare fr\u00e5n var som helst kan nu k\u00f6pa en lott f\u00f6r l\u00f6rdagslotto online.\" \/>\n<meta property=\"og:url\" content=\"https:\/\/jackpotlotteryonline.com\/sv\/kopa-biljetter\/saturday-lotto\/\" \/>\n<meta property=\"og:site_name\" content=\"Lotto Online - Crack The International Lottery Jackpots\" \/>\n<meta property=\"article:modified_time\" content=\"2022-12-24T21:39:56+00:00\" \/>\n<meta property=\"og:image\" content=\"https:\/\/jackpotlotteryonline.com\/wp-content\/uploads\/2022\/11\/2_ticket_saturday_lotto_au2-1-180x300-1.jpg\" \/>\n<meta name=\"twitter:card\" content=\"summary_large_image\" \/>\n<meta name=\"twitter:label1\" content=\"Ber\u00e4knad l\u00e4stid\" \/>\n\t<meta name=\"twitter:data1\" content=\"7 minuter\" \/>\n<!-- \/ Yoast SEO plugin. -->","yoast_head_json":{"title":"K\u00f6p biljetter till Saturday Lotto Australia fr\u00e5n utanf\u00f6r Australien","description":"Det popul\u00e4ra australiensiska l\u00f6rdagslotto har stora jackpottar. Spelare fr\u00e5n var som helst kan nu k\u00f6pa en lott f\u00f6r l\u00f6rdagslotto online.","robots":{"index":"index","follow":"follow","max-snippet":"max-snippet:-1","max-image-preview":"max-image-preview:large","max-video-preview":"max-video-preview:-1"},"canonical":"https:\/\/jackpotlotteryonline.com\/sv\/kopa-biljetter\/saturday-lotto\/","og_locale":"sv_SE","og_type":"article","og_title":"K\u00f6p biljetter till Saturday Lotto Australia fr\u00e5n utanf\u00f6r Australien","og_description":"Det popul\u00e4ra australiensiska l\u00f6rdagslotto har stora jackpottar. Spelare fr\u00e5n var som helst kan nu k\u00f6pa en lott f\u00f6r l\u00f6rdagslotto online.","og_url":"https:\/\/jackpotlotteryonline.com\/sv\/kopa-biljetter\/saturday-lotto\/","og_site_name":"Lotto Online - Crack The International Lottery Jackpots","article_modified_time":"2022-12-24T21:39:56+00:00","og_image":[{"url":"https:\/\/jackpotlotteryonline.com\/wp-content\/uploads\/2022\/11\/2_ticket_saturday_lotto_au2-1-180x300-1.jpg"}],"twitter_card":"summary_large_image","twitter_misc":{"Ber\u00e4knad l\u00e4stid":"7 minuter"},"schema":{"@context":"https:\/\/schema.org","@graph":[{"@type":"WebPage","@id":"https:\/\/jackpotlotteryonline.com\/sv\/kopa-biljetter\/saturday-lotto\/","url":"https:\/\/jackpotlotteryonline.com\/sv\/kopa-biljetter\/saturday-lotto\/","name":"K\u00f6p biljetter till Saturday Lotto Australia fr\u00e5n utanf\u00f6r Australien","isPartOf":{"@id":"https:\/\/jackpotlotteryonline.com\/#website"},"primaryImageOfPage":{"@id":"https:\/\/jackpotlotteryonline.com\/sv\/kopa-biljetter\/saturday-lotto\/#primaryimage"},"image":{"@id":"https:\/\/jackpotlotteryonline.com\/sv\/kopa-biljetter\/saturday-lotto\/#primaryimage"},"thumbnailUrl":"https:\/\/jackpotlotteryonline.com\/wp-content\/uploads\/2022\/11\/2_ticket_saturday_lotto_au2-1-180x300-1.jpg","datePublished":"2022-11-11T09:24:14+00:00","dateModified":"2022-12-24T21:39:56+00:00","description":"Det popul\u00e4ra australiensiska l\u00f6rdagslotto har stora jackpottar. Spelare fr\u00e5n var som helst kan nu k\u00f6pa en lott f\u00f6r l\u00f6rdagslotto online.","breadcrumb":{"@id":"https:\/\/jackpotlotteryonline.com\/sv\/kopa-biljetter\/saturday-lotto\/#breadcrumb"},"inLanguage":"sv-SE","potentialAction":[{"@type":"ReadAction","target":["https:\/\/jackpotlotteryonline.com\/sv\/kopa-biljetter\/saturday-lotto\/"]}]},{"@type":"ImageObject","inLanguage":"sv-SE","@id":"https:\/\/jackpotlotteryonline.com\/sv\/kopa-biljetter\/saturday-lotto\/#primaryimage","url":"https:\/\/jackpotlotteryonline.com\/wp-content\/uploads\/2022\/11\/2_ticket_saturday_lotto_au2-1-180x300-1.jpg","contentUrl":"https:\/\/jackpotlotteryonline.com\/wp-content\/uploads\/2022\/11\/2_ticket_saturday_lotto_au2-1-180x300-1.jpg"},{"@type":"BreadcrumbList","@id":"https:\/\/jackpotlotteryonline.com\/sv\/kopa-biljetter\/saturday-lotto\/#breadcrumb","itemListElement":[{"@type":"ListItem","position":1,"name":"Home","item":"https:\/\/jackpotlotteryonline.com\/sv\/"},{"@type":"ListItem","position":2,"name":"Hur man k\u00f6per lotteri biljetter p\u00e5 n\u00e4tet","item":"https:\/\/jackpotlotteryonline.com\/buy-tickets\/"},{"@type":"ListItem","position":3,"name":"K\u00f6p biljetter till l\u00f6rdagens Lotto Australia"}]},{"@type":"WebSite","@id":"https:\/\/jackpotlotteryonline.com\/#website","url":"https:\/\/jackpotlotteryonline.com\/","name":"Lotto Online - Crack The International Lottery Jackpots","description":"","potentialAction":[{"@type":"SearchAction","target":{"@type":"EntryPoint","urlTemplate":"https:\/\/jackpotlotteryonline.com\/?s={search_term_string}"},"query-input":"required name=search_term_string"}],"inLanguage":"sv-SE"}]}},"_links":{"self":[{"href":"https:\/\/jackpotlotteryonline.com\/sv\/wp-json\/wp\/v2\/pages\/37294","targetHints":{"allow":["GET"]}}],"collection":[{"href":"https:\/\/jackpotlotteryonline.com\/sv\/wp-json\/wp\/v2\/pages"}],"about":[{"href":"https:\/\/jackpotlotteryonline.com\/sv\/wp-json\/wp\/v2\/types\/page"}],"author":[{"embeddable":true,"href":"https:\/\/jackpotlotteryonline.com\/sv\/wp-json\/wp\/v2\/users\/1"}],"replies":[{"embeddable":true,"href":"https:\/\/jackpotlotteryonline.com\/sv\/wp-json\/wp\/v2\/comments?post=37294"}],"version-history":[{"count":0,"href":"https:\/\/jackpotlotteryonline.com\/sv\/wp-json\/wp\/v2\/pages\/37294\/revisions"}],"up":[{"embeddable":true,"href":"https:\/\/jackpotlotteryonline.com\/sv\/wp-json\/wp\/v2\/pages\/35784"}],"wp:attachment":[{"href":"https:\/\/jackpotlotteryonline.com\/sv\/wp-json\/wp\/v2\/media?parent=37294"}],"curies":[{"name":"wp","href":"https:\/\/api.w.org\/{rel}","templated":true}]}}