{"id":37787,"date":"2022-11-15T08:55:02","date_gmt":"2022-11-15T08:55:02","guid":{"rendered":"https:\/\/jackpotlotteryonline.com\/?page_id=37787"},"modified":"2022-11-15T08:55:02","modified_gmt":"2022-11-15T08:55:02","slug":"faq","status":"publish","type":"page","link":"https:\/\/jackpotlotteryonline.com\/sv\/faq\/","title":{"rendered":"VANLIGA FR\u00c5GOR"},"content":{"rendered":"<h2>Vanliga fr\u00e5gor om lotterier p\u00e5 n\u00e4tet<\/h2>\n<p>H\u00e4r ger vi svar p\u00e5 de vanligaste fr\u00e5gorna om onlinelotteriet och jackpottar p\u00e5 n\u00e4tet. Att spela lotterier online \u00e4r det mest bekv\u00e4ma och enklaste s\u00e4ttet att l\u00e4gga vantarna p\u00e5 de stora internationella Lotto-jackpottarna.<\/p>\n<h2>Hur fungerar det?<\/h2>\n<p>Vi fungerar som en budb\u00e4rartj\u00e4nst mellan dig och de olika lotterierna. Vi k\u00f6per lotten i ditt namn och f\u00f6r din r\u00e4kning, skannar sedan din nya lott och laddar upp skanningen till ditt kundkonto, skickar dig ett meddelande n\u00e4r du vinner och hj\u00e4lper dig att f\u00e5 dina pengar n\u00e4r du ocks\u00e5 vinner.<\/p>\n<h2>Vilka \u00e4r f\u00f6rdelarna med att spela genom oss?<\/h2>\n<ul>\n<li>Det finns inget behov av att g\u00e5 till en lotteributik. Du kan enkelt spela hemifr\u00e5n eller fr\u00e5n ditt kontor.<\/li>\n<li>Du kan betala online, till exempel med kreditkort eller p\u00e5 annat s\u00e4tt.<\/li>\n<li>Dina lottovinster upp till 2 500 euro krediteras ditt konto.<\/li>\n<li>Om du vinner mer \u00e4n 2 500 euro hj\u00e4lper vi dig att f\u00e5 ut dina pengar utan kostnad.<\/li>\n<li>Det finns inga extra kostnader om du vinner pengar.<\/li>\n<\/ul>\n<p><strong>Vem kan spela p\u00e5 lotterierna?<\/strong><\/p>\n<p>Alla \u00f6ver 18 \u00e5r kan spela p\u00e5 lotteriet.<\/p>\n<p><strong>Kan jag spela ett lotteri fr\u00e5n ett annat land?<\/strong><\/p>\n<p>Ja, det kan du. Det spelar ingen roll i vilket land du \u00e4r bosatt, du kan spela alla lotterier och lottojackpottar i vilket land du vill.<\/p>\n<p><strong>Kan jag v\u00e4lja mina egna lottonummer?<\/strong><\/p>\n<p>Ja. Du kan v\u00e4lja de nummer du vill, eller s\u00e5 kan du bekv\u00e4mt l\u00e5ta datorn v\u00e4lja dina nummer slumpm\u00e4ssigt \u00e5t dig.<\/p>\n<p><strong>Hur f\u00e5r jag min lott?<\/strong><\/p>\n<p>N\u00e4r din betalning har behandlats skickar vi en bekr\u00e4ftelse p\u00e5 k\u00f6pet via e-post. De nummer du har valt kan du se p\u00e5 ditt konto. Kort d\u00e4refter kan du ocks\u00e5 se den skannade lotten p\u00e5 ditt konto.<\/p>\n<p><strong>Hur kan jag betala f\u00f6r mitt lotto eller min lott?<\/strong><\/p>\n<p>Det finns ett antal betalningsalternativ tillg\u00e4ngliga f\u00f6r dig, bland dessa finns betalning med kreditkort, bank\u00f6verf\u00f6ring, olika kryptovalutor med mera.<\/p>\n<p><strong>Tar ni en del av min vinst?<\/strong><\/p>\n<p>Nej, alla lotterivinster kommer att betalas ut till dig i sin helhet, utan avdrag f\u00f6r n\u00e5gra avgifter.<\/p>\n<p><strong>N\u00e4r kan jag g\u00f6ra min best\u00e4llning av en lott?<\/strong><\/p>\n<p>F\u00f6r att kunna delta i ett lotteri b\u00f6r du best\u00e4lla din lott minst tv\u00e5 timmar f\u00f6re dragningen. P\u00e5 s\u00e5 s\u00e4tt kan vi behandla din best\u00e4llning av lottoraden.<\/p>\n<p><strong>Hur vet jag om jag har vunnit?<\/strong><\/p>\n<p>Om du vinner skickar vi dig ett e-postmeddelande d\u00e4r vi meddelar dig om din vinst. Dessutom kommer vinstnumren f\u00f6r alla lotterier att publiceras p\u00e5 v\u00e5r webbplats.<\/p>\n<p><strong>Hur f\u00e5r jag mina pengar om jag vinner?<\/strong><\/p>\n<p>Om du vinner ett belopp under 2 500 euro kommer pengarna att krediteras till ditt spelarkonto. Om du vinner ett belopp som \u00e4r h\u00f6gre \u00e4n 2 500 euro skickar vi dig ett formul\u00e4r som du m\u00e5ste fylla i. Du m\u00e5ste identifiera dig sj\u00e4lv och sedan kommer vi att behandla ditt krav till lotterif\u00f6retaget. Lotterif\u00f6retaget kommer sedan att utf\u00e4rda en check till dig. Observera att vissa lotterif\u00f6retag kr\u00e4ver att du h\u00e4mtar ut din vinst personligen om du vinner en jackpot.<\/p>\n<p><strong>\u00c4r detta en laglig tj\u00e4nst?<\/strong><\/p>\n<p>Ja, det \u00e4r det. Eftersom v\u00e5r endast \u00e4r en budb\u00e4rartj\u00e4nst \u00e4r detta helt lagligt.<\/p>\n<p><strong>Hur vet jag att en lott k\u00f6ps f\u00f6r min r\u00e4kning?<\/strong><\/p>\n<p>N\u00e4r du har betalat f\u00f6r din lott f\u00e5r du en betalningsbekr\u00e4ftelse. S\u00e5 l\u00e4nge din lott \u00e4r aktiv f\u00e5r du ett meddelande via e-post och efter inloggning kan du se dina lotter i ditt kundomr\u00e5de p\u00e5 v\u00e5r webbplats.<\/p>\n","protected":false},"excerpt":{"rendered":"<p>Vanliga fr\u00e5gor om lotterier p\u00e5 n\u00e4tet H\u00e4r ger vi svar p\u00e5 de vanligaste fr\u00e5gorna om onlinelotteriet och jackpottar p\u00e5 n\u00e4tet. Att spela lotterier online \u00e4r det mest bekv\u00e4ma och enklaste s\u00e4ttet att l\u00e4gga vantarna p\u00e5 de stora internationella Lotto-jackpottarna. Hur fungerar det? Vi fungerar som en budb\u00e4rartj\u00e4nst mellan dig och de olika lotterierna. Vi k\u00f6per [&hellip;]<\/p>\n","protected":false},"author":1,"featured_media":0,"parent":0,"menu_order":6,"comment_status":"closed","ping_status":"closed","template":"","meta":{"_et_pb_use_builder":"","_et_pb_old_content":"","_et_gb_content_width":"","exclude_from_search":false,"footnotes":""},"class_list":["post-37787","page","type-page","status-publish","hentry"],"yoast_head":"<!-- This site is optimized with the Yoast SEO plugin v23.3 - https:\/\/yoast.com\/wordpress\/plugins\/seo\/ -->\n<title>Vanliga fr\u00e5gor om lotterier | Vanliga fr\u00e5gor om Lotto online<\/title>\n<meta name=\"description\" content=\"H\u00e4r hittar du svar p\u00e5 de vanligaste fr\u00e5gorna om lotteri online, samt de b\u00e4sta tj\u00e4nsterna.\" \/>\n<meta name=\"robots\" content=\"index, follow, max-snippet:-1, max-image-preview:large, max-video-preview:-1\" \/>\n<link rel=\"canonical\" href=\"https:\/\/jackpotlotteryonline.com\/sv\/faq\/\" \/>\n<meta property=\"og:locale\" content=\"sv_SE\" \/>\n<meta property=\"og:type\" content=\"article\" \/>\n<meta property=\"og:title\" content=\"Vanliga fr\u00e5gor om lotterier | Vanliga fr\u00e5gor om Lotto online\" \/>\n<meta property=\"og:description\" content=\"H\u00e4r hittar du svar p\u00e5 de vanligaste fr\u00e5gorna om lotteri online, samt de b\u00e4sta tj\u00e4nsterna.\" \/>\n<meta property=\"og:url\" content=\"https:\/\/jackpotlotteryonline.com\/sv\/faq\/\" \/>\n<meta property=\"og:site_name\" content=\"Lotto Online - Crack The International Lottery Jackpots\" \/>\n<meta name=\"twitter:card\" content=\"summary_large_image\" \/>\n<meta name=\"twitter:label1\" content=\"Ber\u00e4knad l\u00e4stid\" \/>\n\t<meta name=\"twitter:data1\" content=\"3 minuter\" \/>\n<!-- \/ Yoast SEO plugin. -->","yoast_head_json":{"title":"Vanliga fr\u00e5gor om lotterier | Vanliga fr\u00e5gor om Lotto online","description":"H\u00e4r hittar du svar p\u00e5 de vanligaste fr\u00e5gorna om lotteri online, samt de b\u00e4sta tj\u00e4nsterna.","robots":{"index":"index","follow":"follow","max-snippet":"max-snippet:-1","max-image-preview":"max-image-preview:large","max-video-preview":"max-video-preview:-1"},"canonical":"https:\/\/jackpotlotteryonline.com\/sv\/faq\/","og_locale":"sv_SE","og_type":"article","og_title":"Vanliga fr\u00e5gor om lotterier | Vanliga fr\u00e5gor om Lotto online","og_description":"H\u00e4r hittar du svar p\u00e5 de vanligaste fr\u00e5gorna om lotteri online, samt de b\u00e4sta tj\u00e4nsterna.","og_url":"https:\/\/jackpotlotteryonline.com\/sv\/faq\/","og_site_name":"Lotto Online - Crack The International Lottery Jackpots","twitter_card":"summary_large_image","twitter_misc":{"Ber\u00e4knad l\u00e4stid":"3 minuter"},"schema":{"@context":"https:\/\/schema.org","@graph":[{"@type":"WebPage","@id":"https:\/\/jackpotlotteryonline.com\/sv\/faq\/","url":"https:\/\/jackpotlotteryonline.com\/sv\/faq\/","name":"Vanliga fr\u00e5gor om lotterier | Vanliga fr\u00e5gor om Lotto online","isPartOf":{"@id":"https:\/\/jackpotlotteryonline.com\/#website"},"datePublished":"2022-11-15T08:55:02+00:00","dateModified":"2022-11-15T08:55:02+00:00","description":"H\u00e4r hittar du svar p\u00e5 de vanligaste fr\u00e5gorna om lotteri online, samt de b\u00e4sta tj\u00e4nsterna.","breadcrumb":{"@id":"https:\/\/jackpotlotteryonline.com\/sv\/faq\/#breadcrumb"},"inLanguage":"sv-SE","potentialAction":[{"@type":"ReadAction","target":["https:\/\/jackpotlotteryonline.com\/sv\/faq\/"]}]},{"@type":"BreadcrumbList","@id":"https:\/\/jackpotlotteryonline.com\/sv\/faq\/#breadcrumb","itemListElement":[{"@type":"ListItem","position":1,"name":"Home","item":"https:\/\/jackpotlotteryonline.com\/sv\/"},{"@type":"ListItem","position":2,"name":"VANLIGA FR\u00c5GOR"}]},{"@type":"WebSite","@id":"https:\/\/jackpotlotteryonline.com\/#website","url":"https:\/\/jackpotlotteryonline.com\/","name":"Lotto Online - Crack The International Lottery Jackpots","description":"","potentialAction":[{"@type":"SearchAction","target":{"@type":"EntryPoint","urlTemplate":"https:\/\/jackpotlotteryonline.com\/?s={search_term_string}"},"query-input":"required name=search_term_string"}],"inLanguage":"sv-SE"}]}},"_links":{"self":[{"href":"https:\/\/jackpotlotteryonline.com\/sv\/wp-json\/wp\/v2\/pages\/37787","targetHints":{"allow":["GET"]}}],"collection":[{"href":"https:\/\/jackpotlotteryonline.com\/sv\/wp-json\/wp\/v2\/pages"}],"about":[{"href":"https:\/\/jackpotlotteryonline.com\/sv\/wp-json\/wp\/v2\/types\/page"}],"author":[{"embeddable":true,"href":"https:\/\/jackpotlotteryonline.com\/sv\/wp-json\/wp\/v2\/users\/1"}],"replies":[{"embeddable":true,"href":"https:\/\/jackpotlotteryonline.com\/sv\/wp-json\/wp\/v2\/comments?post=37787"}],"version-history":[{"count":0,"href":"https:\/\/jackpotlotteryonline.com\/sv\/wp-json\/wp\/v2\/pages\/37787\/revisions"}],"wp:attachment":[{"href":"https:\/\/jackpotlotteryonline.com\/sv\/wp-json\/wp\/v2\/media?parent=37787"}],"curies":[{"name":"wp","href":"https:\/\/api.w.org\/{rel}","templated":true}]}}