{"id":39256,"date":"2022-11-22T12:15:37","date_gmt":"2022-11-22T12:15:37","guid":{"rendered":"https:\/\/jackpotlotteryonline.com\/?page_id=39256"},"modified":"2023-01-03T08:58:16","modified_gmt":"2023-01-03T08:58:16","slug":"la-primitiva-2","status":"publish","type":"page","link":"https:\/\/jackpotlotteryonline.com\/sv\/hur-man-spelar\/la-primitiva-2\/","title":{"rendered":"spela La Primitiva online"},"content":{"rendered":"<p>Det spanska lotteriet \u00e4r ett av Europas mest popul\u00e4ra lotterier och lockar lottofans i hela landet. La Primitiva \u00e4r ocks\u00e5 ett av de \u00e4ldsta lotterierna i v\u00e4rlden. Det grundades 1763 och har gjort lottofans i landet glada i n\u00e4stan 260 \u00e5r. Tidigare var det bara begr\u00e4nsat till spelare som bodde inom det geografiska omr\u00e5det, men tack vare internet kan spelare \u00f6ver hela v\u00e4rlden nu delta i detta lotteri. Lottospel \u00e4r mycket beroende av tur och det h\u00e4r \u00e4r inget undantag. D\u00e4rf\u00f6r \u00e4r det s\u00e5 m\u00e5nga som deltar i varje dragning, d\u00e4r spelarna f\u00f6rs\u00f6ker f\u00e5 en chans att vinna stort.<\/p>\n<p>Om du vill satsa p\u00e5 <a href=\"https:\/\/jackpotlotteryonline.com\/sv\/kopa-biljetter\/la-primitiva\">de b\u00e4sta internationella lotterierna<\/a>, inklusive La Primitiva, kan du bes\u00f6ka jackptlotteryonline.com nu f\u00f6r att komma ig\u00e5ng.<\/p>\n<h2>Hur man spelar La Primitiva<\/h2>\n<p><img loading=\"lazy\" decoding=\"async\" class=\"alignright size-medium wp-image-28103\" src=\"https:\/\/jackpotlotteryonline.com\/wp-content\/uploads\/2022\/11\/1_lotto_jackpot_online-257x300.jpg\" alt=\"spela La Primitiva\" width=\"257\" height=\"300\" srcset=\"https:\/\/jackpotlotteryonline.com\/wp-content\/uploads\/2022\/11\/1_lotto_jackpot_online-257x300.jpg 257w, https:\/\/jackpotlotteryonline.com\/wp-content\/uploads\/2022\/11\/1_lotto_jackpot_online.jpg 321w\" sizes=\"auto, (max-width: 257px) 100vw, 257px\" \/><\/p>\n<p>Hur roligt det spanska lotteriet \u00e4n \u00e4r att spela kan det vara lite f\u00f6rvirrande f\u00f6r dem som \u00e4r nya inom lotteriet. Det verkar vara lite fler nummer \u00e4n vad vissa spelare kanske \u00e4r vana vid och det finns en del andra begrepp som kan vara sv\u00e5ra att f\u00f6rst\u00e5. Men n\u00e4r du v\u00e4l f\u00f6rst\u00e5r hur man spelar La Primitiva blir det riktigt enkelt.<\/p>\n<p>Det f\u00f6rsta man m\u00e5ste f\u00f6rst\u00e5 n\u00e4r man spelar detta lotteri \u00e4r Reintegro och Complementario. Reintegro och Complementarior \u00e4r viktiga f\u00f6r att best\u00e4mma jackpotvinnaren. Om du planerar att vinna jackpotten \u00e4r det viktigt att veta vad de handlar om och hur de fungerar.<\/p>\n<p>I grund och botten \u00e4r Reintegro (\u00f6versatt \u00e5terbetalning p\u00e5 engelska) ett av de bonusnummer som anv\u00e4nds f\u00f6r att v\u00e4lja ut vinnare av vinster. Complementario (\u00f6versatt Complementary p\u00e5 engelska) \u00e4r det andra bonusnumret.<\/p>\n<p>F\u00f6r att spela La Primitiva m\u00e5ste spelaren v\u00e4lja fem huvudnummer fr\u00e5n 1 till 49 och Reintegro fr\u00e5n 0 till 9. Den som har en biljett som matchar de dragna numren vinner jackpotten.<\/p>\n<h2>Men det finns mer \u00e4n Reintegro<\/h2>\n<p>I grund och botten anv\u00e4nds Reintegro f\u00f6r att v\u00e4lja ut jackpotvinnaren. Du m\u00e5ste allts\u00e5 matcha de fem huvudnumren och Reintegro-numret f\u00f6r att vinna jackpotten.<\/p>\n<p>Dessutom anv\u00e4nds Reintegro f\u00f6r att best\u00e4mma en annan priskategori. Spelare som bara matchar Reintegro-numret vinner tillbaka priset p\u00e5 sin biljett. Det \u00e4r d\u00e4rf\u00f6r det kallas &#8220;\u00e5terbetalning&#8221;.<\/p>\n<section class=\"layout\" style=\"border: solid 1px; width: 100%;\">\n<div class=\"img-div\" style=\"margin-top: 5px;\"><img decoding=\"async\" class=\"wp-image-17212 alignleft\" style=\"height: 45px; margin: 8px 8px 0px;\" src=\"https:\/\/jackpotlotteryonline.com\/wp-content\/uploads\/2022\/11\/read1.jpg\" alt=\"L\u00e4s\" width=\"\" height=\"\" \/><\/div>\n<div style=\"padding-left: 5px;\">\n<div style=\"font-size: 1.1em;\">\n<p><strong>Vad \u00e4r hemligheten bakom lyckade lotterier?<\/strong><\/p>\n<p style=\"font-size: 0.85em; margin-top: -1.5em;\">Hur man framg\u00e5ngsrikt spelar p\u00e5 lotteri <a href=\"https:\/\/jackpotlotteryonline.com\/sv\/vad-ar-hemligheten-till-lotteriernas-succe\">L\u00e4s mer<\/a><\/p>\n<\/div>\n<\/div>\n<\/section>\n<h2>Hur \u00e4r det med Complementario?<\/h2>\n<p>Det andra bonusnumret \u00e4r inte relevant f\u00f6r att vinna jackpotten, men det anv\u00e4nds f\u00f6r att best\u00e4mma priskategorin Division 2. S\u00e5 en spelare som matchar de fem huvudnumren och Complementario-numret vinner ett pris.<\/p>\n<h2>F\u00f6rst\u00e5 hur Joker fungerar<\/h2>\n<p>Jokern \u00e4r ett annat mysterium om du k\u00f6per La Primitiva-biljetter f\u00f6r f\u00f6rsta g\u00e5ngen eftersom den verkar skapa en helt annan kategori av priser. Det \u00e4r faktiskt s\u00e5 att det skapar en annan kategori av priser.\u00a0 Det \u00e4r dock frivilligt och n\u00e4r du k\u00f6per din lott kan du v\u00e4lja att inkludera en Joker mot en extra kostnad.<\/p>\n<p>Jokern liknar mer en tombola \u00e4n ett lotteri eftersom spelarna inte f\u00e5r v\u00e4lja sina nummer. Sju slumpm\u00e4ssiga nummer bifogas din lott om du v\u00e4ljer Jokern. Detta upph\u00e4ver inte din lott, det \u00e4r bara ett till\u00e4gg. Jokern ger spelarna chansen att vinna upp till 1 miljon euro. Det finns sju priskategorier. Hitta dem nedan:<\/p>\n<p>F\u00f6rsta pris &#8211; 1 000 000 euro<\/p>\n<p>Andra pris &#8211; 10 000 euro<\/p>\n<p>Tredje pris &#8211; 1 000 euro<\/p>\n<p>Fj\u00e4rde priset &#8211; 300 euro<\/p>\n<p>Femte pris &#8211; 50 euro<\/p>\n<p>Sj\u00e4tte priset &#8211; 5 euro<\/p>\n<p>7:e pris &#8211; 5 euro<\/p>\n<h2>Att vinna Jokern<\/h2>\n<p>Om du vinner b\u00e5de lotteriet och Jokern m\u00e5ste du v\u00e4lja en av dem, eftersom du inte kan f\u00e5 b\u00e5da vinsterna i en och samma dragning f\u00f6r en och samma lott. En h\u00f6gre bel\u00f6ning kommer dock att betalas ut.<\/p>\n<h2>Stegen f\u00f6r att spela lotteri online<\/h2>\n<p><img loading=\"lazy\" decoding=\"async\" class=\"alignright size-medium wp-image-33512\" src=\"https:\/\/jackpotlotteryonline.com\/wp-content\/uploads\/2022\/11\/2_ticket_la_primitiva2-210x300.jpg\" alt=\"La Primitiva online lotteri\" width=\"210\" height=\"300\" srcset=\"https:\/\/jackpotlotteryonline.com\/wp-content\/uploads\/2022\/11\/2_ticket_la_primitiva2-210x300.jpg 210w, https:\/\/jackpotlotteryonline.com\/wp-content\/uploads\/2022\/11\/2_ticket_la_primitiva2.jpg 250w\" sizes=\"auto, (max-width: 210px) 100vw, 210px\" \/><\/p>\n<p>Att l\u00e4gga dina spel p\u00e5 lotteriet online \u00e4r ett av livets enkla n\u00f6jen mest p\u00e5 grund av hur bekv\u00e4mt och beh\u00e4ndigt allting \u00e4r. Du kan placera en insats med bara n\u00e5gra svep eller knackningar. H\u00e4r \u00e4r en steg-f\u00f6r-steg-guide f\u00f6r hur du placerar dina spel p\u00e5 den h\u00e4r webbplatsen.<\/p>\n<p><strong>Steg 1:<\/strong> Bes\u00f6k den webbplats du har valt och s\u00f6k efter det lotteri du vill spela. Vi ger lotterifantaster tillg\u00e5ng till ett stort antal internationella lotterier, inklusive La Primitiva.<\/p>\n<p><strong>Steg 2:<\/strong> V\u00e4lj de fem huvudnumren och de tv\u00e5 bonusnumren. Om du \u00e4r os\u00e4ker p\u00e5 vilka nummer du vill anv\u00e4nda kan du anv\u00e4nda slumptalsgeneratorn p\u00e5 webbplatsen. Du kan ocks\u00e5 v\u00e4lja mer \u00e4n en rad nummer f\u00f6r att \u00f6ka dina vinstchanser.<\/p>\n<p><strong>Steg 3:<\/strong> <a href=\"https:\/\/jackpotlotteryonline.com\/sv\/vinnande-nummer\/la-primitiva\">G\u00e5 in i dragningarna<\/a>. Observera att om du deltar i en enskild dragning kan du bara g\u00f6ra det p\u00e5 m\u00e5ndag. De andra dragningarna \u00e4r veckodragningar och du kan delta i alla om du vill.<\/p>\n<p><strong>Steg 4:<\/strong> Registrera dig och betala. N\u00e4r du kommer till betalningssidan kommer du att bli ombedd att registrera dig. Detta \u00e4r f\u00f6r att du enkelt ska kunna komma \u00e5t din lott fr\u00e5n ditt konto och \u00e4ven f\u00f6r att vi ska kunna meddela dig om du vinner n\u00e5gra priser. Du beh\u00f6ver bara registrera dig en g\u00e5ng och efterf\u00f6ljande g\u00e5nger loggar du bara in p\u00e5 ditt konto.<\/p>\n<p>Det \u00e4r allt som kr\u00e4vs f\u00f6r att f\u00e5 tillg\u00e5ng till de b\u00e4sta internationella lotterierna fr\u00e5n din dator eller mobila enhet!<\/p>\n<h2>Resultat av La Primitiva-dragningen<\/h2>\n<p>Dragningsdagar \u00e4r fyllda av sp\u00e4nning och m\u00e5nga lottospelare ser fram emot dem. Det \u00e4r d\u00e5 som de som deltagit i dragningen f\u00e5r reda p\u00e5 om de vunnit jackpotten. Det finns andra priser som spelarna kan vinna f\u00f6rutom jackpotten, och dessa avsl\u00f6jas alla p\u00e5 dragningsdagen.<\/p>\n<p>Det spanska lotteriet h\u00e5ller tre veckodragningar m\u00e5ndag, torsdag och l\u00f6rdag. Det inneb\u00e4r att spelarna har tre chanser varje vecka att vinna p\u00e5 lotteriet. Om du spelar La Primitive via internet kan du antingen delta i n\u00e4sta dragning eller automatiskt delta i varje dragning. Kom ih\u00e5g att ju fler dragningar du deltar i, desto st\u00f6rre \u00e4r dina chanser att vinna p\u00e5 lotteriet.<\/p>\n<p>N\u00e4r dragningarna tillk\u00e4nnages kan spelarna lyssna p\u00e5 dragningsresultaten live. Men om du inte har tid att g\u00f6ra det kan du komma tillbaka hit f\u00f6r att ta del av dragningsresultaten. Vi publicerar inte bara de nummer som matchar alla dragna nummer, utan vi publicerar \u00e4ven resultaten f\u00f6r de andra niv\u00e5erna.<\/p>\n<h2>Om La Primitiva-priserna: vad kan du vinna?<\/h2>\n<p>F\u00f6rutom f\u00f6rstapriset har La Primitiva 5 andra prisniv\u00e5er. Om du inkluderar jackpotten blir det totalt 6 niv\u00e5er. Det finns till och med ett pris f\u00f6r att matcha bara Reintegro-numret. Dessa priser kanske inte \u00e4r i miljoner, men de kommer upp i flera tusen euro. S\u00e5 de \u00e4r definitivt v\u00e4rda att kolla in.<\/p>\n<p>Det \u00e4r viktigt att f\u00f6rst\u00e5 att det inte finns n\u00e5got specifikt pris f\u00f6r de andra niv\u00e5erna eftersom det beror p\u00e5 antalet spelare f\u00f6r den dragningen. Jackpotten \u00e4r den enda prisniv\u00e5n som \u00e4r garanterad. 40 % av jackpottsumman f\u00f6rdelas f\u00f6r de andra prisniv\u00e5erna och delas ut till vinnarna i dessa kategorier.<\/p>\n<p>Men du kan ocks\u00e5 v\u00e4lja att spela Joker vilket \u00f6kar den potentiella vinsten avsev\u00e4rt. Jokern har ocks\u00e5 sju andra priskategorier, skilda fr\u00e5n huvudpriskategorierna, vilket ger La Primitiva-spelare \u00e4nnu fler chanser att vinna.<\/p>\n<h2>Prisklasser<\/h2>\n<p>Jackpot &#8211; Matcha 6 huvudnummer + Reintegro<\/p>\n<p>Division 1 &#8211; Matcha 6 huvudnummer<\/p>\n<p>Division 2 &#8211; 5 huvudnummer + ett gratisnummer<\/p>\n<p>Division 3 &#8211; Matcha 5 huvudnummer<\/p>\n<p>Huvudgrupp 4 &#8211; Match 4 huvudnummer<\/p>\n<p>Huvudgrupp 5 &#8211; Match 3 huvudnummer<\/p>\n<p>Reintegro &#8211; matchar endast Reintegro-numret<\/p>\n<h2>Hur du tar ut dina vinster<\/h2>\n<p>Spelare undrar ofta hur de kan f\u00e5 tillg\u00e5ng till sina vinster om de spelar p\u00e5 internet. Svaret p\u00e5 det beror verkligen p\u00e5 vilken lotterisajt du anv\u00e4nder. Vissa lotterisajter \u00e4r inte s\u00e5 bra p\u00e5 att betala ut vinnare, men du kommer att uppt\u00e4cka att detta \u00e4r undantaget snarare \u00e4n regeln. Trots detta \u00e4r det alltid en bra id\u00e9 att vara s\u00e4ker och h\u00e5lla sig till en p\u00e5litlig lotterif\u00f6rs\u00e4ljare.<\/p>\n<p>Om du spelar p\u00e5 lotteri hos oss kan du enkelt ta ut dina vinster. Vi har utformat v\u00e5rt system f\u00f6r att leverera maximal anv\u00e4ndarv\u00e4nlighet och noll stress. Med flera uttagsalternativ erbjuder vi en s\u00e4ker metod f\u00f6r dig att f\u00e5 tag p\u00e5 dina vinster.<\/p>\n<p>Om din vinst \u00e4r \u00f6ver ett visst belopp (till exempel om du vinner jackpotten) m\u00e5ste du identifiera dig f\u00f6r lotterif\u00f6retaget. Men oroa dig inte, vi tillhandah\u00e5ller ett formul\u00e4r som du kan fylla i och n\u00e4r du har gjort det kommer vi att behandla kraven \u00e5t dig.<\/p>\n<h2>Spela med oss f\u00f6r en chans att vinna stort<\/h2>\n<p>Var du placerar din insats spelar stor roll och p\u00e5 v\u00e5r webbplats har vi gjort v\u00e5rt b\u00e4sta f\u00f6r att skapa en s\u00e4ker plats f\u00f6r spelare \u00f6ver hela v\u00e4rlden. Med ett brett utbud av internationella lotterier kan du v\u00e4lja mellan alla spel, inklusive La Primitiva. Jackpotpriserna \u00e4r stora, men kom ih\u00e5g att de flesta lotterispel har flera vinstniv\u00e5er, med n\u00e5gra mycket gener\u00f6sa belopp.<\/p>\n<p>Om du \u00e4r redo f\u00f6r en chans att vinna stort med La Primitiva, bes\u00f6k oss nu och l\u00e4gg dina insatser. Med tre veckodragningar ger det spanska lotteriet spelarna flera chanser att vinna jackpotten varje vecka. P\u00e5 jackpotlotteryonline.com finns det alltid en dragning du kan delta i och du vet aldrig om det \u00e4r idag som du vinner stort.<\/p>\n","protected":false},"excerpt":{"rendered":"<p>Det spanska lotteriet \u00e4r ett av Europas mest popul\u00e4ra lotterier och lockar lottofans i hela landet. La Primitiva \u00e4r ocks\u00e5 ett av de \u00e4ldsta lotterierna i v\u00e4rlden. Det grundades 1763 och har gjort lottofans i landet glada i n\u00e4stan 260 \u00e5r. Tidigare var det bara begr\u00e4nsat till spelare som bodde inom det geografiska omr\u00e5det, men [&hellip;]<\/p>\n","protected":false},"author":1,"featured_media":0,"parent":35725,"menu_order":7,"comment_status":"closed","ping_status":"closed","template":"la-primitiva.php","meta":{"_et_pb_use_builder":"","_et_pb_old_content":"","_et_gb_content_width":"","exclude_from_search":false,"footnotes":""},"class_list":["post-39256","page","type-page","status-publish","hentry"],"yoast_head":"<!-- This site is optimized with the Yoast SEO plugin v23.3 - https:\/\/yoast.com\/wordpress\/plugins\/seo\/ -->\n<title>Spela spanska La Primitiva online lotteri fr\u00e5n alla l\u00e4nder.<\/title>\n<meta name=\"description\" content=\"Hur man spelar La Primitiva och vinner stort fr\u00e5n vilken del av v\u00e4rlden som helst. L\u00e4r dig stegen f\u00f6r att spela lotteriet online och vilka priser som finns att vinna.\" \/>\n<meta name=\"robots\" content=\"index, follow, max-snippet:-1, max-image-preview:large, max-video-preview:-1\" \/>\n<link rel=\"canonical\" href=\"https:\/\/jackpotlotteryonline.com\/sv\/hur-man-spelar\/la-primitiva-2\/\" \/>\n<meta property=\"og:locale\" content=\"sv_SE\" \/>\n<meta property=\"og:type\" content=\"article\" \/>\n<meta property=\"og:title\" content=\"Spela spanska La Primitiva online lotteri fr\u00e5n alla l\u00e4nder.\" \/>\n<meta property=\"og:description\" content=\"Hur man spelar La Primitiva och vinner stort fr\u00e5n vilken del av v\u00e4rlden som helst. L\u00e4r dig stegen f\u00f6r att spela lotteriet online och vilka priser som finns att vinna.\" \/>\n<meta property=\"og:url\" content=\"https:\/\/jackpotlotteryonline.com\/sv\/hur-man-spelar\/la-primitiva-2\/\" \/>\n<meta property=\"og:site_name\" content=\"Lotto Online - Crack The International Lottery Jackpots\" \/>\n<meta property=\"article:modified_time\" content=\"2023-01-03T08:58:16+00:00\" \/>\n<meta property=\"og:image\" content=\"https:\/\/jackpotlotteryonline.com\/wp-content\/uploads\/2022\/11\/1_lotto_jackpot_online-257x300.jpg\" \/>\n<meta name=\"twitter:card\" content=\"summary_large_image\" \/>\n<meta name=\"twitter:label1\" content=\"Ber\u00e4knad l\u00e4stid\" \/>\n\t<meta name=\"twitter:data1\" content=\"7 minuter\" \/>\n<!-- \/ Yoast SEO plugin. -->","yoast_head_json":{"title":"Spela spanska La Primitiva online lotteri fr\u00e5n alla l\u00e4nder.","description":"Hur man spelar La Primitiva och vinner stort fr\u00e5n vilken del av v\u00e4rlden som helst. L\u00e4r dig stegen f\u00f6r att spela lotteriet online och vilka priser som finns att vinna.","robots":{"index":"index","follow":"follow","max-snippet":"max-snippet:-1","max-image-preview":"max-image-preview:large","max-video-preview":"max-video-preview:-1"},"canonical":"https:\/\/jackpotlotteryonline.com\/sv\/hur-man-spelar\/la-primitiva-2\/","og_locale":"sv_SE","og_type":"article","og_title":"Spela spanska La Primitiva online lotteri fr\u00e5n alla l\u00e4nder.","og_description":"Hur man spelar La Primitiva och vinner stort fr\u00e5n vilken del av v\u00e4rlden som helst. L\u00e4r dig stegen f\u00f6r att spela lotteriet online och vilka priser som finns att vinna.","og_url":"https:\/\/jackpotlotteryonline.com\/sv\/hur-man-spelar\/la-primitiva-2\/","og_site_name":"Lotto Online - Crack The International Lottery Jackpots","article_modified_time":"2023-01-03T08:58:16+00:00","og_image":[{"url":"https:\/\/jackpotlotteryonline.com\/wp-content\/uploads\/2022\/11\/1_lotto_jackpot_online-257x300.jpg"}],"twitter_card":"summary_large_image","twitter_misc":{"Ber\u00e4knad l\u00e4stid":"7 minuter"},"schema":{"@context":"https:\/\/schema.org","@graph":[{"@type":"WebPage","@id":"https:\/\/jackpotlotteryonline.com\/sv\/hur-man-spelar\/la-primitiva-2\/","url":"https:\/\/jackpotlotteryonline.com\/sv\/hur-man-spelar\/la-primitiva-2\/","name":"Spela spanska La Primitiva online lotteri fr\u00e5n alla l\u00e4nder.","isPartOf":{"@id":"https:\/\/jackpotlotteryonline.com\/#website"},"primaryImageOfPage":{"@id":"https:\/\/jackpotlotteryonline.com\/sv\/hur-man-spelar\/la-primitiva-2\/#primaryimage"},"image":{"@id":"https:\/\/jackpotlotteryonline.com\/sv\/hur-man-spelar\/la-primitiva-2\/#primaryimage"},"thumbnailUrl":"https:\/\/jackpotlotteryonline.com\/wp-content\/uploads\/2022\/11\/1_lotto_jackpot_online-257x300.jpg","datePublished":"2022-11-22T12:15:37+00:00","dateModified":"2023-01-03T08:58:16+00:00","description":"Hur man spelar La Primitiva och vinner stort fr\u00e5n vilken del av v\u00e4rlden som helst. L\u00e4r dig stegen f\u00f6r att spela lotteriet online och vilka priser som finns att vinna.","breadcrumb":{"@id":"https:\/\/jackpotlotteryonline.com\/sv\/hur-man-spelar\/la-primitiva-2\/#breadcrumb"},"inLanguage":"sv-SE","potentialAction":[{"@type":"ReadAction","target":["https:\/\/jackpotlotteryonline.com\/sv\/hur-man-spelar\/la-primitiva-2\/"]}]},{"@type":"ImageObject","inLanguage":"sv-SE","@id":"https:\/\/jackpotlotteryonline.com\/sv\/hur-man-spelar\/la-primitiva-2\/#primaryimage","url":"https:\/\/jackpotlotteryonline.com\/wp-content\/uploads\/2022\/11\/1_lotto_jackpot_online-257x300.jpg","contentUrl":"https:\/\/jackpotlotteryonline.com\/wp-content\/uploads\/2022\/11\/1_lotto_jackpot_online-257x300.jpg"},{"@type":"BreadcrumbList","@id":"https:\/\/jackpotlotteryonline.com\/sv\/hur-man-spelar\/la-primitiva-2\/#breadcrumb","itemListElement":[{"@type":"ListItem","position":1,"name":"Home","item":"https:\/\/jackpotlotteryonline.com\/sv\/"},{"@type":"ListItem","position":2,"name":"Hur man spelar","item":"https:\/\/jackpotlotteryonline.com\/play-online\/"},{"@type":"ListItem","position":3,"name":"spela La Primitiva online"}]},{"@type":"WebSite","@id":"https:\/\/jackpotlotteryonline.com\/#website","url":"https:\/\/jackpotlotteryonline.com\/","name":"Lotto Online - Crack The International Lottery Jackpots","description":"","potentialAction":[{"@type":"SearchAction","target":{"@type":"EntryPoint","urlTemplate":"https:\/\/jackpotlotteryonline.com\/?s={search_term_string}"},"query-input":"required name=search_term_string"}],"inLanguage":"sv-SE"}]}},"_links":{"self":[{"href":"https:\/\/jackpotlotteryonline.com\/sv\/wp-json\/wp\/v2\/pages\/39256","targetHints":{"allow":["GET"]}}],"collection":[{"href":"https:\/\/jackpotlotteryonline.com\/sv\/wp-json\/wp\/v2\/pages"}],"about":[{"href":"https:\/\/jackpotlotteryonline.com\/sv\/wp-json\/wp\/v2\/types\/page"}],"author":[{"embeddable":true,"href":"https:\/\/jackpotlotteryonline.com\/sv\/wp-json\/wp\/v2\/users\/1"}],"replies":[{"embeddable":true,"href":"https:\/\/jackpotlotteryonline.com\/sv\/wp-json\/wp\/v2\/comments?post=39256"}],"version-history":[{"count":0,"href":"https:\/\/jackpotlotteryonline.com\/sv\/wp-json\/wp\/v2\/pages\/39256\/revisions"}],"up":[{"embeddable":true,"href":"https:\/\/jackpotlotteryonline.com\/sv\/wp-json\/wp\/v2\/pages\/35725"}],"wp:attachment":[{"href":"https:\/\/jackpotlotteryonline.com\/sv\/wp-json\/wp\/v2\/media?parent=39256"}],"curies":[{"name":"wp","href":"https:\/\/api.w.org\/{rel}","templated":true}]}}