{"id":39337,"date":"2022-11-23T11:33:43","date_gmt":"2022-11-23T11:33:43","guid":{"rendered":"https:\/\/jackpotlotteryonline.com\/?page_id=39337"},"modified":"2023-01-03T09:58:14","modified_gmt":"2023-01-03T09:58:14","slug":"lotto-america","status":"publish","type":"page","link":"https:\/\/jackpotlotteryonline.com\/sv\/hur-man-spelar\/lotto-america\/","title":{"rendered":"Spela Lotto America online"},"content":{"rendered":"<p>Vill du l\u00e4ra dig hur du spelar p\u00e5 Lotto America var som helst i v\u00e4rlden? USA har n\u00e5gra av de st\u00f6rsta lotterierna i v\u00e4rlden, som Lotto America. Intressant nog \u00e4r detta ocks\u00e5 ett lotto som ofta f\u00f6rbises till f\u00f6rm\u00e5n f\u00f6r sina mycket st\u00f6rre kusiner, Powerball och Mega Millions. Det finns dock en del erfarna spelare som vet hur otrolig jackpotten \u00e4r plus att oddsen f\u00f6r att vinna jackpotten \u00e4r mycket l\u00e4gre \u00e4n f\u00f6r till exempel US Powerball. S\u00e5 om du letar efter ett amerikanskt lotto som ger dig en h\u00f6gre chans att vinna jackpotten \u00e4n andra lotterier b\u00f6r du kolla in Lotto America.<\/p>\n<p>Det \u00e4r sant att Lotto America \u00e4r ett USA-baserat lotto och att lotterna d\u00e4rf\u00f6r s\u00e4ljs i USA. Spelare kan dock k\u00f6pa sina lotter p\u00e5 detta lotteri genom att anv\u00e4nda en webbplats som jackpotlotteryonline.com. Vi kommer att dela med oss av n\u00e5gra detaljer om detta och \u00e4ven g\u00f6ra v\u00e5rt b\u00e4sta f\u00f6r att svara p\u00e5 vanliga fr\u00e5gor som har st\u00e4llts om Lotto America.<\/p>\n<p>Forts\u00e4tt l\u00e4sa f\u00f6r att l\u00e4ra dig mer om Lotto America och hur du navigerar dig genom processen f\u00f6r att k\u00f6pa lotter och h\u00e4mta dina vinster.<\/p>\n<section class=\"layout\" style=\"border: solid 1px; width: 100%;\">\n<div class=\"img-div\" style=\"margin-top: 5px;\"><img decoding=\"async\" class=\"wp-image-17212 alignleft\" style=\"height: 45px; margin: 8px 8px 0px;\" src=\"http:\/\/jackpotlotteryonline.com\/wp-content\/uploads\/2022\/11\/read1.jpg\" alt=\"L\u00e4s \" width=\"\" height=\"\" \/><\/div>\n<div style=\"padding-left: 5px;\">\n<div style=\"font-size: 1.1em;\">\n<p><strong>V\u00e4lj vinnande lottonummer manuellt eller med hj\u00e4lp av en RNG.<\/strong><\/p>\n<p style=\"font-size: 0.85em; margin-top: -1.5em;\">Hur skapar man vinnande lottonummer? <a href=\"https:\/\/jackpotlotteryonline.com\/sv\/hur-man-genererar-vinnande-lottonummer\">L\u00e4s mer<\/a><\/p>\n<\/div>\n<\/div>\n<\/section>\n<h2>Lite om Lotto America<\/h2>\n<p><img loading=\"lazy\" decoding=\"async\" class=\"alignright size-full wp-image-29534\" src=\"http:\/\/jackpotlotteryonline.com\/wp-content\/uploads\/2022\/11\/1_results_lottery_online5.jpg\" alt=\"\" width=\"300\" height=\"200\" \/>J\u00e4mf\u00f6rt med andra lotterier runt om i v\u00e4rlden \u00e4r Lotto America relativt nytt. Det etablerades 2017 och har bara varit ig\u00e5ng i 5 \u00e5r och skapades f\u00f6r att ers\u00e4tta Hot Lotto, som var beh\u00e4ftat med m\u00e5nga skandaler. Vi ska inte tr\u00e5ka ut dig med detaljerna, det r\u00e4cker med att veta att Lotto America under sina fem \u00e5r i drift har varit skandalfritt.<\/p>\n<p>Lotto America \u00e4r ett multistatligt lotteri, vilket inneb\u00e4r att det erbjuds av flera amerikanska delstater. Inv\u00e5nare i dessa stater kan enkelt k\u00f6pa lotter till Lotto America genom att g\u00e5 in hos vilken lotterif\u00f6r\u00e4ljare som helst i staten. Men vad h\u00e4nder n\u00e4r du bor utanf\u00f6r USA?<\/p>\n<p>F\u00f6r de spelare som bor utanf\u00f6r USA och vill delta i Lotto America finns det en enkel l\u00f6sning. Internet har gjort det m\u00f6jligt f\u00f6r spelare runt om i v\u00e4rlden att delta i internationella topplotterier genom att k\u00f6pa sina lotter fr\u00e5n en online-f\u00f6rs\u00e4ljare av lotterier. Nedan kommer vi att dela med oss av tips om hur man spelar Lotto America online.<\/p>\n<h2>Spela Lotto America online<\/h2>\n<p>Det f\u00f6rsta steget f\u00f6r att spela Lotto America online \u00e4r att identifiera en webbplats som l\u00e5ter dig<a href=\"https:\/\/jackpotlotteryonline.com\/sv\/kopa-biljetter\/lotto-america\"> k\u00f6pa lotterna<\/a>. Detta verkar lite sj\u00e4lvklart, men du kommer att se om en minut att det inte \u00e4r s\u00e5 enkelt som det verkar.<\/p>\n<p>Sanningen \u00e4r att det finns flera webbplatser som h\u00e4vdar att de erbjuder spelarna en m\u00f6jlighet att delta i Lotto America. Men de erbjuder bara m\u00f6jligheter att satsa p\u00e5 resultatet av lotto. Om du k\u00f6per biljetter p\u00e5 den sajten har du faktiskt inte deltagit i Lotto America och \u00e4ven om du matchar alla dragna nummer kommer du inte att vinna jackpotten. Att v\u00e4lja den webbplats du anv\u00e4nder \u00e4r allts\u00e5 mycket viktigt.<\/p>\n<p>N\u00e4r du har best\u00e4mt dig f\u00f6r en webbplats f\u00f6ljer du stegen nedan:<\/p>\n<ol>\n<li>Bes\u00f6k den webbplats du vill anv\u00e4nda och klicka p\u00e5 Lotto America.<\/li>\n<li>V\u00e4lj 5 nummer fr\u00e5n 1 till 52 (om du \u00e4r os\u00e4ker p\u00e5 vilka nummer du ska anv\u00e4nda kan du prova den automatiska nummergeneratorn).<\/li>\n<li>V\u00e4lj sedan ett bonusnummer (Star Ball) fr\u00e5n 1 till 10.<\/li>\n<li>K\u00f6p ytterligare nummerrader f\u00f6r att f\u00e5 st\u00f6rre chans att vinna.<\/li>\n<li><a href=\"https:\/\/jackpotlotteryonline.com\/sv\/vinnande-nummer\/lotto-america\">Delta i dragningarna<\/a> (du kan delta i mer \u00e4n en dragning).<\/li>\n<li>Registrera dig och betala f\u00f6r dina bidrag.<\/li>\n<\/ol>\n<h2>Vad handlar prenumerationstj\u00e4nsten om?<\/h2>\n<p>Om du anv\u00e4nder en webbplats som v\u00e5r finns det vad vi kallar en prenumerationstj\u00e4nst f\u00f6r att m\u00f6jligg\u00f6ra ett smidigt och stressfritt deltagande i lotteriet. \u00c4ven om det \u00e4r helt okej att vara en eng\u00e5ngsspelare (om det \u00e4r vad du f\u00f6redrar), spelar de flesta spelarna ofta. Det b\u00e4sta s\u00e4ttet att vinna Lotto America \u00e4r att satsa regelbundet och det \u00e4r vad den h\u00e4r tj\u00e4nsten handlar om.<\/p>\n<p>Du kan st\u00e4lla in det s\u00e5 att du automatiskt blir anm\u00e4ld till framtida dragningar. Lotto America har 3 dragningsdagar varje vecka: M\u00e5ndagar, onsdagar och l\u00f6rdagar. L\u00e5t oss vara \u00e4rliga, det kan bli lite tr\u00f6ttsamt att f\u00f6rs\u00f6ka komma ih\u00e5g att k\u00f6pa biljetter f\u00f6r varje dragning, men det \u00e4r d\u00e4rf\u00f6r vi \u00e4r h\u00e4r.<\/p>\n<p>N\u00e4r du v\u00e4l har st\u00e4llt in prenumerationstj\u00e4nsten kan du slappna av och veta att du inte beh\u00f6ver missa n\u00e5gon dragning f\u00f6r Lotto America.<\/p>\n<h2>Om v\u00e5ra conciergetj\u00e4nster<\/h2>\n<p>Vi n\u00e4mnde farorna med att anv\u00e4nda vilken webbplats som helst p\u00e5 internet f\u00f6r att spela Lotto America. Men hur vet du att du g\u00e5r in p\u00e5 Lotto America n\u00e4r du spelar p\u00e5 v\u00e5r webbplats? Det \u00e4r enkelt. Vi erbjuder en tj\u00e4nst som hj\u00e4lper dig att k\u00f6pa din lott i det land d\u00e4r lotteriet spelas. Vi underl\u00e4ttar ocks\u00e5 dina krav n\u00e4r du vinner. I grund och botten kan du se oss som en conciergetj\u00e4nst f\u00f6r lottospelare.<\/p>\n<p>N\u00e4r du spelar Lotto America p\u00e5 v\u00e5r webbplats h\u00e4nder f\u00f6ljande. N\u00e4r du har valt dina nummer och gjort din betalning k\u00f6per v\u00e5r agent i USA en fysisk lott med dina nummer. Detta kommer att vara f\u00f6r den dragning du har valt, naturligtvis. Denna biljett skannas sedan och laddas upp till ditt konto.<\/p>\n<p>Detta \u00e4r ett helt lagligt s\u00e4tt att spela Lotto America fr\u00e5n vilken del av v\u00e4rlden som helst. Dessutom s\u00e4kerst\u00e4ller det att du verkligen deltar i det lotteri du valt.<\/p>\n<h2>Kontroll av dragningarna<\/h2>\n<p><img loading=\"lazy\" decoding=\"async\" class=\"alignright size-full wp-image-30506\" src=\"http:\/\/jackpotlotteryonline.com\/wp-content\/uploads\/2022\/11\/3_screen_buy_lotto_tickets_online.jpg\" alt=\"\" width=\"300\" height=\"217\" \/>Lotto America har tre dragningsdagar i veckan, m\u00e5ndag, onsdag och l\u00f6rdag. Under dragningarna tillk\u00e4nnages den vinnande lotten. F\u00f6r att vinna jackpotten m\u00e5ste din lott matcha de sex dragna numren. Lotto America jackpottpriser b\u00f6rjar p\u00e5 2 miljoner dollar och kan rullas \u00f6ver om det inte finns n\u00e5gon vinnare efter en dragning.<\/p>\n<p>Eftersom den rullar \u00f6ver efter varje dragning (om det inte finns n\u00e5gon vinnare) kan den bli s\u00e5 h\u00f6g som 18 miljoner dollar. Det \u00e4r v\u00e4l en rej\u00e4l summa att vinna, eller hur?<\/p>\n<p>Efter varje dragning kan du \u00e5terkomma till v\u00e5r webbplats f\u00f6r att ta reda p\u00e5 om du har vunnit ett pris. Lotto America har 9 olika priskategorier och om du vinner n\u00e5got pris kommer vi att skicka ett e-postmeddelande som varnar dig.<\/p>\n<h2>Hur du g\u00f6r anspr\u00e5k p\u00e5 dina vinster<\/h2>\n<p>En fr\u00e5ga som vi ofta f\u00e5r fr\u00e5n spelare \u00e4r hur de ska f\u00e5 tillg\u00e5ng till sina vinster n\u00e4r de deltar i Lotto America online. Om du k\u00f6per biljetter till Lotto America via v\u00e5r webbplats erbjuder vi en enkel och problemfri metod f\u00f6r att h\u00e4mta dina vinster. Vinster som \u00e4r 2 500 euro kommer att krediteras ditt konto och sedan kan du ta ut dem utan extra kostnad.<\/p>\n<p>Om du vinner en st\u00f6rre summa \u00e4r f\u00f6rfarandet n\u00e5got annorlunda. Vi tillhandah\u00e5ller ett kravformul\u00e4r som du ska fylla i och n\u00e4r du har gjort det kommer vi att behandla kravet \u00e5t dig. Anledningen till detta \u00e4r att du m\u00e5ste identifiera dig. Dessutom kan vissa lotterif\u00f6retag kr\u00e4va att du dyker upp personligen f\u00f6r att f\u00e5 ut st\u00f6rre summor. Om det sker kommer vi att meddela dig detta omedelbart.<\/p>\n<h2>Handla biljetter p\u00e5 Lotto America med oss<\/h2>\n<p>Vi har \u00e4gnat \u00e5ratal \u00e5t att utnyttja modern teknik och utvinna omfattande erfarenhet f\u00f6r att tillhandah\u00e5lla en plats d\u00e4r spelarna kan k\u00f6pa lotter p\u00e5 ett s\u00e4kert s\u00e4tt. Du kan enkelt k\u00f6pa biljetter till Lotto America eller n\u00e5got av de internationella lotterier vi har p\u00e5 v\u00e5r sida.<\/p>\n<p>Varf\u00f6r inte k\u00f6pa din biljett fr\u00e5n oss idag genom att skriva in Lotto America? Vi tar hand om detaljerna s\u00e5 att du kan g\u00f6ra det du \u00e4lskar b\u00e4st. Bes\u00f6k jackpotlotteryonline.com f\u00f6r mer information.<\/p>\n","protected":false},"excerpt":{"rendered":"<p>Vill du l\u00e4ra dig hur du spelar p\u00e5 Lotto America var som helst i v\u00e4rlden? USA har n\u00e5gra av de st\u00f6rsta lotterierna i v\u00e4rlden, som Lotto America. Intressant nog \u00e4r detta ocks\u00e5 ett lotto som ofta f\u00f6rbises till f\u00f6rm\u00e5n f\u00f6r sina mycket st\u00f6rre kusiner, Powerball och Mega Millions. Det finns dock en del erfarna spelare [&hellip;]<\/p>\n","protected":false},"author":1,"featured_media":0,"parent":35725,"menu_order":13,"comment_status":"closed","ping_status":"closed","template":"lotto-america.php","meta":{"_et_pb_use_builder":"","_et_pb_old_content":"","_et_gb_content_width":"","exclude_from_search":false,"footnotes":""},"class_list":["post-39337","page","type-page","status-publish","hentry"],"yoast_head":"<!-- This site is optimized with the Yoast SEO plugin v23.3 - https:\/\/yoast.com\/wordpress\/plugins\/seo\/ -->\n<title>Spela Lotto America online fr\u00e5n var som helst i v\u00e4rlden<\/title>\n<meta name=\"description\" content=\"Ta reda p\u00e5 hur du kan spela Lotto America online. K\u00f6p biljetter fr\u00e5n var som helst i v\u00e4rlden och vinn fantastiska priser.\" \/>\n<meta name=\"robots\" content=\"index, follow, max-snippet:-1, max-image-preview:large, max-video-preview:-1\" \/>\n<link rel=\"canonical\" href=\"https:\/\/jackpotlotteryonline.com\/sv\/hur-man-spelar\/lotto-america\/\" \/>\n<meta property=\"og:locale\" content=\"sv_SE\" \/>\n<meta property=\"og:type\" content=\"article\" \/>\n<meta property=\"og:title\" content=\"Spela Lotto America online fr\u00e5n var som helst i v\u00e4rlden\" \/>\n<meta property=\"og:description\" content=\"Ta reda p\u00e5 hur du kan spela Lotto America online. K\u00f6p biljetter fr\u00e5n var som helst i v\u00e4rlden och vinn fantastiska priser.\" \/>\n<meta property=\"og:url\" content=\"https:\/\/jackpotlotteryonline.com\/sv\/hur-man-spelar\/lotto-america\/\" \/>\n<meta property=\"og:site_name\" content=\"Lotto Online - Crack The International Lottery Jackpots\" \/>\n<meta property=\"article:modified_time\" content=\"2023-01-03T09:58:14+00:00\" \/>\n<meta property=\"og:image\" content=\"http:\/\/jackpotlotteryonline.com\/wp-content\/uploads\/2022\/11\/read1.jpg\" \/>\n<meta name=\"twitter:card\" content=\"summary_large_image\" \/>\n<meta name=\"twitter:label1\" content=\"Ber\u00e4knad l\u00e4stid\" \/>\n\t<meta name=\"twitter:data1\" content=\"6 minuter\" \/>\n<!-- \/ Yoast SEO plugin. -->","yoast_head_json":{"title":"Spela Lotto America online fr\u00e5n var som helst i v\u00e4rlden","description":"Ta reda p\u00e5 hur du kan spela Lotto America online. K\u00f6p biljetter fr\u00e5n var som helst i v\u00e4rlden och vinn fantastiska priser.","robots":{"index":"index","follow":"follow","max-snippet":"max-snippet:-1","max-image-preview":"max-image-preview:large","max-video-preview":"max-video-preview:-1"},"canonical":"https:\/\/jackpotlotteryonline.com\/sv\/hur-man-spelar\/lotto-america\/","og_locale":"sv_SE","og_type":"article","og_title":"Spela Lotto America online fr\u00e5n var som helst i v\u00e4rlden","og_description":"Ta reda p\u00e5 hur du kan spela Lotto America online. K\u00f6p biljetter fr\u00e5n var som helst i v\u00e4rlden och vinn fantastiska priser.","og_url":"https:\/\/jackpotlotteryonline.com\/sv\/hur-man-spelar\/lotto-america\/","og_site_name":"Lotto Online - Crack The International Lottery Jackpots","article_modified_time":"2023-01-03T09:58:14+00:00","og_image":[{"url":"http:\/\/jackpotlotteryonline.com\/wp-content\/uploads\/2022\/11\/read1.jpg"}],"twitter_card":"summary_large_image","twitter_misc":{"Ber\u00e4knad l\u00e4stid":"6 minuter"},"schema":{"@context":"https:\/\/schema.org","@graph":[{"@type":"WebPage","@id":"https:\/\/jackpotlotteryonline.com\/sv\/hur-man-spelar\/lotto-america\/","url":"https:\/\/jackpotlotteryonline.com\/sv\/hur-man-spelar\/lotto-america\/","name":"Spela Lotto America online fr\u00e5n var som helst i v\u00e4rlden","isPartOf":{"@id":"https:\/\/jackpotlotteryonline.com\/#website"},"primaryImageOfPage":{"@id":"https:\/\/jackpotlotteryonline.com\/sv\/hur-man-spelar\/lotto-america\/#primaryimage"},"image":{"@id":"https:\/\/jackpotlotteryonline.com\/sv\/hur-man-spelar\/lotto-america\/#primaryimage"},"thumbnailUrl":"http:\/\/jackpotlotteryonline.com\/wp-content\/uploads\/2022\/11\/read1.jpg","datePublished":"2022-11-23T11:33:43+00:00","dateModified":"2023-01-03T09:58:14+00:00","description":"Ta reda p\u00e5 hur du kan spela Lotto America online. K\u00f6p biljetter fr\u00e5n var som helst i v\u00e4rlden och vinn fantastiska priser.","breadcrumb":{"@id":"https:\/\/jackpotlotteryonline.com\/sv\/hur-man-spelar\/lotto-america\/#breadcrumb"},"inLanguage":"sv-SE","potentialAction":[{"@type":"ReadAction","target":["https:\/\/jackpotlotteryonline.com\/sv\/hur-man-spelar\/lotto-america\/"]}]},{"@type":"ImageObject","inLanguage":"sv-SE","@id":"https:\/\/jackpotlotteryonline.com\/sv\/hur-man-spelar\/lotto-america\/#primaryimage","url":"http:\/\/jackpotlotteryonline.com\/wp-content\/uploads\/2022\/11\/read1.jpg","contentUrl":"http:\/\/jackpotlotteryonline.com\/wp-content\/uploads\/2022\/11\/read1.jpg"},{"@type":"BreadcrumbList","@id":"https:\/\/jackpotlotteryonline.com\/sv\/hur-man-spelar\/lotto-america\/#breadcrumb","itemListElement":[{"@type":"ListItem","position":1,"name":"Home","item":"https:\/\/jackpotlotteryonline.com\/sv\/"},{"@type":"ListItem","position":2,"name":"Hur man spelar","item":"https:\/\/jackpotlotteryonline.com\/play-online\/"},{"@type":"ListItem","position":3,"name":"Spela Lotto America online"}]},{"@type":"WebSite","@id":"https:\/\/jackpotlotteryonline.com\/#website","url":"https:\/\/jackpotlotteryonline.com\/","name":"Lotto Online - Crack The International Lottery Jackpots","description":"","potentialAction":[{"@type":"SearchAction","target":{"@type":"EntryPoint","urlTemplate":"https:\/\/jackpotlotteryonline.com\/?s={search_term_string}"},"query-input":"required name=search_term_string"}],"inLanguage":"sv-SE"}]}},"_links":{"self":[{"href":"https:\/\/jackpotlotteryonline.com\/sv\/wp-json\/wp\/v2\/pages\/39337","targetHints":{"allow":["GET"]}}],"collection":[{"href":"https:\/\/jackpotlotteryonline.com\/sv\/wp-json\/wp\/v2\/pages"}],"about":[{"href":"https:\/\/jackpotlotteryonline.com\/sv\/wp-json\/wp\/v2\/types\/page"}],"author":[{"embeddable":true,"href":"https:\/\/jackpotlotteryonline.com\/sv\/wp-json\/wp\/v2\/users\/1"}],"replies":[{"embeddable":true,"href":"https:\/\/jackpotlotteryonline.com\/sv\/wp-json\/wp\/v2\/comments?post=39337"}],"version-history":[{"count":0,"href":"https:\/\/jackpotlotteryonline.com\/sv\/wp-json\/wp\/v2\/pages\/39337\/revisions"}],"up":[{"embeddable":true,"href":"https:\/\/jackpotlotteryonline.com\/sv\/wp-json\/wp\/v2\/pages\/35725"}],"wp:attachment":[{"href":"https:\/\/jackpotlotteryonline.com\/sv\/wp-json\/wp\/v2\/media?parent=39337"}],"curies":[{"name":"wp","href":"https:\/\/api.w.org\/{rel}","templated":true}]}}