{"id":39515,"date":"2022-11-28T06:15:33","date_gmt":"2022-11-28T06:15:33","guid":{"rendered":"https:\/\/jackpotlotteryonline.com\/?page_id=39515"},"modified":"2023-01-03T17:48:11","modified_gmt":"2023-01-03T17:48:11","slug":"mega-sena-2","status":"publish","type":"page","link":"https:\/\/jackpotlotteryonline.com\/sv\/hur-man-spelar\/mega-sena-2\/","title":{"rendered":"Spela Mega-Sena-lotteriet p\u00e5 n\u00e4tet"},"content":{"rendered":"<p>Vill du k\u00f6pa biljetter till Mega-Sena-lotteriet var som helst i v\u00e4rlden? Mega-Sena \u00e4r Brasiliens st\u00f6rsta lotteri och det har funnits sedan 1996. Miljontals lottofans i Brasilien skyndar sig att k\u00f6pa Mega-Sena-lotter inf\u00f6r varje dragning och nu kan spelare runt om i v\u00e4rlden ocks\u00e5 ta del av chansen att vinna miljontals Real.<\/p>\n<p>Kanske \u00e4r en av anledningarna till att Mega-Sena \u00e4r s\u00e5 popul\u00e4rt att det drivs av en bank, som \u00e4r den st\u00f6rsta stats\u00e4gda banken i Brasilien. Det m\u00e5ste finnas n\u00e5got betryggande och p\u00e5litligt med att k\u00f6pa lotter till ett lotteri som \u00e4gs av en bank.<\/p>\n<p>F\u00f6r dem som bor utanf\u00f6r Brasilien \u00e4r det inte l\u00e4ngre en ouppn\u00e5elig \u00f6nskan att delta i Mega-Sena-lotteriet. Oavsett var du bor kan du f\u00e5 tillg\u00e5ng till Mega-Sena, s\u00e5 l\u00e4nge du \u00e4r \u00f6ver den lagstadgade \u00e5ldern, f\u00f6rst\u00e5s. Om du vill veta hur du kan f\u00e5 tillg\u00e5ng till de brasilianska lottorna kan du forts\u00e4tta l\u00e4sa.<\/p>\n<p>Mega-Sena \u00e4r inte det enda lotto som du kan spela fr\u00e5n var som helst. Bes\u00f6k oss p\u00e5 jackpotlotteryonline.com f\u00f6r att f\u00e5 veta mer om de b\u00e4sta internationella lotterierna du kan f\u00e5 tillg\u00e5ng till.<\/p>\n<h2>Hur man spelar Mega-Sena online<\/h2>\n<p>Oavsett om du befinner dig i Brasilien eller en kontinent bort kan du spela Mega-Sena. S\u00e4ttet att g\u00f6ra det \u00e4r att <a href=\"https:\/\/jackpotlotteryonline.com\/sv\/kopa-biljetter\/mega-sena\">k\u00f6pa lotter online<\/a> genom oss. Vi ger anv\u00e4ndarna tillg\u00e5ng till lotterier fr\u00e5n hela v\u00e4rlden, inklusive Mega-Sena. Om du anv\u00e4nder v\u00e5r webbplats f\u00f6r att spela Mega-Sena erbjuder vi en okomplicerad process f\u00f6r en stressfri upplevelse.<\/p>\n<p>Det f\u00f6rsta steget \u00e4r att bes\u00f6ka v\u00e5r webbplats och sedan klicka p\u00e5 l\u00e4nken till Mega-Sena-lotteriet. D\u00e4refter m\u00e5ste du v\u00e4lja 6 nummer fr\u00e5n ett intervall p\u00e5 1 till 60. Du kan v\u00e4lja upp till 6 upps\u00e4ttningar nummer f\u00f6r varje dragning f\u00f6r att \u00f6ka dina chanser att vinna jackpotten. N\u00e4r du har valt dina nummer v\u00e4ljer du dragningsdagarna och slutf\u00f6r processen.<\/p>\n<p>N\u00e4r du spelar online \u00e4r det viktigt att anv\u00e4nda en tj\u00e4nst som ger dig tillg\u00e5ng till Mega-Sena. Ser du, m\u00e5nga sajter lovar det, men n\u00e4r du l\u00e4ser det finstilta kommer du att uppt\u00e4cka att de bara l\u00e5ter dig satsa p\u00e5 resultatet av lotto. Om du k\u00f6per Mega-Sena-biljetter p\u00e5 v\u00e5r webbplats ser vi till att du kommer in i Mega-Sena och om din biljett matchar de dragna numren vinner du.<\/p>\n<h2>Hur man vinner Mega-Sena<\/h2>\n<p><img loading=\"lazy\" decoding=\"async\" class=\"size-medium wp-image-28319 alignright\" src=\"https:\/\/jackpotlotteryonline.com\/wp-content\/uploads\/2022\/11\/1_mega_lottery_jackpot-300x207.jpg\" alt=\"vinna Mega-Sena-lotteriet \" width=\"300\" height=\"207\" srcset=\"https:\/\/jackpotlotteryonline.com\/wp-content\/uploads\/2022\/11\/1_mega_lottery_jackpot-300x207.jpg 300w, https:\/\/jackpotlotteryonline.com\/wp-content\/uploads\/2022\/11\/1_mega_lottery_jackpot.jpg 320w\" sizes=\"auto, (max-width: 300px) 100vw, 300px\" \/><\/p>\n<p>Fallande pengar. Flygande gr\u00f6na sedlar isolerade p\u00e5 vitt, platt kontantkonfetti, lotterivinst koncept. Vektorillustration banner tj\u00e4na pengar bakgrund<\/p>\n<p><a href=\"https:\/\/jackpotlotteryonline.com\/sv\/vinnande-nummer\/mega-sena\">Att vinna Mega-Sena inneb\u00e4r<\/a> att du matchar de dragna numren. I grund och botten finns det 6 nummer som dras slumpm\u00e4ssigt av 60 m\u00f6jliga nummer. Varje lott som matchar de 6 dragna numren vinner jackpotten.<\/p>\n<p>Mega-Sena-dragningarna sker tv\u00e5 g\u00e5nger i veckan, p\u00e5 onsdagar och l\u00f6rdagar. Du kan v\u00e4lja vilken dragning du vill delta i n\u00e4r du k\u00f6per dina Mega-Sena-biljetter. Du kan ocks\u00e5 delta i flera dragningar. Det \u00e4r vad toppspelare g\u00f6r f\u00f6r att se till att de har s\u00e5 m\u00e5nga chanser som m\u00f6jligt att vinna jackpotten.<\/p>\n<p>En annan f\u00f6rdel med att anv\u00e4nda v\u00e5r webbplats \u00e4r att du enkelt kan st\u00e4lla in en automatisk prenumerationstj\u00e4nst f\u00f6r att k\u00f6pa Mega-Sena-biljetter. Det inneb\u00e4r att du inte beh\u00f6ver g\u00e5 in manuellt i varje dragning. Det \u00e4r l\u00e4tt att gl\u00f6mma s\u00e5dana saker och t\u00e4nka p\u00e5 hur hemskt du skulle k\u00e4nna dig om den dragning du inte anm\u00e4lt dig till \u00e4r den som du kunde ha vunnit. St\u00e4ll in det s\u00e5 att du automatiskt kommer med i varje dragning.<\/p>\n<h2>Mega-Sena Jackpot<\/h2>\n<p>Jackpotpriset b\u00f6rjar p\u00e5 3 miljoner R$ och om det inte finns n\u00e5gon vinnare efter en dragning blir det st\u00f6rre. Och den kan v\u00e4xa sig ganska stor. Oddsen f\u00f6r att vinna jackpotten \u00e4r 1 p\u00e5 50 miljoner, vilket \u00e4r riktigt bra j\u00e4mf\u00f6rt med andra internationella topplotterier.<\/p>\n<p>Den st\u00f6rsta jackpotten som n\u00e5gon har vunnit fr\u00e5n Mega-Sena var cirka 53 miljoner euro. Det \u00e4r ett livsavg\u00f6rande belopp med alla m\u00e5tt m\u00e4tt. Och den h\u00f6gsta Mega-Sena-jackpotten n\u00e5gonsin var hela 73 miljoner euro.<\/p>\n<p>\u00c4ven om Mega-Sena-jackpotten inte uppg\u00e5r till miljarder dollar r\u00e5der det ingen tvekan om att en spelare kan vinna stort p\u00e5 detta lotteri. Om du har suttit p\u00e5 staketet om detta lotto \u00e4r det nu dags att hoppa ner och k\u00f6pa en lott.<\/p>\n<h2>Priser som du kan vinna<\/h2>\n<p>Vi har talat utf\u00f6rligt om Mega-Sena-jackpotten, som \u00e4r det ultimata priset som en spelare kan vinna n\u00e4r han eller hon deltar i detta lottospel. Jackpotten \u00e4r dock inte det enda priset som Mega-Sena-fans kan vinna.<\/p>\n<p>Mega-Sena har totalt 3 vinstniv\u00e5er, inklusive jackpotten. Det \u00e4r dock lite sv\u00e5rt att s\u00e4ga exakt hur mycket priserna kommer att vara eftersom en procentandel av prispotten tilldelas varje niv\u00e5. Ta reda p\u00e5 mer om prisniv\u00e5erna h\u00e4rn\u00e4st.<\/p>\n<p>Jackpot &#8211; Sena: Matcha 6 nummer &#8211; 35 % av prispotten<\/p>\n<p>Niv\u00e5 2 &#8211; Quina: Matcha 5 nummer &#8211; 19 % av prispotten<\/p>\n<p>Niv\u00e5 3 &#8211; Quadra: Matcha 4 nummer &#8211; 19 % av prispotten.<\/p>\n<h2>Mega da virada<\/h2>\n<p>Vad \u00e4r mega da virada? Om du n\u00e5gonsin har tittat p\u00e5 att spela Mega-Sena har du s\u00e4kert st\u00f6tt p\u00e5 mega da virada. \u00c4r det ett annat spel eller en priskategori? Tja, det \u00e4r ingetdera. Ist\u00e4llet \u00e4r det en del av Mega-Sena-lotteriet, men det \u00e4r en s\u00e4rskild dragning som h\u00e5lls varje \u00e5r p\u00e5 ny\u00e5rsafton.<\/p>\n<p>Mega da virada \u00e4r ett spel som lockar erfarna spelare \u00f6verallt p\u00e5 grund av hur stor jackpotten brukar vara. Jackpotten f\u00f6r 2022 \u00e4r hela 450 miljoner R$ och s\u00e4gs vara den st\u00f6rsta vinsten i Mega-Senas historia! Det \u00e4r inte s\u00e5 konstigt att lottoentusiaster rusar f\u00f6r att k\u00f6pa lotter till denna dragning.<\/p>\n<p>Du kan anm\u00e4la dig till mega da virada direkt h\u00e4r p\u00e5 v\u00e5r webbplats. Du beh\u00f6ver inte g\u00e5 igenom kretsar och slingor bara f\u00f6r att delta i mega da virada. Vi ska avsl\u00f6ja en hemlighet f\u00f6r dig: mega da virada \u00e4r egentligen Mega-Sena, men det \u00e4r \u00e5rets sista dragning. Det var allt. S\u00e5 delta i Mega-Sena-utlottningen den 31 december f\u00f6r att f\u00e5 chansen att vinna stort.<\/p>\n<h2>Sanningen om att spela Mega-Sena-lotteriet p\u00e5 n\u00e4tet<\/h2>\n<p><img loading=\"lazy\" decoding=\"async\" class=\"alignright size-medium wp-image-32000\" src=\"https:\/\/jackpotlotteryonline.com\/wp-content\/uploads\/2022\/11\/1_mega_lotto_ticket-213x300.jpg\" alt=\"MMega-Sena lotteri online biljett\" width=\"213\" height=\"300\" srcset=\"https:\/\/jackpotlotteryonline.com\/wp-content\/uploads\/2022\/11\/1_mega_lotto_ticket-213x300.jpg 213w, https:\/\/jackpotlotteryonline.com\/wp-content\/uploads\/2022\/11\/1_mega_lotto_ticket.jpg 320w\" sizes=\"auto, (max-width: 213px) 100vw, 213px\" \/><\/p>\n<p>Okej, vi vill ta n\u00e5gra minuter f\u00f6r att ge dig n\u00e5gra tips om hur du spelar Mega-Sena p\u00e5 internet. Innan du k\u00f6per en biljett till Mega-Sena m\u00e5ste du vara s\u00e4ker p\u00e5 att du deltar i lotteriet. Det b\u00e4sta s\u00e4ttet \u00e4r att ta reda p\u00e5 om sajten fungerar som en agent. Det vill s\u00e4ga att de har agenter i Brasilien som k\u00f6per fysiska Mega-Sena-biljetter.<\/p>\n<p>En annan sak att notera om det h\u00e4r spelet \u00e4r att det \u00e4r ett spel med siffror. I grund och botten har allt att g\u00f6ra med hur mycket tur du har. Det finns dock n\u00e5gra s\u00e4tt som du kan hj\u00e4lpa lyckan p\u00e5 traven och \u00f6ka dina chanser att vinna. Ett s\u00e4tt \u00e4r att k\u00f6pa flera lotter.<\/p>\n<p>Mega-Sena har riktigt bra odds f\u00f6r spelarna s\u00e5 ju fler lotter du k\u00f6per, desto st\u00f6rre \u00e4r dina chanser att vinna p\u00e5 lotteriet. Samma sak g\u00e4ller om du deltar i flera dragningar. Det \u00e4r alltid en bra spelplan att delta i flera dragningar.<\/p>\n<h2>Varf\u00f6r du ska spela p\u00e5 lotteri med oss<\/h2>\n<p>Det finns flera lotterisajter d\u00e4r ute som erbjuder dig en chans att spela Mega-Sena-lotteriet. Varf\u00f6r ska du v\u00e4lja oss i st\u00e4llet?<\/p>\n<ul>\n<li>Vi \u00e4r en conciergesajt med lotteriakt\u00f6rer \u00f6ver hela v\u00e4rlden. N\u00e4r du k\u00f6per en Mega-Sena-lott fr\u00e5n oss k\u00f6per v\u00e5ra agenter i Brasilien en lott med de nummer du v\u00e4ljer. Detta garanterar att du \u00e4r med i Mega-Sena-utlottningen.<\/li>\n<li>Du kan ta ut dina vinster (upp till ett visst belopp) fr\u00e5n v\u00e5r webbplats. Oavsett hur mycket du vinner tar vi inte ut n\u00e5gon provision.<\/li>\n<li>N\u00e4r du k\u00f6per biljetter p\u00e5 v\u00e5r webbplats beh\u00f6ver du inte oroa dig f\u00f6r att missa dragningarna. Vi l\u00e4gger ut dragningsresultaten p\u00e5 v\u00e5r webbplats och om du vinner n\u00e5got pris skickar vi dig ett e-postmeddelande.<\/li>\n<li>Du \u00e4r s\u00e4ker h\u00e4r. Vi g\u00f6r allt f\u00f6r att skydda din biljett s\u00e5 att du aldrig beh\u00f6ver oroa dig f\u00f6r att f\u00f6rlora en biljett.<\/li>\n<\/ul>\n<p>I grund och botten inneb\u00e4r det att du genom att k\u00f6pa dina lotter fr\u00e5n oss s\u00e4krar din sinnesfrid. Vi vill inte att du ska oroa dig f\u00f6r detaljerna, s\u00e5 l\u00e5t oss sk\u00f6ta det medan du fokuserar p\u00e5 det som \u00e4r viktigt.<\/p>\n<section class=\"layout\" style=\"border: solid 1px; width: 100%;\">\n<div class=\"img-div\" style=\"margin-top: 5px;\"><img decoding=\"async\" class=\"wp-image-17212 alignleft\" style=\"height: 45px; margin: 8px 8px 0px;\" src=\"https:\/\/jackpotlotteryonline.com\/wp-content\/uploads\/2022\/11\/read1.jpg\" alt=\"L\u00e4s \" width=\"\" height=\"\" \/><\/div>\n<div style=\"padding-left: 5px;\">\n<div style=\"font-size: 1.1em;\">\n<p><strong>Skatter p\u00e5 lotterivinster<\/strong><\/p>\n<p style=\"font-size: 0.85em; margin-top: -1.5em;\">M\u00e5ste jag betala skatt p\u00e5 mina lotterivinster? <a href=\"https:\/\/jackpotlotteryonline.com\/sv\/maste-jag-betala-skatt-pa-lotterivinster\">L\u00e4s mer<\/a><\/p>\n<\/div>\n<\/div>\n<\/section>\n<h2>Registrera dig hos oss f\u00f6r att spela Mega-Sena online<\/h2>\n<p>\u00c4r du redo att ge dig in i Mega-Sena-lottospelet? S\u00f6k inte l\u00e4ngre, det \u00e4r bara att registrera dig hos oss f\u00f6r att komma ig\u00e5ng. N\u00e4r du v\u00e4l \u00e4r registrerad f\u00e5r du tillg\u00e5ng till de b\u00e4sta internationella lotterierna, inklusive Mega-Sena. Det b\u00e4sta \u00e4r att dina vinster \u00e4r s\u00e4kra n\u00e4r du spelar hos oss, du kan ta ut det du vinner.<\/p>\n<p>Vi \u00e4r glada \u00f6ver att kunna erbjuda flera valm\u00f6jligheter till v\u00e5ra kunder. Varf\u00f6r begr\u00e4nsa dig till ett enda lotteri n\u00e4r du kan spela mer \u00e4n tv\u00e5 dussin olika spel? Du hittar toppspel som US Powerball, La Primitiva och Eurojackpot p\u00e5 v\u00e5r webbplats. Varje spel p\u00e5 v\u00e5r webbplats \u00e4r l\u00e4tt att delta i.<\/p>\n<p>Det \u00e4r dags att sluta sitta p\u00e5 staketet. Om du menar allvar med att vinna stort, registrera dig f\u00f6r att delta i Mega-Sena idag. N\u00e4sta dragning kan vara den lyckliga tur du har v\u00e4ntat p\u00e5. G\u00e5 \u00f6ver till v\u00e5r webbplats nu och v\u00e4lj fr\u00e5n ett stort utbud av lotterier. Gl\u00f6m inte att planera i f\u00f6rv\u00e4g f\u00f6r mega da virada.<\/p>\n","protected":false},"excerpt":{"rendered":"<p>Vill du k\u00f6pa biljetter till Mega-Sena-lotteriet var som helst i v\u00e4rlden? Mega-Sena \u00e4r Brasiliens st\u00f6rsta lotteri och det har funnits sedan 1996. Miljontals lottofans i Brasilien skyndar sig att k\u00f6pa Mega-Sena-lotter inf\u00f6r varje dragning och nu kan spelare runt om i v\u00e4rlden ocks\u00e5 ta del av chansen att vinna miljontals Real. Kanske \u00e4r en av [&hellip;]<\/p>\n","protected":false},"author":1,"featured_media":0,"parent":35725,"menu_order":15,"comment_status":"closed","ping_status":"closed","template":"megasena.php","meta":{"_et_pb_use_builder":"","_et_pb_old_content":"","_et_gb_content_width":"","exclude_from_search":false,"footnotes":""},"class_list":["post-39515","page","type-page","status-publish","hentry"],"yoast_head":"<!-- This site is optimized with the Yoast SEO plugin v23.3 - https:\/\/yoast.com\/wordpress\/plugins\/seo\/ -->\n<title>K\u00f6p biljetter till Mega-Sena p\u00e5 n\u00e4tet<\/title>\n<meta name=\"description\" content=\"Du kan k\u00f6pa biljetter till Mega-Sena-lotteriet online. Ta reda p\u00e5 hur du spelar och hur du kan ta ut dina vinster direkt h\u00e4r.\" \/>\n<meta name=\"robots\" content=\"index, follow, max-snippet:-1, max-image-preview:large, max-video-preview:-1\" \/>\n<link rel=\"canonical\" href=\"https:\/\/jackpotlotteryonline.com\/sv\/hur-man-spelar\/mega-sena-2\/\" \/>\n<meta property=\"og:locale\" content=\"sv_SE\" \/>\n<meta property=\"og:type\" content=\"article\" \/>\n<meta property=\"og:title\" content=\"K\u00f6p biljetter till Mega-Sena p\u00e5 n\u00e4tet\" \/>\n<meta property=\"og:description\" content=\"Du kan k\u00f6pa biljetter till Mega-Sena-lotteriet online. Ta reda p\u00e5 hur du spelar och hur du kan ta ut dina vinster direkt h\u00e4r.\" \/>\n<meta property=\"og:url\" content=\"https:\/\/jackpotlotteryonline.com\/sv\/hur-man-spelar\/mega-sena-2\/\" \/>\n<meta property=\"og:site_name\" content=\"Lotto Online - Crack The International Lottery Jackpots\" \/>\n<meta property=\"article:modified_time\" content=\"2023-01-03T17:48:11+00:00\" \/>\n<meta property=\"og:image\" content=\"https:\/\/jackpotlotteryonline.com\/wp-content\/uploads\/2022\/11\/1_mega_lottery_jackpot-300x207.jpg\" \/>\n<meta name=\"twitter:card\" content=\"summary_large_image\" \/>\n<meta name=\"twitter:label1\" content=\"Ber\u00e4knad l\u00e4stid\" \/>\n\t<meta name=\"twitter:data1\" content=\"8 minuter\" \/>\n<!-- \/ Yoast SEO plugin. -->","yoast_head_json":{"title":"K\u00f6p biljetter till Mega-Sena p\u00e5 n\u00e4tet","description":"Du kan k\u00f6pa biljetter till Mega-Sena-lotteriet online. Ta reda p\u00e5 hur du spelar och hur du kan ta ut dina vinster direkt h\u00e4r.","robots":{"index":"index","follow":"follow","max-snippet":"max-snippet:-1","max-image-preview":"max-image-preview:large","max-video-preview":"max-video-preview:-1"},"canonical":"https:\/\/jackpotlotteryonline.com\/sv\/hur-man-spelar\/mega-sena-2\/","og_locale":"sv_SE","og_type":"article","og_title":"K\u00f6p biljetter till Mega-Sena p\u00e5 n\u00e4tet","og_description":"Du kan k\u00f6pa biljetter till Mega-Sena-lotteriet online. Ta reda p\u00e5 hur du spelar och hur du kan ta ut dina vinster direkt h\u00e4r.","og_url":"https:\/\/jackpotlotteryonline.com\/sv\/hur-man-spelar\/mega-sena-2\/","og_site_name":"Lotto Online - Crack The International Lottery Jackpots","article_modified_time":"2023-01-03T17:48:11+00:00","og_image":[{"url":"https:\/\/jackpotlotteryonline.com\/wp-content\/uploads\/2022\/11\/1_mega_lottery_jackpot-300x207.jpg"}],"twitter_card":"summary_large_image","twitter_misc":{"Ber\u00e4knad l\u00e4stid":"8 minuter"},"schema":{"@context":"https:\/\/schema.org","@graph":[{"@type":"WebPage","@id":"https:\/\/jackpotlotteryonline.com\/sv\/hur-man-spelar\/mega-sena-2\/","url":"https:\/\/jackpotlotteryonline.com\/sv\/hur-man-spelar\/mega-sena-2\/","name":"K\u00f6p biljetter till Mega-Sena p\u00e5 n\u00e4tet","isPartOf":{"@id":"https:\/\/jackpotlotteryonline.com\/#website"},"primaryImageOfPage":{"@id":"https:\/\/jackpotlotteryonline.com\/sv\/hur-man-spelar\/mega-sena-2\/#primaryimage"},"image":{"@id":"https:\/\/jackpotlotteryonline.com\/sv\/hur-man-spelar\/mega-sena-2\/#primaryimage"},"thumbnailUrl":"https:\/\/jackpotlotteryonline.com\/wp-content\/uploads\/2022\/11\/1_mega_lottery_jackpot-300x207.jpg","datePublished":"2022-11-28T06:15:33+00:00","dateModified":"2023-01-03T17:48:11+00:00","description":"Du kan k\u00f6pa biljetter till Mega-Sena-lotteriet online. Ta reda p\u00e5 hur du spelar och hur du kan ta ut dina vinster direkt h\u00e4r.","breadcrumb":{"@id":"https:\/\/jackpotlotteryonline.com\/sv\/hur-man-spelar\/mega-sena-2\/#breadcrumb"},"inLanguage":"sv-SE","potentialAction":[{"@type":"ReadAction","target":["https:\/\/jackpotlotteryonline.com\/sv\/hur-man-spelar\/mega-sena-2\/"]}]},{"@type":"ImageObject","inLanguage":"sv-SE","@id":"https:\/\/jackpotlotteryonline.com\/sv\/hur-man-spelar\/mega-sena-2\/#primaryimage","url":"https:\/\/jackpotlotteryonline.com\/wp-content\/uploads\/2022\/11\/1_mega_lottery_jackpot-300x207.jpg","contentUrl":"https:\/\/jackpotlotteryonline.com\/wp-content\/uploads\/2022\/11\/1_mega_lottery_jackpot-300x207.jpg"},{"@type":"BreadcrumbList","@id":"https:\/\/jackpotlotteryonline.com\/sv\/hur-man-spelar\/mega-sena-2\/#breadcrumb","itemListElement":[{"@type":"ListItem","position":1,"name":"Home","item":"https:\/\/jackpotlotteryonline.com\/sv\/"},{"@type":"ListItem","position":2,"name":"Hur man spelar","item":"https:\/\/jackpotlotteryonline.com\/play-online\/"},{"@type":"ListItem","position":3,"name":"Spela Mega-Sena-lotteriet p\u00e5 n\u00e4tet"}]},{"@type":"WebSite","@id":"https:\/\/jackpotlotteryonline.com\/#website","url":"https:\/\/jackpotlotteryonline.com\/","name":"Lotto Online - Crack The International Lottery Jackpots","description":"","potentialAction":[{"@type":"SearchAction","target":{"@type":"EntryPoint","urlTemplate":"https:\/\/jackpotlotteryonline.com\/?s={search_term_string}"},"query-input":"required name=search_term_string"}],"inLanguage":"sv-SE"}]}},"_links":{"self":[{"href":"https:\/\/jackpotlotteryonline.com\/sv\/wp-json\/wp\/v2\/pages\/39515","targetHints":{"allow":["GET"]}}],"collection":[{"href":"https:\/\/jackpotlotteryonline.com\/sv\/wp-json\/wp\/v2\/pages"}],"about":[{"href":"https:\/\/jackpotlotteryonline.com\/sv\/wp-json\/wp\/v2\/types\/page"}],"author":[{"embeddable":true,"href":"https:\/\/jackpotlotteryonline.com\/sv\/wp-json\/wp\/v2\/users\/1"}],"replies":[{"embeddable":true,"href":"https:\/\/jackpotlotteryonline.com\/sv\/wp-json\/wp\/v2\/comments?post=39515"}],"version-history":[{"count":0,"href":"https:\/\/jackpotlotteryonline.com\/sv\/wp-json\/wp\/v2\/pages\/39515\/revisions"}],"up":[{"embeddable":true,"href":"https:\/\/jackpotlotteryonline.com\/sv\/wp-json\/wp\/v2\/pages\/35725"}],"wp:attachment":[{"href":"https:\/\/jackpotlotteryonline.com\/sv\/wp-json\/wp\/v2\/media?parent=39515"}],"curies":[{"name":"wp","href":"https:\/\/api.w.org\/{rel}","templated":true}]}}