{"id":39567,"date":"2022-11-28T07:52:30","date_gmt":"2022-11-28T07:52:30","guid":{"rendered":"https:\/\/jackpotlotteryonline.com\/?page_id=39567"},"modified":"2023-01-03T18:11:31","modified_gmt":"2023-01-03T18:11:31","slug":"powerball-australia","status":"publish","type":"page","link":"https:\/\/jackpotlotteryonline.com\/sv\/hur-man-spelar\/powerball-australia\/","title":{"rendered":"spela Powerball Australia online"},"content":{"rendered":"<p>Det finns en anledning till att lotterientusiaster \u00f6ver hela v\u00e4rlden rusar f\u00f6r att spela Australian Powerball. 2022 har varit \u00e5ret f\u00f6r megajackpottar och vi har sett flera spelare vinna miljontals dollar fr\u00e5n internationella lotterier. I allt detta har Powerball AU inte varit n\u00e5got undantag, eftersom den st\u00f6rsta jackpotten n\u00e5gonsin p\u00e5 160 miljoner dollar var i oktober 2022. Med flera stora jackpottar som vunnits av enskilda lottinnehavare b\u00f6r du \u00f6verv\u00e4ga att spela denna Powerball.<\/p>\n<p>Intressant nog har denna Powerball funnits ett tag. Den f\u00f6rsta dragningen h\u00f6lls den 23 maj 1996, vilket g\u00f6r den 25 \u00e5r gammal. Det \u00e4r sant att j\u00e4mf\u00f6rt med lotterier som det spanska La Primitiva \u00e4r Oz Powerball praktiskt taget en baby. (La Primitiva grundades 1763 och du kan delta i det lotteriet p\u00e5 jackpotlotteryonline.com).<\/p>\n<p>Under de senaste 25 \u00e5ren har Oz Powerball uppr\u00e4tth\u00e5llit ett rykte om gener\u00f6sa utbetalningar och ivriga fans. Tidigare kunde endast spelare som bodde p\u00e5 kontinenten delta i lotteriet. Nu kan spelare \u00f6ver hela v\u00e4rlden spela Powerball AU online fr\u00e5n sina datorer eller mobila enheter. Forts\u00e4tt l\u00e4sa f\u00f6r att ta reda p\u00e5 hur du kan spela detta lotteri online.<\/p>\n<h2>Hur man spelar Powerball Australia<\/h2>\n<p><img loading=\"lazy\" decoding=\"async\" class=\"alignright size-full wp-image-26402\" src=\"https:\/\/jackpotlotteryonline.com\/wp-content\/uploads\/2022\/11\/1_buy_online_ticket_powerball.jpg\" alt=\"spela Powerball Australia online\" width=\"300\" height=\"194\" \/><\/p>\n<p>En av de fantastiska sakerna med detta lotteri \u00e4r att det har stora odds. Oddsen f\u00f6r att vinna jackpotten \u00e4r 1 p\u00e5 cirka 76 miljoner. Det finns dock flera andra divisioner och dessa har fantastiska odds.<\/p>\n<p>F\u00f6r att spela detta Powerball m\u00e5ste du v\u00e4lja 7 nummer fr\u00e5n 1 till 35 och ett Powerball-nummer fr\u00e5n 1 till 20. Det \u00e4r totalt 8 nummer f\u00f6r varje linje. Observera att du ocks\u00e5 kan ange flera rader f\u00f6r att \u00f6ka dina chanser att vinna p\u00e5 lotteriet. Ju fler rader du anger, desto st\u00f6rre \u00e4r dina vinstchanser.<\/p>\n<p>N\u00e4r du har valt dina nummer \u00e4r n\u00e4sta steg att g\u00e5 in i dragningarna. Detta lotteri har bara en dragningsdag och det \u00e4r varje torsdagskv\u00e4ll. Som du kan f\u00f6rest\u00e4lla dig \u00e4r torsdagskv\u00e4llar fyllda av sp\u00e4nning f\u00f6r spelarna p\u00e5 kontinenten. Du kan ocks\u00e5 delta i sp\u00e4nningen genom att spela Powerball.<\/p>\n<h2>Varf\u00f6r Powerball Australien?<\/h2>\n<p>Detta \u00e4r en riktigt bra fr\u00e5ga. Tack vare Internet har lotterientusiaster \u00f6ver hela v\u00e4rlden ett stort utbud av lotterier som de kan delta i. Varf\u00f6r skulle du \u00f6verv\u00e4ga att spela Oz Powerball? I grund och botten f\u00e5r du med detta lotteri en chans att vinna miljoner utan att beh\u00f6va m\u00f6ta otroligt h\u00f6ga odds.<\/p>\n<p>Problemet med m\u00e5nga av de andra mer popul\u00e4ra lotterierna i andra delar av v\u00e4rlden \u00e4r de h\u00f6ga oddsen. Ta till exempel US Powerball, oddsen f\u00f6r att vinna det lotteriet \u00e4r 1 p\u00e5 \u00f6ver 200 miljoner. Om man j\u00e4mf\u00f6r med oddsen p\u00e5 1 p\u00e5 76 miljoner i Oz Powerball \u00e4r det l\u00e4tt att f\u00f6rst\u00e5 varf\u00f6r m\u00e5nga spelare dras till detta.<\/p>\n<section class=\"layout\" style=\"border: solid 1px; width: 100%;\">\n<div class=\"img-div\" style=\"margin-top: 5px;\"><img decoding=\"async\" class=\"wp-image-17212 alignleft\" style=\"height: 45px; margin: 8px 8px 0px;\" src=\"https:\/\/jackpotlotteryonline.com\/wp-content\/uploads\/2022\/11\/read1.jpg\" alt=\"L\u00e4s \" width=\"\" height=\"\" \/><\/div>\n<div style=\"padding-left: 5px;\">\n<div style=\"font-size: 1.1em;\">\n<p><strong>Lottobedr\u00e4gerier som du b\u00f6r vara medveten om<\/strong><\/p>\n<p style=\"font-size: 0.85em; margin-top: -1.5em;\">Fall inte i lotterif\u00e4llorna\u00a0 <a href=\"https:\/\/jackpotlotteryonline.com\/sv\/akta-dig-for-bedragerier-med-lotterier-pa-natet\"> L\u00e4s mer<\/a><\/p>\n<\/div>\n<\/div>\n<\/section>\n<h2>Powerball Australien vs Powerball USA: vad \u00e4r skillnaden?<\/h2>\n<p>Men finns det n\u00e5gon skillnad mellan Oz Powerball och US Powerball? Jo, den f\u00f6rsta och mest uppenbara skillnaden \u00e4r storleken p\u00e5 jackpottarna. Det finns v\u00e4ldigt f\u00e5 jackpottar i v\u00e4rlden som kan j\u00e4mf\u00f6ras i storlek med US Powerball. Den n\u00e5dde nyligen gr\u00e4nsen p\u00e5 2 miljarder US-dollar. Om du spelar p\u00e5 Oz Powerball kommer du inte att f\u00e5 n\u00e5got i n\u00e4rheten av det.<\/p>\n<p>\u00c5terigen, den amerikanska versionen \u00e4r fr\u00e5n ett intervall p\u00e5 1 till 69. Det inneb\u00e4r att 5 bollar dras fr\u00e5n en tunna med 69 bollar. I Oz-versionen dras 7 nummer fr\u00e5n en tunna med endast 35 bollar. Dessutom dras Powerball i USA fr\u00e5n en tunna med 26 bollar medan det i Australien \u00e4r 20 bollar.<\/p>\n<p>Om du vill ha ett lotteri d\u00e4r du m\u00f6jligen kan vinna miljoner utan att ha att g\u00f6ra med h\u00f6ga odds b\u00f6r du spela Australian Powerball.<\/p>\n<h2>Spela online<\/h2>\n<p>S\u00e5, nu n\u00e4r du vet att du kan spela Oz Powerball var som helst, s\u00e5 h\u00e4r \u00e4r hur du g\u00f6r det.<\/p>\n<ul>\n<li>Det f\u00f6rsta steget \u00e4r att bes\u00f6ka en lotterif\u00f6rs\u00e4ljare som jackpotlotteryonline.com och g\u00e5 till sidan f\u00f6r Australian Powerball.<\/li>\n<li>D\u00e4refter v\u00e4ljer du dina nummer (du kan anv\u00e4nda den automatiska nummergeneratorn f\u00f6r att slumpm\u00e4ssigt v\u00e4lja nummer).<\/li>\n<li><a href=\"https:\/\/jackpotlotteryonline.com\/tr\/kazanan-sayilar\/powerball-australia\">G\u00e5 in i dragningen<\/a> och slutf\u00f6r processen.<\/li>\n<li>Vinnande av jackpotten<\/li>\n<\/ul>\n<p>Dragningen \u00e4ger rum en g\u00e5ng i veckan p\u00e5 torsdagar. S\u00e5 n\u00e4r du har deltagit i dragningen \u00e4r n\u00e4sta steg att v\u00e4nta p\u00e5 resultatet. Alla lotter som matchar de 8 dragna numren vinner jackpotten.<\/p>\n<p>Det finns andra priser f\u00f6r att matcha olika nummer, inklusive ett pris f\u00f6r att matcha bara 2 nummer och bonusnumret.<\/p>\n<h2>Priser som du kan vinna<\/h2>\n<p><img loading=\"lazy\" decoding=\"async\" class=\"alignright size-medium wp-image-19277\" src=\"https:\/\/jackpotlotteryonline.com\/wp-content\/uploads\/2022\/10\/2_ticket_powerball_au2-163x300.jpg\" alt=\"Skanning av lotteri biljetter\" width=\"163\" height=\"300\" srcset=\"https:\/\/jackpotlotteryonline.com\/wp-content\/uploads\/2022\/10\/2_ticket_powerball_au2-163x300.jpg 163w, https:\/\/jackpotlotteryonline.com\/wp-content\/uploads\/2022\/10\/2_ticket_powerball_au2.jpg 250w\" sizes=\"auto, (max-width: 163px) 100vw, 163px\" \/><\/p>\n<p>N\u00e4r du spelar p\u00e5 lotteriet finns det totalt 9 vinstdelningar.<\/p>\n<p>Division 1: 7 nummer + bonusnummer &#8211; jackpot (i genomsnitt 8 miljoner AU-dollar)<\/p>\n<p>Division 2: endast 7 nummer<\/p>\n<p>Division 3: 6 nummer + bonusnummer<\/p>\n<p>Huvudgrupp 4: endast 6 nummer<\/p>\n<p>Huvudgrupp 5: 5 nummer + bonusnummer<\/p>\n<p>Huvudgrupp 6: endast 5 nummer<\/p>\n<p>Huvudgrupp 7: 4 nummer + bonusnummer<\/p>\n<p>Huvudgrupp 8: 3 nummer + bonusnummer<\/p>\n<p>Huvudgrupp 9: 2 nummer + bonusnummer<\/p>\n<p>De priser som tilldelas varje division utg\u00f6r en procentandel av prispotten. Ju h\u00f6gre prispotten \u00e4r, desto mer pengar g\u00e5r till varje division. Priserna i division 2 har varit s\u00e5 h\u00f6ga som 800 000 AU$.<\/p>\n<h2>K\u00f6p dina lotter p\u00e5 n\u00e4tet<\/h2>\n<p>Om du \u00e4r ett lotteri-fan kan du nu spela lotteri online via v\u00e5r webbplats. Vi g\u00f6r processen enkel f\u00f6r v\u00e5ra kunder genom att tillhandah\u00e5lla allt du beh\u00f6ver p\u00e5 ett och samma st\u00e4lle. S\u00e5 du kan k\u00f6pa dina lotter, kolla resultaten och om du vinner kan du ta ut dina vinster direkt fr\u00e5n v\u00e5r webbplats.<\/p>\n<p>Vi har flera alternativ som du kan anv\u00e4nda f\u00f6r att <a href=\"https:\/\/jackpotlotteryonline.com\/tr\/bilet-satin-al\/powerball-australia\">betala f\u00f6r dina lotter<\/a>. Du kan ocks\u00e5 st\u00e4lla in ditt konto s\u00e5 att du automatiskt blir anm\u00e4ld till flera dragningar i f\u00f6rv\u00e4g. V\u00e5ra kunder njuter av lyxen att inte beh\u00f6va kontrollera dragningsresultaten eftersom vi meddelar dig om du vinner n\u00e5got.<\/p>\n<p>Slutligen, n\u00e4r du k\u00f6per en lott hos oss kan du vara s\u00e4ker p\u00e5 att du spelar det lotteri du vill. Det beror p\u00e5 att vi har agenter i olika l\u00e4nder som k\u00f6per den fysiska lotten med dina motsvarande nummer. P\u00e5 s\u00e5 s\u00e4tt beh\u00f6ver du inte fysiskt befinna dig i ett land f\u00f6r att spela p\u00e5 lotteriet. G\u00e5 vidare och spela Powerball Australia nu.<\/p>\n","protected":false},"excerpt":{"rendered":"<p>Det finns en anledning till att lotterientusiaster \u00f6ver hela v\u00e4rlden rusar f\u00f6r att spela Australian Powerball. 2022 har varit \u00e5ret f\u00f6r megajackpottar och vi har sett flera spelare vinna miljontals dollar fr\u00e5n internationella lotterier. I allt detta har Powerball AU inte varit n\u00e5got undantag, eftersom den st\u00f6rsta jackpotten n\u00e5gonsin p\u00e5 160 miljoner dollar var i [&hellip;]<\/p>\n","protected":false},"author":1,"featured_media":0,"parent":35725,"menu_order":17,"comment_status":"closed","ping_status":"closed","template":"powerball-au.php","meta":{"_et_pb_use_builder":"","_et_pb_old_content":"","_et_gb_content_width":"","exclude_from_search":false,"footnotes":""},"class_list":["post-39567","page","type-page","status-publish","hentry"],"yoast_head":"<!-- This site is optimized with the Yoast SEO plugin v23.3 - https:\/\/yoast.com\/wordpress\/plugins\/seo\/ -->\n<title>Spela Powerball Australien fr\u00e5n ett annat land \u00e4n Australien<\/title>\n<meta name=\"description\" content=\"Du beh\u00f6ver inte bo i Australien f\u00f6r att spela Powerball Australia. Ta reda p\u00e5 hur du kan spela online.\" \/>\n<meta name=\"robots\" content=\"index, follow, max-snippet:-1, max-image-preview:large, max-video-preview:-1\" \/>\n<link rel=\"canonical\" href=\"https:\/\/jackpotlotteryonline.com\/sv\/hur-man-spelar\/powerball-australia\/\" \/>\n<meta property=\"og:locale\" content=\"sv_SE\" \/>\n<meta property=\"og:type\" content=\"article\" \/>\n<meta property=\"og:title\" content=\"Spela Powerball Australien fr\u00e5n ett annat land \u00e4n Australien\" \/>\n<meta property=\"og:description\" content=\"Du beh\u00f6ver inte bo i Australien f\u00f6r att spela Powerball Australia. Ta reda p\u00e5 hur du kan spela online.\" \/>\n<meta property=\"og:url\" content=\"https:\/\/jackpotlotteryonline.com\/sv\/hur-man-spelar\/powerball-australia\/\" \/>\n<meta property=\"og:site_name\" content=\"Lotto Online - Crack The International Lottery Jackpots\" \/>\n<meta property=\"article:modified_time\" content=\"2023-01-03T18:11:31+00:00\" \/>\n<meta property=\"og:image\" content=\"https:\/\/jackpotlotteryonline.com\/wp-content\/uploads\/2022\/11\/1_buy_online_ticket_powerball.jpg\" \/>\n<meta name=\"twitter:card\" content=\"summary_large_image\" \/>\n<meta name=\"twitter:label1\" content=\"Ber\u00e4knad l\u00e4stid\" \/>\n\t<meta name=\"twitter:data1\" content=\"5 minuter\" \/>\n<!-- \/ Yoast SEO plugin. -->","yoast_head_json":{"title":"Spela Powerball Australien fr\u00e5n ett annat land \u00e4n Australien","description":"Du beh\u00f6ver inte bo i Australien f\u00f6r att spela Powerball Australia. Ta reda p\u00e5 hur du kan spela online.","robots":{"index":"index","follow":"follow","max-snippet":"max-snippet:-1","max-image-preview":"max-image-preview:large","max-video-preview":"max-video-preview:-1"},"canonical":"https:\/\/jackpotlotteryonline.com\/sv\/hur-man-spelar\/powerball-australia\/","og_locale":"sv_SE","og_type":"article","og_title":"Spela Powerball Australien fr\u00e5n ett annat land \u00e4n Australien","og_description":"Du beh\u00f6ver inte bo i Australien f\u00f6r att spela Powerball Australia. Ta reda p\u00e5 hur du kan spela online.","og_url":"https:\/\/jackpotlotteryonline.com\/sv\/hur-man-spelar\/powerball-australia\/","og_site_name":"Lotto Online - Crack The International Lottery Jackpots","article_modified_time":"2023-01-03T18:11:31+00:00","og_image":[{"url":"https:\/\/jackpotlotteryonline.com\/wp-content\/uploads\/2022\/11\/1_buy_online_ticket_powerball.jpg"}],"twitter_card":"summary_large_image","twitter_misc":{"Ber\u00e4knad l\u00e4stid":"5 minuter"},"schema":{"@context":"https:\/\/schema.org","@graph":[{"@type":"WebPage","@id":"https:\/\/jackpotlotteryonline.com\/sv\/hur-man-spelar\/powerball-australia\/","url":"https:\/\/jackpotlotteryonline.com\/sv\/hur-man-spelar\/powerball-australia\/","name":"Spela Powerball Australien fr\u00e5n ett annat land \u00e4n Australien","isPartOf":{"@id":"https:\/\/jackpotlotteryonline.com\/#website"},"primaryImageOfPage":{"@id":"https:\/\/jackpotlotteryonline.com\/sv\/hur-man-spelar\/powerball-australia\/#primaryimage"},"image":{"@id":"https:\/\/jackpotlotteryonline.com\/sv\/hur-man-spelar\/powerball-australia\/#primaryimage"},"thumbnailUrl":"https:\/\/jackpotlotteryonline.com\/wp-content\/uploads\/2022\/11\/1_buy_online_ticket_powerball.jpg","datePublished":"2022-11-28T07:52:30+00:00","dateModified":"2023-01-03T18:11:31+00:00","description":"Du beh\u00f6ver inte bo i Australien f\u00f6r att spela Powerball Australia. Ta reda p\u00e5 hur du kan spela online.","breadcrumb":{"@id":"https:\/\/jackpotlotteryonline.com\/sv\/hur-man-spelar\/powerball-australia\/#breadcrumb"},"inLanguage":"sv-SE","potentialAction":[{"@type":"ReadAction","target":["https:\/\/jackpotlotteryonline.com\/sv\/hur-man-spelar\/powerball-australia\/"]}]},{"@type":"ImageObject","inLanguage":"sv-SE","@id":"https:\/\/jackpotlotteryonline.com\/sv\/hur-man-spelar\/powerball-australia\/#primaryimage","url":"https:\/\/jackpotlotteryonline.com\/wp-content\/uploads\/2022\/11\/1_buy_online_ticket_powerball.jpg","contentUrl":"https:\/\/jackpotlotteryonline.com\/wp-content\/uploads\/2022\/11\/1_buy_online_ticket_powerball.jpg"},{"@type":"BreadcrumbList","@id":"https:\/\/jackpotlotteryonline.com\/sv\/hur-man-spelar\/powerball-australia\/#breadcrumb","itemListElement":[{"@type":"ListItem","position":1,"name":"Home","item":"https:\/\/jackpotlotteryonline.com\/sv\/"},{"@type":"ListItem","position":2,"name":"Hur man spelar","item":"https:\/\/jackpotlotteryonline.com\/play-online\/"},{"@type":"ListItem","position":3,"name":"spela Powerball Australia online"}]},{"@type":"WebSite","@id":"https:\/\/jackpotlotteryonline.com\/#website","url":"https:\/\/jackpotlotteryonline.com\/","name":"Lotto Online - Crack The International Lottery Jackpots","description":"","potentialAction":[{"@type":"SearchAction","target":{"@type":"EntryPoint","urlTemplate":"https:\/\/jackpotlotteryonline.com\/?s={search_term_string}"},"query-input":"required name=search_term_string"}],"inLanguage":"sv-SE"}]}},"_links":{"self":[{"href":"https:\/\/jackpotlotteryonline.com\/sv\/wp-json\/wp\/v2\/pages\/39567","targetHints":{"allow":["GET"]}}],"collection":[{"href":"https:\/\/jackpotlotteryonline.com\/sv\/wp-json\/wp\/v2\/pages"}],"about":[{"href":"https:\/\/jackpotlotteryonline.com\/sv\/wp-json\/wp\/v2\/types\/page"}],"author":[{"embeddable":true,"href":"https:\/\/jackpotlotteryonline.com\/sv\/wp-json\/wp\/v2\/users\/1"}],"replies":[{"embeddable":true,"href":"https:\/\/jackpotlotteryonline.com\/sv\/wp-json\/wp\/v2\/comments?post=39567"}],"version-history":[{"count":0,"href":"https:\/\/jackpotlotteryonline.com\/sv\/wp-json\/wp\/v2\/pages\/39567\/revisions"}],"up":[{"embeddable":true,"href":"https:\/\/jackpotlotteryonline.com\/sv\/wp-json\/wp\/v2\/pages\/35725"}],"wp:attachment":[{"href":"https:\/\/jackpotlotteryonline.com\/sv\/wp-json\/wp\/v2\/media?parent=39567"}],"curies":[{"name":"wp","href":"https:\/\/api.w.org\/{rel}","templated":true}]}}