{"id":39622,"date":"2022-11-28T10:02:58","date_gmt":"2022-11-28T10:02:58","guid":{"rendered":"https:\/\/jackpotlotteryonline.com\/?page_id=39622"},"modified":"2023-01-03T18:59:42","modified_gmt":"2023-01-03T18:59:42","slug":"saturday-lotto","status":"publish","type":"page","link":"https:\/\/jackpotlotteryonline.com\/sv\/hur-man-spelar\/saturday-lotto\/","title":{"rendered":"spela l\u00f6rdagslotto p\u00e5 n\u00e4tet"},"content":{"rendered":"<p>Saturday Lotto \u00e4r ett av Australiens popul\u00e4ra lotterier och spelare \u00f6ver hela landet ser fram emot det. En av anledningarna \u00e4r att det har en historia av att ge upphov till m\u00e5nga miljon\u00e4rer. Jackpotten kan bli s\u00e5 h\u00f6g som 10 miljoner AU$, vilket \u00e4r en otrolig vinst n\u00e4r man t\u00e4nker p\u00e5 det. Tidigare beh\u00f6vde man vara bosatt i Australien f\u00f6r att kunna spela detta lotteri av den enkla anledningen att lotterna endast fanns tillg\u00e4ngliga i landet. I och med internet har allt detta f\u00f6r\u00e4ndrats eftersom spelare \u00f6ver hela v\u00e4rlden nu kan spela lotteriet var som helst.<\/p>\n<p>S\u00e5 om du vill spela l\u00f6rdagslotto \u00e4r allt du beh\u00f6ver g\u00f6ra att bes\u00f6ka jackpotlotteryonline.com f\u00f6r att <a href=\"https:\/\/jackpotlotteryonline.com\/sv\/kopa-biljetter\/saturday-lotto\">k\u00f6pa din lott<\/a>. Intressant nog kan du ocks\u00e5 k\u00f6pa biljetter till alla de fr\u00e4msta internationella lotterierna d\u00e4r.<\/p>\n<h2>Ursprunget till l\u00f6rdagslotteriet<\/h2>\n<p><img loading=\"lazy\" decoding=\"async\" class=\"alignright size-medium wp-image-28103\" src=\"https:\/\/jackpotlotteryonline.com\/wp-content\/uploads\/2022\/11\/1_lotto_jackpot_online-257x300.jpg\" alt=\"L\u00f6rdagslotto jackpot\" width=\"257\" height=\"300\" srcset=\"https:\/\/jackpotlotteryonline.com\/wp-content\/uploads\/2022\/11\/1_lotto_jackpot_online-257x300.jpg 257w, https:\/\/jackpotlotteryonline.com\/wp-content\/uploads\/2022\/11\/1_lotto_jackpot_online.jpg 321w\" sizes=\"auto, (max-width: 257px) 100vw, 257px\" \/><\/p>\n<p>Den f\u00f6rsta dragningen \u00e4gde rum den 24 juni 1972 och var det f\u00f6rsta lotto av sitt slag i Australien. Det \u00e4r ocks\u00e5 det l\u00e4ngsta lotto som har funnits i Australien. Det \u00e4r k\u00e4nt under olika namn f\u00f6r spelare i olika delar av Australien: Tattslotto, Gold lotto, X lotto eller helt enkelt lotto.<\/p>\n<p>Det minsta garanterade jackpottbeloppet n\u00e4r du spelar \u00e4r 5 miljoner AU$ och det rullar \u00f6ver till n\u00e4sta vecka om det inte finns n\u00e5gon vinnare. Det otroliga med detta lotto \u00e4r att spelarna har en riktigt bra sannolikhet att vinna jackpotten. Oddsen \u00e4r s\u00e5 l\u00e5ga att jackpotpriset s\u00e4llan rullar \u00f6ver eftersom det oftast alltid finns en vinnare.<\/p>\n<p>L\u00f6rdagslotteriet h\u00e5ller ocks\u00e5 en megadragning en g\u00e5ng om \u00e5ret som \u00e4ger rum efter jul. Jackpotten f\u00f6r megadragningarna \u00e4r ganska stor och har h\u00f6jts till 30 miljoner AU$. Megadragningen ger vanligtvis flera vinnare.<\/p>\n<h2>Hur man spelar l\u00f6rdagslotto online<\/h2>\n<p>F\u00f6r att spela Saturday Lotto g\u00e5r du helt enkelt in p\u00e5 jackpotlotteryonline.com och g\u00e5r till sidan Lotto. V\u00e4lj sex nummer mellan 1 och 45. Du kan alltid v\u00e4lja dina nummer manuellt eller anv\u00e4nda v\u00e5rt automatiska system f\u00f6r att generera slumpm\u00e4ssiga nummer.<\/p>\n<p><a href=\"https:\/\/jackpotlotteryonline.com\/sv\/vinnande-nummer\/saturday-lotto\">D\u00e4refter anger du dragningarna<\/a>. Egentligen finns det bara en dragning i veckan och det \u00e4r p\u00e5 l\u00f6rdag. D\u00e4rav namnet: Saturday Lotto. Men du kan v\u00e4lja att delta i upp till 10 p\u00e5 varandra f\u00f6ljande dragningar. Om du v\u00e4ljer detta alternativ kommer du automatiskt att delta i varje dragning under de kommande 10 veckorna.<\/p>\n<p>N\u00e4r du har gjort allt detta \u00e4r n\u00e4sta steg att behandla din betalning. Vi kommer att be dig att registrera dig hos oss s\u00e5 att vi kan h\u00e5lla din lott s\u00e4ker n\u00e4r du spelar. Vi kommer ocks\u00e5 att informera dig om du vinner n\u00e5got och d\u00e5 kan du ta ut dina vinster fr\u00e5n v\u00e5r plattform.<\/p>\n<section class=\"layout\" style=\"border: solid 1px; width: 100%;\">\n<div class=\"img-div\" style=\"margin-top: 5px;\"><img decoding=\"async\" class=\"wp-image-17212 alignleft\" style=\"height: 45px; margin: 8px 8px 0px;\" src=\"https:\/\/jackpotlotteryonline.com\/wp-content\/uploads\/2022\/11\/read1.jpg\" alt=\"L\u00e4s\" width=\"\" height=\"\" \/><\/div>\n<div style=\"padding-left: 5px;\">\n<div style=\"font-size: 1.1em;\">\n<p><strong>N\u00e5gra knep och tips f\u00f6r att v\u00e4lja dina nummer<\/strong><\/p>\n<p style=\"font-size: 0.85em; margin-top: -1.5em;\">\u00d6ka dina vinstchanser &#8211; anv\u00e4nd en viss strategi f\u00f6r att v\u00e4lja dina nummer<a href=\"https:\/\/jackpotlotteryonline.com\/sv\/nagra-knep-och-tips-for-att-valja-dina-nummer\">\u00a0L\u00e4s mer<\/a><\/p>\n<\/div>\n<\/div>\n<\/section>\n<h2>F\u00f6rdelar<\/h2>\n<p>Det kan vara sv\u00e5rt f\u00f6r dem som \u00e4r vana vid att k\u00f6pa fysiska lotter och fanfaren som kommer n\u00e4r man vinner att se f\u00f6rdelarna med att spela p\u00e5 internet. Men vi kommer att dela med oss av n\u00e5gra h\u00e4r.<\/p>\n<p>Det \u00e4r bekv\u00e4mt att spela Saturday Lotto p\u00e5 n\u00e4tet. Du beh\u00f6ver inte l\u00e4mna platsen d\u00e4r du befinner dig f\u00f6r att g\u00e5 n\u00e5gonstans eftersom du enkelt kan spela p\u00e5 din dator eller mobila enhet. Det inneb\u00e4r ocks\u00e5 att du nu har tillg\u00e5ng till ett st\u00f6rre utbud av lotterier fr\u00e5n hela v\u00e4rlden.<\/p>\n<p>Att k\u00f6pa lotter \u00e4r inte den enda f\u00f6rdelen n\u00e4r du spelar p\u00e5 lotteri. Den kanske fr\u00e4msta f\u00f6rdelen \u00e4r att du enkelt kan ta ut dina vinster. Det \u00e4r okomplicerat och du beh\u00f6ver ofta inte g\u00e5 igenom n\u00e5got komplicerat f\u00f6rfarande f\u00f6r att f\u00e5 ut dina vinster.<\/p>\n<h2>Att vinna l\u00f6rdagslotto<\/h2>\n<p>F\u00f6r att vinna lotto m\u00e5ste du matcha alla sex dragna nummer. Varje lott som matchar alla sex dragna nummer vinner jackpotten. Det finns andra priser som du kan vinna och vi kommer att n\u00e4mna dem senare. Men notera att du kan vinna ett pris genom att matcha tre dragna nummer.<\/p>\n<p>Om du vinner lotteriet kan du ta ut din vinst fr\u00e5n v\u00e5r plattform direkt till ditt konto.<\/p>\n<p>Observera att om din vinst \u00e4r h\u00f6gre \u00e4n #2500 m\u00e5ste du beg\u00e4ra vinsten direkt fr\u00e5n lotterif\u00f6retaget. Men oroa dig inte, vi hj\u00e4lper dig med det genom att ge dig ett kravformul\u00e4r att fylla i.<\/p>\n<h2>Till\u00e4ggsnummer<\/h2>\n<p><img loading=\"lazy\" decoding=\"async\" class=\"alignright size-medium wp-image-29183\" src=\"https:\/\/jackpotlotteryonline.com\/wp-content\/uploads\/2022\/11\/1_play_lotto-online-300x199.jpg\" alt=\"spela l\u00f6rdagslotto online\" width=\"300\" height=\"199\" srcset=\"https:\/\/jackpotlotteryonline.com\/wp-content\/uploads\/2022\/11\/1_play_lotto-online-300x199.jpg 300w, https:\/\/jackpotlotteryonline.com\/wp-content\/uploads\/2022\/11\/1_play_lotto-online.jpg 350w\" sizes=\"auto, (max-width: 300px) 100vw, 300px\" \/><\/p>\n<p>Om du kontrollerar vinstindelningarna kanske du m\u00e4rker att vissa avdelningar anv\u00e4nder sig av till\u00e4ggsnummer. Dessa \u00e4r inte nummer som du v\u00e4ljer och som inte har n\u00e5got att g\u00f6ra med att vinna jackpotten. De \u00e4r helt enkelt slumpm\u00e4ssigt genererade nummer som v\u00e4ljs ut vid varje dragning och de anv\u00e4nds f\u00f6r att best\u00e4mma divisionerna 2 och 5.<\/p>\n<h2>Priser<\/h2>\n<p>Detta Lotto har sex olika vinstdivisioner och bara genom att matcha 3 huvudnummer kan du vinna ett pris. Ju fler nummer du kan matcha, desto h\u00f6gre blir naturligtvis vinsten. Priset i division 1 \u00e4r jackpotten och du m\u00e5ste matcha alla 6 nummer f\u00f6r att vara ber\u00e4ttigad till det priset.<\/p>\n<p>Ofta fokuserar spelarna p\u00e5 division 1-priset, det vill s\u00e4ga jackpotten, utan att ta h\u00e4nsyn till de andra vinstdivisionerna. Men det \u00e4r m\u00f6jligt f\u00f6r dig att vinna en bra summa fr\u00e5n dessa andra divisioner ocks\u00e5. Nedan delar vi med oss av vinstdivisionerna f\u00f6r l\u00f6rdagslotto och oddsen f\u00f6r att vinna varje division.<\/p>\n<p>Division 1: 6 huvudnummer &#8211; jackpot (1 p\u00e5 8 145 060)<\/p>\n<p>Division 2: 5 huvudnummer + 1 eller 2 till\u00e4ggsnummer (1 p\u00e5 678 755)<\/p>\n<p>Division 3: 5 huvudnummer (1 p\u00e5 36 689).<\/p>\n<p>Huvudgrupp 4: 4 huvudnummer (1 p\u00e5 733)<\/p>\n<p>Huvudgrupp 5: 3 huvudnummer + 1 eller 2 till\u00e4ggsnummer (1 p\u00e5 297).<\/p>\n<p>Huvudgrupp 6: 3 huvudnummer (1 p\u00e5 53)<\/p>\n<h2>Anm\u00e4l dig nu f\u00f6r att spela l\u00f6rdagslotto<\/h2>\n<p>Om du \u00e4r redo att spela lotto kan du k\u00f6pa dina lottor h\u00e4r p\u00e5 v\u00e5r webbplats. N\u00e4r du v\u00e4l deltar i dragningen f\u00e5r du chansen att vinna miljoner.<\/p>\n<p>Medan du \u00e4r h\u00e4r kan du ocks\u00e5 kolla in andra lotterier. Vi har en bred samling av de b\u00e4sta internationella lotterierna och vi ger v\u00e5ra kunder tillg\u00e5ng till dessa lotterier. Du kan k\u00f6pa dina lotter till lotterier fr\u00e5n USA, Europa och Australien, oavsett var du bor.<\/p>\n<p>Som nummer ett p\u00e5 lotteriernas conciergesida har vi effektiviserat processen f\u00f6r att ge v\u00e5ra kunder en otrolig upplevelse. Registrera dig hos oss idag f\u00f6r att b\u00f6rja spela p\u00e5 lotto.<\/p>\n","protected":false},"excerpt":{"rendered":"<p>Saturday Lotto \u00e4r ett av Australiens popul\u00e4ra lotterier och spelare \u00f6ver hela landet ser fram emot det. En av anledningarna \u00e4r att det har en historia av att ge upphov till m\u00e5nga miljon\u00e4rer. Jackpotten kan bli s\u00e5 h\u00f6g som 10 miljoner AU$, vilket \u00e4r en otrolig vinst n\u00e4r man t\u00e4nker p\u00e5 det. Tidigare beh\u00f6vde man [&hellip;]<\/p>\n","protected":false},"author":1,"featured_media":0,"parent":35725,"menu_order":18,"comment_status":"closed","ping_status":"closed","template":"saturday-lotto.php","meta":{"_et_pb_use_builder":"","_et_pb_old_content":"","_et_gb_content_width":"","exclude_from_search":false,"footnotes":""},"class_list":["post-39622","page","type-page","status-publish","hentry"],"yoast_head":"<!-- This site is optimized with the Yoast SEO plugin v23.3 - https:\/\/yoast.com\/wordpress\/plugins\/seo\/ -->\n<title>Spela l\u00f6rdagslotto online<\/title>\n<meta name=\"description\" content=\"Njut av chansen att vinna stort med Saturday Lotto genom att spela online var du \u00e4n befinner dig. Ta reda p\u00e5 hur.\" \/>\n<meta name=\"robots\" content=\"index, follow, max-snippet:-1, max-image-preview:large, max-video-preview:-1\" \/>\n<link rel=\"canonical\" href=\"https:\/\/jackpotlotteryonline.com\/sv\/hur-man-spelar\/saturday-lotto\/\" \/>\n<meta property=\"og:locale\" content=\"sv_SE\" \/>\n<meta property=\"og:type\" content=\"article\" \/>\n<meta property=\"og:title\" content=\"Spela l\u00f6rdagslotto online\" \/>\n<meta property=\"og:description\" content=\"Njut av chansen att vinna stort med Saturday Lotto genom att spela online var du \u00e4n befinner dig. Ta reda p\u00e5 hur.\" \/>\n<meta property=\"og:url\" content=\"https:\/\/jackpotlotteryonline.com\/sv\/hur-man-spelar\/saturday-lotto\/\" \/>\n<meta property=\"og:site_name\" content=\"Lotto Online - Crack The International Lottery Jackpots\" \/>\n<meta property=\"article:modified_time\" content=\"2023-01-03T18:59:42+00:00\" \/>\n<meta property=\"og:image\" content=\"https:\/\/jackpotlotteryonline.com\/wp-content\/uploads\/2022\/11\/1_lotto_jackpot_online-257x300.jpg\" \/>\n<meta name=\"twitter:card\" content=\"summary_large_image\" \/>\n<meta name=\"twitter:label1\" content=\"Ber\u00e4knad l\u00e4stid\" \/>\n\t<meta name=\"twitter:data1\" content=\"6 minuter\" \/>\n<!-- \/ Yoast SEO plugin. -->","yoast_head_json":{"title":"Spela l\u00f6rdagslotto online","description":"Njut av chansen att vinna stort med Saturday Lotto genom att spela online var du \u00e4n befinner dig. Ta reda p\u00e5 hur.","robots":{"index":"index","follow":"follow","max-snippet":"max-snippet:-1","max-image-preview":"max-image-preview:large","max-video-preview":"max-video-preview:-1"},"canonical":"https:\/\/jackpotlotteryonline.com\/sv\/hur-man-spelar\/saturday-lotto\/","og_locale":"sv_SE","og_type":"article","og_title":"Spela l\u00f6rdagslotto online","og_description":"Njut av chansen att vinna stort med Saturday Lotto genom att spela online var du \u00e4n befinner dig. Ta reda p\u00e5 hur.","og_url":"https:\/\/jackpotlotteryonline.com\/sv\/hur-man-spelar\/saturday-lotto\/","og_site_name":"Lotto Online - Crack The International Lottery Jackpots","article_modified_time":"2023-01-03T18:59:42+00:00","og_image":[{"url":"https:\/\/jackpotlotteryonline.com\/wp-content\/uploads\/2022\/11\/1_lotto_jackpot_online-257x300.jpg"}],"twitter_card":"summary_large_image","twitter_misc":{"Ber\u00e4knad l\u00e4stid":"6 minuter"},"schema":{"@context":"https:\/\/schema.org","@graph":[{"@type":"WebPage","@id":"https:\/\/jackpotlotteryonline.com\/sv\/hur-man-spelar\/saturday-lotto\/","url":"https:\/\/jackpotlotteryonline.com\/sv\/hur-man-spelar\/saturday-lotto\/","name":"Spela l\u00f6rdagslotto online","isPartOf":{"@id":"https:\/\/jackpotlotteryonline.com\/#website"},"primaryImageOfPage":{"@id":"https:\/\/jackpotlotteryonline.com\/sv\/hur-man-spelar\/saturday-lotto\/#primaryimage"},"image":{"@id":"https:\/\/jackpotlotteryonline.com\/sv\/hur-man-spelar\/saturday-lotto\/#primaryimage"},"thumbnailUrl":"https:\/\/jackpotlotteryonline.com\/wp-content\/uploads\/2022\/11\/1_lotto_jackpot_online-257x300.jpg","datePublished":"2022-11-28T10:02:58+00:00","dateModified":"2023-01-03T18:59:42+00:00","description":"Njut av chansen att vinna stort med Saturday Lotto genom att spela online var du \u00e4n befinner dig. Ta reda p\u00e5 hur.","breadcrumb":{"@id":"https:\/\/jackpotlotteryonline.com\/sv\/hur-man-spelar\/saturday-lotto\/#breadcrumb"},"inLanguage":"sv-SE","potentialAction":[{"@type":"ReadAction","target":["https:\/\/jackpotlotteryonline.com\/sv\/hur-man-spelar\/saturday-lotto\/"]}]},{"@type":"ImageObject","inLanguage":"sv-SE","@id":"https:\/\/jackpotlotteryonline.com\/sv\/hur-man-spelar\/saturday-lotto\/#primaryimage","url":"https:\/\/jackpotlotteryonline.com\/wp-content\/uploads\/2022\/11\/1_lotto_jackpot_online-257x300.jpg","contentUrl":"https:\/\/jackpotlotteryonline.com\/wp-content\/uploads\/2022\/11\/1_lotto_jackpot_online-257x300.jpg"},{"@type":"BreadcrumbList","@id":"https:\/\/jackpotlotteryonline.com\/sv\/hur-man-spelar\/saturday-lotto\/#breadcrumb","itemListElement":[{"@type":"ListItem","position":1,"name":"Home","item":"https:\/\/jackpotlotteryonline.com\/sv\/"},{"@type":"ListItem","position":2,"name":"Hur man spelar","item":"https:\/\/jackpotlotteryonline.com\/play-online\/"},{"@type":"ListItem","position":3,"name":"spela l\u00f6rdagslotto p\u00e5 n\u00e4tet"}]},{"@type":"WebSite","@id":"https:\/\/jackpotlotteryonline.com\/#website","url":"https:\/\/jackpotlotteryonline.com\/","name":"Lotto Online - Crack The International Lottery Jackpots","description":"","potentialAction":[{"@type":"SearchAction","target":{"@type":"EntryPoint","urlTemplate":"https:\/\/jackpotlotteryonline.com\/?s={search_term_string}"},"query-input":"required name=search_term_string"}],"inLanguage":"sv-SE"}]}},"_links":{"self":[{"href":"https:\/\/jackpotlotteryonline.com\/sv\/wp-json\/wp\/v2\/pages\/39622","targetHints":{"allow":["GET"]}}],"collection":[{"href":"https:\/\/jackpotlotteryonline.com\/sv\/wp-json\/wp\/v2\/pages"}],"about":[{"href":"https:\/\/jackpotlotteryonline.com\/sv\/wp-json\/wp\/v2\/types\/page"}],"author":[{"embeddable":true,"href":"https:\/\/jackpotlotteryonline.com\/sv\/wp-json\/wp\/v2\/users\/1"}],"replies":[{"embeddable":true,"href":"https:\/\/jackpotlotteryonline.com\/sv\/wp-json\/wp\/v2\/comments?post=39622"}],"version-history":[{"count":0,"href":"https:\/\/jackpotlotteryonline.com\/sv\/wp-json\/wp\/v2\/pages\/39622\/revisions"}],"up":[{"embeddable":true,"href":"https:\/\/jackpotlotteryonline.com\/sv\/wp-json\/wp\/v2\/pages\/35725"}],"wp:attachment":[{"href":"https:\/\/jackpotlotteryonline.com\/sv\/wp-json\/wp\/v2\/media?parent=39622"}],"curies":[{"name":"wp","href":"https:\/\/api.w.org\/{rel}","templated":true}]}}