{"id":39674,"date":"2022-11-28T12:56:02","date_gmt":"2022-11-28T12:56:02","guid":{"rendered":"https:\/\/jackpotlotteryonline.com\/?page_id=39674"},"modified":"2022-12-31T13:29:42","modified_gmt":"2022-12-31T13:29:42","slug":"saturday-lotto-2","status":"publish","type":"page","link":"https:\/\/jackpotlotteryonline.com\/sv\/hur-man-spelar\/saturday-lotto-2\/","title":{"rendered":"spela Set For Life p\u00e5 n\u00e4tet"},"content":{"rendered":"<p>M\u00e5nga fler spelare \u00f6ver hela v\u00e4rlden b\u00f6rjar inse hur vackert det \u00e4r att vara inst\u00e4lld f\u00f6r resten av livet. Och det \u00e4r vad det brittiska lotteriet Set for Life erbjuder spelarna: chansen att vinna 10 000 pund varje m\u00e5nad i 30 \u00e5r. Det kallas ett annuitetslotteri eftersom vinnaren inte f\u00e5r n\u00e5gon klumpsumma. Vid en f\u00f6rsta anblick kanske det inte verkar lika lockande som att vinna miljarder euro. Det finns dock vissa spelare som inte \u00e4r helt bekv\u00e4ma med att hantera s\u00e5 mycket pengar p\u00e5 en g\u00e5ng. Dessutom har vi l\u00e4st om lottovinnare som blev panka efter n\u00e5gra \u00e5r. Med detta brittiska lotteri finns det ingen chans att det ska h\u00e4nda eftersom vinnaren f\u00e5r 10 000 pund utan undantag varje m\u00e5nad.<\/p>\n<p>Om du undrar hur du kan spela denna brittiska annuitet fr\u00e5n ett land utanf\u00f6r Storbritannien har du tur. H\u00e4r kommer vi att dela med oss av hur man spelar lotteriet och tips f\u00f6r att spela fr\u00e5n utanf\u00f6r Storbritannien.<\/p>\n<h2>Kan man spela Set For Life fr\u00e5n ett land utanf\u00f6r Storbritannien?<\/h2>\n<p><img loading=\"lazy\" decoding=\"async\" class=\"alignright size-medium wp-image-27941\" src=\"http:\/\/jackpotlotteryonline.com\/wp-content\/uploads\/2022\/11\/1_lottery_winner_ticket-200x300.jpg\" alt=\"Vinn stort med Set for life\" width=\"200\" height=\"300\" srcset=\"https:\/\/jackpotlotteryonline.com\/wp-content\/uploads\/2022\/11\/1_lottery_winner_ticket-200x300.jpg 200w, https:\/\/jackpotlotteryonline.com\/wp-content\/uploads\/2022\/11\/1_lottery_winner_ticket.jpg 320w\" sizes=\"auto, (max-width: 200px) 100vw, 200px\" \/><\/p>\n<p>Set For Life m\u00e5 vara ett i huvudsak brittiskt lotteri, men \u00f6nskan att vinna stort varje m\u00e5nad \u00e4r en \u00f6nskan som delas av spelare \u00f6verallt. L\u00e5t oss vara \u00e4rliga, vem skulle inte gilla tanken p\u00e5 att vinna 10 000 pund varje m\u00e5nad i 30 \u00e5r? Typiskt sett spelas Set For Life endast i Storbritannien, eftersom det \u00e4r d\u00e4r lotterna s\u00e4ljs. Nu kan spelarna dock k\u00f6pa biljetter var som helst.<\/p>\n<p>Internet har gjort m\u00e5nga saker m\u00f6jliga, s\u00e4rskilt tillg\u00e5ngen till information. Nu kan spelare \u00f6ver hela v\u00e4rlden k\u00f6pa lotter till internationella topplotterier som Set For Life. Om du \u00e4r en spelare utanf\u00f6r Storbritannien kan du allts\u00e5 enkelt <a href=\"https:\/\/jackpotlotteryonline.com\/sv\/kopa-biljetter\/set-for-life\">k\u00f6pa biljetter till det brittiska<\/a> annuitetslotteriet genom att bes\u00f6ka jackpotlotteryonline.com.<\/p>\n<p>Om du gillar tanken p\u00e5 att vara inst\u00e4lld f\u00f6r resten av ditt liv, skynda dig nu och skaffa en lott f\u00f6re n\u00e4sta dragning.<\/p>\n<h2>Hur man spelar<\/h2>\n<p>F\u00f6r att spela det brittiska lotteriet m\u00e5ste spelarna v\u00e4lja 5 nummer fr\u00e5n 1 till 47 och 1 Life Ball-nummer fr\u00e5n 1 till 10. D\u00e4refter<a href=\"https:\/\/jackpotlotteryonline.com\/sv\/vinnande-nummer\/set-for-life\"> v\u00e4ljer du vilka dragningsdagar<\/a> du vill delta och hur m\u00e5nga veckor du vill spela.<\/p>\n<p>N\u00e4r du anv\u00e4nder v\u00e5r webbplats kan du anv\u00e4nda v\u00e5r nummergenerator f\u00f6r att slumpm\u00e4ssigt v\u00e4lja dina nummer. Du kan ocks\u00e5 st\u00e4lla in det s\u00e5 att du automatiskt deltar i varje dragning flera veckor i f\u00f6rv\u00e4g. P\u00e5 s\u00e5 s\u00e4tt beh\u00f6ver du inte oroa dig f\u00f6r att missa en dragning. Dessutom publicerar vi de r\u00e5a resultaten direkt h\u00e4r p\u00e5 v\u00e5r webbplats.<\/p>\n<p>Set For Life-dragningarna \u00e4ger rum varje m\u00e5ndag och torsdag kv\u00e4ll. Om du spelar p\u00e5 lotteri med oss beh\u00f6ver du inte missa en dragning f\u00f6r att du inte k\u00f6pte din lott innan den st\u00e4ngdes.<\/p>\n<h2>Tips f\u00f6r att spela online<\/h2>\n<p>Innan du k\u00f6per din lott p\u00e5 internet \u00e4r det viktigt att k\u00e4nna till n\u00e5gra saker. Det h\u00e4r \u00e4r n\u00e5gra tips som hj\u00e4lper dig att f\u00e5 en roligare spelupplevelse.<\/p>\n<ul>\n<li>Anv\u00e4nd alltid en conciergesajt f\u00f6r att k\u00f6pa dina lotter.<\/li>\n<li>Se till att du kan ta ut dina vinster utan problem fr\u00e5n webbplatsen.<\/li>\n<li>K\u00f6p flera lotter och delta i flera dragningar f\u00f6r att \u00f6ka dina vinstchanser.<\/li>\n<li>Anv\u00e4nd en webbplats som meddelar dig (via e-post) n\u00e4r du har vunnit ett pris.<\/li>\n<\/ul>\n<h2>Priskategorier f\u00f6r Set For Life<\/h2>\n<div id=\"attachment_27779\" style=\"width: 222px\" class=\"wp-caption alignright\"><img loading=\"lazy\" decoding=\"async\" aria-describedby=\"caption-attachment-27779\" class=\"size-full wp-image-27779\" src=\"http:\/\/jackpotlotteryonline.com\/wp-content\/uploads\/2022\/11\/1_lottery_ticket.jpg\" alt=\"hur man spelar Set for life\" width=\"212\" height=\"142\" \/><p id=\"caption-attachment-27779\" class=\"wp-caption-text\">Fyller i lotterilott med penna p\u00e5 tr\u00e4bord, n\u00e4rbild. Utrymme f\u00f6r text<\/p><\/div>\n<p>Huvudpriset i detta brittiska lotteri \u00e4r fantastiska 10 000 pund varje m\u00e5nad under de kommande 30 \u00e5ren. Det \u00e4r som att f\u00e5 10 000 dollar i m\u00e5naden f\u00f6r att ha en 30-\u00e5rig semester. Den vinsten \u00e4r n\u00e5got som f\u00e5r m\u00e5nga spelare att bli exalterade. Men \u00e4nnu mer sp\u00e4nnande \u00e4r det faktum att detta lotteri har n\u00e5gra andra sp\u00e4nnande vinstniv\u00e5er ocks\u00e5. H\u00e4r \u00e4r priskategorierna.<\/p>\n<p>Kategori 1: Matcha 5 nummer + Life Ball &#8211; 10 000 pund varje m\u00e5nad i 30 \u00e5r.<\/p>\n<p>Kategori 2: Matcha endast 5 nummer &#8211; 10 000 pund varje m\u00e5nad i 1 \u00e5r.<\/p>\n<p>Kategori 3: Matcha 4 nummer + LIfe Ball &#8211; 250 pund.<\/p>\n<p>Kategori 4: Endast 4 nummer &#8211; 50 pund<\/p>\n<p>Kategori 5: 3 nummer + Life Ball &#8211; 30 pund<\/p>\n<p>Kategori 6: Endast 3 nummer &#8211; 20 pund<\/p>\n<p>Kategori 7: Matcha 2 nummer + Life Ball &#8211; 10 pund<\/p>\n<p>Kategori 8: Matcha endast 2 nummer &#8211; 5 pund<\/p>\n<section class=\"layout\" style=\"border: solid 1px; width: 100%;\">\n<div class=\"img-div\" style=\"margin-top: 5px;\"><img decoding=\"async\" class=\"wp-image-17212 alignleft\" style=\"height: 45px; margin: 8px 8px 0px;\" src=\"http:\/\/jackpotlotteryonline.com\/wp-content\/uploads\/2022\/11\/read1.jpg\" alt=\"L\u00e4s \" width=\"\" height=\"\" \/><\/div>\n<div style=\"padding-left: 5px;\">\n<div style=\"font-size: 1.1em;\">\n<p><strong>N\u00e5gra lottovinnare gav tillbaka till samh\u00e4llet<\/strong><\/p>\n<p style=\"font-size: 0.85em; margin-top: -1.5em;\">N\u00e5gra intressanta och hj\u00e4rtev\u00e4rmande ber\u00e4ttelser om lotterivinnare som ger tillbaka\u00a0<a href=\"https:\/\/jackpotlotteryonline.com\/sv\/berattelser-om-lotterivinnare-som-ger-tillbaka\">L\u00e4s mer<\/a><\/p>\n<\/div>\n<\/div>\n<\/section>\n<h2>Spela det brittiska annuitetslotteriet h\u00e4r i dag<\/h2>\n<p>Vi \u00e4r en concierge-lotterisajt som g\u00f6r det m\u00f6jligt f\u00f6r spelare runt om i v\u00e4rlden att f\u00e5 tillg\u00e5ng till internationella topplotterier. N\u00e4r du k\u00f6per dina lotter fr\u00e5n oss f\u00e5r du njuta av n\u00f6jet att spela p\u00e5 lotteri utan n\u00e5gra problem.<\/p>\n<p>Om du vinner n\u00e5got pris kan du enkelt ta ut dina vinster direkt h\u00e4r p\u00e5 v\u00e5r webbplats. S\u00e5 enkelt g\u00f6r vi det. Och om din vinst \u00e4r mer \u00e4n ett visst belopp hj\u00e4lper vi dig med en skadeanm\u00e4lningsblankett s\u00e5 att du kan h\u00e4mta ut din vinst.<\/p>\n<p>Allt vi g\u00f6r \u00e4r inriktat p\u00e5 att ge v\u00e5ra kunder en smidig lotteriupplevelse. S\u00e5 g\u00e5 vidare och delta i det brittiska lotteriet Set for Life idag.<\/p>\n","protected":false},"excerpt":{"rendered":"<p>M\u00e5nga fler spelare \u00f6ver hela v\u00e4rlden b\u00f6rjar inse hur vackert det \u00e4r att vara inst\u00e4lld f\u00f6r resten av livet. Och det \u00e4r vad det brittiska lotteriet Set for Life erbjuder spelarna: chansen att vinna 10 000 pund varje m\u00e5nad i 30 \u00e5r. Det kallas ett annuitetslotteri eftersom vinnaren inte f\u00e5r n\u00e5gon klumpsumma. Vid en f\u00f6rsta [&hellip;]<\/p>\n","protected":false},"author":1,"featured_media":0,"parent":35725,"menu_order":11,"comment_status":"closed","ping_status":"closed","template":"set-for-life.php","meta":{"_et_pb_use_builder":"","_et_pb_old_content":"","_et_gb_content_width":"","exclude_from_search":false,"footnotes":""},"class_list":["post-39674","page","type-page","status-publish","hentry"],"yoast_head":"<!-- This site is optimized with the Yoast SEO plugin v23.3 - https:\/\/yoast.com\/wordpress\/plugins\/seo\/ -->\n<title>Spela Set for Life fr\u00e5n ett annat land \u00e4n Storbritannien<\/title>\n<meta name=\"description\" content=\"Spela det brittiska livr\u00e4ntelotteriet online och vinn chansen att vara inst\u00e4lld f\u00f6r resten av livet.\" \/>\n<meta name=\"robots\" content=\"index, follow, max-snippet:-1, max-image-preview:large, max-video-preview:-1\" \/>\n<link rel=\"canonical\" href=\"https:\/\/jackpotlotteryonline.com\/sv\/hur-man-spelar\/saturday-lotto-2\/\" \/>\n<meta property=\"og:locale\" content=\"sv_SE\" \/>\n<meta property=\"og:type\" content=\"article\" \/>\n<meta property=\"og:title\" content=\"Spela Set for Life fr\u00e5n ett annat land \u00e4n Storbritannien\" \/>\n<meta property=\"og:description\" content=\"Spela det brittiska livr\u00e4ntelotteriet online och vinn chansen att vara inst\u00e4lld f\u00f6r resten av livet.\" \/>\n<meta property=\"og:url\" content=\"https:\/\/jackpotlotteryonline.com\/sv\/hur-man-spelar\/saturday-lotto-2\/\" \/>\n<meta property=\"og:site_name\" content=\"Lotto Online - Crack The International Lottery Jackpots\" \/>\n<meta property=\"article:modified_time\" content=\"2022-12-31T13:29:42+00:00\" \/>\n<meta property=\"og:image\" content=\"http:\/\/jackpotlotteryonline.com\/wp-content\/uploads\/2022\/11\/1_lottery_winner_ticket-200x300.jpg\" \/>\n<meta name=\"twitter:card\" content=\"summary_large_image\" \/>\n<meta name=\"twitter:label1\" content=\"Ber\u00e4knad l\u00e4stid\" \/>\n\t<meta name=\"twitter:data1\" content=\"5 minuter\" \/>\n<!-- \/ Yoast SEO plugin. -->","yoast_head_json":{"title":"Spela Set for Life fr\u00e5n ett annat land \u00e4n Storbritannien","description":"Spela det brittiska livr\u00e4ntelotteriet online och vinn chansen att vara inst\u00e4lld f\u00f6r resten av livet.","robots":{"index":"index","follow":"follow","max-snippet":"max-snippet:-1","max-image-preview":"max-image-preview:large","max-video-preview":"max-video-preview:-1"},"canonical":"https:\/\/jackpotlotteryonline.com\/sv\/hur-man-spelar\/saturday-lotto-2\/","og_locale":"sv_SE","og_type":"article","og_title":"Spela Set for Life fr\u00e5n ett annat land \u00e4n Storbritannien","og_description":"Spela det brittiska livr\u00e4ntelotteriet online och vinn chansen att vara inst\u00e4lld f\u00f6r resten av livet.","og_url":"https:\/\/jackpotlotteryonline.com\/sv\/hur-man-spelar\/saturday-lotto-2\/","og_site_name":"Lotto Online - Crack The International Lottery Jackpots","article_modified_time":"2022-12-31T13:29:42+00:00","og_image":[{"url":"http:\/\/jackpotlotteryonline.com\/wp-content\/uploads\/2022\/11\/1_lottery_winner_ticket-200x300.jpg"}],"twitter_card":"summary_large_image","twitter_misc":{"Ber\u00e4knad l\u00e4stid":"5 minuter"},"schema":{"@context":"https:\/\/schema.org","@graph":[{"@type":"WebPage","@id":"https:\/\/jackpotlotteryonline.com\/sv\/hur-man-spelar\/saturday-lotto-2\/","url":"https:\/\/jackpotlotteryonline.com\/sv\/hur-man-spelar\/saturday-lotto-2\/","name":"Spela Set for Life fr\u00e5n ett annat land \u00e4n Storbritannien","isPartOf":{"@id":"https:\/\/jackpotlotteryonline.com\/#website"},"primaryImageOfPage":{"@id":"https:\/\/jackpotlotteryonline.com\/sv\/hur-man-spelar\/saturday-lotto-2\/#primaryimage"},"image":{"@id":"https:\/\/jackpotlotteryonline.com\/sv\/hur-man-spelar\/saturday-lotto-2\/#primaryimage"},"thumbnailUrl":"http:\/\/jackpotlotteryonline.com\/wp-content\/uploads\/2022\/11\/1_lottery_winner_ticket-200x300.jpg","datePublished":"2022-11-28T12:56:02+00:00","dateModified":"2022-12-31T13:29:42+00:00","description":"Spela det brittiska livr\u00e4ntelotteriet online och vinn chansen att vara inst\u00e4lld f\u00f6r resten av livet.","breadcrumb":{"@id":"https:\/\/jackpotlotteryonline.com\/sv\/hur-man-spelar\/saturday-lotto-2\/#breadcrumb"},"inLanguage":"sv-SE","potentialAction":[{"@type":"ReadAction","target":["https:\/\/jackpotlotteryonline.com\/sv\/hur-man-spelar\/saturday-lotto-2\/"]}]},{"@type":"ImageObject","inLanguage":"sv-SE","@id":"https:\/\/jackpotlotteryonline.com\/sv\/hur-man-spelar\/saturday-lotto-2\/#primaryimage","url":"http:\/\/jackpotlotteryonline.com\/wp-content\/uploads\/2022\/11\/1_lottery_winner_ticket-200x300.jpg","contentUrl":"http:\/\/jackpotlotteryonline.com\/wp-content\/uploads\/2022\/11\/1_lottery_winner_ticket-200x300.jpg"},{"@type":"BreadcrumbList","@id":"https:\/\/jackpotlotteryonline.com\/sv\/hur-man-spelar\/saturday-lotto-2\/#breadcrumb","itemListElement":[{"@type":"ListItem","position":1,"name":"Home","item":"https:\/\/jackpotlotteryonline.com\/sv\/"},{"@type":"ListItem","position":2,"name":"Hur man spelar","item":"https:\/\/jackpotlotteryonline.com\/play-online\/"},{"@type":"ListItem","position":3,"name":"spela Set For Life p\u00e5 n\u00e4tet"}]},{"@type":"WebSite","@id":"https:\/\/jackpotlotteryonline.com\/#website","url":"https:\/\/jackpotlotteryonline.com\/","name":"Lotto Online - Crack The International Lottery Jackpots","description":"","potentialAction":[{"@type":"SearchAction","target":{"@type":"EntryPoint","urlTemplate":"https:\/\/jackpotlotteryonline.com\/?s={search_term_string}"},"query-input":"required name=search_term_string"}],"inLanguage":"sv-SE"}]}},"_links":{"self":[{"href":"https:\/\/jackpotlotteryonline.com\/sv\/wp-json\/wp\/v2\/pages\/39674","targetHints":{"allow":["GET"]}}],"collection":[{"href":"https:\/\/jackpotlotteryonline.com\/sv\/wp-json\/wp\/v2\/pages"}],"about":[{"href":"https:\/\/jackpotlotteryonline.com\/sv\/wp-json\/wp\/v2\/types\/page"}],"author":[{"embeddable":true,"href":"https:\/\/jackpotlotteryonline.com\/sv\/wp-json\/wp\/v2\/users\/1"}],"replies":[{"embeddable":true,"href":"https:\/\/jackpotlotteryonline.com\/sv\/wp-json\/wp\/v2\/comments?post=39674"}],"version-history":[{"count":0,"href":"https:\/\/jackpotlotteryonline.com\/sv\/wp-json\/wp\/v2\/pages\/39674\/revisions"}],"up":[{"embeddable":true,"href":"https:\/\/jackpotlotteryonline.com\/sv\/wp-json\/wp\/v2\/pages\/35725"}],"wp:attachment":[{"href":"https:\/\/jackpotlotteryonline.com\/sv\/wp-json\/wp\/v2\/media?parent=39674"}],"curies":[{"name":"wp","href":"https:\/\/api.w.org\/{rel}","templated":true}]}}