{"id":39732,"date":"2022-11-29T08:38:45","date_gmt":"2022-11-29T08:38:45","guid":{"rendered":"https:\/\/jackpotlotteryonline.com\/?page_id=39732"},"modified":"2023-01-03T10:29:36","modified_gmt":"2023-01-03T10:29:36","slug":"new-york-lottery-2","status":"publish","type":"page","link":"https:\/\/jackpotlotteryonline.com\/sv\/hur-man-spelar\/new-york-lottery-2\/","title":{"rendered":"Spela New York lotto online"},"content":{"rendered":"<p>Historien om New York-lotto \u00e4r genomsyrad av goda g\u00e4rningar och positivitet i allm\u00e4nhet. Som ett lotteri som skapades som ett s\u00e4tt att hj\u00e4lpa till med utbildningen i delstaten \u00e4r det ett bra alternativ f\u00f6r spelare som gillar lite altruism med sitt n\u00f6je. I grund och botten, om du vill ha ett lotteri som l\u00e5ter dig k\u00e4nna att du bidrar med n\u00e5got gott till v\u00e4rlden, s\u00e5 b\u00f6r du \u00f6verv\u00e4ga New York lotto.<\/p>\n<p>Fr\u00e5gan f\u00f6r de flesta spelare \u00e4r dock hur man kan delta i detta lotteri fr\u00e5n en annan del av v\u00e4rlden. Som du f\u00f6rmodligen har gissat av namnet \u00e4r New York-lotto det statliga lotteriet i delstaten New York i USA. Det \u00e4r allts\u00e5 \u00f6ppet f\u00f6r lottoentusiaster som bor i den delstaten och lotter kan l\u00e4tt f\u00e5s fr\u00e5n f\u00f6rs\u00e4ljare i delstaten. Om du bor utanf\u00f6r delstaten &#8211; eller till och med p\u00e5 en helt annan kontinent &#8211; \u00e4r det en helt annan historia.<\/p>\n<p>Men var aldrig r\u00e4dd, vi ska visa dig det b\u00e4sta s\u00e4ttet att k\u00f6pa lotter fr\u00e5n var som helst i v\u00e4rlden. Om du har br\u00e5ttom att delta i n\u00e4sta dragning, varf\u00f6r inte bes\u00f6ka jackpotlotteryonline.com f\u00f6r att komma ig\u00e5ng?<\/p>\n<h2>Tips f\u00f6r att spela p\u00e5 New York-lotto<\/h2>\n<p>Nu kommer vi till anledningen till att vi \u00e4r h\u00e4r; hur man kan spela New York-lotto fr\u00e5n var som helst. Innan vi g\u00e5r in p\u00e5 detaljerna \u00e4r det nog en bra id\u00e9 att dela med oss av n\u00e5gra tips f\u00f6r att spela p\u00e5 lotto. \u00c4ven om vi talar om ett specifikt lotto h\u00e4r, g\u00e4ller dessa tips \u00e4ven f\u00f6r andra internationella topplotterier, som du f\u00f6r \u00f6vrigt ocks\u00e5 kan delta i h\u00e4r.<\/p>\n<p><strong>Med det sagt, h\u00e4r \u00e4r v\u00e5ra tips f\u00f6r att spela p\u00e5 New York-lotto:<\/strong><\/p>\n<ul>\n<li>V\u00e4lj dina nummer noggrant. Det \u00e4r sant att det inte finns n\u00e5got riktigt s\u00e4tt att f\u00f6ruts\u00e4ga vilka nummer som kommer att vinna p\u00e5 lotto, men det finns n\u00e5got att s\u00e4ga om att v\u00e4lja nummer som betyder n\u00e5got f\u00f6r dig.<\/li>\n<li>H\u00e5ll utkik efter bonusnumret. Detta \u00e4r n\u00e5got som m\u00e5nga spelare inte riktigt f\u00f6rst\u00e5r; det faktum att jackpotten inte \u00e4r allt du kan vinna. Det \u00e4r bonusnumret som avg\u00f6r det andra priset, som ocks\u00e5 \u00e4r en rej\u00e4l summa att g\u00e5 hem med.<\/li>\n<li>Missa inte dragningarna. Om du \u00e4r med f\u00f6r att vinna b\u00f6r du fokusera p\u00e5 att delta i dragningarna. New York-lotto har tv\u00e5 dragningar i veckan, p\u00e5 onsdag och l\u00f6rdag. G\u00f6r ett f\u00f6rs\u00f6k att delta i b\u00e5da dragningarna. Du kan ocks\u00e5 delta i dragningarna flera veckor i f\u00f6rv\u00e4g (vi visar dig hur, senare).<\/li>\n<\/ul>\n<h2>Offline vs. online<\/h2>\n<p><img loading=\"lazy\" decoding=\"async\" class=\"alignright size-full wp-image-31505\" src=\"https:\/\/jackpotlotteryonline.com\/wp-content\/uploads\/2022\/11\/lotto2-300x84-1.png\" alt=\"spela New York lotto online\" width=\"300\" height=\"84\" \/>Vad \u00e4r skillnaden mellan att spela p\u00e5 lotto online och offline och finns det n\u00e5gra f\u00f6rdelar? Ja, vi h\u00f6r dessa fr\u00e5gor ofta och det \u00e4r ber\u00e4ttigade fr\u00e5gor. Om du till exempel bor i NYC \u00e4r det naturligt att fr\u00e5ga sig om det finns n\u00e5gon f\u00f6rdel med att delta i lotteriet online. Tja, vi kan ge dig en: bekv\u00e4mlighet.<\/p>\n<p>Att f\u00f6rs\u00f6ka ta reda p\u00e5 vilken f\u00f6rs\u00e4ljare som s\u00e4ljer vilken lott kan vara stressigt, s\u00e4rskilt n\u00e4r du bara har n\u00e5gra minuter p\u00e5 dig innan biljettf\u00f6rs\u00e4ljningen st\u00e4nger. Dessutom kanske du vill delta i flera lotterier och det blir bara r\u00f6rigt om du m\u00e5ste flytta runt fr\u00e5n en f\u00f6rs\u00e4ljare till en annan.<\/p>\n<p>Att spela p\u00e5 n\u00e4tet ger spelarna en bekv\u00e4mlighet som man inte ens kunnat f\u00f6rest\u00e4lla sig tidigare. Direkt fr\u00e5n din dator eller mobila enhet kan du k\u00f6pa lotter, kontrollera dragningsresultaten och ta ut eventuella vinster. N\u00e4r du v\u00e4l har provat att spela p\u00e5 lotto online finns det ingen \u00e5terv\u00e4ndo, det kan vi garantera.<\/p>\n<h2>Hur man spelar online<\/h2>\n<p>Oavsett om du \u00e4r en erfaren spelare eller en nyb\u00f6rjare \u00e4r det snabbt, enkelt och helt okomplicerat att delta i lotteriet online. Om du spelar p\u00e5 New York-lotto f\u00f6ljer du nedanst\u00e5ende steg:<\/p>\n<ul>\n<li>Klicka p\u00e5 det lotteri du vill spela.<\/li>\n<li>V\u00e4lj 6 nummer fr\u00e5n en rad mellan 1 och 59. Det finns ett 7:e nummer, men detta dras slumpm\u00e4ssigt av lottof\u00f6retaget och ing\u00e5r inte i din lott.<\/li>\n<li>A<a href=\"https:\/\/jackpotlotteryonline.com\/sv\/vinnande-nummer\/new-york-lottery\">nge dragningarna<\/a> som sker p\u00e5 onsdagar och l\u00f6rdagar varje vecka. Du kan delta i bara en dragning eller i b\u00e5da.<\/li>\n<li>Slutf\u00f6r din betalning. De flesta lottosajter kommer att beg\u00e4ra att du registrerar dig f\u00f6r att slutf\u00f6ra din betalning. Detta \u00e4r f\u00f6r att du enkelt ska kunna komma \u00e5t din lott n\u00e4r du har k\u00f6pt den.<\/li>\n<\/ul>\n<p>Det \u00e4r verkligen s\u00e5 enkelt att spela p\u00e5 lotteriet p\u00e5 n\u00e4tet. Med tanke p\u00e5 att det inte finns n\u00e5got annat s\u00e4tt att skaffa lotter till New York-lotto utanf\u00f6r delstaten New York i USA \u00e4r detta ocks\u00e5 en fantastisk metod n\u00e4r du bor i en annan del av v\u00e4rlden.<\/p>\n<section class=\"layout\" style=\"border: solid 1px; width: 100%;\">\n<div class=\"img-div\" style=\"margin-top: 5px;\"><img decoding=\"async\" class=\"wp-image-17212 alignleft\" style=\"height: 45px; margin: 8px 8px 0px;\" src=\"https:\/\/jackpotlotteryonline.com\/wp-content\/uploads\/2022\/11\/read1.jpg\" alt=\"L\u00e4s \" width=\"\" height=\"\" \/><\/div>\n<div style=\"padding-left: 5px;\">\n<div style=\"font-size: 1.1em;\">\n<p><strong>Hur f\u00e5r jag betalt om jag vinner p\u00e5 lotteriet online?<\/strong><\/p>\n<p style=\"font-size: 0.85em; margin-top: -1.5em;\">S\u00e5 h\u00e4r f\u00e5r du dina pengar om du vinner p\u00e5 n\u00e4tet <a href=\"https:\/\/jackpotlotteryonline.com\/sv\/hur-far-jag-betalt-om-jag-vinner-pa-lotteriet-pa-natet\"> L\u00e4s mer<\/a><\/p>\n<\/div>\n<\/div>\n<\/section>\n<h2>Hur man v\u00e4ljer vinnande nummer<\/h2>\n<p>\u00c4mnet att v\u00e4lja vinnande nummer \u00e4r komplicerat, \u00e4ven om det inte borde vara s\u00e5 om man tittar n\u00e4rmare p\u00e5 det. Det \u00e4r \u00f6verkomplicerat av dem som vill ge dig s\u00e5 kallade matematiska formler f\u00f6r att vinna p\u00e5 lotto. Allvarligt talat, lita inte p\u00e5 n\u00e5gon s\u00e5 kallad vetenskaplig metod.<\/p>\n<p>Lotteriet \u00e4r ett slumpspel och New York-lotto \u00e4r inget undantag. Numren genereras slumpm\u00e4ssigt och tur har mycket att g\u00f6ra med vem som vinner p\u00e5 lotto.<\/p>\n<p>Med det i \u00e5tanke \u00e4r det alltid en bra id\u00e9 att kapitalisera turfaktorn lite grann genom att v\u00e4lja dina lyckonummer. S\u00e5ledes kan du v\u00e4lja f\u00f6delsedagar, \u00e5rsdagar, nummer som har varit lyckosamma f\u00f6r dig hela ditt liv osv. Eller s\u00e5 kan du helt enkelt anv\u00e4nda autogeneratorverktyget p\u00e5 v\u00e5r webbplats f\u00f6r att slumpm\u00e4ssigt v\u00e4lja nummer. I slut\u00e4ndan handlar allt om tur.<\/p>\n<h2>Var du kan k\u00f6pa lotter f\u00f6r New York-lotto<\/h2>\n<p><img loading=\"lazy\" decoding=\"async\" class=\"alignright size-medium wp-image-28913\" src=\"https:\/\/jackpotlotteryonline.com\/wp-content\/uploads\/2022\/11\/1_pick_lottery_numbers-300x200.jpg\" alt=\"k\u00f6pa New York-lottolotter\" width=\"300\" height=\"200\" srcset=\"https:\/\/jackpotlotteryonline.com\/wp-content\/uploads\/2022\/11\/1_pick_lottery_numbers-300x200.jpg 300w, https:\/\/jackpotlotteryonline.com\/wp-content\/uploads\/2022\/11\/1_pick_lottery_numbers.jpg 320w\" sizes=\"auto, (max-width: 300px) 100vw, 300px\" \/>Om du \u00e4r redo att delta i New York-lotto \u00e4r n\u00e4sta steg att <a href=\"https:\/\/jackpotlotteryonline.com\/sv\/kopa-biljetter\/new-york-lottery\">k\u00f6pa dina biljetter<\/a>. Du kan g\u00f6ra det online fr\u00e5n en webbplats f\u00f6r lottf\u00f6rs\u00e4ljare som jackpotlotteryonline.com. Det \u00e4r viktigt att vara f\u00f6rsiktig med lottosajter som inte ber\u00e4ttar exakt hur de f\u00e5r dina lotter. S\u00e5dana webbplatser kanske bara l\u00e5ter dig satsa p\u00e5 resultatet av lotteriet utan att faktiskt delta i det.<\/p>\n<p>N\u00e4r du k\u00f6per dina lotter fr\u00e5n oss kommer v\u00e5ra agenter i New York att k\u00f6pa lotter med motsvarande nummer. Det \u00e4r n\u00e4stan som att ha din personliga lotteriagent i olika delar av v\u00e4rlden.<\/p>\n<h2>Pristrapporterna f\u00f6r New York-lotto<\/h2>\n<p>New York-lotto har flera vinstniv\u00e5er. \u00c4ven om de flesta spelare siktar p\u00e5 jackpotten, och det b\u00f6r du ocks\u00e5 g\u00f6ra, \u00e4r det ett faktum att alla inte kan vinna jackpotten. Det finns dock flera andra priskategorier som spelarna kan vinna.<\/p>\n<p>Jackpotpriset b\u00f6rjar allts\u00e5 p\u00e5 2 miljoner dollar, men l\u00e5t dig inte luras av det beloppet. N\u00e4r det inte finns n\u00e5gon vinnare efter en dragning rullar vinsten \u00f6ver och b\u00f6rjar bara v\u00e4xa och v\u00e4xa. Det st\u00f6rsta jackpotpriset n\u00e5gonsin f\u00f6r detta lotteri var otroliga 176 miljoner dollar. Ja, helt och h\u00e5llet livsavg\u00f6rande.<\/p>\n<p>Niv\u00e5 1 (jackpot) &#8211; matcha alla 6 dragna nummer.<\/p>\n<p>Niv\u00e5 2 &#8211; matcha 5 nummer + bonusnummer<\/p>\n<p>Niv\u00e5 3 &#8211; matcha 5 nummer<\/p>\n<p>Niv\u00e5 4 &#8211; matcha 4 nummer<\/p>\n<p>Niv\u00e5 5 &#8211; matcha 3 nummer<\/p>\n<h2>Vinst och uttag<\/h2>\n<p>Att vinna New York-lotto inneb\u00e4r att man har en lott som matchar de dragna numren. Den som matchar de dragna numren vinner lotteriet. F\u00f6r att veta om du har vunnit p\u00e5 lotto m\u00e5ste du kontrollera dragningsresultaten. Om du \u00e4r registrerad hos oss skickar vi dig ett e-postmeddelande om du vinner ett pris.<\/p>\n<p>Om du k\u00f6per dina lottor hos oss kan du enkelt ta ut dina vinster fr\u00e5n v\u00e5r plattform till ditt konto. Om du vinner 2500 euro eller mindre kan du ta ut dina pengar med ett enkelt klick. Om det \u00e4r mer \u00e4n s\u00e5, skickar vi dig en skadeanm\u00e4lningsblankett att fylla i och hj\u00e4lper dig sedan med att behandla din vinst.<\/p>\n<p>Bl\u00e4ddra efter biljetter till New York lotto nu p\u00e5 jackpotlotteryonline.com.<\/p>\n","protected":false},"excerpt":{"rendered":"<p>Historien om New York-lotto \u00e4r genomsyrad av goda g\u00e4rningar och positivitet i allm\u00e4nhet. Som ett lotteri som skapades som ett s\u00e4tt att hj\u00e4lpa till med utbildningen i delstaten \u00e4r det ett bra alternativ f\u00f6r spelare som gillar lite altruism med sitt n\u00f6je. I grund och botten, om du vill ha ett lotteri som l\u00e5ter dig [&hellip;]<\/p>\n","protected":false},"author":1,"featured_media":0,"parent":35725,"menu_order":14,"comment_status":"closed","ping_status":"closed","template":"newyork.php","meta":{"_et_pb_use_builder":"","_et_pb_old_content":"","_et_gb_content_width":"","exclude_from_search":false,"footnotes":""},"class_list":["post-39732","page","type-page","status-publish","hentry"],"yoast_head":"<!-- This site is optimized with the Yoast SEO plugin v23.3 - https:\/\/yoast.com\/wordpress\/plugins\/seo\/ -->\n<title>S\u00e5 h\u00e4r spelar du New York-lotto var du \u00e4n befinner dig<\/title>\n<meta name=\"description\" content=\"Oavsett var du befinner dig kan du delta i New York-lotto online. L\u00e4s mer om hur du spelar och vinner h\u00e4r.\" \/>\n<meta name=\"robots\" content=\"index, follow, max-snippet:-1, max-image-preview:large, max-video-preview:-1\" \/>\n<link rel=\"canonical\" href=\"https:\/\/jackpotlotteryonline.com\/sv\/hur-man-spelar\/new-york-lottery-2\/\" \/>\n<meta property=\"og:locale\" content=\"sv_SE\" \/>\n<meta property=\"og:type\" content=\"article\" \/>\n<meta property=\"og:title\" content=\"S\u00e5 h\u00e4r spelar du New York-lotto var du \u00e4n befinner dig\" \/>\n<meta property=\"og:description\" content=\"Oavsett var du befinner dig kan du delta i New York-lotto online. L\u00e4s mer om hur du spelar och vinner h\u00e4r.\" \/>\n<meta property=\"og:url\" content=\"https:\/\/jackpotlotteryonline.com\/sv\/hur-man-spelar\/new-york-lottery-2\/\" \/>\n<meta property=\"og:site_name\" content=\"Lotto Online - Crack The International Lottery Jackpots\" \/>\n<meta property=\"article:modified_time\" content=\"2023-01-03T10:29:36+00:00\" \/>\n<meta property=\"og:image\" content=\"https:\/\/jackpotlotteryonline.com\/wp-content\/uploads\/2022\/11\/lotto2-300x84-1.png\" \/>\n<meta name=\"twitter:card\" content=\"summary_large_image\" \/>\n<meta name=\"twitter:label1\" content=\"Ber\u00e4knad l\u00e4stid\" \/>\n\t<meta name=\"twitter:data1\" content=\"7 minuter\" \/>\n<!-- \/ Yoast SEO plugin. -->","yoast_head_json":{"title":"S\u00e5 h\u00e4r spelar du New York-lotto var du \u00e4n befinner dig","description":"Oavsett var du befinner dig kan du delta i New York-lotto online. L\u00e4s mer om hur du spelar och vinner h\u00e4r.","robots":{"index":"index","follow":"follow","max-snippet":"max-snippet:-1","max-image-preview":"max-image-preview:large","max-video-preview":"max-video-preview:-1"},"canonical":"https:\/\/jackpotlotteryonline.com\/sv\/hur-man-spelar\/new-york-lottery-2\/","og_locale":"sv_SE","og_type":"article","og_title":"S\u00e5 h\u00e4r spelar du New York-lotto var du \u00e4n befinner dig","og_description":"Oavsett var du befinner dig kan du delta i New York-lotto online. L\u00e4s mer om hur du spelar och vinner h\u00e4r.","og_url":"https:\/\/jackpotlotteryonline.com\/sv\/hur-man-spelar\/new-york-lottery-2\/","og_site_name":"Lotto Online - Crack The International Lottery Jackpots","article_modified_time":"2023-01-03T10:29:36+00:00","og_image":[{"url":"https:\/\/jackpotlotteryonline.com\/wp-content\/uploads\/2022\/11\/lotto2-300x84-1.png"}],"twitter_card":"summary_large_image","twitter_misc":{"Ber\u00e4knad l\u00e4stid":"7 minuter"},"schema":{"@context":"https:\/\/schema.org","@graph":[{"@type":"WebPage","@id":"https:\/\/jackpotlotteryonline.com\/sv\/hur-man-spelar\/new-york-lottery-2\/","url":"https:\/\/jackpotlotteryonline.com\/sv\/hur-man-spelar\/new-york-lottery-2\/","name":"S\u00e5 h\u00e4r spelar du New York-lotto var du \u00e4n befinner dig","isPartOf":{"@id":"https:\/\/jackpotlotteryonline.com\/#website"},"primaryImageOfPage":{"@id":"https:\/\/jackpotlotteryonline.com\/sv\/hur-man-spelar\/new-york-lottery-2\/#primaryimage"},"image":{"@id":"https:\/\/jackpotlotteryonline.com\/sv\/hur-man-spelar\/new-york-lottery-2\/#primaryimage"},"thumbnailUrl":"https:\/\/jackpotlotteryonline.com\/wp-content\/uploads\/2022\/11\/lotto2-300x84-1.png","datePublished":"2022-11-29T08:38:45+00:00","dateModified":"2023-01-03T10:29:36+00:00","description":"Oavsett var du befinner dig kan du delta i New York-lotto online. L\u00e4s mer om hur du spelar och vinner h\u00e4r.","breadcrumb":{"@id":"https:\/\/jackpotlotteryonline.com\/sv\/hur-man-spelar\/new-york-lottery-2\/#breadcrumb"},"inLanguage":"sv-SE","potentialAction":[{"@type":"ReadAction","target":["https:\/\/jackpotlotteryonline.com\/sv\/hur-man-spelar\/new-york-lottery-2\/"]}]},{"@type":"ImageObject","inLanguage":"sv-SE","@id":"https:\/\/jackpotlotteryonline.com\/sv\/hur-man-spelar\/new-york-lottery-2\/#primaryimage","url":"https:\/\/jackpotlotteryonline.com\/wp-content\/uploads\/2022\/11\/lotto2-300x84-1.png","contentUrl":"https:\/\/jackpotlotteryonline.com\/wp-content\/uploads\/2022\/11\/lotto2-300x84-1.png"},{"@type":"BreadcrumbList","@id":"https:\/\/jackpotlotteryonline.com\/sv\/hur-man-spelar\/new-york-lottery-2\/#breadcrumb","itemListElement":[{"@type":"ListItem","position":1,"name":"Home","item":"https:\/\/jackpotlotteryonline.com\/sv\/"},{"@type":"ListItem","position":2,"name":"Hur man spelar","item":"https:\/\/jackpotlotteryonline.com\/play-online\/"},{"@type":"ListItem","position":3,"name":"Spela New York lotto online"}]},{"@type":"WebSite","@id":"https:\/\/jackpotlotteryonline.com\/#website","url":"https:\/\/jackpotlotteryonline.com\/","name":"Lotto Online - Crack The International Lottery Jackpots","description":"","potentialAction":[{"@type":"SearchAction","target":{"@type":"EntryPoint","urlTemplate":"https:\/\/jackpotlotteryonline.com\/?s={search_term_string}"},"query-input":"required name=search_term_string"}],"inLanguage":"sv-SE"}]}},"_links":{"self":[{"href":"https:\/\/jackpotlotteryonline.com\/sv\/wp-json\/wp\/v2\/pages\/39732","targetHints":{"allow":["GET"]}}],"collection":[{"href":"https:\/\/jackpotlotteryonline.com\/sv\/wp-json\/wp\/v2\/pages"}],"about":[{"href":"https:\/\/jackpotlotteryonline.com\/sv\/wp-json\/wp\/v2\/types\/page"}],"author":[{"embeddable":true,"href":"https:\/\/jackpotlotteryonline.com\/sv\/wp-json\/wp\/v2\/users\/1"}],"replies":[{"embeddable":true,"href":"https:\/\/jackpotlotteryonline.com\/sv\/wp-json\/wp\/v2\/comments?post=39732"}],"version-history":[{"count":0,"href":"https:\/\/jackpotlotteryonline.com\/sv\/wp-json\/wp\/v2\/pages\/39732\/revisions"}],"up":[{"embeddable":true,"href":"https:\/\/jackpotlotteryonline.com\/sv\/wp-json\/wp\/v2\/pages\/35725"}],"wp:attachment":[{"href":"https:\/\/jackpotlotteryonline.com\/sv\/wp-json\/wp\/v2\/media?parent=39732"}],"curies":[{"name":"wp","href":"https:\/\/api.w.org\/{rel}","templated":true}]}}