{"id":40336,"date":"2022-12-02T11:05:42","date_gmt":"2022-12-02T11:05:42","guid":{"rendered":"https:\/\/jackpotlotteryonline.com\/?page_id=40336"},"modified":"2022-12-19T15:11:20","modified_gmt":"2022-12-19T15:11:20","slug":"mega-millions","status":"publish","type":"page","link":"https:\/\/jackpotlotteryonline.com\/sv\/kopa-biljetter\/mega-millions\/","title":{"rendered":"Biljetter till Mega Millions"},"content":{"rendered":"<h2>Hur kan du k\u00f6pa en Mega Millions-biljett p\u00e5 n\u00e4tet?<\/h2>\n<p>Om du l\u00e4ser det h\u00e4r \u00e4r du f\u00f6rmodligen intresserad av att k\u00f6pa en Mega Millions-biljett. Mega Millions \u00e4r ett av de m\u00e5nga lotterier som erbjuder stora jackpottar till sina vinnare. Du kanske fr\u00e5gar dig sj\u00e4lv nu: &#8220;Hur kan jag k\u00f6pa en Mega Millions-biljett online?&#8221;.<\/p>\n<p>N\u00e5v\u00e4l, vi har t\u00e4ckt upp f\u00f6r dig. H\u00e4r \u00e4r en guide som hj\u00e4lper dig att k\u00f6pa en Mega Millions-biljett online.<\/p>\n<h2>Varf\u00f6r k\u00f6pa Mega Millions-biljetter online?<\/h2>\n<p><img loading=\"lazy\" decoding=\"async\" class=\"alignright size-full wp-image-31073\" src=\"https:\/\/jackpotlotteryonline.com\/wp-content\/uploads\/2022\/11\/logo_Mega_Millions_233x110.png\" alt=\"k\u00f6pa Mega Millions-biljetter online\" width=\"232\" height=\"110\" \/>Mega Million \u00e4r ett USA-baserat lotteri med stora, livsavg\u00f6rande jackpottar som ofta uppg\u00e5r till hundratals miljoner pund. Att vinna denna jackpot kan f\u00f6r\u00e4ndra ditt liv \u00f6ver en natt, men bara om du har turen att f\u00e5 alla vinnande nummer r\u00e4tt matchade.<\/p>\n<p>Om du planerar att<a href=\"https:\/\/jackpotlotteryonline.com\/sv\/hur-man-spelar\/mega-millions\"> spela det h\u00e4r lotteriet online<\/a> inneb\u00e4r det att vi kommer att k\u00f6pa lotterna f\u00f6r din r\u00e4kning genom v\u00e5ra lokala \u00e5terf\u00f6rs\u00e4ljare. Vi \u00e4r en betrodd conciergetj\u00e4nsteleverant\u00f6r som tillhandah\u00e5ller dessa tj\u00e4nster f\u00f6r v\u00e5ra kunder \u00f6ver hela v\u00e4rlden. Vi ser till att v\u00e5ra kunder f\u00e5r det b\u00e4sta av v\u00e5ra tj\u00e4nster, s\u00e5 varf\u00f6r inte k\u00f6pa med oss?<\/p>\n<p>Eftersom Mega Millions \u00e4r en enorm jackpot och m\u00e5nga m\u00e4nniskor deltar i den \u00e4r oddsen att vinna ganska h\u00f6ga, och de flesta m\u00e4nniskor letar efter metoder som de kan anv\u00e4nda f\u00f6r att f\u00f6rb\u00e4ttra sina odds att vinna i denna jackpot.<\/p>\n<p>Ett s\u00e4tt att f\u00f6rb\u00e4ttra dina chanser \u00e4r att k\u00f6pa din Mega Millions-biljett online. Du kan g\u00f6ra detta p\u00e5 v\u00e5r webbplats genom att bara best\u00e4lla en biljett fr\u00e5n var som helst i v\u00e4rlden, och en skanning av Mega Millions-biljetten kommer att finnas tillg\u00e4nglig p\u00e5 ditt konto. N\u00e4r du k\u00f6per din Mega Millions-biljett online beh\u00f6ver du inte oroa dig f\u00f6r att f\u00f6rlora eller f\u00e5 din biljett stulen eftersom dina biljettuppgifter lagras p\u00e5 ett s\u00e4kert s\u00e4tt.<\/p>\n<p>Att k\u00f6pa en Mega Millions-biljett p\u00e5 n\u00e4tet \u00e4r ocks\u00e5 bekv\u00e4mare \u00e4n att g\u00e5 till den fysiska butiken, eftersom du kan g\u00f6ra din best\u00e4llning hemifr\u00e5n och var som helst i v\u00e4rlden. Du kommer att delta i detta Mega Millions-lotteri precis som en amerikansk inv\u00e5nare n\u00e4r du v\u00e4ntar p\u00e5 dragningarna.<\/p>\n<h2>Processen f\u00f6r att k\u00f6pa Mega Millions-biljetter online<\/h2>\n<p>Innan du k\u00f6per din Mega Millions-biljett hos oss b\u00f6r du veta att vi kommer att fungera som en mellanhand mellan dig och lotteriet, vilket g\u00f6r att du kan spela och k\u00f6pa biljetter online utan att n\u00e5gonsin beh\u00f6va bes\u00f6ka en fysisk lotteributik.<\/p>\n<p>\u00c4r du nu redo att k\u00f6pa din Mega Millions-biljett online? Om du \u00e4r det finns nedan n\u00e5gra steg att f\u00f6lja f\u00f6r att ditt biljettk\u00f6p ska lyckas.<\/p>\n<p><strong>1. Skapa ett konto.<\/strong><br \/>\n<img loading=\"lazy\" decoding=\"async\" class=\"alignright size-full wp-image-34025\" src=\"https:\/\/jackpotlotteryonline.com\/wp-content\/uploads\/2022\/11\/2_ticket_mega_millions3-1.jpg\" alt=\"k\u00f6pa Mega Millions-biljetter online\" width=\"180\" height=\"193\" \/>Om du \u00e4r ny kommer du att h\u00e4nvisas till sidan f\u00f6r registrering, d\u00e4r du anger de uppgifter som kr\u00e4vs. N\u00e4r du har skapat ditt spelarkonto p\u00e5 ett framg\u00e5ngsrikt s\u00e4tt g\u00e5r du till sidan f\u00f6r Mega Millions-lotteriet och g\u00f6r f\u00f6ljande:<\/p>\n<p>V\u00e4lj de nummer du vill spela med. Du kan antingen g\u00f6ra det manuellt eller anv\u00e4nda v\u00e5r slumptalsgenerator f\u00f6r att v\u00e4lja dina nummer slumpm\u00e4ssigt.<\/p>\n<p>V\u00e4lj sedan det antal dragningar du vill delta i. Du kan antingen v\u00e4lja en enda dragning eller k\u00f6pa biljetter f\u00f6r flera dragningar. Om du deltar i flera dragningar \u00f6kar dina chanser att vinna Mega Millions-jackpotten.<\/p>\n<p><strong>2. Klicka p\u00e5 knappen &#8220;Forts\u00e4tt&#8221; och g\u00e5 till kassasidan.<\/strong><\/p>\n<p><strong>3. Betalningsmetoder<\/strong><\/p>\n<p>G\u00e5 till betalningssidan och betala f\u00f6r dina biljetter. En skanning av din Mega Millions-biljett kommer att laddas upp till ditt konto efter en tid.<\/p>\n<p><strong>4. Allt du beh\u00f6ver g\u00f6ra nu \u00e4r att v\u00e4nta p\u00e5 dragningarna som h\u00e5lls varje tisdag och fredag kl. 23.00.<\/strong> Tidszonerna kan skilja sig \u00e5t, s\u00e5 du rekommenderas att bekr\u00e4fta tidszonen n\u00e4r du v\u00e4ntar p\u00e5 <a href=\"https:\/\/jackpotlotteryonline.com\/sv\/vinnande-nummer\/mega-millions\">dragningarna<\/a>.<\/p>\n<h2>Vad h\u00e4nder efter att jag har vunnit jackpotten i Mega Millions?<\/h2>\n<p>Om du matchar alla nummer korrekt kanske du undrar vad du ska g\u00f6ra h\u00e4rn\u00e4st eller hur du kommer att f\u00e5 din vinst. Du f\u00e5r alla dina vinster och du beh\u00f6ver inte resa till USA f\u00f6r att h\u00e4mta ut din Mega Millions-vinst. Du ska bara veta att din skannade biljett kommer att fungera som bevis p\u00e5 att du har deltagit, s\u00e5 f\u00f6rvara den v\u00e4l, du kommer att beh\u00f6va den.<\/p>\n<section class=\"layout\" style=\"border: solid 1px; width: 100%;\">\n<div class=\"img-div\" style=\"margin-top: 5px;\"><img decoding=\"async\" class=\"wp-image-17212 alignleft\" style=\"height: 45px; margin: 8px 8px 0px;\" src=\"https:\/\/jackpotlotteryonline.com\/wp-content\/uploads\/2022\/11\/read1.jpg\" alt=\"bel\u00f6ning till vinnaren\" width=\"\" height=\"\" \/><\/div>\n<div style=\"padding-left: 5px;\">\n<div style=\"font-size: 1.1em;\">\n<p><strong>Hur f\u00e5r jag betalt om jag vinner p\u00e5 lotteriet online?<\/strong><\/p>\n<p style=\"font-size: 0.85em; margin-top: -1.5em;\">S\u00e5 h\u00e4r f\u00e5r du dina pengar om du vinner p\u00e5 n\u00e4tet \u00a0<a href=\"https:\/\/jackpotlotteryonline.com\/sv\/hur-far-jag-betalt-om-jag-vinner-pa-lotteriet-pa-natet\">L\u00e4s mer<\/a><\/p>\n<\/div>\n<\/div>\n<\/section>\n<h2>Tips som hj\u00e4lper dig att g\u00e5 ut med en Mega Millions-jackpot.<\/h2>\n<p><img loading=\"lazy\" decoding=\"async\" class=\"size-medium wp-image-29858 alignright\" src=\"https:\/\/jackpotlotteryonline.com\/wp-content\/uploads\/2022\/11\/1_win_euromillions_lottery-300x164.jpg\" alt=\"k\u00f6pa Mega Millions-biljetter online\" width=\"300\" height=\"164\" srcset=\"https:\/\/jackpotlotteryonline.com\/wp-content\/uploads\/2022\/11\/1_win_euromillions_lottery-300x164.jpg 300w, https:\/\/jackpotlotteryonline.com\/wp-content\/uploads\/2022\/11\/1_win_euromillions_lottery.jpg 350w\" sizes=\"auto, (max-width: 300px) 100vw, 300px\" \/>Om du planerar att spela Mega Millions-lotteriet och vinna jackpotten finns det n\u00e5gra saker du b\u00f6r t\u00e4nka p\u00e5 f\u00f6r att \u00f6ka dina vinstchanser.<\/p>\n<p>F\u00f6r det f\u00f6rsta, som en start, ska du v\u00e4lja dina nummer noggrant. V\u00e4lj inte nummer som \u00e4r alltf\u00f6r vanliga, utan \u00f6verv\u00e4g ist\u00e4llet att anv\u00e4nda antingen dina turnummer eller att v\u00e4lja numren slumpm\u00e4ssigt. Se till att de \u00e4r j\u00e4mnt f\u00f6rdelade f\u00f6r att undvika att v\u00e4lja samma nummer som andra spelare.<\/p>\n<p>J\u00e4mf\u00f6r f\u00f6r det andra de senaste vinnande numren och studera nummerm\u00f6nstren. Eliminera de nummer som har dragits nyligen fr\u00e5n de nummer du valt.<\/p>\n<p>Studera ocks\u00e5 m\u00f6nstret f\u00f6r de vanligaste vinnande numren och m\u00e4rk dem som de nummer som har den h\u00f6gsta vinstfrekvensen. Efter att ha observerat dem, f\u00f6rdela n\u00e5gra av dem enligt ditt val av nummer.<\/p>\n<p>Slutligen har du m\u00f6jlighet att spela Mega Millions-lotteriet i ett syndikat. Detta \u00e4r som att k\u00f6pa lotter som en grupp, och alla vinster delas lika mellan alla spelare som deltagit. Detta \u00e4r en utm\u00e4rkt metod f\u00f6r att \u00f6ka dina chanser att vinna jackpotten.<\/p>\n<p>Om du spelar Mega Millions samtidigt som du tar h\u00e4nsyn till ovanst\u00e5ende tips, vem vet? Du kanske blir n\u00e4sta vinnare som tar hem jackpotten. Pr\u00f6va lyckan idag!<\/p>\n<p><strong>Slutsats<\/strong><\/p>\n<p>Om du inte \u00e4r bosatt i USA och du hoppas p\u00e5 att ta hem Mega Millions-jackpotten \u00e4r ditt b\u00e4sta alternativ att k\u00f6pa Mega Millions-biljetten online. Du kan delta i detta lotteri fr\u00e5n vilket land som helst i v\u00e4rlden. S\u00e5 vad v\u00e4ntar du p\u00e5? K\u00f6p dina biljetter idag och ha en chans att bli en lycklig jackpotvinnare.<\/p>\n<p>Om du vill ha mer information om detta lotteri kan du bes\u00f6ka v\u00e5r sida med vanliga fr\u00e5gor eller skicka in din fr\u00e5ga, s\u00e5 kommer v\u00e5r kundtj\u00e4nst att svara med l\u00e4mplig information. Under tiden kan du ocks\u00e5 utforska andra lotterier som finns p\u00e5 v\u00e5r webbplats, och om du \u00e4r intresserad kan du bara trycka p\u00e5 play-knappen och vinna i andra lotterier ocks\u00e5.<\/p>\n","protected":false},"excerpt":{"rendered":"<p>Hur kan du k\u00f6pa en Mega Millions-biljett p\u00e5 n\u00e4tet? Om du l\u00e4ser det h\u00e4r \u00e4r du f\u00f6rmodligen intresserad av att k\u00f6pa en Mega Millions-biljett. Mega Millions \u00e4r ett av de m\u00e5nga lotterier som erbjuder stora jackpottar till sina vinnare. Du kanske fr\u00e5gar dig sj\u00e4lv nu: &#8220;Hur kan jag k\u00f6pa en Mega Millions-biljett online?&#8221;. N\u00e5v\u00e4l, vi [&hellip;]<\/p>\n","protected":false},"author":1,"featured_media":0,"parent":35784,"menu_order":1,"comment_status":"closed","ping_status":"closed","template":"megamillion.php","meta":{"_et_pb_use_builder":"","_et_pb_old_content":"","_et_gb_content_width":"","exclude_from_search":false,"footnotes":""},"class_list":["post-40336","page","type-page","status-publish","hentry"],"yoast_head":"<!-- This site is optimized with the Yoast SEO plugin v23.3 - https:\/\/yoast.com\/wordpress\/plugins\/seo\/ -->\n<title>K\u00f6p Mega Millions-biljetter online | Biljetter till Mega Millions fr\u00e5n l\u00e4nder utanf\u00f6r USA<\/title>\n<meta name=\"description\" content=\"Om du bor utanf\u00f6r USA kan du fortfarande k\u00f6pa biljetter till Mega Millions online, h\u00e4r. Vi k\u00f6per riktiga Mega Millions-biljetter \u00e5t dig och skannar dem.\" \/>\n<meta name=\"robots\" content=\"index, follow, max-snippet:-1, max-image-preview:large, max-video-preview:-1\" \/>\n<link rel=\"canonical\" href=\"https:\/\/jackpotlotteryonline.com\/sv\/kopa-biljetter\/mega-millions\/\" \/>\n<meta property=\"og:locale\" content=\"sv_SE\" \/>\n<meta property=\"og:type\" content=\"article\" \/>\n<meta property=\"og:title\" content=\"K\u00f6p Mega Millions-biljetter online | Biljetter till Mega Millions fr\u00e5n l\u00e4nder utanf\u00f6r USA\" \/>\n<meta property=\"og:description\" content=\"Om du bor utanf\u00f6r USA kan du fortfarande k\u00f6pa biljetter till Mega Millions online, h\u00e4r. Vi k\u00f6per riktiga Mega Millions-biljetter \u00e5t dig och skannar dem.\" \/>\n<meta property=\"og:url\" content=\"https:\/\/jackpotlotteryonline.com\/sv\/kopa-biljetter\/mega-millions\/\" \/>\n<meta property=\"og:site_name\" content=\"Lotto Online - Crack The International Lottery Jackpots\" \/>\n<meta property=\"article:modified_time\" content=\"2022-12-19T15:11:20+00:00\" \/>\n<meta property=\"og:image\" content=\"https:\/\/jackpotlotteryonline.com\/wp-content\/uploads\/2022\/11\/logo_Mega_Millions_233x110.png\" \/>\n<meta name=\"twitter:card\" content=\"summary_large_image\" \/>\n<meta name=\"twitter:label1\" content=\"Ber\u00e4knad l\u00e4stid\" \/>\n\t<meta name=\"twitter:data1\" content=\"6 minuter\" \/>\n<!-- \/ Yoast SEO plugin. -->","yoast_head_json":{"title":"K\u00f6p Mega Millions-biljetter online | Biljetter till Mega Millions fr\u00e5n l\u00e4nder utanf\u00f6r USA","description":"Om du bor utanf\u00f6r USA kan du fortfarande k\u00f6pa biljetter till Mega Millions online, h\u00e4r. Vi k\u00f6per riktiga Mega Millions-biljetter \u00e5t dig och skannar dem.","robots":{"index":"index","follow":"follow","max-snippet":"max-snippet:-1","max-image-preview":"max-image-preview:large","max-video-preview":"max-video-preview:-1"},"canonical":"https:\/\/jackpotlotteryonline.com\/sv\/kopa-biljetter\/mega-millions\/","og_locale":"sv_SE","og_type":"article","og_title":"K\u00f6p Mega Millions-biljetter online | Biljetter till Mega Millions fr\u00e5n l\u00e4nder utanf\u00f6r USA","og_description":"Om du bor utanf\u00f6r USA kan du fortfarande k\u00f6pa biljetter till Mega Millions online, h\u00e4r. Vi k\u00f6per riktiga Mega Millions-biljetter \u00e5t dig och skannar dem.","og_url":"https:\/\/jackpotlotteryonline.com\/sv\/kopa-biljetter\/mega-millions\/","og_site_name":"Lotto Online - Crack The International Lottery Jackpots","article_modified_time":"2022-12-19T15:11:20+00:00","og_image":[{"url":"https:\/\/jackpotlotteryonline.com\/wp-content\/uploads\/2022\/11\/logo_Mega_Millions_233x110.png"}],"twitter_card":"summary_large_image","twitter_misc":{"Ber\u00e4knad l\u00e4stid":"6 minuter"},"schema":{"@context":"https:\/\/schema.org","@graph":[{"@type":"WebPage","@id":"https:\/\/jackpotlotteryonline.com\/sv\/kopa-biljetter\/mega-millions\/","url":"https:\/\/jackpotlotteryonline.com\/sv\/kopa-biljetter\/mega-millions\/","name":"K\u00f6p Mega Millions-biljetter online | Biljetter till Mega Millions fr\u00e5n l\u00e4nder utanf\u00f6r USA","isPartOf":{"@id":"https:\/\/jackpotlotteryonline.com\/#website"},"primaryImageOfPage":{"@id":"https:\/\/jackpotlotteryonline.com\/sv\/kopa-biljetter\/mega-millions\/#primaryimage"},"image":{"@id":"https:\/\/jackpotlotteryonline.com\/sv\/kopa-biljetter\/mega-millions\/#primaryimage"},"thumbnailUrl":"https:\/\/jackpotlotteryonline.com\/wp-content\/uploads\/2022\/11\/logo_Mega_Millions_233x110.png","datePublished":"2022-12-02T11:05:42+00:00","dateModified":"2022-12-19T15:11:20+00:00","description":"Om du bor utanf\u00f6r USA kan du fortfarande k\u00f6pa biljetter till Mega Millions online, h\u00e4r. Vi k\u00f6per riktiga Mega Millions-biljetter \u00e5t dig och skannar dem.","breadcrumb":{"@id":"https:\/\/jackpotlotteryonline.com\/sv\/kopa-biljetter\/mega-millions\/#breadcrumb"},"inLanguage":"sv-SE","potentialAction":[{"@type":"ReadAction","target":["https:\/\/jackpotlotteryonline.com\/sv\/kopa-biljetter\/mega-millions\/"]}]},{"@type":"ImageObject","inLanguage":"sv-SE","@id":"https:\/\/jackpotlotteryonline.com\/sv\/kopa-biljetter\/mega-millions\/#primaryimage","url":"https:\/\/jackpotlotteryonline.com\/wp-content\/uploads\/2022\/11\/logo_Mega_Millions_233x110.png","contentUrl":"https:\/\/jackpotlotteryonline.com\/wp-content\/uploads\/2022\/11\/logo_Mega_Millions_233x110.png"},{"@type":"BreadcrumbList","@id":"https:\/\/jackpotlotteryonline.com\/sv\/kopa-biljetter\/mega-millions\/#breadcrumb","itemListElement":[{"@type":"ListItem","position":1,"name":"Home","item":"https:\/\/jackpotlotteryonline.com\/sv\/"},{"@type":"ListItem","position":2,"name":"Hur man k\u00f6per lotteri biljetter p\u00e5 n\u00e4tet","item":"https:\/\/jackpotlotteryonline.com\/buy-tickets\/"},{"@type":"ListItem","position":3,"name":"Biljetter till Mega Millions"}]},{"@type":"WebSite","@id":"https:\/\/jackpotlotteryonline.com\/#website","url":"https:\/\/jackpotlotteryonline.com\/","name":"Lotto Online - Crack The International Lottery Jackpots","description":"","potentialAction":[{"@type":"SearchAction","target":{"@type":"EntryPoint","urlTemplate":"https:\/\/jackpotlotteryonline.com\/?s={search_term_string}"},"query-input":"required name=search_term_string"}],"inLanguage":"sv-SE"}]}},"_links":{"self":[{"href":"https:\/\/jackpotlotteryonline.com\/sv\/wp-json\/wp\/v2\/pages\/40336","targetHints":{"allow":["GET"]}}],"collection":[{"href":"https:\/\/jackpotlotteryonline.com\/sv\/wp-json\/wp\/v2\/pages"}],"about":[{"href":"https:\/\/jackpotlotteryonline.com\/sv\/wp-json\/wp\/v2\/types\/page"}],"author":[{"embeddable":true,"href":"https:\/\/jackpotlotteryonline.com\/sv\/wp-json\/wp\/v2\/users\/1"}],"replies":[{"embeddable":true,"href":"https:\/\/jackpotlotteryonline.com\/sv\/wp-json\/wp\/v2\/comments?post=40336"}],"version-history":[{"count":0,"href":"https:\/\/jackpotlotteryonline.com\/sv\/wp-json\/wp\/v2\/pages\/40336\/revisions"}],"up":[{"embeddable":true,"href":"https:\/\/jackpotlotteryonline.com\/sv\/wp-json\/wp\/v2\/pages\/35784"}],"wp:attachment":[{"href":"https:\/\/jackpotlotteryonline.com\/sv\/wp-json\/wp\/v2\/media?parent=40336"}],"curies":[{"name":"wp","href":"https:\/\/api.w.org\/{rel}","templated":true}]}}