{"id":40388,"date":"2022-12-02T14:42:20","date_gmt":"2022-12-02T14:42:20","guid":{"rendered":"https:\/\/jackpotlotteryonline.com\/?page_id=40388"},"modified":"2023-01-01T14:45:46","modified_gmt":"2023-01-01T14:45:46","slug":"oz-lotto","status":"publish","type":"page","link":"https:\/\/jackpotlotteryonline.com\/sv\/hur-man-spelar\/oz-lotto\/","title":{"rendered":"Spela Oz Lotto online"},"content":{"rendered":"<h2>Om Oz Lotto<\/h2>\n<p>Oz Lottery \u00e4r ett australiskt lotteri som inf\u00f6rdes 1994 och f\u00f6rvaltas av en grupp som heter Tatts group. Oz Lotto har vuxit i popularitet i b\u00e5de Australien och Nya Zeeland, vilket har gjort det till Australiens st\u00f6rsta lotterispel. <a href=\"https:\/\/jackpotlotteryonline.com\/sv\/vinnande-nummer\/oz-lotto\">Oz Lotto drar<\/a> varje onsdag och fredag.<\/p>\n<p>Nedan finns en guide som hj\u00e4lper dig att spela Oz Lotto online fr\u00e5n var som helst i v\u00e4rlden.<\/p>\n<h2>Hur man spelar Oz Lotto online<\/h2>\n<p><img loading=\"lazy\" decoding=\"async\" class=\"alignright size-full wp-image-29777\" src=\"http:\/\/jackpotlotteryonline.com\/wp-content\/uploads\/2022\/11\/1_ticket_online_buying.jpg\" alt=\"spela oz lotto online\" width=\"300\" height=\"203\" \/>Om du letar efter ett sp\u00e4nnande och sp\u00e4nnande lotteri att delta i m\u00e5ste du kolla in det australiensiska Oz Lotto. Vi erbjuder spelarna m\u00f6jligheten att spela internationella lotterier online genom att erbjuda conciergetj\u00e4nster. Allt du beh\u00f6ver f\u00f6r att spela Oz Lotto online \u00e4r en dator och en internetuppkoppling.<\/p>\n<p>F\u00f6r att spela Oz Lotto online v\u00e4ljer du helt enkelt sju huvudnummer fr\u00e5n 1 till 47. Ytterligare tre nummer, s\u00e5 kallade till\u00e4ggsnummer, v\u00e4ljs under dragningen. Du kan v\u00e4lja dina nummer med hj\u00e4lp av v\u00e5r slumpm\u00e4ssiga nummergenerator eller v\u00e4lja dem manuellt. V\u00e4lj sedan det antal dragningar du vill delta i. Forts\u00e4tt till kassan och <a href=\"https:\/\/jackpotlotteryonline.com\/sv\/kopa-biljetter\/oz-lotto\">betala f\u00f6r dina biljetter<\/a>, och v\u00e4nta sedan p\u00e5 dragningen.<\/p>\n<h2>Vad \u00e4r till\u00e4ggsnummer och hur anv\u00e4nds de?<\/h2>\n<p>Till\u00e4ggsnumren betraktas som &#8220;bonusbollar&#8221; under Oz Lotto-dragningarna. Under dragningen v\u00e4ljs tio vinnande nummer slumpm\u00e4ssigt ut, och de f\u00f6rsta sju \u00e4r m\u00e4rkta som huvudnummer f\u00f6r jackpotvinnaren. Tio nummer 2, 4 och 7 best\u00e4ms av de \u00e5terst\u00e5ende tre &#8220;till\u00e4ggsnumren&#8221;.<\/p>\n<h2>Oz Lottos vinstniv\u00e5er<\/h2>\n<p>Det australiska Oz Lotto har totalt sju vinstniv\u00e5er. De \u00e4r som f\u00f6ljer:<\/p>\n<ul>\n<li>Niv\u00e5 1: Jackpot: sju nummer som matchar varandra<\/li>\n<li>Niv\u00e5 2: Sex nummer + till\u00e4ggsnummer<\/li>\n<li>Niv\u00e5 3: Sex nummer matchade<\/li>\n<li>Niv\u00e5 4: Fem matchade nummer + till\u00e4ggsnummer<\/li>\n<li>Niv\u00e5 5: Matchade fem nummer<\/li>\n<li>Niv\u00e5 6: Fyra nummer matchade<\/li>\n<li>Niv\u00e5 7: Matchade tre nummer + till\u00e4ggsnummer<\/li>\n<\/ul>\n<h2>M\u00e5ste jag befinna mig i Australien f\u00f6r att spela Oz Lotto?<\/h2>\n<p>Nej, du beh\u00f6ver inte vara bosatt i Australien f\u00f6r att delta i detta lotteri. Allt du beh\u00f6ver g\u00f6ra \u00e4r att bes\u00f6ka jackpotlotteryonline.com f\u00f6r att uppfylla din dr\u00f6m om att spela internationella lotterier. Vi tillhandah\u00e5ller lotteritj\u00e4nster till v\u00e5ra kunder, s\u00e5 som att vi k\u00f6per fysiska lotter genom v\u00e5ra betrodda lotteriagenter. Den fysiska biljetten f\u00f6rvaras s\u00e4kert, medan en skanning av den laddas upp till spelarens konto. Allt detta kommer att g\u00f6ras \u00e5t dig, och det som \u00e5terst\u00e5r \u00e4r att v\u00e4nta p\u00e5 dragningsdagen.<\/p>\n<p>Du beh\u00f6ver allts\u00e5 inte oroa dig f\u00f6r att inte kunna delta i Oz Lotto. Du kommer att spela detta lotteri precis som en inv\u00e5nare i Australien. S\u00e5 enkelt \u00e4r det att spela Oz Lotto. Pr\u00f6va din lycka idag!<\/p>\n<h2>Att vinna Oz Lotto<\/h2>\n<p>F\u00f6r att vinna jackpotpriset i Oz Lotto m\u00e5ste spelaren matcha sju nummer av totalt 47. Denna jackpot b\u00f6rjar p\u00e5 10 miljoner dollar och v\u00e4xer ofta tills den vinns. F\u00f6rutom det huvudsakliga jackpotpriset vinns \u00e5tta mindre vinstdivisioner av spelare som matchar fyra eller fem nummer korrekt f\u00f6r den dragningen.<\/p>\n<section class=\"layout\" style=\"border: solid 1px; width: 100%;\">\n<div class=\"img-div\" style=\"margin-top: 5px;\"><img decoding=\"async\" class=\"wp-image-17212 alignleft\" style=\"height: 45px; margin: 8px 8px 0px;\" src=\"http:\/\/jackpotlotteryonline.com\/wp-content\/uploads\/2022\/11\/read1.jpg\" alt=\"L\u00e4s \" width=\"\" height=\"\" \/><\/div>\n<div style=\"padding-left: 5px;\">\n<div style=\"font-size: 1.1em;\">\n<p><strong>Historiska, rekordstora jackpottar p\u00e5 lotteri<\/strong><\/p>\n<p style=\"font-size: 0.85em; margin-top: -1.5em;\">De st\u00f6rsta jackpottarna i historien kommer att f\u00e5 dig att bli galen\u00a0<a href=\"https:\/\/jackpotlotteryonline.com\/sv\/historiens-storsta-jackpottar-i-lotto\"> L\u00e4s mer<\/a><\/p>\n<\/div>\n<\/div>\n<\/section>\n<h2>Hur stor \u00e4r chansen att vinna det australiska Oz Lotto?<\/h2>\n<p><img loading=\"lazy\" decoding=\"async\" class=\"alignright wp-image-28697 size-medium\" src=\"http:\/\/jackpotlotteryonline.com\/wp-content\/uploads\/2022\/11\/1_online_lotto_winners-300x200.jpg\" alt=\"spela oz lotto online\" width=\"300\" height=\"200\" srcset=\"https:\/\/jackpotlotteryonline.com\/wp-content\/uploads\/2022\/11\/1_online_lotto_winners-300x200.jpg 300w, https:\/\/jackpotlotteryonline.com\/wp-content\/uploads\/2022\/11\/1_online_lotto_winners.jpg 320w\" sizes=\"auto, (max-width: 300px) 100vw, 300px\" \/>Oz Lotto har vunnit i popularitet och gjort m\u00e5nga spelare till vinnare, vilket samtidigt har gjort att chanserna att vinna i n\u00e5gon av vinstdelarna \u00e4r ganska h\u00f6ga.<\/p>\n<p>Oddsen f\u00f6r att matcha sju nummer och vinna jackpotten \u00e4r 1 p\u00e5 62 891 499, vilket \u00e4r n\u00e4st intill om\u00f6jligt. Men det fina med lotterier \u00e4r att spelet handlar om tur, man vet aldrig om man blir en vinnare och det \u00e4r det som g\u00f6r det sp\u00e4nnande att delta i lotterier.<\/p>\n<p>Den totala chansen att vinna n\u00e5got av de sju priserna \u00e4r 1 p\u00e5 51.<\/p>\n<p>Om du vill ha mer information om Oz Lotto \u00e4r du v\u00e4lkommen att bes\u00f6ka v\u00e5r sida med vanliga fr\u00e5gor och svar eller bes\u00f6ka lotteriets officiella webbplats.<\/p>\n<p>Registrera ett konto idag och f\u00e5 en chans att delta i detta lotteri fr\u00e5n var som helst i v\u00e4rlden.<\/p>\n","protected":false},"excerpt":{"rendered":"<p>Om Oz Lotto Oz Lottery \u00e4r ett australiskt lotteri som inf\u00f6rdes 1994 och f\u00f6rvaltas av en grupp som heter Tatts group. Oz Lotto har vuxit i popularitet i b\u00e5de Australien och Nya Zeeland, vilket har gjort det till Australiens st\u00f6rsta lotterispel. Oz Lotto drar varje onsdag och fredag. Nedan finns en guide som hj\u00e4lper dig [&hellip;]<\/p>\n","protected":false},"author":1,"featured_media":0,"parent":35725,"menu_order":16,"comment_status":"closed","ping_status":"closed","template":"","meta":{"_et_pb_use_builder":"","_et_pb_old_content":"","_et_gb_content_width":"","exclude_from_search":false,"footnotes":""},"class_list":["post-40388","page","type-page","status-publish","hentry"],"yoast_head":"<!-- This site is optimized with the Yoast SEO plugin v23.3 - https:\/\/yoast.com\/wordpress\/plugins\/seo\/ -->\n<title>Spela Oz Lotto online fr\u00e5n utanf\u00f6r Australien<\/title>\n<meta name=\"description\" content=\"Nu kan du spela Oz Lotto online, inte bara om du befinner dig i Australien - du kan spela Oz-lotteriet var som helst i v\u00e4rlden.\" \/>\n<meta name=\"robots\" content=\"index, follow, max-snippet:-1, max-image-preview:large, max-video-preview:-1\" \/>\n<link rel=\"canonical\" href=\"https:\/\/jackpotlotteryonline.com\/sv\/hur-man-spelar\/oz-lotto\/\" \/>\n<meta property=\"og:locale\" content=\"sv_SE\" \/>\n<meta property=\"og:type\" content=\"article\" \/>\n<meta property=\"og:title\" content=\"Spela Oz Lotto online fr\u00e5n utanf\u00f6r Australien\" \/>\n<meta property=\"og:description\" content=\"Nu kan du spela Oz Lotto online, inte bara om du befinner dig i Australien - du kan spela Oz-lotteriet var som helst i v\u00e4rlden.\" \/>\n<meta property=\"og:url\" content=\"https:\/\/jackpotlotteryonline.com\/sv\/hur-man-spelar\/oz-lotto\/\" \/>\n<meta property=\"og:site_name\" content=\"Lotto Online - Crack The International Lottery Jackpots\" \/>\n<meta property=\"article:modified_time\" content=\"2023-01-01T14:45:46+00:00\" \/>\n<meta property=\"og:image\" content=\"http:\/\/jackpotlotteryonline.com\/wp-content\/uploads\/2022\/11\/1_ticket_online_buying.jpg\" \/>\n<meta name=\"twitter:card\" content=\"summary_large_image\" \/>\n<meta name=\"twitter:label1\" content=\"Ber\u00e4knad l\u00e4stid\" \/>\n\t<meta name=\"twitter:data1\" content=\"4 minuter\" \/>\n<!-- \/ Yoast SEO plugin. -->","yoast_head_json":{"title":"Spela Oz Lotto online fr\u00e5n utanf\u00f6r Australien","description":"Nu kan du spela Oz Lotto online, inte bara om du befinner dig i Australien - du kan spela Oz-lotteriet var som helst i v\u00e4rlden.","robots":{"index":"index","follow":"follow","max-snippet":"max-snippet:-1","max-image-preview":"max-image-preview:large","max-video-preview":"max-video-preview:-1"},"canonical":"https:\/\/jackpotlotteryonline.com\/sv\/hur-man-spelar\/oz-lotto\/","og_locale":"sv_SE","og_type":"article","og_title":"Spela Oz Lotto online fr\u00e5n utanf\u00f6r Australien","og_description":"Nu kan du spela Oz Lotto online, inte bara om du befinner dig i Australien - du kan spela Oz-lotteriet var som helst i v\u00e4rlden.","og_url":"https:\/\/jackpotlotteryonline.com\/sv\/hur-man-spelar\/oz-lotto\/","og_site_name":"Lotto Online - Crack The International Lottery Jackpots","article_modified_time":"2023-01-01T14:45:46+00:00","og_image":[{"url":"http:\/\/jackpotlotteryonline.com\/wp-content\/uploads\/2022\/11\/1_ticket_online_buying.jpg"}],"twitter_card":"summary_large_image","twitter_misc":{"Ber\u00e4knad l\u00e4stid":"4 minuter"},"schema":{"@context":"https:\/\/schema.org","@graph":[{"@type":"WebPage","@id":"https:\/\/jackpotlotteryonline.com\/sv\/hur-man-spelar\/oz-lotto\/","url":"https:\/\/jackpotlotteryonline.com\/sv\/hur-man-spelar\/oz-lotto\/","name":"Spela Oz Lotto online fr\u00e5n utanf\u00f6r Australien","isPartOf":{"@id":"https:\/\/jackpotlotteryonline.com\/#website"},"primaryImageOfPage":{"@id":"https:\/\/jackpotlotteryonline.com\/sv\/hur-man-spelar\/oz-lotto\/#primaryimage"},"image":{"@id":"https:\/\/jackpotlotteryonline.com\/sv\/hur-man-spelar\/oz-lotto\/#primaryimage"},"thumbnailUrl":"http:\/\/jackpotlotteryonline.com\/wp-content\/uploads\/2022\/11\/1_ticket_online_buying.jpg","datePublished":"2022-12-02T14:42:20+00:00","dateModified":"2023-01-01T14:45:46+00:00","description":"Nu kan du spela Oz Lotto online, inte bara om du befinner dig i Australien - du kan spela Oz-lotteriet var som helst i v\u00e4rlden.","breadcrumb":{"@id":"https:\/\/jackpotlotteryonline.com\/sv\/hur-man-spelar\/oz-lotto\/#breadcrumb"},"inLanguage":"sv-SE","potentialAction":[{"@type":"ReadAction","target":["https:\/\/jackpotlotteryonline.com\/sv\/hur-man-spelar\/oz-lotto\/"]}]},{"@type":"ImageObject","inLanguage":"sv-SE","@id":"https:\/\/jackpotlotteryonline.com\/sv\/hur-man-spelar\/oz-lotto\/#primaryimage","url":"http:\/\/jackpotlotteryonline.com\/wp-content\/uploads\/2022\/11\/1_ticket_online_buying.jpg","contentUrl":"http:\/\/jackpotlotteryonline.com\/wp-content\/uploads\/2022\/11\/1_ticket_online_buying.jpg"},{"@type":"BreadcrumbList","@id":"https:\/\/jackpotlotteryonline.com\/sv\/hur-man-spelar\/oz-lotto\/#breadcrumb","itemListElement":[{"@type":"ListItem","position":1,"name":"Home","item":"https:\/\/jackpotlotteryonline.com\/sv\/"},{"@type":"ListItem","position":2,"name":"Hur man spelar","item":"https:\/\/jackpotlotteryonline.com\/play-online\/"},{"@type":"ListItem","position":3,"name":"Spela Oz Lotto online"}]},{"@type":"WebSite","@id":"https:\/\/jackpotlotteryonline.com\/#website","url":"https:\/\/jackpotlotteryonline.com\/","name":"Lotto Online - Crack The International Lottery Jackpots","description":"","potentialAction":[{"@type":"SearchAction","target":{"@type":"EntryPoint","urlTemplate":"https:\/\/jackpotlotteryonline.com\/?s={search_term_string}"},"query-input":"required name=search_term_string"}],"inLanguage":"sv-SE"}]}},"_links":{"self":[{"href":"https:\/\/jackpotlotteryonline.com\/sv\/wp-json\/wp\/v2\/pages\/40388","targetHints":{"allow":["GET"]}}],"collection":[{"href":"https:\/\/jackpotlotteryonline.com\/sv\/wp-json\/wp\/v2\/pages"}],"about":[{"href":"https:\/\/jackpotlotteryonline.com\/sv\/wp-json\/wp\/v2\/types\/page"}],"author":[{"embeddable":true,"href":"https:\/\/jackpotlotteryonline.com\/sv\/wp-json\/wp\/v2\/users\/1"}],"replies":[{"embeddable":true,"href":"https:\/\/jackpotlotteryonline.com\/sv\/wp-json\/wp\/v2\/comments?post=40388"}],"version-history":[{"count":0,"href":"https:\/\/jackpotlotteryonline.com\/sv\/wp-json\/wp\/v2\/pages\/40388\/revisions"}],"up":[{"embeddable":true,"href":"https:\/\/jackpotlotteryonline.com\/sv\/wp-json\/wp\/v2\/pages\/35725"}],"wp:attachment":[{"href":"https:\/\/jackpotlotteryonline.com\/sv\/wp-json\/wp\/v2\/media?parent=40388"}],"curies":[{"name":"wp","href":"https:\/\/api.w.org\/{rel}","templated":true}]}}