{"id":40512,"date":"2022-12-05T09:08:23","date_gmt":"2022-12-05T09:08:23","guid":{"rendered":"https:\/\/jackpotlotteryonline.com\/?page_id=40512"},"modified":"2022-12-26T14:42:31","modified_gmt":"2022-12-26T14:42:31","slug":"powerball","status":"publish","type":"page","link":"https:\/\/jackpotlotteryonline.com\/sv\/vinnande-nummer\/powerball\/","title":{"rendered":"Resultat av dragningen i Powerball"},"content":{"rendered":"<p>Powerball \u00e4r ett amerikanskt lotteri som har en av de st\u00f6rsta jackpottarna genom tiderna. Att vinna Powerball \u00e4r den ultimata dr\u00f6mmen f\u00f6r n\u00e4stan alla spelare. P\u00e5 grund av de otroligt stora jackpottarna, som ibland uppg\u00e5r till 1 miljard dollar, k\u00f6per spelare \u00f6ver hela v\u00e4rlden Powerball-lotterier online. Varje spelare hyser starka f\u00f6rhoppningar om att vinna p\u00e5 lotteriet. Att k\u00f6pa en lott \u00e4r dock en sak, och att kontrollera de vinnande numren \u00e4r en annan. F\u00f6r att ta reda p\u00e5 om du har den vinnande lotten f\u00f6r Powerball-lotteriet \u00e4r det viktigt att kontrollera dragningsresultaten.<\/p>\n<p>P\u00e5 den h\u00e4r sidan kommer vi att dela med oss av hur du kan kontrollera de vinnande resultaten online. Dessutom kommer vi att visa dig hur du f\u00e5r tillg\u00e5ng till dina vinster \u00e4ven om du \u00e4r en onlinespelare.<\/p>\n<p>Kom ih\u00e5g att du kan <a href=\"https:\/\/jackpotlotteryonline.com\/sv\/kopa-biljetter\/powerball\">k\u00f6pa vinnande biljetter till Powerball<\/a> p\u00e5 jackpotlotteryonline.com och kontrollera de vinnande numren d\u00e4r samtidigt.<\/p>\n<h2>Varf\u00f6r Powerball \u00e4r s\u00e5 popul\u00e4rt<\/h2>\n<p><img loading=\"lazy\" decoding=\"async\" class=\"alignright size-full wp-image-29588\" src=\"http:\/\/jackpotlotteryonline.com\/wp-content\/uploads\/2022\/11\/1_results_powerball.jpg\" alt=\"enkelt k\u00f6pa Powerball-biljetter\" width=\"300\" height=\"224\" \/>Det finns flera anledningar till varf\u00f6r spelarna flockas kring Powerball. Det \u00e4r ett amerikanskt multistatligt lotteri, vilket inneb\u00e4r att biljetter s\u00e4ljs i flera amerikanska delstater. S\u00e5 de som bor i dessa stater kan l\u00e4tt k\u00f6pa Powerball-lotterier. Men det \u00e4r inte bara amerikanska lotterientusiaster som k\u00f6per lotter med f\u00f6rhoppningen att vinna detta lotteri. Spelare runt om i v\u00e4rlden f\u00f6rs\u00f6ker ivrigt att k\u00f6pa vinnande Powerball-lotterier ocks\u00e5.<\/p>\n<p>I oktober 2022 n\u00e5dde Powerball-jackpotten ett rekord p\u00e5 1 miljard dollar, och det vanns av en enda lottinnehavare. Bara tanken p\u00e5 att vinna en miljard dollar r\u00e4cker f\u00f6r att f\u00e5 spelare \u00f6verallt att bli exalterade. Dessutom, \u00e4ven om oddsen f\u00f6r att vinna Powerball \u00e4r ganska h\u00f6ga, vinner spelarna ofta jackpotten.<\/p>\n<p>\u00c5terigen har Powerball flera kategorier med saftiga vinster. S\u00e5 \u00e4ven om du missar f\u00f6rstapriset kan du \u00e4nd\u00e5 g\u00e5 hem med en storvinst.<\/p>\n<h2>Spela och vinna Powerball online<\/h2>\n<p>Det roliga med att<a href=\"https:\/\/jackpotlotteryonline.com\/sv\/hur-man-spelar\/powerball\"> spela Powerball online<\/a> \u00e4r att du f\u00e5r snabb tillg\u00e5ng till detta amerikanska lotteri var du \u00e4n befinner dig. Om du k\u00f6per din vinstlott fr\u00e5n jackpotlotteryonline.com kan du enkelt v\u00e4lja dina vinnande nummer. V\u00e4lj helt enkelt 5 nummer fr\u00e5n 1 till 69 och ytterligare 1 nummer fr\u00e5n 1 till 26.<\/p>\n<p>N\u00e4r du har valt dina vinnande nummer \u00e4r n\u00e4sta steg att delta i dragningarna. Powerball har tre dragningar varje vecka, p\u00e5 tisdagar, torsdagar och s\u00f6ndagar. Vi g\u00f6r det enkelt f\u00f6r dig att delta i en enda dragning eller flera dragningar, beroende p\u00e5 vad du f\u00f6redrar. Du kan ocks\u00e5 anm\u00e4la dig till dragningarna flera veckor i f\u00f6rv\u00e4g.<\/p>\n<p>N\u00e4r du har behandlat din betalning \u00e4r n\u00e4sta steg att v\u00e4nta p\u00e5 dragningarna. Det \u00e4r d\u00e5 som de vinnande numren offentligg\u00f6rs och du kan se om du har vunnit p\u00e5 lotteriet.<\/p>\n<section class=\"layout\" style=\"border: solid 1px; width: 100%;\">\n<div class=\"img-div\" style=\"margin-top: 5px;\"><img decoding=\"async\" class=\"wp-image-17212 alignleft\" style=\"height: 45px; margin: 8px 8px 0px;\" src=\"http:\/\/jackpotlotteryonline.com\/wp-content\/uploads\/2022\/11\/read1.jpg\" alt=\"L\u00e4s\" width=\"\" height=\"\" \/><\/div>\n<div style=\"padding-left: 5px;\">\n<div style=\"font-size: 1.1em;\">\n<p><strong>Historiska, rekordstora jackpottar p\u00e5 lotteri<\/strong><\/p>\n<p style=\"font-size: 0.85em; margin-top: -1.5em;\">De st\u00f6rsta jackpottarna i historien kommer att f\u00e5 dig att bli galen.\u00a0<a href=\"https:\/\/jackpotlotteryonline.com\/sv\/historiens-storsta-jackpottar-i-lotto\"> L\u00e4s mer<\/a><\/p>\n<\/div>\n<\/div>\n<\/section>\n<h2>Kontrollera de vinnande numren<\/h2>\n<p><img loading=\"lazy\" decoding=\"async\" class=\"alignright size-full wp-image-30371\" src=\"http:\/\/jackpotlotteryonline.com\/wp-content\/uploads\/2022\/11\/1_winning_numbers_powerball.jpg\" alt=\"spela Powerball online\" width=\"300\" height=\"129\" \/>Eftersom du spelar Powerball online kan du inte g\u00e5 in till en lottf\u00f6rs\u00e4ljare f\u00f6r att kontrollera om du har den vinnande lotten. S\u00e5 det b\u00e4sta s\u00e4ttet att g\u00f6ra det \u00e4r att kolla p\u00e5 n\u00e4tet. Om du spelar med oss kan du \u00e5terv\u00e4nda till den h\u00e4r sidan efter varje dragning f\u00f6r att se de vinnande numren.<\/p>\n<p>Men \u00e4ven om du inte kollar tillbaka kan du veta om du har vunnit n\u00e5got pris. Det beror p\u00e5 att du m\u00e5ste vara registrerad hos oss f\u00f6r att k\u00f6pa din Powerball-biljett. Anledningen till detta \u00e4r att vi kan informera dig s\u00e5 snart du har en vinstlott. Om du har en vinstlott skickar vi dig ett e-postmeddelande f\u00f6r att informera dig. S\u00e5 enkelt \u00e4r det egentligen.<\/p>\n<h2>Utbetalning av din vinst<\/h2>\n<p>Att betala ut din vinst \u00e4r en annan aspekt som kan vara ett bekymmer f\u00f6r onlinespelare. F\u00f6r om du spelar Powerball online vill du vara s\u00e4ker p\u00e5 att du kan f\u00e5 tillg\u00e5ng till dina vinster. Om du spelar Powerball hos oss \u00e4r det enkelt att ta ut din vinst. Vi har utformat v\u00e5rt system p\u00e5 ett s\u00e5dant s\u00e4tt att du kan ta ut dina vinster till ditt konto.<\/p>\n<p>Detta \u00e4r tillg\u00e4ngligt f\u00f6r vinster som \u00e4r under 2 500 euro. Om du vinner mer \u00e4n den summan hj\u00e4lper vi dig att fylla i en skadeanm\u00e4lningsblankett. Det m\u00e5ste du g\u00f6ra f\u00f6r att kunna kr\u00e4va dina vinster direkt fr\u00e5n lotterif\u00f6retaget.<\/p>\n<h2>Att vinna p\u00e5 Powerball-lotteriet<\/h2>\n<p>Att vinna Powerball-lotteriet inneb\u00e4r att du har en lott som matchar de dragna resultaten. F\u00f6r att visa hur fantastiskt Powerball \u00e4r, ska vi visa dig vad du kan vinna i de andra vinsterna.<\/p>\n<p>Division 1: Match 5 + Powerball &#8211; Jackpot<\/p>\n<p>Division 2: Enbart match 5 &#8211; 1 miljon dollar<\/p>\n<p>Division 3: Match 4 + Powerball &#8211; 50 000 dollar<\/p>\n<p>Division 4: Match 4 ensam &#8211; 100 dollar<\/p>\n<p>Huvudgrupp 5: Match 3 + Powerball &#8211; 100 dollar<\/p>\n<p>Huvudgrupp 6: Enbart match 3 &#8211; 7 dollar<\/p>\n<p>Huvudgrupp 7: Match 2 + Powerball &#8211; 7 dollar<\/p>\n<p>Huvudgrupp 8: Match 1 + Powerball &#8211; 4 dollar<\/p>\n<p>Huvudgrupp 9: Enbart Powerball &#8211; 4 dollar<\/p>\n<p>Med 9 divisioner \u00e4r det en sp\u00e4nnande m\u00f6jlighet f\u00f6r spelarna att vinna p\u00e5 lotteriet. Det inneb\u00e4r ocks\u00e5 att chanserna att vinna en vinst \u00e4r ganska stora. Dessutom har du \u00e4ven om du vinner den andra divisionen en god chans att g\u00e5 hem med en storvinst.<\/p>\n<h2>Se de vinnande resultaten h\u00e4r<\/h2>\n<p>N\u00e4sta g\u00e5ng du vill spela p\u00e5 lotto beh\u00f6ver du inte oroa dig f\u00f6r var du ska kolla vinstresultaten. P\u00e5 jackpotlotteryonline.com g\u00f6r vi det enkelt f\u00f6r dig att v\u00e4lja dina vinnande nummer och \u00e4ven kontrollera de vinnande resultaten. K\u00f6p din lott hos oss och vi meddelar dig n\u00e4r du har en vinnande lott.<\/p>\n<p>Kom ih\u00e5g att du ocks\u00e5 kan ta ut dina vinster fr\u00e5n v\u00e5r sida direkt till ditt konto. Detta kommer i h\u00f6g grad att underl\u00e4tta all stress du skulle ha haft med att spela p\u00e5 lotteriet. Egentligen g\u00f6r vi det till v\u00e5rt jobb att ge v\u00e5ra kunder en s\u00f6ml\u00f6s och problemfri upplevelse. P\u00e5 s\u00e5 s\u00e4tt kan du fokusera p\u00e5 att vinna p\u00e5 lotteriet utan att beh\u00f6va bry dig om det.<\/p>\n","protected":false},"excerpt":{"rendered":"<p>Powerball \u00e4r ett amerikanskt lotteri som har en av de st\u00f6rsta jackpottarna genom tiderna. Att vinna Powerball \u00e4r den ultimata dr\u00f6mmen f\u00f6r n\u00e4stan alla spelare. P\u00e5 grund av de otroligt stora jackpottarna, som ibland uppg\u00e5r till 1 miljard dollar, k\u00f6per spelare \u00f6ver hela v\u00e4rlden Powerball-lotterier online. Varje spelare hyser starka f\u00f6rhoppningar om att vinna p\u00e5 [&hellip;]<\/p>\n","protected":false},"author":1,"featured_media":0,"parent":35858,"menu_order":1,"comment_status":"closed","ping_status":"closed","template":"powerball-usa-results.php","meta":{"_et_pb_use_builder":"","_et_pb_old_content":"","_et_gb_content_width":"","exclude_from_search":false,"footnotes":""},"class_list":["post-40512","page","type-page","status-publish","hentry"],"yoast_head":"<!-- This site is optimized with the Yoast SEO plugin v23.3 - https:\/\/yoast.com\/wordpress\/plugins\/seo\/ -->\n<title>Powerball vinnande nummer och dragningsresultat<\/title>\n<meta name=\"description\" content=\"Alla senaste dragningsresultat och vinnande nummer f\u00f6r Powerball USA samt ett arkiv med resultat, allt p\u00e5 en och samma webbplats.\" \/>\n<meta name=\"robots\" content=\"index, follow, max-snippet:-1, max-image-preview:large, max-video-preview:-1\" \/>\n<link rel=\"canonical\" href=\"https:\/\/jackpotlotteryonline.com\/sv\/vinnande-nummer\/powerball\/\" \/>\n<meta property=\"og:locale\" content=\"sv_SE\" \/>\n<meta property=\"og:type\" content=\"article\" \/>\n<meta property=\"og:title\" content=\"Powerball vinnande nummer och dragningsresultat\" \/>\n<meta property=\"og:description\" content=\"Alla senaste dragningsresultat och vinnande nummer f\u00f6r Powerball USA samt ett arkiv med resultat, allt p\u00e5 en och samma webbplats.\" \/>\n<meta property=\"og:url\" content=\"https:\/\/jackpotlotteryonline.com\/sv\/vinnande-nummer\/powerball\/\" \/>\n<meta property=\"og:site_name\" content=\"Lotto Online - Crack The International Lottery Jackpots\" \/>\n<meta property=\"article:modified_time\" content=\"2022-12-26T14:42:31+00:00\" \/>\n<meta property=\"og:image\" content=\"http:\/\/jackpotlotteryonline.com\/wp-content\/uploads\/2022\/11\/1_results_powerball.jpg\" \/>\n<meta name=\"twitter:card\" content=\"summary_large_image\" \/>\n<meta name=\"twitter:label1\" content=\"Ber\u00e4knad l\u00e4stid\" \/>\n\t<meta name=\"twitter:data1\" content=\"5 minuter\" \/>\n<!-- \/ Yoast SEO plugin. -->","yoast_head_json":{"title":"Powerball vinnande nummer och dragningsresultat","description":"Alla senaste dragningsresultat och vinnande nummer f\u00f6r Powerball USA samt ett arkiv med resultat, allt p\u00e5 en och samma webbplats.","robots":{"index":"index","follow":"follow","max-snippet":"max-snippet:-1","max-image-preview":"max-image-preview:large","max-video-preview":"max-video-preview:-1"},"canonical":"https:\/\/jackpotlotteryonline.com\/sv\/vinnande-nummer\/powerball\/","og_locale":"sv_SE","og_type":"article","og_title":"Powerball vinnande nummer och dragningsresultat","og_description":"Alla senaste dragningsresultat och vinnande nummer f\u00f6r Powerball USA samt ett arkiv med resultat, allt p\u00e5 en och samma webbplats.","og_url":"https:\/\/jackpotlotteryonline.com\/sv\/vinnande-nummer\/powerball\/","og_site_name":"Lotto Online - Crack The International Lottery Jackpots","article_modified_time":"2022-12-26T14:42:31+00:00","og_image":[{"url":"http:\/\/jackpotlotteryonline.com\/wp-content\/uploads\/2022\/11\/1_results_powerball.jpg"}],"twitter_card":"summary_large_image","twitter_misc":{"Ber\u00e4knad l\u00e4stid":"5 minuter"},"schema":{"@context":"https:\/\/schema.org","@graph":[{"@type":"WebPage","@id":"https:\/\/jackpotlotteryonline.com\/sv\/vinnande-nummer\/powerball\/","url":"https:\/\/jackpotlotteryonline.com\/sv\/vinnande-nummer\/powerball\/","name":"Powerball vinnande nummer och dragningsresultat","isPartOf":{"@id":"https:\/\/jackpotlotteryonline.com\/#website"},"primaryImageOfPage":{"@id":"https:\/\/jackpotlotteryonline.com\/sv\/vinnande-nummer\/powerball\/#primaryimage"},"image":{"@id":"https:\/\/jackpotlotteryonline.com\/sv\/vinnande-nummer\/powerball\/#primaryimage"},"thumbnailUrl":"http:\/\/jackpotlotteryonline.com\/wp-content\/uploads\/2022\/11\/1_results_powerball.jpg","datePublished":"2022-12-05T09:08:23+00:00","dateModified":"2022-12-26T14:42:31+00:00","description":"Alla senaste dragningsresultat och vinnande nummer f\u00f6r Powerball USA samt ett arkiv med resultat, allt p\u00e5 en och samma webbplats.","breadcrumb":{"@id":"https:\/\/jackpotlotteryonline.com\/sv\/vinnande-nummer\/powerball\/#breadcrumb"},"inLanguage":"sv-SE","potentialAction":[{"@type":"ReadAction","target":["https:\/\/jackpotlotteryonline.com\/sv\/vinnande-nummer\/powerball\/"]}]},{"@type":"ImageObject","inLanguage":"sv-SE","@id":"https:\/\/jackpotlotteryonline.com\/sv\/vinnande-nummer\/powerball\/#primaryimage","url":"http:\/\/jackpotlotteryonline.com\/wp-content\/uploads\/2022\/11\/1_results_powerball.jpg","contentUrl":"http:\/\/jackpotlotteryonline.com\/wp-content\/uploads\/2022\/11\/1_results_powerball.jpg"},{"@type":"BreadcrumbList","@id":"https:\/\/jackpotlotteryonline.com\/sv\/vinnande-nummer\/powerball\/#breadcrumb","itemListElement":[{"@type":"ListItem","position":1,"name":"Home","item":"https:\/\/jackpotlotteryonline.com\/sv\/"},{"@type":"ListItem","position":2,"name":"Lotterieresultat","item":"https:\/\/jackpotlotteryonline.com\/sv\/vinnande-nummer\/"},{"@type":"ListItem","position":3,"name":"Resultat av dragningen i Powerball"}]},{"@type":"WebSite","@id":"https:\/\/jackpotlotteryonline.com\/#website","url":"https:\/\/jackpotlotteryonline.com\/","name":"Lotto Online - Crack The International Lottery Jackpots","description":"","potentialAction":[{"@type":"SearchAction","target":{"@type":"EntryPoint","urlTemplate":"https:\/\/jackpotlotteryonline.com\/?s={search_term_string}"},"query-input":"required name=search_term_string"}],"inLanguage":"sv-SE"}]}},"_links":{"self":[{"href":"https:\/\/jackpotlotteryonline.com\/sv\/wp-json\/wp\/v2\/pages\/40512","targetHints":{"allow":["GET"]}}],"collection":[{"href":"https:\/\/jackpotlotteryonline.com\/sv\/wp-json\/wp\/v2\/pages"}],"about":[{"href":"https:\/\/jackpotlotteryonline.com\/sv\/wp-json\/wp\/v2\/types\/page"}],"author":[{"embeddable":true,"href":"https:\/\/jackpotlotteryonline.com\/sv\/wp-json\/wp\/v2\/users\/1"}],"replies":[{"embeddable":true,"href":"https:\/\/jackpotlotteryonline.com\/sv\/wp-json\/wp\/v2\/comments?post=40512"}],"version-history":[{"count":0,"href":"https:\/\/jackpotlotteryonline.com\/sv\/wp-json\/wp\/v2\/pages\/40512\/revisions"}],"up":[{"embeddable":true,"href":"https:\/\/jackpotlotteryonline.com\/sv\/wp-json\/wp\/v2\/pages\/35858"}],"wp:attachment":[{"href":"https:\/\/jackpotlotteryonline.com\/sv\/wp-json\/wp\/v2\/media?parent=40512"}],"curies":[{"name":"wp","href":"https:\/\/api.w.org\/{rel}","templated":true}]}}