{"id":40566,"date":"2022-12-05T12:07:28","date_gmt":"2022-12-05T12:07:28","guid":{"rendered":"https:\/\/jackpotlotteryonline.com\/?page_id=40566"},"modified":"2022-12-26T21:01:07","modified_gmt":"2022-12-26T21:01:07","slug":"mega-millions","status":"publish","type":"page","link":"https:\/\/jackpotlotteryonline.com\/sv\/vinnande-nummer\/mega-millions\/","title":{"rendered":"Resultat av dragningen av Mega Millions"},"content":{"rendered":"<p>Mega Millions \u00e4r k\u00e4nt f\u00f6r sina megajackpottar och spelare \u00f6verallt \u00e4lskar tanken p\u00e5 att vinna detta lotteri. Att vinna Mega Millions-lotteriet \u00e4r den amerikanska dr\u00f6mmen och miljontals spelare str\u00e4var efter det. Tack och lov har spelare fr\u00e5n hela v\u00e4rlden nu en chans att vinna Mega Millions genom att k\u00f6pa lotter online. Om du undrar hur man g\u00f6r det har vi en godbit \u00e5t dig.<\/p>\n<p>Om du \u00e4r f\u00f6rstag\u00e5ngsspelare (eller en van spelare) kan du <a href=\"https:\/\/jackpotlotteryonline.com\/sv\/kopa-biljetter\/mega-millions\">k\u00f6pa biljetter till Mega Million h\u00e4r p\u00e5 v\u00e5r webbplats<\/a>. Inte bara det, utan h\u00e4r p\u00e5 jackpotlotteryonline.com ger vi dig ocks\u00e5 en chans att vinna flera internationella topplotterier. S\u00e5 om du vill prova att vinna lotterier fr\u00e5n Australien, Europa eller Amerika, s\u00e5 h\u00e5ll dig till oss.<\/p>\n<section class=\"layout\" style=\"border: solid 1px; width: 100%;\">\n<div class=\"img-div\" style=\"margin-top: 5px;\"><img decoding=\"async\" class=\"wp-image-17212 alignleft\" style=\"height: 45px; margin: 8px 8px 0px;\" src=\"http:\/\/jackpotlotteryonline.com\/wp-content\/uploads\/2022\/11\/read1.jpg\" alt=\"L\u00e4s\" width=\"\" height=\"\" \/><\/div>\n<div style=\"padding-left: 5px;\">\n<div style=\"font-size: 1.1em;\">\n<p><strong>Europeiska lotterier<\/strong><\/p>\n<p style=\"font-size: 0.85em; margin-top: -1.5em;\">Vilka europeiska lotterier \u00e4r b\u00e4st?\u00a0 <a href=\"https:\/\/jackpotlotteryonline.com\/sv\/vilka-europeiska-lotterier-ar-bast\">L\u00e4s mer<\/a><\/p>\n<\/div>\n<\/div>\n<\/section>\n<p>\u00c5h, och vi kommer att ber\u00e4tta hur du kan f\u00e5 tillg\u00e5ng till dina Mega Millions vinster ocks\u00e5. Det \u00e4r ingen id\u00e9 att <a href=\"https:\/\/jackpotlotteryonline.com\/sv\/hur-man-spelar\/mega-millions\">spela Mega Millions<\/a>, vinna och inte kunna f\u00e5 tillg\u00e5ng till din vinst. S\u00e5 slappna av och l\u00e4s vidare f\u00f6r att f\u00e5 reda p\u00e5 allt du beh\u00f6ver veta om Mega Millions vinnande nummer.<\/p>\n<h2>Hur man v\u00e4ljer Mega Millions vinnande nummer<\/h2>\n<p><img loading=\"lazy\" decoding=\"async\" class=\"alignright size-full wp-image-31073\" src=\"http:\/\/jackpotlotteryonline.com\/wp-content\/uploads\/2022\/11\/logo_Mega_Millions_233x110.png\" alt=\"k\u00f6pa Mega Millions-biljett p\u00e5 n\u00e4tet\" width=\"232\" height=\"110\" \/>Alla som k\u00f6per en lott hoppas att de p\u00e5 n\u00e5got s\u00e4tt ska f\u00e5 den vinnande lotten. Det \u00e4r en naturlig m\u00e4nsklig instinkt. Vi vet att oddsen kan vara h\u00f6ga, men n\u00e5gon m\u00e5ste f\u00e5 den vinnande lotten. Och det kan lika g\u00e4rna vara du, eller hur? Men hur g\u00f6r man det? Tja, det finns n\u00e5gra knep som spelarna anv\u00e4nder f\u00f6r att v\u00e4lja vinnande nummer.<\/p>\n<p>Vi ska vara uppriktiga och l\u00e5ta dig veta att det inte finns n\u00e5got garanterat s\u00e4tt att f\u00e5 den vinnande lotten. Det \u00e4r ett slumpspel och varje spelare m\u00e5ste bara pr\u00f6va sin tur. Med det sagt finns det s\u00e4tt som du kan hj\u00e4lpa dig sj\u00e4lv att k\u00e4nna tur. F\u00f6r det \u00e4r de vinnande numren du v\u00e4ljer mycket viktiga.<\/p>\n<p>I princip kan du v\u00e4lja vinnande nummer genom att v\u00e4lja lyckodatum. Vissa m\u00e4nniskor anser att de datum de \u00e4r f\u00f6dda har tur. Det s\u00e4gs att vissa m\u00e4nniskor f\u00f6ddes under en lyckostj\u00e4rna. Om du k\u00e4nner dig som en av dem kanske du vill anv\u00e4nda hela eller delar av ditt f\u00f6delsedatum f\u00f6r din lott. Om du inte k\u00e4nner dig s\u00e5 lyckosam kan du anv\u00e4nda autogeneratorn f\u00f6r att v\u00e4lja slumpm\u00e4ssiga vinnande nummer.<\/p>\n<h2>Vinna Mega Millions online<\/h2>\n<p>Spelreglerna \u00e4r desamma oavsett om du spelar online eller offline. Vi kommer att arbeta dig igenom processen f\u00f6r att v\u00e4lja vinnande nummer online. N\u00e4r du v\u00e4l har f\u00f6rst\u00e5tt det kommer du inte att vilja spela p\u00e5 lotteriet p\u00e5 n\u00e5got annat s\u00e4tt. Det \u00e4r n\u00e5got otroligt med att inte beh\u00f6va g\u00e5 n\u00e5gonstans f\u00f6r att k\u00f6pa din lott. Det \u00e4r bara att anv\u00e4nda din dator eller mobila enhet.<\/p>\n<p>F\u00f6rst och fr\u00e4mst reglerna. F\u00f6r Mega Millions m\u00e5ste du v\u00e4lja 5 nummer mellan 1 och 70 och en Mega Ball mellan 1 och 25. N\u00e4r du har valt din vinnande kombination kan du delta i dragningarna. Dragningsdagarna \u00e4r tisdag och fredag varje vecka. Du har m\u00f6jlighet att delta i en enda dragning eller b\u00e5da.<\/p>\n<p>Du kan ocks\u00e5 delta i utlottningarna flera veckor i f\u00f6rv\u00e4g. Om du f\u00e5r en vinnande kombination vinner du stort. Innan du betalar f\u00f6r dina bidrag ber vi dig att registrera dig. Detta f\u00f6r att g\u00f6ra det l\u00e4ttare f\u00f6r dig att f\u00e5 tillg\u00e5ng till och h\u00e4mta ut dina vinster. Men vi kommer att f\u00f6rklara det senare, forts\u00e4tt bara att l\u00e4sa.<\/p>\n<h2>Kontrollera de vinnande numren<\/h2>\n<p>Mega Millions-jackpotten b\u00f6rjar p\u00e5 40 miljoner dollar. Det \u00e4r det garanterade minimumet och jackpotvinsten g\u00e5r inte under detta. Om inget vinnande nummer dyker upp efter dragningarna rullar jackpotten \u00f6ver till n\u00e4sta dragning. Den forts\u00e4tter att rulla vidare tills en vinnande lott hittas.<\/p>\n<p>F\u00f6r att kontrollera vinstresultaten f\u00f6r Mega Millions-lotteriet \u00e4r det bara att \u00e5terv\u00e4nda till den h\u00e4r sidan efter varje dragning. S\u00e5 enkelt \u00e4r det. Vi publicerar vinnarresultaten f\u00f6r varje dragning p\u00e5 den h\u00e4r sidan och detta inkluderar \u00e4ven de andra priskategorierna. Ja, att vinna jackpotten \u00e4r inte allt du kan vinna n\u00e4r du spelar Mega Millions.<\/p>\n<p>Om du vinner n\u00e5got pris informerar vi dig omedelbart via e-post s\u00e5 att du kan h\u00e4mta ut din vinst.<\/p>\n<h2>Mega Millions priskategorier<\/h2>\n<p>Okej, vi vet att du f\u00f6rmodligen \u00e4r nyfiken p\u00e5 att vinna andra priser n\u00e4r du spelar detta lotteri. Vi hoppas alla p\u00e5 att vinna p\u00e5 lotteriet, men n\u00e4r man siktar p\u00e5 stj\u00e4rnorna tr\u00e4ffar man ibland himlen. Och dessa priser \u00e4r ganska h\u00e4ftiga. S\u00e5 h\u00e4r \u00e4r uppdelningen av priserna.<\/p>\n<p>Division 1: 5 + Mega Ball &#8211; Jackpot<\/p>\n<p>Division 2: 5 &#8211; 1 000 000 dollar<\/p>\n<p>Division 3: 4 + Mega Ball &#8211; 10 000 dollar<\/p>\n<p>Division 4: 4 &#8211; 500 dollar<\/p>\n<p>Division 5: 3 + Mega Ball &#8211; 200 dollar<\/p>\n<p>Huvudgrupp 6: 3 &#8211; 10 dollar<\/p>\n<p>Huvudgrupp 7: 2 + Mega Ball &#8211; 10 dollar<\/p>\n<p>Huvudgrupp 8: 1 + Mega Ball &#8211; 4 dollar<\/p>\n<p>Huvudgrupp 8: Endast Mega Ball &#8211; 2 dollar<\/p>\n<p>Att vinna det andra priset skulle ocks\u00e5 vara ganska anm\u00e4rkningsv\u00e4rt, eller hur? Det tycker vi ocks\u00e5.<\/p>\n<h2>Hur du h\u00e4mtar ut ditt pris<\/h2>\n<p><img loading=\"lazy\" decoding=\"async\" class=\"alignright size-full wp-image-19115\" src=\"http:\/\/jackpotlotteryonline.com\/wp-content\/uploads\/2022\/10\/2_ticket_mega_millions3.jpg\" alt=\"skanning av mega miljonersbiljetter\" width=\"180\" height=\"193\" \/>Det \u00e4r bra att spela p\u00e5 n\u00e4tet, men hur g\u00f6r du f\u00f6r att h\u00e4mta ut din vinst? Det har vi ocks\u00e5 koll p\u00e5. Om du k\u00f6pte din lott p\u00e5 jackpotlotteryonline.com kan du enkelt f\u00e5 tillg\u00e5ng till din vinst. N\u00e4r du loggat in p\u00e5 ditt konto kan du helt enkelt g\u00f6ra en utbetalning fr\u00e5n v\u00e5r plattform till din bank.<\/p>\n<p>Denna bekymmersfria process \u00e4r den fr\u00e4msta anledningen till att vi ber v\u00e5ra kunder att registrera sig. Det g\u00f6r det s\u00e5 mycket enklare att ta ut din vinst, oavsett var du bor.<\/p>\n<p>Observera att detta vanligtvis g\u00e4ller f\u00f6r vinster som \u00e4r under 2 500 euro. Om din vinst \u00e4r h\u00f6gre \u00e4n 2 500 euro kan du beh\u00f6va kontakta lotterif\u00f6retaget direkt f\u00f6r att h\u00e4mta ut din vinst. Men det \u00e4r inget problem eftersom vi hj\u00e4lper dig att fylla i ett kravformul\u00e4r.<\/p>\n<h2>Varf\u00f6r du ska spela p\u00e5 jackpotlotteryonline.com<\/h2>\n<p>Allt vi g\u00f6r p\u00e5 jackpotlotteryonline.com \u00e4r fokuserat p\u00e5 att ge dig en fantastisk upplevelse n\u00e4r du spelar Mega Millions. Det finns s\u00e5 m\u00e5nga saker i livet som \u00e4r sv\u00e5ra, men att vinna p\u00e5 lotto ska inte vara en av dem. S\u00e5 vi tar hand om alla de d\u00e4r irriterande sm\u00e5 detaljerna s\u00e5 att du kan fokusera p\u00e5 att ha allt det roliga du vill ha.<\/p>\n<p>Mer \u00e4n s\u00e5 \u00e4r vi en conciergesajt. Det inneb\u00e4r att vi ger v\u00e5ra kunder en chans att vinna p\u00e5 lotteriet. Du satsar inte p\u00e5 utg\u00e5ngen av Mega Millions som det \u00e4r med s\u00e5 m\u00e5nga lotterisajter. Vi ger faktiskt v\u00e5ra kunder tillg\u00e5ng till vinnande internationella lotterier som Mega Millions. N\u00e4r du k\u00f6per lotter p\u00e5 v\u00e5r webbplats, Om du har den vinnande lotten vinner du p\u00e5 lotteriet.<\/p>\n<p>Vi g\u00f6r det enkelt f\u00f6r v\u00e5ra kunder att kontrollera Mega Millions vinnande nummer samt dragningens historia. Att kontrollera dragningshistoriken hj\u00e4lper spelarna att skapa sin vinnande spelstrategi. Slutligen \u00e4r det lika enkelt som ett klick att f\u00e5 tillg\u00e5ng till dina vinster. Njut av Mega Millions-lotteriet idag genom att registrera dig hos oss.<\/p>\n","protected":false},"excerpt":{"rendered":"<p>Mega Millions \u00e4r k\u00e4nt f\u00f6r sina megajackpottar och spelare \u00f6verallt \u00e4lskar tanken p\u00e5 att vinna detta lotteri. Att vinna Mega Millions-lotteriet \u00e4r den amerikanska dr\u00f6mmen och miljontals spelare str\u00e4var efter det. Tack och lov har spelare fr\u00e5n hela v\u00e4rlden nu en chans att vinna Mega Millions genom att k\u00f6pa lotter online. Om du undrar hur [&hellip;]<\/p>\n","protected":false},"author":1,"featured_media":0,"parent":35858,"menu_order":2,"comment_status":"closed","ping_status":"closed","template":"megamillion-results.php","meta":{"_et_pb_use_builder":"","_et_pb_old_content":"","_et_gb_content_width":"","exclude_from_search":false,"footnotes":""},"class_list":["post-40566","page","type-page","status-publish","hentry"],"yoast_head":"<!-- This site is optimized with the Yoast SEO plugin v23.3 - https:\/\/yoast.com\/wordpress\/plugins\/seo\/ -->\n<title>Mega Millions vinnande nummer och dragningsresultat<\/title>\n<meta name=\"description\" content=\"Hitta veckans och \u00e4ldre Mega Millions dragningsresultat och vinnande nummer h\u00e4r p\u00e5 v\u00e5r webbplats.\" \/>\n<meta name=\"robots\" content=\"index, follow, max-snippet:-1, max-image-preview:large, max-video-preview:-1\" \/>\n<link rel=\"canonical\" href=\"https:\/\/jackpotlotteryonline.com\/sv\/vinnande-nummer\/mega-millions\/\" \/>\n<meta property=\"og:locale\" content=\"sv_SE\" \/>\n<meta property=\"og:type\" content=\"article\" \/>\n<meta property=\"og:title\" content=\"Mega Millions vinnande nummer och dragningsresultat\" \/>\n<meta property=\"og:description\" content=\"Hitta veckans och \u00e4ldre Mega Millions dragningsresultat och vinnande nummer h\u00e4r p\u00e5 v\u00e5r webbplats.\" \/>\n<meta property=\"og:url\" content=\"https:\/\/jackpotlotteryonline.com\/sv\/vinnande-nummer\/mega-millions\/\" \/>\n<meta property=\"og:site_name\" content=\"Lotto Online - Crack The International Lottery Jackpots\" \/>\n<meta property=\"article:modified_time\" content=\"2022-12-26T21:01:07+00:00\" \/>\n<meta property=\"og:image\" content=\"http:\/\/jackpotlotteryonline.com\/wp-content\/uploads\/2022\/11\/read1.jpg\" \/>\n<meta name=\"twitter:card\" content=\"summary_large_image\" \/>\n<meta name=\"twitter:label1\" content=\"Ber\u00e4knad l\u00e4stid\" \/>\n\t<meta name=\"twitter:data1\" content=\"6 minuter\" \/>\n<!-- \/ Yoast SEO plugin. -->","yoast_head_json":{"title":"Mega Millions vinnande nummer och dragningsresultat","description":"Hitta veckans och \u00e4ldre Mega Millions dragningsresultat och vinnande nummer h\u00e4r p\u00e5 v\u00e5r webbplats.","robots":{"index":"index","follow":"follow","max-snippet":"max-snippet:-1","max-image-preview":"max-image-preview:large","max-video-preview":"max-video-preview:-1"},"canonical":"https:\/\/jackpotlotteryonline.com\/sv\/vinnande-nummer\/mega-millions\/","og_locale":"sv_SE","og_type":"article","og_title":"Mega Millions vinnande nummer och dragningsresultat","og_description":"Hitta veckans och \u00e4ldre Mega Millions dragningsresultat och vinnande nummer h\u00e4r p\u00e5 v\u00e5r webbplats.","og_url":"https:\/\/jackpotlotteryonline.com\/sv\/vinnande-nummer\/mega-millions\/","og_site_name":"Lotto Online - Crack The International Lottery Jackpots","article_modified_time":"2022-12-26T21:01:07+00:00","og_image":[{"url":"http:\/\/jackpotlotteryonline.com\/wp-content\/uploads\/2022\/11\/read1.jpg"}],"twitter_card":"summary_large_image","twitter_misc":{"Ber\u00e4knad l\u00e4stid":"6 minuter"},"schema":{"@context":"https:\/\/schema.org","@graph":[{"@type":"WebPage","@id":"https:\/\/jackpotlotteryonline.com\/sv\/vinnande-nummer\/mega-millions\/","url":"https:\/\/jackpotlotteryonline.com\/sv\/vinnande-nummer\/mega-millions\/","name":"Mega Millions vinnande nummer och dragningsresultat","isPartOf":{"@id":"https:\/\/jackpotlotteryonline.com\/#website"},"primaryImageOfPage":{"@id":"https:\/\/jackpotlotteryonline.com\/sv\/vinnande-nummer\/mega-millions\/#primaryimage"},"image":{"@id":"https:\/\/jackpotlotteryonline.com\/sv\/vinnande-nummer\/mega-millions\/#primaryimage"},"thumbnailUrl":"http:\/\/jackpotlotteryonline.com\/wp-content\/uploads\/2022\/11\/read1.jpg","datePublished":"2022-12-05T12:07:28+00:00","dateModified":"2022-12-26T21:01:07+00:00","description":"Hitta veckans och \u00e4ldre Mega Millions dragningsresultat och vinnande nummer h\u00e4r p\u00e5 v\u00e5r webbplats.","breadcrumb":{"@id":"https:\/\/jackpotlotteryonline.com\/sv\/vinnande-nummer\/mega-millions\/#breadcrumb"},"inLanguage":"sv-SE","potentialAction":[{"@type":"ReadAction","target":["https:\/\/jackpotlotteryonline.com\/sv\/vinnande-nummer\/mega-millions\/"]}]},{"@type":"ImageObject","inLanguage":"sv-SE","@id":"https:\/\/jackpotlotteryonline.com\/sv\/vinnande-nummer\/mega-millions\/#primaryimage","url":"http:\/\/jackpotlotteryonline.com\/wp-content\/uploads\/2022\/11\/read1.jpg","contentUrl":"http:\/\/jackpotlotteryonline.com\/wp-content\/uploads\/2022\/11\/read1.jpg"},{"@type":"BreadcrumbList","@id":"https:\/\/jackpotlotteryonline.com\/sv\/vinnande-nummer\/mega-millions\/#breadcrumb","itemListElement":[{"@type":"ListItem","position":1,"name":"Home","item":"https:\/\/jackpotlotteryonline.com\/sv\/"},{"@type":"ListItem","position":2,"name":"Lotterieresultat","item":"https:\/\/jackpotlotteryonline.com\/sv\/vinnande-nummer\/"},{"@type":"ListItem","position":3,"name":"Resultat av dragningen av Mega Millions"}]},{"@type":"WebSite","@id":"https:\/\/jackpotlotteryonline.com\/#website","url":"https:\/\/jackpotlotteryonline.com\/","name":"Lotto Online - Crack The International Lottery Jackpots","description":"","potentialAction":[{"@type":"SearchAction","target":{"@type":"EntryPoint","urlTemplate":"https:\/\/jackpotlotteryonline.com\/?s={search_term_string}"},"query-input":"required name=search_term_string"}],"inLanguage":"sv-SE"}]}},"_links":{"self":[{"href":"https:\/\/jackpotlotteryonline.com\/sv\/wp-json\/wp\/v2\/pages\/40566","targetHints":{"allow":["GET"]}}],"collection":[{"href":"https:\/\/jackpotlotteryonline.com\/sv\/wp-json\/wp\/v2\/pages"}],"about":[{"href":"https:\/\/jackpotlotteryonline.com\/sv\/wp-json\/wp\/v2\/types\/page"}],"author":[{"embeddable":true,"href":"https:\/\/jackpotlotteryonline.com\/sv\/wp-json\/wp\/v2\/users\/1"}],"replies":[{"embeddable":true,"href":"https:\/\/jackpotlotteryonline.com\/sv\/wp-json\/wp\/v2\/comments?post=40566"}],"version-history":[{"count":0,"href":"https:\/\/jackpotlotteryonline.com\/sv\/wp-json\/wp\/v2\/pages\/40566\/revisions"}],"up":[{"embeddable":true,"href":"https:\/\/jackpotlotteryonline.com\/sv\/wp-json\/wp\/v2\/pages\/35858"}],"wp:attachment":[{"href":"https:\/\/jackpotlotteryonline.com\/sv\/wp-json\/wp\/v2\/media?parent=40566"}],"curies":[{"name":"wp","href":"https:\/\/api.w.org\/{rel}","templated":true}]}}