{"id":40619,"date":"2022-12-05T13:46:09","date_gmt":"2022-12-05T13:46:09","guid":{"rendered":"https:\/\/jackpotlotteryonline.com\/?page_id=40619"},"modified":"2022-12-27T09:00:11","modified_gmt":"2022-12-27T09:00:11","slug":"euromillions","status":"publish","type":"page","link":"https:\/\/jackpotlotteryonline.com\/sv\/vinnande-nummer\/euromillions\/","title":{"rendered":"Resultat av Euromillions dragning"},"content":{"rendered":"<p>Spelare som k\u00f6per lotter oroar sig ofta f\u00f6r att g\u00e5 miste om sina lotterivinster. Det beror p\u00e5 att folk slarvar och att lotter f\u00f6rsvinner; utan din lott kan du inte h\u00e4mta ut din vinst. Men n\u00e4r du spelar lotteri online beh\u00f6ver du aldrig oroa dig f\u00f6r saknade lotter eftersom allt \u00e4r digitalt. Att kontrollera de vinnande numren kan dock fortfarande vara ett problem om du inte vet vad du ska g\u00f6ra. Och det \u00e4r d\u00e4rf\u00f6r vi finns h\u00e4r.<\/p>\n<p>P\u00e5 jackpotlotteryonline.com ger vi spelarna tillg\u00e5ng till de b\u00e4sta internationella lotterierna online. Vi g\u00f6r det ocks\u00e5 enkelt f\u00f6r dig att k\u00f6pa dina lotter och kontrollera Euromillions vinnande nummer fr\u00e5n var du \u00e4n befinner dig.<\/p>\n<h2>Hur vinner man jackpotten?<\/h2>\n<p><img loading=\"lazy\" decoding=\"async\" class=\"alignright size-full wp-image-31019\" src=\"http:\/\/jackpotlotteryonline.com\/wp-content\/uploads\/2022\/11\/euromillions.png\" alt=\"vinna Euromillions\" width=\"200\" height=\"212\" \/>Det \u00e4r en viktig fr\u00e5ga eftersom alla som spelar p\u00e5 lotto vill veta vad som kr\u00e4vs f\u00f6r att vinna. Det enkla svaret \u00e4r att f\u00f6r att vinna i lotteriet beh\u00f6ver spelaren bara matcha de dragna numren. Naturligtvis vet vi alla att det inte \u00e4r s\u00e5 enkelt. Lotteriet \u00e4r mycket beroende av tur.<\/p>\n<p>F\u00f6r Euromillions m\u00e5ste en spelare v\u00e4lja 5 siffror fr\u00e5n 1 till 70 och 2 Lucky Stars. Den som matchar alla 7 dragna siffror vinner lotteriet.<\/p>\n<p>Du kan kolla tidigare kombinationer h\u00e4r f\u00f6r att ta reda p\u00e5 vilka siffror som f\u00f6rekommer mest eller minst. Detta kan hj\u00e4lpa dig att planera din vinststrategi f\u00f6r det europeiska lotteriet.<\/p>\n<h2>Hur du kontrollerar vinnaren<\/h2>\n<p>Det finns flera s\u00e4tt att kontrollera vinnaren av lotteriet online. Problemet med att kontrollera vilken slumpm\u00e4ssig webbplats som helst \u00e4r dock att du kanske inte f\u00e5r korrekt information. Om du dessutom kollar nyhetssajter kanske du bara f\u00e5r reda p\u00e5 den kombination som vann jackpotten.<\/p>\n<p>Det europeiska lotteriet har flera priskategorier och \u00e4ven om du inte vann huvudpriset kan du \u00e4nd\u00e5 g\u00e5 hem med en bra summa. D\u00e4rf\u00f6r \u00e4r det viktigt att kontrollera din lott mot de andra vinstindelningarna.<\/p>\n<p>Om du <a href=\"https:\/\/jackpotlotteryonline.com\/sv\/kopa-biljetter\/euromillions\">k\u00f6per din lott<\/a> p\u00e5 jackpotlotteryonline.com kommer vi att skicka dig ett mejl s\u00e5 fort du vinner ett pris. Du beh\u00f6ver allts\u00e5 inte oroa dig f\u00f6r att f\u00f6rlora dina vinster.<\/p>\n<h2>Tillg\u00e5ng till din vinst<\/h2>\n<p>Eftersom du <a href=\"https:\/\/jackpotlotteryonline.com\/sv\/hur-man-spelar\/euromillions\">spelar p\u00e5 lotto online<\/a> \u00e4r det naturligt att du undrar vad som h\u00e4nder n\u00e4r du vinner ett pris. Om du spelar med oss \u00e4r det lika enkelt att f\u00e5 tillg\u00e5ng till din vinst som att k\u00f6pa din lott. Med det menar vi att du enkelt kan ta ut dina vinster fr\u00e5n v\u00e5r webbplats. Inget kr\u00e5ngel och inga komplikationer.<\/p>\n<p>Om du vinner jackpotten eller ett belopp som \u00e4r h\u00f6gre \u00e4n 2 500 euro kan du beh\u00f6va fylla i ett kravformul\u00e4r. Men oroa dig inte, det \u00e4r ingen komplicerad process och vi guidar dig genom den.<\/p>\n<section class=\"layout\" style=\"border: solid 1px; width: 100%;\">\n<div class=\"img-div\" style=\"margin-top: 5px;\"><img decoding=\"async\" class=\"wp-image-17212 alignleft\" style=\"height: 45px; margin: 8px 8px 0px;\" src=\"http:\/\/jackpotlotteryonline.com\/wp-content\/uploads\/2022\/11\/read1.jpg\" alt=\"L\u00e4s\" width=\"\" height=\"\" \/><\/div>\n<div style=\"padding-left: 5px;\">\n<div style=\"font-size: 1.1em;\">\n<p><strong>Hur f\u00e5r jag betalt om jag vinner p\u00e5 lotteriet online?<\/strong><\/p>\n<p style=\"font-size: 0.85em; margin-top: -1.5em;\">S\u00e5 h\u00e4r f\u00e5r du dina pengar om du vinner p\u00e5 n\u00e4tet<a href=\"https:\/\/jackpotlotteryonline.com\/sv\/hur-far-jag-betalt-om-jag-vinner-pa-lotteriet-pa-natet\"> L\u00e4s mer<\/a><\/p>\n<\/div>\n<\/div>\n<\/section>\n<h2>Kontrollera dina vinnande nummer i Euromillions idag<\/h2>\n<p>Vi har arbetat h\u00e5rt f\u00f6r att skapa en s\u00e4ker onlinemilj\u00f6 f\u00f6r v\u00e5ra spelare. Vi tillhandah\u00e5ller allt du beh\u00f6ver f\u00f6r att bekv\u00e4mt kunna spela lotteriet. Hos oss f\u00e5r du tillg\u00e5ng till de b\u00e4sta internationella lotterierna och du kan delta i flera dragningar i f\u00f6rv\u00e4g. Ut\u00f6ver det kan du enkelt kontrollera dragningarna direkt h\u00e4r och ta ut dina vinster.<\/p>\n","protected":false},"excerpt":{"rendered":"<p>Spelare som k\u00f6per lotter oroar sig ofta f\u00f6r att g\u00e5 miste om sina lotterivinster. Det beror p\u00e5 att folk slarvar och att lotter f\u00f6rsvinner; utan din lott kan du inte h\u00e4mta ut din vinst. Men n\u00e4r du spelar lotteri online beh\u00f6ver du aldrig oroa dig f\u00f6r saknade lotter eftersom allt \u00e4r digitalt. Att kontrollera de [&hellip;]<\/p>\n","protected":false},"author":1,"featured_media":0,"parent":35858,"menu_order":3,"comment_status":"closed","ping_status":"closed","template":"euromillions-results.php","meta":{"_et_pb_use_builder":"","_et_pb_old_content":"","_et_gb_content_width":"","exclude_from_search":false,"footnotes":""},"class_list":["post-40619","page","type-page","status-publish","hentry"],"yoast_head":"<!-- This site is optimized with the Yoast SEO plugin v23.3 - https:\/\/yoast.com\/wordpress\/plugins\/seo\/ -->\n<title>Euromillions vinnande nummer och dragningsresultat<\/title>\n<meta name=\"description\" content=\"Dragningsresultat f\u00f6r Euromillions - vinnande nummer f\u00f6r den senaste dragningen samt ett arkiv med tidigare resultat.\" \/>\n<meta name=\"robots\" content=\"index, follow, max-snippet:-1, max-image-preview:large, max-video-preview:-1\" \/>\n<link rel=\"canonical\" href=\"https:\/\/jackpotlotteryonline.com\/sv\/vinnande-nummer\/euromillions\/\" \/>\n<meta property=\"og:locale\" content=\"sv_SE\" \/>\n<meta property=\"og:type\" content=\"article\" \/>\n<meta property=\"og:title\" content=\"Euromillions vinnande nummer och dragningsresultat\" \/>\n<meta property=\"og:description\" content=\"Dragningsresultat f\u00f6r Euromillions - vinnande nummer f\u00f6r den senaste dragningen samt ett arkiv med tidigare resultat.\" \/>\n<meta property=\"og:url\" content=\"https:\/\/jackpotlotteryonline.com\/sv\/vinnande-nummer\/euromillions\/\" \/>\n<meta property=\"og:site_name\" content=\"Lotto Online - Crack The International Lottery Jackpots\" \/>\n<meta property=\"article:modified_time\" content=\"2022-12-27T09:00:11+00:00\" \/>\n<meta property=\"og:image\" content=\"http:\/\/jackpotlotteryonline.com\/wp-content\/uploads\/2022\/11\/euromillions.png\" \/>\n<meta name=\"twitter:card\" content=\"summary_large_image\" \/>\n<meta name=\"twitter:label1\" content=\"Ber\u00e4knad l\u00e4stid\" \/>\n\t<meta name=\"twitter:data1\" content=\"3 minuter\" \/>\n<!-- \/ Yoast SEO plugin. -->","yoast_head_json":{"title":"Euromillions vinnande nummer och dragningsresultat","description":"Dragningsresultat f\u00f6r Euromillions - vinnande nummer f\u00f6r den senaste dragningen samt ett arkiv med tidigare resultat.","robots":{"index":"index","follow":"follow","max-snippet":"max-snippet:-1","max-image-preview":"max-image-preview:large","max-video-preview":"max-video-preview:-1"},"canonical":"https:\/\/jackpotlotteryonline.com\/sv\/vinnande-nummer\/euromillions\/","og_locale":"sv_SE","og_type":"article","og_title":"Euromillions vinnande nummer och dragningsresultat","og_description":"Dragningsresultat f\u00f6r Euromillions - vinnande nummer f\u00f6r den senaste dragningen samt ett arkiv med tidigare resultat.","og_url":"https:\/\/jackpotlotteryonline.com\/sv\/vinnande-nummer\/euromillions\/","og_site_name":"Lotto Online - Crack The International Lottery Jackpots","article_modified_time":"2022-12-27T09:00:11+00:00","og_image":[{"url":"http:\/\/jackpotlotteryonline.com\/wp-content\/uploads\/2022\/11\/euromillions.png"}],"twitter_card":"summary_large_image","twitter_misc":{"Ber\u00e4knad l\u00e4stid":"3 minuter"},"schema":{"@context":"https:\/\/schema.org","@graph":[{"@type":"WebPage","@id":"https:\/\/jackpotlotteryonline.com\/sv\/vinnande-nummer\/euromillions\/","url":"https:\/\/jackpotlotteryonline.com\/sv\/vinnande-nummer\/euromillions\/","name":"Euromillions vinnande nummer och dragningsresultat","isPartOf":{"@id":"https:\/\/jackpotlotteryonline.com\/#website"},"primaryImageOfPage":{"@id":"https:\/\/jackpotlotteryonline.com\/sv\/vinnande-nummer\/euromillions\/#primaryimage"},"image":{"@id":"https:\/\/jackpotlotteryonline.com\/sv\/vinnande-nummer\/euromillions\/#primaryimage"},"thumbnailUrl":"http:\/\/jackpotlotteryonline.com\/wp-content\/uploads\/2022\/11\/euromillions.png","datePublished":"2022-12-05T13:46:09+00:00","dateModified":"2022-12-27T09:00:11+00:00","description":"Dragningsresultat f\u00f6r Euromillions - vinnande nummer f\u00f6r den senaste dragningen samt ett arkiv med tidigare resultat.","breadcrumb":{"@id":"https:\/\/jackpotlotteryonline.com\/sv\/vinnande-nummer\/euromillions\/#breadcrumb"},"inLanguage":"sv-SE","potentialAction":[{"@type":"ReadAction","target":["https:\/\/jackpotlotteryonline.com\/sv\/vinnande-nummer\/euromillions\/"]}]},{"@type":"ImageObject","inLanguage":"sv-SE","@id":"https:\/\/jackpotlotteryonline.com\/sv\/vinnande-nummer\/euromillions\/#primaryimage","url":"http:\/\/jackpotlotteryonline.com\/wp-content\/uploads\/2022\/11\/euromillions.png","contentUrl":"http:\/\/jackpotlotteryonline.com\/wp-content\/uploads\/2022\/11\/euromillions.png"},{"@type":"BreadcrumbList","@id":"https:\/\/jackpotlotteryonline.com\/sv\/vinnande-nummer\/euromillions\/#breadcrumb","itemListElement":[{"@type":"ListItem","position":1,"name":"Home","item":"https:\/\/jackpotlotteryonline.com\/sv\/"},{"@type":"ListItem","position":2,"name":"Lotterieresultat","item":"https:\/\/jackpotlotteryonline.com\/sv\/vinnande-nummer\/"},{"@type":"ListItem","position":3,"name":"Resultat av Euromillions dragning"}]},{"@type":"WebSite","@id":"https:\/\/jackpotlotteryonline.com\/#website","url":"https:\/\/jackpotlotteryonline.com\/","name":"Lotto Online - Crack The International Lottery Jackpots","description":"","potentialAction":[{"@type":"SearchAction","target":{"@type":"EntryPoint","urlTemplate":"https:\/\/jackpotlotteryonline.com\/?s={search_term_string}"},"query-input":"required name=search_term_string"}],"inLanguage":"sv-SE"}]}},"_links":{"self":[{"href":"https:\/\/jackpotlotteryonline.com\/sv\/wp-json\/wp\/v2\/pages\/40619","targetHints":{"allow":["GET"]}}],"collection":[{"href":"https:\/\/jackpotlotteryonline.com\/sv\/wp-json\/wp\/v2\/pages"}],"about":[{"href":"https:\/\/jackpotlotteryonline.com\/sv\/wp-json\/wp\/v2\/types\/page"}],"author":[{"embeddable":true,"href":"https:\/\/jackpotlotteryonline.com\/sv\/wp-json\/wp\/v2\/users\/1"}],"replies":[{"embeddable":true,"href":"https:\/\/jackpotlotteryonline.com\/sv\/wp-json\/wp\/v2\/comments?post=40619"}],"version-history":[{"count":0,"href":"https:\/\/jackpotlotteryonline.com\/sv\/wp-json\/wp\/v2\/pages\/40619\/revisions"}],"up":[{"embeddable":true,"href":"https:\/\/jackpotlotteryonline.com\/sv\/wp-json\/wp\/v2\/pages\/35858"}],"wp:attachment":[{"href":"https:\/\/jackpotlotteryonline.com\/sv\/wp-json\/wp\/v2\/media?parent=40619"}],"curies":[{"name":"wp","href":"https:\/\/api.w.org\/{rel}","templated":true}]}}