{"id":40690,"date":"2022-12-06T07:39:07","date_gmt":"2022-12-06T07:39:07","guid":{"rendered":"https:\/\/jackpotlotteryonline.com\/?page_id=40690"},"modified":"2022-12-28T09:06:07","modified_gmt":"2022-12-28T09:06:07","slug":"eurojackpot","status":"publish","type":"page","link":"https:\/\/jackpotlotteryonline.com\/sv\/vinnande-nummer\/eurojackpot\/","title":{"rendered":"Resultat av Eurojackpot-uttagningen"},"content":{"rendered":"<p>Hur kontrollerar man de vinnande numren f\u00f6r Eurojackpot-lotteriet? Som ett av de mer popul\u00e4ra lotterierna i Europa \u00e4r spelarna \u00f6verallt ivriga att f\u00e5 en m\u00f6jlighet att vinna stort. Om du bor utanf\u00f6r Europa kan du ocks\u00e5 k\u00f6pa lotter till lotteriet och kontrollera dragningsresultaten online.<\/p>\n<p>N\u00e4r du bes\u00f6ker jackpotlotteryonline.com f\u00e5r du tillg\u00e5ng till de b\u00e4sta internationella lotterierna \u00f6ver hela v\u00e4rlden. Vi erbjuder ett enkelt och bekv\u00e4mt s\u00e4tt att spela p\u00e5 lotteri och kontrollera dragningarna p\u00e5 ett och samma st\u00e4lle.<\/p>\n<h2>Vad \u00e4r den vinnande kombinationen?<\/h2>\n<p><img loading=\"lazy\" decoding=\"async\" class=\"size-full wp-image-28751 alignright\" src=\"http:\/\/jackpotlotteryonline.com\/wp-content\/uploads\/2022\/11\/1_online_ticket_eurojackpot.jpg\" alt=\"Eurojackpot vinnande kombinationer\" width=\"300\" height=\"210\" \/>De flesta m\u00e4nniskor <a href=\"https:\/\/jackpotlotteryonline.com\/sv\/hur-man-spelar\/eurojackpot\">spelar p\u00e5 lotto<\/a> f\u00f6r att f\u00e5 chansen att vinna stort och spelarna \u00e4lskar s\u00e4rskilt Eurojackpot av flera anledningar. Ett av dem \u00e4r den h\u00f6ga chansen att vinna. Det h\u00e4r lotteriet har producerat m\u00e5nga miljon\u00e4rer sedan det lanserades f\u00f6r f\u00f6rsta g\u00e5ngen.<\/p>\n<p>I grund och botten \u00e4r vinnaren den lott som matchar de dragna numren. Om du spelar online m\u00e5ste du v\u00e4lja 5 siffror mellan 1 och 50 och 2 andra mellan 1 och 12. Den som matchar de sju dragna siffrorna vinner jackpotten.<\/p>\n<p>N\u00e4r du v\u00e4ljer dina nummer kan du antingen v\u00e4lja de nummer som \u00e4r speciella f\u00f6r dig eller slumpm\u00e4ssiga nummer. Vissa spelare f\u00f6redrar att anv\u00e4nda v\u00e5r autogenerator f\u00f6r att v\u00e4lja slumpm\u00e4ssigt. Det viktiga \u00e4r att du skaffar din biljett f\u00f6re dragningarna.<\/p>\n<h2>S\u00e5 h\u00e4r kontrollerar du dragningsresultaten<\/h2>\n<p>Detta europeiska lotteri har tv\u00e5 dragningsdagar, p\u00e5 tisdag och fredag varje vecka. Dragningsresultaten meddelas ofta vid en lives\u00e4ndning, men att v\u00e4nta p\u00e5 att titta p\u00e5 de direkts\u00e4nda dragningarna kan bli lite besv\u00e4rligt. S\u00e4rskilt om det krockar med en viktig funktion eller ditt jobb, till exempel. Det \u00e4r d\u00e4rf\u00f6r som det \u00e4r ett fantastiskt alternativ att spela p\u00e5 lotteri med oss.<\/p>\n<p>N\u00e4r du spelar med oss beh\u00f6ver du bara kolla tillbaka f\u00f6r att f\u00e5 reda p\u00e5 dragningsresultaten. Det beror p\u00e5 att vi publicerar dragningsresultaten direkt h\u00e4r p\u00e5 v\u00e5r webbplats.<\/p>\n<p>Om du vinner ett pris meddelar vi dig dessutom via e-post s\u00e5 snart du har vunnit. Och n\u00e4r du loggar in p\u00e5 ditt konto p\u00e5 v\u00e5r plattform f\u00e5r du ett meddelande. Att spela p\u00e5 lotto \u00e4r \u00e4nnu enklare och bekv\u00e4mare n\u00e4r du k\u00f6per dina lotter fr\u00e5n oss.<\/p>\n<h2>Vad du ska g\u00f6ra n\u00e4r du vinner<\/h2>\n<p>Vi \u00e4lskar n\u00e4r v\u00e5ra kunder vinner p\u00e5 lotto eftersom det \u00e4r d\u00e4rf\u00f6r vi finns h\u00e4r fr\u00e5n b\u00f6rjan. F\u00f6r att ge spelare \u00f6verallt tillg\u00e5ng till de b\u00e4sta internationella lotterierna fr\u00e5n bekv\u00e4mligheten av sina datorer eller mobila enheter.<\/p>\n<p>S\u00e5 om du vinner en vinst kommer vi inte bara att varna dig, utan du kan ocks\u00e5 enkelt ta ut dina vinster fr\u00e5n v\u00e5r plattform. Det st\u00e4mmer. Du beh\u00f6ver inte g\u00e5 n\u00e5gonstans f\u00f6r att f\u00e5 tillg\u00e5ng till din lotterivinst, utan kan bara ta ut den direkt p\u00e5 ditt konto.<\/p>\n<p>Vi b\u00f6r dock n\u00e4mna att n\u00e4r det \u00e4r \u00f6ver en viss summa kan du beh\u00f6va fylla i ett kravformul\u00e4r. Detta \u00e4r f\u00f6r att hj\u00e4lpa dig att f\u00e5 din vinst fr\u00e5n lotterif\u00f6retaget. Men vi \u00e4r h\u00e4r f\u00f6r att hj\u00e4lpa dig och g\u00f6ra processen s\u00e5 enkel och okomplicerad som m\u00f6jligt.<\/p>\n<section class=\"layout\" style=\"border: solid 1px; width: 100%;\">\n<div class=\"img-div\" style=\"margin-top: 5px;\"><img decoding=\"async\" class=\"wp-image-17212 alignleft\" style=\"height: 45px; margin: 8px 8px 0px;\" src=\"http:\/\/jackpotlotteryonline.com\/wp-content\/uploads\/2022\/11\/read1.jpg\" alt=\"L\u00e4s\" width=\"\" height=\"\" \/><\/div>\n<div style=\"padding-left: 5px;\">\n<div style=\"font-size: 1.1em;\">\n<p><strong>Hur f\u00e5r jag betalt om jag vinner p\u00e5 lotteriet online?<\/strong><\/p>\n<p style=\"font-size: 0.85em; margin-top: -1.5em;\">S\u00e5 h\u00e4r f\u00e5r du dina pengar om du vinner p\u00e5 n\u00e4tet <a href=\"https:\/\/jackpotlotteryonline.com\/sv\/hur-far-jag-betalt-om-jag-vinner-pa-lotteriet-pa-natet\">L\u00e4s mer<\/a><\/p>\n<\/div>\n<\/div>\n<\/section>\n<h2>Kontrollera dina vinnande nummer i Eurojackpot h\u00e4r<\/h2>\n<p><a href=\"https:\/\/jackpotlotteryonline.com\/sv\/kopa-biljetter\/eurojackpot\">K\u00f6p dina lotter<\/a>, delta i dragningarna och kontrollera dragningsresultaten, allt fr\u00e5n en enda webbplats. Bes\u00f6k jackpotlotteryonline.com idag.<\/p>\n","protected":false},"excerpt":{"rendered":"<p>Hur kontrollerar man de vinnande numren f\u00f6r Eurojackpot-lotteriet? Som ett av de mer popul\u00e4ra lotterierna i Europa \u00e4r spelarna \u00f6verallt ivriga att f\u00e5 en m\u00f6jlighet att vinna stort. Om du bor utanf\u00f6r Europa kan du ocks\u00e5 k\u00f6pa lotter till lotteriet och kontrollera dragningsresultaten online. N\u00e4r du bes\u00f6ker jackpotlotteryonline.com f\u00e5r du tillg\u00e5ng till de b\u00e4sta internationella [&hellip;]<\/p>\n","protected":false},"author":1,"featured_media":0,"parent":35858,"menu_order":4,"comment_status":"closed","ping_status":"closed","template":"eurojackpot-results.php","meta":{"_et_pb_use_builder":"","_et_pb_old_content":"","_et_gb_content_width":"","exclude_from_search":false,"footnotes":""},"class_list":["post-40690","page","type-page","status-publish","hentry"],"yoast_head":"<!-- This site is optimized with the Yoast SEO plugin v23.3 - https:\/\/yoast.com\/wordpress\/plugins\/seo\/ -->\n<title>Eurojackpot vinnande nummer och dragningsresultat<\/title>\n<meta name=\"description\" content=\"Vill du veta vilka nummer som vinner i Eurojackpot? Kolla alla dragningsresultat f\u00f6r Eurojackpot och m\u00e5nga andra lotterier h\u00e4r!\" \/>\n<meta name=\"robots\" content=\"index, follow, max-snippet:-1, max-image-preview:large, max-video-preview:-1\" \/>\n<link rel=\"canonical\" href=\"https:\/\/jackpotlotteryonline.com\/sv\/vinnande-nummer\/eurojackpot\/\" \/>\n<meta property=\"og:locale\" content=\"sv_SE\" \/>\n<meta property=\"og:type\" content=\"article\" \/>\n<meta property=\"og:title\" content=\"Eurojackpot vinnande nummer och dragningsresultat\" \/>\n<meta property=\"og:description\" content=\"Vill du veta vilka nummer som vinner i Eurojackpot? Kolla alla dragningsresultat f\u00f6r Eurojackpot och m\u00e5nga andra lotterier h\u00e4r!\" \/>\n<meta property=\"og:url\" content=\"https:\/\/jackpotlotteryonline.com\/sv\/vinnande-nummer\/eurojackpot\/\" \/>\n<meta property=\"og:site_name\" content=\"Lotto Online - Crack The International Lottery Jackpots\" \/>\n<meta property=\"article:modified_time\" content=\"2022-12-28T09:06:07+00:00\" \/>\n<meta property=\"og:image\" content=\"http:\/\/jackpotlotteryonline.com\/wp-content\/uploads\/2022\/11\/1_online_ticket_eurojackpot.jpg\" \/>\n<meta name=\"twitter:card\" content=\"summary_large_image\" \/>\n<meta name=\"twitter:label1\" content=\"Ber\u00e4knad l\u00e4stid\" \/>\n\t<meta name=\"twitter:data1\" content=\"3 minuter\" \/>\n<!-- \/ Yoast SEO plugin. -->","yoast_head_json":{"title":"Eurojackpot vinnande nummer och dragningsresultat","description":"Vill du veta vilka nummer som vinner i Eurojackpot? Kolla alla dragningsresultat f\u00f6r Eurojackpot och m\u00e5nga andra lotterier h\u00e4r!","robots":{"index":"index","follow":"follow","max-snippet":"max-snippet:-1","max-image-preview":"max-image-preview:large","max-video-preview":"max-video-preview:-1"},"canonical":"https:\/\/jackpotlotteryonline.com\/sv\/vinnande-nummer\/eurojackpot\/","og_locale":"sv_SE","og_type":"article","og_title":"Eurojackpot vinnande nummer och dragningsresultat","og_description":"Vill du veta vilka nummer som vinner i Eurojackpot? Kolla alla dragningsresultat f\u00f6r Eurojackpot och m\u00e5nga andra lotterier h\u00e4r!","og_url":"https:\/\/jackpotlotteryonline.com\/sv\/vinnande-nummer\/eurojackpot\/","og_site_name":"Lotto Online - Crack The International Lottery Jackpots","article_modified_time":"2022-12-28T09:06:07+00:00","og_image":[{"url":"http:\/\/jackpotlotteryonline.com\/wp-content\/uploads\/2022\/11\/1_online_ticket_eurojackpot.jpg"}],"twitter_card":"summary_large_image","twitter_misc":{"Ber\u00e4knad l\u00e4stid":"3 minuter"},"schema":{"@context":"https:\/\/schema.org","@graph":[{"@type":"WebPage","@id":"https:\/\/jackpotlotteryonline.com\/sv\/vinnande-nummer\/eurojackpot\/","url":"https:\/\/jackpotlotteryonline.com\/sv\/vinnande-nummer\/eurojackpot\/","name":"Eurojackpot vinnande nummer och dragningsresultat","isPartOf":{"@id":"https:\/\/jackpotlotteryonline.com\/#website"},"primaryImageOfPage":{"@id":"https:\/\/jackpotlotteryonline.com\/sv\/vinnande-nummer\/eurojackpot\/#primaryimage"},"image":{"@id":"https:\/\/jackpotlotteryonline.com\/sv\/vinnande-nummer\/eurojackpot\/#primaryimage"},"thumbnailUrl":"http:\/\/jackpotlotteryonline.com\/wp-content\/uploads\/2022\/11\/1_online_ticket_eurojackpot.jpg","datePublished":"2022-12-06T07:39:07+00:00","dateModified":"2022-12-28T09:06:07+00:00","description":"Vill du veta vilka nummer som vinner i Eurojackpot? Kolla alla dragningsresultat f\u00f6r Eurojackpot och m\u00e5nga andra lotterier h\u00e4r!","breadcrumb":{"@id":"https:\/\/jackpotlotteryonline.com\/sv\/vinnande-nummer\/eurojackpot\/#breadcrumb"},"inLanguage":"sv-SE","potentialAction":[{"@type":"ReadAction","target":["https:\/\/jackpotlotteryonline.com\/sv\/vinnande-nummer\/eurojackpot\/"]}]},{"@type":"ImageObject","inLanguage":"sv-SE","@id":"https:\/\/jackpotlotteryonline.com\/sv\/vinnande-nummer\/eurojackpot\/#primaryimage","url":"http:\/\/jackpotlotteryonline.com\/wp-content\/uploads\/2022\/11\/1_online_ticket_eurojackpot.jpg","contentUrl":"http:\/\/jackpotlotteryonline.com\/wp-content\/uploads\/2022\/11\/1_online_ticket_eurojackpot.jpg"},{"@type":"BreadcrumbList","@id":"https:\/\/jackpotlotteryonline.com\/sv\/vinnande-nummer\/eurojackpot\/#breadcrumb","itemListElement":[{"@type":"ListItem","position":1,"name":"Home","item":"https:\/\/jackpotlotteryonline.com\/sv\/"},{"@type":"ListItem","position":2,"name":"Lotterieresultat","item":"https:\/\/jackpotlotteryonline.com\/sv\/vinnande-nummer\/"},{"@type":"ListItem","position":3,"name":"Resultat av Eurojackpot-uttagningen"}]},{"@type":"WebSite","@id":"https:\/\/jackpotlotteryonline.com\/#website","url":"https:\/\/jackpotlotteryonline.com\/","name":"Lotto Online - Crack The International Lottery Jackpots","description":"","potentialAction":[{"@type":"SearchAction","target":{"@type":"EntryPoint","urlTemplate":"https:\/\/jackpotlotteryonline.com\/?s={search_term_string}"},"query-input":"required name=search_term_string"}],"inLanguage":"sv-SE"}]}},"_links":{"self":[{"href":"https:\/\/jackpotlotteryonline.com\/sv\/wp-json\/wp\/v2\/pages\/40690","targetHints":{"allow":["GET"]}}],"collection":[{"href":"https:\/\/jackpotlotteryonline.com\/sv\/wp-json\/wp\/v2\/pages"}],"about":[{"href":"https:\/\/jackpotlotteryonline.com\/sv\/wp-json\/wp\/v2\/types\/page"}],"author":[{"embeddable":true,"href":"https:\/\/jackpotlotteryonline.com\/sv\/wp-json\/wp\/v2\/users\/1"}],"replies":[{"embeddable":true,"href":"https:\/\/jackpotlotteryonline.com\/sv\/wp-json\/wp\/v2\/comments?post=40690"}],"version-history":[{"count":0,"href":"https:\/\/jackpotlotteryonline.com\/sv\/wp-json\/wp\/v2\/pages\/40690\/revisions"}],"up":[{"embeddable":true,"href":"https:\/\/jackpotlotteryonline.com\/sv\/wp-json\/wp\/v2\/pages\/35858"}],"wp:attachment":[{"href":"https:\/\/jackpotlotteryonline.com\/sv\/wp-json\/wp\/v2\/media?parent=40690"}],"curies":[{"name":"wp","href":"https:\/\/api.w.org\/{rel}","templated":true}]}}