{"id":40743,"date":"2022-12-06T09:15:30","date_gmt":"2022-12-06T09:15:30","guid":{"rendered":"https:\/\/jackpotlotteryonline.com\/?page_id=40743"},"modified":"2022-12-27T10:30:21","modified_gmt":"2022-12-27T10:30:21","slug":"superenalotto","status":"publish","type":"page","link":"https:\/\/jackpotlotteryonline.com\/sv\/vinnande-nummer\/superenalotto\/","title":{"rendered":"Resultat av dragningen i Superenalotto"},"content":{"rendered":"<p>Superenalotto \u00e4r Italiens nationella lotteri och \u00e4r ett popul\u00e4rt lotteri bland spelarna i landet. Om du spelar fr\u00e5n ett land utanf\u00f6r Italien \u00e4r det en bra id\u00e9 att ta reda p\u00e5 hur du kan kontrollera de vinnande numren. Forts\u00e4tt att l\u00e4sa f\u00f6r att f\u00e5 reda p\u00e5 mer.<\/p>\n<h2>Steg f\u00f6r att spela Superenalotto online<\/h2>\n<p>Att<a href=\"https:\/\/jackpotlotteryonline.com\/sv\/hur-man-spelar\/superenalotto\"> spela Superenalotto online<\/a> \u00e4r som att spela offline men med st\u00f6rre bekv\u00e4mlighet och l\u00e4tthet. N\u00e4r du g\u00e5r till Superenalotto-sidan p\u00e5 jackpotlotteryoneline.com kan du v\u00e4lja 6 nummer fr\u00e5n 1 till 90. D\u00e4refter v\u00e4ljer du hur m\u00e5nga dragningar du vill delta och du kan delta upp till 5 veckor i f\u00f6rv\u00e4g. Ju fler dragningar du deltar i, desto st\u00f6rre \u00e4r dina chanser att vinna.<\/p>\n<p>Superenalotto h\u00e5ller tre veckodragningar p\u00e5 tisdagar, torsdagar och l\u00f6rdagar. Du kan allts\u00e5 delta i antingen en eller alla. Du kan v\u00e4lja ett SuperStar-nummer f\u00f6r att \u00f6ka dina chanser att vinna p\u00e5 lotteriet. Dessutom finns det &#8220;Jolly Number&#8221; som \u00e4r fr\u00e5n 1 till 90 och som anv\u00e4nds f\u00f6r att best\u00e4mma vinnaren i den andra niv\u00e5n.<\/p>\n<h2>S\u00e5 h\u00e4r kontrollerar du dina vinnande nummer<\/h2>\n<p><img loading=\"lazy\" decoding=\"async\" class=\"alignright size-full wp-image-31316\" src=\"https:\/\/jackpotlotteryonline.com\/wp-content\/uploads\/2022\/11\/logo_superenalotto.png\" alt=\"Dragningsresultat f\u00f6r Superenalotto\" width=\"200\" height=\"212\" \/>Det finns olika s\u00e4tt att kontrollera de vinnande numren n\u00e4r du spelar Superenalotto. Du kan visserligen titta p\u00e5 direktdragningarna p\u00e5 TV, men det \u00e4r bara m\u00f6jligt om du bor i Italien och talar italienska. Som tur \u00e4r kan du ocks\u00e5 kontrollera de vinnande numren online efter dragningarna. De flesta nyhetssajter publicerar dragningsresultaten.<\/p>\n<p>Det finns dock n\u00e5gra problem med detta. F\u00f6r det f\u00f6rsta kan du l\u00e4tt gl\u00f6mma att kontrollera dragningsresultaten. Det finns historier om jackpotvinster som f\u00f6rblev oanm\u00e4lda, f\u00f6rmodligen f\u00f6r att vinnarna gl\u00f6mde att kontrollera sina lotter. Dessutom publicerar m\u00e5nga sajter bara vinstnumren f\u00f6r den f\u00f6rsta niv\u00e5n. De flesta lotterier har flera vinstniv\u00e5er.<\/p>\n<p>Om du spelar Superenalotto hos oss beh\u00f6ver du inte oroa dig f\u00f6r att g\u00e5 miste om n\u00e5got pris. Vi kommer inte bara att informera dig s\u00e5 fort du vinner ett pris, utan du kommer att f\u00e5 ett meddelande n\u00e4r du loggar in. Dessutom publicerar vi lotteriresultaten direkt efter dragningarna h\u00e4r p\u00e5 v\u00e5r webbplats. S\u00e5 kom tillbaka efter dragningarna f\u00f6r att se om du har de vinnande numren f\u00f6r Superenalotto.<\/p>\n<h2>Superenalotto vinstniv\u00e5er<\/h2>\n<p>Vi har redan n\u00e4mnt att Superenalotto lotteriet har ett jackpotpris p\u00e5 2 miljoner euro. Men visste du att det inte finns n\u00e5got tak f\u00f6r jackpottbeloppet? Det betyder att om det inte finns n\u00e5gon vinnare efter en dragning forts\u00e4tter vinsten att rulla vidare tills det finns en vinnare. Jackpotten rullade \u00f6ver s\u00e5 m\u00e5nga g\u00e5nger under 2019 att den n\u00e5dde ett rekordbelopp p\u00e5 209,1 miljoner euro.<\/p>\n<p>F\u00f6rutom jackpotten, som \u00e4r priset f\u00f6r den f\u00f6rsta niv\u00e5n, finns det andra priser som en spelare kan vinna. Priserna best\u00e4ms av prispotten s\u00e5 det finns inget fast belopp. Vi kommer dock att dela med oss av det genomsnittliga beloppet per dragning.<\/p>\n<p>Match 6 &#8211; 92 056 091,66 euro<\/p>\n<p>Match 5 + Jolly-nummer &#8211; 594 951,95 euro.<\/p>\n<p>Match 5 &#8211; 49 736,38 euro<\/p>\n<p>Match 4 nummer &#8211; 354,83 euro<\/p>\n<p>Match 3 nummer &#8211; 27,15 euro<\/p>\n<p>Match 2 nummer &#8211; 5,48 euro<\/p>\n<section class=\"layout\" style=\"border: solid 1px; width: 100%;\">\n<div class=\"img-div\" style=\"margin-top: 5px;\"><img decoding=\"async\" class=\"wp-image-17212 alignleft\" style=\"height: 45px; margin: 8px 8px 0px;\" src=\"https:\/\/jackpotlotteryonline.com\/wp-content\/uploads\/2022\/11\/read1.jpg\" alt=\"L\u00e4s\" width=\"\" height=\"\" \/><\/div>\n<div style=\"padding-left: 5px;\">\n<div style=\"font-size: 1.1em;\">\n<p><strong>De lotterier som har de b\u00e4sta oddsen f\u00f6r att du ska vinna stort<\/strong><\/p>\n<p style=\"font-size: 0.85em; margin-top: -1.5em;\">Vilket lotteri har de b\u00e4sta vinstchanserna? <a href=\"https:\/\/jackpotlotteryonline.com\/sv\/vilket-lotteri-har-de-basta-vinstchanserna\">L\u00e4s mer<\/a><\/p>\n<\/div>\n<\/div>\n<\/section>\n<h2>Ta ut dina Superenalotto-vinster<\/h2>\n<p>Eftersom du spelar Superenalotto online \u00e4r det naturligt att du undrar vad som h\u00e4nder n\u00e4r du vinner en vinst. H\u00e4r kommer vi att dela med oss av hur du kan kr\u00e4va dina Superenalotto-vinster \u00e4ven om du bor utanf\u00f6r Italien.<\/p>\n<p>N\u00e4r du spelar Superenalotto hos oss \u00e4r det lika enkelt att kr\u00e4va dina vinster som att logga in p\u00e5 ditt konto h\u00e4r. F\u00f6r vinster under \u20ac2500 kan du g\u00f6ra uttag direkt fr\u00e5n v\u00e5r plattform till ditt konto. Det \u00e4r verkligen enkelt och problemfritt s\u00e5 att du kan koncentrera dig p\u00e5 en underbar lotteriupplevelse.<\/p>\n<p>F\u00f6r h\u00f6gre belopp kan du beh\u00f6va kontakta lotterif\u00f6retaget och fylla i ett kravformul\u00e4r. Men vi kommer att vara h\u00e4r f\u00f6r att guida dig genom processen. S\u00e5<a href=\"https:\/\/jackpotlotteryonline.com\/sv\/kopa-biljetter\/superenalotto\"> k\u00f6p din Superenalottolott idag och v\u00e4lj dina vinnande<\/a> nummer.<\/p>\n","protected":false},"excerpt":{"rendered":"<p>Superenalotto \u00e4r Italiens nationella lotteri och \u00e4r ett popul\u00e4rt lotteri bland spelarna i landet. Om du spelar fr\u00e5n ett land utanf\u00f6r Italien \u00e4r det en bra id\u00e9 att ta reda p\u00e5 hur du kan kontrollera de vinnande numren. Forts\u00e4tt att l\u00e4sa f\u00f6r att f\u00e5 reda p\u00e5 mer. Steg f\u00f6r att spela Superenalotto online Att spela [&hellip;]<\/p>\n","protected":false},"author":1,"featured_media":0,"parent":35858,"menu_order":5,"comment_status":"closed","ping_status":"closed","template":"superenalotto-results.php","meta":{"_et_pb_use_builder":"","_et_pb_old_content":"","_et_gb_content_width":"","exclude_from_search":false,"footnotes":""},"class_list":["post-40743","page","type-page","status-publish","hentry"],"yoast_head":"<!-- This site is optimized with the Yoast SEO plugin v23.3 - https:\/\/yoast.com\/wordpress\/plugins\/seo\/ -->\n<title>Superenalotto vinnande nummer och dragningsresultat<\/title>\n<meta name=\"description\" content=\"F\u00e5 dragningsresultat och vinnande nummer f\u00f6r Italiens Superenalotto, med dagliga uppdateringar h\u00e4r p\u00e5 v\u00e5r webbplats f\u00f6r lotterier.\" \/>\n<meta name=\"robots\" content=\"index, follow, max-snippet:-1, max-image-preview:large, max-video-preview:-1\" \/>\n<link rel=\"canonical\" href=\"https:\/\/jackpotlotteryonline.com\/sv\/vinnande-nummer\/superenalotto\/\" \/>\n<meta property=\"og:locale\" content=\"sv_SE\" \/>\n<meta property=\"og:type\" content=\"article\" \/>\n<meta property=\"og:title\" content=\"Superenalotto vinnande nummer och dragningsresultat\" \/>\n<meta property=\"og:description\" content=\"F\u00e5 dragningsresultat och vinnande nummer f\u00f6r Italiens Superenalotto, med dagliga uppdateringar h\u00e4r p\u00e5 v\u00e5r webbplats f\u00f6r lotterier.\" \/>\n<meta property=\"og:url\" content=\"https:\/\/jackpotlotteryonline.com\/sv\/vinnande-nummer\/superenalotto\/\" \/>\n<meta property=\"og:site_name\" content=\"Lotto Online - Crack The International Lottery Jackpots\" \/>\n<meta property=\"article:modified_time\" content=\"2022-12-27T10:30:21+00:00\" \/>\n<meta property=\"og:image\" content=\"https:\/\/jackpotlotteryonline.com\/wp-content\/uploads\/2022\/11\/logo_superenalotto.png\" \/>\n<meta name=\"twitter:card\" content=\"summary_large_image\" \/>\n<meta name=\"twitter:label1\" content=\"Ber\u00e4knad l\u00e4stid\" \/>\n\t<meta name=\"twitter:data1\" content=\"3 minuter\" \/>\n<!-- \/ Yoast SEO plugin. -->","yoast_head_json":{"title":"Superenalotto vinnande nummer och dragningsresultat","description":"F\u00e5 dragningsresultat och vinnande nummer f\u00f6r Italiens Superenalotto, med dagliga uppdateringar h\u00e4r p\u00e5 v\u00e5r webbplats f\u00f6r lotterier.","robots":{"index":"index","follow":"follow","max-snippet":"max-snippet:-1","max-image-preview":"max-image-preview:large","max-video-preview":"max-video-preview:-1"},"canonical":"https:\/\/jackpotlotteryonline.com\/sv\/vinnande-nummer\/superenalotto\/","og_locale":"sv_SE","og_type":"article","og_title":"Superenalotto vinnande nummer och dragningsresultat","og_description":"F\u00e5 dragningsresultat och vinnande nummer f\u00f6r Italiens Superenalotto, med dagliga uppdateringar h\u00e4r p\u00e5 v\u00e5r webbplats f\u00f6r lotterier.","og_url":"https:\/\/jackpotlotteryonline.com\/sv\/vinnande-nummer\/superenalotto\/","og_site_name":"Lotto Online - Crack The International Lottery Jackpots","article_modified_time":"2022-12-27T10:30:21+00:00","og_image":[{"url":"https:\/\/jackpotlotteryonline.com\/wp-content\/uploads\/2022\/11\/logo_superenalotto.png"}],"twitter_card":"summary_large_image","twitter_misc":{"Ber\u00e4knad l\u00e4stid":"3 minuter"},"schema":{"@context":"https:\/\/schema.org","@graph":[{"@type":"WebPage","@id":"https:\/\/jackpotlotteryonline.com\/sv\/vinnande-nummer\/superenalotto\/","url":"https:\/\/jackpotlotteryonline.com\/sv\/vinnande-nummer\/superenalotto\/","name":"Superenalotto vinnande nummer och dragningsresultat","isPartOf":{"@id":"https:\/\/jackpotlotteryonline.com\/#website"},"primaryImageOfPage":{"@id":"https:\/\/jackpotlotteryonline.com\/sv\/vinnande-nummer\/superenalotto\/#primaryimage"},"image":{"@id":"https:\/\/jackpotlotteryonline.com\/sv\/vinnande-nummer\/superenalotto\/#primaryimage"},"thumbnailUrl":"https:\/\/jackpotlotteryonline.com\/wp-content\/uploads\/2022\/11\/logo_superenalotto.png","datePublished":"2022-12-06T09:15:30+00:00","dateModified":"2022-12-27T10:30:21+00:00","description":"F\u00e5 dragningsresultat och vinnande nummer f\u00f6r Italiens Superenalotto, med dagliga uppdateringar h\u00e4r p\u00e5 v\u00e5r webbplats f\u00f6r lotterier.","breadcrumb":{"@id":"https:\/\/jackpotlotteryonline.com\/sv\/vinnande-nummer\/superenalotto\/#breadcrumb"},"inLanguage":"sv-SE","potentialAction":[{"@type":"ReadAction","target":["https:\/\/jackpotlotteryonline.com\/sv\/vinnande-nummer\/superenalotto\/"]}]},{"@type":"ImageObject","inLanguage":"sv-SE","@id":"https:\/\/jackpotlotteryonline.com\/sv\/vinnande-nummer\/superenalotto\/#primaryimage","url":"https:\/\/jackpotlotteryonline.com\/wp-content\/uploads\/2022\/11\/logo_superenalotto.png","contentUrl":"https:\/\/jackpotlotteryonline.com\/wp-content\/uploads\/2022\/11\/logo_superenalotto.png"},{"@type":"BreadcrumbList","@id":"https:\/\/jackpotlotteryonline.com\/sv\/vinnande-nummer\/superenalotto\/#breadcrumb","itemListElement":[{"@type":"ListItem","position":1,"name":"Home","item":"https:\/\/jackpotlotteryonline.com\/sv\/"},{"@type":"ListItem","position":2,"name":"Lotterieresultat","item":"https:\/\/jackpotlotteryonline.com\/sv\/vinnande-nummer\/"},{"@type":"ListItem","position":3,"name":"Resultat av dragningen i Superenalotto"}]},{"@type":"WebSite","@id":"https:\/\/jackpotlotteryonline.com\/#website","url":"https:\/\/jackpotlotteryonline.com\/","name":"Lotto Online - Crack The International Lottery Jackpots","description":"","potentialAction":[{"@type":"SearchAction","target":{"@type":"EntryPoint","urlTemplate":"https:\/\/jackpotlotteryonline.com\/?s={search_term_string}"},"query-input":"required name=search_term_string"}],"inLanguage":"sv-SE"}]}},"_links":{"self":[{"href":"https:\/\/jackpotlotteryonline.com\/sv\/wp-json\/wp\/v2\/pages\/40743","targetHints":{"allow":["GET"]}}],"collection":[{"href":"https:\/\/jackpotlotteryonline.com\/sv\/wp-json\/wp\/v2\/pages"}],"about":[{"href":"https:\/\/jackpotlotteryonline.com\/sv\/wp-json\/wp\/v2\/types\/page"}],"author":[{"embeddable":true,"href":"https:\/\/jackpotlotteryonline.com\/sv\/wp-json\/wp\/v2\/users\/1"}],"replies":[{"embeddable":true,"href":"https:\/\/jackpotlotteryonline.com\/sv\/wp-json\/wp\/v2\/comments?post=40743"}],"version-history":[{"count":0,"href":"https:\/\/jackpotlotteryonline.com\/sv\/wp-json\/wp\/v2\/pages\/40743\/revisions"}],"up":[{"embeddable":true,"href":"https:\/\/jackpotlotteryonline.com\/sv\/wp-json\/wp\/v2\/pages\/35858"}],"wp:attachment":[{"href":"https:\/\/jackpotlotteryonline.com\/sv\/wp-json\/wp\/v2\/media?parent=40743"}],"curies":[{"name":"wp","href":"https:\/\/api.w.org\/{rel}","templated":true}]}}