{"id":40795,"date":"2022-12-06T10:43:01","date_gmt":"2022-12-06T10:43:01","guid":{"rendered":"https:\/\/jackpotlotteryonline.com\/?page_id=40795"},"modified":"2022-12-28T14:54:49","modified_gmt":"2022-12-28T14:54:49","slug":"la-primitiva","status":"publish","type":"page","link":"https:\/\/jackpotlotteryonline.com\/sv\/vinnande-nummer\/la-primitiva\/","title":{"rendered":"Resultat av La Primitiva-dragningen"},"content":{"rendered":"<h2>Hur man v\u00e4ljer La Primitiva-vinstnummer<\/h2>\n<p>Om du vill spela La Primitiva m\u00e5ste du f\u00f6rst och fr\u00e4mst v\u00e4lja 6 nummer fr\u00e5n 1 till 49. Dessutom m\u00e5ste du v\u00e4lja 1 nummer fr\u00e5n 0-9. Detta extra nummer kallas Reintegro-numret. Det finns ocks\u00e5 Complemantario numret och det anv\u00e4nds f\u00f6r att best\u00e4mma n\u00e5gra av vinstniv\u00e5erna.<\/p>\n<p>Det finns flera metoder som spelarna anv\u00e4nder f\u00f6r att v\u00e4lja sina La Primitiva-nummer. Vissa f\u00f6redrar att v\u00e4lja siffror som har speciella betydelser f\u00f6r dem. Som deras f\u00f6delsedagar eller \u00e5rsdagar. Andra v\u00e4ljer bara slumpm\u00e4ssiga nummer och hoppas att turen ska vara p\u00e5 deras sida. Eftersom La Primitiva, precis som alla andra lotterier, \u00e4r ett lyckospel kan ingen klandra dem.<\/p>\n<section class=\"layout\" style=\"border: solid 1px; width: 100%;\">\n<div class=\"img-div\" style=\"margin-top: 5px;\"><img decoding=\"async\" class=\"wp-image-17212 alignleft\" style=\"height: 45px; margin: 8px 8px 0px;\" src=\"https:\/\/jackpotlotteryonline.com\/wp-content\/uploads\/2022\/11\/read1.jpg\" alt=\"L\u00e4s\" width=\"\" height=\"\" \/><\/div>\n<div style=\"padding-left: 5px;\">\n<div style=\"font-size: 1.1em;\">\n<p><strong>Tips om lotterier<\/strong><\/p>\n<p style=\"font-size: 0.85em; margin-top: -1.5em;\">Tips som hj\u00e4lper dig att vinna p\u00e5 lotto\u00a0<a href=\"https:\/\/jackpotlotteryonline.com\/sv\/tips-som-hjalper-dig-att-vinna-pa-lotteriet\"> L\u00e4s mer<\/a><\/p>\n<\/div>\n<\/div>\n<\/section>\n<h2>Att vinna La Primitiva<\/h2>\n<p>La Primitiva h\u00e5ller tre dragningar i veckan, p\u00e5 m\u00e5ndag, torsdag och l\u00f6rdag. N\u00e4r du v\u00e4l har valt dina nummer \u00e4r n\u00e4sta steg att delta i de dragningar du valt. Efter dragningarna vinner den lott som matchar de dragna resultaten lotteriet.<\/p>\n<p>Att g\u00e5 hem med en vinst har d\u00e4rf\u00f6r mycket att g\u00f6ra med vilka siffror du v\u00e4ljer.<\/p>\n<p>F\u00f6r att vinna La Primitiva-jackpotten m\u00e5ste spelaren matcha alla 7 nummer (de 6 huvudnumren och Reintegro-numret). Jackpottsumman b\u00f6rjar p\u00e5 5 miljoner euro. Om det finns fler \u00e4n en vinnare delas beloppet mellan vinnarna. H\u00e4r \u00e4r priserna som spelarna kan vinna.<br \/>\n<img loading=\"lazy\" decoding=\"async\" class=\"alignright size-full wp-image-27671\" src=\"https:\/\/jackpotlotteryonline.com\/wp-content\/uploads\/2022\/11\/1_lottery_online_winner3.jpg\" alt=\"Vinn La Primitiva\" width=\"300\" height=\"300\" srcset=\"https:\/\/jackpotlotteryonline.com\/wp-content\/uploads\/2022\/11\/1_lottery_online_winner3.jpg 300w, https:\/\/jackpotlotteryonline.com\/wp-content\/uploads\/2022\/11\/1_lottery_online_winner3-100x100.jpg 100w, https:\/\/jackpotlotteryonline.com\/wp-content\/uploads\/2022\/11\/1_lottery_online_winner3-150x150.jpg 150w\" sizes=\"auto, (max-width: 300px) 100vw, 300px\" \/>Jackpot &#8211; Match 6 + Reintegro<\/p>\n<p>Division 1 &#8211; endast match 6<\/p>\n<p>Division 2 &#8211; Match 5 + gratis nummer<\/p>\n<p>Division 3 &#8211; Endast match 5<\/p>\n<p>Division 4 &#8211; Endast match 4<\/p>\n<p>Huvudgrupp 5 &#8211; Endast match 3<\/p>\n<p>Reintegro &#8211; Matcha endast Reintegro-numret<\/p>\n<h2>Spela La Primitiva online med jackpotlotteryonline.com<\/h2>\n<p>N\u00e4r <a href=\"https:\/\/jackpotlotteryonline.com\/sv\/hur-man-spelar\/la-primitiva-2\">du spelar La Primitiva-lotteriet<\/a> hos oss f\u00e5r du inte bara tillg\u00e5ng till La Primitiva utan \u00e4ven till dragningsresultaten. Att spela online \u00f6ppnar en v\u00e4rld av m\u00f6jligheter f\u00f6r b\u00e5de erfarna spelare och nyb\u00f6rjare. Vi erbjuder ett bekv\u00e4mt s\u00e4tt att k\u00f6pa dina lotter, kontrollera dina resultat och f\u00e5 tillg\u00e5ng till dina vinster. Men vi kommer att komma till det om en stund.<\/p>\n<p>Du kan enkelt <a href=\"https:\/\/jackpotlotteryonline.com\/sv\/kopa-biljetter\/la-primitiva\">k\u00f6pa din La Primitiva-lott<\/a> genom att g\u00e5 till lotterisidan och v\u00e4lja dina vinstsiffror. Om du \u00e4r os\u00e4ker p\u00e5 vad du ska v\u00e4lja kan du anv\u00e4nda v\u00e5r autogenerator f\u00f6r att v\u00e4lja slumpm\u00e4ssiga siffror. D\u00e4refter anger du de dragningar du vill ha och om du inte redan \u00e4r registrerad hos oss kan du registrera dig f\u00f6r ett konto.<\/p>\n<p>Att registrera sig \u00e4r ett viktigt steg och du beh\u00f6ver ett konto av f\u00f6ljande sk\u00e4l:<\/p>\n<ul>\n<li>F\u00f6r att lagra din digitala biljett<\/li>\n<li>F\u00f6r att st\u00e4lla in automatiska dragningar<\/li>\n<li>F\u00f6r att f\u00e5 meddelanden n\u00e4r du vinner priser.<\/li>\n<\/ul>\n<h2>Kontrollera dina La Primitiva-lotterieresultat<\/h2>\n<p>Det har aldrig varit enklare att kontrollera dina La Primitiva-resultat n\u00e4r du spelar online med oss. Efter varje dragning publicerar vi dragningsresultaten direkt h\u00e4r p\u00e5 v\u00e5r sida. Ut\u00f6ver det meddelar vi dig dock via e-post n\u00e4r du vinner ett pris. S\u00e5 du beh\u00f6ver aldrig mer missa att h\u00e4mta ut ditt pris.<\/p>\n<h2>Att h\u00e4mta ut din vinst<\/h2>\n<p>Den kanske mest intressanta delen av att spela La Primitiva online \u00e4r att du inte beh\u00f6ver \u00e5ka till Spanien f\u00f6r att h\u00e4mta ut dina vinster. F\u00f6r vinster som \u00e4r mindre \u00e4n 2 500 euro kan du helt enkelt ta ut pengar fr\u00e5n v\u00e5r plattform till ditt konto.<\/p>\n<p>Spela lotteriet med oss f\u00f6r att kontrollera dina La Primitiva vinstnummer online.<\/p>\n","protected":false},"excerpt":{"rendered":"<p>Hur man v\u00e4ljer La Primitiva-vinstnummer Om du vill spela La Primitiva m\u00e5ste du f\u00f6rst och fr\u00e4mst v\u00e4lja 6 nummer fr\u00e5n 1 till 49. Dessutom m\u00e5ste du v\u00e4lja 1 nummer fr\u00e5n 0-9. Detta extra nummer kallas Reintegro-numret. Det finns ocks\u00e5 Complemantario numret och det anv\u00e4nds f\u00f6r att best\u00e4mma n\u00e5gra av vinstniv\u00e5erna. Det finns flera metoder som [&hellip;]<\/p>\n","protected":false},"author":1,"featured_media":0,"parent":35858,"menu_order":7,"comment_status":"closed","ping_status":"closed","template":"la-primitiva-results.php","meta":{"_et_pb_use_builder":"","_et_pb_old_content":"","_et_gb_content_width":"","exclude_from_search":false,"footnotes":""},"class_list":["post-40795","page","type-page","status-publish","hentry"],"yoast_head":"<!-- This site is optimized with the Yoast SEO plugin v23.3 - https:\/\/yoast.com\/wordpress\/plugins\/seo\/ -->\n<title>La Primitiva vinnande nummer och dragningsresultat<\/title>\n<meta name=\"description\" content=\"Spaniens La Primitiva-lotteri - alla dragningsresultat och vinnande nummer samt ett resultatarkiv, allt p\u00e5 en enda webbplats.\" \/>\n<meta name=\"robots\" content=\"index, follow, max-snippet:-1, max-image-preview:large, max-video-preview:-1\" \/>\n<link rel=\"canonical\" href=\"https:\/\/jackpotlotteryonline.com\/sv\/vinnande-nummer\/la-primitiva\/\" \/>\n<meta property=\"og:locale\" content=\"sv_SE\" \/>\n<meta property=\"og:type\" content=\"article\" \/>\n<meta property=\"og:title\" content=\"La Primitiva vinnande nummer och dragningsresultat\" \/>\n<meta property=\"og:description\" content=\"Spaniens La Primitiva-lotteri - alla dragningsresultat och vinnande nummer samt ett resultatarkiv, allt p\u00e5 en enda webbplats.\" \/>\n<meta property=\"og:url\" content=\"https:\/\/jackpotlotteryonline.com\/sv\/vinnande-nummer\/la-primitiva\/\" \/>\n<meta property=\"og:site_name\" content=\"Lotto Online - Crack The International Lottery Jackpots\" \/>\n<meta property=\"article:modified_time\" content=\"2022-12-28T14:54:49+00:00\" \/>\n<meta property=\"og:image\" content=\"https:\/\/jackpotlotteryonline.com\/wp-content\/uploads\/2022\/11\/read1.jpg\" \/>\n<meta name=\"twitter:card\" content=\"summary_large_image\" \/>\n<meta name=\"twitter:label1\" content=\"Ber\u00e4knad l\u00e4stid\" \/>\n\t<meta name=\"twitter:data1\" content=\"3 minuter\" \/>\n<!-- \/ Yoast SEO plugin. -->","yoast_head_json":{"title":"La Primitiva vinnande nummer och dragningsresultat","description":"Spaniens La Primitiva-lotteri - alla dragningsresultat och vinnande nummer samt ett resultatarkiv, allt p\u00e5 en enda webbplats.","robots":{"index":"index","follow":"follow","max-snippet":"max-snippet:-1","max-image-preview":"max-image-preview:large","max-video-preview":"max-video-preview:-1"},"canonical":"https:\/\/jackpotlotteryonline.com\/sv\/vinnande-nummer\/la-primitiva\/","og_locale":"sv_SE","og_type":"article","og_title":"La Primitiva vinnande nummer och dragningsresultat","og_description":"Spaniens La Primitiva-lotteri - alla dragningsresultat och vinnande nummer samt ett resultatarkiv, allt p\u00e5 en enda webbplats.","og_url":"https:\/\/jackpotlotteryonline.com\/sv\/vinnande-nummer\/la-primitiva\/","og_site_name":"Lotto Online - Crack The International Lottery Jackpots","article_modified_time":"2022-12-28T14:54:49+00:00","og_image":[{"url":"https:\/\/jackpotlotteryonline.com\/wp-content\/uploads\/2022\/11\/read1.jpg"}],"twitter_card":"summary_large_image","twitter_misc":{"Ber\u00e4knad l\u00e4stid":"3 minuter"},"schema":{"@context":"https:\/\/schema.org","@graph":[{"@type":"WebPage","@id":"https:\/\/jackpotlotteryonline.com\/sv\/vinnande-nummer\/la-primitiva\/","url":"https:\/\/jackpotlotteryonline.com\/sv\/vinnande-nummer\/la-primitiva\/","name":"La Primitiva vinnande nummer och dragningsresultat","isPartOf":{"@id":"https:\/\/jackpotlotteryonline.com\/#website"},"primaryImageOfPage":{"@id":"https:\/\/jackpotlotteryonline.com\/sv\/vinnande-nummer\/la-primitiva\/#primaryimage"},"image":{"@id":"https:\/\/jackpotlotteryonline.com\/sv\/vinnande-nummer\/la-primitiva\/#primaryimage"},"thumbnailUrl":"https:\/\/jackpotlotteryonline.com\/wp-content\/uploads\/2022\/11\/read1.jpg","datePublished":"2022-12-06T10:43:01+00:00","dateModified":"2022-12-28T14:54:49+00:00","description":"Spaniens La Primitiva-lotteri - alla dragningsresultat och vinnande nummer samt ett resultatarkiv, allt p\u00e5 en enda webbplats.","breadcrumb":{"@id":"https:\/\/jackpotlotteryonline.com\/sv\/vinnande-nummer\/la-primitiva\/#breadcrumb"},"inLanguage":"sv-SE","potentialAction":[{"@type":"ReadAction","target":["https:\/\/jackpotlotteryonline.com\/sv\/vinnande-nummer\/la-primitiva\/"]}]},{"@type":"ImageObject","inLanguage":"sv-SE","@id":"https:\/\/jackpotlotteryonline.com\/sv\/vinnande-nummer\/la-primitiva\/#primaryimage","url":"https:\/\/jackpotlotteryonline.com\/wp-content\/uploads\/2022\/11\/read1.jpg","contentUrl":"https:\/\/jackpotlotteryonline.com\/wp-content\/uploads\/2022\/11\/read1.jpg"},{"@type":"BreadcrumbList","@id":"https:\/\/jackpotlotteryonline.com\/sv\/vinnande-nummer\/la-primitiva\/#breadcrumb","itemListElement":[{"@type":"ListItem","position":1,"name":"Home","item":"https:\/\/jackpotlotteryonline.com\/sv\/"},{"@type":"ListItem","position":2,"name":"Lotterieresultat","item":"https:\/\/jackpotlotteryonline.com\/sv\/vinnande-nummer\/"},{"@type":"ListItem","position":3,"name":"Resultat av La Primitiva-dragningen"}]},{"@type":"WebSite","@id":"https:\/\/jackpotlotteryonline.com\/#website","url":"https:\/\/jackpotlotteryonline.com\/","name":"Lotto Online - Crack The International Lottery Jackpots","description":"","potentialAction":[{"@type":"SearchAction","target":{"@type":"EntryPoint","urlTemplate":"https:\/\/jackpotlotteryonline.com\/?s={search_term_string}"},"query-input":"required name=search_term_string"}],"inLanguage":"sv-SE"}]}},"_links":{"self":[{"href":"https:\/\/jackpotlotteryonline.com\/sv\/wp-json\/wp\/v2\/pages\/40795","targetHints":{"allow":["GET"]}}],"collection":[{"href":"https:\/\/jackpotlotteryonline.com\/sv\/wp-json\/wp\/v2\/pages"}],"about":[{"href":"https:\/\/jackpotlotteryonline.com\/sv\/wp-json\/wp\/v2\/types\/page"}],"author":[{"embeddable":true,"href":"https:\/\/jackpotlotteryonline.com\/sv\/wp-json\/wp\/v2\/users\/1"}],"replies":[{"embeddable":true,"href":"https:\/\/jackpotlotteryonline.com\/sv\/wp-json\/wp\/v2\/comments?post=40795"}],"version-history":[{"count":0,"href":"https:\/\/jackpotlotteryonline.com\/sv\/wp-json\/wp\/v2\/pages\/40795\/revisions"}],"up":[{"embeddable":true,"href":"https:\/\/jackpotlotteryonline.com\/sv\/wp-json\/wp\/v2\/pages\/35858"}],"wp:attachment":[{"href":"https:\/\/jackpotlotteryonline.com\/sv\/wp-json\/wp\/v2\/media?parent=40795"}],"curies":[{"name":"wp","href":"https:\/\/api.w.org\/{rel}","templated":true}]}}