{"id":40853,"date":"2022-12-07T07:09:30","date_gmt":"2022-12-07T07:09:30","guid":{"rendered":"https:\/\/jackpotlotteryonline.com\/?page_id=40853"},"modified":"2022-12-28T13:00:22","modified_gmt":"2022-12-28T13:00:22","slug":"el-gordo-draw-results","status":"publish","type":"page","link":"https:\/\/jackpotlotteryonline.com\/sv\/vinnande-nummer\/el-gordo-draw-results\/","title":{"rendered":"Resultat av El Gordo-dragningen"},"content":{"rendered":"<p>Lotterifantaster blir glada n\u00e4r de h\u00f6r talas om El Gordo, inte bara f\u00f6r att det \u00e4r ett av de st\u00f6rsta europeiska lotterierna. El Gordo \u00e4r moder till alla lotterier av det enkla sk\u00e4let att dragningarna \u00e4ger rum en g\u00e5ng om \u00e5ret. Egentligen \u00e4r detta en del av det spanska lotteriet, och varje \u00e5r anordnas en s\u00e4rskild juldragning. Det \u00e4r en h\u00e4ndelse som \u00e4r fylld av sp\u00e4nning och genomsyrad av tradition. Det f\u00f6r samman familjer, grannskap och hela samh\u00e4llen f\u00f6r att fira julen. F\u00f6r spelarna i Spanien \u00e4r julen den tid d\u00e5 de ska h\u00e5lla utkik efter El Gordos vinnande nummer.<\/p>\n<p>Typiskt sett \u00e4r El Gordo ett lotteri som \u00e4ger rum i Spanien. Det betyder att om du inte bor i det landet skulle du ha sv\u00e5rt att k\u00f6pa El Gordo-lotter. Detta har \u00e4ndrats eftersom du nu kan kolla El Gordo vinnande nummer p\u00e5 internet.<\/p>\n<h2>Spela El Gordo<\/h2>\n<p><img loading=\"lazy\" decoding=\"async\" class=\"alignright size-full wp-image-17870\" src=\"https:\/\/jackpotlotteryonline.com\/wp-content\/uploads\/2022\/10\/lotto_euros.jpg\" alt=\"Spela El Gordo\" width=\"225\" height=\"134\" \/>El Gordo betyder &#8220;den stora&#8221; och \u00e4r v\u00e4rldens st\u00f6rsta jackpot. Det speciella med detta lotteri \u00e4r att jackpotten nu vinns av en enda person. Det beror p\u00e5 att lotterna \u00e4r uppdelade i s\u00e5 m\u00e5nga fraktioner. Det \u00e4r faktiskt den h\u00e4r delen av att spela El Gordo som kan vara lite f\u00f6rvirrande. Varje El Gordo-lott delas upp i 10 sektioner och var och en av dessa sektioner delas ytterligare upp.<\/p>\n<p>Den billigaste El Gordo-biljetten du kan k\u00f6pa \u00e4r 1\/100 av en hel biljett.<\/p>\n<p>Om du vill veta mer om att <a href=\"https:\/\/jackpotlotteryonline.com\/sv\/hur-man-spelar\/el-gordo\">spela El Gordo<\/a> kan du bes\u00f6ka jackpotlotteryonline.com och <a href=\"https:\/\/jackpotlotteryonline.com\/sv\/kopa-biljetter\/el-gordo\">k\u00f6pa dina biljetter nu.<\/a> Att spela El Gordo \u00e4r v\u00e4ldigt roligt, s\u00e4rskilt n\u00e4r du spelar online.<\/p>\n<h2>Spela online<\/h2>\n<p>Om du \u00e4r redo att delta i El Gordo-lotteriet kan du bes\u00f6ka v\u00e5r webbplats och v\u00e4lja dina vinstsiffror. Allt du beh\u00f6ver g\u00f6ra \u00e4r att v\u00e4lja 6 fr\u00e5n 1 till 49. Naturligtvis kan du l\u00e5ta v\u00e5r automatiska v\u00e4ljare g\u00f6ra det \u00e5t dig om du inte har n\u00e5got specifikt du vill spela. G\u00e5 sedan in i dragningarna och v\u00e4nta p\u00e5 El Gordos vinnande resultat.<\/p>\n<h2>Hur man vinner El Gordo<\/h2>\n<p>Att vinna El Gordo inneb\u00e4r helt enkelt att du har den vinnande kombinationen. Om dina siffror matchar det som dras \u00e4r du allts\u00e5 vinnare i El Gordo-lotteriet.<\/p>\n<p>Det finns flera strategier som spelarna anv\u00e4nder f\u00f6r att v\u00e4lja vinnande kombinationer f\u00f6r El Gordo. En av dem \u00e4r att v\u00e4lja siffror som de anser vara lyckosamma. F\u00f6r vissa \u00e4r det deras f\u00f6delsedagar eller n\u00e4ra och k\u00e4ra personers f\u00f6delsedagar. Det kan vara vilket nummer som helst som \u00e4r speciellt f\u00f6r dig. Andra spelare f\u00f6redrar att helt f\u00f6rlita sig p\u00e5 slumpm\u00e4ssigt genererade nummer. Vad du v\u00e4ljer \u00e4r upp till dig.<\/p>\n<p>Ett annat s\u00e4tt att v\u00e4lja en vinnande kombination f\u00f6r El Gordo \u00e4r att titta p\u00e5 tidigare resultat. Detta kommer att hj\u00e4lpa dig s\u00e4rskilt om du \u00e4r en frekvent spelare. F\u00f6r m\u00e5nga spelare \u00e4r det alltid en bra spelplan att k\u00f6pa flera biljetter. Du kan alltid bilda en grupp med dina v\u00e4nner eller din familj och k\u00f6pa El Gordo-biljetter.<\/p>\n<h2>Hur du kontrollerar de vinnande numren<\/h2>\n<p><img loading=\"lazy\" decoding=\"async\" class=\"alignright size-full wp-image-30668\" src=\"https:\/\/jackpotlotteryonline.com\/wp-content\/uploads\/2022\/11\/3_screen_lottery_results_online.jpg\" alt=\"Vinnande El Gordo\" width=\"130\" height=\"120\" \/>N\u00e4r du har k\u00f6pt din El Gordo-biljett \u00e4r n\u00e4sta steg att v\u00e4nta p\u00e5 El Gordo-dragningarna. Efter dragningarna \u00e4r det viktigt att kontrollera de vinnande kombinationerna. Det finns flera historier om jackpottar som inte har tagits ut eftersom vinnarna aldrig kontrollerade sina lotter. Om du spelar med oss beh\u00f6ver du aldrig oroa dig f\u00f6r att det ska h\u00e4nda dig.<\/p>\n<p>Efter varje dragning publicerar vi vinstresultaten h\u00e4r p\u00e5 El Gordo-sidan. Ett av de misstag som nya lottospelare g\u00f6r \u00e4r att de inte kontrollerar om de har vunnit andra vinster.<\/p>\n<p>El Gordo-lotteriet har 17 olika vinstniv\u00e5er och en spelare kan vinna alla dessa. Om du spelar med oss kommer vi att l\u00e5ta dig veta om du har vunnit n\u00e5gra priser. Vi g\u00f6r det via e-post plus att du f\u00e5r ett meddelande n\u00e4r du loggar in p\u00e5 plattformen.<\/p>\n<h2>Vad h\u00e4nder om du vinner?<\/h2>\n<p>Att vinna El Gordo \u00e4r en underbar upplevelse eftersom det k\u00e4nns som om du har varit en del av n\u00e5got stort. Ungef\u00e4r som att vara en del av en historia som h\u00e5ller p\u00e5 att skrivas. Det \u00e4r en \u00e4nnu st\u00f6rre k\u00e4nsla om du har k\u00f6pt El Gordo-biljetter tillsammans med dina arbetskamrater, kompisar eller familj. D\u00e5 kan ni alla g\u00e5 och fira er vinst tillsammans.<\/p>\n<p>Med det sagt \u00e4r det v\u00e4ldigt enkelt att ta ut dina El Gordo-vinster om du spelar p\u00e5 v\u00e5r sida. Det \u00e4r bara en fr\u00e5ga om att betala ut din vinst till ditt onlinekonto. Om du vinner mer \u00e4n en viss summa kan du beh\u00f6va fylla i ett kravformul\u00e4r f\u00f6r att f\u00e5 ut din vinst fr\u00e5n lotterif\u00f6retaget. Men det \u00e4r d\u00e4rf\u00f6r vi \u00e4r h\u00e4r, f\u00f6r att g\u00f6ra det enkelt f\u00f6r dig.<\/p>\n<section class=\"layout\" style=\"border: solid 1px; width: 100%;\">\n<div class=\"img-div\" style=\"margin-top: 5px;\"><img decoding=\"async\" class=\"wp-image-17212 alignleft\" style=\"height: 45px; margin: 8px 8px 0px;\" src=\"https:\/\/jackpotlotteryonline.com\/wp-content\/uploads\/2022\/11\/read1.jpg\" alt=\"L\u00e4s\" width=\"\" height=\"\" \/><\/div>\n<div style=\"padding-left: 5px;\">\n<div style=\"font-size: 1.1em;\">\n<p><strong>Skatter p\u00e5 lotterivinster<\/strong><\/p>\n<p style=\"font-size: 0.85em; margin-top: -1.5em;\">M\u00e5ste jag betala skatt p\u00e5 mina lotterivinster?\u00a0 <a href=\"https:\/\/jackpotlotteryonline.com\/sv\/maste-jag-betala-skatt-pa-lotterivinster\"> L\u00e4s mer<\/a><\/p>\n<\/div>\n<\/div>\n<\/section>\n<h2>Varf\u00f6r du ska spela El Gordo online med oss<\/h2>\n<p>Det finns s\u00e5 m\u00e5nga anledningar till varf\u00f6r v\u00e5ra kunder \u00e4lskar att spela p\u00e5 lotteri hos oss.<\/p>\n<ul>\n<li>Att k\u00f6pa din El Gordo-lotterilott \u00e4r lika enkelt som att trycka n\u00e5gra g\u00e5nger p\u00e5 din mobila enhet. Ingen stress och helt bekv\u00e4mt.<\/li>\n<li>Du kan kontrollera dina El Gordo-vinstkombinationer direkt h\u00e4r utan att g\u00e5 n\u00e5gon annanstans.<\/li>\n<li>Vi varnar dig s\u00e5 fort du vinner en vinst, oavsett belopp.<\/li>\n<li>Om du vinner n\u00e5got pris kan du ta ut det fr\u00e5n v\u00e5r plattform till ditt konto.<\/li>\n<\/ul>\n<p>Vi g\u00f6r det bokstavligen enkelt f\u00f6r v\u00e5ra kunder att ha roligt och njuta av att spela p\u00e5 lotteri. Sanningen \u00e4r att det finns s\u00e5 m\u00e5nga andra saker i livet som \u00e4r sv\u00e5ra, att vinna p\u00e5 lotto beh\u00f6ver inte vara det.<\/p>\n<h2>Kontrollera dina vinnande nummer<\/h2>\n<p>Innan du k\u00f6per din lott m\u00e5ste du veta att vi ger v\u00e5ra kunder tillg\u00e5ng till de riktiga vinsterna. N\u00e4r du spelar med oss satsar du inte bara p\u00e5 utg\u00e5ngen av lotteriet. Vi ser till att du har deltagit i lotteriet. Det g\u00f6r vi genom att k\u00f6ra ett conciergesystem d\u00e4r v\u00e5r agent i Spanien k\u00f6per motsvarande nummer som ditt.<\/p>\n<p>N\u00e4r du har El Gordo vinnande nummer betyder det att du har vunnit p\u00e5 lotteriet. S\u00e5 enkelt \u00e4r det egentligen. Vi arbetar h\u00e5rt f\u00f6r att se till att du inte beh\u00f6ver oroa dig f\u00f6r detaljerna. D\u00e4rf\u00f6r tar vi hand om de sm\u00e5 sakerna s\u00e5 att du kan fokusera p\u00e5 det som \u00e4r viktigast f\u00f6r dig.<\/p>\n<p>Bes\u00f6k oss idag och kolla vinstnumren till de b\u00e4sta internationella lotterierna h\u00e4r. Eller k\u00f6p El Gordo-biljetter och l\u00e4mna tillbaka dem f\u00f6r att f\u00e5 de vinnande numren.<\/p>\n","protected":false},"excerpt":{"rendered":"<p>Lotterifantaster blir glada n\u00e4r de h\u00f6r talas om El Gordo, inte bara f\u00f6r att det \u00e4r ett av de st\u00f6rsta europeiska lotterierna. El Gordo \u00e4r moder till alla lotterier av det enkla sk\u00e4let att dragningarna \u00e4ger rum en g\u00e5ng om \u00e5ret. Egentligen \u00e4r detta en del av det spanska lotteriet, och varje \u00e5r anordnas en [&hellip;]<\/p>\n","protected":false},"author":1,"featured_media":0,"parent":35858,"menu_order":6,"comment_status":"closed","ping_status":"closed","template":"el-gordo-results.php","meta":{"_et_pb_use_builder":"","_et_pb_old_content":"","_et_gb_content_width":"","exclude_from_search":false,"footnotes":""},"class_list":["post-40853","page","type-page","status-publish","hentry"],"yoast_head":"<!-- This site is optimized with the Yoast SEO plugin v23.3 - https:\/\/yoast.com\/wordpress\/plugins\/seo\/ -->\n<title>El Gordo vinnande nummer och dragningsresultat<\/title>\n<meta name=\"description\" content=\"Resultat, vinnande nummer f\u00f6r El Gordo-dragningen - den h\u00e4r veckan och tidigare veckors resultat.\" \/>\n<meta name=\"robots\" content=\"index, follow, max-snippet:-1, max-image-preview:large, max-video-preview:-1\" \/>\n<link rel=\"canonical\" href=\"https:\/\/jackpotlotteryonline.com\/sv\/vinnande-nummer\/el-gordo-draw-results\/\" \/>\n<meta property=\"og:locale\" content=\"sv_SE\" \/>\n<meta property=\"og:type\" content=\"article\" \/>\n<meta property=\"og:title\" content=\"El Gordo vinnande nummer och dragningsresultat\" \/>\n<meta property=\"og:description\" content=\"Resultat, vinnande nummer f\u00f6r El Gordo-dragningen - den h\u00e4r veckan och tidigare veckors resultat.\" \/>\n<meta property=\"og:url\" content=\"https:\/\/jackpotlotteryonline.com\/sv\/vinnande-nummer\/el-gordo-draw-results\/\" \/>\n<meta property=\"og:site_name\" content=\"Lotto Online - Crack The International Lottery Jackpots\" \/>\n<meta property=\"article:modified_time\" content=\"2022-12-28T13:00:22+00:00\" \/>\n<meta property=\"og:image\" content=\"https:\/\/jackpotlotteryonline.com\/wp-content\/uploads\/2022\/10\/lotto_euros.jpg\" \/>\n<meta name=\"twitter:card\" content=\"summary_large_image\" \/>\n<meta name=\"twitter:label1\" content=\"Ber\u00e4knad l\u00e4stid\" \/>\n\t<meta name=\"twitter:data1\" content=\"5 minuter\" \/>\n<!-- \/ Yoast SEO plugin. -->","yoast_head_json":{"title":"El Gordo vinnande nummer och dragningsresultat","description":"Resultat, vinnande nummer f\u00f6r El Gordo-dragningen - den h\u00e4r veckan och tidigare veckors resultat.","robots":{"index":"index","follow":"follow","max-snippet":"max-snippet:-1","max-image-preview":"max-image-preview:large","max-video-preview":"max-video-preview:-1"},"canonical":"https:\/\/jackpotlotteryonline.com\/sv\/vinnande-nummer\/el-gordo-draw-results\/","og_locale":"sv_SE","og_type":"article","og_title":"El Gordo vinnande nummer och dragningsresultat","og_description":"Resultat, vinnande nummer f\u00f6r El Gordo-dragningen - den h\u00e4r veckan och tidigare veckors resultat.","og_url":"https:\/\/jackpotlotteryonline.com\/sv\/vinnande-nummer\/el-gordo-draw-results\/","og_site_name":"Lotto Online - Crack The International Lottery Jackpots","article_modified_time":"2022-12-28T13:00:22+00:00","og_image":[{"url":"https:\/\/jackpotlotteryonline.com\/wp-content\/uploads\/2022\/10\/lotto_euros.jpg"}],"twitter_card":"summary_large_image","twitter_misc":{"Ber\u00e4knad l\u00e4stid":"5 minuter"},"schema":{"@context":"https:\/\/schema.org","@graph":[{"@type":"WebPage","@id":"https:\/\/jackpotlotteryonline.com\/sv\/vinnande-nummer\/el-gordo-draw-results\/","url":"https:\/\/jackpotlotteryonline.com\/sv\/vinnande-nummer\/el-gordo-draw-results\/","name":"El Gordo vinnande nummer och dragningsresultat","isPartOf":{"@id":"https:\/\/jackpotlotteryonline.com\/#website"},"primaryImageOfPage":{"@id":"https:\/\/jackpotlotteryonline.com\/sv\/vinnande-nummer\/el-gordo-draw-results\/#primaryimage"},"image":{"@id":"https:\/\/jackpotlotteryonline.com\/sv\/vinnande-nummer\/el-gordo-draw-results\/#primaryimage"},"thumbnailUrl":"https:\/\/jackpotlotteryonline.com\/wp-content\/uploads\/2022\/10\/lotto_euros.jpg","datePublished":"2022-12-07T07:09:30+00:00","dateModified":"2022-12-28T13:00:22+00:00","description":"Resultat, vinnande nummer f\u00f6r El Gordo-dragningen - den h\u00e4r veckan och tidigare veckors resultat.","breadcrumb":{"@id":"https:\/\/jackpotlotteryonline.com\/sv\/vinnande-nummer\/el-gordo-draw-results\/#breadcrumb"},"inLanguage":"sv-SE","potentialAction":[{"@type":"ReadAction","target":["https:\/\/jackpotlotteryonline.com\/sv\/vinnande-nummer\/el-gordo-draw-results\/"]}]},{"@type":"ImageObject","inLanguage":"sv-SE","@id":"https:\/\/jackpotlotteryonline.com\/sv\/vinnande-nummer\/el-gordo-draw-results\/#primaryimage","url":"https:\/\/jackpotlotteryonline.com\/wp-content\/uploads\/2022\/10\/lotto_euros.jpg","contentUrl":"https:\/\/jackpotlotteryonline.com\/wp-content\/uploads\/2022\/10\/lotto_euros.jpg"},{"@type":"BreadcrumbList","@id":"https:\/\/jackpotlotteryonline.com\/sv\/vinnande-nummer\/el-gordo-draw-results\/#breadcrumb","itemListElement":[{"@type":"ListItem","position":1,"name":"Home","item":"https:\/\/jackpotlotteryonline.com\/sv\/"},{"@type":"ListItem","position":2,"name":"Lotterieresultat","item":"https:\/\/jackpotlotteryonline.com\/sv\/vinnande-nummer\/"},{"@type":"ListItem","position":3,"name":"Resultat av El Gordo-dragningen"}]},{"@type":"WebSite","@id":"https:\/\/jackpotlotteryonline.com\/#website","url":"https:\/\/jackpotlotteryonline.com\/","name":"Lotto Online - Crack The International Lottery Jackpots","description":"","potentialAction":[{"@type":"SearchAction","target":{"@type":"EntryPoint","urlTemplate":"https:\/\/jackpotlotteryonline.com\/?s={search_term_string}"},"query-input":"required name=search_term_string"}],"inLanguage":"sv-SE"}]}},"_links":{"self":[{"href":"https:\/\/jackpotlotteryonline.com\/sv\/wp-json\/wp\/v2\/pages\/40853","targetHints":{"allow":["GET"]}}],"collection":[{"href":"https:\/\/jackpotlotteryonline.com\/sv\/wp-json\/wp\/v2\/pages"}],"about":[{"href":"https:\/\/jackpotlotteryonline.com\/sv\/wp-json\/wp\/v2\/types\/page"}],"author":[{"embeddable":true,"href":"https:\/\/jackpotlotteryonline.com\/sv\/wp-json\/wp\/v2\/users\/1"}],"replies":[{"embeddable":true,"href":"https:\/\/jackpotlotteryonline.com\/sv\/wp-json\/wp\/v2\/comments?post=40853"}],"version-history":[{"count":0,"href":"https:\/\/jackpotlotteryonline.com\/sv\/wp-json\/wp\/v2\/pages\/40853\/revisions"}],"up":[{"embeddable":true,"href":"https:\/\/jackpotlotteryonline.com\/sv\/wp-json\/wp\/v2\/pages\/35858"}],"wp:attachment":[{"href":"https:\/\/jackpotlotteryonline.com\/sv\/wp-json\/wp\/v2\/media?parent=40853"}],"curies":[{"name":"wp","href":"https:\/\/api.w.org\/{rel}","templated":true}]}}