{"id":40907,"date":"2022-12-07T09:20:44","date_gmt":"2022-12-07T09:20:44","guid":{"rendered":"https:\/\/jackpotlotteryonline.com\/?page_id=40907"},"modified":"2022-12-28T18:55:26","modified_gmt":"2022-12-28T18:55:26","slug":"german-lotto","status":"publish","type":"page","link":"https:\/\/jackpotlotteryonline.com\/sv\/vinnande-nummer\/german-lotto\/","title":{"rendered":"Tyska Lotto dragningen resultat"},"content":{"rendered":"<p>Tyska Lotto dragningsresultatOm du har<a href=\"https:\/\/jackpotlotteryonline.com\/sv\/hur-man-spelar\/german-lotto\"> spelat tyska Lotto<\/a> eller om du vill g\u00f6ra ett f\u00f6rs\u00f6k \u00e4r det viktigt att kontrollera de vinnande numren. Att vinna p\u00e5 lotto \u00e4r en upplevelse som f\u00f6r\u00e4ndrar livet.<\/p>\n<p>Det \u00e4r k\u00e4nt som 6 aus 49 eller 6 av 49 och \u00e4r ett av de mest popul\u00e4ra lotterierna i Europa. Med otroliga odds och livsavg\u00f6rande jackpotpriser har detta tyska lotto nio olika vinstniv\u00e5er.<\/p>\n<p>Det \u00e4r l\u00e4tt att spela och du kan nu delta i det tyska lotteriet fr\u00e5n var som helst i v\u00e4rlden. Du kan ocks\u00e5 kontrollera dina vinnande nummer n\u00e4r du spelar p\u00e5 jackpotlottoonline.com.<\/p>\n<h2>Hur man spelar det tyska lotteriet<\/h2>\n<p><img loading=\"lazy\" decoding=\"async\" class=\"alignright size-medium wp-image-29156\" src=\"https:\/\/jackpotlotteryonline.com\/wp-content\/uploads\/2022\/11\/1_play_lotto_to_win-300x214.jpg\" alt=\"delta i tyska lotto f\u00f6r att vinna priser \" width=\"300\" height=\"214\" srcset=\"https:\/\/jackpotlotteryonline.com\/wp-content\/uploads\/2022\/11\/1_play_lotto_to_win-300x214.jpg 300w, https:\/\/jackpotlotteryonline.com\/wp-content\/uploads\/2022\/11\/1_play_lotto_to_win.jpg 320w\" sizes=\"auto, (max-width: 300px) 100vw, 300px\" \/>I grund och botten beh\u00f6ver spelarna bara v\u00e4lja 6 nummer fr\u00e5n ett intervall p\u00e5 1 till 49 och den som matchar de dragna resultaten vinner jackpotten. Det finns ocks\u00e5 en bonussiffra som kallas supernumret. Denna v\u00e4ljs slumpm\u00e4ssigt och anv\u00e4nds f\u00f6r att best\u00e4mma vinnarna av tre niv\u00e5er inklusive jackpotten.<\/p>\n<p>Jackpotbeloppet \u00e4r en garanterad miljon euro, men om det inte finns n\u00e5gon vinnare efter dragningarna rullar det \u00f6ver. Den tyska lottojackpotten kan bli s\u00e5 h\u00f6g som 14 000 000 euro, vilket vi tycker \u00e4r ganska h\u00e4ftigt.<\/p>\n<h2>Spela p\u00e5 jackpotlottoonline.com<\/h2>\n<p>N\u00e4r du<a href=\"https:\/\/jackpotlotteryonline.com\/sv\/kopa-biljetter\/lotto-germany\"> k\u00f6per en lott hos oss<\/a> deltar du faktiskt i lotto. Vi arbetar inte som vissa online-lottosajter som bara ger spelarna chansen att satsa p\u00e5 resultatet. Om du satsar p\u00e5 resultatet, \u00e4ven om du f\u00e5r de vinnande numren, vinner du inte lotto.<\/p>\n<p>Vi \u00e4r en conciergesajt som ger v\u00e5ra kunder m\u00f6jlighet att delta i lotterier fr\u00e5n hela v\u00e4rlden. N\u00e4r du k\u00f6per en tysk lott p\u00e5 n\u00e4tet k\u00f6per v\u00e5ra agenter i landet en fysisk lott. Den fysiska tyska lottolotten kommer att ha samma nummer som de du valde. Sedan skannar vi in den till ditt konto.<\/p>\n<p><strong>F\u00f6r att spela lotto med oss:<\/strong><\/p>\n<ul>\n<li>Du kan ocks\u00e5 anv\u00e4nda v\u00e5r autogenerator f\u00f6r att v\u00e4lja slumpm\u00e4ssiga lottonummer.<\/li>\n<li>G\u00e5 in i dragningarna. Du kan ange enstaka eller flera dragningar.<\/li>\n<li>V\u00e4lj hur m\u00e5nga veckor i f\u00f6rv\u00e4g du vill spela (eller s\u00e5 kan du bara spela en g\u00e5ng).<\/li>\n<li>Registrera dig f\u00f6r att kunna behandla din betalning (detta \u00e4r f\u00f6r att vi ska kunna varna dig n\u00e4r du vinner p\u00e5 lotto).<\/li>\n<\/ul>\n<h2>Att vinna det tyska lotteriet (f\u00f6rdelning av vinsterna)<\/h2>\n<p><img loading=\"lazy\" decoding=\"async\" class=\"alignright size-medium wp-image-28616\" src=\"https:\/\/jackpotlotteryonline.com\/wp-content\/uploads\/2022\/11\/1_online_lotto-300x128.jpg\" alt=\"Spela tyska lotto\" width=\"300\" height=\"128\" srcset=\"https:\/\/jackpotlotteryonline.com\/wp-content\/uploads\/2022\/11\/1_online_lotto-300x128.jpg 300w, https:\/\/jackpotlotteryonline.com\/wp-content\/uploads\/2022\/11\/1_online_lotto.jpg 320w\" sizes=\"auto, (max-width: 300px) 100vw, 300px\" \/>Vi har redan n\u00e4mnt att detta europeiska lotto har 9 olika vinstniv\u00e5er. Det \u00e4r m\u00e5nga priser som en spelare kan vinna, vilket f\u00f6rklarar varf\u00f6r detta lotto \u00e4r s\u00e5 popul\u00e4rt p\u00e5 kontinenten. Oddsen att vinna jackpotten \u00e4r 1 p\u00e5 139 838 160.<\/p>\n<p>Vi kommer att dela med oss av prisf\u00f6rdelningen f\u00f6r de olika prisniv\u00e5erna samt oddsen f\u00f6r varje niv\u00e5. Vi kommer ocks\u00e5 att inkludera den uppskattade vinsten f\u00f6r varje sektion. Priserna best\u00e4ms av den totala lottopotten men baserat p\u00e5 tidigare vinster \u00e4r det m\u00f6jligt att f\u00e5 en ungef\u00e4rlig siffra.<\/p>\n<p>Niv\u00e5 1: 6 + Supernummer &#8211; 12 585 434,40 euro (jackpot) &#8211; 1:139 838 160.<\/p>\n<p>Niv\u00e5 2: Endast 6 siffror &#8211; 1 003 509,30 euro &#8211; 1: 15 537 573<\/p>\n<p>Niv\u00e5 3: 5 + supernummer &#8211; 12 135,40 \u20ac &#8211; 1:524 008<\/p>\n<p>Niv\u00e5 4: Endast 5 siffror &#8211; 4 019,20 euro &#8211; 1:60 223<\/p>\n<p>Niv\u00e5 5: 4 + supernummer &#8211; 191,10 euro &#8211; 1:10 324<\/p>\n<p>Niv\u00e5 6: Endast 4 siffror &#8211; 50,30 euro &#8211; 1:1 147<\/p>\n<p>Niv\u00e5 7: 3 + supernummer &#8211; 21,20 euro &#8211; 1:567<\/p>\n<p>Niv\u00e5 8: Endast 3 siffror &#8211; 11,10 euro &#8211; 1:63<\/p>\n<p>Niv\u00e5 9: 2 + Supernummer &#8211; 6 euro &#8211; 1:76<\/p>\n<section class=\"layout\" style=\"border: solid 1px; width: 100%;\">\n<div class=\"img-div\" style=\"margin-top: 5px;\"><img decoding=\"async\" class=\"wp-image-17212 alignleft\" style=\"height: 45px; margin: 8px 8px 0px;\" src=\"https:\/\/jackpotlotteryonline.com\/wp-content\/uploads\/2022\/11\/read1.jpg\" alt=\"L\u00e4s\" width=\"\" height=\"\" \/><\/div>\n<div style=\"padding-left: 5px;\">\n<div style=\"font-size: 1.1em;\">\n<p><strong>Ditt nationella lotteri i internationell j\u00e4mf\u00f6relse<\/strong><\/p>\n<p style=\"font-size: 0.85em; margin-top: -1.5em;\">Ditt lokala lotteri kan vara ditt s\u00e4msta alternativ &#8211; varf\u00f6r det \u00e4r vettigare att betala mer men satsa p\u00e5 st\u00f6rre jackpottar\u00a0 <a href=\"https:\/\/jackpotlotteryonline.com\/sv\/your-national-lottery-in-international-comparison\"> L\u00e4s mer<\/a><\/p>\n<\/div>\n<\/div>\n<\/section>\n<h2>Kontrollera dina vinnande nummer online<\/h2>\n<p>Precis som det \u00e4r otroligt enkelt att spela p\u00e5 det tyska lotteriet har vi ocks\u00e5 f\u00f6renklat processen att kontrollera resultaten. Om du spelar detta lotto kan du enkelt kontrollera dina vinnande nummer online. Kolla tillbaka efter varje dragning f\u00f6r att se om du har vunnit ett pris. Eftersom vi publicerar dragningsresultaten direkt h\u00e4r.<\/p>\n<p>Men \u00e4ven om du gl\u00f6mmer att kolla efter dragningarna kommer vi att meddela dig om du vinner n\u00e5got pris. Vi kommer inte bara att varna dig via ditt konto, utan vi kommer ocks\u00e5 att skicka dig ett e-postmeddelande.<\/p>\n<h2>Hur du h\u00e4mtar ut ditt pris<\/h2>\n<p>De tyska lottodragningarna \u00e4ger rum en g\u00e5ng i veckan p\u00e5 onsdagar. Efter dragningarna tillk\u00e4nnages de vinnande numren. Att vinna p\u00e5 lotto inneb\u00e4r bara att du har en lott som matchar de dragna resultaten.<\/p>\n<p>Om du vinner ett pris kan du enkelt h\u00e4mta ut ditt pris genom att ta ut det fr\u00e5n v\u00e5r plattform till ditt konto. Det st\u00e4mmer. Alla vinster som \u00e4r mindre \u00e4n 2 500 euro kan tas ut direkt till ditt konto.<\/p>\n<p>F\u00f6r belopp som \u00e4r mer \u00e4n 2 500 euro kan du beh\u00f6va fylla i ett kravformul\u00e4r fr\u00e5n lottof\u00f6retaget. Men vi guidar dig genom processen. S\u00e5 om du inte har k\u00f6pt din tyska lottolott \u00e4nnu, g\u00e5 vidare och g\u00f6r det nu. Och kom ih\u00e5g att kontrollera de vinnande numren.<\/p>\n","protected":false},"excerpt":{"rendered":"<p>Tyska Lotto dragningsresultatOm du har spelat tyska Lotto eller om du vill g\u00f6ra ett f\u00f6rs\u00f6k \u00e4r det viktigt att kontrollera de vinnande numren. Att vinna p\u00e5 lotto \u00e4r en upplevelse som f\u00f6r\u00e4ndrar livet. Det \u00e4r k\u00e4nt som 6 aus 49 eller 6 av 49 och \u00e4r ett av de mest popul\u00e4ra lotterierna i Europa. Med [&hellip;]<\/p>\n","protected":false},"author":1,"featured_media":0,"parent":35858,"menu_order":8,"comment_status":"closed","ping_status":"closed","template":"lotto-german-results.php","meta":{"_et_pb_use_builder":"","_et_pb_old_content":"","_et_gb_content_width":"","exclude_from_search":false,"footnotes":""},"class_list":["post-40907","page","type-page","status-publish","hentry"],"yoast_head":"<!-- This site is optimized with the Yoast SEO plugin v23.3 - https:\/\/yoast.com\/wordpress\/plugins\/seo\/ -->\n<title>Vinstsiffror och dragningsresultat i tyska Lotto<\/title>\n<meta name=\"description\" content=\"H\u00e4r listas alla nuvarande och tidigare vinnande nummer och dragningsresultat f\u00f6r Tysklands lotto.\" \/>\n<meta name=\"robots\" content=\"index, follow, max-snippet:-1, max-image-preview:large, max-video-preview:-1\" \/>\n<link rel=\"canonical\" href=\"https:\/\/jackpotlotteryonline.com\/sv\/vinnande-nummer\/german-lotto\/\" \/>\n<meta property=\"og:locale\" content=\"sv_SE\" \/>\n<meta property=\"og:type\" content=\"article\" \/>\n<meta property=\"og:title\" content=\"Vinstsiffror och dragningsresultat i tyska Lotto\" \/>\n<meta property=\"og:description\" content=\"H\u00e4r listas alla nuvarande och tidigare vinnande nummer och dragningsresultat f\u00f6r Tysklands lotto.\" \/>\n<meta property=\"og:url\" content=\"https:\/\/jackpotlotteryonline.com\/sv\/vinnande-nummer\/german-lotto\/\" \/>\n<meta property=\"og:site_name\" content=\"Lotto Online - Crack The International Lottery Jackpots\" \/>\n<meta property=\"article:modified_time\" content=\"2022-12-28T18:55:26+00:00\" \/>\n<meta property=\"og:image\" content=\"https:\/\/jackpotlotteryonline.com\/wp-content\/uploads\/2022\/11\/1_play_lotto_to_win-300x214.jpg\" \/>\n<meta name=\"twitter:card\" content=\"summary_large_image\" \/>\n<meta name=\"twitter:label1\" content=\"Ber\u00e4knad l\u00e4stid\" \/>\n\t<meta name=\"twitter:data1\" content=\"5 minuter\" \/>\n<!-- \/ Yoast SEO plugin. -->","yoast_head_json":{"title":"Vinstsiffror och dragningsresultat i tyska Lotto","description":"H\u00e4r listas alla nuvarande och tidigare vinnande nummer och dragningsresultat f\u00f6r Tysklands lotto.","robots":{"index":"index","follow":"follow","max-snippet":"max-snippet:-1","max-image-preview":"max-image-preview:large","max-video-preview":"max-video-preview:-1"},"canonical":"https:\/\/jackpotlotteryonline.com\/sv\/vinnande-nummer\/german-lotto\/","og_locale":"sv_SE","og_type":"article","og_title":"Vinstsiffror och dragningsresultat i tyska Lotto","og_description":"H\u00e4r listas alla nuvarande och tidigare vinnande nummer och dragningsresultat f\u00f6r Tysklands lotto.","og_url":"https:\/\/jackpotlotteryonline.com\/sv\/vinnande-nummer\/german-lotto\/","og_site_name":"Lotto Online - Crack The International Lottery Jackpots","article_modified_time":"2022-12-28T18:55:26+00:00","og_image":[{"url":"https:\/\/jackpotlotteryonline.com\/wp-content\/uploads\/2022\/11\/1_play_lotto_to_win-300x214.jpg"}],"twitter_card":"summary_large_image","twitter_misc":{"Ber\u00e4knad l\u00e4stid":"5 minuter"},"schema":{"@context":"https:\/\/schema.org","@graph":[{"@type":"WebPage","@id":"https:\/\/jackpotlotteryonline.com\/sv\/vinnande-nummer\/german-lotto\/","url":"https:\/\/jackpotlotteryonline.com\/sv\/vinnande-nummer\/german-lotto\/","name":"Vinstsiffror och dragningsresultat i tyska Lotto","isPartOf":{"@id":"https:\/\/jackpotlotteryonline.com\/#website"},"primaryImageOfPage":{"@id":"https:\/\/jackpotlotteryonline.com\/sv\/vinnande-nummer\/german-lotto\/#primaryimage"},"image":{"@id":"https:\/\/jackpotlotteryonline.com\/sv\/vinnande-nummer\/german-lotto\/#primaryimage"},"thumbnailUrl":"https:\/\/jackpotlotteryonline.com\/wp-content\/uploads\/2022\/11\/1_play_lotto_to_win-300x214.jpg","datePublished":"2022-12-07T09:20:44+00:00","dateModified":"2022-12-28T18:55:26+00:00","description":"H\u00e4r listas alla nuvarande och tidigare vinnande nummer och dragningsresultat f\u00f6r Tysklands lotto.","breadcrumb":{"@id":"https:\/\/jackpotlotteryonline.com\/sv\/vinnande-nummer\/german-lotto\/#breadcrumb"},"inLanguage":"sv-SE","potentialAction":[{"@type":"ReadAction","target":["https:\/\/jackpotlotteryonline.com\/sv\/vinnande-nummer\/german-lotto\/"]}]},{"@type":"ImageObject","inLanguage":"sv-SE","@id":"https:\/\/jackpotlotteryonline.com\/sv\/vinnande-nummer\/german-lotto\/#primaryimage","url":"https:\/\/jackpotlotteryonline.com\/wp-content\/uploads\/2022\/11\/1_play_lotto_to_win-300x214.jpg","contentUrl":"https:\/\/jackpotlotteryonline.com\/wp-content\/uploads\/2022\/11\/1_play_lotto_to_win-300x214.jpg"},{"@type":"BreadcrumbList","@id":"https:\/\/jackpotlotteryonline.com\/sv\/vinnande-nummer\/german-lotto\/#breadcrumb","itemListElement":[{"@type":"ListItem","position":1,"name":"Home","item":"https:\/\/jackpotlotteryonline.com\/sv\/"},{"@type":"ListItem","position":2,"name":"Lotterieresultat","item":"https:\/\/jackpotlotteryonline.com\/sv\/vinnande-nummer\/"},{"@type":"ListItem","position":3,"name":"Tyska Lotto dragningen resultat"}]},{"@type":"WebSite","@id":"https:\/\/jackpotlotteryonline.com\/#website","url":"https:\/\/jackpotlotteryonline.com\/","name":"Lotto Online - Crack The International Lottery Jackpots","description":"","potentialAction":[{"@type":"SearchAction","target":{"@type":"EntryPoint","urlTemplate":"https:\/\/jackpotlotteryonline.com\/?s={search_term_string}"},"query-input":"required name=search_term_string"}],"inLanguage":"sv-SE"}]}},"_links":{"self":[{"href":"https:\/\/jackpotlotteryonline.com\/sv\/wp-json\/wp\/v2\/pages\/40907","targetHints":{"allow":["GET"]}}],"collection":[{"href":"https:\/\/jackpotlotteryonline.com\/sv\/wp-json\/wp\/v2\/pages"}],"about":[{"href":"https:\/\/jackpotlotteryonline.com\/sv\/wp-json\/wp\/v2\/types\/page"}],"author":[{"embeddable":true,"href":"https:\/\/jackpotlotteryonline.com\/sv\/wp-json\/wp\/v2\/users\/1"}],"replies":[{"embeddable":true,"href":"https:\/\/jackpotlotteryonline.com\/sv\/wp-json\/wp\/v2\/comments?post=40907"}],"version-history":[{"count":0,"href":"https:\/\/jackpotlotteryonline.com\/sv\/wp-json\/wp\/v2\/pages\/40907\/revisions"}],"up":[{"embeddable":true,"href":"https:\/\/jackpotlotteryonline.com\/sv\/wp-json\/wp\/v2\/pages\/35858"}],"wp:attachment":[{"href":"https:\/\/jackpotlotteryonline.com\/sv\/wp-json\/wp\/v2\/media?parent=40907"}],"curies":[{"name":"wp","href":"https:\/\/api.w.org\/{rel}","templated":true}]}}