{"id":40961,"date":"2022-12-07T11:01:50","date_gmt":"2022-12-07T11:01:50","guid":{"rendered":"https:\/\/jackpotlotteryonline.com\/?page_id=40961"},"modified":"2022-12-28T21:37:11","modified_gmt":"2022-12-28T21:37:11","slug":"france-lotto-2","status":"publish","type":"page","link":"https:\/\/jackpotlotteryonline.com\/sv\/vinnande-nummer\/france-lotto-2\/","title":{"rendered":"Frankrike Lotto dragning resultat"},"content":{"rendered":"<p>France Lotto \u00e4r ett europeiskt lotto som ger vinnare tre g\u00e5nger i veckan. Det lanserades 1976 och har sina dragningsdagar p\u00e5 m\u00e5ndagar, onsdagar och l\u00f6rdagar. France Lottos vinnande nummer tillk\u00e4nnages dessa dagar. Vinnare fr\u00e5n hela v\u00e4rlden kan delta i France Lotto genom att k\u00f6pa sina lotter online.<\/p>\n<h2>Varf\u00f6r du b\u00f6r kontrollera de vinnande numren<\/h2>\n<p>Generellt sett k\u00e4nner France Lotto inte till identiteterna p\u00e5 alla dem som har tagit med sig lotter. D\u00e4rf\u00f6r har de inget s\u00e4tt att kontakta de vinnande lotterna i lotto. D\u00e4rf\u00f6r m\u00e5ste du st\u00e4ndigt kontrollera din lott mot de dragna numren f\u00f6r att ta reda p\u00e5 om du har vunnit.<\/p>\n<p>Dessutom har France Lotto 10 vinstavdelningar. Det \u00e4r m\u00f6jligt att en spelare inte har vunnit jackpotten, men kan ha vunnit andra priser.<\/p>\n<h2>S\u00e4tt att kontrollera France Lottos vinstresultat<\/h2>\n<p><img loading=\"lazy\" decoding=\"async\" class=\"alignright wp-image-31748\" src=\"https:\/\/jackpotlotteryonline.com\/wp-content\/uploads\/2022\/11\/rf_results_page-300x225.jpg\" alt=\"Frankrike Lotto vinnande resultat\" width=\"244\" height=\"183\" srcset=\"https:\/\/jackpotlotteryonline.com\/wp-content\/uploads\/2022\/11\/rf_results_page-300x225.jpg 300w, https:\/\/jackpotlotteryonline.com\/wp-content\/uploads\/2022\/11\/rf_results_page-600x449.jpg 600w, https:\/\/jackpotlotteryonline.com\/wp-content\/uploads\/2022\/11\/rf_results_page-768x575.jpg 768w, https:\/\/jackpotlotteryonline.com\/wp-content\/uploads\/2022\/11\/rf_results_page.jpg 801w\" sizes=\"auto, (max-width: 244px) 100vw, 244px\" \/>Det finns flera s\u00e4tt att kontrollera dragningsresultaten f\u00f6r France Lotto. Detta \u00e4r viktigt f\u00f6r att ta reda p\u00e5 den vinnande lotten f\u00f6r jackpotten. Kom ih\u00e5g att vinnaren \u00e4r den som matchar de dragna siffrorna. Om du k\u00f6per biljetter till France Lotto kan du kontrollera dragningsresultaten p\u00e5 n\u00e5got av f\u00f6ljande s\u00e4tt:<\/p>\n<h3>Titta p\u00e5 dragningen i direkts\u00e4ndning p\u00e5 TV<\/h3>\n<p>Detta \u00e4r egentligen ganska sp\u00e4nnande eftersom siffrorna ropas upp och du kan omedelbart f\u00e5 reda p\u00e5 om du har vunnit. Problemet med detta \u00e4r att du m\u00e5ste vara bosatt i Frankrike f\u00f6r att kunna titta p\u00e5 France Lottos direktdragningar.<\/p>\n<section class=\"layout\" style=\"border: solid 1px; width: 100%;\">\n<div class=\"img-div\" style=\"margin-top: 5px;\"><img decoding=\"async\" class=\"wp-image-17212 alignleft\" style=\"height: 45px; margin: 8px 8px 0px;\" src=\"https:\/\/jackpotlotteryonline.com\/wp-content\/uploads\/2022\/11\/read1.jpg\" alt=\"L\u00e4s\" width=\"\" height=\"\" \/><\/div>\n<div style=\"padding-left: 5px;\">\n<div style=\"font-size: 1.1em;\">\n<p><strong>Missa inte dragningstiderna f\u00f6r v\u00e4rldens st\u00f6rsta jackpottar p\u00e5 lotto.<\/strong><\/p>\n<p style=\"font-size: 0.85em; margin-top: -1.5em;\">En lista \u00f6ver dragningstiderna f\u00f6r de internationella lotterierna\u00a0<a href=\"https:\/\/jackpotlotteryonline.com\/sv\/nar-ar-dragningstiderna-for-de-internationella-lotterierna-2\"> L\u00e4s mer<\/a><\/p>\n<\/div>\n<\/div>\n<\/section>\n<h3>Bes\u00f6k nyhetssidor<\/h3>\n<p>Ett annat s\u00e4tt att kontrollera dragningsresultaten \u00e4r att kolla p\u00e5 nyhetssajter. Olika nyhetssajter publicerar de vinnande kombinationerna p\u00e5 sina sidor. Detta g\u00e4ller s\u00e4rskilt europeiska nyhetssidor. Om du vinner jackpotten \u00e4r detta ett utm\u00e4rkt alternativ. Det finns dock flera andra vinstf\u00f6rdelningar som en spelare kan vinna. Tyv\u00e4rr publicerar dessa sajter vanligtvis inte vinstkombinationerna f\u00f6r dessa divisioner. S\u00e5 om du till exempel vinner ett andrapris kan du missa det.<\/p>\n<h3>Kontrollera jackpotlotteryonline.com<\/h3>\n<p>N\u00e4r du registrerar dig hos oss kan du enkelt kontrollera de vinnande numren f\u00f6r France Lotto. Efter varje dragning publicerar vi resultaten direkt h\u00e4r p\u00e5 v\u00e5r sida. Om du vinner n\u00e5got pris meddelar vi dig dessutom omedelbart oavsett vilken vinstdivision du har vunnit. Dessutom kan du ocks\u00e5 ta ut dina lottovinster direkt fr\u00e5n v\u00e5r sida till ditt konto.<\/p>\n<h2>F\u00f6rdelar med att spela online<\/h2>\n<p>Att bekv\u00e4mt kunna kontrollera dragningsresultaten \u00e4r bara en av f\u00f6rdelarna med att <a href=\"https:\/\/jackpotlotteryonline.com\/sv\/hur-man-spelar\/france-lotto\">spela lotto online.<\/a> Men vi m\u00e5ste h\u00e5lla med om att det \u00e4r en stor f\u00f6rdel. H\u00e4r \u00e4r n\u00e5gra f\u00f6rdelar i ett n\u00f6tskal:<\/p>\n<ul>\n<li>Tillg\u00e5ng till de b\u00e4sta internationella lotterierna var som helst.<\/li>\n<li>Bekv\u00e4mligheten att spela fr\u00e5n din dator eller mobila enhet.<\/li>\n<li>Du kan enkelt planera flera dragningar i f\u00f6rv\u00e4g.<\/li>\n<li>Kontrollera dragningsresultaten p\u00e5 ett bekv\u00e4mt s\u00e4tt.<\/li>\n<li>Ta ut dina vinster direkt till ditt konto.<\/li>\n<\/ul>\n<h2>France Lotto vinnande kombinationer<\/h2>\n<p>Att v\u00e4lja r\u00e4tt kombination f\u00f6r din Frankrike-lottolott kan vara ganska knepigt. M\u00e5nga spelare har olika tips som de anv\u00e4nder f\u00f6r att \u00f6ka sina chanser att vinna p\u00e5 lotto. Vad vi kan s\u00e4ga \u00e4r att det inte finns n\u00e5gon garanterad metod f\u00f6r att vinna p\u00e5 lotto. Det \u00e4r en fr\u00e5ga om tur. Vi kan dock dela med oss av n\u00e5gra strategier som spelarna anv\u00e4nder f\u00f6r att v\u00e4lja sina vinnande siffror.<\/p>\n<p>Vissa spelare gillar att g\u00e5 igenom tidigare vinnande kombinationer f\u00f6r att hitta nummer som f\u00f6rekommer regelbundet eller s\u00e4llan. De kan identifiera ett m\u00f6nster och anv\u00e4nda det f\u00f6r att skapa en strategi f\u00f6r att spela p\u00e5 lotto. Huruvida det fungerar eller inte \u00e4r sv\u00e5rt att s\u00e4ga.<\/p>\n<p>Andra spelare v\u00e4ljer att spela ofta genom att k\u00f6pa flera lotter och delta i flera dragningar. Logiken bakom detta \u00e4r att ju fler g\u00e5nger du spelar p\u00e5 lotteriet, desto st\u00f6rre \u00e4r dina chanser att vinna. Intressant nog spelade de flesta vinnare i flera \u00e5r innan de vann p\u00e5 lotto. Det finns dock de som vann redan f\u00f6rsta g\u00e5ngen de spelade.<\/p>\n<h2>Slutsats<\/h2>\n<p>Sammanfattningsvis \u00e4r Frankrikes lotto ett slumpspel. Du kan <a href=\"https:\/\/jackpotlotteryonline.com\/sv\/kopa-biljetter\/lotto-france\">k\u00f6pa dina Frankrike-lottolotter<\/a> och kontrollera vinnande kombinationer h\u00e4r p\u00e5 jackpotlotteryonline.com.<\/p>\n","protected":false},"excerpt":{"rendered":"<p>France Lotto \u00e4r ett europeiskt lotto som ger vinnare tre g\u00e5nger i veckan. Det lanserades 1976 och har sina dragningsdagar p\u00e5 m\u00e5ndagar, onsdagar och l\u00f6rdagar. France Lottos vinnande nummer tillk\u00e4nnages dessa dagar. Vinnare fr\u00e5n hela v\u00e4rlden kan delta i France Lotto genom att k\u00f6pa sina lotter online. Varf\u00f6r du b\u00f6r kontrollera de vinnande numren Generellt [&hellip;]<\/p>\n","protected":false},"author":1,"featured_media":0,"parent":35858,"menu_order":9,"comment_status":"closed","ping_status":"closed","template":"lotto-fr-results.php","meta":{"_et_pb_use_builder":"","_et_pb_old_content":"","_et_gb_content_width":"","exclude_from_search":false,"footnotes":""},"class_list":["post-40961","page","type-page","status-publish","hentry"],"yoast_head":"<!-- This site is optimized with the Yoast SEO plugin v23.3 - https:\/\/yoast.com\/wordpress\/plugins\/seo\/ -->\n<title>Frankrike Lotto vinnande nummer och dragningsresultat<\/title>\n<meta name=\"description\" content=\"Vill du veta de vinnande numren och dragningsresultaten f\u00f6r det franska lotteriet? Kolla v\u00e5r sida med resultat fr\u00e5n Lotto France och v\u00e5rt arkiv.\" \/>\n<meta name=\"robots\" content=\"index, follow, max-snippet:-1, max-image-preview:large, max-video-preview:-1\" \/>\n<link rel=\"canonical\" href=\"https:\/\/jackpotlotteryonline.com\/sv\/vinnande-nummer\/france-lotto-2\/\" \/>\n<meta property=\"og:locale\" content=\"sv_SE\" \/>\n<meta property=\"og:type\" content=\"article\" \/>\n<meta property=\"og:title\" content=\"Frankrike Lotto vinnande nummer och dragningsresultat\" \/>\n<meta property=\"og:description\" content=\"Vill du veta de vinnande numren och dragningsresultaten f\u00f6r det franska lotteriet? Kolla v\u00e5r sida med resultat fr\u00e5n Lotto France och v\u00e5rt arkiv.\" \/>\n<meta property=\"og:url\" content=\"https:\/\/jackpotlotteryonline.com\/sv\/vinnande-nummer\/france-lotto-2\/\" \/>\n<meta property=\"og:site_name\" content=\"Lotto Online - Crack The International Lottery Jackpots\" \/>\n<meta property=\"article:modified_time\" content=\"2022-12-28T21:37:11+00:00\" \/>\n<meta property=\"og:image\" content=\"https:\/\/jackpotlotteryonline.com\/wp-content\/uploads\/2022\/11\/rf_results_page-300x225.jpg\" \/>\n<meta name=\"twitter:card\" content=\"summary_large_image\" \/>\n<meta name=\"twitter:label1\" content=\"Ber\u00e4knad l\u00e4stid\" \/>\n\t<meta name=\"twitter:data1\" content=\"3 minuter\" \/>\n<!-- \/ Yoast SEO plugin. -->","yoast_head_json":{"title":"Frankrike Lotto vinnande nummer och dragningsresultat","description":"Vill du veta de vinnande numren och dragningsresultaten f\u00f6r det franska lotteriet? Kolla v\u00e5r sida med resultat fr\u00e5n Lotto France och v\u00e5rt arkiv.","robots":{"index":"index","follow":"follow","max-snippet":"max-snippet:-1","max-image-preview":"max-image-preview:large","max-video-preview":"max-video-preview:-1"},"canonical":"https:\/\/jackpotlotteryonline.com\/sv\/vinnande-nummer\/france-lotto-2\/","og_locale":"sv_SE","og_type":"article","og_title":"Frankrike Lotto vinnande nummer och dragningsresultat","og_description":"Vill du veta de vinnande numren och dragningsresultaten f\u00f6r det franska lotteriet? Kolla v\u00e5r sida med resultat fr\u00e5n Lotto France och v\u00e5rt arkiv.","og_url":"https:\/\/jackpotlotteryonline.com\/sv\/vinnande-nummer\/france-lotto-2\/","og_site_name":"Lotto Online - Crack The International Lottery Jackpots","article_modified_time":"2022-12-28T21:37:11+00:00","og_image":[{"url":"https:\/\/jackpotlotteryonline.com\/wp-content\/uploads\/2022\/11\/rf_results_page-300x225.jpg"}],"twitter_card":"summary_large_image","twitter_misc":{"Ber\u00e4knad l\u00e4stid":"3 minuter"},"schema":{"@context":"https:\/\/schema.org","@graph":[{"@type":"WebPage","@id":"https:\/\/jackpotlotteryonline.com\/sv\/vinnande-nummer\/france-lotto-2\/","url":"https:\/\/jackpotlotteryonline.com\/sv\/vinnande-nummer\/france-lotto-2\/","name":"Frankrike Lotto vinnande nummer och dragningsresultat","isPartOf":{"@id":"https:\/\/jackpotlotteryonline.com\/#website"},"primaryImageOfPage":{"@id":"https:\/\/jackpotlotteryonline.com\/sv\/vinnande-nummer\/france-lotto-2\/#primaryimage"},"image":{"@id":"https:\/\/jackpotlotteryonline.com\/sv\/vinnande-nummer\/france-lotto-2\/#primaryimage"},"thumbnailUrl":"https:\/\/jackpotlotteryonline.com\/wp-content\/uploads\/2022\/11\/rf_results_page-300x225.jpg","datePublished":"2022-12-07T11:01:50+00:00","dateModified":"2022-12-28T21:37:11+00:00","description":"Vill du veta de vinnande numren och dragningsresultaten f\u00f6r det franska lotteriet? Kolla v\u00e5r sida med resultat fr\u00e5n Lotto France och v\u00e5rt arkiv.","breadcrumb":{"@id":"https:\/\/jackpotlotteryonline.com\/sv\/vinnande-nummer\/france-lotto-2\/#breadcrumb"},"inLanguage":"sv-SE","potentialAction":[{"@type":"ReadAction","target":["https:\/\/jackpotlotteryonline.com\/sv\/vinnande-nummer\/france-lotto-2\/"]}]},{"@type":"ImageObject","inLanguage":"sv-SE","@id":"https:\/\/jackpotlotteryonline.com\/sv\/vinnande-nummer\/france-lotto-2\/#primaryimage","url":"https:\/\/jackpotlotteryonline.com\/wp-content\/uploads\/2022\/11\/rf_results_page-300x225.jpg","contentUrl":"https:\/\/jackpotlotteryonline.com\/wp-content\/uploads\/2022\/11\/rf_results_page-300x225.jpg"},{"@type":"BreadcrumbList","@id":"https:\/\/jackpotlotteryonline.com\/sv\/vinnande-nummer\/france-lotto-2\/#breadcrumb","itemListElement":[{"@type":"ListItem","position":1,"name":"Home","item":"https:\/\/jackpotlotteryonline.com\/sv\/"},{"@type":"ListItem","position":2,"name":"Lotterieresultat","item":"https:\/\/jackpotlotteryonline.com\/sv\/vinnande-nummer\/"},{"@type":"ListItem","position":3,"name":"Frankrike Lotto dragning resultat"}]},{"@type":"WebSite","@id":"https:\/\/jackpotlotteryonline.com\/#website","url":"https:\/\/jackpotlotteryonline.com\/","name":"Lotto Online - Crack The International Lottery Jackpots","description":"","potentialAction":[{"@type":"SearchAction","target":{"@type":"EntryPoint","urlTemplate":"https:\/\/jackpotlotteryonline.com\/?s={search_term_string}"},"query-input":"required name=search_term_string"}],"inLanguage":"sv-SE"}]}},"_links":{"self":[{"href":"https:\/\/jackpotlotteryonline.com\/sv\/wp-json\/wp\/v2\/pages\/40961","targetHints":{"allow":["GET"]}}],"collection":[{"href":"https:\/\/jackpotlotteryonline.com\/sv\/wp-json\/wp\/v2\/pages"}],"about":[{"href":"https:\/\/jackpotlotteryonline.com\/sv\/wp-json\/wp\/v2\/types\/page"}],"author":[{"embeddable":true,"href":"https:\/\/jackpotlotteryonline.com\/sv\/wp-json\/wp\/v2\/users\/1"}],"replies":[{"embeddable":true,"href":"https:\/\/jackpotlotteryonline.com\/sv\/wp-json\/wp\/v2\/comments?post=40961"}],"version-history":[{"count":0,"href":"https:\/\/jackpotlotteryonline.com\/sv\/wp-json\/wp\/v2\/pages\/40961\/revisions"}],"up":[{"embeddable":true,"href":"https:\/\/jackpotlotteryonline.com\/sv\/wp-json\/wp\/v2\/pages\/35858"}],"wp:attachment":[{"href":"https:\/\/jackpotlotteryonline.com\/sv\/wp-json\/wp\/v2\/media?parent=40961"}],"curies":[{"name":"wp","href":"https:\/\/api.w.org\/{rel}","templated":true}]}}