{"id":41016,"date":"2022-12-07T13:04:39","date_gmt":"2022-12-07T13:04:39","guid":{"rendered":"https:\/\/jackpotlotteryonline.com\/?page_id=41016"},"modified":"2023-01-03T09:32:09","modified_gmt":"2023-01-03T09:32:09","slug":"uk-lottery","status":"publish","type":"page","link":"https:\/\/jackpotlotteryonline.com\/sv\/hur-man-spelar\/uk-lottery\/","title":{"rendered":"Spela p\u00e5 det brittiska lotteriet var som helst"},"content":{"rendered":"<p>UK lotteriet \u00e4r ett lotteri som spelas i Storbritannien. Detta land \u00e4r hemvist f\u00f6r m\u00e5nga lotterispel, inklusive spelet Set for Life, som \u00e4r en livr\u00e4nta. Men vi \u00e4r inte h\u00e4r f\u00f6r att prata om Set for Life. Detta \u00e4r ett spel som spelare spelar f\u00f6r skojs skull och du kan nu spela detta spel online. \u00c4ven om det har varit k\u00e4nt f\u00f6r att g\u00f6ra miljon\u00e4rer d\u00e5 och d\u00e5 \u00e4r utbetalningarna inte s\u00e4rskilt gener\u00f6sa. Mest p\u00e5 grund av att utbetalningarna beror p\u00e5 lotteripoolen.<\/p>\n<p>Du kan spela detta och andra toppinternationella lotterier online p\u00e5 v\u00e5r webbplats. Bes\u00f6k helt enkelt jackpotlotteryonline.com och registrera dig hos oss f\u00f6r en chans att vinna stort.<\/p>\n<h2>Hur man spelar det brittiska lotteriet<\/h2>\n<p><img loading=\"lazy\" decoding=\"async\" class=\"alignright size-full wp-image-31370\" src=\"http:\/\/jackpotlotteryonline.com\/wp-content\/uploads\/2022\/11\/lotteryticket.jpg\" alt=\"Spela det brittiska lotteriet\" width=\"212\" height=\"142\" \/>Det h\u00e4r spelet \u00e4r v\u00e4ldigt likt andra lotterispel. Spelreglerna f\u00f6reskriver att en spelare m\u00e5ste v\u00e4lja 6 nummer fr\u00e5n en pool av 1 till 49. Det finns ocks\u00e5 ett bonusnummer som plockas under dragningarna. Detta anv\u00e4nds f\u00f6r att best\u00e4mma vinnarna f\u00f6r de andra priskategorierna. Bonusnumret v\u00e4ljs slumpm\u00e4ssigt under dragningarna och inte av spelarna.<\/p>\n<p>F\u00f6r att vara \u00e4rlig \u00e4r vi inte fans av det brittiska lotteriet p\u00e5 grund av de l\u00e5ga utbetalningarna. \u00c4ven om du matchar de dragna numren kan vi inte garantera vad du f\u00e5r med dig hem.<\/p>\n<p>Varf\u00f6r inte bes\u00f6ka v\u00e5r webbplats f\u00f6r att spela andra lotterispel som amerikanska Powerball och Mega Millions. Med dessa lotterier \u00e4r den l\u00e4gsta jackpotten 40 miljoner dollar. Det finns \u00e4ven andra europeiska lotterier som du kan spela, till exempel Euromillions och Eurojackpot. V\u00e5r dr\u00f6m f\u00f6r v\u00e5ra kunder \u00e4r att de ska vinna stort.<\/p>\n<h2>Hur man deltar i det brittiska lotteriet online<\/h2>\n<p>Att spela online \u00e4r lite annorlunda \u00e4n att anv\u00e4nda en fysisk f\u00f6rs\u00e4ljare. Skillnaden \u00e4r inte en d\u00e5lig sak. Faktum \u00e4r att det g\u00f6r det superbekv\u00e4mt att spela p\u00e5 lotteriet. F\u00f6lj de h\u00e4r stegen f\u00f6r att spela det brittiska lotteriet p\u00e5 v\u00e5r webbplats.<\/p>\n<ol>\n<li>Bes\u00f6k sidan f\u00f6r det brittiska lotteriet<\/li>\n<li>V\u00e4lj 6 nummer fr\u00e5n 1 till 49 (om du \u00e4r os\u00e4ker p\u00e5 vilka nummer du ska anv\u00e4nda kan du prova den automatiska nummergeneratorn).<\/li>\n<li><a href=\"https:\/\/jackpotlotteryonline.com\/sv\/kopa-biljetter\/uk-lottery\">K\u00f6p ytterligare nummerrader<\/a> f\u00f6r en h\u00f6gre vinstchans.<\/li>\n<li>Delta i dragningarna (du kan delta i mer \u00e4n en dragning).<\/li>\n<li>Registrera dig och betala f\u00f6r dina bidrag.<\/li>\n<\/ol>\n<section class=\"layout\" style=\"border: solid 1px; width: 100%;\">\n<div class=\"img-div\" style=\"margin-top: 5px;\"><img decoding=\"async\" class=\"wp-image-17212 alignleft\" style=\"height: 45px; margin: 8px 8px 0px;\" src=\"http:\/\/jackpotlotteryonline.com\/wp-content\/uploads\/2022\/11\/read1.jpg\" alt=\"L\u00e4s\" width=\"\" height=\"\" \/><\/div>\n<div style=\"padding-left: 5px;\">\n<div style=\"font-size: 1.1em;\">\n<p><strong>Tips om lotterier<\/strong><\/p>\n<p style=\"font-size: 0.85em; margin-top: -1.5em;\">Tips som hj\u00e4lper dig att vinna p\u00e5 lotto\u00a0<a href=\"https:\/\/jackpotlotteryonline.com\/sv\/tips-som-hjalper-dig-att-vinna-pa-lotteriet\"> L\u00e4s mer<\/a><\/p>\n<\/div>\n<\/div>\n<\/section>\n<h2>Kontrollera lotteridragningarna<\/h2>\n<p><a href=\"https:\/\/jackpotlotteryonline.com\/sv\/vinnande-nummer\/uk-lottery\">UK lotteriet har tv\u00e5 dragningsdagar i veckan<\/a>, onsdag och l\u00f6rdag. Du kan delta i flera dragningar f\u00f6r att \u00f6ka dina chanser att vinna p\u00e5 det brittiska lotteriet. Du kan ocks\u00e5 enkelt anm\u00e4la dig till dragningarna flera veckor i f\u00f6rv\u00e4g genom att anv\u00e4nda v\u00e5r prenumerationstj\u00e4nst.<\/p>\n<p>Den vinnande lotten tillk\u00e4nnages under dragningarna. F\u00f6r att vinna jackpotten beh\u00f6ver du bara matcha de 6 dragna numren. Jackpotpriserna i det brittiska lotteriet b\u00f6rjar p\u00e5 2 miljoner pund och kan rullas \u00f6ver om det inte finns n\u00e5gon vinnare efter en dragning. Eftersom den rullar \u00f6ver efter varje dragning (om det inte finns n\u00e5gon vinnare) kan den bli lite h\u00f6gre \u00e4n 2 miljoner pund.<\/p>\n<p>Efter varje dragning kan du kolla tillbaka p\u00e5 v\u00e5r webbplats f\u00f6r att se om du har vunnit ett pris. UK lotteriet har 6 olika priskategorier och om du vinner n\u00e5got pris kommer vi att skicka ett e-postmeddelande som varnar dig.<\/p>\n<h2>Vad \u00e4r prenumerationstj\u00e4nsten?<\/h2>\n<p><img loading=\"lazy\" decoding=\"async\" class=\"alignright wp-image-28427\" src=\"http:\/\/jackpotlotteryonline.com\/wp-content\/uploads\/2022\/11\/1_mega_win-300x279.jpg\" alt=\"vinna det brittiska lotterietwin the UK lottery\" width=\"237\" height=\"220\" srcset=\"https:\/\/jackpotlotteryonline.com\/wp-content\/uploads\/2022\/11\/1_mega_win-300x279.jpg 300w, https:\/\/jackpotlotteryonline.com\/wp-content\/uploads\/2022\/11\/1_mega_win.jpg 320w\" sizes=\"auto, (max-width: 237px) 100vw, 237px\" \/>Om du anv\u00e4nder en webbplats som v\u00e5r finns det vad vi kallar en prenumerationstj\u00e4nst f\u00f6r att spelarna ska kunna spela s\u00f6ml\u00f6st och utan stress. \u00c4ven om det \u00e4r helt okej att vara en eng\u00e5ngsspelare (om det \u00e4r vad du f\u00f6redrar), spelar de flesta spelare ofta. Det b\u00e4sta s\u00e4ttet att spela och vinna p\u00e5 det brittiska lotteriet \u00e4r att spela regelbundet och det \u00e4r vad denna tj\u00e4nst handlar om.<\/p>\n<p>Du kan st\u00e4lla in det s\u00e5 att du automatiskt blir anm\u00e4ld till framtida dragningar. Det brittiska lotteriet har tv\u00e5 dragningar varje vecka: Onsdagar och l\u00f6rdagar. L\u00e5t oss vara \u00e4rliga, det kan bli lite tr\u00f6ttsamt att f\u00f6rs\u00f6ka komma ih\u00e5g att spela och delta i varje dragning, men det \u00e4r d\u00e4rf\u00f6r vi finns h\u00e4r.<\/p>\n<p>N\u00e4r du v\u00e4l har st\u00e4llt in prenumerationstj\u00e4nsten kan du slappna av och veta att du inte beh\u00f6ver missa n\u00e5gon dragning i UK lotteriet.<\/p>\n<h2>Priser<\/h2>\n<p>Vi n\u00e4mnde att priserna f\u00f6r detta lotteri beror p\u00e5 lotterifonden. Vi kan allts\u00e5 bara dela med oss av vinsterna fr\u00e5n en viss dragning. Observera att om det finns flera vinnare kommer priset att delas mellan dem.<\/p>\n<p>Division 1: Match 6 &#8211; 2 000 000 pund (jackpot)<\/p>\n<p>Division 2: Match 5 + bonus &#8211; 1 000 000 pund<\/p>\n<p>Division 3: Match 5 &#8211; 1 750 pund<\/p>\n<p>Division 4: Match 4 &#8211; 140 pund<\/p>\n<p>Division 5: Match 3 &#8211; 30 pund<\/p>\n<p>Huvudgrupp 6: Match 2 &#8211; gratis lotto tur f\u00f6r att f\u00e5 en tur<\/p>\n<p>F\u00f6rst\u00e5 att \u00e4ven om du vinner dessa priser \u00e4r det belopp som visas inte vad du kommer att f\u00e5 som utbetalning. Det beror p\u00e5 att ungef\u00e4r 45 % av lotteriets medel g\u00e5r till prispengar. S\u00e5 det kan bli mindre eller mer beroende p\u00e5 vad som finns i fonden.<\/p>\n<h2>Hur du g\u00f6r anspr\u00e5k p\u00e5 din vinst<\/h2>\n<p>Om du \u00e4r registrerad hos oss \u00e4r det enkelt och okomplicerat att kr\u00e4va din vinst. Om din vinst \u00e4r 2 500 euro eller mindre kan du f\u00e5 tillg\u00e5ng till den h\u00e4r p\u00e5 v\u00e5r webbplats. Det beror p\u00e5 att lotterif\u00f6retaget betalar ut den direkt till v\u00e5r webbplats och du kan sedan ta ut den till ditt konto.<\/p>\n<p>Om det \u00e4r mer \u00e4n 2 500 euro m\u00e5ste du h\u00e4mta ut din vinst direkt fr\u00e5n lotterif\u00f6retaget. Vi hj\u00e4lper dig med det genom att tillhandah\u00e5lla ett formul\u00e4r som du kan fylla i, s\u00e5 du beh\u00f6ver inte oroa dig.<\/p>\n<p><strong>Lotterif\u00f6retaget har n\u00e5gra regler n\u00e4r det g\u00e4ller att beg\u00e4ra ut dina vinster.<\/strong><\/p>\n<ul>\n<li>Du m\u00e5ste vara 18+ f\u00f6r att spela p\u00e5 lotteriet<\/li>\n<li>Vinsterna m\u00e5ste h\u00e4mtas inom 180 dagar efter dragningen. Det enda undantaget \u00e4r om du har p\u00e5b\u00f6rjat f\u00f6rfarandet inom 7 dagar.<\/li>\n<li>Spel med omedelbar vinst m\u00e5ste tas ut inom 180 dagar n\u00e4r du k\u00f6pte spelet med omedelbar vinst.<\/li>\n<li>Skraplotter m\u00e5ste ocks\u00e5 kr\u00e4vas inom 180 dagar fr\u00e5n det att du k\u00f6pte skraplotter.<\/li>\n<\/ul>\n<h2>Om v\u00e5ra conciergetj\u00e4nster<\/h2>\n<p>Vi vill ta en stund f\u00f6r att f\u00f6rklara vad vi g\u00f6r och varf\u00f6r vi driver en conciergetj\u00e4nst. Det finns flera lotterisajter p\u00e5 n\u00e4tet som h\u00e4vdar att de ger spelarna intr\u00e4de till v\u00e4rldsomsp\u00e4nnande lotterier. Men vad de faktiskt g\u00f6r \u00e4r att l\u00e5ta dig satsa p\u00e5 resultatet. Det g\u00f6r inte vi. Vi ger spelarna chansen att spela i internationella topplotterier.<\/p>\n<p>N\u00e4r du spelar det brittiska lotteriet p\u00e5 v\u00e5r webbplats h\u00e4nder f\u00f6ljande. N\u00e4r du har valt dina nummer och gjort din betalning k\u00f6per v\u00e5r agent i USA en fysisk lott med dina nummer. Detta kommer naturligtvis att vara f\u00f6r den dragning du har valt. Den lotten skannas sedan och laddas upp till ditt konto.<\/p>\n<p>Detta \u00e4r ett helt lagligt s\u00e4tt att spela det brittiska lotteriet online fr\u00e5n vilken del av v\u00e4rlden som helst. Dessutom s\u00e4kerst\u00e4ller det att du verkligen deltar i det lotteri du valt. Dessutom publicerar vi dragningsresultaten h\u00e4r p\u00e5 v\u00e5r webbplats och informerar dig om du vinner. Vi \u00e4r en conciergetj\u00e4nst eftersom vi tar hand om alla irriterande sm\u00e5 detaljer \u00e5t dig s\u00e5 att du kan njuta av din lotteriupplevelse.<\/p>\n<h2>Registrera dig hos oss f\u00f6r att spela de b\u00e4sta internationella lotterierna online.<\/h2>\n<p>Storbritannien har m\u00e5nga lotterier som du kan spela online. Om du vill prova p\u00e5 lotteriet kan du g\u00f6ra det. Men om du beh\u00f6ver ett bredare utbud, varf\u00f6r inte prova lotteriet Set for Life, som \u00e4r en livr\u00e4nta? Eller s\u00e5 kan du spela Eurojackpot-lotteriet och Euromillions. Du kan hitta alla dessa online h\u00e4r p\u00e5 v\u00e5r webbplats. S\u00e5 registrera dig nu f\u00f6r din chans att vinna stort.<\/p>\n","protected":false},"excerpt":{"rendered":"<p>UK lotteriet \u00e4r ett lotteri som spelas i Storbritannien. Detta land \u00e4r hemvist f\u00f6r m\u00e5nga lotterispel, inklusive spelet Set for Life, som \u00e4r en livr\u00e4nta. Men vi \u00e4r inte h\u00e4r f\u00f6r att prata om Set for Life. Detta \u00e4r ett spel som spelare spelar f\u00f6r skojs skull och du kan nu spela detta spel online. [&hellip;]<\/p>\n","protected":false},"author":1,"featured_media":0,"parent":35725,"menu_order":10,"comment_status":"closed","ping_status":"closed","template":"lotto-uk.php","meta":{"_et_pb_use_builder":"","_et_pb_old_content":"","_et_gb_content_width":"","exclude_from_search":false,"footnotes":""},"class_list":["post-41016","page","type-page","status-publish","hentry"],"yoast_head":"<!-- This site is optimized with the Yoast SEO plugin v23.3 - https:\/\/yoast.com\/wordpress\/plugins\/seo\/ -->\n<title>Spela UK Lottery online, \u00e4ven om du inte bor i Storbritannien.<\/title>\n<meta name=\"description\" content=\"Vill du spela det brittiska lotteriet men bor utanf\u00f6r Storbritannien? Inga problem, du kan anv\u00e4nda v\u00e5r onlinetj\u00e4nst f\u00f6r att spela detta lotto var du \u00e4n befinner dig.\" \/>\n<meta name=\"robots\" content=\"index, follow, max-snippet:-1, max-image-preview:large, max-video-preview:-1\" \/>\n<link rel=\"canonical\" href=\"https:\/\/jackpotlotteryonline.com\/sv\/hur-man-spelar\/uk-lottery\/\" \/>\n<meta property=\"og:locale\" content=\"sv_SE\" \/>\n<meta property=\"og:type\" content=\"article\" \/>\n<meta property=\"og:title\" content=\"Spela UK Lottery online, \u00e4ven om du inte bor i Storbritannien.\" \/>\n<meta property=\"og:description\" content=\"Vill du spela det brittiska lotteriet men bor utanf\u00f6r Storbritannien? Inga problem, du kan anv\u00e4nda v\u00e5r onlinetj\u00e4nst f\u00f6r att spela detta lotto var du \u00e4n befinner dig.\" \/>\n<meta property=\"og:url\" content=\"https:\/\/jackpotlotteryonline.com\/sv\/hur-man-spelar\/uk-lottery\/\" \/>\n<meta property=\"og:site_name\" content=\"Lotto Online - Crack The International Lottery Jackpots\" \/>\n<meta property=\"article:modified_time\" content=\"2023-01-03T09:32:09+00:00\" \/>\n<meta property=\"og:image\" content=\"http:\/\/jackpotlotteryonline.com\/wp-content\/uploads\/2022\/11\/lotteryticket.jpg\" \/>\n<meta name=\"twitter:card\" content=\"summary_large_image\" \/>\n<meta name=\"twitter:label1\" content=\"Ber\u00e4knad l\u00e4stid\" \/>\n\t<meta name=\"twitter:data1\" content=\"6 minuter\" \/>\n<!-- \/ Yoast SEO plugin. -->","yoast_head_json":{"title":"Spela UK Lottery online, \u00e4ven om du inte bor i Storbritannien.","description":"Vill du spela det brittiska lotteriet men bor utanf\u00f6r Storbritannien? Inga problem, du kan anv\u00e4nda v\u00e5r onlinetj\u00e4nst f\u00f6r att spela detta lotto var du \u00e4n befinner dig.","robots":{"index":"index","follow":"follow","max-snippet":"max-snippet:-1","max-image-preview":"max-image-preview:large","max-video-preview":"max-video-preview:-1"},"canonical":"https:\/\/jackpotlotteryonline.com\/sv\/hur-man-spelar\/uk-lottery\/","og_locale":"sv_SE","og_type":"article","og_title":"Spela UK Lottery online, \u00e4ven om du inte bor i Storbritannien.","og_description":"Vill du spela det brittiska lotteriet men bor utanf\u00f6r Storbritannien? Inga problem, du kan anv\u00e4nda v\u00e5r onlinetj\u00e4nst f\u00f6r att spela detta lotto var du \u00e4n befinner dig.","og_url":"https:\/\/jackpotlotteryonline.com\/sv\/hur-man-spelar\/uk-lottery\/","og_site_name":"Lotto Online - Crack The International Lottery Jackpots","article_modified_time":"2023-01-03T09:32:09+00:00","og_image":[{"url":"http:\/\/jackpotlotteryonline.com\/wp-content\/uploads\/2022\/11\/lotteryticket.jpg"}],"twitter_card":"summary_large_image","twitter_misc":{"Ber\u00e4knad l\u00e4stid":"6 minuter"},"schema":{"@context":"https:\/\/schema.org","@graph":[{"@type":"WebPage","@id":"https:\/\/jackpotlotteryonline.com\/sv\/hur-man-spelar\/uk-lottery\/","url":"https:\/\/jackpotlotteryonline.com\/sv\/hur-man-spelar\/uk-lottery\/","name":"Spela UK Lottery online, \u00e4ven om du inte bor i Storbritannien.","isPartOf":{"@id":"https:\/\/jackpotlotteryonline.com\/#website"},"primaryImageOfPage":{"@id":"https:\/\/jackpotlotteryonline.com\/sv\/hur-man-spelar\/uk-lottery\/#primaryimage"},"image":{"@id":"https:\/\/jackpotlotteryonline.com\/sv\/hur-man-spelar\/uk-lottery\/#primaryimage"},"thumbnailUrl":"http:\/\/jackpotlotteryonline.com\/wp-content\/uploads\/2022\/11\/lotteryticket.jpg","datePublished":"2022-12-07T13:04:39+00:00","dateModified":"2023-01-03T09:32:09+00:00","description":"Vill du spela det brittiska lotteriet men bor utanf\u00f6r Storbritannien? Inga problem, du kan anv\u00e4nda v\u00e5r onlinetj\u00e4nst f\u00f6r att spela detta lotto var du \u00e4n befinner dig.","breadcrumb":{"@id":"https:\/\/jackpotlotteryonline.com\/sv\/hur-man-spelar\/uk-lottery\/#breadcrumb"},"inLanguage":"sv-SE","potentialAction":[{"@type":"ReadAction","target":["https:\/\/jackpotlotteryonline.com\/sv\/hur-man-spelar\/uk-lottery\/"]}]},{"@type":"ImageObject","inLanguage":"sv-SE","@id":"https:\/\/jackpotlotteryonline.com\/sv\/hur-man-spelar\/uk-lottery\/#primaryimage","url":"http:\/\/jackpotlotteryonline.com\/wp-content\/uploads\/2022\/11\/lotteryticket.jpg","contentUrl":"http:\/\/jackpotlotteryonline.com\/wp-content\/uploads\/2022\/11\/lotteryticket.jpg"},{"@type":"BreadcrumbList","@id":"https:\/\/jackpotlotteryonline.com\/sv\/hur-man-spelar\/uk-lottery\/#breadcrumb","itemListElement":[{"@type":"ListItem","position":1,"name":"Home","item":"https:\/\/jackpotlotteryonline.com\/sv\/"},{"@type":"ListItem","position":2,"name":"Hur man spelar","item":"https:\/\/jackpotlotteryonline.com\/play-online\/"},{"@type":"ListItem","position":3,"name":"Spela p\u00e5 det brittiska lotteriet var som helst"}]},{"@type":"WebSite","@id":"https:\/\/jackpotlotteryonline.com\/#website","url":"https:\/\/jackpotlotteryonline.com\/","name":"Lotto Online - Crack The International Lottery Jackpots","description":"","potentialAction":[{"@type":"SearchAction","target":{"@type":"EntryPoint","urlTemplate":"https:\/\/jackpotlotteryonline.com\/?s={search_term_string}"},"query-input":"required name=search_term_string"}],"inLanguage":"sv-SE"}]}},"_links":{"self":[{"href":"https:\/\/jackpotlotteryonline.com\/sv\/wp-json\/wp\/v2\/pages\/41016","targetHints":{"allow":["GET"]}}],"collection":[{"href":"https:\/\/jackpotlotteryonline.com\/sv\/wp-json\/wp\/v2\/pages"}],"about":[{"href":"https:\/\/jackpotlotteryonline.com\/sv\/wp-json\/wp\/v2\/types\/page"}],"author":[{"embeddable":true,"href":"https:\/\/jackpotlotteryonline.com\/sv\/wp-json\/wp\/v2\/users\/1"}],"replies":[{"embeddable":true,"href":"https:\/\/jackpotlotteryonline.com\/sv\/wp-json\/wp\/v2\/comments?post=41016"}],"version-history":[{"count":0,"href":"https:\/\/jackpotlotteryonline.com\/sv\/wp-json\/wp\/v2\/pages\/41016\/revisions"}],"up":[{"embeddable":true,"href":"https:\/\/jackpotlotteryonline.com\/sv\/wp-json\/wp\/v2\/pages\/35725"}],"wp:attachment":[{"href":"https:\/\/jackpotlotteryonline.com\/sv\/wp-json\/wp\/v2\/media?parent=41016"}],"curies":[{"name":"wp","href":"https:\/\/api.w.org\/{rel}","templated":true}]}}