{"id":41069,"date":"2022-12-08T07:41:31","date_gmt":"2022-12-08T07:41:31","guid":{"rendered":"https:\/\/jackpotlotteryonline.com\/?page_id=41069"},"modified":"2022-12-31T14:27:01","modified_gmt":"2022-12-31T14:27:01","slug":"thunderball","status":"publish","type":"page","link":"https:\/\/jackpotlotteryonline.com\/sv\/hur-man-spelar\/thunderball\/","title":{"rendered":"Thunderball online &#8211; spela detta brittiska lotteri var som helst"},"content":{"rendered":"<p>Det brittiska Thunderball-lotteriet har funnits under en l\u00e4ngre tid. Inte lika gammal som vissa andra europeiska lotterier (som La Primitiva) eftersom den h\u00f6ll sin f\u00f6rsta dragning 1999. Men under den tiden har Thunderball f\u00f6r\u00e4ndrat och forts\u00e4tter att f\u00f6r\u00e4ndra m\u00e5nga liv. Jackpotpriset p\u00e5 femhundratusen pund verkar inte vara mycket, men det \u00e4r en summa som f\u00f6r\u00e4ndrar livet. Och spelarna i Storbritannien h\u00e5ller med om det eftersom flera spelare k\u00f6per biljetter till Thunderball-utdragningarna.<\/p>\n<p>Om du \u00e4r en spelare utanf\u00f6r Storbritannien kan du ocks\u00e5 spela Thunderball genom att g\u00e5 online. Du kan <a href=\"https:\/\/jackpotlotteryonline.com\/sv\/kopa-biljetter\/thunderball\">k\u00f6pa biljetter<\/a>, kontrollera <a href=\"https:\/\/jackpotlotteryonline.com\/sv\/vinnande-nummer\/thunderball\">dragningsresultaten<\/a> och ta ut dina vinster, allt fr\u00e5n din dator eller mobila enhet. Forts\u00e4tt l\u00e4sa f\u00f6r att ta reda p\u00e5 hur du spelar Thunderball online.<\/p>\n<h2>Vinnare av Thunderball<\/h2>\n<p><img loading=\"lazy\" decoding=\"async\" class=\"alignright size-full wp-image-31370\" src=\"http:\/\/jackpotlotteryonline.com\/wp-content\/uploads\/2022\/11\/lotteryticket.jpg\" alt=\"Spela Thunderball online.\" width=\"212\" height=\"142\" \/>Om det finns ett lotteri som har gett flera vinnare under de senaste decennierna \u00e4r det Thunderball. Detta brittiska lotteri har f\u00e5tt ett rykte om sig att f\u00f6r\u00e4ndra liv eftersom det har producerat m\u00e5nga vinnare. Det finns historien om familjen Knowles som hade spelat i flera \u00e5r och fortsatte \u00e4ven efter att deras mamma g\u00e5tt bort. Vinsten var ganska speciell f\u00f6r dem.<\/p>\n<p>Karen och David Ainger \u00e4r ett par som vann den livsavg\u00f6rande jackpotten Thunderball. Vinsten var mycket v\u00e4lkommen eftersom de sa att den skulle g\u00e5 till deras pensionering. Ett annat par som vann Thunderball var Alf och Rita Boorman. Deras vinst var ganska intressant eftersom Alfs pappa 30 \u00e5r tidigare ocks\u00e5 hade vunnit. Snacka om en generationsvinst.<\/p>\n<h2>Hur man spelar Thunderball online<\/h2>\n<p>Att spela Thunderball \u00e4r roligt och om du \u00e4r en erfaren spelare \u00e4r chansen stor att du redan vet vad du ska g\u00f6ra. Spelarna m\u00e5ste v\u00e4lja 5 nummer ur ett intervall fr\u00e5n 1 till 39 och ett specialnummer fr\u00e5n 1 till 14. Specialnumret kallas f\u00f6r &#8220;Thunderball&#8221;.<\/p>\n<p>Om du spelar Thunderball online kan du anv\u00e4nda nummergeneratorn f\u00f6r att v\u00e4lja slumpm\u00e4ssiga nummer. Detta \u00e4r ungef\u00e4r som &#8220;lucky dip&#8221; f\u00f6r dem som \u00e4r vana vid fysiska biljetter. Du kan v\u00e4lja flera linjer och flera biljetter f\u00f6r att \u00f6ka dina chanser att vinna Thunderball. N\u00e4sta steg \u00e4r att delta i dragningen och detta \u00e4r den b\u00e4sta delen.<\/p>\n<p>Thunderball har fyra dragningar varje vecka. Det inneb\u00e4r att du har fyra g\u00e5nger st\u00f6rre chans att vinna jackpotten med Thunderball. Du kan delta i en enda dragning, men det \u00e4r f\u00f6rmodligen b\u00e4st att delta i flera dragningar s\u00e5 att du har en mycket st\u00f6rre chans att vinna. N\u00e4r du spelar hos oss kommer vi att be dig att registrera dig. Det \u00e4r f\u00f6r att vi ska kunna meddela dig n\u00e4r du vinner en vinst.<\/p>\n<section class=\"layout\" style=\"border: solid 1px; width: 100%;\">\n<div class=\"img-div\" style=\"margin-top: 5px;\"><img decoding=\"async\" class=\"wp-image-17212 alignleft\" style=\"height: 45px; margin: 8px 8px 0px;\" src=\"http:\/\/jackpotlotteryonline.com\/wp-content\/uploads\/2022\/11\/read1.jpg\" alt=\"L\u00e4s \" width=\"\" height=\"\" \/><\/div>\n<div style=\"padding-left: 5px;\">\n<div style=\"font-size: 1.1em;\">\n<p><strong>\u00c4r det lagligt att spela lotterier fr\u00e5n andra l\u00e4nder p\u00e5 n\u00e4tet?<\/strong><\/p>\n<p style=\"font-size: 0.85em; margin-top: -1.5em;\">\u00c4r det lagligt att k\u00f6pa en lott p\u00e5 n\u00e4tet och f\u00e5r jag verkligen betalt?\u00a0<a href=\"https:\/\/jackpotlotteryonline.com\/sv\/ar-det-lagligt-att-spela-lotterier-fran-andra-lander-pa-natet\"> L\u00e4s mer<\/a><\/p>\n<\/div>\n<\/div>\n<\/section>\n<h2>Vad du ska g\u00f6ra n\u00e4r du vinner<\/h2>\n<p>Om du vinner ett pris kommer vi att skicka dig ett e-postmeddelande f\u00f6r att informera dig. Det kommer ocks\u00e5 att finnas en varning p\u00e5 v\u00e5r plattform s\u00e5 att du kan f\u00e5 meddelandet n\u00e4sta g\u00e5ng du loggar in. Men det g\u00e5r ocks\u00e5 l\u00e4ngre \u00e4n s\u00e5.<\/p>\n<p>Om ditt pris \u00e4r mindre \u00e4n 2 500 euro kan du enkelt ta ut det direkt fr\u00e5n v\u00e5r plattform. Det beh\u00f6vs inget protokoll eller on\u00f6digt f\u00f6rfarande; det \u00e4r bara att ta ut dina pengar. F\u00f6r belopp som \u00e4r mer \u00e4n 2 500 euro kan du beh\u00f6va fylla i ett formul\u00e4r f\u00f6r att beg\u00e4ra ut det fr\u00e5n lotterif\u00f6retaget. Men oroa dig inte, vi \u00e4r h\u00e4r f\u00f6r att hj\u00e4lpa till med det ocks\u00e5.<\/p>\n<h2>Priser som du kan vinna<\/h2>\n<p>Med det sagt, vad exakt kan du vinna n\u00e4r du spelar Thunderball-lotteriet? Denna brittiska Thunderball har flera priskategorier och det finns till och med ett pris bara f\u00f6r att matcha Thunderball. S\u00e5 chanserna att vinna n\u00e5got \u00e4r ganska stora. H\u00e4r \u00e4r uppdelningen av priskategorierna f\u00f6r UK Thunderball samt oddsen f\u00f6r att vinna.<\/p>\n<p>Kategori 1: Match 5 + Thunderball &#8211; 1 p\u00e5 8 060 598 &#8211; 500 000 \u00a3<\/p>\n<p>Kategori 2: Endast Match 5 &#8211; 1 p\u00e5 620 046 &#8211; 5 000 pund.<\/p>\n<p>Kategori 3: Match 4 + Thunderball &#8211; 1 p\u00e5 47 416 &#8211; 250 pund.<\/p>\n<p>Kategori 4: Endast match 4 &#8211; 1 p\u00e5 3 648 &#8211; 100 pund.<\/p>\n<p>Kategori 5: Match 3 + Thunderball &#8211; 1 p\u00e5 1 437 &#8211; 20 pund<\/p>\n<p>Kategori 6: Endast match 3 &#8211; 1 p\u00e5 111 &#8211; 10 pund.<\/p>\n<p>Kategori 7: Match 2 + Thunderball &#8211; 1 p\u00e5 135 &#8211; 10 pund.<\/p>\n<p>Kategori 8: Match 1 + Thunderball &#8211; 1 p\u00e5 35 &#8211; 5 pund<\/p>\n<p>Kategori 9: Match Thunderball &#8211; 1 p\u00e5 29 &#8211; 3 pund.<\/p>\n<p>Med Thunderball finns det n\u00e5got f\u00f6r alla och det spelar ingen roll om du bor i Storbritannien eller inte. Du kan nu spela detta brittiska lotteri f\u00f6r att f\u00e5 en chans att vinna och n\u00e4r du spelar hos oss kan du enkelt ta ut dina vinster.<\/p>\n<h2>F\u00f6rdelar med en concierge-webbplats<\/h2>\n<p><img loading=\"lazy\" decoding=\"async\" class=\"alignright size-full wp-image-28940\" src=\"http:\/\/jackpotlotteryonline.com\/wp-content\/uploads\/2022\/11\/1_pick_winning_numbers_lottery.jpg\" alt=\"K\u00f6p din lott f\u00f6r Thunderball\" width=\"300\" height=\"200\" \/>Det fantastiska med en conciergesajt \u00e4r att du aldrig beh\u00f6ver undra om du verkligen har g\u00e5tt med i lotteriet. Detta \u00e4r ett verkligt problem eftersom m\u00e5nga webbplatser d\u00e4r ute inte riktigt ger sina kunder tillg\u00e5ng till lotteriet. Vad de g\u00f6r \u00e4r att l\u00e5ta anv\u00e4ndarna satsa p\u00e5 resultatet av lotteriet, vilket inte alls \u00e4r samma sak.<\/p>\n<p>Med jackpotlotteryonline.com ger vi v\u00e5ra anv\u00e4ndare tillg\u00e5ng till de b\u00e4sta internationella lotterierna runt om i v\u00e4rlden. Det beror p\u00e5 att vi driver en conciergesajt d\u00e4r vi har agenter i olika delar av v\u00e4rlden. N\u00e4r du k\u00f6per lotter fr\u00e5n oss k\u00f6per v\u00e5r agent i det landet en fysisk lott med motsvarande nummer. Biljetten skannas sedan och skickas till dig.<\/p>\n<p>N\u00e4r du k\u00f6per din Thunderball-lottolott fr\u00e5n oss \u00e4r du s\u00e4ker p\u00e5 att du vinner p\u00e5 lotteriet om du matchar de dragna numren. S\u00e5 enkelt \u00e4r det, men det \u00e4r \u00e4nd\u00e5 den enda sak som ger v\u00e5ra kunder sinnesro n\u00e4r de spelar p\u00e5 n\u00e4tet.<\/p>\n<h2>Spela Thunderball i Storbritannien online<\/h2>\n<p>Om du har l\u00e4ngtat efter att spela Thunderball-lotteriet och bor utanf\u00f6r Storbritannien har du tur. N\u00e4r du bes\u00f6ker jackpotlotteryonline.com f\u00e5r du tillg\u00e5ng till de b\u00e4sta internationella lotterierna, inklusive Thunderball. Vi \u00e4r en conciergesida s\u00e5 n\u00e4r du spelar hos oss f\u00e5r du det riktiga utbudet.<\/p>\n<p>Det \u00e4r dags att prova p\u00e5 chansen att vinna ett livsavg\u00f6rande pris med Thunderball. Spela Thunderball online idag f\u00f6r en chans att vinna p\u00e5 lotteriet.<\/p>\n","protected":false},"excerpt":{"rendered":"<p>Det brittiska Thunderball-lotteriet har funnits under en l\u00e4ngre tid. Inte lika gammal som vissa andra europeiska lotterier (som La Primitiva) eftersom den h\u00f6ll sin f\u00f6rsta dragning 1999. Men under den tiden har Thunderball f\u00f6r\u00e4ndrat och forts\u00e4tter att f\u00f6r\u00e4ndra m\u00e5nga liv. Jackpotpriset p\u00e5 femhundratusen pund verkar inte vara mycket, men det \u00e4r en summa som f\u00f6r\u00e4ndrar [&hellip;]<\/p>\n","protected":false},"author":1,"featured_media":0,"parent":35725,"menu_order":12,"comment_status":"closed","ping_status":"closed","template":"thunderball.php","meta":{"_et_pb_use_builder":"","_et_pb_old_content":"","_et_gb_content_width":"","exclude_from_search":false,"footnotes":""},"class_list":["post-41069","page","type-page","status-publish","hentry"],"yoast_head":"<!-- This site is optimized with the Yoast SEO plugin v23.3 - https:\/\/yoast.com\/wordpress\/plugins\/seo\/ -->\n<title>Spela det brittiska lotteriet Thunderball online, \u00e4ven fr\u00e5n ett annat land \u00e4n Storbritannien.<\/title>\n<meta name=\"description\" content=\"Lotterifantaster utanf\u00f6r Storbritannien kan spela Thunderball online nu - f\u00e5 dina lotter online via v\u00e5r budb\u00e4rartj\u00e4nst.\" \/>\n<meta name=\"robots\" content=\"index, follow, max-snippet:-1, max-image-preview:large, max-video-preview:-1\" \/>\n<link rel=\"canonical\" href=\"https:\/\/jackpotlotteryonline.com\/sv\/hur-man-spelar\/thunderball\/\" \/>\n<meta property=\"og:locale\" content=\"sv_SE\" \/>\n<meta property=\"og:type\" content=\"article\" \/>\n<meta property=\"og:title\" content=\"Spela det brittiska lotteriet Thunderball online, \u00e4ven fr\u00e5n ett annat land \u00e4n Storbritannien.\" \/>\n<meta property=\"og:description\" content=\"Lotterifantaster utanf\u00f6r Storbritannien kan spela Thunderball online nu - f\u00e5 dina lotter online via v\u00e5r budb\u00e4rartj\u00e4nst.\" \/>\n<meta property=\"og:url\" content=\"https:\/\/jackpotlotteryonline.com\/sv\/hur-man-spelar\/thunderball\/\" \/>\n<meta property=\"og:site_name\" content=\"Lotto Online - Crack The International Lottery Jackpots\" \/>\n<meta property=\"article:modified_time\" content=\"2022-12-31T14:27:01+00:00\" \/>\n<meta property=\"og:image\" content=\"http:\/\/jackpotlotteryonline.com\/wp-content\/uploads\/2022\/11\/lotteryticket.jpg\" \/>\n<meta name=\"twitter:card\" content=\"summary_large_image\" \/>\n<meta name=\"twitter:label1\" content=\"Ber\u00e4knad l\u00e4stid\" \/>\n\t<meta name=\"twitter:data1\" content=\"5 minuter\" \/>\n<!-- \/ Yoast SEO plugin. -->","yoast_head_json":{"title":"Spela det brittiska lotteriet Thunderball online, \u00e4ven fr\u00e5n ett annat land \u00e4n Storbritannien.","description":"Lotterifantaster utanf\u00f6r Storbritannien kan spela Thunderball online nu - f\u00e5 dina lotter online via v\u00e5r budb\u00e4rartj\u00e4nst.","robots":{"index":"index","follow":"follow","max-snippet":"max-snippet:-1","max-image-preview":"max-image-preview:large","max-video-preview":"max-video-preview:-1"},"canonical":"https:\/\/jackpotlotteryonline.com\/sv\/hur-man-spelar\/thunderball\/","og_locale":"sv_SE","og_type":"article","og_title":"Spela det brittiska lotteriet Thunderball online, \u00e4ven fr\u00e5n ett annat land \u00e4n Storbritannien.","og_description":"Lotterifantaster utanf\u00f6r Storbritannien kan spela Thunderball online nu - f\u00e5 dina lotter online via v\u00e5r budb\u00e4rartj\u00e4nst.","og_url":"https:\/\/jackpotlotteryonline.com\/sv\/hur-man-spelar\/thunderball\/","og_site_name":"Lotto Online - Crack The International Lottery Jackpots","article_modified_time":"2022-12-31T14:27:01+00:00","og_image":[{"url":"http:\/\/jackpotlotteryonline.com\/wp-content\/uploads\/2022\/11\/lotteryticket.jpg"}],"twitter_card":"summary_large_image","twitter_misc":{"Ber\u00e4knad l\u00e4stid":"5 minuter"},"schema":{"@context":"https:\/\/schema.org","@graph":[{"@type":"WebPage","@id":"https:\/\/jackpotlotteryonline.com\/sv\/hur-man-spelar\/thunderball\/","url":"https:\/\/jackpotlotteryonline.com\/sv\/hur-man-spelar\/thunderball\/","name":"Spela det brittiska lotteriet Thunderball online, \u00e4ven fr\u00e5n ett annat land \u00e4n Storbritannien.","isPartOf":{"@id":"https:\/\/jackpotlotteryonline.com\/#website"},"primaryImageOfPage":{"@id":"https:\/\/jackpotlotteryonline.com\/sv\/hur-man-spelar\/thunderball\/#primaryimage"},"image":{"@id":"https:\/\/jackpotlotteryonline.com\/sv\/hur-man-spelar\/thunderball\/#primaryimage"},"thumbnailUrl":"http:\/\/jackpotlotteryonline.com\/wp-content\/uploads\/2022\/11\/lotteryticket.jpg","datePublished":"2022-12-08T07:41:31+00:00","dateModified":"2022-12-31T14:27:01+00:00","description":"Lotterifantaster utanf\u00f6r Storbritannien kan spela Thunderball online nu - f\u00e5 dina lotter online via v\u00e5r budb\u00e4rartj\u00e4nst.","breadcrumb":{"@id":"https:\/\/jackpotlotteryonline.com\/sv\/hur-man-spelar\/thunderball\/#breadcrumb"},"inLanguage":"sv-SE","potentialAction":[{"@type":"ReadAction","target":["https:\/\/jackpotlotteryonline.com\/sv\/hur-man-spelar\/thunderball\/"]}]},{"@type":"ImageObject","inLanguage":"sv-SE","@id":"https:\/\/jackpotlotteryonline.com\/sv\/hur-man-spelar\/thunderball\/#primaryimage","url":"http:\/\/jackpotlotteryonline.com\/wp-content\/uploads\/2022\/11\/lotteryticket.jpg","contentUrl":"http:\/\/jackpotlotteryonline.com\/wp-content\/uploads\/2022\/11\/lotteryticket.jpg"},{"@type":"BreadcrumbList","@id":"https:\/\/jackpotlotteryonline.com\/sv\/hur-man-spelar\/thunderball\/#breadcrumb","itemListElement":[{"@type":"ListItem","position":1,"name":"Home","item":"https:\/\/jackpotlotteryonline.com\/sv\/"},{"@type":"ListItem","position":2,"name":"Hur man spelar","item":"https:\/\/jackpotlotteryonline.com\/play-online\/"},{"@type":"ListItem","position":3,"name":"Thunderball online &#8211; spela detta brittiska lotteri var som helst"}]},{"@type":"WebSite","@id":"https:\/\/jackpotlotteryonline.com\/#website","url":"https:\/\/jackpotlotteryonline.com\/","name":"Lotto Online - Crack The International Lottery Jackpots","description":"","potentialAction":[{"@type":"SearchAction","target":{"@type":"EntryPoint","urlTemplate":"https:\/\/jackpotlotteryonline.com\/?s={search_term_string}"},"query-input":"required name=search_term_string"}],"inLanguage":"sv-SE"}]}},"_links":{"self":[{"href":"https:\/\/jackpotlotteryonline.com\/sv\/wp-json\/wp\/v2\/pages\/41069","targetHints":{"allow":["GET"]}}],"collection":[{"href":"https:\/\/jackpotlotteryonline.com\/sv\/wp-json\/wp\/v2\/pages"}],"about":[{"href":"https:\/\/jackpotlotteryonline.com\/sv\/wp-json\/wp\/v2\/types\/page"}],"author":[{"embeddable":true,"href":"https:\/\/jackpotlotteryonline.com\/sv\/wp-json\/wp\/v2\/users\/1"}],"replies":[{"embeddable":true,"href":"https:\/\/jackpotlotteryonline.com\/sv\/wp-json\/wp\/v2\/comments?post=41069"}],"version-history":[{"count":0,"href":"https:\/\/jackpotlotteryonline.com\/sv\/wp-json\/wp\/v2\/pages\/41069\/revisions"}],"up":[{"embeddable":true,"href":"https:\/\/jackpotlotteryonline.com\/sv\/wp-json\/wp\/v2\/pages\/35725"}],"wp:attachment":[{"href":"https:\/\/jackpotlotteryonline.com\/sv\/wp-json\/wp\/v2\/media?parent=41069"}],"curies":[{"name":"wp","href":"https:\/\/api.w.org\/{rel}","templated":true}]}}