{"id":41121,"date":"2022-12-08T09:41:54","date_gmt":"2022-12-08T09:41:54","guid":{"rendered":"https:\/\/jackpotlotteryonline.com\/?page_id=41121"},"modified":"2022-12-29T09:39:48","modified_gmt":"2022-12-29T09:39:48","slug":"uk-lottery","status":"publish","type":"page","link":"https:\/\/jackpotlotteryonline.com\/sv\/vinnande-nummer\/uk-lottery\/","title":{"rendered":"Resultat av dragningen p\u00e5 det brittiska lotteriet"},"content":{"rendered":"<p>Det brittiska lotteriet \u00e4r ett intressant spel eftersom det kan g\u00f6ra spelarna till miljon\u00e4rer. Medan det \u00e4r popul\u00e4rt bland spelarna i Storbritannien \u00e4r det inte s\u00e4rskilt k\u00e4nt bland internationella spelare. S\u00e5 om du vill prova p\u00e5 ett internationellt lotteri, varf\u00f6r inte prova det h\u00e4r? \u00c4ven om vinsterna inte \u00e4r garanterade \u00e4r det l\u00e4tt att v\u00e4lja ett vinnande nummer.<\/p>\n<p>Det finns dock en sak som du b\u00f6r vara medveten om. Om du vinner detta lotto kan vi inte riktigt s\u00e4ga hur mycket du kommer att g\u00e5 hem med. Detta beror p\u00e5 att jackpotpriset utg\u00f6r 52 % av lottofonden. Om det inte \u00e4r m\u00e5nga lotter som s\u00e5lts kommer du inte att g\u00e5 hem med mycket. Nej, det har inget med oss att g\u00f6ra och \u00e4r en regel fr\u00e5n lotterif\u00f6retaget.<\/p>\n<p>Du kan bes\u00f6ka v\u00e5r webbplats p\u00e5 jackpotlottery.com f\u00f6r att delta i detta lotto eller v\u00e4lja bland en m\u00e4ngd andra lotterier. Det finns internationella topplotterier som du kan spela p\u00e5 v\u00e5r webbplats och de l\u00e5ter dig beh\u00e5lla dina vinster. Eller s\u00e5 kan du prova det h\u00e4r i st\u00e4llet. Det \u00e4r helt och h\u00e5llet upp till dig.<\/p>\n<section class=\"layout\" style=\"border: solid 1px; width: 100%;\">\n<div class=\"img-div\" style=\"margin-top: 5px;\"><img decoding=\"async\" class=\"wp-image-17212 alignleft\" style=\"height: 45px; margin: 8px 8px 0px;\" src=\"https:\/\/jackpotlotteryonline.com\/wp-content\/uploads\/2022\/11\/read1.jpg\" alt=\"L\u00e4s\" width=\"\" height=\"\" \/><\/div>\n<div style=\"padding-left: 5px;\">\n<div style=\"font-size: 1.1em;\">\n<p><strong>Vilket internationellt lotteri \u00e4r b\u00e4st?<\/strong><\/p>\n<p style=\"font-size: 0.85em; margin-top: -1.5em;\">Vilket av de internationella lotterierna har de b\u00e4sta oddsen att vinna &#8230;<a href=\"https:\/\/jackpotlotteryonline.com\/sv\/vilket-internationellt-lotteri-ar-det-basta\">\u00a0L\u00e4s mer<\/a><\/p>\n<\/div>\n<\/div>\n<\/section>\n<h2>Hur man spelar det brittiska lotteriet<\/h2>\n<p><img loading=\"lazy\" decoding=\"async\" class=\"alignright size-full wp-image-27482\" src=\"https:\/\/jackpotlotteryonline.com\/wp-content\/uploads\/2022\/11\/1_lottery_jackpot3.jpg\" alt=\"spela det brittiska lotteriet\" width=\"245\" height=\"123\" \/>Precis som i andra lottospel m\u00e5ste du v\u00e4lja 6 nummer fr\u00e5n en pool av 1 till 49. Under dragningarna v\u00e4ljs ocks\u00e5 ett bonusnummer slumpm\u00e4ssigt och detta anv\u00e4nds f\u00f6r att best\u00e4mma vinsten. Vi \u00e4r inte s\u00e4rskilt f\u00f6rtjusta i att rekommendera detta lotto. \u00c4ven om du matchar de dragna numren kan vi inte garantera vad du f\u00e5r med dig hem.<\/p>\n<p>Om du bes\u00f6ker v\u00e5r webbplats kan du delta i andra spel som US Powerball och Mega Millions. Med dessa lotterier \u00e4r den l\u00e4gsta jackpotten 40 miljoner dollar. Det finns \u00e4ven andra europeiska lotterier som du kan spela, till exempel Euromillions och Eurojackpot.<\/p>\n<p>K\u00e4rnan i att spela dessa spel \u00e4r att vinna stort och det \u00e4r v\u00e5r dr\u00f6m f\u00f6r v\u00e5ra kunder.<\/p>\n<h2>Dragningarna<\/h2>\n<p>Det brittiska lotteriet h\u00e5ller tv\u00e5 dragningar varje vecka, p\u00e5 onsdag och l\u00f6rdag. S\u00e5 n\u00e4r du k\u00f6per en lottorad kan du v\u00e4lja att delta i en enda dragning eller flera dragningar. Att delta i flera dragningar \u00e4r ett bra s\u00e4tt att \u00f6ka dina chanser att vinna ett pris.<\/p>\n<h2>Att vinna p\u00e5 det brittiska lotteriet<\/h2>\n<p>F\u00f6r att vinna det h\u00e4r lottospelet m\u00e5ste spelarna matcha minst tre huvudnummer med de dragna resultaten. Jackpotten \u00e4r vanligtvis cirka 3 000 000 pund, \u00e4ven om den kan vara mer eller mindre. F\u00f6r att vinna jackpotten m\u00e5ste du matcha alla sex dragna nummer.<\/p>\n<p>Det finns andra vinstf\u00f6rdelningar f\u00f6r detta lottospel och vi kommer att n\u00e4mna dem om en stund.<\/p>\n<p>Kom ih\u00e5g att lotto \u00e4r ett slumpspel och att det inte finns n\u00e5got best\u00e4mt s\u00e4tt att vinna. Den b\u00e4sta strategin hittills \u00e4r att k\u00f6pa flera lotter och delta i flera dragningar. Detta \u00e4r ett s\u00e4tt att \u00f6ka dina chanser att vinna ett pris. Det g\u00e4ller f\u00f6r alla lottospel som du v\u00e4ljer att spela.<\/p>\n<h2>Prisuppdelningar<\/h2>\n<p>Det vi delar med oss av \u00e4r ett exempel p\u00e5 vinstf\u00f6rdelningen f\u00f6r en viss dragning av ett brittiskt lotteri. Observera att de \u00f6vriga priserna utg\u00f6r en procentuell andel av prissumman. Det betyder att om det finns flera vinnare kommer vinsten att delas mellan dem.<\/p>\n<p>Division 1: Match 6 &#8211; 2 000 000 pund (jackpot)<\/p>\n<p>Division 2: Match 5 + bonus &#8211; 1 000 000 pund (jackpot)<\/p>\n<p>Division 3: Match 5 &#8211; 1 750 pund<\/p>\n<p>Division 4: Match 4 &#8211; 140 pund<\/p>\n<p>Division 5: Match 3 &#8211; 30 pund<\/p>\n<p>Huvudgrupp 6: Match 2 &#8211; gratis lotto tur f\u00f6r att f\u00e5 en tur<\/p>\n<p>F\u00f6rst\u00e5 att \u00e4ven om du vinner dessa priser \u00e4r det belopp som visas inte vad du kommer att f\u00e5 som utbetalning. Det beror p\u00e5 att ungef\u00e4r 45 % av lottoanslaget g\u00e5r till prispengarna. S\u00e5 det kan bli mindre eller mer beroende p\u00e5 vad som finns i fonden.<\/p>\n<h2>Att g\u00f6ra anspr\u00e5k p\u00e5 dina vinster<\/h2>\n<p>Lottobolaget har n\u00e5gra regler n\u00e4r det g\u00e4ller att g\u00f6ra anspr\u00e5k p\u00e5 dina vinster.<\/p>\n<ul>\n<li>Du m\u00e5ste vara 18 \u00e5r eller \u00e4ldre f\u00f6r att delta i lotto.<\/li>\n<li>Vinsterna m\u00e5ste h\u00e4mtas inom 180 dagar efter dragningen. Det enda undantaget \u00e4r om du har p\u00e5b\u00f6rjat f\u00f6rfarandet inom 7 dagar.<\/li>\n<li>Spel med omedelbar vinst m\u00e5ste kr\u00e4vas inom 180 dagar n\u00e4r du k\u00f6pte spelet med omedelbar vinst.<\/li>\n<li>Skraplotter m\u00e5ste ocks\u00e5 kr\u00e4vas inom 180 dagar fr\u00e5n det att du k\u00f6pte skraplotter.<\/li>\n<\/ul>\n<p>Om du <a href=\"https:\/\/jackpotlotteryonline.com\/sv\/hur-man-spelar\/uk-lottery\">spelar p\u00e5 lotteriet p\u00e5 v\u00e5r webbplats<\/a> g\u00f6r vi det enkelt f\u00f6r dig att kr\u00e4va dina vinster. F\u00f6r vinster som \u00e4r 2 500 euro eller mindre kan du f\u00e5 tillg\u00e5ng till dem direkt h\u00e4r p\u00e5 v\u00e5r webbplats. Det beror p\u00e5 att lottof\u00f6retaget betalar ut dem direkt till v\u00e5r webbplats och du kan sedan ta ut dem till ditt konto. Om det \u00e4r mer \u00e4n 2 500 euro m\u00e5ste du h\u00e4mta ut din vinst direkt fr\u00e5n lottof\u00f6retaget. Vi hj\u00e4lper dig med det genom att tillhandah\u00e5lla ett formul\u00e4r som du kan fylla i, s\u00e5 du beh\u00f6ver inte oroa dig.<\/p>\n<h2>Hur du kontrollerar dina vinnande nummer<\/h2>\n<p><img loading=\"lazy\" decoding=\"async\" class=\"alignright size-medium wp-image-27563\" src=\"https:\/\/jackpotlotteryonline.com\/wp-content\/uploads\/2022\/11\/1_lottery_numbers_draw_results-300x201.jpg\" alt=\"vinna det brittiska lotteriet\" width=\"300\" height=\"201\" srcset=\"https:\/\/jackpotlotteryonline.com\/wp-content\/uploads\/2022\/11\/1_lottery_numbers_draw_results-300x201.jpg 300w, https:\/\/jackpotlotteryonline.com\/wp-content\/uploads\/2022\/11\/1_lottery_numbers_draw_results.jpg 320w\" sizes=\"auto, (max-width: 300px) 100vw, 300px\" \/>F\u00f6r att veta om du har vunnit ett pris eller inte m\u00e5ste du f\u00f6rst och fr\u00e4mst kontrollera de dragna numren. Det finns flera s\u00e4tt att g\u00f6ra detta om du spelar online. Men det \u00f6verl\u00e4gset mest effektiva \u00e4r att \u00e5terv\u00e4nda hit f\u00f6r att kontrollera dragningsresultaten. Vi publicerar de dragna numren efter varje dragning.<\/p>\n<p>Om du har registrerat dig hos oss skickar vi dessutom ett e-postmeddelande till dig f\u00f6r att ber\u00e4tta om du har vunnit ett pris. Det \u00e4r faktiskt en av de fr\u00e4msta f\u00f6rdelarna med att spela lotto hos oss. Bortsett fr\u00e5n att du kan f\u00e5 tillg\u00e5ng till massor av internationella lotterier. N\u00e4r du spelar med oss beh\u00f6ver du inte oroa dig f\u00f6r att missa ditt pris. Vi meddelar dig n\u00e4mligen om du har vunnit ett pris. Om det dessutom \u00e4r mindre \u00e4n 2 500 euro kommer det att sitta fint p\u00e5 ditt konto n\u00e4sta g\u00e5ng du loggar in.<\/p>\n<h2>F\u00f6rdelar med att spela p\u00e5 lotteri hos oss<\/h2>\n<ul>\n<li>Du f\u00e5r tillg\u00e5ng till de b\u00e4sta internationella lotterierna fr\u00e5n ett bekv\u00e4mt st\u00e4lle.<\/li>\n<li>Vi \u00e4r en conciergesajt. Det inneb\u00e4r att du inte satsar p\u00e5 resultatet av lotteriet. Du k\u00f6per faktiskt ett intr\u00e4de till lotteriet oavsett var du befinner dig.<\/li>\n<li>Du kan delta i dragningarna flera veckor i f\u00f6rv\u00e4g genom att anv\u00e4nda v\u00e5r prenumerationstj\u00e4nst.<\/li>\n<li>Du kan ta reda p\u00e5 resultaten av dragningarna h\u00e4r p\u00e5 v\u00e5r webbplats.<\/li>\n<li>Vi meddelar dig om du vinner ett pris.<\/li>\n<li>Du kan enkelt ta ut dina vinster fr\u00e5n v\u00e5r webbplats till din bank.<\/li>\n<\/ul>\n<p>Det finns s\u00e5 m\u00e5nga f\u00f6rdelar n\u00e4r du spelar p\u00e5 lotteriet fr\u00e5n v\u00e5r webbplats. Vi fokuserar p\u00e5 att tillhandah\u00e5lla den mest bekv\u00e4ma och smidiga tj\u00e4nsten f\u00f6r v\u00e5ra kunder s\u00e5 att de kan njuta av lottospel.<\/p>\n<h2>Kontrollera dina vinnande lottonummer h\u00e4r<\/h2>\n<p>Vi n\u00e4mnde att vi ger tillg\u00e5ng till flera internationella lotterier. Du kan inte bara<a href=\"https:\/\/jackpotlotteryonline.com\/sv\/kopa-biljetter\/uk-lottery\"> k\u00f6pa dina lotter var som helst<\/a>, utan du kan ocks\u00e5 kontrollera de dragna numren. Oavsett vilket lottospel du v\u00e4ljer att spela kommer vi att publicera resultaten h\u00e4r p\u00e5 v\u00e5r webbplats.<\/p>\n<p>Det b\u00e4sta av allt \u00e4r att om du vinner n\u00e5got pris beh\u00f6ver du inte oroa dig f\u00f6r vad som kommer att h\u00e4nda med dina vinster. Vi tar inte ut n\u00e5gon procentuell andel av dina vinster, utan det du vinner \u00e4r helt ditt. Och du kan enkelt ta ut det fr\u00e5n v\u00e5r plattform.<\/p>\n<p>I sanning, att spela lotterier har aldrig varit enklare och bekymmersfritt. Varf\u00f6r inte registrera dig hos oss idag f\u00f6r att uppleva n\u00f6jet av bekv\u00e4mt och stressfritt lottospel?<\/p>\n","protected":false},"excerpt":{"rendered":"<p>Det brittiska lotteriet \u00e4r ett intressant spel eftersom det kan g\u00f6ra spelarna till miljon\u00e4rer. Medan det \u00e4r popul\u00e4rt bland spelarna i Storbritannien \u00e4r det inte s\u00e4rskilt k\u00e4nt bland internationella spelare. S\u00e5 om du vill prova p\u00e5 ett internationellt lotteri, varf\u00f6r inte prova det h\u00e4r? \u00c4ven om vinsterna inte \u00e4r garanterade \u00e4r det l\u00e4tt att v\u00e4lja [&hellip;]<\/p>\n","protected":false},"author":1,"featured_media":0,"parent":35858,"menu_order":10,"comment_status":"closed","ping_status":"closed","template":"lotto-uk-results.php","meta":{"_et_pb_use_builder":"","_et_pb_old_content":"","_et_gb_content_width":"","exclude_from_search":false,"footnotes":""},"class_list":["post-41121","page","type-page","status-publish","hentry"],"yoast_head":"<!-- This site is optimized with the Yoast SEO plugin v23.3 - https:\/\/yoast.com\/wordpress\/plugins\/seo\/ -->\n<title>Vinstnummer och dragningsresultat i det brittiska lotteriet<\/title>\n<meta name=\"description\" content=\"Direkt efter dragningen hittar du h\u00e4r alla resultat och vinnande nummer f\u00f6r det brittiska lotteriet.\" \/>\n<meta name=\"robots\" content=\"index, follow, max-snippet:-1, max-image-preview:large, max-video-preview:-1\" \/>\n<link rel=\"canonical\" href=\"https:\/\/jackpotlotteryonline.com\/sv\/vinnande-nummer\/uk-lottery\/\" \/>\n<meta property=\"og:locale\" content=\"sv_SE\" \/>\n<meta property=\"og:type\" content=\"article\" \/>\n<meta property=\"og:title\" content=\"Vinstnummer och dragningsresultat i det brittiska lotteriet\" \/>\n<meta property=\"og:description\" content=\"Direkt efter dragningen hittar du h\u00e4r alla resultat och vinnande nummer f\u00f6r det brittiska lotteriet.\" \/>\n<meta property=\"og:url\" content=\"https:\/\/jackpotlotteryonline.com\/sv\/vinnande-nummer\/uk-lottery\/\" \/>\n<meta property=\"og:site_name\" content=\"Lotto Online - Crack The International Lottery Jackpots\" \/>\n<meta property=\"article:modified_time\" content=\"2022-12-29T09:39:48+00:00\" \/>\n<meta property=\"og:image\" content=\"https:\/\/jackpotlotteryonline.com\/wp-content\/uploads\/2022\/11\/read1.jpg\" \/>\n<meta name=\"twitter:card\" content=\"summary_large_image\" \/>\n<meta name=\"twitter:label1\" content=\"Ber\u00e4knad l\u00e4stid\" \/>\n\t<meta name=\"twitter:data1\" content=\"6 minuter\" \/>\n<!-- \/ Yoast SEO plugin. -->","yoast_head_json":{"title":"Vinstnummer och dragningsresultat i det brittiska lotteriet","description":"Direkt efter dragningen hittar du h\u00e4r alla resultat och vinnande nummer f\u00f6r det brittiska lotteriet.","robots":{"index":"index","follow":"follow","max-snippet":"max-snippet:-1","max-image-preview":"max-image-preview:large","max-video-preview":"max-video-preview:-1"},"canonical":"https:\/\/jackpotlotteryonline.com\/sv\/vinnande-nummer\/uk-lottery\/","og_locale":"sv_SE","og_type":"article","og_title":"Vinstnummer och dragningsresultat i det brittiska lotteriet","og_description":"Direkt efter dragningen hittar du h\u00e4r alla resultat och vinnande nummer f\u00f6r det brittiska lotteriet.","og_url":"https:\/\/jackpotlotteryonline.com\/sv\/vinnande-nummer\/uk-lottery\/","og_site_name":"Lotto Online - Crack The International Lottery Jackpots","article_modified_time":"2022-12-29T09:39:48+00:00","og_image":[{"url":"https:\/\/jackpotlotteryonline.com\/wp-content\/uploads\/2022\/11\/read1.jpg"}],"twitter_card":"summary_large_image","twitter_misc":{"Ber\u00e4knad l\u00e4stid":"6 minuter"},"schema":{"@context":"https:\/\/schema.org","@graph":[{"@type":"WebPage","@id":"https:\/\/jackpotlotteryonline.com\/sv\/vinnande-nummer\/uk-lottery\/","url":"https:\/\/jackpotlotteryonline.com\/sv\/vinnande-nummer\/uk-lottery\/","name":"Vinstnummer och dragningsresultat i det brittiska lotteriet","isPartOf":{"@id":"https:\/\/jackpotlotteryonline.com\/#website"},"primaryImageOfPage":{"@id":"https:\/\/jackpotlotteryonline.com\/sv\/vinnande-nummer\/uk-lottery\/#primaryimage"},"image":{"@id":"https:\/\/jackpotlotteryonline.com\/sv\/vinnande-nummer\/uk-lottery\/#primaryimage"},"thumbnailUrl":"https:\/\/jackpotlotteryonline.com\/wp-content\/uploads\/2022\/11\/read1.jpg","datePublished":"2022-12-08T09:41:54+00:00","dateModified":"2022-12-29T09:39:48+00:00","description":"Direkt efter dragningen hittar du h\u00e4r alla resultat och vinnande nummer f\u00f6r det brittiska lotteriet.","breadcrumb":{"@id":"https:\/\/jackpotlotteryonline.com\/sv\/vinnande-nummer\/uk-lottery\/#breadcrumb"},"inLanguage":"sv-SE","potentialAction":[{"@type":"ReadAction","target":["https:\/\/jackpotlotteryonline.com\/sv\/vinnande-nummer\/uk-lottery\/"]}]},{"@type":"ImageObject","inLanguage":"sv-SE","@id":"https:\/\/jackpotlotteryonline.com\/sv\/vinnande-nummer\/uk-lottery\/#primaryimage","url":"https:\/\/jackpotlotteryonline.com\/wp-content\/uploads\/2022\/11\/read1.jpg","contentUrl":"https:\/\/jackpotlotteryonline.com\/wp-content\/uploads\/2022\/11\/read1.jpg"},{"@type":"BreadcrumbList","@id":"https:\/\/jackpotlotteryonline.com\/sv\/vinnande-nummer\/uk-lottery\/#breadcrumb","itemListElement":[{"@type":"ListItem","position":1,"name":"Home","item":"https:\/\/jackpotlotteryonline.com\/sv\/"},{"@type":"ListItem","position":2,"name":"Lotterieresultat","item":"https:\/\/jackpotlotteryonline.com\/sv\/vinnande-nummer\/"},{"@type":"ListItem","position":3,"name":"Resultat av dragningen p\u00e5 det brittiska lotteriet"}]},{"@type":"WebSite","@id":"https:\/\/jackpotlotteryonline.com\/#website","url":"https:\/\/jackpotlotteryonline.com\/","name":"Lotto Online - Crack The International Lottery Jackpots","description":"","potentialAction":[{"@type":"SearchAction","target":{"@type":"EntryPoint","urlTemplate":"https:\/\/jackpotlotteryonline.com\/?s={search_term_string}"},"query-input":"required name=search_term_string"}],"inLanguage":"sv-SE"}]}},"_links":{"self":[{"href":"https:\/\/jackpotlotteryonline.com\/sv\/wp-json\/wp\/v2\/pages\/41121","targetHints":{"allow":["GET"]}}],"collection":[{"href":"https:\/\/jackpotlotteryonline.com\/sv\/wp-json\/wp\/v2\/pages"}],"about":[{"href":"https:\/\/jackpotlotteryonline.com\/sv\/wp-json\/wp\/v2\/types\/page"}],"author":[{"embeddable":true,"href":"https:\/\/jackpotlotteryonline.com\/sv\/wp-json\/wp\/v2\/users\/1"}],"replies":[{"embeddable":true,"href":"https:\/\/jackpotlotteryonline.com\/sv\/wp-json\/wp\/v2\/comments?post=41121"}],"version-history":[{"count":0,"href":"https:\/\/jackpotlotteryonline.com\/sv\/wp-json\/wp\/v2\/pages\/41121\/revisions"}],"up":[{"embeddable":true,"href":"https:\/\/jackpotlotteryonline.com\/sv\/wp-json\/wp\/v2\/pages\/35858"}],"wp:attachment":[{"href":"https:\/\/jackpotlotteryonline.com\/sv\/wp-json\/wp\/v2\/media?parent=41121"}],"curies":[{"name":"wp","href":"https:\/\/api.w.org\/{rel}","templated":true}]}}