{"id":41173,"date":"2022-12-08T11:46:44","date_gmt":"2022-12-08T11:46:44","guid":{"rendered":"https:\/\/jackpotlotteryonline.com\/?page_id=41173"},"modified":"2022-12-29T12:00:45","modified_gmt":"2022-12-29T12:00:45","slug":"set-for-life","status":"publish","type":"page","link":"https:\/\/jackpotlotteryonline.com\/sv\/vinnande-nummer\/set-for-life\/","title":{"rendered":"Resultatet av utlottningen av Set for Life"},"content":{"rendered":"<p>Set for Life-lotteriet \u00e4r Storbritanniens livr\u00e4ntelotteri som ger spelarna chansen att vinna ett pris som f\u00f6r\u00e4ndrar livet. Livsf\u00f6r\u00e4ndrande p\u00e5 s\u00e5 s\u00e4tt att de vinnande numren f\u00e5r 10 000 pund varje m\u00e5nad i 30 \u00e5r. Det \u00e4r n\u00e4stan som att vinna jackpotten varje m\u00e5nad resten av livet.<\/p>\n<p>Spelare runt om i v\u00e4rlden kan nu <a href=\"https:\/\/jackpotlotteryonline.com\/sv\/kopa-biljetter\/set-for-life\">delta i det brittiska annuitetslotteriet genom att k\u00f6pa lotter online<\/a>. Dessutom kan de kontrollera de vinnande numren online och f\u00e5 tillg\u00e5ng till sina vinster ocks\u00e5.<\/p>\n<p>N\u00e4r du <a href=\"https:\/\/jackpotlotteryonline.com\/sv\/hur-man-spelar\/saturday-lotto-2\">spelar p\u00e5 lotteriet med jackpotlotteryonline.com<\/a> har du praktiskt taget en one-stop-shop f\u00f6r alla dina lotteribehov. Du kan fokusera p\u00e5 att vinna p\u00e5 lotteriet genom att k\u00f6pa lotter till de b\u00e4sta internationella lotterierna online.<\/p>\n<section class=\"layout\" style=\"border: solid 1px; width: 100%;\">\n<div class=\"img-div\" style=\"margin-top: 5px;\"><img decoding=\"async\" class=\"wp-image-17212 alignleft\" style=\"height: 45px; margin: 8px 8px 0px;\" src=\"https:\/\/jackpotlotteryonline.com\/wp-content\/uploads\/2022\/11\/read1.jpg\" alt=\"L\u00e4s\" width=\"\" height=\"\" \/><\/div>\n<div style=\"padding-left: 5px;\">\n<div style=\"font-size: 1.1em;\">\n<p><strong>\u00c4r det lagligt att spela lotterier fr\u00e5n andra l\u00e4nder p\u00e5 n\u00e4tet?<\/strong><\/p>\n<p style=\"font-size: 0.85em; margin-top: -1.5em;\">\u00c4r det lagligt att k\u00f6pa en lott p\u00e5 n\u00e4tet och f\u00e5r jag verkligen betalt?\u00a0 <a href=\"https:\/\/jackpotlotteryonline.com\/sv\/ar-det-lagligt-att-spela-lotterier-fran-andra-lander-pa-natet\"> L\u00e4s mer<\/a><\/p>\n<\/div>\n<\/div>\n<\/section>\n<h2>Varf\u00f6r spela online?<\/h2>\n<p>F\u00f6r det f\u00f6rsta, om du inte bor i Storbritannien kommer det att bli ganska sv\u00e5rt f\u00f6r dig att k\u00f6pa en lott till detta lotteri. I princip \u00e4r det enda s\u00e4ttet du kan spela Set for Life utanf\u00f6r Storbritannien att g\u00f6ra det online. F\u00f6r det andra, n\u00e4r du ser hur bekv\u00e4mt det \u00e4r att spela online kommer du inte att vilja spela lotteriet p\u00e5 n\u00e5got annat s\u00e4tt.<\/p>\n<p><strong>Kortfattat \u00e4r h\u00e4r n\u00e5gra stora f\u00f6rdelar med att spela lotteriet online:<\/strong><img loading=\"lazy\" decoding=\"async\" class=\"alignright size-medium wp-image-27941\" src=\"https:\/\/jackpotlotteryonline.com\/wp-content\/uploads\/2022\/11\/1_lottery_winner_ticket-200x300.jpg\" alt=\"spela set for life\" width=\"200\" height=\"300\" srcset=\"https:\/\/jackpotlotteryonline.com\/wp-content\/uploads\/2022\/11\/1_lottery_winner_ticket-200x300.jpg 200w, https:\/\/jackpotlotteryonline.com\/wp-content\/uploads\/2022\/11\/1_lottery_winner_ticket.jpg 320w\" sizes=\"auto, (max-width: 200px) 100vw, 200px\" \/><\/p>\n<ul>\n<li>Du f\u00e5r omedelbar tillg\u00e5ng till att spela dina vinnande nummer f\u00f6r varje dragning.<\/li>\n<li>Du kan st\u00e4lla in dina poster flera veckor i f\u00f6rv\u00e4g.<\/li>\n<li>Du kan enkelt kontrollera de vinnande numren.<\/li>\n<li>F\u00e5 tillg\u00e5ng till dina vinster utan stress<\/li>\n<\/ul>\n<p>Det finns s\u00e5 m\u00e5nga f\u00f6rdelar n\u00e4r du spelar p\u00e5 lotteriet online. Och n\u00e4r du spelar med oss p\u00e5 jackpotlotteryonline.com upplever du hur l\u00e4tt och bekv\u00e4mt det \u00e4r att ha lotteriet n\u00e4ra till hands. Som en conciergesajt hanterar vi detaljerna \u00e5t dig medan du koncentrerar dig p\u00e5 att v\u00e4lja dina vinnande nummer med l\u00e4tthet. Det \u00e4r en win-win f\u00f6r alla.<\/p>\n<h2>Vilka \u00e4r de vinnande numren i Set for Life?<\/h2>\n<p>Det enda s\u00e4ttet att veta om du har de vinnande numren \u00e4r att veta hur man spelar detta brittiska lotteri. F\u00f6r att spela m\u00e5ste du v\u00e4lja 5 nummer fr\u00e5n 1 till 47 och 1 Life Ball-nummer fr\u00e5n 1 till 10. N\u00e4r du v\u00e4l har valt numren \u00e4r n\u00e4sta steg att delta i de dragningar som du v\u00e4ljer.<\/p>\n<p>Set for Life har tv\u00e5 dragningsdagar i veckan, p\u00e5 m\u00e5ndagar och torsdagar. Det inneb\u00e4r tv\u00e5 chanser att vinna p\u00e5 lotteriet. Du kan naturligtvis delta i b\u00e5da dragningarna, eftersom detta \u00e4r ett s\u00e4tt att \u00f6ka dina chanser att vinna p\u00e5 lotteriet.<\/p>\n<p>Efter dragningarna m\u00e5ste du kontrollera resultaten f\u00f6r att se om du har den vinnande kombinationen. Den som har de vinnande numren vinner lotteriet.<\/p>\n<h2>Tre s\u00e4tt att kontrollera dragningsresultaten<\/h2>\n<p>Det finns tre s\u00e4tt att kontrollera den vinnande kombinationen f\u00f6r detta brittiska lotteri. Om du bor i Storbritannien kan du enkelt se de direkts\u00e4nda dragningarna p\u00e5 TV. Om du d\u00e4remot arbetar vid den tidpunkten eller har en annan funktion s\u00e5 fungerar det inte f\u00f6r dig.<\/p>\n<p>Ett annat alternativ \u00e4r att kolla p\u00e5 n\u00e4tet efter dragningsresultaten. Olika webbplatser publicerar resultaten, s\u00e4rskilt den vinnande kombinationen f\u00f6r jackpotten. Eftersom det finns andra priskategorier f\u00f6r lotteriet kan du naturligtvis vara intresserad av andra vinnande kombinationer \u00e4n jackpotten.<\/p>\n<p>Det b\u00e4sta s\u00e4ttet att kontrollera dragningsresultaten \u00e4r att \u00e5terv\u00e4nda till den h\u00e4r sidan efter varje dragning. Vi publicerar dragningsresultaten h\u00e4r och vi tar oss tid att visa de vinnande kombinationerna i varje vinstkategori. Om du k\u00f6pte din lott fr\u00e5n oss skickar vi dessutom ett e-postmeddelande till dig om du har en vinnande lott.<\/p>\n<h2>Priskategorier f\u00f6r Set for Life<\/h2>\n<p>Huvudpriset f\u00f6r detta brittiska lotteri \u00e4r fantastiska 10 000 pund varje m\u00e5nad under de kommande 30 \u00e5ren. T\u00e4nk dig att vinna ett s\u00e5dant belopp varje m\u00e5nad i 30 \u00e5r. Med ett s\u00e5dant pris \u00e4r det l\u00e4tt att f\u00f6rst\u00e5 varf\u00f6r spelare runt om i v\u00e4rlden \u00e4r ivriga att f\u00e5 den vinnande kombinationen f\u00f6r detta lotteri.<\/p>\n<p>F\u00f6rutom att vinna f\u00f6rstapriset finns det andra sp\u00e4nnande priser som spelarna kan vinna med detta lotteri. H\u00e4r \u00e4r priskategorierna.<\/p>\n<p>Kategori 1: Match 5 + Life Ball &#8211; 10 000 pund varje m\u00e5nad i 30 \u00e5r.<\/p>\n<p>Kategori 2: Endast Match 5 &#8211; 10 000 pund varje m\u00e5nad i 1 \u00e5r.<\/p>\n<p>Kategori 3: Match 4 + LIfe Ball &#8211; 250 pund.<\/p>\n<p>Kategori 4: Endast match 4 &#8211; 50 pund<\/p>\n<p>Kategori 5: Match 3 + Life Ball &#8211; 30 pund<\/p>\n<p>Kategori 6: Endast match 3 &#8211; 20 pund<\/p>\n<p>Kategori 7: Match 2 + Life Ball &#8211; 10 pund<\/p>\n<p>Kategori 8: Endast match 2 &#8211; 5 pund<\/p>\n<h2>Uttag av dina vinster<\/h2>\n<p>Vi n\u00e4mnde att vi kommer att meddela dig via e-post och via ditt konto om du har en vinstlott. Men hur tar du ut dina vinster n\u00e4r du bor utanf\u00f6r Storbritannien? Detta \u00e4r en fr\u00e5ga som m\u00e5nga spelare oroar sig f\u00f6r. N\u00e5v\u00e4l, vi \u00e4r h\u00e4r f\u00f6r att lugna ditt hj\u00e4rta n\u00e4r det g\u00e4ller dina vinster.<\/p>\n<p>N\u00e4r du registrerar dig hos oss och k\u00f6per dina lotter fr\u00e5n oss f\u00f6renklar vi processen f\u00f6r dig. Som en conciergesajt har vi skapat en s\u00f6ml\u00f6s process d\u00e4r du enkelt kan ta ut dina vinster. Med vinster som \u00e4r under 2 500 euro \u00e4r allt du beh\u00f6ver g\u00f6ra att ta ut pengar fr\u00e5n v\u00e5r webbplats till ditt konto.<\/p>\n<p>Om du har vunnit ett pris som \u00e4r h\u00f6gre \u00e4n detta belopp kommer vi att tillhandah\u00e5lla en reklamationsblankett f\u00f6r dig. P\u00e5 s\u00e5 s\u00e4tt kan du kr\u00e4va din vinst direkt fr\u00e5n lotterif\u00f6retaget. S\u00e5 g\u00e5 vidare och k\u00f6p en lott i dag f\u00f6r att f\u00e5 chansen att ha den vinnande kombinationen.<\/p>\n","protected":false},"excerpt":{"rendered":"<p>Set for Life-lotteriet \u00e4r Storbritanniens livr\u00e4ntelotteri som ger spelarna chansen att vinna ett pris som f\u00f6r\u00e4ndrar livet. Livsf\u00f6r\u00e4ndrande p\u00e5 s\u00e5 s\u00e4tt att de vinnande numren f\u00e5r 10 000 pund varje m\u00e5nad i 30 \u00e5r. Det \u00e4r n\u00e4stan som att vinna jackpotten varje m\u00e5nad resten av livet. Spelare runt om i v\u00e4rlden kan nu delta i [&hellip;]<\/p>\n","protected":false},"author":1,"featured_media":0,"parent":35858,"menu_order":11,"comment_status":"closed","ping_status":"closed","template":"set-for-life-results.php","meta":{"_et_pb_use_builder":"","_et_pb_old_content":"","_et_gb_content_width":"","exclude_from_search":false,"footnotes":""},"class_list":["post-41173","page","type-page","status-publish","hentry"],"yoast_head":"<!-- This site is optimized with the Yoast SEO plugin v23.3 - https:\/\/yoast.com\/wordpress\/plugins\/seo\/ -->\n<title>Set for Life vinnande nummer och dragningsresultat<\/title>\n<meta name=\"description\" content=\"Resultaten av Set For Life-lotteriets dragningar, samt de vinnande numren h\u00e4r p\u00e5 Jackpotlotteryonline.com.\" \/>\n<meta name=\"robots\" content=\"index, follow, max-snippet:-1, max-image-preview:large, max-video-preview:-1\" \/>\n<link rel=\"canonical\" href=\"https:\/\/jackpotlotteryonline.com\/sv\/vinnande-nummer\/set-for-life\/\" \/>\n<meta property=\"og:locale\" content=\"sv_SE\" \/>\n<meta property=\"og:type\" content=\"article\" \/>\n<meta property=\"og:title\" content=\"Set for Life vinnande nummer och dragningsresultat\" \/>\n<meta property=\"og:description\" content=\"Resultaten av Set For Life-lotteriets dragningar, samt de vinnande numren h\u00e4r p\u00e5 Jackpotlotteryonline.com.\" \/>\n<meta property=\"og:url\" content=\"https:\/\/jackpotlotteryonline.com\/sv\/vinnande-nummer\/set-for-life\/\" \/>\n<meta property=\"og:site_name\" content=\"Lotto Online - Crack The International Lottery Jackpots\" \/>\n<meta property=\"article:modified_time\" content=\"2022-12-29T12:00:45+00:00\" \/>\n<meta property=\"og:image\" content=\"https:\/\/jackpotlotteryonline.com\/wp-content\/uploads\/2022\/11\/read1.jpg\" \/>\n<meta name=\"twitter:card\" content=\"summary_large_image\" \/>\n<meta name=\"twitter:label1\" content=\"Ber\u00e4knad l\u00e4stid\" \/>\n\t<meta name=\"twitter:data1\" content=\"5 minuter\" \/>\n<!-- \/ Yoast SEO plugin. -->","yoast_head_json":{"title":"Set for Life vinnande nummer och dragningsresultat","description":"Resultaten av Set For Life-lotteriets dragningar, samt de vinnande numren h\u00e4r p\u00e5 Jackpotlotteryonline.com.","robots":{"index":"index","follow":"follow","max-snippet":"max-snippet:-1","max-image-preview":"max-image-preview:large","max-video-preview":"max-video-preview:-1"},"canonical":"https:\/\/jackpotlotteryonline.com\/sv\/vinnande-nummer\/set-for-life\/","og_locale":"sv_SE","og_type":"article","og_title":"Set for Life vinnande nummer och dragningsresultat","og_description":"Resultaten av Set For Life-lotteriets dragningar, samt de vinnande numren h\u00e4r p\u00e5 Jackpotlotteryonline.com.","og_url":"https:\/\/jackpotlotteryonline.com\/sv\/vinnande-nummer\/set-for-life\/","og_site_name":"Lotto Online - Crack The International Lottery Jackpots","article_modified_time":"2022-12-29T12:00:45+00:00","og_image":[{"url":"https:\/\/jackpotlotteryonline.com\/wp-content\/uploads\/2022\/11\/read1.jpg"}],"twitter_card":"summary_large_image","twitter_misc":{"Ber\u00e4knad l\u00e4stid":"5 minuter"},"schema":{"@context":"https:\/\/schema.org","@graph":[{"@type":"WebPage","@id":"https:\/\/jackpotlotteryonline.com\/sv\/vinnande-nummer\/set-for-life\/","url":"https:\/\/jackpotlotteryonline.com\/sv\/vinnande-nummer\/set-for-life\/","name":"Set for Life vinnande nummer och dragningsresultat","isPartOf":{"@id":"https:\/\/jackpotlotteryonline.com\/#website"},"primaryImageOfPage":{"@id":"https:\/\/jackpotlotteryonline.com\/sv\/vinnande-nummer\/set-for-life\/#primaryimage"},"image":{"@id":"https:\/\/jackpotlotteryonline.com\/sv\/vinnande-nummer\/set-for-life\/#primaryimage"},"thumbnailUrl":"https:\/\/jackpotlotteryonline.com\/wp-content\/uploads\/2022\/11\/read1.jpg","datePublished":"2022-12-08T11:46:44+00:00","dateModified":"2022-12-29T12:00:45+00:00","description":"Resultaten av Set For Life-lotteriets dragningar, samt de vinnande numren h\u00e4r p\u00e5 Jackpotlotteryonline.com.","breadcrumb":{"@id":"https:\/\/jackpotlotteryonline.com\/sv\/vinnande-nummer\/set-for-life\/#breadcrumb"},"inLanguage":"sv-SE","potentialAction":[{"@type":"ReadAction","target":["https:\/\/jackpotlotteryonline.com\/sv\/vinnande-nummer\/set-for-life\/"]}]},{"@type":"ImageObject","inLanguage":"sv-SE","@id":"https:\/\/jackpotlotteryonline.com\/sv\/vinnande-nummer\/set-for-life\/#primaryimage","url":"https:\/\/jackpotlotteryonline.com\/wp-content\/uploads\/2022\/11\/read1.jpg","contentUrl":"https:\/\/jackpotlotteryonline.com\/wp-content\/uploads\/2022\/11\/read1.jpg"},{"@type":"BreadcrumbList","@id":"https:\/\/jackpotlotteryonline.com\/sv\/vinnande-nummer\/set-for-life\/#breadcrumb","itemListElement":[{"@type":"ListItem","position":1,"name":"Home","item":"https:\/\/jackpotlotteryonline.com\/sv\/"},{"@type":"ListItem","position":2,"name":"Lotterieresultat","item":"https:\/\/jackpotlotteryonline.com\/sv\/vinnande-nummer\/"},{"@type":"ListItem","position":3,"name":"Resultatet av utlottningen av Set for Life"}]},{"@type":"WebSite","@id":"https:\/\/jackpotlotteryonline.com\/#website","url":"https:\/\/jackpotlotteryonline.com\/","name":"Lotto Online - Crack The International Lottery Jackpots","description":"","potentialAction":[{"@type":"SearchAction","target":{"@type":"EntryPoint","urlTemplate":"https:\/\/jackpotlotteryonline.com\/?s={search_term_string}"},"query-input":"required name=search_term_string"}],"inLanguage":"sv-SE"}]}},"_links":{"self":[{"href":"https:\/\/jackpotlotteryonline.com\/sv\/wp-json\/wp\/v2\/pages\/41173","targetHints":{"allow":["GET"]}}],"collection":[{"href":"https:\/\/jackpotlotteryonline.com\/sv\/wp-json\/wp\/v2\/pages"}],"about":[{"href":"https:\/\/jackpotlotteryonline.com\/sv\/wp-json\/wp\/v2\/types\/page"}],"author":[{"embeddable":true,"href":"https:\/\/jackpotlotteryonline.com\/sv\/wp-json\/wp\/v2\/users\/1"}],"replies":[{"embeddable":true,"href":"https:\/\/jackpotlotteryonline.com\/sv\/wp-json\/wp\/v2\/comments?post=41173"}],"version-history":[{"count":0,"href":"https:\/\/jackpotlotteryonline.com\/sv\/wp-json\/wp\/v2\/pages\/41173\/revisions"}],"up":[{"embeddable":true,"href":"https:\/\/jackpotlotteryonline.com\/sv\/wp-json\/wp\/v2\/pages\/35858"}],"wp:attachment":[{"href":"https:\/\/jackpotlotteryonline.com\/sv\/wp-json\/wp\/v2\/media?parent=41173"}],"curies":[{"name":"wp","href":"https:\/\/api.w.org\/{rel}","templated":true}]}}