{"id":41231,"date":"2022-12-08T14:04:57","date_gmt":"2022-12-08T14:04:57","guid":{"rendered":"https:\/\/jackpotlotteryonline.com\/?page_id=41231"},"modified":"2022-12-29T22:06:19","modified_gmt":"2022-12-29T22:06:19","slug":"mega-sena","status":"publish","type":"page","link":"https:\/\/jackpotlotteryonline.com\/sv\/vinnande-nummer\/mega-sena\/","title":{"rendered":"Mega-Sena lotteri dragning resultat"},"content":{"rendered":"<p>Spelare \u00f6ver hela v\u00e4rlden kan nu k\u00f6pa lotter till Mega-Sena-lotteriet. Inte nog med det, n\u00e4r du v\u00e4l har spelat lotteriet kan du kontrollera Mega-Sena-vinstsiffrorna online. En viktig del av att spela p\u00e5 lotteri \u00e4r att kontrollera dragningsresultaten s\u00e5 att du inte g\u00e5r miste om n\u00e5gra vinster. Det finns flera s\u00e4tt att kontrollera vinnande nummer f\u00f6r det brasilianska lotteriet och vi kommer att komma till det om en stund.<\/p>\n<p>Men om du har br\u00e5ttom att f\u00e5 reda p\u00e5 resultatet av den senaste dragningen kan du bes\u00f6ka jackpotlotteryonline.com f\u00f6r att f\u00e5 tillg\u00e5ng till de b\u00e4sta internationella lotterierna.<\/p>\n<section class=\"layout\" style=\"border: solid 1px; width: 100%;\">\n<div class=\"img-div\" style=\"margin-top: 5px;\"><img decoding=\"async\" class=\"wp-image-17212 alignleft\" style=\"height: 45px; margin: 8px 8px 0px;\" src=\"http:\/\/jackpotlotteryonline.com\/wp-content\/uploads\/2022\/11\/read1.jpg\" alt=\"L\u00e4s\" width=\"\" height=\"\" \/><\/div>\n<div style=\"padding-left: 5px;\">\n<div style=\"font-size: 1.1em;\">\n<p><strong>Europeiska lotterier<\/strong><\/p>\n<p style=\"font-size: 0.85em; margin-top: -1.5em;\">Vilka europeiska lotterier \u00e4r b\u00e4st?\u00a0 <a href=\"https:\/\/jackpotlotteryonline.com\/sv\/vilka-europeiska-lotterier-ar-bast\"> L\u00e4s mer<\/a><\/p>\n<\/div>\n<\/div>\n<\/section>\n<h2>Grunderna f\u00f6r Mega-Sena-lotteriet<\/h2>\n<p>Mega-Sena \u00e4r som alla andra lotterier p\u00e5 det s\u00e4tt som det spelas. Du beh\u00f6ver helt enkelt v\u00e4lja nummer fr\u00e5n ett visst utbud. F\u00f6r det brasilianska lotteriet v\u00e4ljer du 6 fr\u00e5n ett intervall mellan 1 och 60. Och det \u00e4r allt. Inga extra- eller bonusnummer bara de sex f\u00f6r det h\u00e4r lotteriet.<\/p>\n<p>N\u00e4r du har valt de siffror du vill ha \u00e4r n\u00e4sta steg att g\u00e5 in i dragningarna. Mega-Sena har tv\u00e5 dragningar varje vecka, p\u00e5 onsdagar och torsdagar.<\/p>\n<h2>Mega-Sena vinnande nummer<\/h2>\n<p><img loading=\"lazy\" decoding=\"async\" class=\"size-full wp-image-29102 alignright\" src=\"http:\/\/jackpotlotteryonline.com\/wp-content\/uploads\/2022\/11\/1_play_lottery_international.jpg\" alt=\"Mega-Sena vinnande nummer\" width=\"205\" height=\"147\" \/>Hur v\u00e4ljer du dina vinnande nummer f\u00f6r Mega-Sena? Olika spelare har olika s\u00e4tt att v\u00e4lja vad som fungerar f\u00f6r dem. Du kan v\u00e4lja dina vinnande nummer genom att anv\u00e4nda datum som \u00e4r speciella f\u00f6r dig. Om du har lyckodatum eller siffror kan dessa vara anv\u00e4ndbara f\u00f6r att hj\u00e4lpa dig att v\u00e4lja ett nummer.<\/p>\n<p>Om du inte har n\u00e5got speciellt nummer i \u00e5tanke beh\u00f6ver du inte oroa dig f\u00f6r det. N\u00e4r du <a href=\"https:\/\/jackpotlotteryonline.com\/sv\/hur-man-spelar\/mega-sena-2\">spelar Mega-Sena hos oss<\/a> kan du anv\u00e4nda v\u00e5r autogenerator f\u00f6r att v\u00e4lja slumpm\u00e4ssiga nummer. I slut\u00e4ndan \u00e4r det viktigt att komma ih\u00e5g att lotteriet \u00e4r ett slumpspel. Det enda riktiga s\u00e4ttet att \u00f6ka dina chanser att vinna \u00e4r att k\u00f6pa flera lotter och delta i flera dragningar.<\/p>\n<p>Du kan spela lotteriet online genom att bes\u00f6ka v\u00e5r sida f\u00f6r Mega-Sena. Vi g\u00f6r det enkelt f\u00f6r dig att delta i en enda dragning eller flera dragningar. Du kan ocks\u00e5 k\u00f6pa flera rader p\u00e5 en lott, vilket ger dig flera intr\u00e4de till lotteriet.<\/p>\n<h2>Mega-Sena-priser<\/h2>\n<p>Mega-Sena-lotteriet har en garanterad startjackpot p\u00e5 3 miljoner brasilianska real. Det motsvarar ungef\u00e4r 549467,87 euro. Men om det inte finns n\u00e5gon vinnare efter en dragning rullar jackpotten \u00f6ver till n\u00e4sta dragning. Jackpottsumman kan allts\u00e5 v\u00e4xa sig ganska stor, vilket g\u00f6r det till en bra aff\u00e4r f\u00f6r spelare \u00f6verallt.<\/p>\n<p>Dessutom \u00e4r oddsen f\u00f6r att vinna Mega-Sena 1 p\u00e5 50 miljoner. N\u00e4r du j\u00e4mf\u00f6r det med andra internationella topplotterier \u00e4r det l\u00e4tt att se varf\u00f6r det brasilianska lotteriet \u00e4r popul\u00e4rt bland spelarna.<\/p>\n<p>Det brasilianska lotteriet skiljer sig ocks\u00e5 fr\u00e5n andra lotterier genom att det endast erbjuder 3 vinstkategorier, jackpotten inr\u00e4knad. Att vinna p\u00e5 lotteriet inneb\u00e4r allts\u00e5 att du kan vinna n\u00e5got av f\u00f6ljande priser.<\/p>\n<p>Jackpot &#8211; Sena: Match 6 &#8211; 35 % av prispotten<\/p>\n<p>Grupp 2 &#8211; Quina: Match 5 &#8211; 19 % av prispotten<\/p>\n<p>Tier 3 &#8211; Quadra: Match 4 &#8211; 19 % av prispotten.<\/p>\n<h2>Ta ut ditt pris<\/h2>\n<p>N\u00e4sta steg \u00e4r att h\u00e4mta ut det pris du vinner n\u00e4r du deltar i lotteriet. Hur du g\u00f6r anspr\u00e5k p\u00e5 ditt pris beror p\u00e5 var du k\u00f6pte din lott. N\u00e4r du spelar p\u00e5 n\u00e4tet \u00e4r det viktigt att du k\u00f6per din lott fr\u00e5n en webbplats som ger dig chansen att vinna lotteriet. Vissa webbplatser l\u00e5ter dig bara satsa p\u00e5 resultatet av lotteriet.<\/p>\n<p>N\u00e4r du <a href=\"https:\/\/jackpotlotteryonline.com\/sv\/kopa-biljetter\/mega-sena\">k\u00f6per din lott fr\u00e5n oss f\u00e5r<\/a> du tillg\u00e5ng till lotteriet. Det beror p\u00e5 att v\u00e5r agent i Brasilien k\u00f6per fysiska lotter med dina motsvarande nummer. Vilket ger dig chansen att vinna p\u00e5 lotteriet.<\/p>\n<p>S\u00e5 om du vinner n\u00e5got pris \u00e4r allt du beh\u00f6ver g\u00f6ra att ta ut ditt pris fr\u00e5n v\u00e5r webbplats till ditt konto. S\u00e5 enkelt \u00e4r det. Bes\u00f6k v\u00e5ra villkor f\u00f6r att ta reda p\u00e5 hur du kan ta ut dina vinnande nummer i Mega-Sena.<\/p>\n","protected":false},"excerpt":{"rendered":"<p>Spelare \u00f6ver hela v\u00e4rlden kan nu k\u00f6pa lotter till Mega-Sena-lotteriet. Inte nog med det, n\u00e4r du v\u00e4l har spelat lotteriet kan du kontrollera Mega-Sena-vinstsiffrorna online. En viktig del av att spela p\u00e5 lotteri \u00e4r att kontrollera dragningsresultaten s\u00e5 att du inte g\u00e5r miste om n\u00e5gra vinster. Det finns flera s\u00e4tt att kontrollera vinnande nummer f\u00f6r [&hellip;]<\/p>\n","protected":false},"author":1,"featured_media":0,"parent":35858,"menu_order":14,"comment_status":"closed","ping_status":"closed","template":"megasena-results.php","meta":{"_et_pb_use_builder":"","_et_pb_old_content":"","_et_gb_content_width":"","exclude_from_search":false,"footnotes":""},"class_list":["post-41231","page","type-page","status-publish","hentry"],"yoast_head":"<!-- This site is optimized with the Yoast SEO plugin v23.3 - https:\/\/yoast.com\/wordpress\/plugins\/seo\/ -->\n<title>Mega-Sena-lotteriets dragningsresultat och vinnande nummer<\/title>\n<meta name=\"description\" content=\"Brasiliens Mega-Sena-resultat \u00e4r sv\u00e5ra att hitta - vi listar dagens och g\u00e5rdagens vinnande nummer och dragningsresultat p\u00e5 v\u00e5r webbplats.\" \/>\n<meta name=\"robots\" content=\"index, follow, max-snippet:-1, max-image-preview:large, max-video-preview:-1\" \/>\n<link rel=\"canonical\" href=\"https:\/\/jackpotlotteryonline.com\/sv\/vinnande-nummer\/mega-sena\/\" \/>\n<meta property=\"og:locale\" content=\"sv_SE\" \/>\n<meta property=\"og:type\" content=\"article\" \/>\n<meta property=\"og:title\" content=\"Mega-Sena-lotteriets dragningsresultat och vinnande nummer\" \/>\n<meta property=\"og:description\" content=\"Brasiliens Mega-Sena-resultat \u00e4r sv\u00e5ra att hitta - vi listar dagens och g\u00e5rdagens vinnande nummer och dragningsresultat p\u00e5 v\u00e5r webbplats.\" \/>\n<meta property=\"og:url\" content=\"https:\/\/jackpotlotteryonline.com\/sv\/vinnande-nummer\/mega-sena\/\" \/>\n<meta property=\"og:site_name\" content=\"Lotto Online - Crack The International Lottery Jackpots\" \/>\n<meta property=\"article:modified_time\" content=\"2022-12-29T22:06:19+00:00\" \/>\n<meta property=\"og:image\" content=\"http:\/\/jackpotlotteryonline.com\/wp-content\/uploads\/2022\/11\/read1.jpg\" \/>\n<meta name=\"twitter:card\" content=\"summary_large_image\" \/>\n<meta name=\"twitter:label1\" content=\"Ber\u00e4knad l\u00e4stid\" \/>\n\t<meta name=\"twitter:data1\" content=\"4 minuter\" \/>\n<!-- \/ Yoast SEO plugin. -->","yoast_head_json":{"title":"Mega-Sena-lotteriets dragningsresultat och vinnande nummer","description":"Brasiliens Mega-Sena-resultat \u00e4r sv\u00e5ra att hitta - vi listar dagens och g\u00e5rdagens vinnande nummer och dragningsresultat p\u00e5 v\u00e5r webbplats.","robots":{"index":"index","follow":"follow","max-snippet":"max-snippet:-1","max-image-preview":"max-image-preview:large","max-video-preview":"max-video-preview:-1"},"canonical":"https:\/\/jackpotlotteryonline.com\/sv\/vinnande-nummer\/mega-sena\/","og_locale":"sv_SE","og_type":"article","og_title":"Mega-Sena-lotteriets dragningsresultat och vinnande nummer","og_description":"Brasiliens Mega-Sena-resultat \u00e4r sv\u00e5ra att hitta - vi listar dagens och g\u00e5rdagens vinnande nummer och dragningsresultat p\u00e5 v\u00e5r webbplats.","og_url":"https:\/\/jackpotlotteryonline.com\/sv\/vinnande-nummer\/mega-sena\/","og_site_name":"Lotto Online - Crack The International Lottery Jackpots","article_modified_time":"2022-12-29T22:06:19+00:00","og_image":[{"url":"http:\/\/jackpotlotteryonline.com\/wp-content\/uploads\/2022\/11\/read1.jpg"}],"twitter_card":"summary_large_image","twitter_misc":{"Ber\u00e4knad l\u00e4stid":"4 minuter"},"schema":{"@context":"https:\/\/schema.org","@graph":[{"@type":"WebPage","@id":"https:\/\/jackpotlotteryonline.com\/sv\/vinnande-nummer\/mega-sena\/","url":"https:\/\/jackpotlotteryonline.com\/sv\/vinnande-nummer\/mega-sena\/","name":"Mega-Sena-lotteriets dragningsresultat och vinnande nummer","isPartOf":{"@id":"https:\/\/jackpotlotteryonline.com\/#website"},"primaryImageOfPage":{"@id":"https:\/\/jackpotlotteryonline.com\/sv\/vinnande-nummer\/mega-sena\/#primaryimage"},"image":{"@id":"https:\/\/jackpotlotteryonline.com\/sv\/vinnande-nummer\/mega-sena\/#primaryimage"},"thumbnailUrl":"http:\/\/jackpotlotteryonline.com\/wp-content\/uploads\/2022\/11\/read1.jpg","datePublished":"2022-12-08T14:04:57+00:00","dateModified":"2022-12-29T22:06:19+00:00","description":"Brasiliens Mega-Sena-resultat \u00e4r sv\u00e5ra att hitta - vi listar dagens och g\u00e5rdagens vinnande nummer och dragningsresultat p\u00e5 v\u00e5r webbplats.","breadcrumb":{"@id":"https:\/\/jackpotlotteryonline.com\/sv\/vinnande-nummer\/mega-sena\/#breadcrumb"},"inLanguage":"sv-SE","potentialAction":[{"@type":"ReadAction","target":["https:\/\/jackpotlotteryonline.com\/sv\/vinnande-nummer\/mega-sena\/"]}]},{"@type":"ImageObject","inLanguage":"sv-SE","@id":"https:\/\/jackpotlotteryonline.com\/sv\/vinnande-nummer\/mega-sena\/#primaryimage","url":"http:\/\/jackpotlotteryonline.com\/wp-content\/uploads\/2022\/11\/read1.jpg","contentUrl":"http:\/\/jackpotlotteryonline.com\/wp-content\/uploads\/2022\/11\/read1.jpg"},{"@type":"BreadcrumbList","@id":"https:\/\/jackpotlotteryonline.com\/sv\/vinnande-nummer\/mega-sena\/#breadcrumb","itemListElement":[{"@type":"ListItem","position":1,"name":"Home","item":"https:\/\/jackpotlotteryonline.com\/sv\/"},{"@type":"ListItem","position":2,"name":"Lotterieresultat","item":"https:\/\/jackpotlotteryonline.com\/sv\/vinnande-nummer\/"},{"@type":"ListItem","position":3,"name":"Mega-Sena lotteri dragning resultat"}]},{"@type":"WebSite","@id":"https:\/\/jackpotlotteryonline.com\/#website","url":"https:\/\/jackpotlotteryonline.com\/","name":"Lotto Online - Crack The International Lottery Jackpots","description":"","potentialAction":[{"@type":"SearchAction","target":{"@type":"EntryPoint","urlTemplate":"https:\/\/jackpotlotteryonline.com\/?s={search_term_string}"},"query-input":"required name=search_term_string"}],"inLanguage":"sv-SE"}]}},"_links":{"self":[{"href":"https:\/\/jackpotlotteryonline.com\/sv\/wp-json\/wp\/v2\/pages\/41231","targetHints":{"allow":["GET"]}}],"collection":[{"href":"https:\/\/jackpotlotteryonline.com\/sv\/wp-json\/wp\/v2\/pages"}],"about":[{"href":"https:\/\/jackpotlotteryonline.com\/sv\/wp-json\/wp\/v2\/types\/page"}],"author":[{"embeddable":true,"href":"https:\/\/jackpotlotteryonline.com\/sv\/wp-json\/wp\/v2\/users\/1"}],"replies":[{"embeddable":true,"href":"https:\/\/jackpotlotteryonline.com\/sv\/wp-json\/wp\/v2\/comments?post=41231"}],"version-history":[{"count":0,"href":"https:\/\/jackpotlotteryonline.com\/sv\/wp-json\/wp\/v2\/pages\/41231\/revisions"}],"up":[{"embeddable":true,"href":"https:\/\/jackpotlotteryonline.com\/sv\/wp-json\/wp\/v2\/pages\/35858"}],"wp:attachment":[{"href":"https:\/\/jackpotlotteryonline.com\/sv\/wp-json\/wp\/v2\/media?parent=41231"}],"curies":[{"name":"wp","href":"https:\/\/api.w.org\/{rel}","templated":true}]}}