{"id":41283,"date":"2022-12-08T20:21:33","date_gmt":"2022-12-08T20:21:33","guid":{"rendered":"https:\/\/jackpotlotteryonline.com\/?page_id=41283"},"modified":"2022-12-30T15:39:44","modified_gmt":"2022-12-30T15:39:44","slug":"saturday-lotto","status":"publish","type":"page","link":"https:\/\/jackpotlotteryonline.com\/sv\/vinnande-nummer\/saturday-lotto\/","title":{"rendered":"Resultat av l\u00f6rdagens lottodragning"},"content":{"rendered":"<p>Saturday Lotto, \u00e4ven k\u00e4nt som Tatts lotto, \u00e4r ett av Australiens mest framg\u00e5ngsrika lotterier. Och nu n\u00e4r spelare \u00f6ver hela v\u00e4rlden kan delta i lotto \u00e4r det \u00e4nnu viktigare att v\u00e4lja vinnande nummer. Att vinna detta australiska lotteri inneb\u00e4r att du f\u00e5r g\u00e5 hem med minst 5 miljoner dollar. Detta belopp rullar \u00f6ver om det inte finns n\u00e5gon vinnande lott efter en dragning. Om du dessutom deltar i megadragningen, som h\u00e5lls en g\u00e5ng om \u00e5ret vid jul, kan du f\u00e5 ut 30 miljoner dollar!<\/p>\n<p>Om du \u00e4nnu inte har k\u00f6pt din vinstlott till lotto, g\u00e5 till jackpotlotteryonline.com och<a href=\"https:\/\/jackpotlotteryonline.com\/sv\/kopa-biljetter\/saturday-lotto\"> skaffa din lott nu<\/a>. Kom sedan tillbaka f\u00f6r att f\u00e5 reda p\u00e5 de vinnande numren.<\/p>\n<h2>Att vinna l\u00f6rdagens lotto<\/h2>\n<p><img loading=\"lazy\" decoding=\"async\" class=\"alignright size-medium wp-image-28157\" src=\"https:\/\/jackpotlotteryonline.com\/wp-content\/uploads\/2022\/11\/1_lotto_money_win-300x150.jpg\" alt=\"vinna l\u00f6rdagslotto\" width=\"300\" height=\"150\" srcset=\"https:\/\/jackpotlotteryonline.com\/wp-content\/uploads\/2022\/11\/1_lotto_money_win-300x150.jpg 300w, https:\/\/jackpotlotteryonline.com\/wp-content\/uploads\/2022\/11\/1_lotto_money_win.jpg 320w\" sizes=\"auto, (max-width: 300px) 100vw, 300px\" \/>Tatts lotto \u00e4r l\u00e4tt att spela, s\u00e4rskilt n\u00e4r du spelar online. I grund och botten m\u00e5ste spelarna v\u00e4lja 6 huvudnummer mellan 1 och 45. Sedan 2 till\u00e4ggsnummer fr\u00e5n 1 till 6. Till\u00e4ggsnumren har egentligen inte s\u00e5 mycket att g\u00f6ra med att best\u00e4mma jackpotten. Att vinna jackpotten inneb\u00e4r att du bara beh\u00f6ver matcha de \u00e5tta dragna numren.<\/p>\n<p>Att vinna p\u00e5 lotto inneb\u00e4r allts\u00e5 att din lottorad matchar de sex bollar som slumpm\u00e4ssigt plockas ut fr\u00e5n tunnan med 45 bollar. Sedan plockas tv\u00e5 andra bollar fr\u00e5n en annan tunna med sex bollar. Dessa extra bollar anv\u00e4nds f\u00f6r att vinna de andra priskategorierna.<\/p>\n<p>Dragningarna h\u00e5lls en g\u00e5ng i veckan, p\u00e5 l\u00f6rdag. S\u00e5 om du vill ha den vinnande lotten m\u00e5ste du k\u00f6pa ditt intr\u00e4de i tid. Dragningarna avslutas p\u00e5 l\u00f6rdag klockan 19:25 AEST. Spelare som vill vara med i dragningen den veckan m\u00e5ste k\u00f6pa sina vinstlotter f\u00f6re st\u00e4ngningstiden.<\/p>\n<h2>Spela online<\/h2>\n<p>Vi kommer att prata kortfattat om hur man vinner p\u00e5 lotto online. N\u00e4r du bes\u00f6ker l\u00f6rdagslottosidan p\u00e5 jackpotlotteryonline.com kommer du att bli ombedd att v\u00e4lja dina vinnande nummer. Om du har n\u00e5gra speciella datum som har gett dig tur kan du anv\u00e4nda dessa.<\/p>\n<p>Men f\u00f6r dem som inte har n\u00e5gra s\u00e4rskilda nummer att v\u00e4lja mellan beh\u00f6ver du inte vara r\u00e4dd. Vi har en automatisk nummerplockare som genererar slumpm\u00e4ssiga vinnande nummer \u00e5t dig. Massor av lotterivinnare har vunnit med hj\u00e4lp av den slumpm\u00e4ssiga nummerplockaren.<\/p>\n<p>N\u00e4r du har valt dina vinnande nummer kommer du sedan att delta i veckodragningen. Innan du kan genomf\u00f6ra betalningen ber vi dig att registrera dig. Detta \u00e4r f\u00f6r att h\u00e5lla din lott s\u00e4ker och f\u00f6r att hj\u00e4lpa dig med att ta ut dina vinster. Vi kommer att komma till detta snart.<\/p>\n<section class=\"layout\" style=\"border: solid 1px; width: 100%;\">\n<div class=\"img-div\" style=\"margin-top: 5px;\"><img decoding=\"async\" class=\"wp-image-17212 alignleft\" style=\"height: 45px; margin: 8px 8px 0px;\" src=\"https:\/\/jackpotlotteryonline.com\/wp-content\/uploads\/2022\/11\/read1.jpg\" alt=\"L\u00e4s\" width=\"\" height=\"\" \/><\/div>\n<div style=\"padding-left: 5px;\">\n<div style=\"font-size: 1.1em;\">\n<p><strong>Se hur dina lottnummer dras live<\/strong><\/p>\n<p style=\"font-size: 0.85em; margin-top: -1.5em;\">Hur du kan titta p\u00e5 live-uttagningar av dina favoritlotterier\u00a0<a href=\"https:\/\/jackpotlotteryonline.com\/sv\/titta-pa-hur-dina-lottnummer-dras-live\"> L\u00e4s mer<\/a><\/p>\n<\/div>\n<\/div>\n<\/section>\n<h2>Prisuppdelningar<\/h2>\n<p>Att vinna Tatts lotto handlar inte bara om att vinna jackpotten. Det h\u00e4r lotteriet har totalt \u00e5tta vinstdivisioner. N\u00e4r du k\u00f6per en lott till lotto har du chansen till n\u00e5gon av dessa priskategorier. De vinnande numren f\u00f6r varje division anges nedan.<\/p>\n<p>Division 1: Match 6 (Jackpot)<\/p>\n<p>Division 2: Match 5 + 1 till\u00e4ggsnummer.<\/p>\n<p>Division 3: 5 mars<\/p>\n<p>Huvudgrupp 4: Match 4<\/p>\n<p>Huvudgrupp 5: Match 3 + 1 till\u00e4ggsnummer.<\/p>\n<p>Huvudgrupp 6: Match 3<\/p>\n<p>En av anledningarna till att australiensarna \u00e4lskar detta lotteri s\u00e5 mycket \u00e4r f\u00f6rmodligen hur l\u00e4tt det \u00e4r att vinna. Sannolikheten att vinna \u00e4r fantastisk, och med en l\u00e4gsta jackpot p\u00e5 5 miljoner AUD \u00e4r det knappast f\u00f6rv\u00e5nande. Om du inte har gjort det \u00e4nnu \u00e4r det ett bra tillf\u00e4lle att t\u00e4nka p\u00e5 att k\u00f6pa en vinstlott.<\/p>\n<h2>Kompletterande nummer<\/h2>\n<p>Vi n\u00e4mnde de kompletterande numren och du har f\u00f6rmodligen redan m\u00e4rkt att vissa divisioner anv\u00e4nder sig av dessa. Observera att dessa genereras slumpm\u00e4ssigt under dragningarna och anv\u00e4nds f\u00f6r att fastst\u00e4lla divisionerna 2 och 5. Spelarna v\u00e4ljer inte dessa nummer och har ingen kontroll \u00f6ver dem. S\u00e5 k\u00e4nn dig inte f\u00f6rskr\u00e4ckt om du inte ser detta alternativ n\u00e4r du k\u00f6per dina biljetter.<\/p>\n<h2>Hur man kontrollerar de vinnande resultaten<\/h2>\n<p>Nu n\u00e4r du har k\u00f6pt ditt intr\u00e4de, hur kontrollerar du om du har den vinnande lotten? Det b\u00e4sta s\u00e4ttet att g\u00f6ra det \u00e4r att \u00e5terv\u00e4nda hit. Efter dragningarna publicerar vi de vinnande resultaten f\u00f6r l\u00f6rdagslotteriet p\u00e5 den h\u00e4r sidan.<\/p>\n<p>Vi publicerar inte bara jackpottnumren. Vi publicerar ocks\u00e5 de vinnande numren f\u00f6r alla andra divisioner. S\u00e5 du kan p\u00e5 ett \u00f6gonblick se hur n\u00e4ra du var att vinna p\u00e5 lotto.<\/p>\n<p>Om du har registrerat dig hos oss \u00e4r det \u00e4nnu enklare. Du beh\u00f6ver inte g\u00e5 n\u00e5gonstans f\u00f6r att ta reda p\u00e5 om du har vunnit p\u00e5 lotto. Nej, f\u00f6r vi skickar dig ett meddelande s\u00e5 fort du vinner ett pris. Det st\u00e4mmer. Du kommer att f\u00e5 ett e-postmeddelande som uppm\u00e4rksammar dig p\u00e5 att du har de vinnande numren f\u00f6r lotto. Vi g\u00f6r v\u00e5rt b\u00e4sta f\u00f6r att g\u00f6ra det enkelt och stressfritt att spela lotto var som helst.<\/p>\n<h2>Utbetalning av dina vinster<\/h2>\n<p><img loading=\"lazy\" decoding=\"async\" class=\"alignright size-medium wp-image-34997\" src=\"https:\/\/jackpotlotteryonline.com\/wp-content\/uploads\/2022\/11\/2_ticket_saturday_lotto_au-1-166x300.jpg\" alt=\"Kvitto p\u00e5 l\u00f6rdagslotto online\" width=\"166\" height=\"300\" srcset=\"https:\/\/jackpotlotteryonline.com\/wp-content\/uploads\/2022\/11\/2_ticket_saturday_lotto_au-1-166x300.jpg 166w, https:\/\/jackpotlotteryonline.com\/wp-content\/uploads\/2022\/11\/2_ticket_saturday_lotto_au-1.jpg 250w\" sizes=\"auto, (max-width: 166px) 100vw, 166px\" \/>Om du har vunnit p\u00e5 lotto \u00e4r n\u00e4sta steg att f\u00e5 tillg\u00e5ng till din vinst. Det \u00e4r ingen id\u00e9 att vinna p\u00e5 lotto i Australien om du inte kan f\u00e5 tag p\u00e5 dina vinster. Och det \u00e4r h\u00e4r som saker och ting blir riktigt intressanta.<\/p>\n<p>Om du har vunnit en lottovinst som \u00e4r under 2 500 euro \u00e4r det otroligt enkelt att f\u00e5 din vinst. Det \u00e4r bara att ta ut din vinst fr\u00e5n v\u00e5r plattform direkt till din bank. Vi har flera metoder som du kan anv\u00e4nda f\u00f6r att bekv\u00e4mt ta ut dina vinster.<\/p>\n<p>Om din vinst ligger \u00f6ver 2 500 euro kan du beh\u00f6va kontakta lottof\u00f6retaget f\u00f6r att g\u00f6ra anspr\u00e5k. Vi kommer att ge dig det st\u00f6d som beh\u00f6vs f\u00f6r detta genom att skicka dig ett kravformul\u00e4r att fylla i. Det \u00e4r en okomplicerad process med praktiskt taget inget kr\u00e5ngel.<\/p>\n<h2>Slutsats<\/h2>\n<p>F\u00f6rdelen med att k\u00f6pa dina lotter fr\u00e5n oss \u00e4r att du vet att du har k\u00f6pt ett intr\u00e4de till lotteriet. Hos oss satsar du inte p\u00e5 resultatet. Du k\u00f6per faktiskt ett intr\u00e4de. S\u00e5 om du vinner f\u00e5r du din vinst.<\/p>\n<p>Vi g\u00f6r det enkelt f\u00f6r spelare att spela p\u00e5 internationella topplotterier. Du kan k\u00f6pa dina lotter, kontrollera din vinnande kombination och enkelt ta ut dina vinster. Vi har tagit hand om detaljerna s\u00e5 att du kan slappna av och ha roligt. N\u00e4r du <a href=\"https:\/\/jackpotlotteryonline.com\/sv\/hur-man-spelar\/saturday-lotto\">spelar p\u00e5 lotteri med jackpotlotteryonline.com<\/a> f\u00e5r du en situation d\u00e4r alla vinner. Registrera dig hos oss idag.<\/p>\n","protected":false},"excerpt":{"rendered":"<p>Saturday Lotto, \u00e4ven k\u00e4nt som Tatts lotto, \u00e4r ett av Australiens mest framg\u00e5ngsrika lotterier. Och nu n\u00e4r spelare \u00f6ver hela v\u00e4rlden kan delta i lotto \u00e4r det \u00e4nnu viktigare att v\u00e4lja vinnande nummer. Att vinna detta australiska lotteri inneb\u00e4r att du f\u00e5r g\u00e5 hem med minst 5 miljoner dollar. Detta belopp rullar \u00f6ver om det [&hellip;]<\/p>\n","protected":false},"author":1,"featured_media":0,"parent":35858,"menu_order":18,"comment_status":"closed","ping_status":"closed","template":"saturday-lotto-results.php","meta":{"_et_pb_use_builder":"","_et_pb_old_content":"","_et_gb_content_width":"","exclude_from_search":false,"footnotes":""},"class_list":["post-41283","page","type-page","status-publish","hentry"],"yoast_head":"<!-- This site is optimized with the Yoast SEO plugin v23.3 - https:\/\/yoast.com\/wordpress\/plugins\/seo\/ -->\n<title>L\u00f6rdagens Lotto vinnande nummer och dragningsresultat<\/title>\n<meta name=\"description\" content=\"J\u00e4mf\u00f6r din lottolott med resultatet av den senaste l\u00f6rdagslottodragningen - se de vinnande numren h\u00e4r!\" \/>\n<meta name=\"robots\" content=\"index, follow, max-snippet:-1, max-image-preview:large, max-video-preview:-1\" \/>\n<link rel=\"canonical\" href=\"https:\/\/jackpotlotteryonline.com\/sv\/vinnande-nummer\/saturday-lotto\/\" \/>\n<meta property=\"og:locale\" content=\"sv_SE\" \/>\n<meta property=\"og:type\" content=\"article\" \/>\n<meta property=\"og:title\" content=\"L\u00f6rdagens Lotto vinnande nummer och dragningsresultat\" \/>\n<meta property=\"og:description\" content=\"J\u00e4mf\u00f6r din lottolott med resultatet av den senaste l\u00f6rdagslottodragningen - se de vinnande numren h\u00e4r!\" \/>\n<meta property=\"og:url\" content=\"https:\/\/jackpotlotteryonline.com\/sv\/vinnande-nummer\/saturday-lotto\/\" \/>\n<meta property=\"og:site_name\" content=\"Lotto Online - Crack The International Lottery Jackpots\" \/>\n<meta property=\"article:modified_time\" content=\"2022-12-30T15:39:44+00:00\" \/>\n<meta property=\"og:image\" content=\"https:\/\/jackpotlotteryonline.com\/wp-content\/uploads\/2022\/11\/1_lotto_money_win-300x150.jpg\" \/>\n<meta name=\"twitter:card\" content=\"summary_large_image\" \/>\n<meta name=\"twitter:label1\" content=\"Ber\u00e4knad l\u00e4stid\" \/>\n\t<meta name=\"twitter:data1\" content=\"5 minuter\" \/>\n<!-- \/ Yoast SEO plugin. -->","yoast_head_json":{"title":"L\u00f6rdagens Lotto vinnande nummer och dragningsresultat","description":"J\u00e4mf\u00f6r din lottolott med resultatet av den senaste l\u00f6rdagslottodragningen - se de vinnande numren h\u00e4r!","robots":{"index":"index","follow":"follow","max-snippet":"max-snippet:-1","max-image-preview":"max-image-preview:large","max-video-preview":"max-video-preview:-1"},"canonical":"https:\/\/jackpotlotteryonline.com\/sv\/vinnande-nummer\/saturday-lotto\/","og_locale":"sv_SE","og_type":"article","og_title":"L\u00f6rdagens Lotto vinnande nummer och dragningsresultat","og_description":"J\u00e4mf\u00f6r din lottolott med resultatet av den senaste l\u00f6rdagslottodragningen - se de vinnande numren h\u00e4r!","og_url":"https:\/\/jackpotlotteryonline.com\/sv\/vinnande-nummer\/saturday-lotto\/","og_site_name":"Lotto Online - Crack The International Lottery Jackpots","article_modified_time":"2022-12-30T15:39:44+00:00","og_image":[{"url":"https:\/\/jackpotlotteryonline.com\/wp-content\/uploads\/2022\/11\/1_lotto_money_win-300x150.jpg"}],"twitter_card":"summary_large_image","twitter_misc":{"Ber\u00e4knad l\u00e4stid":"5 minuter"},"schema":{"@context":"https:\/\/schema.org","@graph":[{"@type":"WebPage","@id":"https:\/\/jackpotlotteryonline.com\/sv\/vinnande-nummer\/saturday-lotto\/","url":"https:\/\/jackpotlotteryonline.com\/sv\/vinnande-nummer\/saturday-lotto\/","name":"L\u00f6rdagens Lotto vinnande nummer och dragningsresultat","isPartOf":{"@id":"https:\/\/jackpotlotteryonline.com\/#website"},"primaryImageOfPage":{"@id":"https:\/\/jackpotlotteryonline.com\/sv\/vinnande-nummer\/saturday-lotto\/#primaryimage"},"image":{"@id":"https:\/\/jackpotlotteryonline.com\/sv\/vinnande-nummer\/saturday-lotto\/#primaryimage"},"thumbnailUrl":"https:\/\/jackpotlotteryonline.com\/wp-content\/uploads\/2022\/11\/1_lotto_money_win-300x150.jpg","datePublished":"2022-12-08T20:21:33+00:00","dateModified":"2022-12-30T15:39:44+00:00","description":"J\u00e4mf\u00f6r din lottolott med resultatet av den senaste l\u00f6rdagslottodragningen - se de vinnande numren h\u00e4r!","breadcrumb":{"@id":"https:\/\/jackpotlotteryonline.com\/sv\/vinnande-nummer\/saturday-lotto\/#breadcrumb"},"inLanguage":"sv-SE","potentialAction":[{"@type":"ReadAction","target":["https:\/\/jackpotlotteryonline.com\/sv\/vinnande-nummer\/saturday-lotto\/"]}]},{"@type":"ImageObject","inLanguage":"sv-SE","@id":"https:\/\/jackpotlotteryonline.com\/sv\/vinnande-nummer\/saturday-lotto\/#primaryimage","url":"https:\/\/jackpotlotteryonline.com\/wp-content\/uploads\/2022\/11\/1_lotto_money_win-300x150.jpg","contentUrl":"https:\/\/jackpotlotteryonline.com\/wp-content\/uploads\/2022\/11\/1_lotto_money_win-300x150.jpg"},{"@type":"BreadcrumbList","@id":"https:\/\/jackpotlotteryonline.com\/sv\/vinnande-nummer\/saturday-lotto\/#breadcrumb","itemListElement":[{"@type":"ListItem","position":1,"name":"Home","item":"https:\/\/jackpotlotteryonline.com\/sv\/"},{"@type":"ListItem","position":2,"name":"Lotterieresultat","item":"https:\/\/jackpotlotteryonline.com\/sv\/vinnande-nummer\/"},{"@type":"ListItem","position":3,"name":"Resultat av l\u00f6rdagens lottodragning"}]},{"@type":"WebSite","@id":"https:\/\/jackpotlotteryonline.com\/#website","url":"https:\/\/jackpotlotteryonline.com\/","name":"Lotto Online - Crack The International Lottery Jackpots","description":"","potentialAction":[{"@type":"SearchAction","target":{"@type":"EntryPoint","urlTemplate":"https:\/\/jackpotlotteryonline.com\/?s={search_term_string}"},"query-input":"required name=search_term_string"}],"inLanguage":"sv-SE"}]}},"_links":{"self":[{"href":"https:\/\/jackpotlotteryonline.com\/sv\/wp-json\/wp\/v2\/pages\/41283","targetHints":{"allow":["GET"]}}],"collection":[{"href":"https:\/\/jackpotlotteryonline.com\/sv\/wp-json\/wp\/v2\/pages"}],"about":[{"href":"https:\/\/jackpotlotteryonline.com\/sv\/wp-json\/wp\/v2\/types\/page"}],"author":[{"embeddable":true,"href":"https:\/\/jackpotlotteryonline.com\/sv\/wp-json\/wp\/v2\/users\/1"}],"replies":[{"embeddable":true,"href":"https:\/\/jackpotlotteryonline.com\/sv\/wp-json\/wp\/v2\/comments?post=41283"}],"version-history":[{"count":0,"href":"https:\/\/jackpotlotteryonline.com\/sv\/wp-json\/wp\/v2\/pages\/41283\/revisions"}],"up":[{"embeddable":true,"href":"https:\/\/jackpotlotteryonline.com\/sv\/wp-json\/wp\/v2\/pages\/35858"}],"wp:attachment":[{"href":"https:\/\/jackpotlotteryonline.com\/sv\/wp-json\/wp\/v2\/media?parent=41283"}],"curies":[{"name":"wp","href":"https:\/\/api.w.org\/{rel}","templated":true}]}}