{"id":41337,"date":"2022-12-09T07:19:56","date_gmt":"2022-12-09T07:19:56","guid":{"rendered":"https:\/\/jackpotlotteryonline.com\/?page_id=41337"},"modified":"2022-12-29T14:19:02","modified_gmt":"2022-12-29T14:19:02","slug":"thunderball","status":"publish","type":"page","link":"https:\/\/jackpotlotteryonline.com\/sv\/vinnande-nummer\/thunderball\/","title":{"rendered":"Resultat av dragningen av Thunderball-lotteriet"},"content":{"rendered":"<p>Thunderball \u00e4r ett av Storbritanniens mest popul\u00e4ra lotterier. F\u00f6r bara en liten summa kan spelarna vinna en halv miljon pund, vilket \u00e4r fantastiskt. Det finns m\u00e5nga lotterier d\u00e4r ute, men det \u00e4r bara n\u00e5got med Thunderball som lockar spelarna. Det kan vara de otroligt gynnsamma oddsen eller det faktum att det ger m\u00e5nga vinnare. Oavsett orsaken k\u00f6per spelare runt om i v\u00e4rlden ocks\u00e5 Thunderball-lotterilotterier online.<\/p>\n<p>Om du <a href=\"https:\/\/jackpotlotteryonline.com\/sv\/hur-man-spelar\/thunderball\">spelar p\u00e5 n\u00e4tet<\/a> \u00e4r det viktigt att du kontrollerar vinstnumren. Detta f\u00f6r att du ska veta om du har en lott som matchar de dragna siffrorna. Om du undrar hur du kan kontrollera dragningsresultaten s\u00e5 \u00e4r du p\u00e5 r\u00e4tt st\u00e4lle. Vi kommer ocks\u00e5 att dela med oss av det b\u00e4sta s\u00e4ttet att kontrollera dragningsresultaten.<\/p>\n<p>Om du <a href=\"https:\/\/jackpotlotteryonline.com\/sv\/kopa-biljetter\/thunderball\">k\u00f6per dina biljetter p\u00e5 jackpotlotteryonline.com<\/a> s\u00e5 forts\u00e4tter du att l\u00e4sa f\u00f6r att ta reda p\u00e5 hur du kan h\u00e4mta ut dina vinster.<\/p>\n<h2>V\u00e4lja dina vinnande nummer i Thunderball<\/h2>\n<p><img loading=\"lazy\" decoding=\"async\" class=\"alignright size-medium wp-image-29480\" src=\"https:\/\/jackpotlotteryonline.com\/wp-content\/uploads\/2022\/11\/1_rain_lottery_money_win-282x300.jpg\" alt=\"Thunderballs vinnande nummer\" width=\"282\" height=\"300\" srcset=\"https:\/\/jackpotlotteryonline.com\/wp-content\/uploads\/2022\/11\/1_rain_lottery_money_win-282x300.jpg 282w, https:\/\/jackpotlotteryonline.com\/wp-content\/uploads\/2022\/11\/1_rain_lottery_money_win.jpg 300w\" sizes=\"auto, (max-width: 282px) 100vw, 282px\" \/>Det finns tv\u00e5 huvudsakliga s\u00e4tt som spelarna anv\u00e4nder f\u00f6r att v\u00e4lja de nummer de vill spela. F\u00f6r de flesta lotterier m\u00e5ste du v\u00e4lja ur ett visst intervall. Vissa spelare v\u00e4ljer d\u00e4rf\u00f6r datum som \u00e4r speciella f\u00f6r dem, till exempel f\u00f6delsedagar eller \u00e5rsdagar. Dessa datum kallas f\u00f6r lyckodatum.<\/p>\n<p>I vissa delar av v\u00e4rlden har vissa m\u00e4nniskor nummer som de anser vara lyckosamma. Till exempel kan vissa se siffran 7 som ett lyckotal, medan andra ser siffran 13 som ett oturstal. Det beror verkligen p\u00e5 vad du anser vara tur. Detta \u00e4r en metod som f\u00f6redras av m\u00e5nga spelare runt om i v\u00e4rlden och den kan fungera f\u00f6r dig ocks\u00e5.<\/p>\n<p>Det andra s\u00e4ttet \u00e4r att anv\u00e4nda v\u00e5r autogenerator f\u00f6r att v\u00e4lja dina siffror slumpm\u00e4ssigt. Detta fungerar f\u00f6r vissa m\u00e4nniskor helt enkelt eftersom lotteriet \u00e4r ett spel med tur. \u00c4ven om du kan g\u00f6ra saker f\u00f6r att f\u00e5 dig sj\u00e4lv att k\u00e4nna dig lycklig finns det inget s\u00e4tt att garantera en vinst.<\/p>\n<h2>Hur man spelar Thunderball online<\/h2>\n<p>Det brittiska Thunderball \u00e4r ett sp\u00e4nnande spel att spela. Processen \u00e4r precis som alla andra lottospel. I grund och botten m\u00e5ste du v\u00e4lja 5 nummer ur ett intervall fr\u00e5n 1 till 39 och ett specialnummer fr\u00e5n 1 till 14. Specialnumret kallas &#8220;Thunderball&#8221; och anv\u00e4nds f\u00f6r att best\u00e4mma sex priskategorier, inklusive jackpotten.<\/p>\n<p>Att spela online \u00e4r inte s\u00e5 annorlunda, bara att du kan anv\u00e4nda nummergeneratorn f\u00f6r att v\u00e4lja slumpm\u00e4ssiga siffror. Detta \u00e4r ungef\u00e4r som &#8220;lucky dip&#8221; f\u00f6r dem som \u00e4r vana vid fysiska biljetter. Du kan v\u00e4lja flera linjer och flera lotter f\u00f6r att \u00f6ka dina chanser att vinna Thunderball.<\/p>\n<p>N\u00e4sta steg \u00e4r att delta i dragningen och detta \u00e4r den b\u00e4sta delen. Observera att det \u00e4r helt okej att delta i flera dragningar. Och om du k\u00f6per din biljett av oss kan du ocks\u00e5 delta i dragningen flera veckor i f\u00f6rv\u00e4g. Detta ger dig en f\u00f6rdel n\u00e4r det g\u00e4ller att spela detta hasardspel.<\/p>\n<section class=\"layout\" style=\"border: solid 1px; width: 100%;\">\n<div class=\"img-div\" style=\"margin-top: 5px;\"><img decoding=\"async\" class=\"wp-image-17212 alignleft\" style=\"height: 45px; margin: 8px 8px 0px;\" src=\"https:\/\/jackpotlotteryonline.com\/wp-content\/uploads\/2022\/11\/read1.jpg\" alt=\"L\u00e4s\" width=\"\" height=\"\" \/><\/div>\n<div style=\"padding-left: 5px;\">\n<div style=\"font-size: 1.1em;\">\n<p><strong>De lotterier som har de b\u00e4sta oddsen f\u00f6r att du ska vinna stort<\/strong><\/p>\n<p style=\"font-size: 0.85em; margin-top: -1.5em;\">Vilket lotteri har de b\u00e4sta vinstchanserna? <a href=\"https:\/\/jackpotlotteryonline.com\/sv\/vilket-lotteri-har-de-basta-vinstchanserna\">L\u00e4s mer<\/a><\/p>\n<\/div>\n<\/div>\n<\/section>\n<h2>Thunderball dragningsdagar<\/h2>\n<p>Dragningsdagarna \u00e4r fyra g\u00e5nger i veckan, p\u00e5 tisdagar, onsdagar, fredagar och l\u00f6rdagar. Detta brittiska lotteri har fyra dragningar varje vecka. Vad detta inneb\u00e4r f\u00f6r spelarna \u00e4r att du har fyra g\u00e5nger st\u00f6rre chans att vinna jackpotten med Thunderball.<\/p>\n<p>Du kan delta i en enda dragning, men det \u00e4r f\u00f6rmodligen b\u00e4st att delta i flera dragningar s\u00e5 att du har en mycket st\u00f6rre chans att vinna. Kom ih\u00e5g att med fler anm\u00e4lningar har du en h\u00f6gre sannolikhet att vinna.<\/p>\n<h2>S\u00e5 h\u00e4r kontrollerar du resultatet av Thunderball-uttagningen<\/h2>\n<p>Nu kommer vi till den b\u00e4sta delen, n\u00e4mligen att kontrollera dragningsresultaten. Det enda s\u00e4ttet att veta om du har r\u00e4tt kombination \u00e4r att kontrollera dragningsresultaten. De flesta lotterier h\u00e5ller dragningar live och Thunderball \u00e4r inget undantag. S\u00e5 du kan se den levande dragningen online. Det \u00e4r viktigt att notera att direktdragningarna \u00e4ger rum vid en viss tidpunkt och om du missar din vinst om du vinner.<\/p>\n<p>Naturligtvis kan du alltid spana p\u00e5 internet f\u00f6r att ta reda p\u00e5 om du \u00e4r vinnaren. Tyv\u00e4rr \u00e4r det inte lika l\u00e4tt att f\u00e5 fram kombinationen f\u00f6r jackpotten som f\u00f6r de andra priskategorierna, \u00e4ven om du kan f\u00e5 fram kombinationen f\u00f6r jackpotten. Andrapriset f\u00f6r Thunderball \u00e4r 5 000 pund och det vill du inte missa.<\/p>\n<p>Det b\u00e4sta alternativet \u00e4r att kolla tillbaka p\u00e5 den h\u00e4r sidan efter varje dragning. Vi l\u00e4gger upp de senaste dragningsresultaten i alla kategorier. Dessutom meddelar vi dig om du har k\u00f6pt din biljett fr\u00e5n oss om du vinner n\u00e5got pris.<\/p>\n<h2>Priser som du kan vinna<\/h2>\n<p>Med det sagt, vilka \u00e4r de olika priserna i de olika kategorierna? UK Thunderball har flera priskategorier med ett pris bara f\u00f6r att matcha Thunderball. Det finns en stor chans att en spelare kan vinna ett pris.<\/p>\n<p>H\u00e4r \u00e4r uppdelningen av priskategorierna f\u00f6r UK Thunderball samt oddsen f\u00f6r att vinna.<\/p>\n<p>Kategori 1: Match 5 + Thunderball &#8211; 1 p\u00e5 8 060 598 &#8211; 500 000 \u00a3<\/p>\n<p>Kategori 2: Endast Match 5 &#8211; 1 p\u00e5 620 046 &#8211; 5 000 pund.<\/p>\n<p>Kategori 3: Match 4 + Thunderball &#8211; 1 p\u00e5 47 416 &#8211; 250 pund.<\/p>\n<p>Kategori 4: Endast Match 4 &#8211; 1 p\u00e5 3 648 &#8211; 100 pund.<\/p>\n<p>Kategori 5: Match 3 + Thunderball &#8211; 1 p\u00e5 1 437 &#8211; 20 pund<\/p>\n<p>Kategori 6: Endast match 3 &#8211; 1 p\u00e5 111 &#8211; 10 pund.<\/p>\n<p>Kategori 7: Match 2 + Thunderball &#8211; 1 p\u00e5 135 &#8211; 10 pund.<\/p>\n<p>Kategori 8: Match 1 + Thunderball &#8211; 1 p\u00e5 35 &#8211; 5 pund.<\/p>\n<p>Kategori 9: Match Thunderball &#8211; 1 p\u00e5 29 &#8211; 3 pund.<\/p>\n<p>Vem som helst kan vinna ett Thunderball-pris \u00e4ven om man bor utanf\u00f6r Storbritannien. Det \u00e4r bara att k\u00f6pa din biljett online f\u00f6r att f\u00e5 chansen att vinna stort.<\/p>\n<h2>Utbetalning av dina vinster<\/h2>\n<p><img loading=\"lazy\" decoding=\"async\" class=\"alignright size-full wp-image-28832\" src=\"https:\/\/jackpotlotteryonline.com\/wp-content\/uploads\/2022\/11\/1_online_win_lottery.jpg\" alt=\"beg\u00e4ra Thunderball-vinst\" width=\"250\" height=\"167\" \/>Vi n\u00e4mnde att vi kommer att meddela dig via e-post och via ditt konto om du har en vinstlott. Men hur tar du ut dina vinster n\u00e4r du bor utanf\u00f6r Storbritannien? Detta \u00e4r en fr\u00e5ga som m\u00e5nga spelare oroar sig f\u00f6r. N\u00e5v\u00e4l, vi \u00e4r h\u00e4r f\u00f6r att lugna ditt hj\u00e4rta n\u00e4r det g\u00e4ller dina vinster.<\/p>\n<p>N\u00e4r du registrerar dig hos oss och k\u00f6per dina lotter fr\u00e5n oss f\u00f6renklar vi processen f\u00f6r dig. Som en conciergesajt har vi skapat en s\u00f6ml\u00f6s process d\u00e4r du enkelt kan ta ut dina vinster. Med vinster som \u00e4r under 2 500 euro \u00e4r allt du beh\u00f6ver g\u00f6ra att ta ut pengar fr\u00e5n v\u00e5r webbplats till ditt konto.<\/p>\n<p>Om du har vunnit ett pris som \u00e4r h\u00f6gre \u00e4n detta belopp m\u00e5ste du h\u00e4mta ut din vinst direkt fr\u00e5n lotterif\u00f6retaget. Vi kommer att ge dig ett formul\u00e4r f\u00f6r anspr\u00e5k och guida dig genom processen. S\u00e5 du beh\u00f6ver inte vara r\u00e4dd, vi ser till att allt \u00e4r enkelt och stressfritt.<\/p>\n<h2>Saker du b\u00f6r veta innan du h\u00e4mtar ut din vinst<\/h2>\n<p>Innan du h\u00e4mtar ut din vinst \u00e4r det viktigt att veta n\u00e5gra saker om hur man spelar p\u00e5 lotteriet i Storbritannien. Vi vet redan att lotteriet \u00e4r \u00f6ppet f\u00f6r alla oavsett nationalitet, men h\u00e4r \u00e4r n\u00e5gra saker att t\u00e4nka p\u00e5:<\/p>\n<ul>\n<li>Lotteriet \u00e4r \u00f6ppet f\u00f6r spelare som \u00e4r \u00e4ldre \u00e4n 16 \u00e5r.<\/li>\n<li>Priserna betalas ut i en klumpsumma.<\/li>\n<li>Lotterivinster \u00e4r inte skattepliktiga i landet. Om du spelar fr\u00e5n ett annat land b\u00f6r du dock kontrollera skattelagstiftningen i ditt land.<\/li>\n<li>Du har 180 dagar p\u00e5 dig att g\u00f6ra anspr\u00e5k p\u00e5 en vinst innan den g\u00e5r tillbaka till potten.<\/li>\n<li>Om du deltog i lotteriet via en fysisk f\u00f6rs\u00e4ljare kan du beh\u00f6va kontakta lotteriorganisat\u00f6rerna f\u00f6r att g\u00f6ra anspr\u00e5k p\u00e5 din vinst.<\/li>\n<\/ul>\n<h2>F\u00f6rdelar med att spela lotteri med Jackpotlotteryonline.com<\/h2>\n<ul>\n<li>Du f\u00e5r snabb och omedelbar tillg\u00e5ng till lotteriet. Du beh\u00f6ver inte bo i Storbritannien f\u00f6r att spela p\u00e5 lotteriet.<\/li>\n<li>Det \u00e4r super bekv\u00e4mt eftersom du inte beh\u00f6ver l\u00e4mna ditt hem. Kontrollera din kombination fr\u00e5n din dator eller mobila enhet.<\/li>\n<li>Det \u00e4r ocks\u00e5 s\u00e4krare eftersom din lott lagras digitalt. Det \u00e4r viktigt eftersom det \u00e4r det enda s\u00e4ttet att kr\u00e4va din vinst.<\/li>\n<li>Du beh\u00f6ver inte missa din vinst eftersom vi varnar dig omedelbart om du vinner n\u00e5got pris.<\/li>\n<li>Du kan enkelt ta ut alla vinster online utan att g\u00e5 n\u00e5gonstans.<\/li>\n<\/ul>\n<p>Om du \u00e4nnu inte har k\u00f6pt din Thunderball-biljett \u00e4r detta ett utm\u00e4rkt tillf\u00e4lle att g\u00f6ra det s\u00e5 att du kan delta i n\u00e4sta dragning.<\/p>\n<h2>Vad \u00e4r en concierge-webbplats?<\/h2>\n<p>Vi n\u00e4mnde att vi \u00e4r en conciergesajt och du kanske undrar vad det handlar om. Jo, ett problem som spelare har med att k\u00f6pa biljetter online \u00e4r att de aldrig vet om de har deltagit i lotteriet. M\u00e5nga sajter l\u00e5ter sina spelare satsa p\u00e5 resultatet av lotteriet, vilket \u00e4r n\u00e5got helt annat.<\/p>\n<p>P\u00e5 jackpotlotteryonline.com ger vi v\u00e5ra anv\u00e4ndare tillg\u00e5ng till de b\u00e4sta internationella lotterierna runt om i v\u00e4rlden. Det beror p\u00e5 att vi driver en conciergesajt d\u00e4r vi har agenter i olika delar av v\u00e4rlden. N\u00e4r du k\u00f6per lotter fr\u00e5n oss k\u00f6per v\u00e5r agent i det landet en fysisk lott med motsvarande nummer. Biljetten skannas sedan och skickas till dig.<\/p>\n<p>N\u00e4r du k\u00f6per din Thunderball-lottolott fr\u00e5n oss \u00e4r du s\u00e4ker p\u00e5 att du vinner p\u00e5 lotteriet om du matchar de dragna numren. S\u00e5 enkelt \u00e4r det, men det \u00e4r \u00e4nd\u00e5 den enda sak som ger v\u00e5ra kunder sinnesro n\u00e4r de spelar p\u00e5 n\u00e4tet.<\/p>\n<h2>Tips f\u00f6r att vinna Thunderball<\/h2>\n<p>\u00c4ven om Thunderball \u00e4r ett slumpspel finns det saker du kan g\u00f6ra f\u00f6r att \u00f6ka din sannolikhet att vinna. Vi listar n\u00e5gra av dem nedan:<\/p>\n<ul>\n<li>V\u00e4lj dina tursiffror. Du kan inte ha f\u00f6r mycket tur n\u00e4r du spelar Thunderball.<\/li>\n<li>K\u00f6p fler lotter och delta i flera dragningar. Det beror p\u00e5 att ju fler poster du har, desto st\u00f6rre \u00e4r dina chanser att vinna.<\/li>\n<li>G\u00e5 med i eller bilda ett syndikat. Detta \u00e4r en grupp m\u00e4nniskor som sl\u00e5r ihop sina resurser s\u00e5 att de kan k\u00f6pa fler lotter.<\/li>\n<li>Ha en stark tro p\u00e5 att du kommer att vinna. Det \u00e4r n\u00e5got med att tro av hela sitt hj\u00e4rta som lockar lyckan till sig. Flera lottovinnare har talat om sin tro p\u00e5 att de skulle vinna.<\/li>\n<\/ul>\n<h2>Kontrollera din vinnande kombination p\u00e5 jackpotlotteryonline.com<\/h2>\n<p>Vi g\u00f6r det enkelt f\u00f6r spelare att f\u00e5 tillg\u00e5ng till de b\u00e4sta internationella lotterierna genom att tillhandah\u00e5lla lotter online. Ut\u00f6ver det kan du ocks\u00e5 kontrollera dragningsresultaten och ta ut dina vinster fr\u00e5n v\u00e5r webbplats. Att spela Thunderball har aldrig varit mer avkopplande eller stressfritt. Och vi har arbetat h\u00e5rt f\u00f6r att se till att det f\u00f6rblir s\u00e5.<\/p>\n<p>Om du vill prova UK Thunderball, tveka inte att k\u00f6pa dina biljetter nu. Bes\u00f6k v\u00e5r webbplats efter varje dragning f\u00f6r att ta del av dragningsresultaten och enkelt ta ut dina vinster.<\/p>\n","protected":false},"excerpt":{"rendered":"<p>Thunderball \u00e4r ett av Storbritanniens mest popul\u00e4ra lotterier. F\u00f6r bara en liten summa kan spelarna vinna en halv miljon pund, vilket \u00e4r fantastiskt. Det finns m\u00e5nga lotterier d\u00e4r ute, men det \u00e4r bara n\u00e5got med Thunderball som lockar spelarna. Det kan vara de otroligt gynnsamma oddsen eller det faktum att det ger m\u00e5nga vinnare. Oavsett [&hellip;]<\/p>\n","protected":false},"author":1,"featured_media":0,"parent":35858,"menu_order":12,"comment_status":"closed","ping_status":"closed","template":"thunderball-results.php","meta":{"_et_pb_use_builder":"","_et_pb_old_content":"","_et_gb_content_width":"","exclude_from_search":false,"footnotes":""},"class_list":["post-41337","page","type-page","status-publish","hentry"],"yoast_head":"<!-- This site is optimized with the Yoast SEO plugin v23.3 - https:\/\/yoast.com\/wordpress\/plugins\/seo\/ -->\n<title>Thunderball Lottery vinnande nummer och dragningsresultat<\/title>\n<meta name=\"description\" content=\"Kontrollera din lott mot de vinnande numren och resultaten fr\u00e5n den senaste Thunderball-utdragningen eller hitta historiska dragningsresultat.\" \/>\n<meta name=\"robots\" content=\"index, follow, max-snippet:-1, max-image-preview:large, max-video-preview:-1\" \/>\n<link rel=\"canonical\" href=\"https:\/\/jackpotlotteryonline.com\/sv\/vinnande-nummer\/thunderball\/\" \/>\n<meta property=\"og:locale\" content=\"sv_SE\" \/>\n<meta property=\"og:type\" content=\"article\" \/>\n<meta property=\"og:title\" content=\"Thunderball Lottery vinnande nummer och dragningsresultat\" \/>\n<meta property=\"og:description\" content=\"Kontrollera din lott mot de vinnande numren och resultaten fr\u00e5n den senaste Thunderball-utdragningen eller hitta historiska dragningsresultat.\" \/>\n<meta property=\"og:url\" content=\"https:\/\/jackpotlotteryonline.com\/sv\/vinnande-nummer\/thunderball\/\" \/>\n<meta property=\"og:site_name\" content=\"Lotto Online - Crack The International Lottery Jackpots\" \/>\n<meta property=\"article:modified_time\" content=\"2022-12-29T14:19:02+00:00\" \/>\n<meta property=\"og:image\" content=\"https:\/\/jackpotlotteryonline.com\/wp-content\/uploads\/2022\/11\/1_rain_lottery_money_win-282x300.jpg\" \/>\n<meta name=\"twitter:card\" content=\"summary_large_image\" \/>\n<meta name=\"twitter:label1\" content=\"Ber\u00e4knad l\u00e4stid\" \/>\n\t<meta name=\"twitter:data1\" content=\"8 minuter\" \/>\n<!-- \/ Yoast SEO plugin. -->","yoast_head_json":{"title":"Thunderball Lottery vinnande nummer och dragningsresultat","description":"Kontrollera din lott mot de vinnande numren och resultaten fr\u00e5n den senaste Thunderball-utdragningen eller hitta historiska dragningsresultat.","robots":{"index":"index","follow":"follow","max-snippet":"max-snippet:-1","max-image-preview":"max-image-preview:large","max-video-preview":"max-video-preview:-1"},"canonical":"https:\/\/jackpotlotteryonline.com\/sv\/vinnande-nummer\/thunderball\/","og_locale":"sv_SE","og_type":"article","og_title":"Thunderball Lottery vinnande nummer och dragningsresultat","og_description":"Kontrollera din lott mot de vinnande numren och resultaten fr\u00e5n den senaste Thunderball-utdragningen eller hitta historiska dragningsresultat.","og_url":"https:\/\/jackpotlotteryonline.com\/sv\/vinnande-nummer\/thunderball\/","og_site_name":"Lotto Online - Crack The International Lottery Jackpots","article_modified_time":"2022-12-29T14:19:02+00:00","og_image":[{"url":"https:\/\/jackpotlotteryonline.com\/wp-content\/uploads\/2022\/11\/1_rain_lottery_money_win-282x300.jpg"}],"twitter_card":"summary_large_image","twitter_misc":{"Ber\u00e4knad l\u00e4stid":"8 minuter"},"schema":{"@context":"https:\/\/schema.org","@graph":[{"@type":"WebPage","@id":"https:\/\/jackpotlotteryonline.com\/sv\/vinnande-nummer\/thunderball\/","url":"https:\/\/jackpotlotteryonline.com\/sv\/vinnande-nummer\/thunderball\/","name":"Thunderball Lottery vinnande nummer och dragningsresultat","isPartOf":{"@id":"https:\/\/jackpotlotteryonline.com\/#website"},"primaryImageOfPage":{"@id":"https:\/\/jackpotlotteryonline.com\/sv\/vinnande-nummer\/thunderball\/#primaryimage"},"image":{"@id":"https:\/\/jackpotlotteryonline.com\/sv\/vinnande-nummer\/thunderball\/#primaryimage"},"thumbnailUrl":"https:\/\/jackpotlotteryonline.com\/wp-content\/uploads\/2022\/11\/1_rain_lottery_money_win-282x300.jpg","datePublished":"2022-12-09T07:19:56+00:00","dateModified":"2022-12-29T14:19:02+00:00","description":"Kontrollera din lott mot de vinnande numren och resultaten fr\u00e5n den senaste Thunderball-utdragningen eller hitta historiska dragningsresultat.","breadcrumb":{"@id":"https:\/\/jackpotlotteryonline.com\/sv\/vinnande-nummer\/thunderball\/#breadcrumb"},"inLanguage":"sv-SE","potentialAction":[{"@type":"ReadAction","target":["https:\/\/jackpotlotteryonline.com\/sv\/vinnande-nummer\/thunderball\/"]}]},{"@type":"ImageObject","inLanguage":"sv-SE","@id":"https:\/\/jackpotlotteryonline.com\/sv\/vinnande-nummer\/thunderball\/#primaryimage","url":"https:\/\/jackpotlotteryonline.com\/wp-content\/uploads\/2022\/11\/1_rain_lottery_money_win-282x300.jpg","contentUrl":"https:\/\/jackpotlotteryonline.com\/wp-content\/uploads\/2022\/11\/1_rain_lottery_money_win-282x300.jpg"},{"@type":"BreadcrumbList","@id":"https:\/\/jackpotlotteryonline.com\/sv\/vinnande-nummer\/thunderball\/#breadcrumb","itemListElement":[{"@type":"ListItem","position":1,"name":"Home","item":"https:\/\/jackpotlotteryonline.com\/sv\/"},{"@type":"ListItem","position":2,"name":"Lotterieresultat","item":"https:\/\/jackpotlotteryonline.com\/sv\/vinnande-nummer\/"},{"@type":"ListItem","position":3,"name":"Resultat av dragningen av Thunderball-lotteriet"}]},{"@type":"WebSite","@id":"https:\/\/jackpotlotteryonline.com\/#website","url":"https:\/\/jackpotlotteryonline.com\/","name":"Lotto Online - Crack The International Lottery Jackpots","description":"","potentialAction":[{"@type":"SearchAction","target":{"@type":"EntryPoint","urlTemplate":"https:\/\/jackpotlotteryonline.com\/?s={search_term_string}"},"query-input":"required name=search_term_string"}],"inLanguage":"sv-SE"}]}},"_links":{"self":[{"href":"https:\/\/jackpotlotteryonline.com\/sv\/wp-json\/wp\/v2\/pages\/41337","targetHints":{"allow":["GET"]}}],"collection":[{"href":"https:\/\/jackpotlotteryonline.com\/sv\/wp-json\/wp\/v2\/pages"}],"about":[{"href":"https:\/\/jackpotlotteryonline.com\/sv\/wp-json\/wp\/v2\/types\/page"}],"author":[{"embeddable":true,"href":"https:\/\/jackpotlotteryonline.com\/sv\/wp-json\/wp\/v2\/users\/1"}],"replies":[{"embeddable":true,"href":"https:\/\/jackpotlotteryonline.com\/sv\/wp-json\/wp\/v2\/comments?post=41337"}],"version-history":[{"count":0,"href":"https:\/\/jackpotlotteryonline.com\/sv\/wp-json\/wp\/v2\/pages\/41337\/revisions"}],"up":[{"embeddable":true,"href":"https:\/\/jackpotlotteryonline.com\/sv\/wp-json\/wp\/v2\/pages\/35858"}],"wp:attachment":[{"href":"https:\/\/jackpotlotteryonline.com\/sv\/wp-json\/wp\/v2\/media?parent=41337"}],"curies":[{"name":"wp","href":"https:\/\/api.w.org\/{rel}","templated":true}]}}