{"id":41392,"date":"2022-12-09T09:11:21","date_gmt":"2022-12-09T09:11:21","guid":{"rendered":"https:\/\/jackpotlotteryonline.com\/?page_id=41392"},"modified":"2022-12-30T10:33:19","modified_gmt":"2022-12-30T10:33:19","slug":"new-york-lottery","status":"publish","type":"page","link":"https:\/\/jackpotlotteryonline.com\/sv\/vinnande-nummer\/new-york-lottery\/","title":{"rendered":"New York lotteri dragning resultat"},"content":{"rendered":"<p>Lotto i New York var tidigare ett av de d\u00e4r f\u00f6rbisedda lotterierna. Mest p\u00e5 grund av att man bara kunde delta i lotteriet som bosatt i New York. Det har \u00e4ndrats nu eftersom spelare \u00f6ver hela v\u00e4rlden kan k\u00f6pa lotter. Nu \u00e4r det fler lottoentusiaster som v\u00e4ljer vinnande nummer genom att spela online. Detta New York-lotto grundades f\u00f6r att samla in pengar till utbildning, s\u00e5 det har sitt ursprung i en god sak. Varje g\u00e5ng du k\u00f6per en lott ger du en bidrag till finansieringen av utbildning.<\/p>\n<p>Du kan v\u00e4lja din New York-lottokombination n\u00e4r du <a href=\"https:\/\/jackpotlotteryonline.com\/sv\/kopa-biljetter\/new-york-lottery\">k\u00f6per din lott p\u00e5 jackpotlotteryonline.com.<\/a><\/p>\n<h2>Hur man spelar New York-lotto online<\/h2>\n<p>Att spela p\u00e5 lotto \u00e4r roligt och sp\u00e4nnande. Men den upplevelsen blir \u00e4nnu st\u00f6rre n\u00e4r du spelar online. Att delta i lotteriet online \u00e4r snabbt, enkelt och helt okomplicerat. Om du spelar New York-lotto f\u00f6ljer du nedanst\u00e5ende steg:<\/p>\n<ul>\n<li>Bes\u00f6k den webbplats du vill ha (till exempel jackpotlotteryonline.com) och klicka p\u00e5 det lotteri du vill spela.<\/li>\n<li>V\u00e4lj 6 fr\u00e5n ett intervall mellan 1 och 59. Det finns ett 7:e nummer, men detta dras slumpm\u00e4ssigt av lottof\u00f6retaget och ing\u00e5r inte i din lott.<\/li>\n<li>Ange dragningarna som sker p\u00e5 onsdagar och l\u00f6rdagar varje vecka. Du kan delta i bara en dragning eller i b\u00e5da.<\/li>\n<li>Slutf\u00f6r din betalning. De flesta lottosajter kommer att beg\u00e4ra att du registrerar dig f\u00f6r att kunna slutf\u00f6ra din betalning. Detta \u00e4r f\u00f6r att du enkelt ska kunna komma \u00e5t din lott n\u00e4r du har k\u00f6pt den.<\/li>\n<\/ul>\n<p>Det \u00e4r verkligen s\u00e5 enkelt att spela p\u00e5 n\u00e4tet. Det finns inget annat s\u00e4tt att skaffa lotter utanf\u00f6r New York. Det \u00e4r d\u00e4rf\u00f6r vi erbjuder det ultimata alternativet f\u00f6r spelare som bor i en annan del av v\u00e4rlden.<\/p>\n<h2>Hur man v\u00e4ljer vinnande nummer<\/h2>\n<p><img loading=\"lazy\" decoding=\"async\" class=\"alignright size-full wp-image-29534\" src=\"https:\/\/jackpotlotteryonline.com\/wp-content\/uploads\/2022\/11\/1_results_lottery_online5.jpg\" alt=\"Spela New York lotto online\" width=\"300\" height=\"200\" \/>Okej, finns det verkligen en vinnande strategi f\u00f6r att v\u00e4lja kombinationer som garanterat vinner p\u00e5 lotteriet? Vi tror inte att det finns det av den enkla anledningen att lotteriet \u00e4r ett slumpspel. Det \u00e4r ganska sv\u00e5rt att s\u00e4ga vilken kombination som kommer att hj\u00e4lpa dig att vinna p\u00e5 lotto, s\u00e4rskilt eftersom dragningarna \u00e4r slumpm\u00e4ssiga.<\/p>\n<p>Du kan \u00e4nd\u00e5 f\u00f6rst\u00e4rka din tur genom att v\u00e4lja vinnande nummer som f\u00e5r dig att k\u00e4nna dig lycklig. Du kan allts\u00e5 v\u00e4lja f\u00f6delsedagar, \u00e5rsdagar, siffror som har gett dig tur i hela ditt liv osv. Eller s\u00e5 kan du helt enkelt anv\u00e4nda autogeneratorverktyget p\u00e5 v\u00e5r webbplats f\u00f6r att v\u00e4lja slumpm\u00e4ssiga siffror.<\/p>\n<h2>Kategorier f\u00f6r New York-lottopriset<\/h2>\n<p>Detta New York-lotto har ett l\u00e4gsta jackpotbelopp p\u00e5 2 miljoner dollar. Men om ingen vinner jackpotten efter dragningarna \u00f6kar den med 300 000 dollar. Detta pris forts\u00e4tter att \u00f6ka tills en vinnare dyker upp.<\/p>\n<p>Det finns totalt fem priskategorier, inklusive jackpotten. Och oddsen f\u00f6r att vinna ett pris totalt sett \u00e4r 1 p\u00e5 92,05. F\u00f6rdelningen av priserna beror p\u00e5 den totala f\u00f6rs\u00e4ljningen. F\u00f6r varje lotto f\u00f6rdelas s\u00e5ledes 40 % av f\u00f6rs\u00e4ljningen som prispengar. Jackpotten \u00e4r en procentandel av detta och \u00e4r inte ett l\u00e5st belopp. Priskategorierna f\u00f6r New York-lotto anges nedan:<\/p>\n<p>Kategori 1: 6 nummer &#8211; jackpot (30 %)<\/p>\n<p>Kategori 2: 5 + bonusnummer &#8211; 2,9 % av f\u00f6rs\u00e4ljningen.<\/p>\n<p>Kategori 3: 5 nummer &#8211; 2,2 % av f\u00f6rs\u00e4ljningen<\/p>\n<p>Kategori 4: 4 nummer &#8211; 2,5 % av f\u00f6rs\u00e4ljningen<\/p>\n<p>Kategori 5: 3 nummer &#8211; 2,4 % av f\u00f6rs\u00e4ljningen.<\/p>\n<h2>Hur man kontrollerar de vinnande numren<\/h2>\n<p>Hur vet du om du har vunnit ett pris? I grund och botten, om du spelar New York-lotto p\u00e5 jackpotlotteryonline.com, s\u00e5 informerar vi dig om du har vunnit ett pris. Det g\u00f6r vi genom att skicka ett meddelande till ditt konto och till din e-post. Det finns verkligen inget s\u00e4tt f\u00f6r dig att missa ditt pris om du \u00e4r registrerad hos oss.<\/p>\n<p>\u00c4ven om du inte vinner n\u00e5got pris kan du fortfarande kontrollera vinstnumren genom att bes\u00f6ka den h\u00e4r sidan. Vi l\u00e4gger ut dragningsresultaten h\u00e4r efter varje dragning. S\u00e5 kom tillbaka och se vilken kombination som vann jackpotten eller priserna fr\u00e5n andra kategorier.<\/p>\n<h2>Hur du tar ut ditt pris<\/h2>\n<p><img loading=\"lazy\" decoding=\"async\" class=\"alignright size-medium wp-image-29183\" src=\"https:\/\/jackpotlotteryonline.com\/wp-content\/uploads\/2022\/11\/1_play_lotto-online-300x199.jpg\" alt=\"New York lotto vinnande nummer\" width=\"300\" height=\"199\" srcset=\"https:\/\/jackpotlotteryonline.com\/wp-content\/uploads\/2022\/11\/1_play_lotto-online-300x199.jpg 300w, https:\/\/jackpotlotteryonline.com\/wp-content\/uploads\/2022\/11\/1_play_lotto-online.jpg 350w\" sizes=\"auto, (max-width: 300px) 100vw, 300px\" \/>Om du har vunnit ett pris kan du enkelt f\u00e5 tillg\u00e5ng till din vinst h\u00e4r p\u00e5 v\u00e5r webbplats. F\u00f6r priser under 2 500 euro kan du ta ut din vinst direkt till din bank fr\u00e5n v\u00e5r plattform. Det handlar bara om n\u00e5gra f\u00e5 klick och du f\u00e5r ditt pris utan kr\u00e5ngel.<\/p>\n<p>Om din vinst \u00e4r \u00f6ver 2 500 euro kan du dock beh\u00f6va kontakta lotterif\u00f6retaget direkt. Om s\u00e5 \u00e4r fallet skickar vi dig ett kravformul\u00e4r att fylla i och hj\u00e4lper dig att bearbeta din vinst.<\/p>\n<h2>Tips f\u00f6r att spela p\u00e5 New York-lotto<\/h2>\n<p>Om du beh\u00f6ver n\u00e5gra tips f\u00f6r att spela p\u00e5 lotto, l\u00e4s vidare. Dessa tips \u00e4r anv\u00e4ndbara n\u00e4r du spelar n\u00e5got av de b\u00e4sta internationella lotterierna. De \u00e4r allts\u00e5 inte bara begr\u00e4nsade till New York-lotto.<\/p>\n<ul>\n<li>V\u00e4lj dina vinnande nummer med omsorg. \u00c4ven om du inte kan f\u00f6ruts\u00e4ga lottovinnaren \u00e4r det alltid en bra id\u00e9 att v\u00e4lja en kombination som har betydelse f\u00f6r dig.<\/li>\n<li>F\u00f6r detta New York-lotto \u00e4r bonusnumret viktigt eftersom det avg\u00f6r vinsten i den andra kategorin. S\u00e5 ignorera det inte eftersom du kan g\u00e5 hem med en stilig vinst \u00e4ven om du inte vinner jackpotten.<\/li>\n<li>Var uppm\u00e4rksam p\u00e5 dragningsdagarna eftersom det \u00e4r d\u00e5 vi f\u00e5r veta vilket nummer som vinner. Om du inte deltar i en dragning kan du heller inte vinna n\u00e5got pris under den dragningen. S\u00e5 dragningsdagarna \u00e4r verkligen viktiga. Du kan ocks\u00e5 anm\u00e4la dig till dragningarna flera veckor i f\u00f6rv\u00e4g (vi visar dig hur, senare).<\/li>\n<\/ul>\n<section class=\"layout\" style=\"border: solid 1px; width: 100%;\">\n<div class=\"img-div\" style=\"margin-top: 5px;\"><img decoding=\"async\" class=\"wp-image-17212 alignleft\" style=\"height: 45px; margin: 8px 8px 0px;\" src=\"https:\/\/jackpotlotteryonline.com\/wp-content\/uploads\/2022\/11\/read1.jpg\" alt=\"L\u00e4s\" width=\"\" height=\"\" \/><\/div>\n<div style=\"padding-left: 5px;\">\n<div style=\"font-size: 1.1em;\">\n<p><strong>Vad \u00e4r hemligheten bakom lyckade lotterier?<\/strong><\/p>\n<p style=\"font-size: 0.85em; margin-top: -1.5em;\">Hur man framg\u00e5ngsrikt spelar p\u00e5 lotteri\u00a0 <a href=\"https:\/\/jackpotlotteryonline.com\/sv\/vad-ar-hemligheten-till-lotteriernas-succe\"> L\u00e4s mer<\/a><\/p>\n<\/div>\n<\/div>\n<\/section>\n<h2>Kontrollera dragningsresultaten p\u00e5 jackpotlotteryonline.com.<\/h2>\n<p>Vi \u00e4r en conciergesajt som tar hand om detaljerna s\u00e5 att v\u00e5ra kunder kan njuta av upplevelsen av att spela p\u00e5 lotteri. Vi f\u00f6rst\u00e5r att ingen vill oroa sig f\u00f6r sm\u00e5saker. Den tiden skulle kunna spenderas b\u00e4ttre p\u00e5 att finslipa din lotteristrategi. Och det \u00e4r d\u00e4rf\u00f6r vi finns h\u00e4r.<\/p>\n<p>Vi ger v\u00e5ra kunder chansen att delta i lotterier \u00f6ver hela v\u00e4rlden. Vi publicerar ocks\u00e5 lotteriresultat just h\u00e4r och tillhandah\u00e5ller ett s\u00f6ml\u00f6st system s\u00e5 att du kan f\u00e5 tillg\u00e5ng till dina vinster.<\/p>\n<p>Att spela New York-lotto med oss \u00e4r en vinst f\u00f6r alla.<\/p>\n","protected":false},"excerpt":{"rendered":"<p>Lotto i New York var tidigare ett av de d\u00e4r f\u00f6rbisedda lotterierna. Mest p\u00e5 grund av att man bara kunde delta i lotteriet som bosatt i New York. Det har \u00e4ndrats nu eftersom spelare \u00f6ver hela v\u00e4rlden kan k\u00f6pa lotter. Nu \u00e4r det fler lottoentusiaster som v\u00e4ljer vinnande nummer genom att spela online. Detta New [&hellip;]<\/p>\n","protected":false},"author":1,"featured_media":0,"parent":35858,"menu_order":15,"comment_status":"closed","ping_status":"closed","template":"newyork-results.php","meta":{"_et_pb_use_builder":"","_et_pb_old_content":"","_et_gb_content_width":"","exclude_from_search":false,"footnotes":""},"class_list":["post-41392","page","type-page","status-publish","hentry"],"yoast_head":"<!-- This site is optimized with the Yoast SEO plugin v23.3 - https:\/\/yoast.com\/wordpress\/plugins\/seo\/ -->\n<title>New York lotteriets vinnande nummer och dragningsresultat<\/title>\n<meta name=\"description\" content=\"Dragningsresultat f\u00f6r New York Lottery - vinnande nummer, vunna belopp f\u00f6r alla tidigare och nuvarande dragningar.\" \/>\n<meta name=\"robots\" content=\"index, follow, max-snippet:-1, max-image-preview:large, max-video-preview:-1\" \/>\n<link rel=\"canonical\" href=\"https:\/\/jackpotlotteryonline.com\/sv\/vinnande-nummer\/new-york-lottery\/\" \/>\n<meta property=\"og:locale\" content=\"sv_SE\" \/>\n<meta property=\"og:type\" content=\"article\" \/>\n<meta property=\"og:title\" content=\"New York lotteriets vinnande nummer och dragningsresultat\" \/>\n<meta property=\"og:description\" content=\"Dragningsresultat f\u00f6r New York Lottery - vinnande nummer, vunna belopp f\u00f6r alla tidigare och nuvarande dragningar.\" \/>\n<meta property=\"og:url\" content=\"https:\/\/jackpotlotteryonline.com\/sv\/vinnande-nummer\/new-york-lottery\/\" \/>\n<meta property=\"og:site_name\" content=\"Lotto Online - Crack The International Lottery Jackpots\" \/>\n<meta property=\"article:modified_time\" content=\"2022-12-30T10:33:19+00:00\" \/>\n<meta property=\"og:image\" content=\"https:\/\/jackpotlotteryonline.com\/wp-content\/uploads\/2022\/11\/1_results_lottery_online5.jpg\" \/>\n<meta name=\"twitter:card\" content=\"summary_large_image\" \/>\n<meta name=\"twitter:label1\" content=\"Ber\u00e4knad l\u00e4stid\" \/>\n\t<meta name=\"twitter:data1\" content=\"5 minuter\" \/>\n<!-- \/ Yoast SEO plugin. -->","yoast_head_json":{"title":"New York lotteriets vinnande nummer och dragningsresultat","description":"Dragningsresultat f\u00f6r New York Lottery - vinnande nummer, vunna belopp f\u00f6r alla tidigare och nuvarande dragningar.","robots":{"index":"index","follow":"follow","max-snippet":"max-snippet:-1","max-image-preview":"max-image-preview:large","max-video-preview":"max-video-preview:-1"},"canonical":"https:\/\/jackpotlotteryonline.com\/sv\/vinnande-nummer\/new-york-lottery\/","og_locale":"sv_SE","og_type":"article","og_title":"New York lotteriets vinnande nummer och dragningsresultat","og_description":"Dragningsresultat f\u00f6r New York Lottery - vinnande nummer, vunna belopp f\u00f6r alla tidigare och nuvarande dragningar.","og_url":"https:\/\/jackpotlotteryonline.com\/sv\/vinnande-nummer\/new-york-lottery\/","og_site_name":"Lotto Online - Crack The International Lottery Jackpots","article_modified_time":"2022-12-30T10:33:19+00:00","og_image":[{"url":"https:\/\/jackpotlotteryonline.com\/wp-content\/uploads\/2022\/11\/1_results_lottery_online5.jpg"}],"twitter_card":"summary_large_image","twitter_misc":{"Ber\u00e4knad l\u00e4stid":"5 minuter"},"schema":{"@context":"https:\/\/schema.org","@graph":[{"@type":"WebPage","@id":"https:\/\/jackpotlotteryonline.com\/sv\/vinnande-nummer\/new-york-lottery\/","url":"https:\/\/jackpotlotteryonline.com\/sv\/vinnande-nummer\/new-york-lottery\/","name":"New York lotteriets vinnande nummer och dragningsresultat","isPartOf":{"@id":"https:\/\/jackpotlotteryonline.com\/#website"},"primaryImageOfPage":{"@id":"https:\/\/jackpotlotteryonline.com\/sv\/vinnande-nummer\/new-york-lottery\/#primaryimage"},"image":{"@id":"https:\/\/jackpotlotteryonline.com\/sv\/vinnande-nummer\/new-york-lottery\/#primaryimage"},"thumbnailUrl":"https:\/\/jackpotlotteryonline.com\/wp-content\/uploads\/2022\/11\/1_results_lottery_online5.jpg","datePublished":"2022-12-09T09:11:21+00:00","dateModified":"2022-12-30T10:33:19+00:00","description":"Dragningsresultat f\u00f6r New York Lottery - vinnande nummer, vunna belopp f\u00f6r alla tidigare och nuvarande dragningar.","breadcrumb":{"@id":"https:\/\/jackpotlotteryonline.com\/sv\/vinnande-nummer\/new-york-lottery\/#breadcrumb"},"inLanguage":"sv-SE","potentialAction":[{"@type":"ReadAction","target":["https:\/\/jackpotlotteryonline.com\/sv\/vinnande-nummer\/new-york-lottery\/"]}]},{"@type":"ImageObject","inLanguage":"sv-SE","@id":"https:\/\/jackpotlotteryonline.com\/sv\/vinnande-nummer\/new-york-lottery\/#primaryimage","url":"https:\/\/jackpotlotteryonline.com\/wp-content\/uploads\/2022\/11\/1_results_lottery_online5.jpg","contentUrl":"https:\/\/jackpotlotteryonline.com\/wp-content\/uploads\/2022\/11\/1_results_lottery_online5.jpg"},{"@type":"BreadcrumbList","@id":"https:\/\/jackpotlotteryonline.com\/sv\/vinnande-nummer\/new-york-lottery\/#breadcrumb","itemListElement":[{"@type":"ListItem","position":1,"name":"Home","item":"https:\/\/jackpotlotteryonline.com\/sv\/"},{"@type":"ListItem","position":2,"name":"Lotterieresultat","item":"https:\/\/jackpotlotteryonline.com\/sv\/vinnande-nummer\/"},{"@type":"ListItem","position":3,"name":"New York lotteri dragning resultat"}]},{"@type":"WebSite","@id":"https:\/\/jackpotlotteryonline.com\/#website","url":"https:\/\/jackpotlotteryonline.com\/","name":"Lotto Online - Crack The International Lottery Jackpots","description":"","potentialAction":[{"@type":"SearchAction","target":{"@type":"EntryPoint","urlTemplate":"https:\/\/jackpotlotteryonline.com\/?s={search_term_string}"},"query-input":"required name=search_term_string"}],"inLanguage":"sv-SE"}]}},"_links":{"self":[{"href":"https:\/\/jackpotlotteryonline.com\/sv\/wp-json\/wp\/v2\/pages\/41392","targetHints":{"allow":["GET"]}}],"collection":[{"href":"https:\/\/jackpotlotteryonline.com\/sv\/wp-json\/wp\/v2\/pages"}],"about":[{"href":"https:\/\/jackpotlotteryonline.com\/sv\/wp-json\/wp\/v2\/types\/page"}],"author":[{"embeddable":true,"href":"https:\/\/jackpotlotteryonline.com\/sv\/wp-json\/wp\/v2\/users\/1"}],"replies":[{"embeddable":true,"href":"https:\/\/jackpotlotteryonline.com\/sv\/wp-json\/wp\/v2\/comments?post=41392"}],"version-history":[{"count":0,"href":"https:\/\/jackpotlotteryonline.com\/sv\/wp-json\/wp\/v2\/pages\/41392\/revisions"}],"up":[{"embeddable":true,"href":"https:\/\/jackpotlotteryonline.com\/sv\/wp-json\/wp\/v2\/pages\/35858"}],"wp:attachment":[{"href":"https:\/\/jackpotlotteryonline.com\/sv\/wp-json\/wp\/v2\/media?parent=41392"}],"curies":[{"name":"wp","href":"https:\/\/api.w.org\/{rel}","templated":true}]}}