{"id":41444,"date":"2022-12-09T11:36:49","date_gmt":"2022-12-09T11:36:49","guid":{"rendered":"https:\/\/jackpotlotteryonline.com\/?page_id=41444"},"modified":"2022-12-30T12:31:58","modified_gmt":"2022-12-30T12:31:58","slug":"oz-lotto","status":"publish","type":"page","link":"https:\/\/jackpotlotteryonline.com\/sv\/vinnande-nummer\/oz-lotto\/","title":{"rendered":"Resultat av dragningen p\u00e5 Oz Lotto"},"content":{"rendered":"<h2>Information om resultatet av dragningen av Oz Lotto<\/h2>\n<p><img loading=\"lazy\" decoding=\"async\" class=\"alignright size-full wp-image-26942\" src=\"https:\/\/jackpotlotteryonline.com\/wp-content\/uploads\/2022\/11\/1_euromillions_results.jpg\" alt=\"oz lotto draw results\" width=\"300\" height=\"200\" \/>\u00c4r du nyfiken p\u00e5 resultaten av Oz Lottodragningen eller vad som h\u00e4nder n\u00e4r n\u00e5gon vinner? Den h\u00e4r artikeln kommer att v\u00e4gleda dig om hur du ska g\u00e5 tillv\u00e4ga f\u00f6r att besvara dessa fr\u00e5gor.<\/p>\n<p>Detta australiensiska Lotto dras varje tisdag och l\u00f6rdag kl 19.30 AEST, s\u00e5 efter att du har valt dina nummer kan du luta dig tillbaka och v\u00e4nta p\u00e5 dragningen. Dragningarna genomf\u00f6rs i Sydney med hj\u00e4lp av en datoriserad nummergenerator.<\/p>\n<p>Oz Lotto \u00e4r ett ganska givande spel som har sju vinstdivisioner d\u00e4r, om division 1 (jackpotten) inte vinns, andra priser kan vinnas om en spelare matchar fem eller fyra nummer. Dessutom delas tio priser p\u00e5 2 miljoner dollar vardera ut n\u00e4r ingen spelare kan matcha alla sju dragna nummer.<\/p>\n<p>Dessutom offentligg\u00f6rs resultaten av lotteridragningen en vecka efter dragningen p\u00e5 den viktorianska regeringens webbplats. Dragningstiden h\u00e5lls privat, detta f\u00f6r att skydda deltagarnas privatliv.<\/p>\n<h2>Hur kan jag vinna det australiska Oz Lotto?<\/h2>\n<p>F\u00f6r att vinna n\u00e5got pris i Oz Lotto b\u00f6r du k\u00e4nna till f\u00f6ljande:<\/p>\n<ol>\n<li>F\u00f6r att <a href=\"https:\/\/jackpotlotteryonline.com\/sv\/hur-man-spelar\/oz-lotto\">spela Oz Lotto<\/a> m\u00e5ste spelaren dra tio nummer fr\u00e5n en pool p\u00e5 47 nummer.<\/li>\n<li>De sju f\u00f6rsta dragna numren anses vara de vinnande numren f\u00f6r jackpotpriset.<\/li>\n<li>De \u00e5terst\u00e5ende tre som dras \u00e4r till\u00e4ggsnummer som anv\u00e4nds f\u00f6r att best\u00e4mma vinsterna f\u00f6r de andra divisionerna.<\/li>\n<li>Ju fler matchande nummer en spelare har, desto st\u00f6rre \u00e4r vinsten.<\/li>\n<li>Att delta i Oz Lotto \u00e4r ett chansspel; du kan antingen vinna eller f\u00f6rlora.<\/li>\n<\/ol>\n<h2>Hur kontrollerar jag om jag har vunnit i en viss dragning?<\/h2>\n<p><img loading=\"lazy\" decoding=\"async\" class=\"alignright size-full wp-image-26159\" src=\"https:\/\/jackpotlotteryonline.com\/wp-content\/uploads\/2022\/11\/1_buy_lottery_online.jpg\" alt=\"oz lotto dragningsresultat\" width=\"212\" height=\"142\" \/>Om du har<a href=\"https:\/\/jackpotlotteryonline.com\/sv\/kopa-biljetter\/oz-lotto\"> k\u00f6pt en lott hos oss<\/a> kan du kontrollera resultatet av dragningen p\u00e5 v\u00e5r webbplats. Det enklaste s\u00e4ttet att veta om du har vunnit \u00e4r att logga in p\u00e5 ditt spelarkonto p\u00e5 v\u00e5r webbplats. G\u00e5 sedan till &#8220;mina biljetter&#8221; och du kommer att se din skanning av biljetten med de nummer du spelade med. Efter dragningen kommer alla matchande siffror att vara framh\u00e4vda.<\/p>\n<p>Ett annat s\u00e4tt att veta om du har vunnit \u00e4r genom att kontrollera din e-post. Omedelbart efter dragningen f\u00e5r du ett e-postmeddelande som meddelar dig om samma sak. Anv\u00e4nd informationen f\u00f6r att veta om du har vunnit i den dragningen.<\/p>\n<p>Du kan ocks\u00e5 bes\u00f6ka den officiella webbplatsen f\u00f6r Australian Oz Lotto f\u00f6r att f\u00e5 veta mer om tidigare resultat och allm\u00e4n information om lotteriet.<\/p>\n<h2>S\u00e4tt att f\u00f6rb\u00e4ttra mina vinstchanser<\/h2>\n<p>F\u00f6r att \u00f6ka dina chanser att f\u00e5 jackpotten kan du delta i flera dragningar genom att k\u00f6pa lotter f\u00f6r p\u00e5 varandra f\u00f6ljande dragningar. Detta g\u00f6r att man kan spela samma val i ett par veckor. N\u00e5v\u00e4l, att spela p\u00e5 detta s\u00e4tt kommer att \u00f6ka kostnaden f\u00f6r dina best\u00e4llningar, men det kommer att g\u00f6ra det m\u00f6jligt f\u00f6r dig att spela i fler dragningar.<\/p>\n<section class=\"layout\" style=\"border: solid 1px; width: 100%;\">\n<div class=\"img-div\" style=\"margin-top: 5px;\"><img decoding=\"async\" class=\"wp-image-17212 alignleft\" style=\"height: 45px; margin: 8px 8px 0px;\" src=\"https:\/\/jackpotlotteryonline.com\/wp-content\/uploads\/2022\/11\/read1.jpg\" alt=\"L\u00e4s\" width=\"\" height=\"\" \/><\/div>\n<div style=\"padding-left: 5px;\">\n<div style=\"font-size: 1.1em;\">\n<p><strong>V\u00e4lj vinnande lottonummer manuellt eller med hj\u00e4lp av en RNG.<\/strong><\/p>\n<p style=\"font-size: 0.85em; margin-top: -1.5em;\">Hur skapar man vinnande lottonummer?\u00a0<a href=\"https:\/\/jackpotlotteryonline.com\/sv\/hur-man-genererar-vinnande-lottonummer\"> L\u00e4s mer<\/a><\/p>\n<\/div>\n<\/div>\n<\/section>\n<h2>Hur kan jag f\u00e5 mitt pris?<\/h2>\n<p>Om du vinner ett pris ska du notera f\u00f6ljande:<\/p>\n<ul>\n<li>Vinster under 2 500 euro kommer automatiskt att \u00f6verf\u00f6ras till ditt spelarkonto. Du kan ta ut pengarna eller forts\u00e4tta att k\u00f6pa fler lotter med vinstpengarna.<\/li>\n<li>F\u00f6r vinster som \u00e4r h\u00f6gre \u00e4n 2 500 euro betalas vinsten ut direkt fr\u00e5n lotterikommissionen, och du kan antingen f\u00e5 den via bank\u00f6verf\u00f6ring eller check.<\/li>\n<\/ul>\n<p>Se till att inte missa dragningarna. F\u00f6r att vara s\u00e4ker p\u00e5 att inte missa n\u00e5gon information rekommenderas spelarna att whitelista jackpotlotteryonline.com som en betrodd e-postleverant\u00f6r.<\/p>\n<p><strong>F\u00f6r att avsluta det hela&#8230;<\/strong><\/p>\n<p>Oz Lotto har varit ett av de mest popul\u00e4ra lotterispelen i Australien sedan 1994. M\u00e5nga m\u00e4nniskor har blivit miljon\u00e4rer \u00f6ver en natt tack vare det. S\u00e5 vad \u00e4r det som g\u00f6r att du inte spelar? Delta i detta australiska lotteri och ha en chans att vinna ett av de m\u00e5nga priserna, om inte jackpotten.<\/p>\n<p><strong>Registrera dig i dag f\u00f6r att vinna!<\/strong><\/p>\n","protected":false},"excerpt":{"rendered":"<p>Information om resultatet av dragningen av Oz Lotto \u00c4r du nyfiken p\u00e5 resultaten av Oz Lottodragningen eller vad som h\u00e4nder n\u00e4r n\u00e5gon vinner? Den h\u00e4r artikeln kommer att v\u00e4gleda dig om hur du ska g\u00e5 tillv\u00e4ga f\u00f6r att besvara dessa fr\u00e5gor. Detta australiensiska Lotto dras varje tisdag och l\u00f6rdag kl 19.30 AEST, s\u00e5 efter att [&hellip;]<\/p>\n","protected":false},"author":1,"featured_media":0,"parent":35858,"menu_order":16,"comment_status":"closed","ping_status":"closed","template":"","meta":{"_et_pb_use_builder":"","_et_pb_old_content":"","_et_gb_content_width":"","exclude_from_search":false,"footnotes":""},"class_list":["post-41444","page","type-page","status-publish","hentry"],"yoast_head":"<!-- This site is optimized with the Yoast SEO plugin v23.3 - https:\/\/yoast.com\/wordpress\/plugins\/seo\/ -->\n<title>Oz Lotto vinnande nummer och dragningsresultat<\/title>\n<meta name=\"description\" content=\"Kolla in vinnande nummer och tidigare resultat f\u00f6r Australiens Oz Lotto p\u00e5 v\u00e5r sida med dragningsresultat. Se till att du inte missar n\u00e5got!\" \/>\n<meta name=\"robots\" content=\"index, follow, max-snippet:-1, max-image-preview:large, max-video-preview:-1\" \/>\n<link rel=\"canonical\" href=\"https:\/\/jackpotlotteryonline.com\/sv\/vinnande-nummer\/oz-lotto\/\" \/>\n<meta property=\"og:locale\" content=\"sv_SE\" \/>\n<meta property=\"og:type\" content=\"article\" \/>\n<meta property=\"og:title\" content=\"Oz Lotto vinnande nummer och dragningsresultat\" \/>\n<meta property=\"og:description\" content=\"Kolla in vinnande nummer och tidigare resultat f\u00f6r Australiens Oz Lotto p\u00e5 v\u00e5r sida med dragningsresultat. Se till att du inte missar n\u00e5got!\" \/>\n<meta property=\"og:url\" content=\"https:\/\/jackpotlotteryonline.com\/sv\/vinnande-nummer\/oz-lotto\/\" \/>\n<meta property=\"og:site_name\" content=\"Lotto Online - Crack The International Lottery Jackpots\" \/>\n<meta property=\"article:modified_time\" content=\"2022-12-30T12:31:58+00:00\" \/>\n<meta property=\"og:image\" content=\"https:\/\/jackpotlotteryonline.com\/wp-content\/uploads\/2022\/11\/1_euromillions_results.jpg\" \/>\n<meta name=\"twitter:card\" content=\"summary_large_image\" \/>\n<meta name=\"twitter:label1\" content=\"Ber\u00e4knad l\u00e4stid\" \/>\n\t<meta name=\"twitter:data1\" content=\"4 minuter\" \/>\n<!-- \/ Yoast SEO plugin. -->","yoast_head_json":{"title":"Oz Lotto vinnande nummer och dragningsresultat","description":"Kolla in vinnande nummer och tidigare resultat f\u00f6r Australiens Oz Lotto p\u00e5 v\u00e5r sida med dragningsresultat. Se till att du inte missar n\u00e5got!","robots":{"index":"index","follow":"follow","max-snippet":"max-snippet:-1","max-image-preview":"max-image-preview:large","max-video-preview":"max-video-preview:-1"},"canonical":"https:\/\/jackpotlotteryonline.com\/sv\/vinnande-nummer\/oz-lotto\/","og_locale":"sv_SE","og_type":"article","og_title":"Oz Lotto vinnande nummer och dragningsresultat","og_description":"Kolla in vinnande nummer och tidigare resultat f\u00f6r Australiens Oz Lotto p\u00e5 v\u00e5r sida med dragningsresultat. Se till att du inte missar n\u00e5got!","og_url":"https:\/\/jackpotlotteryonline.com\/sv\/vinnande-nummer\/oz-lotto\/","og_site_name":"Lotto Online - Crack The International Lottery Jackpots","article_modified_time":"2022-12-30T12:31:58+00:00","og_image":[{"url":"https:\/\/jackpotlotteryonline.com\/wp-content\/uploads\/2022\/11\/1_euromillions_results.jpg"}],"twitter_card":"summary_large_image","twitter_misc":{"Ber\u00e4knad l\u00e4stid":"4 minuter"},"schema":{"@context":"https:\/\/schema.org","@graph":[{"@type":"WebPage","@id":"https:\/\/jackpotlotteryonline.com\/sv\/vinnande-nummer\/oz-lotto\/","url":"https:\/\/jackpotlotteryonline.com\/sv\/vinnande-nummer\/oz-lotto\/","name":"Oz Lotto vinnande nummer och dragningsresultat","isPartOf":{"@id":"https:\/\/jackpotlotteryonline.com\/#website"},"primaryImageOfPage":{"@id":"https:\/\/jackpotlotteryonline.com\/sv\/vinnande-nummer\/oz-lotto\/#primaryimage"},"image":{"@id":"https:\/\/jackpotlotteryonline.com\/sv\/vinnande-nummer\/oz-lotto\/#primaryimage"},"thumbnailUrl":"https:\/\/jackpotlotteryonline.com\/wp-content\/uploads\/2022\/11\/1_euromillions_results.jpg","datePublished":"2022-12-09T11:36:49+00:00","dateModified":"2022-12-30T12:31:58+00:00","description":"Kolla in vinnande nummer och tidigare resultat f\u00f6r Australiens Oz Lotto p\u00e5 v\u00e5r sida med dragningsresultat. Se till att du inte missar n\u00e5got!","breadcrumb":{"@id":"https:\/\/jackpotlotteryonline.com\/sv\/vinnande-nummer\/oz-lotto\/#breadcrumb"},"inLanguage":"sv-SE","potentialAction":[{"@type":"ReadAction","target":["https:\/\/jackpotlotteryonline.com\/sv\/vinnande-nummer\/oz-lotto\/"]}]},{"@type":"ImageObject","inLanguage":"sv-SE","@id":"https:\/\/jackpotlotteryonline.com\/sv\/vinnande-nummer\/oz-lotto\/#primaryimage","url":"https:\/\/jackpotlotteryonline.com\/wp-content\/uploads\/2022\/11\/1_euromillions_results.jpg","contentUrl":"https:\/\/jackpotlotteryonline.com\/wp-content\/uploads\/2022\/11\/1_euromillions_results.jpg"},{"@type":"BreadcrumbList","@id":"https:\/\/jackpotlotteryonline.com\/sv\/vinnande-nummer\/oz-lotto\/#breadcrumb","itemListElement":[{"@type":"ListItem","position":1,"name":"Home","item":"https:\/\/jackpotlotteryonline.com\/sv\/"},{"@type":"ListItem","position":2,"name":"Lotterieresultat","item":"https:\/\/jackpotlotteryonline.com\/sv\/vinnande-nummer\/"},{"@type":"ListItem","position":3,"name":"Resultat av dragningen p\u00e5 Oz Lotto"}]},{"@type":"WebSite","@id":"https:\/\/jackpotlotteryonline.com\/#website","url":"https:\/\/jackpotlotteryonline.com\/","name":"Lotto Online - Crack The International Lottery Jackpots","description":"","potentialAction":[{"@type":"SearchAction","target":{"@type":"EntryPoint","urlTemplate":"https:\/\/jackpotlotteryonline.com\/?s={search_term_string}"},"query-input":"required name=search_term_string"}],"inLanguage":"sv-SE"}]}},"_links":{"self":[{"href":"https:\/\/jackpotlotteryonline.com\/sv\/wp-json\/wp\/v2\/pages\/41444","targetHints":{"allow":["GET"]}}],"collection":[{"href":"https:\/\/jackpotlotteryonline.com\/sv\/wp-json\/wp\/v2\/pages"}],"about":[{"href":"https:\/\/jackpotlotteryonline.com\/sv\/wp-json\/wp\/v2\/types\/page"}],"author":[{"embeddable":true,"href":"https:\/\/jackpotlotteryonline.com\/sv\/wp-json\/wp\/v2\/users\/1"}],"replies":[{"embeddable":true,"href":"https:\/\/jackpotlotteryonline.com\/sv\/wp-json\/wp\/v2\/comments?post=41444"}],"version-history":[{"count":0,"href":"https:\/\/jackpotlotteryonline.com\/sv\/wp-json\/wp\/v2\/pages\/41444\/revisions"}],"up":[{"embeddable":true,"href":"https:\/\/jackpotlotteryonline.com\/sv\/wp-json\/wp\/v2\/pages\/35858"}],"wp:attachment":[{"href":"https:\/\/jackpotlotteryonline.com\/sv\/wp-json\/wp\/v2\/media?parent=41444"}],"curies":[{"name":"wp","href":"https:\/\/api.w.org\/{rel}","templated":true}]}}