{"id":41496,"date":"2022-12-09T13:06:53","date_gmt":"2022-12-09T13:06:53","guid":{"rendered":"https:\/\/jackpotlotteryonline.com\/?page_id=41496"},"modified":"2022-12-30T14:24:57","modified_gmt":"2022-12-30T14:24:57","slug":"powerball-australia","status":"publish","type":"page","link":"https:\/\/jackpotlotteryonline.com\/sv\/vinnande-nummer\/powerball-australia\/","title":{"rendered":"Resultat av dragningen i Powerball Australien"},"content":{"rendered":"<p>Det \u00e4r enkelt att <a href=\"https:\/\/jackpotlotteryonline.com\/sv\/hur-man-spelar\/powerball-australia\">spela Australian Powerball<\/a> n\u00e4r du k\u00f6per dina biljetter online. P\u00e5 s\u00e5 s\u00e4tt kan du f\u00e5 tillg\u00e5ng till Powerball fr\u00e5n var som helst i v\u00e4rlden. Men att k\u00f6pa biljetten \u00e4r bara en del av att spela Powerball. Du m\u00e5ste ocks\u00e5 kontrollera dragningsresultaten f\u00f6r att hitta de vinnande numren. P\u00e5 s\u00e5 s\u00e4tt f\u00e5r du veta om du har vunnit p\u00e5 lotteriet eller inte. H\u00e4r ger vi tips och information om hur du kan kontrollera dragningsresultaten och f\u00e5 tillg\u00e5ng till dina vinster.<\/p>\n<h2>Hur man kontrollerar vinnande nummer i Powerball Australia<\/h2>\n<p>F\u00f6r att spela Powerball m\u00e5ste du v\u00e4lja 7 nummer fr\u00e5n 1 till 35, plus ett Powerball-nummer fr\u00e5n 1 till 20. Under dragningarna dras 8 nummer slumpm\u00e4ssigt. Den som matchar de dragna numren har den vinnande Powerball-biljetten.<\/p>\n<p>Du kanske inte har m\u00f6jlighet att se Powerballdragningarna i direkts\u00e4ndning p\u00e5 TV. Men du kan kolla p\u00e5 nyhetssajter p\u00e5 n\u00e4tet f\u00f6r att f\u00e5 reda p\u00e5 de vinnande numren i Powerball. Dessa webbplatser publicerar dock oftast bara den kombination som vinner jackpotten. Och Powerball har flera andra vinstniv\u00e5er.<\/p>\n<p>F\u00f6r att f\u00e5 reda p\u00e5 Powerballs vinnande nummer f\u00f6r alla vinstniv\u00e5er kan du titta tillbaka h\u00e4r efter varje dragning. Vi publicerar Powerballs vinnande nummer p\u00e5 v\u00e5r webbplats. Om du k\u00f6pte din Powerball-biljett av oss kommer vi dessutom att meddela dig om du har n\u00e5got av de vinnande numren. Vi skickar ett e-postmeddelande till dig och l\u00e4gger ett meddelande p\u00e5 ditt konto. P\u00e5 s\u00e5 s\u00e4tt beh\u00f6ver du inte vara r\u00e4dd f\u00f6r att g\u00e5 miste om dina vinster.<\/p>\n<h2>Vad \u00e4r oddsen f\u00f6r att vinna Powerball?<\/h2>\n<p><img loading=\"lazy\" decoding=\"async\" class=\"alignright size-full wp-image-31181\" src=\"https:\/\/jackpotlotteryonline.com\/wp-content\/uploads\/2022\/11\/logo_powerball-300x50-1.jpg\" alt=\"vinna Powerball\" width=\"300\" height=\"50\" \/>Det \u00e4r inte l\u00e4tt att vinna p\u00e5 lotteriet. De flesta skulle s\u00e4ga att oddsen \u00e4r otroligt h\u00f6ga. \u00c4nd\u00e5 h\u00f6r vi talas om m\u00e4nniskor som har vunnit livsavg\u00f6rande belopp. Powerball Australien i synnerhet har en l\u00e5ng lista \u00f6ver lotterivinnare och det beror f\u00f6rmodligen p\u00e5 oddsen.<\/p>\n<p>Oddsen f\u00f6r att vinna Powerball-lotteriet \u00e4r 1 p\u00e5 70 miljoner. Det inneb\u00e4r att bokstavligen vem som helst kan vinna Powerball-lotteriet.<\/p>\n<p>Dessutom har Powerball totalt 9 priskategorier, vilket ytterligare \u00f6kar chanserna att vinna detta lotteri.<\/p>\n<h2>Powerballs priser<\/h2>\n<p>Powerball-jackpotten \u00e4r vanligtvis i genomsnitt 8 miljoner AU$. Men det finns flera andra priser som du kan vinna om du har de vinnande numren i Powerball Australia.<\/p>\n<p>H\u00e4r \u00e4r priskategorierna och utbetalningen i en av Powerball-uttagningarna. Observera att utbetalningen inte \u00e4r densamma vid varje dragning eftersom priserna beror p\u00e5 lotteripotten. Men detta \u00e4r bara f\u00f6r att ge dig en uppfattning om vad du kan f\u00f6rv\u00e4nta dig n\u00e4r du f\u00e5r Powerball vinnande nummer.<\/p>\n<p>Division 1: match 7 + Powerball &#8211; 8 000 000 000,00 dollar (jackpot).<\/p>\n<p>Division 2: endast match 7 &#8211; 95 726,15 dollar.<\/p>\n<p>Division 3: match 6 + Powerball &#8211; 5 661,20 dollar.<\/p>\n<p>Huvudgrupp 4: endast match 6 &#8211; 501,70 dollar.<\/p>\n<p>Huvudgrupp 5: match 5 + Powerball &#8211; 166,75 dollar<\/p>\n<p>Huvudgrupp 6: endast match 5 &#8211; 73,10 dollar<\/p>\n<p>Huvudgrupp 7: match 4 + Powerball &#8211; 41,60 dollar<\/p>\n<p>Huvudgrupp 8: match 3 + Powerball &#8211; 18,05 dollar<\/p>\n<p>Huvudgrupp 9: match 2 + Powerball &#8211; 10,95 dollar<\/p>\n<h2>Vad ska du g\u00f6ra om du har de vinnande numren?<\/h2>\n<p>Om du kontrollerar resultatet av dragningen och ser att du har de vinnande numren i Powerball \u00e4r n\u00e4sta steg hur du ska f\u00e5 tillg\u00e5ng till din vinst. Eftersom du spelar Powerball utanf\u00f6r Oz \u00e4r du f\u00f6rmodligen ute efter ett bekv\u00e4mt s\u00e4tt att ta ut pengarna.<\/p>\n<p>N\u00e4r du <a href=\"https:\/\/jackpotlotteryonline.com\/sv\/kopa-biljetter\/powerball-australia\">k\u00f6per din Powerball-biljett<\/a> fr\u00e5n oss kan du ocks\u00e5 f\u00e5 tillg\u00e5ng till dina vinster var som helst. F\u00f6r vinster under ett visst belopp beh\u00f6ver du bara ta ut din vinst fr\u00e5n v\u00e5r plattform. Du kan ta ut den direkt till ditt bankkonto.<\/p>\n<p>N\u00e4r din vinst \u00e4r h\u00f6gre \u00e4n det angivna beloppet kommer vi att tillhandah\u00e5lla ett kravformul\u00e4r som du kan fylla i. P\u00e5 s\u00e5 s\u00e4tt kan du kr\u00e4va dina vinster direkt fr\u00e5n Powerball-lotterif\u00f6retaget utan problem.<\/p>\n<section class=\"layout\" style=\"border: solid 1px; width: 100%;\">\n<div class=\"img-div\" style=\"margin-top: 5px;\"><img decoding=\"async\" class=\"wp-image-17212 alignleft\" style=\"height: 45px; margin: 8px 8px 0px;\" src=\"https:\/\/jackpotlotteryonline.com\/wp-content\/uploads\/2022\/11\/read1.jpg\" alt=\"L\u00e4s\" width=\"\" height=\"\" \/><\/div>\n<div style=\"padding-left: 5px;\">\n<div style=\"font-size: 1.1em;\">\n<p><strong>Vilken bil skulle du k\u00f6pa om du vann p\u00e5 lotto?<\/strong><\/p>\n<p style=\"font-size: 0.85em; margin-top: -1.5em;\">Vinn p\u00e5 lotto och f\u00e5 en ny bil\u00a0<a href=\"https:\/\/jackpotlotteryonline.com\/sv\/vilken-bil-skulle-du-kopa-om-du-vann-pa-lotto\"> L\u00e4s mer<\/a><\/p>\n<\/div>\n<\/div>\n<\/section>\n<h2>F\u00f6rdelar med att spela Powerball med Jackpotlotteryonline.com<\/h2>\n<ul>\n<li>Du f\u00e5r snabb och omedelbar tillg\u00e5ng till lotteriet. Du beh\u00f6ver inte bo i Australien f\u00f6r att spela Powerball.<\/li>\n<li>Det \u00e4r super bekv\u00e4mt eftersom du inte beh\u00f6ver l\u00e4mna bekv\u00e4mligheten i ditt hem. Kontrollera dina vinnande nummer fr\u00e5n din dator eller mobila enhet.<\/li>\n<li>Det \u00e4r ocks\u00e5 s\u00e4krare eftersom din lott lagras digitalt. Det \u00e4r viktigt eftersom det \u00e4r det enda s\u00e4ttet att kr\u00e4va din vinst.<\/li>\n<li>Du beh\u00f6ver inte missa din vinst eftersom vi varnar dig omedelbart om du vinner n\u00e5got pris.<\/li>\n<li>Du kan enkelt ta ut alla vinster online utan att g\u00e5 n\u00e5gonstans.<\/li>\n<\/ul>\n<h2>Kontrollera dina vinnande nummer med oss<\/h2>\n<p>Med tiden har vi avsatt mycket resurser och arbete f\u00f6r att se till att v\u00e5ra spelare f\u00e5r den b\u00e4sta upplevelsen. Vi g\u00f6r det inte bara enkelt f\u00f6r dig att k\u00f6pa lotter till de b\u00e4sta internationella lotterierna, utan vi g\u00e5r flera steg l\u00e4ngre. Vi g\u00f6r detta genom att tillhandah\u00e5lla uppdaterade dragningsresultat s\u00e5 att du enkelt kan kontrollera de vinnande numren.<\/p>\n<p>Slutligen beh\u00f6ver du inte oroa dig f\u00f6r hur du ska f\u00e5 tillg\u00e5ng till dina vinster om du vinner ett pris. Vi har t\u00e4nkt p\u00e5 allt s\u00e5 att du kan fokusera p\u00e5 det som \u00e4r viktigt. Registrera dig hos oss idag.<\/p>\n","protected":false},"excerpt":{"rendered":"<p>Det \u00e4r enkelt att spela Australian Powerball n\u00e4r du k\u00f6per dina biljetter online. P\u00e5 s\u00e5 s\u00e4tt kan du f\u00e5 tillg\u00e5ng till Powerball fr\u00e5n var som helst i v\u00e4rlden. Men att k\u00f6pa biljetten \u00e4r bara en del av att spela Powerball. Du m\u00e5ste ocks\u00e5 kontrollera dragningsresultaten f\u00f6r att hitta de vinnande numren. P\u00e5 s\u00e5 s\u00e4tt f\u00e5r [&hellip;]<\/p>\n","protected":false},"author":1,"featured_media":0,"parent":35858,"menu_order":17,"comment_status":"closed","ping_status":"closed","template":"powerball-au-results.php","meta":{"_et_pb_use_builder":"","_et_pb_old_content":"","_et_gb_content_width":"","exclude_from_search":false,"footnotes":""},"class_list":["post-41496","page","type-page","status-publish","hentry"],"yoast_head":"<!-- This site is optimized with the Yoast SEO plugin v23.3 - https:\/\/yoast.com\/wordpress\/plugins\/seo\/ -->\n<title>Powerball Australiens vinnande nummer och dragningsresultat<\/title>\n<meta name=\"description\" content=\"Letar du efter de vinnande numren i Powerball Australia? Hitta dragningsresultaten f\u00f6r de australiska lotterierna p\u00e5 den h\u00e4r webbplatsen.\" \/>\n<meta name=\"robots\" content=\"index, follow, max-snippet:-1, max-image-preview:large, max-video-preview:-1\" \/>\n<link rel=\"canonical\" href=\"https:\/\/jackpotlotteryonline.com\/sv\/vinnande-nummer\/powerball-australia\/\" \/>\n<meta property=\"og:locale\" content=\"sv_SE\" \/>\n<meta property=\"og:type\" content=\"article\" \/>\n<meta property=\"og:title\" content=\"Powerball Australiens vinnande nummer och dragningsresultat\" \/>\n<meta property=\"og:description\" content=\"Letar du efter de vinnande numren i Powerball Australia? Hitta dragningsresultaten f\u00f6r de australiska lotterierna p\u00e5 den h\u00e4r webbplatsen.\" \/>\n<meta property=\"og:url\" content=\"https:\/\/jackpotlotteryonline.com\/sv\/vinnande-nummer\/powerball-australia\/\" \/>\n<meta property=\"og:site_name\" content=\"Lotto Online - Crack The International Lottery Jackpots\" \/>\n<meta property=\"article:modified_time\" content=\"2022-12-30T14:24:57+00:00\" \/>\n<meta property=\"og:image\" content=\"https:\/\/jackpotlotteryonline.com\/wp-content\/uploads\/2022\/11\/logo_powerball-300x50-1.jpg\" \/>\n<meta name=\"twitter:card\" content=\"summary_large_image\" \/>\n<meta name=\"twitter:label1\" content=\"Ber\u00e4knad l\u00e4stid\" \/>\n\t<meta name=\"twitter:data1\" content=\"5 minuter\" \/>\n<!-- \/ Yoast SEO plugin. -->","yoast_head_json":{"title":"Powerball Australiens vinnande nummer och dragningsresultat","description":"Letar du efter de vinnande numren i Powerball Australia? Hitta dragningsresultaten f\u00f6r de australiska lotterierna p\u00e5 den h\u00e4r webbplatsen.","robots":{"index":"index","follow":"follow","max-snippet":"max-snippet:-1","max-image-preview":"max-image-preview:large","max-video-preview":"max-video-preview:-1"},"canonical":"https:\/\/jackpotlotteryonline.com\/sv\/vinnande-nummer\/powerball-australia\/","og_locale":"sv_SE","og_type":"article","og_title":"Powerball Australiens vinnande nummer och dragningsresultat","og_description":"Letar du efter de vinnande numren i Powerball Australia? Hitta dragningsresultaten f\u00f6r de australiska lotterierna p\u00e5 den h\u00e4r webbplatsen.","og_url":"https:\/\/jackpotlotteryonline.com\/sv\/vinnande-nummer\/powerball-australia\/","og_site_name":"Lotto Online - Crack The International Lottery Jackpots","article_modified_time":"2022-12-30T14:24:57+00:00","og_image":[{"url":"https:\/\/jackpotlotteryonline.com\/wp-content\/uploads\/2022\/11\/logo_powerball-300x50-1.jpg"}],"twitter_card":"summary_large_image","twitter_misc":{"Ber\u00e4knad l\u00e4stid":"5 minuter"},"schema":{"@context":"https:\/\/schema.org","@graph":[{"@type":"WebPage","@id":"https:\/\/jackpotlotteryonline.com\/sv\/vinnande-nummer\/powerball-australia\/","url":"https:\/\/jackpotlotteryonline.com\/sv\/vinnande-nummer\/powerball-australia\/","name":"Powerball Australiens vinnande nummer och dragningsresultat","isPartOf":{"@id":"https:\/\/jackpotlotteryonline.com\/#website"},"primaryImageOfPage":{"@id":"https:\/\/jackpotlotteryonline.com\/sv\/vinnande-nummer\/powerball-australia\/#primaryimage"},"image":{"@id":"https:\/\/jackpotlotteryonline.com\/sv\/vinnande-nummer\/powerball-australia\/#primaryimage"},"thumbnailUrl":"https:\/\/jackpotlotteryonline.com\/wp-content\/uploads\/2022\/11\/logo_powerball-300x50-1.jpg","datePublished":"2022-12-09T13:06:53+00:00","dateModified":"2022-12-30T14:24:57+00:00","description":"Letar du efter de vinnande numren i Powerball Australia? Hitta dragningsresultaten f\u00f6r de australiska lotterierna p\u00e5 den h\u00e4r webbplatsen.","breadcrumb":{"@id":"https:\/\/jackpotlotteryonline.com\/sv\/vinnande-nummer\/powerball-australia\/#breadcrumb"},"inLanguage":"sv-SE","potentialAction":[{"@type":"ReadAction","target":["https:\/\/jackpotlotteryonline.com\/sv\/vinnande-nummer\/powerball-australia\/"]}]},{"@type":"ImageObject","inLanguage":"sv-SE","@id":"https:\/\/jackpotlotteryonline.com\/sv\/vinnande-nummer\/powerball-australia\/#primaryimage","url":"https:\/\/jackpotlotteryonline.com\/wp-content\/uploads\/2022\/11\/logo_powerball-300x50-1.jpg","contentUrl":"https:\/\/jackpotlotteryonline.com\/wp-content\/uploads\/2022\/11\/logo_powerball-300x50-1.jpg"},{"@type":"BreadcrumbList","@id":"https:\/\/jackpotlotteryonline.com\/sv\/vinnande-nummer\/powerball-australia\/#breadcrumb","itemListElement":[{"@type":"ListItem","position":1,"name":"Home","item":"https:\/\/jackpotlotteryonline.com\/sv\/"},{"@type":"ListItem","position":2,"name":"Lotterieresultat","item":"https:\/\/jackpotlotteryonline.com\/sv\/vinnande-nummer\/"},{"@type":"ListItem","position":3,"name":"Resultat av dragningen i Powerball Australien"}]},{"@type":"WebSite","@id":"https:\/\/jackpotlotteryonline.com\/#website","url":"https:\/\/jackpotlotteryonline.com\/","name":"Lotto Online - Crack The International Lottery Jackpots","description":"","potentialAction":[{"@type":"SearchAction","target":{"@type":"EntryPoint","urlTemplate":"https:\/\/jackpotlotteryonline.com\/?s={search_term_string}"},"query-input":"required name=search_term_string"}],"inLanguage":"sv-SE"}]}},"_links":{"self":[{"href":"https:\/\/jackpotlotteryonline.com\/sv\/wp-json\/wp\/v2\/pages\/41496","targetHints":{"allow":["GET"]}}],"collection":[{"href":"https:\/\/jackpotlotteryonline.com\/sv\/wp-json\/wp\/v2\/pages"}],"about":[{"href":"https:\/\/jackpotlotteryonline.com\/sv\/wp-json\/wp\/v2\/types\/page"}],"author":[{"embeddable":true,"href":"https:\/\/jackpotlotteryonline.com\/sv\/wp-json\/wp\/v2\/users\/1"}],"replies":[{"embeddable":true,"href":"https:\/\/jackpotlotteryonline.com\/sv\/wp-json\/wp\/v2\/comments?post=41496"}],"version-history":[{"count":0,"href":"https:\/\/jackpotlotteryonline.com\/sv\/wp-json\/wp\/v2\/pages\/41496\/revisions"}],"up":[{"embeddable":true,"href":"https:\/\/jackpotlotteryonline.com\/sv\/wp-json\/wp\/v2\/pages\/35858"}],"wp:attachment":[{"href":"https:\/\/jackpotlotteryonline.com\/sv\/wp-json\/wp\/v2\/media?parent=41496"}],"curies":[{"name":"wp","href":"https:\/\/api.w.org\/{rel}","templated":true}]}}