{"id":41551,"date":"2022-12-12T05:07:17","date_gmt":"2022-12-12T05:07:17","guid":{"rendered":"https:\/\/jackpotlotteryonline.com\/?page_id=41551"},"modified":"2022-12-29T18:25:11","modified_gmt":"2022-12-29T18:25:11","slug":"lotto-america","status":"publish","type":"page","link":"https:\/\/jackpotlotteryonline.com\/sv\/vinnande-nummer\/lotto-america\/","title":{"rendered":"Lotto America dragning resultat"},"content":{"rendered":"<p>Lotto America \u00e4r ett lotteri i USA som har gett m\u00e5nga miljon\u00e4rer. Sannolikheten att vinna p\u00e5 lotteriet \u00e4r fantastisk, vilket g\u00f6r det till ett attraktivt spel f\u00f6r lotterifantaster. Nu kan spelare \u00f6ver hela v\u00e4rlden <a href=\"https:\/\/jackpotlotteryonline.com\/sv\/kopa-biljetter\/lotto-america\">k\u00f6pa lotter till detta amerikanska lotteri online<\/a>. Inte bara det, utan de kan ocks\u00e5 kontrollera de vinnande numren f\u00f6r att uppt\u00e4cka om de har vunnit p\u00e5 lotteriet.<\/p>\n<p>Du kan k\u00f6pa biljetter till de b\u00e4sta internationella lotterierna p\u00e5 jackpotlotteryonline.com och kontrollera de vinnande numren h\u00e4r ocks\u00e5. Och om du undrar hur du f\u00e5r tillg\u00e5ng till dina vinster online, forts\u00e4tt l\u00e4sa. Vi kommer att dela alla detaljer med dig och det kommer snabbt att bli uppenbart att det \u00e4r b\u00e4st att spela online.<\/p>\n<h2>Spela Lotto America online<\/h2>\n<p><img loading=\"lazy\" decoding=\"async\" class=\"size-full wp-image-32081 alignright\" src=\"https:\/\/jackpotlotteryonline.com\/wp-content\/uploads\/2022\/11\/1_mega_lotto_win-213x300-1.jpg\" alt=\"Spela Lotto America online\" width=\"213\" height=\"300\" \/>Vi n\u00e4mnde att du kan spela det <a href=\"https:\/\/jackpotlotteryonline.com\/sv\/hur-man-spelar\/lotto-america\">h\u00e4r lotteriet online<\/a>, och det spelar ingen roll var du bor. Vanligtvis s\u00e4ljs lotterna i USA, men du kan ocks\u00e5 k\u00f6pa dem h\u00e4r p\u00e5 jackpotlotteryonline.com.<\/p>\n<p>Det finns andra sajter som s\u00e4ljer biljetter till lotteriet, men de l\u00e5ter bara spelarna satsa p\u00e5 resultatet av lotteriet. Det betyder att du inte f\u00e5r delta i lotteriet om du k\u00f6per en lott p\u00e5 den webbplatsen. S\u00e5 \u00e4ven om du matchar alla dragna nummer vinner du inte jackpotten. Att v\u00e4lja den webbplats du anv\u00e4nder \u00e4r allts\u00e5 mycket viktigt.<\/p>\n<h2>Stegen f\u00f6r att spela lotteri p\u00e5 n\u00e4tet<\/h2>\n<p>N\u00e4r du har best\u00e4mt dig f\u00f6r en webbplats f\u00f6ljer du stegen nedan:<\/p>\n<ol>\n<li>Bes\u00f6k den webbplats du vill anv\u00e4nda och klicka p\u00e5 Lotto America.<\/li>\n<li>V\u00e4lj 5 nummer fr\u00e5n 1 till 52 (om du \u00e4r os\u00e4ker p\u00e5 vilka nummer du ska anv\u00e4nda kan du prova den automatiska nummergeneratorn).<\/li>\n<li>V\u00e4lj sedan ett bonusnummer (Star Ball) fr\u00e5n 1 till 10.<\/li>\n<li>K\u00f6p ytterligare nummerrader f\u00f6r att f\u00e5 st\u00f6rre chans att vinna.<\/li>\n<li>Delta i dragningarna (du kan delta i mer \u00e4n en dragning).<\/li>\n<li>Registrera dig och betala f\u00f6r dina bidrag.<\/li>\n<\/ol>\n<p>Vi ber dig att registrera dig av flera sk\u00e4l. F\u00f6r det f\u00f6rsta vill vi se till att din digitala biljett \u00e4r s\u00e4ker. F\u00f6r det andra anv\u00e4nder vi ditt konto f\u00f6r att kontakta dig om du vinner n\u00e5got pris. Vi kommer att tala mer om detta senare.<\/p>\n<h2>Lotto America dragningsdagar och jackpot<\/h2>\n<p>Detta amerikanska lotteri har tre veckodragningar, m\u00e5ndag, onsdag och l\u00f6rdag. Under dragningarna tillk\u00e4nnages den vinnande lotten. F\u00f6r att vinna jackpotten m\u00e5ste din lott matcha de sex dragna numren.<\/p>\n<p>Lotto Americas jackpotvinster b\u00f6rjar p\u00e5 2 miljoner dollar och kan rullas \u00f6ver om det inte finns n\u00e5gon vinnare efter en dragning. Eftersom den rullar \u00f6ver efter varje dragning (om det inte finns n\u00e5gon vinnare) kan den bli s\u00e5 h\u00f6g som 18 miljoner dollar. Det \u00e4r v\u00e4l en rej\u00e4l summa att vinna, eller hur?<\/p>\n<p>Faktum \u00e4r att rekordjackpotten f\u00f6r Lotto America var 23 miljoner dollar och vanns av en familj 2018.<\/p>\n<section class=\"layout\" style=\"border: solid 1px; width: 100%;\">\n<div class=\"img-div\" style=\"margin-top: 5px;\"><img decoding=\"async\" class=\"wp-image-17212 alignleft\" style=\"height: 45px; margin: 8px 8px 0px;\" src=\"https:\/\/jackpotlotteryonline.com\/wp-content\/uploads\/2022\/11\/read1.jpg\" alt=\"L\u00e4s\" width=\"\" height=\"\" \/><\/div>\n<div style=\"padding-left: 5px;\">\n<div style=\"font-size: 1.1em;\">\n<p><strong>N\u00e5gra lottovinnare gav tillbaka till samh\u00e4llet<\/strong><\/p>\n<p style=\"font-size: 0.85em; margin-top: -1.5em;\">N\u00e5gra intressanta och hj\u00e4rtev\u00e4rmande ber\u00e4ttelser om lotterivinnare som ger tillbaka\u00a0 <a href=\"https:\/\/jackpotlotteryonline.com\/sv\/berattelser-om-lotterivinnare-som-ger-tillbaka\">L\u00e4s mer<\/a><\/p>\n<\/div>\n<\/div>\n<\/section>\n<h2>Priskategorier<\/h2>\n<p>Jackpotten \u00e4r f\u00f6rst\u00e5s det h\u00f6gsta priset i lotteriet. Men det h\u00e4r lotteriet har 9 olika priskategorier som ger spelarna m\u00f6jlighet att vinna intressanta priser.<\/p>\n<p>\u00c4ven om du inte vinner jackpotten kan du \u00e4nd\u00e5 g\u00e5 hem med en storvinst genom att matcha de vinnande numren f\u00f6r andra kategorier. H\u00e4r \u00e4r prisf\u00f6rdelningen tillsammans med oddsen f\u00f6r att vinna varje priskategori.<\/p>\n<p>Division 1: 5 + Star Ball &#8211; 1 p\u00e5 25 989 600 &#8211; Jackpot<\/p>\n<p>Division 2: 5 &#8211; 1 p\u00e5 2 887 733 &#8211; 20 000 dollar<\/p>\n<p>Division 3: 4 + Star Ball &#8211; 1 p\u00e5 110 594 &#8211; 1 000 dollar<\/p>\n<p>Huvudgrupp 4: 4 &#8211; 1 p\u00e5 12 288 &#8211; 100 dollar<\/p>\n<p>Huvudgrupp 5: 3 + Star Ball &#8211; 1 p\u00e5 2 404 &#8211; 20 dollar<\/p>\n<p>Huvudgrupp 6: 3 &#8211; 1 p\u00e5 267 &#8211; 5 dollar<\/p>\n<p>Huvudgrupp 7: 2 + Star Ball &#8211; 1 p\u00e5 160 &#8211; 5 dollar<\/p>\n<p>Huvudgrupp 8: 1 + Star Ball &#8211; 1 p\u00e5 29 &#8211; 2 dollar<\/p>\n<p>Huvudgrupp 9: 0 + Star Ball &#8211; 1 p\u00e5 17 &#8211; 2 dollar<\/p>\n<h2>S\u00e5 h\u00e4r kontrollerar du de vinnande numren<\/h2>\n<p><img loading=\"lazy\" decoding=\"async\" class=\"alignright size-full wp-image-31532\" src=\"https:\/\/jackpotlotteryonline.com\/wp-content\/uploads\/2022\/11\/lottoballs.jpg\" alt=\"Lotto America vinnande nummer\" width=\"245\" height=\"123\" \/>F\u00f6r att kontrollera om du har vunnit n\u00e5got pris \u00e4r det lika enkelt som att \u00e5terv\u00e4nda till den h\u00e4r sidan efter dragningarna. Efter varje dragning publicerar vi dragningsresultaten f\u00f6r varje priskategori. S\u00e5 du kan bekv\u00e4mt kolla v\u00e5r sida utan stress.<\/p>\n<p>Om du k\u00f6pte din lott fr\u00e5n oss har du dessutom registrerat dig hos oss. Det inneb\u00e4r att om du vinner ett pris kan vi meddela dig via ditt konto och \u00e4ven via e-post.<\/p>\n<p>Du beh\u00f6ver aldrig g\u00e5 miste om n\u00e5gon vinst n\u00e4r du k\u00f6per din lott fr\u00e5n oss.<\/p>\n<h2>Utbetalning av din vinst<\/h2>\n<p>En fr\u00e5ga som vi ofta h\u00f6r fr\u00e5n spelare \u00e4r hur de ska f\u00e5 tillg\u00e5ng till sina vinster n\u00e4r de deltar i Lotto America online. Om du k\u00f6per lotter via v\u00e5r webbplats erbjuder vi en enkel och problemfri metod f\u00f6r att h\u00e4mta ut dina vinster.<\/p>\n<p>Vinster som \u00e4r 2 500 euro kommer att krediteras ditt konto och sedan kan du ta ut dem utan extra kostnad. Medan st\u00f6rre vinster kr\u00e4ver ett n\u00e5got annorlunda f\u00f6rfarande. F\u00f6r st\u00f6rre vinster m\u00e5ste du kr\u00e4va vinsten fr\u00e5n lotterif\u00f6retaget. Vi kommer dock att tillhandah\u00e5lla ett kravformul\u00e4r som du kan fylla i och n\u00e4r du v\u00e4l gjort det, behandlar vi kravet \u00e5t dig.<\/p>\n<p>Anledningen till detta \u00e4r att du m\u00e5ste identifiera dig sj\u00e4lv. Dessutom kan vissa lotterif\u00f6retag kr\u00e4va att du dyker upp personligen f\u00f6r att h\u00e4mta ut st\u00f6rre summor. Om det h\u00e4nder kommer vi att meddela dig detta omedelbart.<\/p>\n<h2>K\u00f6p dina Lotto America-biljetter p\u00e5 jackpotlotteryonline.com<\/h2>\n<p>Det finns s\u00e5 m\u00e5nga anledningar till varf\u00f6r du ska k\u00f6pa dina Lotto America biljetter fr\u00e5n oss. F\u00f6rst och fr\u00e4mst \u00e4r vi en conciergesajt. Det betyder att du kan luta dig tillbaka och slappna av medan vi sk\u00f6ter de finare detaljerna \u00e5t dig. Vi hj\u00e4lper dig allts\u00e5 att f\u00e5 tillg\u00e5ng till internationella topplotterier som Lotto America.<\/p>\n<p>Men vi slutar inte d\u00e4r. Vi tillhandah\u00e5ller ocks\u00e5 ett system som hj\u00e4lper dig att hantera dina lotterispel. Du kan bokstavligen g\u00e5 in i flera lotterier och dragningar direkt fr\u00e5n v\u00e5r webbplats. Du beh\u00f6ver inte g\u00e5 n\u00e5gon annanstans. Dessutom erbjuder vi ett bekv\u00e4mt s\u00e4tt f\u00f6r dig att kontrollera Lotto America-resultaten, allt p\u00e5 ett och samma st\u00e4lle.<\/p>\n<p>Slutligen kan du enkelt kontrollera de vinnande numren och ta ut dina vinster fr\u00e5n v\u00e5r plattform direkt till ditt konto. Vi arbetar h\u00e5rt varje dag f\u00f6r att full\u00e4nda ett s\u00f6ml\u00f6st system f\u00f6r dig. L\u00e5t oss ta bort stressen s\u00e5 att du kan fokusera p\u00e5 det roliga. Registrera dig hos oss f\u00f6r att spela p\u00e5 lotteri idag.<\/p>\n","protected":false},"excerpt":{"rendered":"<p>Lotto America \u00e4r ett lotteri i USA som har gett m\u00e5nga miljon\u00e4rer. Sannolikheten att vinna p\u00e5 lotteriet \u00e4r fantastisk, vilket g\u00f6r det till ett attraktivt spel f\u00f6r lotterifantaster. Nu kan spelare \u00f6ver hela v\u00e4rlden k\u00f6pa lotter till detta amerikanska lotteri online. Inte bara det, utan de kan ocks\u00e5 kontrollera de vinnande numren f\u00f6r att uppt\u00e4cka [&hellip;]<\/p>\n","protected":false},"author":1,"featured_media":0,"parent":35858,"menu_order":13,"comment_status":"closed","ping_status":"closed","template":"lotto-america-results.php","meta":{"_et_pb_use_builder":"","_et_pb_old_content":"","_et_gb_content_width":"","exclude_from_search":false,"footnotes":""},"class_list":["post-41551","page","type-page","status-publish","hentry"],"yoast_head":"<!-- This site is optimized with the Yoast SEO plugin v23.3 - https:\/\/yoast.com\/wordpress\/plugins\/seo\/ -->\n<title>Lotto America vinnande nummer och dragningsresultat<\/title>\n<meta name=\"description\" content=\"Letar du efter de vinnande numren i Lotto America? Dragningsresultat f\u00f6r alla de stora amerikanska lotterierna hittar du p\u00e5 v\u00e5r webbplats!\" \/>\n<meta name=\"robots\" content=\"index, follow, max-snippet:-1, max-image-preview:large, max-video-preview:-1\" \/>\n<link rel=\"canonical\" href=\"https:\/\/jackpotlotteryonline.com\/sv\/vinnande-nummer\/lotto-america\/\" \/>\n<meta property=\"og:locale\" content=\"sv_SE\" \/>\n<meta property=\"og:type\" content=\"article\" \/>\n<meta property=\"og:title\" content=\"Lotto America vinnande nummer och dragningsresultat\" \/>\n<meta property=\"og:description\" content=\"Letar du efter de vinnande numren i Lotto America? Dragningsresultat f\u00f6r alla de stora amerikanska lotterierna hittar du p\u00e5 v\u00e5r webbplats!\" \/>\n<meta property=\"og:url\" content=\"https:\/\/jackpotlotteryonline.com\/sv\/vinnande-nummer\/lotto-america\/\" \/>\n<meta property=\"og:site_name\" content=\"Lotto Online - Crack The International Lottery Jackpots\" \/>\n<meta property=\"article:modified_time\" content=\"2022-12-29T18:25:11+00:00\" \/>\n<meta property=\"og:image\" content=\"https:\/\/jackpotlotteryonline.com\/wp-content\/uploads\/2022\/11\/1_mega_lotto_win-213x300-1.jpg\" \/>\n<meta name=\"twitter:card\" content=\"summary_large_image\" \/>\n<meta name=\"twitter:label1\" content=\"Ber\u00e4knad l\u00e4stid\" \/>\n\t<meta name=\"twitter:data1\" content=\"6 minuter\" \/>\n<!-- \/ Yoast SEO plugin. -->","yoast_head_json":{"title":"Lotto America vinnande nummer och dragningsresultat","description":"Letar du efter de vinnande numren i Lotto America? Dragningsresultat f\u00f6r alla de stora amerikanska lotterierna hittar du p\u00e5 v\u00e5r webbplats!","robots":{"index":"index","follow":"follow","max-snippet":"max-snippet:-1","max-image-preview":"max-image-preview:large","max-video-preview":"max-video-preview:-1"},"canonical":"https:\/\/jackpotlotteryonline.com\/sv\/vinnande-nummer\/lotto-america\/","og_locale":"sv_SE","og_type":"article","og_title":"Lotto America vinnande nummer och dragningsresultat","og_description":"Letar du efter de vinnande numren i Lotto America? Dragningsresultat f\u00f6r alla de stora amerikanska lotterierna hittar du p\u00e5 v\u00e5r webbplats!","og_url":"https:\/\/jackpotlotteryonline.com\/sv\/vinnande-nummer\/lotto-america\/","og_site_name":"Lotto Online - Crack The International Lottery Jackpots","article_modified_time":"2022-12-29T18:25:11+00:00","og_image":[{"url":"https:\/\/jackpotlotteryonline.com\/wp-content\/uploads\/2022\/11\/1_mega_lotto_win-213x300-1.jpg"}],"twitter_card":"summary_large_image","twitter_misc":{"Ber\u00e4knad l\u00e4stid":"6 minuter"},"schema":{"@context":"https:\/\/schema.org","@graph":[{"@type":"WebPage","@id":"https:\/\/jackpotlotteryonline.com\/sv\/vinnande-nummer\/lotto-america\/","url":"https:\/\/jackpotlotteryonline.com\/sv\/vinnande-nummer\/lotto-america\/","name":"Lotto America vinnande nummer och dragningsresultat","isPartOf":{"@id":"https:\/\/jackpotlotteryonline.com\/#website"},"primaryImageOfPage":{"@id":"https:\/\/jackpotlotteryonline.com\/sv\/vinnande-nummer\/lotto-america\/#primaryimage"},"image":{"@id":"https:\/\/jackpotlotteryonline.com\/sv\/vinnande-nummer\/lotto-america\/#primaryimage"},"thumbnailUrl":"https:\/\/jackpotlotteryonline.com\/wp-content\/uploads\/2022\/11\/1_mega_lotto_win-213x300-1.jpg","datePublished":"2022-12-12T05:07:17+00:00","dateModified":"2022-12-29T18:25:11+00:00","description":"Letar du efter de vinnande numren i Lotto America? Dragningsresultat f\u00f6r alla de stora amerikanska lotterierna hittar du p\u00e5 v\u00e5r webbplats!","breadcrumb":{"@id":"https:\/\/jackpotlotteryonline.com\/sv\/vinnande-nummer\/lotto-america\/#breadcrumb"},"inLanguage":"sv-SE","potentialAction":[{"@type":"ReadAction","target":["https:\/\/jackpotlotteryonline.com\/sv\/vinnande-nummer\/lotto-america\/"]}]},{"@type":"ImageObject","inLanguage":"sv-SE","@id":"https:\/\/jackpotlotteryonline.com\/sv\/vinnande-nummer\/lotto-america\/#primaryimage","url":"https:\/\/jackpotlotteryonline.com\/wp-content\/uploads\/2022\/11\/1_mega_lotto_win-213x300-1.jpg","contentUrl":"https:\/\/jackpotlotteryonline.com\/wp-content\/uploads\/2022\/11\/1_mega_lotto_win-213x300-1.jpg"},{"@type":"BreadcrumbList","@id":"https:\/\/jackpotlotteryonline.com\/sv\/vinnande-nummer\/lotto-america\/#breadcrumb","itemListElement":[{"@type":"ListItem","position":1,"name":"Home","item":"https:\/\/jackpotlotteryonline.com\/sv\/"},{"@type":"ListItem","position":2,"name":"Lotterieresultat","item":"https:\/\/jackpotlotteryonline.com\/sv\/vinnande-nummer\/"},{"@type":"ListItem","position":3,"name":"Lotto America dragning resultat"}]},{"@type":"WebSite","@id":"https:\/\/jackpotlotteryonline.com\/#website","url":"https:\/\/jackpotlotteryonline.com\/","name":"Lotto Online - Crack The International Lottery Jackpots","description":"","potentialAction":[{"@type":"SearchAction","target":{"@type":"EntryPoint","urlTemplate":"https:\/\/jackpotlotteryonline.com\/?s={search_term_string}"},"query-input":"required name=search_term_string"}],"inLanguage":"sv-SE"}]}},"_links":{"self":[{"href":"https:\/\/jackpotlotteryonline.com\/sv\/wp-json\/wp\/v2\/pages\/41551","targetHints":{"allow":["GET"]}}],"collection":[{"href":"https:\/\/jackpotlotteryonline.com\/sv\/wp-json\/wp\/v2\/pages"}],"about":[{"href":"https:\/\/jackpotlotteryonline.com\/sv\/wp-json\/wp\/v2\/types\/page"}],"author":[{"embeddable":true,"href":"https:\/\/jackpotlotteryonline.com\/sv\/wp-json\/wp\/v2\/users\/1"}],"replies":[{"embeddable":true,"href":"https:\/\/jackpotlotteryonline.com\/sv\/wp-json\/wp\/v2\/comments?post=41551"}],"version-history":[{"count":0,"href":"https:\/\/jackpotlotteryonline.com\/sv\/wp-json\/wp\/v2\/pages\/41551\/revisions"}],"up":[{"embeddable":true,"href":"https:\/\/jackpotlotteryonline.com\/sv\/wp-json\/wp\/v2\/pages\/35858"}],"wp:attachment":[{"href":"https:\/\/jackpotlotteryonline.com\/sv\/wp-json\/wp\/v2\/media?parent=41551"}],"curies":[{"name":"wp","href":"https:\/\/api.w.org\/{rel}","templated":true}]}}