{"id":72979,"date":"2025-02-02T17:47:31","date_gmt":"2025-02-02T17:47:31","guid":{"rendered":"https:\/\/jackpotlotteryonline.com\/?page_id=72979"},"modified":"2025-02-02T17:47:31","modified_gmt":"2025-02-02T17:47:31","slug":"sekretesspolicy","status":"publish","type":"page","link":"https:\/\/jackpotlotteryonline.com\/sv\/sekretesspolicy\/","title":{"rendered":"Sekretesspolicy"},"content":{"rendered":"<p>Den h\u00e4r sekretesspolicyn g\u00e4ller f\u00f6r webbplatsen Playlottoonline (h\u00e4danefter &#8220;Policyn&#8221;) och hanteras av LLL World Marketing Limited, med kontor p\u00e5 Peiraios 30, f\u00f6rsta v\u00e5ningen, kontor 1, 2023 Strovolos, Nicosia, Cypern. Genom att anv\u00e4nda denna webbplats godk\u00e4nner du denna sekretesspolicy och de relaterade anv\u00e4ndarvillkoren.<\/p>\n<h3><strong>Vilka uppgifter samlar vi in?<\/strong><\/h3>\n<h4><strong>Uppgifter som du tillhandah\u00e5ller<\/strong><\/h4>\n<p>N\u00e4r du registrerar dig p\u00e5 webbplatsen ombeds du ange en e-postadress som anv\u00e4nds f\u00f6r att unikt identifiera ditt konto och aktivera det vid behov. E-postadressen kommer ocks\u00e5 att anv\u00e4ndas f\u00f6r att \u00e5terst\u00e4lla ditt l\u00f6senord.<\/p>\n<p>E-postadress och telefonnummer kan anv\u00e4ndas f\u00f6r att skicka meddelanden om webbplatsens funktion (som juridiska meddelanden), information om uppdateringar p\u00e5 webbplatsen, erbjudna produkter och tj\u00e4nster, samt f\u00f6r marknadsf\u00f6rings\u00e4ndam\u00e5l (inklusive tredjepartsmeddelanden, h\u00e4danefter &#8220;Meddelanden&#8221;). Du kan n\u00e4r som helst avb\u00f6ja att ta emot marknadsf\u00f6ringsmeddelanden genom att klicka p\u00e5 avregistreringsl\u00e4nken i e-posten eller kontakta oss via e-post, telefon eller kontaktformul\u00e4r.<\/p>\n<p>Efter registrering kan du fylla i din profil med namn, efternamn, adress, f\u00f6delsedatum, telefonnummer och tidszon. Denna information anv\u00e4nds f\u00f6r att behandla ins\u00e4ttningar, uttag, anpassa webbplatsen (inklusive meddelanden) och bearbeta vinster \u00f6ver 2500 USD, som beskrivs i punkt 3.5 i anv\u00e4ndarvillkoren.<\/p>\n<p>Dessutom kan vi lagra information som du frivilligt tillhandah\u00e5ller via kontaktformul\u00e4r, telefonsamtal, e-post, sociala medieinteraktioner som Facebook, Twitter eller andra medier. Denna information kan inkludera namn, e-postadress, telefonnummer och fysisk adress. Namn och e-postadress kr\u00e4vs f\u00f6r att kunna svara p\u00e5 kontaktformul\u00e4ret.<\/p>\n<h4><strong>Uppgifter som samlas automatiskt<\/strong><\/h4>\n<p>N\u00e4r du anv\u00e4nder webbplatsen samlar vi automatiskt in viss information f\u00f6r att aktivera grundl\u00e4ggande funktioner, anpassa webbplatsen (inklusive meddelanden), \u00f6vervaka webbplatsens anv\u00e4ndning och s\u00e4kerst\u00e4lla s\u00e4kerheten. Denna information inkluderar:<\/p>\n<ul>\n<li>IP-adress;<\/li>\n<li>HTTP-header som skickas av din webbl\u00e4sare (som &#8220;User-Agent&#8221;, &#8220;Accept-Language&#8221;, &#8220;Referer&#8221;), som inneh\u00e5ller information om webbl\u00e4sartyp och version, operativsystem, spr\u00e5k, operativsystemtyp och version, samt URL f\u00f6r sidan fr\u00e5n vilken beg\u00e4ran skickades;<\/li>\n<li>Tidsst\u00e4mpel;<\/li>\n<li>HTTP-f\u00f6rfr\u00e5gningar;<\/li>\n<li>Cookies lagrade p\u00e5 playlottoonline.org-dom\u00e4nen eller dess underdom\u00e4ner.<\/li>\n<\/ul>\n<p>Din IP-adress kan anv\u00e4ndas f\u00f6r att best\u00e4mma din faktiska plats, vilket hj\u00e4lper oss att f\u00f6rb\u00e4ttra v\u00e5r tj\u00e4nst och anpassa webbplatsen (inklusive meddelanden).<\/p>\n<p>Vidare anv\u00e4nder webbplatsen cachelagring i din webbl\u00e4sare f\u00f6r att snabbt ladda webbplatsen och f\u00f6rb\u00e4ttra anv\u00e4ndarupplevelsen genom att lagra data mellan sessioner, \u00e4ven efter att webbl\u00e4saren har startats om.<\/p>\n<h4><strong>Tj\u00e4nster fr\u00e5n tredje part<\/strong><\/h4>\n<h5><strong>Analyser, reklam och s\u00e4kerhet<\/strong><\/h5>\n<p>F\u00f6r att s\u00e4kerst\u00e4lla webbplatsens funktionalitet, \u00f6vervaka och analysera data om dess prestanda, anv\u00e4nder vi tj\u00e4nster fr\u00e5n tredje part, inklusive:<\/p>\n<ul>\n<li><strong>Google Analytics<\/strong>: f\u00f6r att sp\u00e5ra webbplatstrafik och analysera webbplatsens prestanda;<\/li>\n<li><strong>Google reCAPTCHA<\/strong>: f\u00f6r att f\u00f6rb\u00e4ttra s\u00e4kerheten och skydda mot automatiserade attacker;<\/li>\n<li><strong>Facebook Pixel<\/strong>: f\u00f6r att sp\u00e5ra trafik och optimera annonseringskampanjer.<\/li>\n<\/ul>\n<p>Dessa tj\u00e4nster samlar in och anv\u00e4nder data enligt deras egna sekretesspolicyer. F\u00f6r mer information om hur Google samlar in och behandlar data, v\u00e4nligen l\u00e4s deras\u00a0<strong>Google Privacy Policy<\/strong>. Information om data som samlas in av Facebook finns i\u00a0<strong>Facebook Privacy Policy<\/strong>.<\/p>\n","protected":false},"excerpt":{"rendered":"<p>Den h\u00e4r sekretesspolicyn g\u00e4ller f\u00f6r webbplatsen Playlottoonline (h\u00e4danefter &#8220;Policyn&#8221;) och hanteras av LLL World Marketing Limited, med kontor p\u00e5 Peiraios 30, f\u00f6rsta v\u00e5ningen, kontor 1, 2023 Strovolos, Nicosia, Cypern. Genom att anv\u00e4nda denna webbplats godk\u00e4nner du denna sekretesspolicy och de relaterade anv\u00e4ndarvillkoren. Vilka uppgifter samlar vi in? Uppgifter som du tillhandah\u00e5ller N\u00e4r du registrerar dig [&hellip;]<\/p>\n","protected":false},"author":7,"featured_media":0,"parent":0,"menu_order":0,"comment_status":"closed","ping_status":"closed","template":"","meta":{"_et_pb_use_builder":"","_et_pb_old_content":"","_et_gb_content_width":"","exclude_from_search":false,"footnotes":""},"class_list":["post-72979","page","type-page","status-publish","hentry"],"yoast_head":"<!-- This site is optimized with the Yoast SEO plugin v23.3 - https:\/\/yoast.com\/wordpress\/plugins\/seo\/ -->\n<title>Sekretesspolicy - Lotto Online - Crack The International Lottery Jackpots<\/title>\n<meta name=\"robots\" content=\"index, follow, max-snippet:-1, max-image-preview:large, max-video-preview:-1\" \/>\n<link rel=\"canonical\" href=\"https:\/\/jackpotlotteryonline.com\/privacy-policy-2\/\" \/>\n<meta property=\"og:locale\" content=\"sv_SE\" \/>\n<meta property=\"og:type\" content=\"article\" \/>\n<meta property=\"og:title\" content=\"Sekretesspolicy - Lotto Online - Crack The International Lottery Jackpots\" \/>\n<meta property=\"og:description\" content=\"Den h\u00e4r sekretesspolicyn g\u00e4ller f\u00f6r webbplatsen Playlottoonline (h\u00e4danefter &#8220;Policyn&#8221;) och hanteras av LLL World Marketing Limited, med kontor p\u00e5 Peiraios 30, f\u00f6rsta v\u00e5ningen, kontor 1, 2023 Strovolos, Nicosia, Cypern. Genom att anv\u00e4nda denna webbplats godk\u00e4nner du denna sekretesspolicy och de relaterade anv\u00e4ndarvillkoren. Vilka uppgifter samlar vi in? Uppgifter som du tillhandah\u00e5ller N\u00e4r du registrerar dig [&hellip;]\" \/>\n<meta property=\"og:url\" content=\"https:\/\/jackpotlotteryonline.com\/privacy-policy-2\/\" \/>\n<meta property=\"og:site_name\" content=\"Lotto Online - Crack The International Lottery Jackpots\" \/>\n<meta name=\"twitter:card\" content=\"summary_large_image\" \/>\n<meta name=\"twitter:label1\" content=\"Ber\u00e4knad l\u00e4stid\" \/>\n\t<meta name=\"twitter:data1\" content=\"2 minuter\" \/>\n<!-- \/ Yoast SEO plugin. -->","yoast_head_json":{"title":"Sekretesspolicy - Lotto Online - Crack The International Lottery Jackpots","robots":{"index":"index","follow":"follow","max-snippet":"max-snippet:-1","max-image-preview":"max-image-preview:large","max-video-preview":"max-video-preview:-1"},"canonical":"https:\/\/jackpotlotteryonline.com\/privacy-policy-2\/","og_locale":"sv_SE","og_type":"article","og_title":"Sekretesspolicy - Lotto Online - Crack The International Lottery Jackpots","og_description":"Den h\u00e4r sekretesspolicyn g\u00e4ller f\u00f6r webbplatsen Playlottoonline (h\u00e4danefter &#8220;Policyn&#8221;) och hanteras av LLL World Marketing Limited, med kontor p\u00e5 Peiraios 30, f\u00f6rsta v\u00e5ningen, kontor 1, 2023 Strovolos, Nicosia, Cypern. Genom att anv\u00e4nda denna webbplats godk\u00e4nner du denna sekretesspolicy och de relaterade anv\u00e4ndarvillkoren. Vilka uppgifter samlar vi in? Uppgifter som du tillhandah\u00e5ller N\u00e4r du registrerar dig [&hellip;]","og_url":"https:\/\/jackpotlotteryonline.com\/privacy-policy-2\/","og_site_name":"Lotto Online - Crack The International Lottery Jackpots","twitter_card":"summary_large_image","twitter_misc":{"Ber\u00e4knad l\u00e4stid":"2 minuter"},"schema":{"@context":"https:\/\/schema.org","@graph":[{"@type":"WebPage","@id":"https:\/\/jackpotlotteryonline.com\/privacy-policy-2\/","url":"https:\/\/jackpotlotteryonline.com\/privacy-policy-2\/","name":"Sekretesspolicy - Lotto Online - Crack The International Lottery Jackpots","isPartOf":{"@id":"https:\/\/jackpotlotteryonline.com\/#website"},"datePublished":"2025-02-02T17:47:31+00:00","dateModified":"2025-02-02T17:47:31+00:00","breadcrumb":{"@id":"https:\/\/jackpotlotteryonline.com\/privacy-policy-2\/#breadcrumb"},"inLanguage":"sv-SE","potentialAction":[{"@type":"ReadAction","target":["https:\/\/jackpotlotteryonline.com\/privacy-policy-2\/"]}]},{"@type":"BreadcrumbList","@id":"https:\/\/jackpotlotteryonline.com\/privacy-policy-2\/#breadcrumb","itemListElement":[{"@type":"ListItem","position":1,"name":"Home","item":"https:\/\/jackpotlotteryonline.com\/sv\/"},{"@type":"ListItem","position":2,"name":"Sekretesspolicy"}]},{"@type":"WebSite","@id":"https:\/\/jackpotlotteryonline.com\/#website","url":"https:\/\/jackpotlotteryonline.com\/","name":"Lotto Online - Crack The International Lottery Jackpots","description":"","potentialAction":[{"@type":"SearchAction","target":{"@type":"EntryPoint","urlTemplate":"https:\/\/jackpotlotteryonline.com\/?s={search_term_string}"},"query-input":"required name=search_term_string"}],"inLanguage":"sv-SE"}]}},"_links":{"self":[{"href":"https:\/\/jackpotlotteryonline.com\/sv\/wp-json\/wp\/v2\/pages\/72979","targetHints":{"allow":["GET"]}}],"collection":[{"href":"https:\/\/jackpotlotteryonline.com\/sv\/wp-json\/wp\/v2\/pages"}],"about":[{"href":"https:\/\/jackpotlotteryonline.com\/sv\/wp-json\/wp\/v2\/types\/page"}],"author":[{"embeddable":true,"href":"https:\/\/jackpotlotteryonline.com\/sv\/wp-json\/wp\/v2\/users\/7"}],"replies":[{"embeddable":true,"href":"https:\/\/jackpotlotteryonline.com\/sv\/wp-json\/wp\/v2\/comments?post=72979"}],"version-history":[{"count":0,"href":"https:\/\/jackpotlotteryonline.com\/sv\/wp-json\/wp\/v2\/pages\/72979\/revisions"}],"wp:attachment":[{"href":"https:\/\/jackpotlotteryonline.com\/sv\/wp-json\/wp\/v2\/media?parent=72979"}],"curies":[{"name":"wp","href":"https:\/\/api.w.org\/{rel}","templated":true}]}}