{"id":73044,"date":"2025-02-02T18:50:47","date_gmt":"2025-02-02T18:50:47","guid":{"rendered":"https:\/\/jackpotlotteryonline.com\/?page_id=73044"},"modified":"2025-02-02T18:50:47","modified_gmt":"2025-02-02T18:50:47","slug":"villkor-och-bestammelser","status":"publish","type":"page","link":"https:\/\/jackpotlotteryonline.com\/sv\/villkor-och-bestammelser\/","title":{"rendered":"Villkor och best\u00e4mmelser"},"content":{"rendered":"<p>Villkoren f\u00f6r Jackpot Lottery Online (nedan kallade anv\u00e4ndarvillkoren) g\u00e4ller f\u00f6r webbplatsen jackpotlotteryonline.com (nedan kallad webbplatsen) som drivs av LLL World Marketing Limited, Peiraios 30, 1:a v\u00e5ningen, kontor 1, 2023 Strovolos, Nicosia &#8211; Cypern.<\/p>\n<p>Genom att antingen visa, surfa p\u00e5 eller anv\u00e4nda webbplatsen jackpotlotteryonline.com p\u00e5 n\u00e5got s\u00e4tt, \u00e4r spelaren f\u00f6rem\u00e5l f\u00f6r f\u00f6ljande anv\u00e4ndarvillkor samt v\u00e5r integritetspolicy. Om spelaren inte samtycker till n\u00e5gon av dem ber vi spelaren att sluta anv\u00e4nda jackpotlotteryonline.com.<\/p>\n<p>F\u00f6r eventuella fr\u00e5gor ang\u00e5ende v\u00e5ra anv\u00e4ndarvillkor eller v\u00e5r sekretesspolicy, kontakta oss via v\u00e5rt kontaktformul\u00e4r.<\/p>\n<p>Dessa Anv\u00e4ndarvillkor regleras av Cyperns lagar.<\/p>\n<p>1. Definitioner<br \/>\nLotteri &#8211; Ett nummerspel inom vilket en dragning \u00e4ger rum.<br \/>\nDragning &#8211; En dragning av ett specificerat antal nummer fr\u00e5n specificerade intervall av standardnummer eller standard- och bonusnummer inom ett visst lotteri. Dragningar \u00e4ger rum upprepade g\u00e5nger p\u00e5 s\u00e5dana dagar och timmar som fastst\u00e4llts av operat\u00f6ren av ett visst lotteri.<br \/>\nOperat\u00f6r &#8211; Den enhet som organiserar dragningen i ett visst lotteri.<br \/>\nSpelare &#8211; En person som deltar i ett av de lotterier som erbjuds p\u00e5 jackpotlotteryonline.com.<br \/>\nLott &#8211; En elektronisk lott f\u00f6r en dragning som spelaren v\u00e4ljer f\u00f6r ett visst lotteri och som inneh\u00e5ller en eller flera rader.<br \/>\nLinje &#8211; En enda upps\u00e4ttning nummer som spelaren valde f\u00f6r en viss lotteriteckning. Beroende p\u00e5 lotteriet kan det inneh\u00e5lla ett annat belopp och\/eller en annan pool (med ett annat intervall) f\u00f6r standard- och bonusnummer (om de finns).<br \/>\nVinst &#8211; Det belopp som vinns om en rad som skapats av en spelare matchar en f\u00f6rdefinierad upps\u00e4ttning nummer som dras i en dragning som den biljett som inneh\u00e5ller raden k\u00f6ptes f\u00f6r.<br \/>\nIns\u00e4ttning &#8211; Medel som s\u00e4tts in p\u00e5 en spelares konto f\u00f6r att senare anv\u00e4ndas f\u00f6r att k\u00f6pa biljetter.<br \/>\nKonto &#8211; Spelarens anv\u00e4ndarkonto, som har tilldelats spelarens medel, k\u00f6pta biljetter och spelardata.<br \/>\n2. Allm\u00e4n information<br \/>\n2.1 Webbplatsen jackpotlotteryonline.com ger tillg\u00e5ng till lotterierna via en onlineplattform.<br \/>\n2.2 Spelare m\u00e5ste vara minst 18 \u00e5r gamla f\u00f6r att anv\u00e4nda webbplatsen.<br \/>\n2.3 Det \u00e4r spelarens ansvar att kontrollera om deltagande i onlinelotterier \u00e4r lagligt enligt deras jurisdiktion.<br \/>\n2.4 F\u00f6retaget LLL World Marketing Limited \u00e4r inte en officiell lotterioperat\u00f6r. De tj\u00e4nster som tillhandah\u00e5lls \u00e4r relaterade till \u00e5tkomst till lotter.<\/p>\n<p>3. Anv\u00e4ndarkonto<br \/>\n3.1 Spelare m\u00e5ste registrera ett konto p\u00e5 jackpotlotteryonline.com f\u00f6r att k\u00f6pa lotter.<br \/>\n3.2 Personuppgifter som tillhandah\u00e5lls under registreringen m\u00e5ste vara korrekta. All falsk eller vilseledande information kan leda till att kontot st\u00e4ngs av eller avslutas.<br \/>\n3.3 Spelare \u00e4r ansvariga f\u00f6r att uppr\u00e4tth\u00e5lla sekretessen f\u00f6r sina inloggningsuppgifter. F\u00f6retaget ansvarar inte f\u00f6r obeh\u00f6rig \u00e5tkomst p\u00e5 grund av v\u00e5rdsl\u00f6shet.<\/p>\n<p>4. Ins\u00e4ttningar och betalningar<br \/>\n4.1 Ins\u00e4ttningar kan g\u00f6ras via de betalningsmetoder som finns tillg\u00e4ngliga p\u00e5 jackpotlotteryonline.com.<br \/>\n4.2 Spelare \u00e4r ansvariga f\u00f6r att se till att de har tillr\u00e4ckliga medel p\u00e5 sitt konto f\u00f6r att k\u00f6pa biljetter.<br \/>\n4.3 Alla betalningar behandlas p\u00e5 ett s\u00e4kert s\u00e4tt. F\u00f6retaget f\u00f6rbeh\u00e5ller sig r\u00e4tten att beg\u00e4ra ytterligare verifiering om det beh\u00f6vs.<\/p>\n<p>5. K\u00f6p av biljetter<br \/>\n5.1 Spelare kan k\u00f6pa biljetter till olika lotterier som erbjuds p\u00e5 jackpotlotteryonline.com.<br \/>\n5.2 Biljetter anses endast giltiga efter framg\u00e5ngsrik betalningsbekr\u00e4ftelse.<\/p>\n<p>6. Vinster<br \/>\n6.1 Vinster ber\u00e4knas baserat p\u00e5 matchningen mellan spelarens valda nummer och de nummer som dras av den officiella lotterioperat\u00f6ren.<br \/>\n6.2 F\u00f6retaget kommer att g\u00f6ra allt f\u00f6r att distribuera vinster till spelaren omedelbart.<br \/>\n6.3 Stora vinster kan kr\u00e4va ytterligare identitetsverifiering innan de sl\u00e4pps till spelaren.<\/p>\n<p>7. Begr\u00e4nsning av ansvar<br \/>\n7.1 F\u00f6retaget ansvarar inte f\u00f6r n\u00e5gra tekniska fel eller st\u00f6rningar som kan uppst\u00e5 n\u00e4r du anv\u00e4nder jackpotlotteryonline.com.<br \/>\n7.2 Under inga omst\u00e4ndigheter ska f\u00f6retaget h\u00e5llas ansvarigt f\u00f6r indirekta, tillf\u00e4lliga eller f\u00f6ljdskador som uppst\u00e5r till f\u00f6ljd av anv\u00e4ndningen av webbplatsen.<\/p>\n<p>8. Upps\u00e4gning<br \/>\n8.1 F\u00f6retaget f\u00f6rbeh\u00e5ller sig r\u00e4tten att s\u00e4ga upp eller st\u00e4nga av spelarens konto f\u00f6r brott mot anv\u00e4ndarvillkoren.<br \/>\n8.2 Spelare kan n\u00e4r som helst beg\u00e4ra att kontot st\u00e4ngs genom att kontakta support via kontaktformul\u00e4ret.<\/p>\n<p>9. G\u00e4llande lag<br \/>\n9.1 Dessa anv\u00e4ndarvillkor ska styras och tolkas i enlighet med Cyperns lagar.<\/p>\n<p>Genom att anv\u00e4nda jackpotlotteryonline.com samtycker spelaren till att f\u00f6lja alla ovanst\u00e5ende anv\u00e4ndarvillkor.<\/p>\n","protected":false},"excerpt":{"rendered":"<p>Villkoren f\u00f6r Jackpot Lottery Online (nedan kallade anv\u00e4ndarvillkoren) g\u00e4ller f\u00f6r webbplatsen jackpotlotteryonline.com (nedan kallad webbplatsen) som drivs av LLL World Marketing Limited, Peiraios 30, 1:a v\u00e5ningen, kontor 1, 2023 Strovolos, Nicosia &#8211; Cypern. Genom att antingen visa, surfa p\u00e5 eller anv\u00e4nda webbplatsen jackpotlotteryonline.com p\u00e5 n\u00e5got s\u00e4tt, \u00e4r spelaren f\u00f6rem\u00e5l f\u00f6r f\u00f6ljande anv\u00e4ndarvillkor samt v\u00e5r integritetspolicy. [&hellip;]<\/p>\n","protected":false},"author":7,"featured_media":0,"parent":0,"menu_order":0,"comment_status":"closed","ping_status":"closed","template":"","meta":{"_et_pb_use_builder":"","_et_pb_old_content":"","_et_gb_content_width":"","exclude_from_search":false,"footnotes":""},"class_list":["post-73044","page","type-page","status-publish","hentry"],"yoast_head":"<!-- This site is optimized with the Yoast SEO plugin v23.3 - https:\/\/yoast.com\/wordpress\/plugins\/seo\/ -->\n<title>Villkor och best\u00e4mmelser - Lotto Online - Crack The International Lottery Jackpots<\/title>\n<meta name=\"robots\" content=\"index, follow, max-snippet:-1, max-image-preview:large, max-video-preview:-1\" \/>\n<link rel=\"canonical\" href=\"https:\/\/jackpotlotteryonline.com\/sv\/villkor-och-bestammelser\/\" \/>\n<meta property=\"og:locale\" content=\"sv_SE\" \/>\n<meta property=\"og:type\" content=\"article\" \/>\n<meta property=\"og:title\" content=\"Villkor och best\u00e4mmelser - Lotto Online - Crack The International Lottery Jackpots\" \/>\n<meta property=\"og:description\" content=\"Villkoren f\u00f6r Jackpot Lottery Online (nedan kallade anv\u00e4ndarvillkoren) g\u00e4ller f\u00f6r webbplatsen jackpotlotteryonline.com (nedan kallad webbplatsen) som drivs av LLL World Marketing Limited, Peiraios 30, 1:a v\u00e5ningen, kontor 1, 2023 Strovolos, Nicosia &#8211; Cypern. Genom att antingen visa, surfa p\u00e5 eller anv\u00e4nda webbplatsen jackpotlotteryonline.com p\u00e5 n\u00e5got s\u00e4tt, \u00e4r spelaren f\u00f6rem\u00e5l f\u00f6r f\u00f6ljande anv\u00e4ndarvillkor samt v\u00e5r integritetspolicy. [&hellip;]\" \/>\n<meta property=\"og:url\" content=\"https:\/\/jackpotlotteryonline.com\/sv\/villkor-och-bestammelser\/\" \/>\n<meta property=\"og:site_name\" content=\"Lotto Online - Crack The International Lottery Jackpots\" \/>\n<meta name=\"twitter:card\" content=\"summary_large_image\" \/>\n<meta name=\"twitter:label1\" content=\"Ber\u00e4knad l\u00e4stid\" \/>\n\t<meta name=\"twitter:data1\" content=\"3 minuter\" \/>\n<!-- \/ Yoast SEO plugin. -->","yoast_head_json":{"title":"Villkor och best\u00e4mmelser - Lotto Online - Crack The International Lottery Jackpots","robots":{"index":"index","follow":"follow","max-snippet":"max-snippet:-1","max-image-preview":"max-image-preview:large","max-video-preview":"max-video-preview:-1"},"canonical":"https:\/\/jackpotlotteryonline.com\/sv\/villkor-och-bestammelser\/","og_locale":"sv_SE","og_type":"article","og_title":"Villkor och best\u00e4mmelser - Lotto Online - Crack The International Lottery Jackpots","og_description":"Villkoren f\u00f6r Jackpot Lottery Online (nedan kallade anv\u00e4ndarvillkoren) g\u00e4ller f\u00f6r webbplatsen jackpotlotteryonline.com (nedan kallad webbplatsen) som drivs av LLL World Marketing Limited, Peiraios 30, 1:a v\u00e5ningen, kontor 1, 2023 Strovolos, Nicosia &#8211; Cypern. Genom att antingen visa, surfa p\u00e5 eller anv\u00e4nda webbplatsen jackpotlotteryonline.com p\u00e5 n\u00e5got s\u00e4tt, \u00e4r spelaren f\u00f6rem\u00e5l f\u00f6r f\u00f6ljande anv\u00e4ndarvillkor samt v\u00e5r integritetspolicy. [&hellip;]","og_url":"https:\/\/jackpotlotteryonline.com\/sv\/villkor-och-bestammelser\/","og_site_name":"Lotto Online - Crack The International Lottery Jackpots","twitter_card":"summary_large_image","twitter_misc":{"Ber\u00e4knad l\u00e4stid":"3 minuter"},"schema":{"@context":"https:\/\/schema.org","@graph":[{"@type":"WebPage","@id":"https:\/\/jackpotlotteryonline.com\/sv\/villkor-och-bestammelser\/","url":"https:\/\/jackpotlotteryonline.com\/sv\/villkor-och-bestammelser\/","name":"Villkor och best\u00e4mmelser - Lotto Online - Crack The International Lottery Jackpots","isPartOf":{"@id":"https:\/\/jackpotlotteryonline.com\/#website"},"datePublished":"2025-02-02T18:50:47+00:00","dateModified":"2025-02-02T18:50:47+00:00","breadcrumb":{"@id":"https:\/\/jackpotlotteryonline.com\/sv\/villkor-och-bestammelser\/#breadcrumb"},"inLanguage":"sv-SE","potentialAction":[{"@type":"ReadAction","target":["https:\/\/jackpotlotteryonline.com\/sv\/villkor-och-bestammelser\/"]}]},{"@type":"BreadcrumbList","@id":"https:\/\/jackpotlotteryonline.com\/sv\/villkor-och-bestammelser\/#breadcrumb","itemListElement":[{"@type":"ListItem","position":1,"name":"Home","item":"https:\/\/jackpotlotteryonline.com\/sv\/"},{"@type":"ListItem","position":2,"name":"Villkor och best\u00e4mmelser"}]},{"@type":"WebSite","@id":"https:\/\/jackpotlotteryonline.com\/#website","url":"https:\/\/jackpotlotteryonline.com\/","name":"Lotto Online - Crack The International Lottery Jackpots","description":"","potentialAction":[{"@type":"SearchAction","target":{"@type":"EntryPoint","urlTemplate":"https:\/\/jackpotlotteryonline.com\/?s={search_term_string}"},"query-input":"required name=search_term_string"}],"inLanguage":"sv-SE"}]}},"_links":{"self":[{"href":"https:\/\/jackpotlotteryonline.com\/sv\/wp-json\/wp\/v2\/pages\/73044","targetHints":{"allow":["GET"]}}],"collection":[{"href":"https:\/\/jackpotlotteryonline.com\/sv\/wp-json\/wp\/v2\/pages"}],"about":[{"href":"https:\/\/jackpotlotteryonline.com\/sv\/wp-json\/wp\/v2\/types\/page"}],"author":[{"embeddable":true,"href":"https:\/\/jackpotlotteryonline.com\/sv\/wp-json\/wp\/v2\/users\/7"}],"replies":[{"embeddable":true,"href":"https:\/\/jackpotlotteryonline.com\/sv\/wp-json\/wp\/v2\/comments?post=73044"}],"version-history":[{"count":0,"href":"https:\/\/jackpotlotteryonline.com\/sv\/wp-json\/wp\/v2\/pages\/73044\/revisions"}],"wp:attachment":[{"href":"https:\/\/jackpotlotteryonline.com\/sv\/wp-json\/wp\/v2\/media?parent=73044"}],"curies":[{"name":"wp","href":"https:\/\/api.w.org\/{rel}","templated":true}]}}