{"id":77646,"date":"2025-03-21T17:56:28","date_gmt":"2025-03-21T17:56:28","guid":{"rendered":"https:\/\/jackpotlotteryonline.com\/?page_id=77646"},"modified":"2025-03-21T17:58:56","modified_gmt":"2025-03-21T17:58:56","slug":"unaweza-kununua-wapi-tikiti-za-bahati-nasibu-ya-new-york-nje-ya-usa","status":"publish","type":"page","link":"https:\/\/jackpotlotteryonline.com\/sv\/kopa-biljetter\/unaweza-kununua-wapi-tikiti-za-bahati-nasibu-ya-new-york-nje-ya-usa\/","title":{"rendered":"Var kan man k\u00f6pa New York-lotteribiljetter utanf\u00f6r USA?"},"content":{"rendered":"<p>Dessa New York-jackpottar \u00e4r helt enorma \u2013 de \u00e4r praktiskt taget legendariska. M\u00e4nniskor \u00f6ver hela v\u00e4rlden jagar dem! Hur \u00e4r det med m\u00e4nniskor som inte \u00e4r i USA? Kan du k\u00f6pa New York Lottery lotter fr\u00e5n utanf\u00f6r USA Absolut! Gissa vad? JackpotLottery l\u00e5ter dig f\u00e5 tag i riktiga New York Lottery-biljetter online, som fr\u00e5n var som helst p\u00e5 planeten!<\/p>\n<h2>Kan du k\u00f6pa New York-lotteribiljetter utanf\u00f6r USA?<\/h2>\n<p>Totalt! S\u00e5 \u00e4ven om du inte \u00e4r i New York eller ens Amerika, kan du fortfarande delta i New York Lottery. Med JackpotLottery kan internationella spelare s\u00e4kert k\u00f6pa lotter var som helst. Detta j\u00e4mnar ut spelplanen, vilket ger dig identiska chanser att vinna som om du k\u00f6pte en biljett personligen. I grund och botten l\u00e5ter JackpotLottery n\u00e5gon k\u00f6pa din lott \u00e5t dig, som en personlig lotterishoppare. Du kommer att f\u00e5 en skannad kopia av din officiella biljett p\u00e5 ditt konto, vilket ger tydliga bevis p\u00e5 ditt k\u00f6p och \u00f6kad s\u00e4kerhet.<\/p>\n<h3>Hur man k\u00f6per New York Lottery Lottery Online med JackpotLottery<img loading=\"lazy\" decoding=\"async\" class=\" wp-image-29318 alignright\" src=\"https:\/\/jackpotlotteryonline.com\/wp-content\/uploads\/2022\/11\/1_play_onlinelottery4-300x200.jpg New York Lotterany Tickets New York Lotterany\" alt=\"Cside US Lotterany Tickets\" width=\"262\" height=\"174\" srcset=\"https:\/\/jackpotlotteryonline.com\/wp-content\/uploads\/2022\/11\/1_play_onlinelottery4-300x200.jpg 300w, https:\/\/jackpotlotteryonline.com\/wp-content\/uploads\/2022\/11\/1_play_onlinelottery4.jpg 320w\" sizes=\"auto, (max-width: 262px) 100vw, 262px\" \/><\/h3>\n<p>Att spela New York-lotteriet internationellt \u00e4r mycket l\u00e4ttillg\u00e4ngligt n\u00e4r du anv\u00e4nder Jackpotlotteri. Dessa enkla instruktioner guidar dig:<\/p>\n<p>1. Kom ig\u00e5ng genom att registrera dig. Kom ig\u00e5ng med JackpotLottery genom att ange dina uppgifter och verifiera din identitet nu. P\u00e5 s\u00e5 s\u00e4tt \u00e4r allt s\u00e4kert och du kommer inte ha n\u00e5gra problem med att f\u00e5 dina vinster.<br \/>\n2. V\u00e4lj New York Lottery under lotterier. Om du \u00e4r ute efter en stor jackpott \u00e4r New York Lotto ett mycket popul\u00e4rt alternativ.<br \/>\n3. V\u00e4lj nu dina nummer. Du har m\u00f6jlighet att manuellt v\u00e4lja sex nummer fr\u00e5n 1 till 59, eller s\u00e5 kan du anv\u00e4nda Quick Pick-funktionen f\u00f6r att f\u00e5 systemet att slumpm\u00e4ssigt generera dem \u00e5t dig.<br \/>\n4. Forts\u00e4tt till biljettk\u00f6p. V\u00e4lj bland v\u00e5ra tillg\u00e4ngliga betalningsmetoder f\u00f6r att enkelt k\u00f6pa din biljett. Efter en lyckad k\u00f6pbekr\u00e4ftelse kommer JackpotLottery att forts\u00e4tta med f\u00f6rv\u00e4rvet av en officiell biljett i ditt namn.<\/p>\n<p>5. Ta reda p\u00e5 resultatet av dragningen.<br \/>\nVet omedelbart om du har f\u00e5tt jackpotten.<br \/>\n6. Verifierad betalningsgaranti<br \/>\nSm\u00e5 vinster g\u00e5r direkt in p\u00e5 ditt konto, och f\u00f6r de stora tar JackpotLottery hand om allt.<\/p>\n<p><strong>Spela New York Lottery idag<\/strong><br \/>\nNu vet du hur du spelar fr\u00e5n utlandet, vars\u00e5god och f\u00f6rs\u00f6k vinna stort i New York Lottery. H\u00e4ng med i action! Registrera dig med JackpotLottery, h\u00e4mta din biljett och ta del av USA:s sp\u00e4nnande lotteridragning! Du \u00e4r bara en biljett ifr\u00e5n att f\u00f6rverkliga dina jackpottdr\u00f6mmar.<\/p>\n","protected":false},"excerpt":{"rendered":"<p>Dessa New York-jackpottar \u00e4r helt enorma \u2013 de \u00e4r praktiskt taget legendariska. M\u00e4nniskor \u00f6ver hela v\u00e4rlden jagar dem! Hur \u00e4r det med m\u00e4nniskor som inte \u00e4r i USA? Kan du k\u00f6pa New York Lottery lotter fr\u00e5n utanf\u00f6r USA Absolut! Gissa vad? JackpotLottery l\u00e5ter dig f\u00e5 tag i riktiga New York Lottery-biljetter online, som fr\u00e5n var [&hellip;]<\/p>\n","protected":false},"author":7,"featured_media":0,"parent":35784,"menu_order":0,"comment_status":"closed","ping_status":"closed","template":"","meta":{"_et_pb_use_builder":"","_et_pb_old_content":"","_et_gb_content_width":"","exclude_from_search":false,"footnotes":""},"class_list":["post-77646","page","type-page","status-publish","hentry"],"yoast_head":"<!-- This site is optimized with the Yoast SEO plugin v23.3 - https:\/\/yoast.com\/wordpress\/plugins\/seo\/ -->\n<title>Kan du k\u00f6pa New York-lotteribiljetter utanf\u00f6r USA?<\/title>\n<meta name=\"description\" content=\"Undrar du om du kan k\u00f6pa New York Lottery lotter utanf\u00f6r USA? Uppt\u00e4ck de b\u00e4sta s\u00e4tten att spela online och h\u00e4mta priser internationellt!\" \/>\n<meta name=\"robots\" content=\"index, follow, max-snippet:-1, max-image-preview:large, max-video-preview:-1\" \/>\n<link rel=\"canonical\" href=\"https:\/\/jackpotlotteryonline.com\/where-can-you-buy-new-york-lottery-tickets-outside-the-usa\/\" \/>\n<meta property=\"og:locale\" content=\"sv_SE\" \/>\n<meta property=\"og:type\" content=\"article\" \/>\n<meta property=\"og:title\" content=\"Kan du k\u00f6pa New York-lotteribiljetter utanf\u00f6r USA?\" \/>\n<meta property=\"og:description\" content=\"Undrar du om du kan k\u00f6pa New York Lottery lotter utanf\u00f6r USA? Uppt\u00e4ck de b\u00e4sta s\u00e4tten att spela online och h\u00e4mta priser internationellt!\" \/>\n<meta property=\"og:url\" content=\"https:\/\/jackpotlotteryonline.com\/where-can-you-buy-new-york-lottery-tickets-outside-the-usa\/\" \/>\n<meta property=\"og:site_name\" content=\"Lotto Online - Crack The International Lottery Jackpots\" \/>\n<meta property=\"article:modified_time\" content=\"2025-03-21T17:58:56+00:00\" \/>\n<meta name=\"twitter:card\" content=\"summary_large_image\" \/>\n<meta name=\"twitter:label1\" content=\"Ber\u00e4knad l\u00e4stid\" \/>\n\t<meta name=\"twitter:data1\" content=\"2 minuter\" \/>\n<!-- \/ Yoast SEO plugin. -->","yoast_head_json":{"title":"Kan du k\u00f6pa New York-lotteribiljetter utanf\u00f6r USA?","description":"Undrar du om du kan k\u00f6pa New York Lottery lotter utanf\u00f6r USA? Uppt\u00e4ck de b\u00e4sta s\u00e4tten att spela online och h\u00e4mta priser internationellt!","robots":{"index":"index","follow":"follow","max-snippet":"max-snippet:-1","max-image-preview":"max-image-preview:large","max-video-preview":"max-video-preview:-1"},"canonical":"https:\/\/jackpotlotteryonline.com\/where-can-you-buy-new-york-lottery-tickets-outside-the-usa\/","og_locale":"sv_SE","og_type":"article","og_title":"Kan du k\u00f6pa New York-lotteribiljetter utanf\u00f6r USA?","og_description":"Undrar du om du kan k\u00f6pa New York Lottery lotter utanf\u00f6r USA? Uppt\u00e4ck de b\u00e4sta s\u00e4tten att spela online och h\u00e4mta priser internationellt!","og_url":"https:\/\/jackpotlotteryonline.com\/where-can-you-buy-new-york-lottery-tickets-outside-the-usa\/","og_site_name":"Lotto Online - Crack The International Lottery Jackpots","article_modified_time":"2025-03-21T17:58:56+00:00","twitter_card":"summary_large_image","twitter_misc":{"Ber\u00e4knad l\u00e4stid":"2 minuter"},"schema":{"@context":"https:\/\/schema.org","@graph":[{"@type":"WebPage","@id":"https:\/\/jackpotlotteryonline.com\/where-can-you-buy-new-york-lottery-tickets-outside-the-usa\/","url":"https:\/\/jackpotlotteryonline.com\/where-can-you-buy-new-york-lottery-tickets-outside-the-usa\/","name":"Kan du k\u00f6pa New York-lotteribiljetter utanf\u00f6r USA?","isPartOf":{"@id":"https:\/\/jackpotlotteryonline.com\/#website"},"datePublished":"2025-03-21T17:56:28+00:00","dateModified":"2025-03-21T17:58:56+00:00","description":"Undrar du om du kan k\u00f6pa New York Lottery lotter utanf\u00f6r USA? Uppt\u00e4ck de b\u00e4sta s\u00e4tten att spela online och h\u00e4mta priser internationellt!","breadcrumb":{"@id":"https:\/\/jackpotlotteryonline.com\/where-can-you-buy-new-york-lottery-tickets-outside-the-usa\/#breadcrumb"},"inLanguage":"sv-SE","potentialAction":[{"@type":"ReadAction","target":["https:\/\/jackpotlotteryonline.com\/where-can-you-buy-new-york-lottery-tickets-outside-the-usa\/"]}]},{"@type":"BreadcrumbList","@id":"https:\/\/jackpotlotteryonline.com\/where-can-you-buy-new-york-lottery-tickets-outside-the-usa\/#breadcrumb","itemListElement":[{"@type":"ListItem","position":1,"name":"Home","item":"https:\/\/jackpotlotteryonline.com\/sv\/"},{"@type":"ListItem","position":2,"name":"Var kan man k\u00f6pa New York-lotteribiljetter utanf\u00f6r USA?"}]},{"@type":"WebSite","@id":"https:\/\/jackpotlotteryonline.com\/#website","url":"https:\/\/jackpotlotteryonline.com\/","name":"Lotto Online - Crack The International Lottery Jackpots","description":"","potentialAction":[{"@type":"SearchAction","target":{"@type":"EntryPoint","urlTemplate":"https:\/\/jackpotlotteryonline.com\/?s={search_term_string}"},"query-input":"required name=search_term_string"}],"inLanguage":"sv-SE"}]}},"_links":{"self":[{"href":"https:\/\/jackpotlotteryonline.com\/sv\/wp-json\/wp\/v2\/pages\/77646","targetHints":{"allow":["GET"]}}],"collection":[{"href":"https:\/\/jackpotlotteryonline.com\/sv\/wp-json\/wp\/v2\/pages"}],"about":[{"href":"https:\/\/jackpotlotteryonline.com\/sv\/wp-json\/wp\/v2\/types\/page"}],"author":[{"embeddable":true,"href":"https:\/\/jackpotlotteryonline.com\/sv\/wp-json\/wp\/v2\/users\/7"}],"replies":[{"embeddable":true,"href":"https:\/\/jackpotlotteryonline.com\/sv\/wp-json\/wp\/v2\/comments?post=77646"}],"version-history":[{"count":2,"href":"https:\/\/jackpotlotteryonline.com\/sv\/wp-json\/wp\/v2\/pages\/77646\/revisions"}],"predecessor-version":[{"id":77648,"href":"https:\/\/jackpotlotteryonline.com\/sv\/wp-json\/wp\/v2\/pages\/77646\/revisions\/77648"}],"up":[{"embeddable":true,"href":"https:\/\/jackpotlotteryonline.com\/sv\/wp-json\/wp\/v2\/pages\/35784"}],"wp:attachment":[{"href":"https:\/\/jackpotlotteryonline.com\/sv\/wp-json\/wp\/v2\/media?parent=77646"}],"curies":[{"name":"wp","href":"https:\/\/api.w.org\/{rel}","templated":true}]}}