{"id":77715,"date":"2025-03-22T08:10:58","date_gmt":"2025-03-22T08:10:58","guid":{"rendered":"https:\/\/jackpotlotteryonline.com\/?page_id=77715"},"modified":"2025-03-22T08:10:58","modified_gmt":"2025-03-22T08:10:58","slug":"ta-reda-pa-dagens-resultat-for-new-york-lottery","status":"publish","type":"page","link":"https:\/\/jackpotlotteryonline.com\/sv\/vinnande-nummer\/ta-reda-pa-dagens-resultat-for-new-york-lottery\/","title":{"rendered":"Ta reda p\u00e5 dagens resultat f\u00f6r New York Lottery"},"content":{"rendered":"<p>Folk \u00e4r alltid entusiastiska \u00f6ver New York Lottery och v\u00e4ntar p\u00e5 att se den senaste dragningen. Om du beh\u00f6ver dagens New York Lottery-nummer \u00e4r du precis d\u00e4r du ska vara. Att kontrollera dina New York Lotto-nummer \u00e4r snabbt och enkelt, bara n\u00e5gra f\u00e5 klick.<\/p>\n<h2>Var kan jag se New Yorks lotteriresultat f\u00f6r idag?<\/h2>\n<p>Det \u00e4r b\u00e5de enkelt och bekv\u00e4mt att kolla dagens New York Lottery-resultat. H\u00e4r kan du leta efter de vinnande siffrorna;<br \/>\nLita p\u00e5 JackpotLottery f\u00f6r aktuella lotteriresultat och m\u00f6jligheten att k\u00f6pa lotter direkt online. Direkt efter att resultaten tillk\u00e4nnages \u00e4r de vanligtvis tillg\u00e4ngliga p\u00e5 denna plattform. Dessutom kommer du omedelbart att meddelas vid en vinst s\u00e5 att du inte missar dina vinster.<\/p>\n<p><strong>N\u00e4r drar New York Lottery?<img loading=\"lazy\" decoding=\"async\" class=\" wp-image-51568 alignright\" src=\"https:\/\/jackpotlotteryonline.com\/wp-content\/uploads\/2023\/09\/8.png\" alt=\"Var kan jag se New Yorks lotteriresultat f\u00f6r idag?\" width=\"233\" height=\"233\" srcset=\"https:\/\/jackpotlotteryonline.com\/wp-content\/uploads\/2023\/09\/8.png 300w, https:\/\/jackpotlotteryonline.com\/wp-content\/uploads\/2023\/09\/8-100x100.png 100w, https:\/\/jackpotlotteryonline.com\/wp-content\/uploads\/2023\/09\/8-150x150.png 150w\" sizes=\"auto, (max-width: 233px) 100vw, 233px\" \/><\/strong><\/p>\n<p>Du kan se New York Lotto-dragningen varje onsdag och l\u00f6rdag klockan 23:21 Eastern Time. N\u00e4r du anv\u00e4nder den h\u00e4r plattformen kommer du alltid att vara uppdaterad. Nedr\u00e4kningen f\u00f6r dragning visas alltid bredvid lotteriet.<\/p>\n<h3>Hur du kontrollerar om du vunnit New York-lotteriet<\/h3>\n<ul>\n<li>N\u00e4r du har f\u00e5tt dagens resultat f\u00f6r lotteriet i New York, kommer dessa steg att guida dig genom att verifiera din lott.<\/li>\n<li>J\u00e4mf\u00f6r dina siffror: Kontrollera om dina valda nummer \u00e4r desamma som de ritade siffrorna.<\/li>\n<li>Se om du har extrafunktioner: Vissa spel har bonusnummer och multiplikatorer.<\/li>\n<li>F\u00f6lj v\u00e5ra anspr\u00e5ksprocedur f\u00f6r att g\u00f6ra anspr\u00e5k p\u00e5 vinster, som varierar beroende p\u00e5 prisbeloppet, vilket kan inneb\u00e4ra onlineanspr\u00e5k f\u00f6r mindre summor eller personlig verifiering f\u00f6r stora jackpottar.<\/li>\n<\/ul>\n<h2>Riktlinjer f\u00f6r vinnare av lotteri i New York<\/h2>\n<p>Om du vinner p\u00e5 lotteriet kommer ditt liv att f\u00f6r\u00e4ndras, s\u00e5 du m\u00e5ste g\u00f6ra saker p\u00e5 r\u00e4tt s\u00e4tt.<\/p>\n<ul>\n<li>H\u00e5ll koll och verifiera: Se till att din biljett matchar de officiella siffrorna innan du firar.<\/li>\n<li>Best\u00e4mma hur du vill ha dina vinster: Jackpottar betalas vanligtvis ut som en enda betalning eller genom en serie \u00e5rliga betalningar.<\/li>\n<li>S\u00e4kerst\u00e4ll l\u00e5ngsiktig s\u00e4kerhet: S\u00f6k r\u00e5d fr\u00e5n en finansiell r\u00e5dgivare f\u00f6r att hantera dina lotterivinster p\u00e5 ett klokt s\u00e4tt.<\/li>\n<li>Var medveten om deadlines f\u00f6r anspr\u00e5k: Se till att du g\u00f6r anspr\u00e5k p\u00e5 ditt pris inom den angivna tiden, eftersom varje spel har en cut-off.<\/li>\n<\/ul>\n<p><strong>F\u00e5 de senaste New York-lotteriresultaten direkt!<\/strong><\/p>\n<p>Nu n\u00e4r du vet svaret p\u00e5; Var kan jag se New York Lottery-resultaten f\u00f6r idag, se till att du kontrollerar dina biljetter ofta. Att h\u00e5lla sig informerad om de senaste dragningarna \u00f6kar dina chanser att lyckas, oavsett om du spelar nonchalant eller om en jackpott. F\u00e5 alla de senaste uppdateringarna fr\u00e5n JackpotLottery och \u00f6ka dina chanser att vinna! Vi \u00f6nskar dig allt gott.<\/p>\n","protected":false},"excerpt":{"rendered":"<p>Folk \u00e4r alltid entusiastiska \u00f6ver New York Lottery och v\u00e4ntar p\u00e5 att se den senaste dragningen. Om du beh\u00f6ver dagens New York Lottery-nummer \u00e4r du precis d\u00e4r du ska vara. Att kontrollera dina New York Lotto-nummer \u00e4r snabbt och enkelt, bara n\u00e5gra f\u00e5 klick. Var kan jag se New Yorks lotteriresultat f\u00f6r idag? Det \u00e4r [&hellip;]<\/p>\n","protected":false},"author":7,"featured_media":0,"parent":35858,"menu_order":0,"comment_status":"closed","ping_status":"closed","template":"","meta":{"_et_pb_use_builder":"","_et_pb_old_content":"","_et_gb_content_width":"","exclude_from_search":false,"footnotes":""},"class_list":["post-77715","page","type-page","status-publish","hentry"],"yoast_head":"<!-- This site is optimized with the Yoast SEO plugin v23.3 - https:\/\/yoast.com\/wordpress\/plugins\/seo\/ -->\n<title>Var kan jag se New Yorks lotteriresultat f\u00f6r idag<\/title>\n<meta name=\"description\" content=\"Var kan jag se New York Lottery-resultaten f\u00f6r idag? Ta reda p\u00e5 var du kan kontrollera de senaste vinnande siffrorna direkt och h\u00e5ll dig uppdaterad\" \/>\n<meta name=\"robots\" content=\"index, follow, max-snippet:-1, max-image-preview:large, max-video-preview:-1\" \/>\n<link rel=\"canonical\" href=\"https:\/\/jackpotlotteryonline.com\/sv\/ta-reda-pa-dagens-resultat-for-new-york-lottery\/\" \/>\n<meta property=\"og:locale\" content=\"sv_SE\" \/>\n<meta property=\"og:type\" content=\"article\" \/>\n<meta property=\"og:title\" content=\"Var kan jag se New Yorks lotteriresultat f\u00f6r idag\" \/>\n<meta property=\"og:description\" content=\"Var kan jag se New York Lottery-resultaten f\u00f6r idag? Ta reda p\u00e5 var du kan kontrollera de senaste vinnande siffrorna direkt och h\u00e5ll dig uppdaterad\" \/>\n<meta property=\"og:url\" content=\"https:\/\/jackpotlotteryonline.com\/sv\/ta-reda-pa-dagens-resultat-for-new-york-lottery\/\" \/>\n<meta property=\"og:site_name\" content=\"Lotto Online - Crack The International Lottery Jackpots\" \/>\n<meta property=\"og:image\" content=\"https:\/\/jackpotlotteryonline.com\/wp-content\/uploads\/2023\/09\/8.png\" \/>\n<meta name=\"twitter:card\" content=\"summary_large_image\" \/>\n<!-- \/ Yoast SEO plugin. -->","yoast_head_json":{"title":"Var kan jag se New Yorks lotteriresultat f\u00f6r idag","description":"Var kan jag se New York Lottery-resultaten f\u00f6r idag? Ta reda p\u00e5 var du kan kontrollera de senaste vinnande siffrorna direkt och h\u00e5ll dig uppdaterad","robots":{"index":"index","follow":"follow","max-snippet":"max-snippet:-1","max-image-preview":"max-image-preview:large","max-video-preview":"max-video-preview:-1"},"canonical":"https:\/\/jackpotlotteryonline.com\/sv\/ta-reda-pa-dagens-resultat-for-new-york-lottery\/","og_locale":"sv_SE","og_type":"article","og_title":"Var kan jag se New Yorks lotteriresultat f\u00f6r idag","og_description":"Var kan jag se New York Lottery-resultaten f\u00f6r idag? Ta reda p\u00e5 var du kan kontrollera de senaste vinnande siffrorna direkt och h\u00e5ll dig uppdaterad","og_url":"https:\/\/jackpotlotteryonline.com\/sv\/ta-reda-pa-dagens-resultat-for-new-york-lottery\/","og_site_name":"Lotto Online - Crack The International Lottery Jackpots","og_image":[{"url":"https:\/\/jackpotlotteryonline.com\/wp-content\/uploads\/2023\/09\/8.png"}],"twitter_card":"summary_large_image","schema":{"@context":"https:\/\/schema.org","@graph":[{"@type":"WebPage","@id":"https:\/\/jackpotlotteryonline.com\/sv\/ta-reda-pa-dagens-resultat-for-new-york-lottery\/","url":"https:\/\/jackpotlotteryonline.com\/sv\/ta-reda-pa-dagens-resultat-for-new-york-lottery\/","name":"Var kan jag se New Yorks lotteriresultat f\u00f6r idag","isPartOf":{"@id":"https:\/\/jackpotlotteryonline.com\/#website"},"primaryImageOfPage":{"@id":"https:\/\/jackpotlotteryonline.com\/sv\/ta-reda-pa-dagens-resultat-for-new-york-lottery\/#primaryimage"},"image":{"@id":"https:\/\/jackpotlotteryonline.com\/sv\/ta-reda-pa-dagens-resultat-for-new-york-lottery\/#primaryimage"},"thumbnailUrl":"https:\/\/jackpotlotteryonline.com\/wp-content\/uploads\/2023\/09\/8.png","datePublished":"2025-03-22T08:10:58+00:00","dateModified":"2025-03-22T08:10:58+00:00","description":"Var kan jag se New York Lottery-resultaten f\u00f6r idag? Ta reda p\u00e5 var du kan kontrollera de senaste vinnande siffrorna direkt och h\u00e5ll dig uppdaterad","breadcrumb":{"@id":"https:\/\/jackpotlotteryonline.com\/sv\/ta-reda-pa-dagens-resultat-for-new-york-lottery\/#breadcrumb"},"inLanguage":"sv-SE","potentialAction":[{"@type":"ReadAction","target":["https:\/\/jackpotlotteryonline.com\/sv\/ta-reda-pa-dagens-resultat-for-new-york-lottery\/"]}]},{"@type":"ImageObject","inLanguage":"sv-SE","@id":"https:\/\/jackpotlotteryonline.com\/sv\/ta-reda-pa-dagens-resultat-for-new-york-lottery\/#primaryimage","url":"https:\/\/jackpotlotteryonline.com\/wp-content\/uploads\/2023\/09\/8.png","contentUrl":"https:\/\/jackpotlotteryonline.com\/wp-content\/uploads\/2023\/09\/8.png"},{"@type":"BreadcrumbList","@id":"https:\/\/jackpotlotteryonline.com\/sv\/ta-reda-pa-dagens-resultat-for-new-york-lottery\/#breadcrumb","itemListElement":[{"@type":"ListItem","position":1,"name":"Home","item":"https:\/\/jackpotlotteryonline.com\/sv\/"},{"@type":"ListItem","position":2,"name":"Ta reda p\u00e5 dagens resultat f\u00f6r New York Lottery"}]},{"@type":"WebSite","@id":"https:\/\/jackpotlotteryonline.com\/#website","url":"https:\/\/jackpotlotteryonline.com\/","name":"Lotto Online - Crack The International Lottery Jackpots","description":"","potentialAction":[{"@type":"SearchAction","target":{"@type":"EntryPoint","urlTemplate":"https:\/\/jackpotlotteryonline.com\/?s={search_term_string}"},"query-input":"required name=search_term_string"}],"inLanguage":"sv-SE"}]}},"_links":{"self":[{"href":"https:\/\/jackpotlotteryonline.com\/sv\/wp-json\/wp\/v2\/pages\/77715","targetHints":{"allow":["GET"]}}],"collection":[{"href":"https:\/\/jackpotlotteryonline.com\/sv\/wp-json\/wp\/v2\/pages"}],"about":[{"href":"https:\/\/jackpotlotteryonline.com\/sv\/wp-json\/wp\/v2\/types\/page"}],"author":[{"embeddable":true,"href":"https:\/\/jackpotlotteryonline.com\/sv\/wp-json\/wp\/v2\/users\/7"}],"replies":[{"embeddable":true,"href":"https:\/\/jackpotlotteryonline.com\/sv\/wp-json\/wp\/v2\/comments?post=77715"}],"version-history":[{"count":1,"href":"https:\/\/jackpotlotteryonline.com\/sv\/wp-json\/wp\/v2\/pages\/77715\/revisions"}],"predecessor-version":[{"id":77716,"href":"https:\/\/jackpotlotteryonline.com\/sv\/wp-json\/wp\/v2\/pages\/77715\/revisions\/77716"}],"up":[{"embeddable":true,"href":"https:\/\/jackpotlotteryonline.com\/sv\/wp-json\/wp\/v2\/pages\/35858"}],"wp:attachment":[{"href":"https:\/\/jackpotlotteryonline.com\/sv\/wp-json\/wp\/v2\/media?parent=77715"}],"curies":[{"name":"wp","href":"https:\/\/api.w.org\/{rel}","templated":true}]}}