{"id":77788,"date":"2025-03-22T09:37:03","date_gmt":"2025-03-22T09:37:03","guid":{"rendered":"https:\/\/jackpotlotteryonline.com\/?page_id=77788"},"modified":"2025-03-22T09:37:03","modified_gmt":"2025-03-22T09:37:03","slug":"ta-reda-pa-hur-du-spelar-new-york-lottery-utanfor-usa","status":"publish","type":"page","link":"https:\/\/jackpotlotteryonline.com\/sv\/ta-reda-pa-hur-du-spelar-new-york-lottery-utanfor-usa\/","title":{"rendered":"Ta reda p\u00e5 hur du spelar New York Lottery utanf\u00f6r USA"},"content":{"rendered":"<p>S\u00e5, du vill spela New York Lottery \u00e4ven om du \u00e4r halvv\u00e4gs \u00f6ver v\u00e4rlden? De d\u00e4r New York-jackpottarna \u00e4r s\u00e5 enorma. De \u00e4r inget sk\u00e4mt. Folk fr\u00e5n hela v\u00e4rlden dr\u00f6mmer om att vinna. Okej, f\u00f6rest\u00e4ll dig det h\u00e4r: New York Lottery, eller hur? Stora priser, livsavg\u00f6rande vinster. Men du h\u00e4nger inte precis p\u00e5 Times Square. Ingen svett! Tack vare Jackpotlotteryonline; d\u00e4r du kan k\u00f6pa New York Lottery-biljetter utanf\u00f6r USA, kan du hoppa in i spelet var du \u00e4n \u00e4r.<\/p>\n<h2>Kan du spela New York Lottery utanf\u00f6r USA<img loading=\"lazy\" decoding=\"async\" class=\" wp-image-28535 alignright\" src=\"http:\/\/jackpotlotteryonline.com\/wp-content\/uploads\/2022\/11\/1_online_lottery_success-300x213.jpg fr\u00e5n The New York Lottery\" alt=\"Hur till USA\" width=\"220\" height=\"156\" srcset=\"https:\/\/jackpotlotteryonline.com\/wp-content\/uploads\/2022\/11\/1_online_lottery_success-300x213.jpg 300w, https:\/\/jackpotlotteryonline.com\/wp-content\/uploads\/2022\/11\/1_online_lottery_success.jpg 320w\" sizes=\"auto, (max-width: 220px) 100vw, 220px\" \/><\/h2>\n<p>Ja, och du beh\u00f6ver inte vara i New York, eller ens i USA. V\u00e5r plattform l\u00e5ter dig k\u00f6pa biljetter och vara med p\u00e5 det roliga, precis som n\u00e5gon k\u00f6per en biljett i h\u00f6rnbutiken. Du har samma chans att vinna jackpotten.<\/p>\n<h3>Hur man spelar New York Lottery utanf\u00f6r USA<\/h3>\n<p>Det \u00e4r superenkelt med Jackpotlotteryonline:<\/p>\n<ul>\n<li>Skapa ett konto: Registrera dig, fyll i din information och bevisa att du \u00e4r du. H\u00e5ll dina biljetter och kontanter s\u00e4kert.<\/li>\n<li>B\u00f6rja med att hitta avsnittet Lotteri och v\u00e4lj sedan spelet New York Lotto.<\/li>\n<li>V\u00e4lj dina lyckonummer: V\u00e4lj sex nummer (1-59) eller tryck p\u00e5 knappen &#8220;snabbvalsfunktion&#8221;.<\/li>\n<li>K\u00f6p din biljett: Betala med vad som fungerar, s\u00e5 skickar vi en skanning av din officiella biljett.<\/li>\n<li>V\u00e4nta p\u00e5 dragningen: Dragningar sker p\u00e5 onsdags- och l\u00f6rdagskv\u00e4llar. Kontrollera resultaten p\u00e5 den h\u00e4r plattformen.<\/li>\n<\/ul>\n<h3>Varf\u00f6r spela online \u00e4nd\u00e5?<\/h3>\n<ul>\n<li>L\u00e4tt: Spela fr\u00e5n soffan, ingen resa beh\u00f6vs.<\/li>\n<li>Snabbbiljetter: K\u00f6p dem snabbt, inga k\u00f6er.<\/li>\n<li>Inga f\u00f6rlorade biljetter: Dina biljetter live online, s\u00e4kert och s\u00e4kert.<\/li>\n<li>Du vann!: Vi ber\u00e4ttar det direkt, och sm\u00e5 vinster g\u00e5r direkt till ditt konto.<br \/>\nS\u00e4kra pengar: Vi ser till att du f\u00e5r dina vinster, inga roliga aff\u00e4rer.<\/li>\n<\/ul>\n<p><strong>F\u00e5 dina pengar n\u00e4r du vinner:<\/strong><\/p>\n<ul>\n<li>Sm\u00e5 vinster: Vi sl\u00e4pper det direkt p\u00e5 ditt konto.<\/li>\n<li>Stora vinster: Vi hj\u00e4lper dig att f\u00e5 det, kanske till och med personligen.<\/li>\n<li>Helt s\u00e4kert: Vi h\u00e5ller dina vinster l\u00e5sta.<\/li>\n<\/ul>\n<p><strong>Redo att prova lyckan?<\/strong><br \/>\nAtt spela New York Lottery globalt \u00e4r nu otroligt enkelt. Jackpotlotteryonline ger dig sp\u00e4nningen i New York Lottery, oavsett var du \u00e4r. Att v\u00e4lja dina nummer \u00e4r enkelt, oavsett om du v\u00e4ljer dem sj\u00e4lv eller anv\u00e4nder Quick Pick, och det \u00e4r alltid s\u00e4kert och enkelt. Nu n\u00e4r du kan spela New York Lottery-biljetter utanf\u00f6r USA, registrera dig eller logga in p\u00e5 v\u00e5r plattform om du redan har ett konto hos oss och g\u00e5 med i det roliga. Vem vet, du kanske bara vinner stort! Din jackpottdr\u00f6m kan vara bara n\u00e5gra klick bort.<\/p>\n","protected":false},"excerpt":{"rendered":"<p>S\u00e5, du vill spela New York Lottery \u00e4ven om du \u00e4r halvv\u00e4gs \u00f6ver v\u00e4rlden? De d\u00e4r New York-jackpottarna \u00e4r s\u00e5 enorma. De \u00e4r inget sk\u00e4mt. Folk fr\u00e5n hela v\u00e4rlden dr\u00f6mmer om att vinna. Okej, f\u00f6rest\u00e4ll dig det h\u00e4r: New York Lottery, eller hur? Stora priser, livsavg\u00f6rande vinster. Men du h\u00e4nger inte precis p\u00e5 Times Square. [&hellip;]<\/p>\n","protected":false},"author":7,"featured_media":0,"parent":0,"menu_order":0,"comment_status":"closed","ping_status":"closed","template":"","meta":{"_et_pb_use_builder":"","_et_pb_old_content":"","_et_gb_content_width":"","exclude_from_search":false,"footnotes":""},"class_list":["post-77788","page","type-page","status-publish","hentry"],"yoast_head":"<!-- This site is optimized with the Yoast SEO plugin v23.3 - https:\/\/yoast.com\/wordpress\/plugins\/seo\/ -->\n<title>Hur man spelar New York Lottery utanf\u00f6r USA<\/title>\n<meta name=\"description\" content=\"L\u00e4r dig hur du spelar New York Lottery utanf\u00f6r USA. Uppt\u00e4ck onlinealternativ och hur du h\u00e4mtar priser var som helst.\" \/>\n<meta name=\"robots\" content=\"index, follow, max-snippet:-1, max-image-preview:large, max-video-preview:-1\" \/>\n<link rel=\"canonical\" href=\"https:\/\/jackpotlotteryonline.com\/find-out-how-to-play-the-new-york-lottery-from-outside-the-us\/\" \/>\n<meta property=\"og:locale\" content=\"sv_SE\" \/>\n<meta property=\"og:type\" content=\"article\" \/>\n<meta property=\"og:title\" content=\"Hur man spelar New York Lottery utanf\u00f6r USA\" \/>\n<meta property=\"og:description\" content=\"L\u00e4r dig hur du spelar New York Lottery utanf\u00f6r USA. Uppt\u00e4ck onlinealternativ och hur du h\u00e4mtar priser var som helst.\" \/>\n<meta property=\"og:url\" content=\"https:\/\/jackpotlotteryonline.com\/find-out-how-to-play-the-new-york-lottery-from-outside-the-us\/\" \/>\n<meta property=\"og:site_name\" content=\"Lotto Online - Crack The International Lottery Jackpots\" \/>\n<meta name=\"twitter:card\" content=\"summary_large_image\" \/>\n<!-- \/ Yoast SEO plugin. -->","yoast_head_json":{"title":"Hur man spelar New York Lottery utanf\u00f6r USA","description":"L\u00e4r dig hur du spelar New York Lottery utanf\u00f6r USA. Uppt\u00e4ck onlinealternativ och hur du h\u00e4mtar priser var som helst.","robots":{"index":"index","follow":"follow","max-snippet":"max-snippet:-1","max-image-preview":"max-image-preview:large","max-video-preview":"max-video-preview:-1"},"canonical":"https:\/\/jackpotlotteryonline.com\/find-out-how-to-play-the-new-york-lottery-from-outside-the-us\/","og_locale":"sv_SE","og_type":"article","og_title":"Hur man spelar New York Lottery utanf\u00f6r USA","og_description":"L\u00e4r dig hur du spelar New York Lottery utanf\u00f6r USA. Uppt\u00e4ck onlinealternativ och hur du h\u00e4mtar priser var som helst.","og_url":"https:\/\/jackpotlotteryonline.com\/find-out-how-to-play-the-new-york-lottery-from-outside-the-us\/","og_site_name":"Lotto Online - Crack The International Lottery Jackpots","twitter_card":"summary_large_image","schema":{"@context":"https:\/\/schema.org","@graph":[{"@type":"WebPage","@id":"https:\/\/jackpotlotteryonline.com\/find-out-how-to-play-the-new-york-lottery-from-outside-the-us\/","url":"https:\/\/jackpotlotteryonline.com\/find-out-how-to-play-the-new-york-lottery-from-outside-the-us\/","name":"Hur man spelar New York Lottery utanf\u00f6r USA","isPartOf":{"@id":"https:\/\/jackpotlotteryonline.com\/#website"},"datePublished":"2025-03-22T09:37:03+00:00","dateModified":"2025-03-22T09:37:03+00:00","description":"L\u00e4r dig hur du spelar New York Lottery utanf\u00f6r USA. Uppt\u00e4ck onlinealternativ och hur du h\u00e4mtar priser var som helst.","breadcrumb":{"@id":"https:\/\/jackpotlotteryonline.com\/find-out-how-to-play-the-new-york-lottery-from-outside-the-us\/#breadcrumb"},"inLanguage":"sv-SE","potentialAction":[{"@type":"ReadAction","target":["https:\/\/jackpotlotteryonline.com\/find-out-how-to-play-the-new-york-lottery-from-outside-the-us\/"]}]},{"@type":"BreadcrumbList","@id":"https:\/\/jackpotlotteryonline.com\/find-out-how-to-play-the-new-york-lottery-from-outside-the-us\/#breadcrumb","itemListElement":[{"@type":"ListItem","position":1,"name":"Home","item":"https:\/\/jackpotlotteryonline.com\/sv\/"},{"@type":"ListItem","position":2,"name":"Ta reda p\u00e5 hur du spelar New York Lottery utanf\u00f6r USA"}]},{"@type":"WebSite","@id":"https:\/\/jackpotlotteryonline.com\/#website","url":"https:\/\/jackpotlotteryonline.com\/","name":"Lotto Online - Crack The International Lottery Jackpots","description":"","potentialAction":[{"@type":"SearchAction","target":{"@type":"EntryPoint","urlTemplate":"https:\/\/jackpotlotteryonline.com\/?s={search_term_string}"},"query-input":"required name=search_term_string"}],"inLanguage":"sv-SE"}]}},"_links":{"self":[{"href":"https:\/\/jackpotlotteryonline.com\/sv\/wp-json\/wp\/v2\/pages\/77788","targetHints":{"allow":["GET"]}}],"collection":[{"href":"https:\/\/jackpotlotteryonline.com\/sv\/wp-json\/wp\/v2\/pages"}],"about":[{"href":"https:\/\/jackpotlotteryonline.com\/sv\/wp-json\/wp\/v2\/types\/page"}],"author":[{"embeddable":true,"href":"https:\/\/jackpotlotteryonline.com\/sv\/wp-json\/wp\/v2\/users\/7"}],"replies":[{"embeddable":true,"href":"https:\/\/jackpotlotteryonline.com\/sv\/wp-json\/wp\/v2\/comments?post=77788"}],"version-history":[{"count":1,"href":"https:\/\/jackpotlotteryonline.com\/sv\/wp-json\/wp\/v2\/pages\/77788\/revisions"}],"predecessor-version":[{"id":77789,"href":"https:\/\/jackpotlotteryonline.com\/sv\/wp-json\/wp\/v2\/pages\/77788\/revisions\/77789"}],"wp:attachment":[{"href":"https:\/\/jackpotlotteryonline.com\/sv\/wp-json\/wp\/v2\/media?parent=77788"}],"curies":[{"name":"wp","href":"https:\/\/api.w.org\/{rel}","templated":true}]}}