{"id":31991,"date":"2022-11-01T09:51:14","date_gmt":"2022-11-01T09:51:14","guid":{"rendered":"https:\/\/jackpotlotteryonline.com\/?page_id=31991"},"modified":"2023-01-06T12:03:49","modified_gmt":"2023-01-06T12:03:49","slug":"home","status":"publish","type":"page","link":"https:\/\/jackpotlotteryonline.com\/tr\/","title":{"rendered":"Home"},"content":{"rendered":"<h2>\u00c7evrimi\u00e7i loto oynay\u0131n ve \u015fans\u0131n\u0131z\u0131 art\u0131r\u0131n<\/h2>\n<p>Sadece kendi \u00fclkenizdeki de\u011fil, d\u00fcnyan\u0131n her yerindeki piyangolar i\u00e7in T\u00dcM o b\u00fcy\u00fck ikramiyeler i\u00e7in kolayca <a href=\"https:\/\/jackpotlotteryonline.com\/tr\/nasil-oynanir\">\u00e7evrimi\u00e7i loto oynaman\u0131n<\/a> yollar\u0131n\u0131 g\u00f6steriyoruz. Ulusal piyangonuzda cazip piyangolar yok mu? Art\u0131k sorun de\u011fil, sadece ger\u00e7ekten b\u00fcy\u00fck \u00f6d\u00fcller i\u00e7in gidin. Paran\u0131z\u0131 k\u00fc\u00e7\u00fck \u00f6d\u00fcllerle bo\u015fa harcamay\u0131n &#8211; d\u0131\u015far\u0131da b\u00fcy\u00fck ikramiyeli piyangolar var.<\/p>\n<p><strong>\u015eu anda oynayabilece\u011finiz en b\u00fcy\u00fck ikramiyeleri g\u00f6rmek i\u00e7in web sitemizdeki banner&#8217;lar\u0131 kontrol edin.<\/strong><br \/>\n<img loading=\"lazy\" decoding=\"async\" class=\"size-full wp-image-18302 alignright\" src=\"https:\/\/jackpotlotteryonline.com\/wp-content\/uploads\/2022\/10\/ticket_balls.jpg\" alt=\"\u00e7evrimi\u00e7i loto oyna\" width=\"297\" height=\"101\" \/><\/p>\n<p>Nerede ya\u015f\u0131yor olursan\u0131z olun, t\u00fcm bu b\u00fcy\u00fck ikramiyeli piyango etkinliklerine art\u0131k kolayca ula\u015fabilirsiniz. \u00c7evrimi\u00e7i loto oynamak i\u00e7in ba\u011flant\u0131lardan birine t\u0131klay\u0131n ve bu b\u00fcy\u00fck ikramiyelerin her biri i\u00e7in internet \u00fczerinden bir bilet sat\u0131n alabilece\u011finiz RedFoxLotto&#8217;ya kaydolun! RedFoxLotto, nerede ya\u015f\u0131yor olursan\u0131z olun, d\u00fcnyan\u0131n en b\u00fcy\u00fck ikramiyelerinden herhangi biri i\u00e7in bilet alman\u0131z\u0131 sa\u011flar. Biletinizi sizin i\u00e7in g\u00fcvenilir bir \u015fekilde sat\u0131n alacak ve kazanc\u0131n\u0131z\u0131 ald\u0131\u011f\u0131n\u0131zdan emin olacaklard\u0131r.<\/p>\n<h2>Uluslararas\u0131 piyangolara eri\u015fin<\/h2>\n<p>Web sitemizde size d\u00fcnyan\u0131n t\u00fcm b\u00fcy\u00fck ikramiyeli piyangolar\u0131, \u00e7evrimi\u00e7i nas\u0131l oynanaca\u011f\u0131, nas\u0131l \u00f6deme yap\u0131laca\u011f\u0131, kazanc\u0131n\u0131z\u0131 nas\u0131l alaca\u011f\u0131n\u0131z ve b\u00fcy\u00fck ikramiyeyi kazan\u0131rsan\u0131z ne yapman\u0131z gerekti\u011fi hakk\u0131nda ayr\u0131nt\u0131l\u0131 bilgi veriyoruz. Bu sitedeki nas\u0131l kat\u0131laca\u011f\u0131n\u0131zla ilgili makaleleri ve piyango incelemelerini okuyun (\u00fcst men\u00fcy\u00fc kontrol edin) ve kendiniz i\u00e7in do\u011fru etkinli\u011fi kolayca se\u00e7ebilirsiniz.<\/p>\n<h2>Online oynamak \u00e7ok kolay<\/h2>\n<p>\u0130ster US Powerball Jackpot, ister EuroMillions Jackpot, ister \u0130spanyol El Gordo, ister \u0130talyan SuperEnaLotto veya ba\u015fka bir piyango oynamak isteyin, <a href=\"https:\/\/jackpotlotteryonline.com\/tr\/bilet-satin-al\">t\u00fcm biletlerinizi tek bir yerden sat\u0131n alabilirsiniz<\/a> &#8211; tam burada web sitemizden<\/p>\n<p>Bizim yard\u0131m\u0131m\u0131zla, art\u0131k ulusal loto ile s\u0131n\u0131rl\u0131 de\u011filsiniz &#8211; art\u0131k internet \u00fczerinden istedi\u011finiz herhangi bir etkinlik i\u00e7in \u00e7evrimi\u00e7i loto oynama se\u00e7ene\u011fine sahipsiniz. Bu \u015fekilde, o anda en y\u00fcksek olan ikramiyeyi se\u00e7ebilir ve b\u00f6ylece b\u00fcy\u00fck kazanma \u015fans\u0131n\u0131z\u0131 art\u0131rabilirsiniz. Ya da, bir sonraki \u00e7ekilecek lotoya gidin &#8211; bu \u015fekilde kazan\u0131p kazanmad\u0131\u011f\u0131n\u0131z\u0131 \u00f6\u011frenmek i\u00e7in sonsuza kadar beklemek zorunda kalmazs\u0131n\u0131z! Piyango ikramiyesini se\u00e7mekten numaralar\u0131n\u0131z\u0131 se\u00e7meye ve \u00f6demeye kadar her \u015fey olabildi\u011fince kolayd\u0131r.<\/p>\n<section class=\"layout\" style=\"border: solid 1px; width: 100%;\">\n<div class=\"img-div\" style=\"margin-top: 5px;\"><img decoding=\"async\" class=\"wp-image-17212 alignleft\" style=\"height: 45px; margin: 8px 8px 0px;\" src=\"https:\/\/jackpotlotteryonline.com\/wp-content\/uploads\/2022\/11\/read1.jpg\" alt=\"okuyun\" width=\"\" height=\"\" \/><\/div>\n<div style=\"padding-left: 5px;\">\n<div style=\"font-size: 1.1em;\">\n<p><strong>Di\u011fer \u00dclkelerin Piyangolar\u0131n\u0131 \u00c7evrimi\u00e7i Oynamak Yasal m\u0131?<\/strong><\/p>\n<p style=\"font-size: 0.85em; margin-top: -1.5em;\">\u0130nternetten piyango bileti almak yasal m\u0131 ve ger\u00e7ekten \u00f6deme alacak m\u0131y\u0131m?\u00a0 <a href=\"https:\/\/jackpotlotteryonline.com\/tr\/diger-ulkelerden-cevrimici-piyango-oynamak-yasal-mi\"> daha fazla oku<\/a><\/p>\n<\/div>\n<\/div>\n<\/section>\n<h2>Online Bilet Hizmeti<\/h2>\n<p><strong>\u0130\u015fte nas\u0131l \u00e7al\u0131\u015ft\u0131\u011f\u0131:<\/strong> Uluslararas\u0131 loto biletleri i\u00e7in bir kurye hizmeti sunuyoruz. Yukar\u0131daki afi\u015flerden birine t\u0131klayarak \u00e7evrimi\u00e7i oynamak istedi\u011finiz lotoyu se\u00e7ersiniz. Sonra numaralar\u0131n\u0131z\u0131 \u00e7evrimi\u00e7i olarak se\u00e7ersiniz. Loto numaralar\u0131n\u0131z\u0131n rastgele bir say\u0131 \u00fcreteci taraf\u0131ndan se\u00e7ilmesini tercih ederseniz, bunu da yapabilirsiniz. Say\u0131lar\u0131n\u0131za karar verdikten sonra, bir hesap i\u00e7in kaydolun ve loto biletiniz i\u00e7in \u00f6deme yapmak \u00fczere bir y\u00f6ntem se\u00e7in. Birka\u00e7 g\u00fcvenli \u00f6deme y\u00f6ntemi mevcuttur.<\/p>\n<p>Temsilcilerimiz daha sonra bileti sizin i\u00e7in sat\u0131n al\u0131r ve sat\u0131n alma i\u015fleminizin kan\u0131t\u0131 olarak size bir onay e-postas\u0131 g\u00f6nderir. Loto biletinizin taranm\u0131\u015f bir kopyas\u0131, sat\u0131n alma i\u015fleminizden k\u0131sa bir s\u00fcre sonra hesab\u0131n\u0131zda g\u00f6sterilecektir.<\/p>\n<h2>\u00c7evrimi\u00e7i uluslararas\u0131 piyango oynaman\u0131n avantajlar\u0131<\/h2>\n<ul>\n<li>Daha fazla se\u00e7enek &#8211; mevcut ikramiye ne kadar b\u00fcy\u00fck olursa olsun yerel piyangonuzu oynamak zorunda kalmak yerine, birden fazla piyango aras\u0131ndan se\u00e7im yapabilirsiniz<\/li>\n<li>Paran\u0131z\u0131n kar\u015f\u0131l\u0131\u011f\u0131n\u0131 daha iyi al\u0131rs\u0131n\u0131z &#8211; \u00f6rne\u011fin 1 milyon \u20ac kazanabilece\u011finiz bir bilet i\u00e7in 2 \u20ac \u00f6demek yerine, 100 milyon \u20ac veya \u00e7ok daha fazla Mega-Jackpot i\u00e7in oynayabilirsiniz. Bu daha b\u00fcy\u00fck piyango i\u00e7in bilet ba\u015f\u0131na daha y\u00fcksek bir fiyat \u00f6deseniz bile, matematiksel olarak paran\u0131z daha b\u00fcy\u00fck \u00f6d\u00fcl i\u00e7in oynamaya daha iyi harcanacakt\u0131r.<\/li>\n<li>Kolayl\u0131k &#8211; art\u0131k bilet almak i\u00e7in evden \u00e7\u0131kman\u0131za gerek yok. Biletinizi evden sat\u0131n alabilir veya piyango oynamak i\u00e7in cep telefonunuzu kullanabilirsiniz.<\/li>\n<li>G\u00fcvenlik &#8211; \u00e7evrimi\u00e7i bir piyango bileti, fiziksel bir loto bileti gibi kaybolamaz. Piyango biletleriniz \u00e7evrimi\u00e7i hesab\u0131n\u0131zda g\u00fcvenli bir \u015fekilde saklan\u0131r.<\/li>\n<\/ul>\n<h2>T\u00fcm bu piyangolar\u0131n \u00e7ekili\u015fleri ne zaman ger\u00e7ekle\u015fiyor?<\/h2>\n<p>A\u015fa\u011f\u0131daki resmi kontrol edin. En b\u00fcy\u00fck piyangolar\u0131n \u00e7ekili\u015fleri i\u00e7in haftan\u0131n g\u00fcnlerine genel bir bak\u0131\u015f g\u00f6sterir.<br \/>\n<img loading=\"lazy\" decoding=\"async\" class=\"wp-image-17843 aligncenter\" src=\"https:\/\/jackpotlotteryonline.com\/wp-content\/uploads\/2022\/10\/Lotto-draw-calendar-UTC-300x50.jpg\" alt=\"piyango \u00e7ekili\u015f saatleri\" width=\"684\" height=\"114\" srcset=\"https:\/\/jackpotlotteryonline.com\/wp-content\/uploads\/2022\/10\/Lotto-draw-calendar-UTC-300x50.jpg 300w, https:\/\/jackpotlotteryonline.com\/wp-content\/uploads\/2022\/10\/Lotto-draw-calendar-UTC-600x101.jpg 600w, https:\/\/jackpotlotteryonline.com\/wp-content\/uploads\/2022\/10\/Lotto-draw-calendar-UTC-1024x172.jpg 1024w, https:\/\/jackpotlotteryonline.com\/wp-content\/uploads\/2022\/10\/Lotto-draw-calendar-UTC-768x129.jpg 768w, https:\/\/jackpotlotteryonline.com\/wp-content\/uploads\/2022\/10\/Lotto-draw-calendar-UTC.jpg 1287w\" sizes=\"auto, (max-width: 684px) 100vw, 684px\" \/><\/p>\n<h2>Bir piyango \u00f6d\u00fcl\u00fc kazan\u0131rsan\u0131z ne olur?<\/h2>\n<p>Kazan\u0131rsan\u0131z, size kazanc\u0131n\u0131zla ilgili bir e-posta bildirimi g\u00f6nderece\u011fiz. Bir kazanc\u0131 asla ka\u00e7\u0131ramazs\u0131n\u0131z veya biletinizi kaybedemezsiniz. \u00d6deme talebinizi piyango \u015firketine ileterek talebinizi i\u015fleme koyaca\u011f\u0131z, \u015firket daha sonra size bir \u00e7ek d\u00fczenleyecek veya kazanc\u0131n\u0131z\u0131 banka hesab\u0131n\u0131za aktaracakt\u0131r. B\u00fcy\u00fck bir ikramiye kazan\u0131rsan\u0131z, baz\u0131 durumlarda piyango merkezine \u015fahsen gitmeniz gerekebilir. Sorun de\u011fil, de\u011fil mi?<\/p>\n<p>2500\u20ac&#8217;ya kadar olan daha k\u00fc\u00e7\u00fck kazan\u00e7lar hemen oyuncu hesab\u0131n\u0131za eklenir ve bunlar\u0131 nakde \u00e7evirebilir veya paray\u0131 daha fazla loto bileti sat\u0131n almak i\u00e7in kullanabilirsiniz.<\/p>\n<p><strong>\u0130\u015fte b\u00f6yle \u00e7al\u0131\u015f\u0131r. B\u00fcy\u00fck kazanmaya haz\u0131r m\u0131s\u0131n\u0131z? Biletlerinizi bug\u00fcn al\u0131n!<\/strong><\/p>\n","protected":false},"excerpt":{"rendered":"<p>\u00c7evrimi\u00e7i loto oynay\u0131n ve \u015fans\u0131n\u0131z\u0131 art\u0131r\u0131n Sadece kendi \u00fclkenizdeki de\u011fil, d\u00fcnyan\u0131n her yerindeki piyangolar i\u00e7in T\u00dcM o b\u00fcy\u00fck ikramiyeler i\u00e7in kolayca \u00e7evrimi\u00e7i loto oynaman\u0131n yollar\u0131n\u0131 g\u00f6steriyoruz. Ulusal piyangonuzda cazip piyangolar yok mu? Art\u0131k sorun de\u011fil, sadece ger\u00e7ekten b\u00fcy\u00fck \u00f6d\u00fcller i\u00e7in gidin. Paran\u0131z\u0131 k\u00fc\u00e7\u00fck \u00f6d\u00fcllerle bo\u015fa harcamay\u0131n &#8211; d\u0131\u015far\u0131da b\u00fcy\u00fck ikramiyeli piyangolar var. \u015eu anda oynayabilece\u011finiz [&hellip;]<\/p>\n","protected":false},"author":1,"featured_media":0,"parent":0,"menu_order":1,"comment_status":"closed","ping_status":"closed","template":"lotto.php","meta":{"_et_pb_use_builder":"","_et_pb_old_content":"","_et_gb_content_width":"","exclude_from_search":false,"footnotes":""},"class_list":["post-31991","page","type-page","status-publish","hentry"],"yoast_head":"<!-- This site is optimized with the Yoast SEO plugin v23.3 - https:\/\/yoast.com\/wordpress\/plugins\/seo\/ -->\n<title>\u00c7evrimi\u00e7i Loto Oynay\u0131n - Uluslararas\u0131 Piyango \u0130kramiyelerini K\u0131r\u0131n!<\/title>\n<meta name=\"description\" content=\"D\u00fcnya \u00e7ap\u0131ndaki piyango ikramiyeleri i\u00e7in biletinizi al\u0131n - hepsini \u00e7evrimi\u00e7i oynay\u0131n ve Milyonlar\" \/>\n<meta name=\"robots\" content=\"index, follow, max-snippet:-1, max-image-preview:large, max-video-preview:-1\" \/>\n<link rel=\"canonical\" href=\"https:\/\/jackpotlotteryonline.com\/tr\/\" \/>\n<meta property=\"og:locale\" content=\"tr_TR\" \/>\n<meta property=\"og:type\" content=\"article\" \/>\n<meta property=\"og:title\" content=\"\u00c7evrimi\u00e7i Loto Oynay\u0131n - Uluslararas\u0131 Piyango \u0130kramiyelerini K\u0131r\u0131n!\" \/>\n<meta property=\"og:description\" content=\"D\u00fcnya \u00e7ap\u0131ndaki piyango ikramiyeleri i\u00e7in biletinizi al\u0131n - hepsini \u00e7evrimi\u00e7i oynay\u0131n ve Milyonlar\" \/>\n<meta property=\"og:url\" content=\"https:\/\/jackpotlotteryonline.com\/tr\/\" \/>\n<meta property=\"og:site_name\" content=\"Lotto Online - Crack The International Lottery Jackpots\" \/>\n<meta property=\"article:modified_time\" content=\"2023-01-06T12:03:49+00:00\" \/>\n<meta property=\"og:image\" content=\"https:\/\/jackpotlotteryonline.com\/wp-content\/uploads\/2022\/10\/ticket_balls.jpg\" \/>\n<meta name=\"twitter:card\" content=\"summary_large_image\" \/>\n<meta name=\"twitter:label1\" content=\"Tahmini okuma s\u00fcresi\" \/>\n\t<meta name=\"twitter:data1\" content=\"4 dakika\" \/>\n<!-- \/ Yoast SEO plugin. -->","yoast_head_json":{"title":"\u00c7evrimi\u00e7i Loto Oynay\u0131n - Uluslararas\u0131 Piyango \u0130kramiyelerini K\u0131r\u0131n!","description":"D\u00fcnya \u00e7ap\u0131ndaki piyango ikramiyeleri i\u00e7in biletinizi al\u0131n - hepsini \u00e7evrimi\u00e7i oynay\u0131n ve Milyonlar","robots":{"index":"index","follow":"follow","max-snippet":"max-snippet:-1","max-image-preview":"max-image-preview:large","max-video-preview":"max-video-preview:-1"},"canonical":"https:\/\/jackpotlotteryonline.com\/tr\/","og_locale":"tr_TR","og_type":"article","og_title":"\u00c7evrimi\u00e7i Loto Oynay\u0131n - Uluslararas\u0131 Piyango \u0130kramiyelerini K\u0131r\u0131n!","og_description":"D\u00fcnya \u00e7ap\u0131ndaki piyango ikramiyeleri i\u00e7in biletinizi al\u0131n - hepsini \u00e7evrimi\u00e7i oynay\u0131n ve Milyonlar","og_url":"https:\/\/jackpotlotteryonline.com\/tr\/","og_site_name":"Lotto Online - Crack The International Lottery Jackpots","article_modified_time":"2023-01-06T12:03:49+00:00","og_image":[{"url":"https:\/\/jackpotlotteryonline.com\/wp-content\/uploads\/2022\/10\/ticket_balls.jpg"}],"twitter_card":"summary_large_image","twitter_misc":{"Tahmini okuma s\u00fcresi":"4 dakika"},"schema":{"@context":"https:\/\/schema.org","@graph":[{"@type":"WebPage","@id":"https:\/\/jackpotlotteryonline.com\/tr\/","url":"https:\/\/jackpotlotteryonline.com\/tr\/","name":"\u00c7evrimi\u00e7i Loto Oynay\u0131n - Uluslararas\u0131 Piyango \u0130kramiyelerini K\u0131r\u0131n!","isPartOf":{"@id":"https:\/\/jackpotlotteryonline.com\/#website"},"primaryImageOfPage":{"@id":"https:\/\/jackpotlotteryonline.com\/tr\/#primaryimage"},"image":{"@id":"https:\/\/jackpotlotteryonline.com\/tr\/#primaryimage"},"thumbnailUrl":"https:\/\/jackpotlotteryonline.com\/wp-content\/uploads\/2022\/10\/ticket_balls.jpg","datePublished":"2022-11-01T09:51:14+00:00","dateModified":"2023-01-06T12:03:49+00:00","description":"D\u00fcnya \u00e7ap\u0131ndaki piyango ikramiyeleri i\u00e7in biletinizi al\u0131n - hepsini \u00e7evrimi\u00e7i oynay\u0131n ve Milyonlar","breadcrumb":{"@id":"https:\/\/jackpotlotteryonline.com\/tr\/#breadcrumb"},"inLanguage":"tr","potentialAction":[{"@type":"ReadAction","target":["https:\/\/jackpotlotteryonline.com\/tr\/"]}]},{"@type":"ImageObject","inLanguage":"tr","@id":"https:\/\/jackpotlotteryonline.com\/tr\/#primaryimage","url":"https:\/\/jackpotlotteryonline.com\/wp-content\/uploads\/2022\/10\/ticket_balls.jpg","contentUrl":"https:\/\/jackpotlotteryonline.com\/wp-content\/uploads\/2022\/10\/ticket_balls.jpg"},{"@type":"BreadcrumbList","@id":"https:\/\/jackpotlotteryonline.com\/tr\/#breadcrumb","itemListElement":[{"@type":"ListItem","position":1,"name":"Home","item":"https:\/\/jackpotlotteryonline.com\/tr\/"},{"@type":"ListItem","position":2,"name":"Home"}]},{"@type":"WebSite","@id":"https:\/\/jackpotlotteryonline.com\/#website","url":"https:\/\/jackpotlotteryonline.com\/","name":"Lotto Online - Crack The International Lottery Jackpots","description":"","potentialAction":[{"@type":"SearchAction","target":{"@type":"EntryPoint","urlTemplate":"https:\/\/jackpotlotteryonline.com\/?s={search_term_string}"},"query-input":"required name=search_term_string"}],"inLanguage":"tr"}]}},"_links":{"self":[{"href":"https:\/\/jackpotlotteryonline.com\/tr\/wp-json\/wp\/v2\/pages\/31991","targetHints":{"allow":["GET"]}}],"collection":[{"href":"https:\/\/jackpotlotteryonline.com\/tr\/wp-json\/wp\/v2\/pages"}],"about":[{"href":"https:\/\/jackpotlotteryonline.com\/tr\/wp-json\/wp\/v2\/types\/page"}],"author":[{"embeddable":true,"href":"https:\/\/jackpotlotteryonline.com\/tr\/wp-json\/wp\/v2\/users\/1"}],"replies":[{"embeddable":true,"href":"https:\/\/jackpotlotteryonline.com\/tr\/wp-json\/wp\/v2\/comments?post=31991"}],"version-history":[{"count":0,"href":"https:\/\/jackpotlotteryonline.com\/tr\/wp-json\/wp\/v2\/pages\/31991\/revisions"}],"wp:attachment":[{"href":"https:\/\/jackpotlotteryonline.com\/tr\/wp-json\/wp\/v2\/media?parent=31991"}],"curies":[{"name":"wp","href":"https:\/\/api.w.org\/{rel}","templated":true}]}}